{"id":17409,"date":"2017-05-29T06:14:27","date_gmt":"2017-05-29T06:14:27","guid":{"rendered":"https:\/\/cliniccenter.co.uk\/trichologist-rojbin-keleser\/"},"modified":"2025-04-15T12:50:59","modified_gmt":"2025-04-15T12:50:59","slug":"tricologa-rojbin","status":"publish","type":"page","link":"https:\/\/cliniccenter.co.uk\/es\/tricologa-rojbin\/","title":{"rendered":"Tric\u00f3loga Rojbin"},"content":{"rendered":"\n<div class=\"wp-block-columns is-layout-flex wp-container-core-columns-is-layout-3 wp-block-columns-is-layout-flex\">\n<div class=\"wp-block-column is-layout-flow wp-block-column-is-layout-flow\" style=\"flex-basis:33.33%\">\n<figure class=\"wp-block-image alignleft size-large\"><img decoding=\"async\" src=\"https:\/\/cliniccenter.co.uk\/wp-content\/uploads\/2025\/03\/hair-rojbin.webp\" alt=\"Trichologist Rojbin Keleser\"\/><\/figure>\n\n\n\n<p><\/p>\n<\/div>\n\n\n\n<div class=\"wp-block-column is-layout-flow wp-block-column-is-layout-flow\" style=\"flex-basis:66.66%\">\n<div class=\"wp-block-columns is-layout-flex wp-container-core-columns-is-layout-1 wp-block-columns-is-layout-flex\">\n<div class=\"wp-block-column leftpadbox is-layout-flow wp-block-column-is-layout-flow\">\n<p>La Tric\u00f3loga Rojbin tiene m\u00e1s de 12 a\u00f1os de experiencia trabajando con doctores mientros del International Society of Hair Restoration Surgery (ISHRS) y realizando trasplantes capilares juntos. Ha realizado trasplantes capilares por ella misma por m\u00e1s de 8 a\u00f1os. La Tricologa Keleser ha realizado m\u00e1s de 5 mil trasplantes capilares en Turqu\u00eda durate su carrera y sus experiencias con los doctores mienbros de ISHRS la hacen una de las m\u00e1s talentosas especialistas en trasplante capilar en Turqu\u00eda.<\/p>\n\n\n\n<p>Se especializ\u00f3 en este campo experimentando una gran variedad de casos de trasplante capilar incluyendo cabello liso y risado as\u00ed como trasplante capilar en mujeres y trasplante de barba. Ella le da una gr\u00e1n importancia a conocer las necesidades de su paciente. As\u00ed que ella trabaja con un gran compromiso para cubrir todas las areas con calvicie en una sola sesi\u00f3n.<\/p>\n<\/div>\n<\/div>\n\n\n\n<div class=\"wp-block-columns leftpadbox is-layout-flex wp-container-core-columns-is-layout-2 wp-block-columns-is-layout-flex\">\n<div class=\"wp-block-column is-layout-flow wp-block-column-is-layout-flow\">\n<p>&nbsp;<strong>Experiencia<\/strong>: 12 a\u00f1os<br><strong>&nbsp;Pacientes Internacionales Tratados<\/strong>: Reino Unido, Irlanda, Australia, Estados Unidos de Am\u00e9rica, Emiratos \u00c1rabes Unidos, Arabia Saudita y Kuwait<br>&nbsp;<strong>Ciudad<\/strong>:&nbsp;Estambul, Turqu\u00eda.<br>&nbsp;<strong>Dias que labora<\/strong>: Lunes a Sabado<br><strong>&nbsp;Contacto<\/strong>:&nbsp;+44 20 3575 1039 &amp; info@cliniccenter.co.uk<\/p>\n<\/div>\n<\/div>\n<\/div>\n<\/div>\n","protected":false},"excerpt":{"rendered":"<p>La Tric\u00f3loga Rojbin tiene m\u00e1s de 12 a\u00f1os de experiencia trabajando con doctores mientros del International Society of Hair Restoration Surgery (ISHRS) y realizando trasplantes capilares juntos. Ha realizado trasplantes capilares por ella misma por m\u00e1s de 8 a\u00f1os. La Tricologa Keleser ha realizado m\u00e1s de 5 mil trasplantes capilares en Turqu\u00eda durate su carrera [&hellip;]<\/p>\n","protected":false},"author":1,"featured_media":0,"parent":18075,"menu_order":0,"comment_status":"closed","ping_status":"closed","template":"","meta":{"_uag_custom_page_level_css":"","_lmt_disableupdate":"no","_lmt_disable":"","site-sidebar-layout":"default","site-content-layout":"default","ast-site-content-layout":"default","site-content-style":"default","site-sidebar-style":"default","ast-global-header-display":"","ast-banner-title-visibility":"","ast-main-header-display":"","ast-hfb-above-header-display":"","ast-hfb-below-header-display":"","ast-hfb-mobile-header-display":"","site-post-title":"","ast-breadcrumbs-content":"","ast-featured-img":"","footer-sml-layout":"","theme-transparent-header-meta":"default","adv-header-id-meta":"","stick-header-meta":"","header-above-stick-meta":"","header-main-stick-meta":"","header-below-stick-meta":"","astra-migrate-meta-layouts":"set","ast-page-background-enabled":"default","ast-page-background-meta":{"desktop":{"background-color":"","background-image":"","background-repeat":"repeat","background-position":"center center","background-size":"auto","background-attachment":"scroll","background-type":"","background-media":"","overlay-type":"","overlay-color":"","overlay-opacity":"","overlay-gradient":""},"tablet":{"background-color":"","background-image":"","background-repeat":"repeat","background-position":"center center","background-size":"auto","background-attachment":"scroll","background-type":"","background-media":"","overlay-type":"","overlay-color":"","overlay-opacity":"","overlay-gradient":""},"mobile":{"background-color":"","background-image":"","background-repeat":"repeat","background-position":"center center","background-size":"auto","background-attachment":"scroll","background-type":"","background-media":"","overlay-type":"","overlay-color":"","overlay-opacity":"","overlay-gradient":""}},"ast-content-background-meta":{"desktop":{"background-color":"var(--ast-global-color-5)","background-image":"","background-repeat":"repeat","background-position":"center center","background-size":"auto","background-attachment":"scroll","background-type":"","background-media":"","overlay-type":"","overlay-color":"","overlay-opacity":"","overlay-gradient":""},"tablet":{"background-color":"var(--ast-global-color-5)","background-image":"","background-repeat":"repeat","background-position":"center center","background-size":"auto","background-attachment":"scroll","background-type":"","background-media":"","overlay-type":"","overlay-color":"","overlay-opacity":"","overlay-gradient":""},"mobile":{"background-color":"var(--ast-global-color-5)","background-image":"","background-repeat":"repeat","background-position":"center center","background-size":"auto","background-attachment":"scroll","background-type":"","background-media":"","overlay-type":"","overlay-color":"","overlay-opacity":"","overlay-gradient":""}},"footnotes":""},"class_list":["post-17409","page","type-page","status-publish","hentry"],"yoast_head":"<!-- This site is optimized with the Yoast SEO plugin v25.3.1 - https:\/\/yoast.com\/wordpress\/plugins\/seo\/ -->\n<title>Tric\u00f3loga Rojbin | Clinic Center<\/title>\n<meta name=\"description\" content=\"Read more about partner expert Trichologist Rojbin at Clinic Center, with 12 years of experience in hair transplant.\" \/>\n<meta name=\"robots\" content=\"index, follow, max-snippet:-1, max-image-preview:large, max-video-preview:-1\" \/>\n<link rel=\"canonical\" href=\"https:\/\/cliniccenter.co.uk\/es\/tricologa-rojbin\/\" \/>\n<meta property=\"og:locale\" content=\"es_ES\" \/>\n<meta property=\"og:type\" content=\"article\" \/>\n<meta property=\"og:title\" content=\"Tric\u00f3loga Rojbin | Clinic Center\" \/>\n<meta property=\"og:description\" content=\"Read more about partner expert Trichologist Rojbin at Clinic Center, with 12 years of experience in hair transplant.\" \/>\n<meta property=\"og:url\" content=\"https:\/\/cliniccenter.co.uk\/es\/tricologa-rojbin\/\" \/>\n<meta property=\"article:publisher\" content=\"https:\/\/www.facebook.com\/cliniccenter.co.uk\/\" \/>\n<meta property=\"article:modified_time\" content=\"2025-04-15T12:50:59+00:00\" \/>\n<meta property=\"og:image\" content=\"https:\/\/cliniccenter.co.uk\/wp-content\/uploads\/2025\/03\/hair-rojbin.webp\" \/>\n<meta name=\"twitter:card\" content=\"summary_large_image\" \/>\n<meta name=\"twitter:site\" content=\"@cliniccenteruk\" \/>\n<meta name=\"twitter:label1\" content=\"Tiempo de lectura\" \/>\n\t<meta name=\"twitter:data1\" content=\"1 minuto\" \/>\n<!-- \/ Yoast SEO plugin. -->","yoast_head_json":{"title":"Tric\u00f3loga Rojbin | Clinic Center","description":"Read more about partner expert Trichologist Rojbin at Clinic Center, with 12 years of experience in hair transplant.","robots":{"index":"index","follow":"follow","max-snippet":"max-snippet:-1","max-image-preview":"max-image-preview:large","max-video-preview":"max-video-preview:-1"},"canonical":"https:\/\/cliniccenter.co.uk\/es\/tricologa-rojbin\/","og_locale":"es_ES","og_type":"article","og_title":"Tric\u00f3loga Rojbin | Clinic Center","og_description":"Read more about partner expert Trichologist Rojbin at Clinic Center, with 12 years of experience in hair transplant.","og_url":"https:\/\/cliniccenter.co.uk\/es\/tricologa-rojbin\/","article_publisher":"https:\/\/www.facebook.com\/cliniccenter.co.uk\/","article_modified_time":"2025-04-15T12:50:59+00:00","og_image":[{"url":"https:\/\/cliniccenter.co.uk\/wp-content\/uploads\/2025\/03\/hair-rojbin.webp","type":"","width":"","height":""}],"twitter_card":"summary_large_image","twitter_site":"@cliniccenteruk","twitter_misc":{"Tiempo de lectura":"1 minuto"},"schema":{"@context":"https:\/\/schema.org","@graph":[{"@type":"WebPage","@id":"https:\/\/cliniccenter.co.uk\/es\/tricologa-rojbin\/","url":"https:\/\/cliniccenter.co.uk\/es\/tricologa-rojbin\/","name":"Tric\u00f3loga Rojbin | Clinic Center","isPartOf":{"@id":"https:\/\/cliniccenter.co.uk\/ro\/#website"},"primaryImageOfPage":{"@id":"https:\/\/cliniccenter.co.uk\/es\/tricologa-rojbin\/#primaryimage"},"image":{"@id":"https:\/\/cliniccenter.co.uk\/es\/tricologa-rojbin\/#primaryimage"},"thumbnailUrl":"https:\/\/cliniccenter.co.uk\/wp-content\/uploads\/2025\/03\/hair-rojbin.webp","datePublished":"2017-05-29T06:14:27+00:00","dateModified":"2025-04-15T12:50:59+00:00","description":"Read more about partner expert Trichologist Rojbin at Clinic Center, with 12 years of experience in hair transplant.","breadcrumb":{"@id":"https:\/\/cliniccenter.co.uk\/es\/tricologa-rojbin\/#breadcrumb"},"inLanguage":"es","potentialAction":[{"@type":"ReadAction","target":["https:\/\/cliniccenter.co.uk\/es\/tricologa-rojbin\/"]}]},{"@type":"ImageObject","inLanguage":"es","@id":"https:\/\/cliniccenter.co.uk\/es\/tricologa-rojbin\/#primaryimage","url":"https:\/\/cliniccenter.co.uk\/wp-content\/uploads\/2025\/03\/hair-rojbin.webp","contentUrl":"https:\/\/cliniccenter.co.uk\/wp-content\/uploads\/2025\/03\/hair-rojbin.webp"},{"@type":"BreadcrumbList","@id":"https:\/\/cliniccenter.co.uk\/es\/tricologa-rojbin\/#breadcrumb","itemListElement":[{"@type":"ListItem","position":1,"name":"Home","item":"https:\/\/cliniccenter.co.uk\/es\/"},{"@type":"ListItem","position":2,"name":"Los mejores cirujanos y m\u00e9dicos en Turqu\u00eda","item":"https:\/\/cliniccenter.co.uk\/es\/doctors\/"},{"@type":"ListItem","position":3,"name":"Tric\u00f3loga Rojbin"}]},{"@type":"WebSite","@id":"https:\/\/cliniccenter.co.uk\/ro\/#website","url":"https:\/\/cliniccenter.co.uk\/ro\/","name":"","description":"","potentialAction":[{"@type":"SearchAction","target":{"@type":"EntryPoint","urlTemplate":"https:\/\/cliniccenter.co.uk\/ro\/?s={search_term_string}"},"query-input":{"@type":"PropertyValueSpecification","valueRequired":true,"valueName":"search_term_string"}}],"inLanguage":"es"}]}},"uagb_featured_image_src":{"full":false,"thumbnail":false,"medium":false,"medium_large":false,"large":false,"1536x1536":false,"2048x2048":false},"uagb_author_info":{"display_name":"cliniccenter","author_link":"https:\/\/cliniccenter.co.uk\/es\/blog\/author\/cliniccenter\/"},"uagb_comment_info":0,"uagb_excerpt":"La Tric\u00f3loga Rojbin tiene m\u00e1s de 12 a\u00f1os de experiencia trabajando con doctores mientros del International Society of Hair Restoration Surgery (ISHRS) y realizando trasplantes capilares juntos. Ha realizado trasplantes capilares por ella misma por m\u00e1s de 8 a\u00f1os. La Tricologa Keleser ha realizado m\u00e1s de 5 mil trasplantes capilares en Turqu\u00eda durate su carrera&hellip;","_links":{"self":[{"href":"https:\/\/cliniccenter.co.uk\/es\/wp-json\/wp\/v2\/pages\/17409"}],"collection":[{"href":"https:\/\/cliniccenter.co.uk\/es\/wp-json\/wp\/v2\/pages"}],"about":[{"href":"https:\/\/cliniccenter.co.uk\/es\/wp-json\/wp\/v2\/types\/page"}],"author":[{"embeddable":true,"href":"https:\/\/cliniccenter.co.uk\/es\/wp-json\/wp\/v2\/users\/1"}],"replies":[{"embeddable":true,"href":"https:\/\/cliniccenter.co.uk\/es\/wp-json\/wp\/v2\/comments?post=17409"}],"version-history":[{"count":4,"href":"https:\/\/cliniccenter.co.uk\/es\/wp-json\/wp\/v2\/pages\/17409\/revisions"}],"predecessor-version":[{"id":59616,"href":"https:\/\/cliniccenter.co.uk\/es\/wp-json\/wp\/v2\/pages\/17409\/revisions\/59616"}],"up":[{"embeddable":true,"href":"https:\/\/cliniccenter.co.uk\/es\/wp-json\/wp\/v2\/pages\/18075"}],"wp:attachment":[{"href":"https:\/\/cliniccenter.co.uk\/es\/wp-json\/wp\/v2\/media?parent=17409"}],"curies":[{"name":"wp","href":"https:\/\/api.w.org\/{rel}","templated":true}]}}