{"id":17512,"date":"2018-01-30T12:38:02","date_gmt":"2018-01-30T12:38:02","guid":{"rendered":"https:\/\/cliniccenter.co.uk\/tratamientos\/dentistry\/"},"modified":"2023-12-12T12:52:59","modified_gmt":"2023-12-12T12:52:59","slug":"dental","status":"publish","type":"page","link":"https:\/\/cliniccenter.co.uk\/es\/dental\/","title":{"rendered":"Dental"},"content":{"rendered":"\n<div class=\"wp-block-columns is-layout-flex wp-container-core-columns-is-layout-1 wp-block-columns-is-layout-flex\">\n<div class=\"wp-block-column is-layout-flow wp-block-column-is-layout-flow\">\n<figure class=\"wp-block-image size-full\"><img decoding=\"async\" width=\"650\" height=\"406\" src=\"https:\/\/cliniccenter.co.uk\/wp-content\/uploads\/2023\/11\/dental-implant-1-3-1.webp\" alt=\"\" class=\"wp-image-47967  skip-lazy \" srcset=\"https:\/\/cliniccenter.co.uk\/wp-content\/uploads\/2023\/11\/dental-implant-1-3-1.webp 650w, https:\/\/cliniccenter.co.uk\/wp-content\/uploads\/2023\/11\/dental-implant-1-3-1-300x187.webp 300w\" sizes=\"(max-width: 650px) 100vw, 650px\" \/><\/figure>\n\n\n\n<h2 class=\"wp-block-heading has-text-align-center\"><span class=\"ez-toc-section\" id=\"Implantes_Dentales_en_Turquia\"><\/span>Implantes Dentales en Turqu\u00eda<span class=\"ez-toc-section-end\"><\/span><\/h2>\n\n\n\n<p class=\"has-text-align-center\">Los implantes dentales en Turqu\u00eda son una de las mejores soluciones que existen en la actualidad para reemplazar la p\u00e9rdida de un diente. Es una peque\u00f1a pieza de titanio fabricada con un material biocompatible que se inserta en el hueso mediante intervenci\u00f3n quir\u00fargica. Adem\u00e1s, es totalmente est\u00e9tico, ya que es tan real como un diente. Clinic Center ofrece una gran variedad de materiales que incluyen titanio, circonio e implantes cortos.<\/p>\n\n\n\n<p><div class=\"wp-block-button has-text-align-center\"><a class=\"wp-block-button__link\" href=\"https:\/\/cliniccenter.co.uk\/es\/implantes-dentales-en-turquia\/\">MAS INFORMACI\u00d3N<\/a><\/div><br><br><\/p><div id=\"ez-toc-container\" class=\"ez-toc-v2_0_82_2 counter-hierarchy ez-toc-counter ez-toc-grey ez-toc-container-direction\">\n<div class=\"ez-toc-title-container\">\n<p class=\"ez-toc-title\" style=\"cursor:inherit\">Table of Contents<\/p>\n<span class=\"ez-toc-title-toggle\"><a href=\"#\" class=\"ez-toc-pull-right ez-toc-btn ez-toc-btn-xs ez-toc-btn-default ez-toc-toggle\" aria-label=\"Alternar tabla de contenidos\"><span class=\"ez-toc-js-icon-con\"><span class=\"\"><span class=\"eztoc-hide\" style=\"display:none;\">Toggle<\/span><span class=\"ez-toc-icon-toggle-span\"><svg style=\"fill: #999;color:#999\" xmlns=\"http:\/\/www.w3.org\/2000\/svg\" class=\"list-377408\" width=\"20px\" height=\"20px\" viewBox=\"0 0 24 24\" fill=\"none\"><path d=\"M6 6H4v2h2V6zm14 0H8v2h12V6zM4 11h2v2H4v-2zm16 0H8v2h12v-2zM4 16h2v2H4v-2zm16 0H8v2h12v-2z\" fill=\"currentColor\"><\/path><\/svg><svg style=\"fill: #999;color:#999\" class=\"arrow-unsorted-368013\" xmlns=\"http:\/\/www.w3.org\/2000\/svg\" width=\"10px\" height=\"10px\" viewBox=\"0 0 24 24\" version=\"1.2\" baseProfile=\"tiny\"><path d=\"M18.2 9.3l-6.2-6.3-6.2 6.3c-.2.2-.3.4-.3.7s.1.5.3.7c.2.2.4.3.7.3h11c.3 0 .5-.1.7-.3.2-.2.3-.5.3-.7s-.1-.5-.3-.7zM5.8 14.7l6.2 6.3 6.2-6.3c.2-.2.3-.5.3-.7s-.1-.5-.3-.7c-.2-.2-.4-.3-.7-.3h-11c-.3 0-.5.1-.7.3-.2.2-.3.5-.3.7s.1.5.3.7z\"\/><\/svg><\/span><\/span><\/span><\/a><\/span><\/div>\n<nav><ul class='ez-toc-list ez-toc-list-level-1 ' ><li class='ez-toc-page-1 ez-toc-heading-level-2'><a class=\"ez-toc-link ez-toc-heading-1\" href=\"https:\/\/cliniccenter.co.uk\/es\/dental\/#Implantes_Dentales_en_Turquia\" >Implantes Dentales en Turqu\u00eda<\/a><\/li><li class='ez-toc-page-1 ez-toc-heading-level-2'><a class=\"ez-toc-link ez-toc-heading-2\" href=\"https:\/\/cliniccenter.co.uk\/es\/dental\/#Carillas_de_porcelana_en_Turquia\" >Carillas de porcelana en Turqu\u00eda<\/a><\/li><li class='ez-toc-page-1 ez-toc-heading-level-2'><a class=\"ez-toc-link ez-toc-heading-3\" href=\"https:\/\/cliniccenter.co.uk\/es\/dental\/#Coronas_Dentales_en_Turquia\" >Coronas Dentales en Turqu\u00eda<\/a><\/li><\/ul><\/nav><\/div>\n\n<\/div>\n\n\n\n<div class=\"wp-block-column is-layout-flow wp-block-column-is-layout-flow\">\n<figure class=\"wp-block-image size-full\"><img decoding=\"async\" width=\"650\" height=\"406\" src=\"https:\/\/cliniccenter.co.uk\/wp-content\/uploads\/2023\/11\/porcelain-veneers-1-2-1.webp\" alt=\"\" class=\"wp-image-47972  skip-lazy\" srcset=\"https:\/\/cliniccenter.co.uk\/wp-content\/uploads\/2023\/11\/porcelain-veneers-1-2-1.webp 650w, https:\/\/cliniccenter.co.uk\/wp-content\/uploads\/2023\/11\/porcelain-veneers-1-2-1-300x187.webp 300w\" sizes=\"(max-width: 650px) 100vw, 650px\" \/><\/figure>\n\n\n\n<h2 class=\"wp-block-heading has-text-align-center\"><span class=\"ez-toc-section\" id=\"Carillas_de_porcelana_en_Turquia\"><\/span>Carillas de porcelana en Turqu\u00eda<span class=\"ez-toc-section-end\"><\/span><\/h2>\n\n\n\n<p class=\"has-text-align-center\">Las carillas dentales en Turqu\u00eda son una fina capa de composite o porcelana que se adhiere al diente para corregir defectos cosm\u00e9ticos. Es un tratamiento de larga duraci\u00f3n que mejora el aspecto de nuestros dientes. La elecci\u00f3n de carillas de composite o porcelana no depender\u00e1 tanto de su calidad sino de las ventajas que ofrezcan para cada situaci\u00f3n. Para obtener m\u00e1s informaci\u00f3n sobre los dientes de las carillas y los costos de las carillas, simplemente haga clic en el enlace a continuaci\u00f3n.<\/p>\n\n\n\n<div class=\"wp-block-button has-text-align-center\"><a class=\"wp-block-button__link\" href=\"https:\/\/cliniccenter.co.uk\/es\/porcelain-veneers-in-turkey\/\">MAS INFORMACI\u00d3N<\/a><br><br><\/div>\n<\/div>\n<\/div>\n\n\n\n<div class=\"wp-block-columns is-layout-flex wp-container-core-columns-is-layout-2 wp-block-columns-is-layout-flex\">\n<div class=\"wp-block-column is-layout-flow wp-block-column-is-layout-flow\">\n<figure class=\"wp-block-image size-large\"><img decoding=\"async\" width=\"650\" height=\"406\" src=\"https:\/\/cliniccenter.co.uk\/wp-content\/uploads\/2021\/08\/dental-crown-1.jpg\" alt=\"\" class=\"wp-image-10238\" srcset=\"https:\/\/cliniccenter.co.uk\/wp-content\/uploads\/2021\/08\/dental-crown-1.jpg 650w, https:\/\/cliniccenter.co.uk\/wp-content\/uploads\/2021\/08\/dental-crown-1-300x187.jpg 300w\" sizes=\"(max-width: 650px) 100vw, 650px\" \/><\/figure>\n\n\n\n<h2 class=\"wp-block-heading has-text-align-center\"><span class=\"ez-toc-section\" id=\"Coronas_Dentales_en_Turquia\"><\/span>Coronas Dentales en Turqu\u00eda<span class=\"ez-toc-section-end\"><\/span><\/h2>\n\n\n\n<p class=\"has-text-align-center\">Las coronas dentales en Turqu\u00eda se utilizan ampliamente en pacientes de odontolog\u00eda cosm\u00e9tica, imitando la forma y el color de sus dientes. Se utiliza para cubrir una pieza dental que tiene alg\u00fan tipo de da\u00f1o y encaja perfectamente sobre ella. El resultado suele ser muy natural, por lo que da la apariencia de ser un diente de verdad. Si est\u00e1 interesado en los tipos de coronas dentales y el costo, simplemente puede contactarnos.<\/p>\n\n\n\n<div class=\"wp-block-button has-text-align-center\"><a class=\"wp-block-button__link\" href=\"https:\/\/cliniccenter.co.uk\/es\/coronas-dentales-en-turquia\/\">MAS INFORMACI\u00d3N<\/a><br><br><\/div>\n<\/div>\n\n\n\n<div class=\"wp-block-column is-layout-flow wp-block-column-is-layout-flow\"><\/div>\n<\/div>\n<\/p>","protected":false},"excerpt":{"rendered":"<p>Implantes Dentales en Turqu\u00eda Los implantes dentales en Turqu\u00eda son una de las mejores soluciones que existen en la actualidad para reemplazar la p\u00e9rdida de un diente. Es una peque\u00f1a pieza de titanio fabricada con un material biocompatible que se inserta en el hueso mediante intervenci\u00f3n quir\u00fargica. Adem\u00e1s, es totalmente est\u00e9tico, ya que es tan [&hellip;]<\/p>\n","protected":false},"author":2,"featured_media":0,"parent":17183,"menu_order":0,"comment_status":"closed","ping_status":"closed","template":"","meta":{"_uag_custom_page_level_css":"","_lmt_disableupdate":"no","_lmt_disable":"","site-sidebar-layout":"default","site-content-layout":"default","ast-site-content-layout":"default","site-content-style":"default","site-sidebar-style":"default","ast-global-header-display":"","ast-banner-title-visibility":"","ast-main-header-display":"","ast-hfb-above-header-display":"","ast-hfb-below-header-display":"","ast-hfb-mobile-header-display":"","site-post-title":"disabled","ast-breadcrumbs-content":"","ast-featured-img":"","footer-sml-layout":"","theme-transparent-header-meta":"default","adv-header-id-meta":"","stick-header-meta":"","header-above-stick-meta":"","header-main-stick-meta":"","header-below-stick-meta":"","astra-migrate-meta-layouts":"set","ast-page-background-enabled":"default","ast-page-background-meta":{"desktop":{"background-color":"","background-image":"","background-repeat":"repeat","background-position":"center center","background-size":"auto","background-attachment":"scroll","background-type":"","background-media":"","overlay-type":"","overlay-color":"","overlay-opacity":"","overlay-gradient":""},"tablet":{"background-color":"","background-image":"","background-repeat":"repeat","background-position":"center center","background-size":"auto","background-attachment":"scroll","background-type":"","background-media":"","overlay-type":"","overlay-color":"","overlay-opacity":"","overlay-gradient":""},"mobile":{"background-color":"","background-image":"","background-repeat":"repeat","background-position":"center center","background-size":"auto","background-attachment":"scroll","background-type":"","background-media":"","overlay-type":"","overlay-color":"","overlay-opacity":"","overlay-gradient":""}},"ast-content-background-meta":{"desktop":{"background-color":"var(--ast-global-color-5)","background-image":"","background-repeat":"repeat","background-position":"center center","background-size":"auto","background-attachment":"scroll","background-type":"","background-media":"","overlay-type":"","overlay-color":"","overlay-opacity":"","overlay-gradient":""},"tablet":{"background-color":"var(--ast-global-color-5)","background-image":"","background-repeat":"repeat","background-position":"center center","background-size":"auto","background-attachment":"scroll","background-type":"","background-media":"","overlay-type":"","overlay-color":"","overlay-opacity":"","overlay-gradient":""},"mobile":{"background-color":"var(--ast-global-color-5)","background-image":"","background-repeat":"repeat","background-position":"center center","background-size":"auto","background-attachment":"scroll","background-type":"","background-media":"","overlay-type":"","overlay-color":"","overlay-opacity":"","overlay-gradient":""}},"footnotes":""},"class_list":["post-17512","page","type-page","status-publish","hentry"],"yoast_head":"<!-- This site is optimized with the Yoast SEO plugin v25.3.1 - https:\/\/yoast.com\/wordpress\/plugins\/seo\/ -->\n<title>Dental | Clinic Center<\/title>\n<meta name=\"description\" content=\"Click here to find out everything about dental implants and crowns, porcelein veneers. Like thousands of patients from the Europe, dental treatments in Turkey may be the best choice for you too.\" \/>\n<meta name=\"robots\" content=\"index, follow, max-snippet:-1, max-image-preview:large, max-video-preview:-1\" \/>\n<link rel=\"canonical\" href=\"https:\/\/cliniccenter.co.uk\/es\/dental\/\" \/>\n<meta property=\"og:locale\" content=\"es_ES\" \/>\n<meta property=\"og:type\" content=\"article\" \/>\n<meta property=\"og:title\" content=\"Dental | Clinic Center\" \/>\n<meta property=\"og:description\" content=\"Click here to find out everything about dental implants and crowns, porcelein veneers. Like thousands of patients from the Europe, dental treatments in Turkey may be the best choice for you too.\" \/>\n<meta property=\"og:url\" content=\"https:\/\/cliniccenter.co.uk\/es\/dental\/\" \/>\n<meta property=\"article:publisher\" content=\"https:\/\/www.facebook.com\/cliniccenter.co.uk\/\" \/>\n<meta property=\"article:modified_time\" content=\"2023-12-12T12:52:59+00:00\" \/>\n<meta property=\"og:image\" content=\"https:\/\/cliniccenter.co.uk\/wp-content\/uploads\/2023\/11\/dental-implant-1-3-1.webp\" \/>\n<meta name=\"twitter:card\" content=\"summary_large_image\" \/>\n<meta name=\"twitter:site\" content=\"@cliniccenteruk\" \/>\n<meta name=\"twitter:label1\" content=\"Tiempo de lectura\" \/>\n\t<meta name=\"twitter:data1\" content=\"2 minutos\" \/>\n<!-- \/ Yoast SEO plugin. -->","yoast_head_json":{"title":"Dental | Clinic Center","description":"Click here to find out everything about dental implants and crowns, porcelein veneers. Like thousands of patients from the Europe, dental treatments in Turkey may be the best choice for you too.","robots":{"index":"index","follow":"follow","max-snippet":"max-snippet:-1","max-image-preview":"max-image-preview:large","max-video-preview":"max-video-preview:-1"},"canonical":"https:\/\/cliniccenter.co.uk\/es\/dental\/","og_locale":"es_ES","og_type":"article","og_title":"Dental | Clinic Center","og_description":"Click here to find out everything about dental implants and crowns, porcelein veneers. Like thousands of patients from the Europe, dental treatments in Turkey may be the best choice for you too.","og_url":"https:\/\/cliniccenter.co.uk\/es\/dental\/","article_publisher":"https:\/\/www.facebook.com\/cliniccenter.co.uk\/","article_modified_time":"2023-12-12T12:52:59+00:00","og_image":[{"url":"https:\/\/cliniccenter.co.uk\/wp-content\/uploads\/2023\/11\/dental-implant-1-3-1.webp","type":"","width":"","height":""}],"twitter_card":"summary_large_image","twitter_site":"@cliniccenteruk","twitter_misc":{"Tiempo de lectura":"2 minutos"},"schema":{"@context":"https:\/\/schema.org","@graph":[{"@type":"WebPage","@id":"https:\/\/cliniccenter.co.uk\/es\/dental\/","url":"https:\/\/cliniccenter.co.uk\/es\/dental\/","name":"Dental | Clinic Center","isPartOf":{"@id":"https:\/\/cliniccenter.co.uk\/ro\/#website"},"primaryImageOfPage":{"@id":"https:\/\/cliniccenter.co.uk\/es\/dental\/#primaryimage"},"image":{"@id":"https:\/\/cliniccenter.co.uk\/es\/dental\/#primaryimage"},"thumbnailUrl":"https:\/\/cliniccenter.co.uk\/wp-content\/uploads\/2023\/11\/dental-implant-1-3-1.webp","datePublished":"2018-01-30T12:38:02+00:00","dateModified":"2023-12-12T12:52:59+00:00","description":"Click here to find out everything about dental implants and crowns, porcelein veneers. Like thousands of patients from the Europe, dental treatments in Turkey may be the best choice for you too.","breadcrumb":{"@id":"https:\/\/cliniccenter.co.uk\/es\/dental\/#breadcrumb"},"inLanguage":"es","potentialAction":[{"@type":"ReadAction","target":["https:\/\/cliniccenter.co.uk\/es\/dental\/"]}]},{"@type":"ImageObject","inLanguage":"es","@id":"https:\/\/cliniccenter.co.uk\/es\/dental\/#primaryimage","url":"https:\/\/cliniccenter.co.uk\/wp-content\/uploads\/2023\/11\/dental-implant-1-3-1.webp","contentUrl":"https:\/\/cliniccenter.co.uk\/wp-content\/uploads\/2023\/11\/dental-implant-1-3-1.webp"},{"@type":"BreadcrumbList","@id":"https:\/\/cliniccenter.co.uk\/es\/dental\/#breadcrumb","itemListElement":[{"@type":"ListItem","position":1,"name":"Home","item":"https:\/\/cliniccenter.co.uk\/es\/"},{"@type":"ListItem","position":2,"name":"Tratamientos","item":"https:\/\/cliniccenter.co.uk\/es\/tratamientos\/"},{"@type":"ListItem","position":3,"name":"Dental"}]},{"@type":"WebSite","@id":"https:\/\/cliniccenter.co.uk\/ro\/#website","url":"https:\/\/cliniccenter.co.uk\/ro\/","name":"","description":"","potentialAction":[{"@type":"SearchAction","target":{"@type":"EntryPoint","urlTemplate":"https:\/\/cliniccenter.co.uk\/ro\/?s={search_term_string}"},"query-input":{"@type":"PropertyValueSpecification","valueRequired":true,"valueName":"search_term_string"}}],"inLanguage":"es"}]}},"uagb_featured_image_src":{"full":false,"thumbnail":false,"medium":false,"medium_large":false,"large":false,"1536x1536":false,"2048x2048":false},"uagb_author_info":{"display_name":"Sertac Ceki","author_link":"https:\/\/cliniccenter.co.uk\/es\/blog\/author\/sertaccliniccenter-co-uk\/"},"uagb_comment_info":0,"uagb_excerpt":"Implantes Dentales en Turqu\u00eda Los implantes dentales en Turqu\u00eda son una de las mejores soluciones que existen en la actualidad para reemplazar la p\u00e9rdida de un diente. Es una peque\u00f1a pieza de titanio fabricada con un material biocompatible que se inserta en el hueso mediante intervenci\u00f3n quir\u00fargica. Adem\u00e1s, es totalmente est\u00e9tico, ya que es tan&hellip;","_links":{"self":[{"href":"https:\/\/cliniccenter.co.uk\/es\/wp-json\/wp\/v2\/pages\/17512"}],"collection":[{"href":"https:\/\/cliniccenter.co.uk\/es\/wp-json\/wp\/v2\/pages"}],"about":[{"href":"https:\/\/cliniccenter.co.uk\/es\/wp-json\/wp\/v2\/types\/page"}],"author":[{"embeddable":true,"href":"https:\/\/cliniccenter.co.uk\/es\/wp-json\/wp\/v2\/users\/2"}],"replies":[{"embeddable":true,"href":"https:\/\/cliniccenter.co.uk\/es\/wp-json\/wp\/v2\/comments?post=17512"}],"version-history":[{"count":4,"href":"https:\/\/cliniccenter.co.uk\/es\/wp-json\/wp\/v2\/pages\/17512\/revisions"}],"predecessor-version":[{"id":49429,"href":"https:\/\/cliniccenter.co.uk\/es\/wp-json\/wp\/v2\/pages\/17512\/revisions\/49429"}],"up":[{"embeddable":true,"href":"https:\/\/cliniccenter.co.uk\/es\/wp-json\/wp\/v2\/pages\/17183"}],"wp:attachment":[{"href":"https:\/\/cliniccenter.co.uk\/es\/wp-json\/wp\/v2\/media?parent=17512"}],"curies":[{"name":"wp","href":"https:\/\/api.w.org\/{rel}","templated":true}]}}