{"id":17964,"date":"2018-02-07T13:37:11","date_gmt":"2018-02-07T13:37:11","guid":{"rendered":"https:\/\/cliniccenter.co.uk\/acerca-de\/how-does-it-work\/"},"modified":"2024-11-06T09:00:21","modified_gmt":"2024-11-06T09:00:21","slug":"como-funciona","status":"publish","type":"page","link":"https:\/\/cliniccenter.co.uk\/es\/como-funciona\/","title":{"rendered":"\u00bfC\u00f3mo Funciona?"},"content":{"rendered":"\n<div class=\"wp-block-group is-layout-constrained wp-block-group-is-layout-constrained\"><div class=\"wp-block-group__inner-container\">\n<div class=\"wp-block-columns is-layout-flex wp-container-core-columns-is-layout-10 wp-block-columns-is-layout-flex\">\n<div class=\"wp-block-column is-layout-flow wp-block-column-is-layout-flow\">\n<div class=\"wp-block-columns is-layout-flex wp-container-core-columns-is-layout-3 wp-block-columns-is-layout-flex\">\n<div class=\"wp-block-column is-layout-flow wp-block-column-is-layout-flow\">\n<div class=\"wp-block-columns is-layout-flex wp-container-core-columns-is-layout-1 wp-block-columns-is-layout-flex\">\n<div class=\"wp-block-column is-layout-flow wp-block-column-is-layout-flow\" style=\"flex-basis:25%\"><\/div>\n\n\n\n<div class=\"wp-block-column is-layout-flow wp-block-column-is-layout-flow\" style=\"flex-basis:50%\">\n<figure class=\"wp-block-image size-full\"><img decoding=\"async\" width=\"742\" height=\"384\" src=\"https:\/\/cliniccenter.co.uk\/wp-content\/uploads\/2024\/05\/How-does-it-work-tekli-halleri-1.jpg\" alt=\"\" class=\"wp-image-55578\" srcset=\"https:\/\/cliniccenter.co.uk\/wp-content\/uploads\/2024\/05\/How-does-it-work-tekli-halleri-1.jpg 742w, https:\/\/cliniccenter.co.uk\/wp-content\/uploads\/2024\/05\/How-does-it-work-tekli-halleri-1-300x155.jpg 300w\" sizes=\"(max-width: 742px) 100vw, 742px\" \/><\/figure>\n\n\n\n<div class=\"wp-block-uagb-advanced-heading uagb-block-25a0ccf1\"><h2 class=\"uagb-heading-text\"><span class=\"ez-toc-section\" id=\"Visita_nuestra_pagina_web_y_enterate_de_todo_sobre_tu_tratamiento\"><\/span><strong>Visita nuestra p\u00e1gina web y ent\u00e9rate de todo sobre tu tratamiento<\/strong><span class=\"ez-toc-section-end\"><\/span><\/h2><p class=\"uagb-desc-text\"><strong><strong>Antes de tomar una decisi\u00f3n, puedes informarte detalladamente sobre todo lo relacionado con tu tratamiento, como el procedimiento, el tiempo de recuperaci\u00f3n y nuestros m\u00e9dicos asociados, adem\u00e1s de leer las opiniones de diferentes pacientes y consultar las preguntas m\u00e1s frecuentes.<\/strong><\/strong><\/p><\/div>\n<\/div>\n\n\n\n<div class=\"wp-block-column is-layout-flow wp-block-column-is-layout-flow\" style=\"flex-basis:25%\"><\/div>\n<\/div>\n\n\n\n<div class=\"wp-block-columns is-layout-flex wp-container-core-columns-is-layout-2 wp-block-columns-is-layout-flex\">\n<div class=\"wp-block-column is-layout-flow wp-block-column-is-layout-flow\" style=\"flex-basis:25%\"><\/div>\n\n\n\n<div class=\"wp-block-column is-layout-flow wp-block-column-is-layout-flow\" style=\"flex-basis:50%\">\n<figure class=\"wp-block-image size-full\"><img decoding=\"async\" width=\"742\" height=\"384\" src=\"https:\/\/cliniccenter.co.uk\/wp-content\/uploads\/2024\/05\/How-does-it-work-tekli-halleri-2.jpg\" alt=\"\" class=\"wp-image-55541\" srcset=\"https:\/\/cliniccenter.co.uk\/wp-content\/uploads\/2024\/05\/How-does-it-work-tekli-halleri-2.jpg 742w, https:\/\/cliniccenter.co.uk\/wp-content\/uploads\/2024\/05\/How-does-it-work-tekli-halleri-2-300x155.jpg 300w\" sizes=\"(max-width: 742px) 100vw, 742px\" \/><\/figure>\n\n\n\n<div class=\"wp-block-uagb-advanced-heading uagb-block-35a17b70\"><h2 class=\"uagb-heading-text\"><span class=\"ez-toc-section\" id=\"Contactanos_y_obten_tu_plan_de_tratamiento_gratuito\"><\/span><strong><strong>Cont\u00e1ctanos y obt\u00e9n tu plan de<br>tratamiento gratuito<\/strong><\/strong><span class=\"ez-toc-section-end\"><\/span><\/h2><p class=\"uagb-desc-text\"><strong>Cont\u00e1ctanos, los asesores m\u00e9dicos de Clinic Central te atender\u00e1n inmediatamente y te dar\u00e1n informaci\u00f3n m\u00e1s detallada sobre tu tratamiento. Tras su decisi\u00f3n de someterse al tratamiento, tendr\u00e1s que enviar fotos de tus zonas de tratamiento para que las eval\u00faen los m\u00e9dicos asociados de Clinic Center. Nuestros m\u00e9dicos asociados preparar\u00e1n un plan de tratamiento personalizado para ti. A continuaci\u00f3n, tendr\u00e1 que rellenar un formulario de historial m\u00e9dico para indicar tu estado de salud actual.<\/strong><\/p><div id=\"ez-toc-container\" class=\"ez-toc-v2_0_82_2 counter-hierarchy ez-toc-counter ez-toc-grey ez-toc-container-direction\">\n<div class=\"ez-toc-title-container\">\n<p class=\"ez-toc-title\" style=\"cursor:inherit\">Table of Contents<\/p>\n<span class=\"ez-toc-title-toggle\"><a href=\"#\" class=\"ez-toc-pull-right ez-toc-btn ez-toc-btn-xs ez-toc-btn-default ez-toc-toggle\" aria-label=\"Alternar tabla de contenidos\"><span class=\"ez-toc-js-icon-con\"><span class=\"\"><span class=\"eztoc-hide\" style=\"display:none;\">Toggle<\/span><span class=\"ez-toc-icon-toggle-span\"><svg style=\"fill: #999;color:#999\" xmlns=\"http:\/\/www.w3.org\/2000\/svg\" class=\"list-377408\" width=\"20px\" height=\"20px\" viewBox=\"0 0 24 24\" fill=\"none\"><path d=\"M6 6H4v2h2V6zm14 0H8v2h12V6zM4 11h2v2H4v-2zm16 0H8v2h12v-2zM4 16h2v2H4v-2zm16 0H8v2h12v-2z\" fill=\"currentColor\"><\/path><\/svg><svg style=\"fill: #999;color:#999\" class=\"arrow-unsorted-368013\" xmlns=\"http:\/\/www.w3.org\/2000\/svg\" width=\"10px\" height=\"10px\" viewBox=\"0 0 24 24\" version=\"1.2\" baseProfile=\"tiny\"><path d=\"M18.2 9.3l-6.2-6.3-6.2 6.3c-.2.2-.3.4-.3.7s.1.5.3.7c.2.2.4.3.7.3h11c.3 0 .5-.1.7-.3.2-.2.3-.5.3-.7s-.1-.5-.3-.7zM5.8 14.7l6.2 6.3 6.2-6.3c.2-.2.3-.5.3-.7s-.1-.5-.3-.7c-.2-.2-.4-.3-.7-.3h-11c-.3 0-.5.1-.7.3-.2.2-.3.5-.3.7s.1.5.3.7z\"\/><\/svg><\/span><\/span><\/span><\/a><\/span><\/div>\n<nav><ul class='ez-toc-list ez-toc-list-level-1 ' ><li class='ez-toc-page-1 ez-toc-heading-level-2'><a class=\"ez-toc-link ez-toc-heading-1\" href=\"https:\/\/cliniccenter.co.uk\/es\/como-funciona\/#Visita_nuestra_pagina_web_y_enterate_de_todo_sobre_tu_tratamiento\" >Visita nuestra p\u00e1gina web y ent\u00e9rate de todo sobre tu tratamiento<\/a><\/li><li class='ez-toc-page-1 ez-toc-heading-level-2'><a class=\"ez-toc-link ez-toc-heading-2\" href=\"https:\/\/cliniccenter.co.uk\/es\/como-funciona\/#Contactanos_y_obten_tu_plan_de_tratamiento_gratuito\" >Cont\u00e1ctanos y obt\u00e9n tu plan de tratamiento gratuito<\/a><\/li><li class='ez-toc-page-1 ez-toc-heading-level-2'><a class=\"ez-toc-link ez-toc-heading-3\" href=\"https:\/\/cliniccenter.co.uk\/es\/como-funciona\/#Reserva_del_tratamiento\" >Reserva del tratamiento<\/a><\/li><li class='ez-toc-page-1 ez-toc-heading-level-2'><a class=\"ez-toc-link ez-toc-heading-4\" href=\"https:\/\/cliniccenter.co.uk\/es\/como-funciona\/#Comienza_tu_viaje\" >Comienza tu viaje<\/a><\/li><li class='ez-toc-page-1 ez-toc-heading-level-2'><a class=\"ez-toc-link ez-toc-heading-5\" href=\"https:\/\/cliniccenter.co.uk\/es\/como-funciona\/#Recibir_tratamiento\" >Recibir tratamiento<\/a><\/li><li class='ez-toc-page-1 ez-toc-heading-level-2'><a class=\"ez-toc-link ez-toc-heading-6\" href=\"https:\/\/cliniccenter.co.uk\/es\/como-funciona\/#Revision_final_gratuita\" >Revisi\u00f3n final gratuita<\/a><\/li><li class='ez-toc-page-1 ez-toc-heading-level-2'><a class=\"ez-toc-link ez-toc-heading-7\" href=\"https:\/\/cliniccenter.co.uk\/es\/como-funciona\/#Regresar_a_casa_con_un_nuevo_aspecto\" >Regresar a casa con un nuevo aspecto<\/a><\/li><\/ul><\/nav><\/div>\n<\/div>\n<\/div>\n\n\n\n<div class=\"wp-block-column is-layout-flow wp-block-column-is-layout-flow\" style=\"flex-basis:25%\"><\/div>\n<\/div>\n<\/div>\n<\/div>\n\n\n\n<div class=\"wp-block-columns is-layout-flex wp-container-core-columns-is-layout-9 wp-block-columns-is-layout-flex\">\n<div class=\"wp-block-column is-layout-flow wp-block-column-is-layout-flow\">\n<div class=\"wp-block-columns is-layout-flex wp-container-core-columns-is-layout-4 wp-block-columns-is-layout-flex\">\n<div class=\"wp-block-column is-layout-flow wp-block-column-is-layout-flow\" style=\"flex-basis:25%\"><\/div>\n\n\n\n<div class=\"wp-block-column is-layout-flow wp-block-column-is-layout-flow\" style=\"flex-basis:50%\">\n<figure class=\"wp-block-image size-full\"><img decoding=\"async\" width=\"742\" height=\"384\" src=\"https:\/\/cliniccenter.co.uk\/wp-content\/uploads\/2024\/05\/How-does-it-work-tekli-halleri-3.jpg\" alt=\"\" class=\"wp-image-55546\" srcset=\"https:\/\/cliniccenter.co.uk\/wp-content\/uploads\/2024\/05\/How-does-it-work-tekli-halleri-3.jpg 742w, https:\/\/cliniccenter.co.uk\/wp-content\/uploads\/2024\/05\/How-does-it-work-tekli-halleri-3-300x155.jpg 300w\" sizes=\"(max-width: 742px) 100vw, 742px\" \/><\/figure>\n\n\n\n<div class=\"wp-block-uagb-advanced-heading uagb-block-54775cb9\"><h2 class=\"uagb-heading-text\"><span class=\"ez-toc-section\" id=\"Reserva_del_tratamiento\"><\/span><strong><strong>Reserva del tratamiento<\/strong><\/strong><span class=\"ez-toc-section-end\"><\/span><\/h2><p class=\"uagb-desc-text\"><strong>Puedes asegurarte el tratamiento con un peque\u00f1o dep\u00f3sito. No tienes que decidir la fecha del tratamiento cuando pagues el dep\u00f3sito. Puedes recibir el tratamiento cuando quieras.<\/strong><\/p><\/div>\n<\/div>\n\n\n\n<div class=\"wp-block-column is-layout-flow wp-block-column-is-layout-flow\" style=\"flex-basis:25%\"><\/div>\n<\/div>\n\n\n\n<div class=\"wp-block-columns is-layout-flex wp-container-core-columns-is-layout-5 wp-block-columns-is-layout-flex\">\n<div class=\"wp-block-column is-layout-flow wp-block-column-is-layout-flow\" style=\"flex-basis:25%\"><\/div>\n\n\n\n<div class=\"wp-block-column is-layout-flow wp-block-column-is-layout-flow\" style=\"flex-basis:50%\">\n<figure class=\"wp-block-image size-full\"><img decoding=\"async\" width=\"742\" height=\"384\" src=\"https:\/\/cliniccenter.co.uk\/wp-content\/uploads\/2024\/05\/How-does-it-work-tekli-halleri-4.jpg\" alt=\"\" class=\"wp-image-55551\" srcset=\"https:\/\/cliniccenter.co.uk\/wp-content\/uploads\/2024\/05\/How-does-it-work-tekli-halleri-4.jpg 742w, https:\/\/cliniccenter.co.uk\/wp-content\/uploads\/2024\/05\/How-does-it-work-tekli-halleri-4-300x155.jpg 300w\" sizes=\"(max-width: 742px) 100vw, 742px\" \/><\/figure>\n\n\n\n<div class=\"wp-block-uagb-advanced-heading uagb-block-90f87ea2\"><h2 class=\"uagb-heading-text\"><span class=\"ez-toc-section\" id=\"Comienza_tu_viaje\"><\/span><strong><strong>Comienza tu viaje<\/strong><\/strong><span class=\"ez-toc-section-end\"><\/span><\/h2><p class=\"uagb-desc-text\"><strong><strong>Una vez que decida el momento en que desea recibir su tratamiento, simplemente comun\u00edquese con su coordinador de servicio al paciente y su PS lo ayudar\u00e1 a realizar reservas de vuelos de acuerdo con la disponibilidad de su m\u00e9dico. Y tan pronto como nos env\u00ede sus boletos de avi\u00f3n, su PS organizar\u00e1 sus traslados al aeropuerto, reservas de hotel, anfitriones personales y le enviar\u00e1 su itinerario de viaje m\u00e9dico 2 semanas antes de su llegada.<\/strong><\/strong><\/p><\/div>\n<\/div>\n\n\n\n<div class=\"wp-block-column is-layout-flow wp-block-column-is-layout-flow\" style=\"flex-basis:25%\"><\/div>\n<\/div>\n\n\n\n<div class=\"wp-block-columns is-layout-flex wp-container-core-columns-is-layout-6 wp-block-columns-is-layout-flex\">\n<div class=\"wp-block-column is-layout-flow wp-block-column-is-layout-flow\" style=\"flex-basis:25%\"><\/div>\n\n\n\n<div class=\"wp-block-column is-layout-flow wp-block-column-is-layout-flow\" style=\"flex-basis:50%\">\n<figure class=\"wp-block-image size-full\"><img decoding=\"async\" width=\"742\" height=\"384\" src=\"https:\/\/cliniccenter.co.uk\/wp-content\/uploads\/2024\/05\/How-does-it-work-tekli-halleri-5-1.jpg\" alt=\"\" class=\"wp-image-55584\" srcset=\"https:\/\/cliniccenter.co.uk\/wp-content\/uploads\/2024\/05\/How-does-it-work-tekli-halleri-5-1.jpg 742w, https:\/\/cliniccenter.co.uk\/wp-content\/uploads\/2024\/05\/How-does-it-work-tekli-halleri-5-1-300x155.jpg 300w\" sizes=\"(max-width: 742px) 100vw, 742px\" \/><\/figure>\n\n\n\n<div class=\"wp-block-uagb-advanced-heading uagb-block-09cf3c02\"><h2 class=\"uagb-heading-text\"><span class=\"ez-toc-section\" id=\"Recibir_tratamiento\"><\/span><strong><strong><strong>Recibir tratamiento<\/strong><\/strong><\/strong><span class=\"ez-toc-section-end\"><\/span><\/h2><p class=\"uagb-desc-text\"><strong>A tu llegada a Turqu\u00eda, ser\u00e1s recibido por tu transfer privado en el aeropuerto y te dirigir\u00e1s a tu hotel. El d\u00eda de tu tratamiento, tu anfitri\u00f3n personal te acompa\u00f1ar\u00e1 al hospital. Tendr\u00e1s una consulta gratuita con tu m\u00e9dico antes del tratamiento. Durante la consulta, podr\u00e1s hacer cualquier pregunta al m\u00e9dico sobre tu tratamiento. Tras la consulta y los preparativos necesarios, el m\u00e9dico llevar\u00e1 a cabo el tratamiento y pasar\u00e1s la noche en nuestro hospital.<\/strong><\/p><\/div>\n<\/div>\n\n\n\n<div class=\"wp-block-column is-layout-flow wp-block-column-is-layout-flow\" style=\"flex-basis:25%\"><\/div>\n<\/div>\n\n\n\n<div class=\"wp-block-columns is-layout-flex wp-container-core-columns-is-layout-7 wp-block-columns-is-layout-flex\">\n<div class=\"wp-block-column is-layout-flow wp-block-column-is-layout-flow\" style=\"flex-basis:25%\"><\/div>\n\n\n\n<div class=\"wp-block-column is-layout-flow wp-block-column-is-layout-flow\" style=\"flex-basis:50%\">\n<figure class=\"wp-block-image size-full\"><img decoding=\"async\" width=\"742\" height=\"384\" src=\"https:\/\/cliniccenter.co.uk\/wp-content\/uploads\/2024\/05\/How-does-it-work-tekli-halleri-6-1.jpg\" alt=\"\" class=\"wp-image-55589\" srcset=\"https:\/\/cliniccenter.co.uk\/wp-content\/uploads\/2024\/05\/How-does-it-work-tekli-halleri-6-1.jpg 742w, https:\/\/cliniccenter.co.uk\/wp-content\/uploads\/2024\/05\/How-does-it-work-tekli-halleri-6-1-300x155.jpg 300w\" sizes=\"(max-width: 742px) 100vw, 742px\" \/><\/figure>\n\n\n\n<div class=\"wp-block-uagb-advanced-heading uagb-block-2c435876\"><h2 class=\"uagb-heading-text\"><span class=\"ez-toc-section\" id=\"Revision_final_gratuita\"><\/span><strong>Revisi\u00f3n final gratuita<\/strong><span class=\"ez-toc-section-end\"><\/span><\/h2><p class=\"uagb-desc-text\"><strong><strong><strong><strong><strong>Un d\u00eda antes de tomar el avi\u00f3n, se le realizar\u00e1 un chequeo final gratuito. El m\u00e9dico examinar\u00e1 la zona tratada y le dar\u00e1 instrucciones para el postratamiento en casa.<\/strong><\/strong><\/strong><\/strong><\/strong><\/p><\/div>\n<\/div>\n\n\n\n<div class=\"wp-block-column is-layout-flow wp-block-column-is-layout-flow\" style=\"flex-basis:25%\"><\/div>\n<\/div>\n\n\n\n<div class=\"wp-block-columns is-layout-flex wp-container-core-columns-is-layout-8 wp-block-columns-is-layout-flex\">\n<div class=\"wp-block-column is-layout-flow wp-block-column-is-layout-flow\" style=\"flex-basis:25%\"><\/div>\n\n\n\n<div class=\"wp-block-column is-layout-flow wp-block-column-is-layout-flow\" style=\"flex-basis:50%\">\n<figure class=\"wp-block-image size-full\"><img decoding=\"async\" width=\"742\" height=\"384\" src=\"https:\/\/cliniccenter.co.uk\/wp-content\/uploads\/2024\/05\/How-does-it-work-tekli-halleri-7-1.jpg\" alt=\"\" class=\"wp-image-55594\" srcset=\"https:\/\/cliniccenter.co.uk\/wp-content\/uploads\/2024\/05\/How-does-it-work-tekli-halleri-7-1.jpg 742w, https:\/\/cliniccenter.co.uk\/wp-content\/uploads\/2024\/05\/How-does-it-work-tekli-halleri-7-1-300x155.jpg 300w\" sizes=\"(max-width: 742px) 100vw, 742px\" \/><\/figure>\n\n\n\n<div class=\"wp-block-uagb-advanced-heading uagb-block-e96bde9f\"><h2 class=\"uagb-heading-text\"><span class=\"ez-toc-section\" id=\"Regresar_a_casa_con_un_nuevo_aspecto\"><\/span><strong><strong><strong><strong>Regresar a casa con un nuevo aspecto<\/strong><\/strong><\/strong><\/strong><span class=\"ez-toc-section-end\"><\/span><\/h2><p class=\"uagb-desc-text\"><strong>El d\u00eda de la salida, tu traslado privado te recoger\u00e1 en el hotel para llevarte al aeropuerto y volver\u00e1s a casa con la nueva imagen con la que siempre has so\u00f1ado.<\/strong><\/p><\/div>\n<\/div>\n\n\n\n<div class=\"wp-block-column is-layout-flow wp-block-column-is-layout-flow\" style=\"flex-basis:25%\"><\/div>\n<\/div>\n<\/div>\n<\/div>\n<\/div>\n<\/div>\n<\/div><\/div>\n<\/p>","protected":false},"excerpt":{"rendered":"<p>Visita nuestra p\u00e1gina web y ent\u00e9rate de todo sobre tu tratamiento Antes de tomar una decisi\u00f3n, puedes informarte detalladamente sobre todo lo relacionado con tu tratamiento, como el procedimiento, el tiempo de recuperaci\u00f3n y nuestros m\u00e9dicos asociados, adem\u00e1s de leer las opiniones de diferentes pacientes y consultar las preguntas m\u00e1s frecuentes. Cont\u00e1ctanos y obt\u00e9n tu [&hellip;]<\/p>\n","protected":false},"author":2,"featured_media":0,"parent":16972,"menu_order":0,"comment_status":"closed","ping_status":"closed","template":"","meta":{"_uag_custom_page_level_css":"","_lmt_disableupdate":"no","_lmt_disable":"","site-sidebar-layout":"default","site-content-layout":"default","ast-site-content-layout":"default","site-content-style":"default","site-sidebar-style":"default","ast-global-header-display":"","ast-banner-title-visibility":"","ast-main-header-display":"","ast-hfb-above-header-display":"","ast-hfb-below-header-display":"","ast-hfb-mobile-header-display":"","site-post-title":"","ast-breadcrumbs-content":"","ast-featured-img":"disabled","footer-sml-layout":"","theme-transparent-header-meta":"default","adv-header-id-meta":"","stick-header-meta":"","header-above-stick-meta":"","header-main-stick-meta":"","header-below-stick-meta":"","astra-migrate-meta-layouts":"set","ast-page-background-enabled":"default","ast-page-background-meta":{"desktop":{"background-color":"","background-image":"","background-repeat":"repeat","background-position":"center center","background-size":"auto","background-attachment":"scroll","background-type":"","background-media":"","overlay-type":"","overlay-color":"","overlay-opacity":"","overlay-gradient":""},"tablet":{"background-color":"","background-image":"","background-repeat":"repeat","background-position":"center center","background-size":"auto","background-attachment":"scroll","background-type":"","background-media":"","overlay-type":"","overlay-color":"","overlay-opacity":"","overlay-gradient":""},"mobile":{"background-color":"","background-image":"","background-repeat":"repeat","background-position":"center center","background-size":"auto","background-attachment":"scroll","background-type":"","background-media":"","overlay-type":"","overlay-color":"","overlay-opacity":"","overlay-gradient":""}},"ast-content-background-meta":{"desktop":{"background-color":"var(--ast-global-color-5)","background-image":"","background-repeat":"repeat","background-position":"center center","background-size":"auto","background-attachment":"scroll","background-type":"","background-media":"","overlay-type":"","overlay-color":"","overlay-opacity":"","overlay-gradient":""},"tablet":{"background-color":"var(--ast-global-color-5)","background-image":"","background-repeat":"repeat","background-position":"center center","background-size":"auto","background-attachment":"scroll","background-type":"","background-media":"","overlay-type":"","overlay-color":"","overlay-opacity":"","overlay-gradient":""},"mobile":{"background-color":"var(--ast-global-color-5)","background-image":"","background-repeat":"repeat","background-position":"center center","background-size":"auto","background-attachment":"scroll","background-type":"","background-media":"","overlay-type":"","overlay-color":"","overlay-opacity":"","overlay-gradient":""}},"footnotes":""},"class_list":["post-17964","page","type-page","status-publish","hentry"],"yoast_head":"<!-- This site is optimized with the Yoast SEO plugin v25.3.1 - https:\/\/yoast.com\/wordpress\/plugins\/seo\/ -->\n<title>\u00bfC\u00f3mo Funciona? | Clinic Center<\/title>\n<meta name=\"description\" content=\"\u00bfC\u00f3mo funciona el tratamiento en el extranjero? Descubre la diferencia de Clinic Center con servicio de calidad a precios accesibles.\" \/>\n<meta name=\"robots\" content=\"index, follow, max-snippet:-1, max-image-preview:large, max-video-preview:-1\" \/>\n<link rel=\"canonical\" href=\"https:\/\/cliniccenter.co.uk\/es\/como-funciona\/\" \/>\n<meta property=\"og:locale\" content=\"es_ES\" \/>\n<meta property=\"og:type\" content=\"article\" \/>\n<meta property=\"og:title\" content=\"\u00bfC\u00f3mo Funciona? | Clinic Center\" \/>\n<meta property=\"og:description\" content=\"\u00bfC\u00f3mo funciona el tratamiento en el extranjero? Descubre la diferencia de Clinic Center con servicio de calidad a precios accesibles.\" \/>\n<meta property=\"og:url\" content=\"https:\/\/cliniccenter.co.uk\/es\/como-funciona\/\" \/>\n<meta property=\"article:publisher\" content=\"https:\/\/www.facebook.com\/cliniccenter.co.uk\/\" \/>\n<meta property=\"article:modified_time\" content=\"2024-11-06T09:00:21+00:00\" \/>\n<meta property=\"og:image\" content=\"https:\/\/cliniccenter.co.uk\/wp-content\/uploads\/2024\/05\/How-does-it-work-tekli-halleri-1.jpg\" \/>\n<meta name=\"twitter:card\" content=\"summary_large_image\" \/>\n<meta name=\"twitter:site\" content=\"@cliniccenteruk\" \/>\n<meta name=\"twitter:label1\" content=\"Tiempo de lectura\" \/>\n\t<meta name=\"twitter:data1\" content=\"4 minutos\" \/>\n<!-- \/ Yoast SEO plugin. -->","yoast_head_json":{"title":"\u00bfC\u00f3mo Funciona? | Clinic Center","description":"\u00bfC\u00f3mo funciona el tratamiento en el extranjero? Descubre la diferencia de Clinic Center con servicio de calidad a precios accesibles.","robots":{"index":"index","follow":"follow","max-snippet":"max-snippet:-1","max-image-preview":"max-image-preview:large","max-video-preview":"max-video-preview:-1"},"canonical":"https:\/\/cliniccenter.co.uk\/es\/como-funciona\/","og_locale":"es_ES","og_type":"article","og_title":"\u00bfC\u00f3mo Funciona? | Clinic Center","og_description":"\u00bfC\u00f3mo funciona el tratamiento en el extranjero? Descubre la diferencia de Clinic Center con servicio de calidad a precios accesibles.","og_url":"https:\/\/cliniccenter.co.uk\/es\/como-funciona\/","article_publisher":"https:\/\/www.facebook.com\/cliniccenter.co.uk\/","article_modified_time":"2024-11-06T09:00:21+00:00","og_image":[{"url":"https:\/\/cliniccenter.co.uk\/wp-content\/uploads\/2024\/05\/How-does-it-work-tekli-halleri-1.jpg","type":"","width":"","height":""}],"twitter_card":"summary_large_image","twitter_site":"@cliniccenteruk","twitter_misc":{"Tiempo de lectura":"4 minutos"},"schema":{"@context":"https:\/\/schema.org","@graph":[{"@type":"WebPage","@id":"https:\/\/cliniccenter.co.uk\/es\/como-funciona\/","url":"https:\/\/cliniccenter.co.uk\/es\/como-funciona\/","name":"\u00bfC\u00f3mo Funciona? | Clinic Center","isPartOf":{"@id":"https:\/\/cliniccenter.co.uk\/ro\/#website"},"primaryImageOfPage":{"@id":"https:\/\/cliniccenter.co.uk\/es\/como-funciona\/#primaryimage"},"image":{"@id":"https:\/\/cliniccenter.co.uk\/es\/como-funciona\/#primaryimage"},"thumbnailUrl":"https:\/\/cliniccenter.co.uk\/wp-content\/uploads\/2024\/05\/How-does-it-work-tekli-halleri-1.jpg","datePublished":"2018-02-07T13:37:11+00:00","dateModified":"2024-11-06T09:00:21+00:00","description":"\u00bfC\u00f3mo funciona el tratamiento en el extranjero? Descubre la diferencia de Clinic Center con servicio de calidad a precios accesibles.","breadcrumb":{"@id":"https:\/\/cliniccenter.co.uk\/es\/como-funciona\/#breadcrumb"},"inLanguage":"es","potentialAction":[{"@type":"ReadAction","target":["https:\/\/cliniccenter.co.uk\/es\/como-funciona\/"]}]},{"@type":"ImageObject","inLanguage":"es","@id":"https:\/\/cliniccenter.co.uk\/es\/como-funciona\/#primaryimage","url":"https:\/\/cliniccenter.co.uk\/wp-content\/uploads\/2024\/05\/How-does-it-work-tekli-halleri-1.jpg","contentUrl":"https:\/\/cliniccenter.co.uk\/wp-content\/uploads\/2024\/05\/How-does-it-work-tekli-halleri-1.jpg"},{"@type":"BreadcrumbList","@id":"https:\/\/cliniccenter.co.uk\/es\/como-funciona\/#breadcrumb","itemListElement":[{"@type":"ListItem","position":1,"name":"Home","item":"https:\/\/cliniccenter.co.uk\/es\/"},{"@type":"ListItem","position":2,"name":"Acerca de nosotros","item":"https:\/\/cliniccenter.co.uk\/es\/acerca-de\/"},{"@type":"ListItem","position":3,"name":"\u00bfC\u00f3mo Funciona?"}]},{"@type":"WebSite","@id":"https:\/\/cliniccenter.co.uk\/ro\/#website","url":"https:\/\/cliniccenter.co.uk\/ro\/","name":"","description":"","potentialAction":[{"@type":"SearchAction","target":{"@type":"EntryPoint","urlTemplate":"https:\/\/cliniccenter.co.uk\/ro\/?s={search_term_string}"},"query-input":{"@type":"PropertyValueSpecification","valueRequired":true,"valueName":"search_term_string"}}],"inLanguage":"es"}]}},"uagb_featured_image_src":{"full":false,"thumbnail":false,"medium":false,"medium_large":false,"large":false,"1536x1536":false,"2048x2048":false},"uagb_author_info":{"display_name":"Sertac Ceki","author_link":"https:\/\/cliniccenter.co.uk\/es\/blog\/author\/sertaccliniccenter-co-uk\/"},"uagb_comment_info":0,"uagb_excerpt":"Visita nuestra p\u00e1gina web y ent\u00e9rate de todo sobre tu tratamiento Antes de tomar una decisi\u00f3n, puedes informarte detalladamente sobre todo lo relacionado con tu tratamiento, como el procedimiento, el tiempo de recuperaci\u00f3n y nuestros m\u00e9dicos asociados, adem\u00e1s de leer las opiniones de diferentes pacientes y consultar las preguntas m\u00e1s frecuentes. Cont\u00e1ctanos y obt\u00e9n tu&hellip;","_links":{"self":[{"href":"https:\/\/cliniccenter.co.uk\/es\/wp-json\/wp\/v2\/pages\/17964"}],"collection":[{"href":"https:\/\/cliniccenter.co.uk\/es\/wp-json\/wp\/v2\/pages"}],"about":[{"href":"https:\/\/cliniccenter.co.uk\/es\/wp-json\/wp\/v2\/types\/page"}],"author":[{"embeddable":true,"href":"https:\/\/cliniccenter.co.uk\/es\/wp-json\/wp\/v2\/users\/2"}],"replies":[{"embeddable":true,"href":"https:\/\/cliniccenter.co.uk\/es\/wp-json\/wp\/v2\/comments?post=17964"}],"version-history":[{"count":7,"href":"https:\/\/cliniccenter.co.uk\/es\/wp-json\/wp\/v2\/pages\/17964\/revisions"}],"predecessor-version":[{"id":57184,"href":"https:\/\/cliniccenter.co.uk\/es\/wp-json\/wp\/v2\/pages\/17964\/revisions\/57184"}],"up":[{"embeddable":true,"href":"https:\/\/cliniccenter.co.uk\/es\/wp-json\/wp\/v2\/pages\/16972"}],"wp:attachment":[{"href":"https:\/\/cliniccenter.co.uk\/es\/wp-json\/wp\/v2\/media?parent=17964"}],"curies":[{"name":"wp","href":"https:\/\/api.w.org\/{rel}","templated":true}]}}