{"id":34305,"date":"2022-01-31T14:25:58","date_gmt":"2022-01-31T14:25:58","guid":{"rendered":"https:\/\/cliniccenter.co.uk\/?page_id=34305"},"modified":"2024-11-18T13:16:05","modified_gmt":"2024-11-18T13:16:05","slug":"tricologo-firat","status":"publish","type":"page","link":"https:\/\/cliniccenter.co.uk\/es\/tricologo-firat\/","title":{"rendered":"Tric\u00f3logo Firat Siksik"},"content":{"rendered":"\n<div class=\"wp-block-columns is-layout-flex wp-container-core-columns-is-layout-3 wp-block-columns-is-layout-flex\">\n<div class=\"wp-block-column is-layout-flow wp-block-column-is-layout-flow\" style=\"flex-basis:33.33%\">\n<figure class=\"wp-block-image size-large\"><img decoding=\"async\" width=\"517\" height=\"1024\" src=\"https:\/\/cliniccenter.co.uk\/wp-content\/uploads\/2022\/01\/firat-siksik-517x1024.jpg\" alt=\"\" class=\"wp-image-34313\" srcset=\"https:\/\/cliniccenter.co.uk\/wp-content\/uploads\/2022\/01\/firat-siksik-517x1024.jpg 517w, https:\/\/cliniccenter.co.uk\/wp-content\/uploads\/2022\/01\/firat-siksik-152x300.jpg 152w, https:\/\/cliniccenter.co.uk\/wp-content\/uploads\/2022\/01\/firat-siksik.jpg 548w\" sizes=\"(max-width: 517px) 100vw, 517px\" \/><\/figure>\n<\/div>\n\n\n\n<div class=\"wp-block-column is-layout-flow wp-block-column-is-layout-flow\" style=\"flex-basis:66.66%\">\n<div class=\"wp-block-columns is-layout-flex wp-container-core-columns-is-layout-1 wp-block-columns-is-layout-flex\">\n<div class=\"wp-block-column leftpadbox is-layout-flow wp-block-column-is-layout-flow\">\n<p>El tric\u00f3logo Firat Siksik es uno de los especialistas en trasplante capilar m\u00e1s capacitados y calificados de Turqu\u00eda. Se lleva m\u00e1s de 11 a\u00f1os realizando trasplantes de cabello trabajando junto a los m\u00e9dicos de la Sociedad Internacional de Cirug\u00eda de Restauraci\u00f3n Capilar (ISHRS).<\/p>\n\n\n\n<p>En su carrera hasta el momento, ha hicido miles de cirug\u00edas y se ha especializado en diferentes tipos de peinados, como cabello rizado y liso. Y por eso que sus pacientes siempre le dejan excelentes cr\u00edticas sobre sus t\u00e9cnicas, sin importar cu\u00e1n diferentes sean sus peinados.<\/p>\n<\/div>\n<\/div>\n\n\n\n<div class=\"wp-block-columns leftpadbox is-layout-flex wp-container-core-columns-is-layout-2 wp-block-columns-is-layout-flex\">\n<div class=\"wp-block-column is-layout-flow wp-block-column-is-layout-flow\">\n<p>&nbsp;<strong><strong>Experiencia<\/strong><\/strong>: 11 a\u00f1os<br><strong>&nbsp;Pacientes Internacionales Tratados<\/strong>: Reino Unido, Irlanda, Australia, Estados Unidos de Am\u00e9rica, Emiratos \u00c1rabes Unidos, Arabia Saudita y Kuwait<br>&nbsp;<strong>Ciudad<\/strong>:&nbsp;Estambul, Turqu\u00eda.<br>&nbsp;<strong>Dias que labora<\/strong>: Lunes a Sabado<br><strong>&nbsp;Contacto<\/strong>:&nbsp;+44 20 3575 1039 &amp; info@cliniccenter.co.uk<\/p>\n<\/div>\n<\/div>\n<\/div>\n<\/div>\n","protected":false},"excerpt":{"rendered":"<p>El tric\u00f3logo Firat Siksik es uno de los especialistas en trasplante capilar m\u00e1s capacitados y calificados de Turqu\u00eda. Se lleva m\u00e1s de 11 a\u00f1os realizando trasplantes de cabello trabajando junto a los m\u00e9dicos de la Sociedad Internacional de Cirug\u00eda de Restauraci\u00f3n Capilar (ISHRS). En su carrera hasta el momento, ha hicido miles de cirug\u00edas y [&hellip;]<\/p>\n","protected":false},"author":8,"featured_media":0,"parent":18075,"menu_order":0,"comment_status":"closed","ping_status":"closed","template":"","meta":{"_uag_custom_page_level_css":"","_lmt_disableupdate":"no","_lmt_disable":"","site-sidebar-layout":"default","site-content-layout":"default","ast-site-content-layout":"default","site-content-style":"default","site-sidebar-style":"default","ast-global-header-display":"","ast-banner-title-visibility":"","ast-main-header-display":"","ast-hfb-above-header-display":"","ast-hfb-below-header-display":"","ast-hfb-mobile-header-display":"","site-post-title":"","ast-breadcrumbs-content":"","ast-featured-img":"","footer-sml-layout":"","theme-transparent-header-meta":"default","adv-header-id-meta":"","stick-header-meta":"","header-above-stick-meta":"","header-main-stick-meta":"","header-below-stick-meta":"","astra-migrate-meta-layouts":"set","ast-page-background-enabled":"default","ast-page-background-meta":{"desktop":{"background-color":"","background-image":"","background-repeat":"repeat","background-position":"center center","background-size":"auto","background-attachment":"scroll","background-type":"","background-media":"","overlay-type":"","overlay-color":"","overlay-opacity":"","overlay-gradient":""},"tablet":{"background-color":"","background-image":"","background-repeat":"repeat","background-position":"center center","background-size":"auto","background-attachment":"scroll","background-type":"","background-media":"","overlay-type":"","overlay-color":"","overlay-opacity":"","overlay-gradient":""},"mobile":{"background-color":"","background-image":"","background-repeat":"repeat","background-position":"center center","background-size":"auto","background-attachment":"scroll","background-type":"","background-media":"","overlay-type":"","overlay-color":"","overlay-opacity":"","overlay-gradient":""}},"ast-content-background-meta":{"desktop":{"background-color":"var(--ast-global-color-5)","background-image":"","background-repeat":"repeat","background-position":"center center","background-size":"auto","background-attachment":"scroll","background-type":"","background-media":"","overlay-type":"","overlay-color":"","overlay-opacity":"","overlay-gradient":""},"tablet":{"background-color":"var(--ast-global-color-5)","background-image":"","background-repeat":"repeat","background-position":"center center","background-size":"auto","background-attachment":"scroll","background-type":"","background-media":"","overlay-type":"","overlay-color":"","overlay-opacity":"","overlay-gradient":""},"mobile":{"background-color":"var(--ast-global-color-5)","background-image":"","background-repeat":"repeat","background-position":"center center","background-size":"auto","background-attachment":"scroll","background-type":"","background-media":"","overlay-type":"","overlay-color":"","overlay-opacity":"","overlay-gradient":""}},"footnotes":""},"class_list":["post-34305","page","type-page","status-publish","hentry"],"yoast_head":"<!-- This site is optimized with the Yoast SEO plugin v25.3.1 - https:\/\/yoast.com\/wordpress\/plugins\/seo\/ -->\n<title>Tric\u00f3logo Firat| Clinic Center<\/title>\n<meta name=\"description\" content=\"Read more about partner expert Trichologist Firat SIKSIK at Clinic Center, with 12 years of experience in hair transplant.\" \/>\n<meta name=\"robots\" content=\"noindex, nofollow\" \/>\n<meta property=\"og:locale\" content=\"es_ES\" \/>\n<meta property=\"og:type\" content=\"article\" \/>\n<meta property=\"og:title\" content=\"Tric\u00f3logo Firat| Clinic Center\" \/>\n<meta property=\"og:description\" content=\"Read more about partner expert Trichologist Firat SIKSIK at Clinic Center, with 12 years of experience in hair transplant.\" \/>\n<meta property=\"og:url\" content=\"https:\/\/cliniccenter.co.uk\/es\/tricologo-firat\/\" \/>\n<meta property=\"article:publisher\" content=\"https:\/\/www.facebook.com\/cliniccenter.co.uk\/\" \/>\n<meta property=\"article:modified_time\" content=\"2024-11-18T13:16:05+00:00\" \/>\n<meta property=\"og:image\" content=\"https:\/\/cliniccenter.co.uk\/wp-content\/uploads\/2022\/01\/firat-siksik-517x1024.jpg\" \/>\n<meta name=\"twitter:card\" content=\"summary_large_image\" \/>\n<meta name=\"twitter:site\" content=\"@cliniccenteruk\" \/>\n<meta name=\"twitter:label1\" content=\"Tiempo de lectura\" \/>\n\t<meta name=\"twitter:data1\" content=\"1 minuto\" \/>\n<!-- \/ Yoast SEO plugin. -->","yoast_head_json":{"title":"Tric\u00f3logo Firat| Clinic Center","description":"Read more about partner expert Trichologist Firat SIKSIK at Clinic Center, with 12 years of experience in hair transplant.","robots":{"index":"noindex","follow":"nofollow"},"og_locale":"es_ES","og_type":"article","og_title":"Tric\u00f3logo Firat| Clinic Center","og_description":"Read more about partner expert Trichologist Firat SIKSIK at Clinic Center, with 12 years of experience in hair transplant.","og_url":"https:\/\/cliniccenter.co.uk\/es\/tricologo-firat\/","article_publisher":"https:\/\/www.facebook.com\/cliniccenter.co.uk\/","article_modified_time":"2024-11-18T13:16:05+00:00","og_image":[{"url":"https:\/\/cliniccenter.co.uk\/wp-content\/uploads\/2022\/01\/firat-siksik-517x1024.jpg","type":"","width":"","height":""}],"twitter_card":"summary_large_image","twitter_site":"@cliniccenteruk","twitter_misc":{"Tiempo de lectura":"1 minuto"},"schema":{"@context":"https:\/\/schema.org","@graph":[{"@type":"WebPage","@id":"https:\/\/cliniccenter.co.uk\/es\/tricologo-firat\/","url":"https:\/\/cliniccenter.co.uk\/es\/tricologo-firat\/","name":"Tric\u00f3logo Firat| Clinic Center","isPartOf":{"@id":"https:\/\/cliniccenter.co.uk\/ro\/#website"},"primaryImageOfPage":{"@id":"https:\/\/cliniccenter.co.uk\/es\/tricologo-firat\/#primaryimage"},"image":{"@id":"https:\/\/cliniccenter.co.uk\/es\/tricologo-firat\/#primaryimage"},"thumbnailUrl":"https:\/\/cliniccenter.co.uk\/wp-content\/uploads\/2022\/01\/firat-siksik-517x1024.jpg","datePublished":"2022-01-31T14:25:58+00:00","dateModified":"2024-11-18T13:16:05+00:00","description":"Read more about partner expert Trichologist Firat SIKSIK at Clinic Center, with 12 years of experience in hair transplant.","breadcrumb":{"@id":"https:\/\/cliniccenter.co.uk\/es\/tricologo-firat\/#breadcrumb"},"inLanguage":"es","potentialAction":[{"@type":"ReadAction","target":["https:\/\/cliniccenter.co.uk\/es\/tricologo-firat\/"]}]},{"@type":"ImageObject","inLanguage":"es","@id":"https:\/\/cliniccenter.co.uk\/es\/tricologo-firat\/#primaryimage","url":"https:\/\/cliniccenter.co.uk\/wp-content\/uploads\/2022\/01\/firat-siksik-517x1024.jpg","contentUrl":"https:\/\/cliniccenter.co.uk\/wp-content\/uploads\/2022\/01\/firat-siksik-517x1024.jpg"},{"@type":"BreadcrumbList","@id":"https:\/\/cliniccenter.co.uk\/es\/tricologo-firat\/#breadcrumb","itemListElement":[{"@type":"ListItem","position":1,"name":"Home","item":"https:\/\/cliniccenter.co.uk\/es\/"},{"@type":"ListItem","position":2,"name":"Los mejores cirujanos y m\u00e9dicos en Turqu\u00eda","item":"https:\/\/cliniccenter.co.uk\/es\/doctors\/"},{"@type":"ListItem","position":3,"name":"Tric\u00f3logo Firat Siksik"}]},{"@type":"WebSite","@id":"https:\/\/cliniccenter.co.uk\/ro\/#website","url":"https:\/\/cliniccenter.co.uk\/ro\/","name":"","description":"","potentialAction":[{"@type":"SearchAction","target":{"@type":"EntryPoint","urlTemplate":"https:\/\/cliniccenter.co.uk\/ro\/?s={search_term_string}"},"query-input":{"@type":"PropertyValueSpecification","valueRequired":true,"valueName":"search_term_string"}}],"inLanguage":"es"}]}},"uagb_featured_image_src":{"full":false,"thumbnail":false,"medium":false,"medium_large":false,"large":false,"1536x1536":false,"2048x2048":false},"uagb_author_info":{"display_name":"Kadir Uysal","author_link":"https:\/\/cliniccenter.co.uk\/es\/blog\/author\/kadircliniccenter-co-uk\/"},"uagb_comment_info":0,"uagb_excerpt":"El tric\u00f3logo Firat Siksik es uno de los especialistas en trasplante capilar m\u00e1s capacitados y calificados de Turqu\u00eda. Se lleva m\u00e1s de 11 a\u00f1os realizando trasplantes de cabello trabajando junto a los m\u00e9dicos de la Sociedad Internacional de Cirug\u00eda de Restauraci\u00f3n Capilar (ISHRS). En su carrera hasta el momento, ha hicido miles de cirug\u00edas y&hellip;","_links":{"self":[{"href":"https:\/\/cliniccenter.co.uk\/es\/wp-json\/wp\/v2\/pages\/34305"}],"collection":[{"href":"https:\/\/cliniccenter.co.uk\/es\/wp-json\/wp\/v2\/pages"}],"about":[{"href":"https:\/\/cliniccenter.co.uk\/es\/wp-json\/wp\/v2\/types\/page"}],"author":[{"embeddable":true,"href":"https:\/\/cliniccenter.co.uk\/es\/wp-json\/wp\/v2\/users\/8"}],"replies":[{"embeddable":true,"href":"https:\/\/cliniccenter.co.uk\/es\/wp-json\/wp\/v2\/comments?post=34305"}],"version-history":[{"count":7,"href":"https:\/\/cliniccenter.co.uk\/es\/wp-json\/wp\/v2\/pages\/34305\/revisions"}],"predecessor-version":[{"id":57883,"href":"https:\/\/cliniccenter.co.uk\/es\/wp-json\/wp\/v2\/pages\/34305\/revisions\/57883"}],"up":[{"embeddable":true,"href":"https:\/\/cliniccenter.co.uk\/es\/wp-json\/wp\/v2\/pages\/18075"}],"wp:attachment":[{"href":"https:\/\/cliniccenter.co.uk\/es\/wp-json\/wp\/v2\/media?parent=34305"}],"curies":[{"name":"wp","href":"https:\/\/api.w.org\/{rel}","templated":true}]}}