{"id":37305,"date":"2024-11-01T13:58:47","date_gmt":"2024-11-01T13:58:47","guid":{"rendered":"https:\/\/cliniccenter.co.uk\/?page_id=37305"},"modified":"2025-05-23T08:49:47","modified_gmt":"2025-05-23T08:49:47","slug":"cirugia-de-perdida-de-peso","status":"publish","type":"page","link":"https:\/\/cliniccenter.co.uk\/es\/cirugia-de-perdida-de-peso\/","title":{"rendered":"Cirugia de Perdida de Peso en Turqu\u00eda | Cirug\u00eda G\u00e1strica\/Bari\u00e1trica\/Obesidad en Turqu\u00eda"},"content":{"rendered":"\n<div class=\"wp-block-columns is-layout-flex wp-container-core-columns-is-layout-1 wp-block-columns-is-layout-flex\">\n<div class=\"wp-block-column is-layout-flow wp-block-column-is-layout-flow\">\n<figure class=\"wp-block-image size-full is-style-default\"><img decoding=\"async\" width=\"650\" height=\"406\" src=\"https:\/\/cliniccenter.co.uk\/wp-content\/uploads\/2023\/11\/gastric-bypass-1-1.webp\" alt=\"\" class=\"wp-image-46732\" srcset=\"https:\/\/cliniccenter.co.uk\/wp-content\/uploads\/2023\/11\/gastric-bypass-1-1.webp 650w, https:\/\/cliniccenter.co.uk\/wp-content\/uploads\/2023\/11\/gastric-bypass-1-1-300x187.webp 300w\" sizes=\"(max-width: 650px) 100vw, 650px\" \/><\/figure>\n\n\n\n<h2 class=\"wp-block-heading has-text-align-center\"><span class=\"ez-toc-section\" id=\"Bypass_Gastrico_en_Turquia\"><\/span>Bypass G\u00e1strico en Turqu\u00eda<span class=\"ez-toc-section-end\"><\/span><\/h2>\n\n\n\n<p class=\"has-text-align-center\">La cirug\u00eda de bypass g\u00e1strico, tambi\u00e9n conocida como cirug\u00eda de obesidad, es ampliamente preferida por los pacientes que desean perder peso. A veces, no es posible perder peso, sin importar lo que hagas. Si este es tu caso, el bypass g\u00e1strico es ideal para perder peso en poco tiempo. \u00a1Encuentra m\u00e1s informaci\u00f3n sobre el bypass g\u00e1strico en Turqu\u00eda y cont\u00e1ctanos!<\/p>\n\n\n\n<div class=\"wp-block-button has-text-align-center\"><a class=\"wp-block-button__link\" href=\"https:\/\/cliniccenter.co.uk\/es\/bypass-gastrico-en-turquia\/\">Bypass G\u00e1strico en Turqu\u00eda<\/a><br><br><\/div>\n<\/div>\n\n\n\n<div class=\"wp-block-column is-layout-flow wp-block-column-is-layout-flow\">\n<figure class=\"wp-block-image size-full\"><img decoding=\"async\" width=\"650\" height=\"406\" src=\"https:\/\/cliniccenter.co.uk\/wp-content\/uploads\/2022\/04\/sleeve-gastrectomy-3.jpg\" alt=\"Sleeve gastrectomy\" class=\"wp-image-37359\" srcset=\"https:\/\/cliniccenter.co.uk\/wp-content\/uploads\/2022\/04\/sleeve-gastrectomy-3.jpg 650w, https:\/\/cliniccenter.co.uk\/wp-content\/uploads\/2022\/04\/sleeve-gastrectomy-3-300x187.jpg 300w\" sizes=\"(max-width: 650px) 100vw, 650px\" \/><\/figure>\n\n\n\n<h2 class=\"wp-block-heading has-text-align-center\"><span class=\"ez-toc-section\" id=\"Manga_Gastrica_en_Turquia\"><\/span>Manga G\u00e1strica en Turqu\u00eda<span class=\"ez-toc-section-end\"><\/span><\/h2>\n\n\n\n<p class=\"has-text-align-center\">La manga g\u00e1strica, tambi\u00e9n conocida como cirug\u00eda para la p\u00e9rdida de peso, es un procedimiento en el cual el est\u00f3mago se reduce a una quinta parte de su tama\u00f1o original. De esta manera, se disminuye la capacidad del est\u00f3mago y tambi\u00e9n se reducen las hormonas que generan la sensaci\u00f3n de hambre. \u00a1Descubre m\u00e1s sobre la cirug\u00eda de manga g\u00e1strica y cont\u00e1ctanos para reservar una consulta!<\/p><div id=\"ez-toc-container\" class=\"ez-toc-v2_0_82_2 counter-hierarchy ez-toc-counter ez-toc-grey ez-toc-container-direction\">\n<div class=\"ez-toc-title-container\">\n<p class=\"ez-toc-title\" style=\"cursor:inherit\">Table of Contents<\/p>\n<span class=\"ez-toc-title-toggle\"><a href=\"#\" class=\"ez-toc-pull-right ez-toc-btn ez-toc-btn-xs ez-toc-btn-default ez-toc-toggle\" aria-label=\"Alternar tabla de contenidos\"><span class=\"ez-toc-js-icon-con\"><span class=\"\"><span class=\"eztoc-hide\" style=\"display:none;\">Toggle<\/span><span class=\"ez-toc-icon-toggle-span\"><svg style=\"fill: #999;color:#999\" xmlns=\"http:\/\/www.w3.org\/2000\/svg\" class=\"list-377408\" width=\"20px\" height=\"20px\" viewBox=\"0 0 24 24\" fill=\"none\"><path d=\"M6 6H4v2h2V6zm14 0H8v2h12V6zM4 11h2v2H4v-2zm16 0H8v2h12v-2zM4 16h2v2H4v-2zm16 0H8v2h12v-2z\" fill=\"currentColor\"><\/path><\/svg><svg style=\"fill: #999;color:#999\" class=\"arrow-unsorted-368013\" xmlns=\"http:\/\/www.w3.org\/2000\/svg\" width=\"10px\" height=\"10px\" viewBox=\"0 0 24 24\" version=\"1.2\" baseProfile=\"tiny\"><path d=\"M18.2 9.3l-6.2-6.3-6.2 6.3c-.2.2-.3.4-.3.7s.1.5.3.7c.2.2.4.3.7.3h11c.3 0 .5-.1.7-.3.2-.2.3-.5.3-.7s-.1-.5-.3-.7zM5.8 14.7l6.2 6.3 6.2-6.3c.2-.2.3-.5.3-.7s-.1-.5-.3-.7c-.2-.2-.4-.3-.7-.3h-11c-.3 0-.5.1-.7.3-.2.2-.3.5-.3.7s.1.5.3.7z\"\/><\/svg><\/span><\/span><\/span><\/a><\/span><\/div>\n<nav><ul class='ez-toc-list ez-toc-list-level-1 ' ><li class='ez-toc-page-1 ez-toc-heading-level-2'><a class=\"ez-toc-link ez-toc-heading-1\" href=\"https:\/\/cliniccenter.co.uk\/es\/cirugia-de-perdida-de-peso\/#Bypass_Gastrico_en_Turquia\" >Bypass G\u00e1strico en Turqu\u00eda<\/a><\/li><li class='ez-toc-page-1 ez-toc-heading-level-2'><a class=\"ez-toc-link ez-toc-heading-2\" href=\"https:\/\/cliniccenter.co.uk\/es\/cirugia-de-perdida-de-peso\/#Manga_Gastrica_en_Turquia\" >Manga G\u00e1strica en Turqu\u00eda<\/a><\/li><li class='ez-toc-page-1 ez-toc-heading-level-2'><a class=\"ez-toc-link ez-toc-heading-3\" href=\"https:\/\/cliniccenter.co.uk\/es\/cirugia-de-perdida-de-peso\/#Operacion_de_Balon_Intragastrico_en_Turquia\" >Operaci\u00f3n de Bal\u00f3n Intrag\u00e1strico en Turqu\u00eda<\/a><\/li><li class='ez-toc-page-1 ez-toc-heading-level-2'><a class=\"ez-toc-link ez-toc-heading-4\" href=\"https:\/\/cliniccenter.co.uk\/es\/cirugia-de-perdida-de-peso\/#Cirugias_de_Perdida_de_Peso\" >Cirug\u00edas de P\u00e9rdida de Peso<\/a><\/li><li class='ez-toc-page-1 ez-toc-heading-level-2'><a class=\"ez-toc-link ez-toc-heading-5\" href=\"https:\/\/cliniccenter.co.uk\/es\/cirugia-de-perdida-de-peso\/#Cirujanos_Gastricos\" >Cirujanos G\u00e1stricos<\/a><\/li><\/ul><\/nav><\/div>\n\n\n\n\n<div class=\"wp-block-button has-text-align-center\"><a class=\"wp-block-button__link\" href=\"https:\/\/cliniccenter.co.uk\/es\/manga-gastrica-en-turquia\/\">Manga G\u00e1strica en Turqu\u00eda<\/a><br><br><\/div>\n<\/div>\n<\/div>\n\n\n\n<div class=\"wp-block-columns is-layout-flex wp-container-core-columns-is-layout-2 wp-block-columns-is-layout-flex\">\n<div class=\"wp-block-column is-layout-flow wp-block-column-is-layout-flow\">\n<figure class=\"wp-block-image size-full\"><img decoding=\"async\" width=\"650\" height=\"406\" src=\"https:\/\/cliniccenter.co.uk\/wp-content\/uploads\/2022\/04\/intragastric-balloon-surgery-2-1.jpg\" alt=\"Gastric Balloon\" class=\"wp-image-37352\" srcset=\"https:\/\/cliniccenter.co.uk\/wp-content\/uploads\/2022\/04\/intragastric-balloon-surgery-2-1.jpg 650w, https:\/\/cliniccenter.co.uk\/wp-content\/uploads\/2022\/04\/intragastric-balloon-surgery-2-1-300x187.jpg 300w\" sizes=\"(max-width: 650px) 100vw, 650px\" \/><\/figure>\n\n\n\n<h2 class=\"wp-block-heading has-text-align-center\"><span class=\"ez-toc-section\" id=\"Operacion_de_Balon_Intragastrico_en_Turquia\"><\/span>Operaci\u00f3n de Bal\u00f3n Intrag\u00e1strico en Turqu\u00eda<span class=\"ez-toc-section-end\"><\/span><\/h2>\n\n\n\n<p class=\"has-text-align-center\">La operaci\u00f3n de bal\u00f3n intrag\u00e1strico es un procedimiento g\u00e1strico que no es permanente, a diferencia de la manga g\u00e1strica y el bypass g\u00e1strico. Los balones intrag\u00e1stricos permanecen en el est\u00f3mago durante aproximadamente seis meses. \u00a1Descubre m\u00e1s sobre los balones intrag\u00e1stricos y cont\u00e1ctanos para reservar una consulta!<\/p>\n\n\n\n<div class=\"wp-block-button has-text-align-center\"><a class=\"wp-block-button__link\" href=\"https:\/\/cliniccenter.co.uk\/es\/balon-gastrico-en-turquia\/\">Bal\u00f3n G\u00e1strico  Turqu\u00eda<\/a><br><br><\/div>\n<\/div>\n\n\n\n<div class=\"wp-block-column is-layout-flow wp-block-column-is-layout-flow\">\n<p class=\"has-text-align-center\"><\/p>\n\n\n<\/div>\n<\/div>\n\n\n\n<div class=\"wp-block-columns is-layout-flex wp-container-core-columns-is-layout-3 wp-block-columns-is-layout-flex\">\n<div class=\"wp-block-column is-layout-flow wp-block-column-is-layout-flow\"><\/div>\n<\/div>\n\n\n\n<h2 class=\"wp-block-heading\"><span class=\"ez-toc-section\" id=\"Cirugias_de_Perdida_de_Peso\"><\/span>Cirug\u00edas de P\u00e9rdida de Peso<span class=\"ez-toc-section-end\"><\/span><\/h2>\n\n\n\n<p>\u00bfTienes problemas para perder peso sin importar lo que hagas? Las cirug\u00edas de las cl\u00ednicas de p\u00e9rdida de peso de Clinic Center son la mejor soluci\u00f3n para ti si luchas con este problema. El exceso de peso puede ser dif\u00edcil y terco de eliminar. A veces, hacer dieta y ejercicio no es suficiente para deshacerse del peso acumulado en tu cuerpo. Con la cirug\u00eda de p\u00e9rdida de peso en Turqu\u00eda, podr\u00e1s perder alrededor del 80% de tu exceso de peso en aproximadamente 12 a 18 meses.<\/p>\n\n\n\n<p>Clinic Center ofrece los mejores resultados en cirug\u00edas de p\u00e9rdida de peso en Turqu\u00eda, por lo que los pacientes se preguntan cu\u00e1nto cuesta la cirug\u00eda de p\u00e9rdida de peso en Turqu\u00eda. Clinic Center ofrece paquetes de cirug\u00eda bari\u00e1trica todo incluido a precios asequibles. Con sus servicios y precios, Clinic Center ofrece la cirug\u00eda de p\u00e9rdida de peso m\u00e1s econ\u00f3mica en el Espa\u00f1a. Clinic Center ofrece tres tipos de t\u00e9cnicas de cirug\u00eda de p\u00e9rdida de peso en Estambul: bypass g\u00e1strico en Turqu\u00eda, manga g\u00e1strica en Turqu\u00eda, y cirug\u00eda de bal\u00f3n g\u00e1strico. Todas ellas son cirug\u00edas exitosas que brindan resultados satisfactorios y que cambian la vida. Clinic Center recibe a miles de pacientes de todo el mundo cada a\u00f1o.<\/p>\n\n\n\n<p>El objetivo de la cirug\u00eda bari\u00e1trica es reducir tu ingesta de alimentos y disminuir las hormonas que te hacen sentir hambre. En solo un a\u00f1o, puedes alcanzar tu peso corporal ideal. Existen tres tipos de cirug\u00edas de p\u00e9rdida de peso y tu cirujano elegir\u00e1 la adecuada para ti. Con el mejor tratamiento de cirug\u00eda para la p\u00e9rdida de peso, Clinic Center te ayudar\u00e1 a lograr el cuerpo de tus sue\u00f1os. Durante tu cirug\u00eda de p\u00e9rdida de peso en Turqu\u00eda, siempre habr\u00e1 un consultor dispuesto a ayudarte las 24 horas del d\u00eda, los 7 d\u00edas de la semana. Clinic Center te proporcionar\u00e1 alojamiento en un hotel de 4 estrellas y transporte VIP para que tu estancia sea lo m\u00e1s c\u00f3moda posible. Incluso despu\u00e9s de las cirug\u00edas, los consultores de Clinic Center estar\u00e1n siempre ah\u00ed para seguir tu proceso de recuperaci\u00f3n. Todas estas oportunidades te ser\u00e1n ofrecidas a un precio razonable, mucho m\u00e1s bajo que el de las cirug\u00edas de p\u00e9rdida de peso en el Espa\u00f1a.<br><\/p>\n\n\n\n<h2 class=\"wp-block-heading\"><span class=\"ez-toc-section\" id=\"Cirujanos_Gastricos\"><\/span>Cirujanos G\u00e1stricos<span class=\"ez-toc-section-end\"><\/span><\/h2>\n\n\n\n<div class=\"wp-block-columns is-layout-flex wp-container-core-columns-is-layout-4 wp-block-columns-is-layout-flex\">\n<div class=\"wp-block-column is-layout-flow wp-block-column-is-layout-flow\">\n<figure class=\"wp-block-image size-full\"><img decoding=\"async\" width=\"500\" height=\"500\" src=\"https:\/\/cliniccenter.co.uk\/wp-content\/uploads\/2024\/01\/cem-arslan-kare-1-1.webp\" alt=\"\" class=\"wp-image-50299\" srcset=\"https:\/\/cliniccenter.co.uk\/wp-content\/uploads\/2024\/01\/cem-arslan-kare-1-1.webp 500w, https:\/\/cliniccenter.co.uk\/wp-content\/uploads\/2024\/01\/cem-arslan-kare-1-1-300x300.webp 300w, https:\/\/cliniccenter.co.uk\/wp-content\/uploads\/2024\/01\/cem-arslan-kare-1-1-150x150.webp 150w\" sizes=\"(max-width: 500px) 100vw, 500px\" \/><\/figure>\n\n\n\n<p class=\"has-text-align-center\">Dr. Cem<\/p>\n<\/div>\n\n\n\n<div class=\"wp-block-column is-layout-flow wp-block-column-is-layout-flow\">\n<figure class=\"wp-block-image size-full\"><img decoding=\"async\" width=\"500\" height=\"500\" src=\"https:\/\/cliniccenter.co.uk\/wp-content\/uploads\/2024\/01\/gungor-gul.webp\" alt=\"\" class=\"wp-image-50221\" srcset=\"https:\/\/cliniccenter.co.uk\/wp-content\/uploads\/2024\/01\/gungor-gul.webp 500w, https:\/\/cliniccenter.co.uk\/wp-content\/uploads\/2024\/01\/gungor-gul-300x300.webp 300w, https:\/\/cliniccenter.co.uk\/wp-content\/uploads\/2024\/01\/gungor-gul-150x150.webp 150w\" sizes=\"(max-width: 500px) 100vw, 500px\" \/><\/figure>\n\n\n\n<p class=\"has-text-align-center\">Dr. G\u00fcng\u00f6r<\/p>\n<\/div>\n<\/div>\n\n\n\n<p><\/p>\n","protected":false},"excerpt":{"rendered":"<p>Bypass G\u00e1strico en Turqu\u00eda La cirug\u00eda de bypass g\u00e1strico, tambi\u00e9n conocida como cirug\u00eda de obesidad, es ampliamente preferida por los pacientes que desean perder peso. A veces, no es posible perder peso, sin importar lo que hagas. Si este es tu caso, el bypass g\u00e1strico es ideal para perder peso en poco tiempo. \u00a1Encuentra m\u00e1s [&hellip;]<\/p>\n","protected":false},"author":2,"featured_media":0,"parent":17183,"menu_order":0,"comment_status":"closed","ping_status":"closed","template":"","meta":{"_uag_custom_page_level_css":"","_lmt_disableupdate":"no","_lmt_disable":"","site-sidebar-layout":"default","site-content-layout":"default","ast-site-content-layout":"default","site-content-style":"default","site-sidebar-style":"default","ast-global-header-display":"","ast-banner-title-visibility":"","ast-main-header-display":"","ast-hfb-above-header-display":"","ast-hfb-below-header-display":"","ast-hfb-mobile-header-display":"","site-post-title":"disabled","ast-breadcrumbs-content":"","ast-featured-img":"disabled","footer-sml-layout":"","theme-transparent-header-meta":"default","adv-header-id-meta":"","stick-header-meta":"","header-above-stick-meta":"","header-main-stick-meta":"","header-below-stick-meta":"","astra-migrate-meta-layouts":"set","ast-page-background-enabled":"default","ast-page-background-meta":{"desktop":{"background-color":"","background-image":"","background-repeat":"repeat","background-position":"center center","background-size":"auto","background-attachment":"scroll","background-type":"","background-media":"","overlay-type":"","overlay-color":"","overlay-opacity":"","overlay-gradient":""},"tablet":{"background-color":"","background-image":"","background-repeat":"repeat","background-position":"center center","background-size":"auto","background-attachment":"scroll","background-type":"","background-media":"","overlay-type":"","overlay-color":"","overlay-opacity":"","overlay-gradient":""},"mobile":{"background-color":"","background-image":"","background-repeat":"repeat","background-position":"center center","background-size":"auto","background-attachment":"scroll","background-type":"","background-media":"","overlay-type":"","overlay-color":"","overlay-opacity":"","overlay-gradient":""}},"ast-content-background-meta":{"desktop":{"background-color":"var(--ast-global-color-5)","background-image":"","background-repeat":"repeat","background-position":"center center","background-size":"auto","background-attachment":"scroll","background-type":"","background-media":"","overlay-type":"","overlay-color":"","overlay-opacity":"","overlay-gradient":""},"tablet":{"background-color":"var(--ast-global-color-5)","background-image":"","background-repeat":"repeat","background-position":"center center","background-size":"auto","background-attachment":"scroll","background-type":"","background-media":"","overlay-type":"","overlay-color":"","overlay-opacity":"","overlay-gradient":""},"mobile":{"background-color":"var(--ast-global-color-5)","background-image":"","background-repeat":"repeat","background-position":"center center","background-size":"auto","background-attachment":"scroll","background-type":"","background-media":"","overlay-type":"","overlay-color":"","overlay-opacity":"","overlay-gradient":""}},"footnotes":""},"class_list":["post-37305","page","type-page","status-publish","hentry"],"yoast_head":"<!-- This site is optimized with the Yoast SEO plugin v25.3.1 - https:\/\/yoast.com\/wordpress\/plugins\/seo\/ -->\n<title>Cirugia de Perdida de Peso en Turqu\u00eda<\/title>\n<meta name=\"robots\" content=\"noindex, nofollow\" \/>\n<meta property=\"og:locale\" content=\"es_ES\" \/>\n<meta property=\"og:type\" content=\"article\" \/>\n<meta property=\"og:title\" content=\"Cirugia de Perdida de Peso en Turqu\u00eda\" \/>\n<meta property=\"og:description\" content=\"Bypass G\u00e1strico en Turqu\u00eda La cirug\u00eda de bypass g\u00e1strico, tambi\u00e9n conocida como cirug\u00eda de obesidad, es ampliamente preferida por los pacientes que desean perder peso. A veces, no es posible perder peso, sin importar lo que hagas. Si este es tu caso, el bypass g\u00e1strico es ideal para perder peso en poco tiempo. \u00a1Encuentra m\u00e1s [&hellip;]\" \/>\n<meta property=\"og:url\" content=\"https:\/\/cliniccenter.co.uk\/es\/cirugia-de-perdida-de-peso\/\" \/>\n<meta property=\"article:publisher\" content=\"https:\/\/www.facebook.com\/cliniccenter.co.uk\/\" \/>\n<meta property=\"article:modified_time\" content=\"2025-05-23T08:49:47+00:00\" \/>\n<meta property=\"og:image\" content=\"https:\/\/cliniccenter.co.uk\/wp-content\/uploads\/2023\/11\/gastric-bypass-1-1.webp\" \/>\n<meta name=\"twitter:card\" content=\"summary_large_image\" \/>\n<meta name=\"twitter:site\" content=\"@cliniccenteruk\" \/>\n<meta name=\"twitter:label1\" content=\"Tiempo de lectura\" \/>\n\t<meta name=\"twitter:data1\" content=\"4 minutos\" \/>\n<!-- \/ Yoast SEO plugin. -->","yoast_head_json":{"title":"Cirugia de Perdida de Peso en Turqu\u00eda","robots":{"index":"noindex","follow":"nofollow"},"og_locale":"es_ES","og_type":"article","og_title":"Cirugia de Perdida de Peso en Turqu\u00eda","og_description":"Bypass G\u00e1strico en Turqu\u00eda La cirug\u00eda de bypass g\u00e1strico, tambi\u00e9n conocida como cirug\u00eda de obesidad, es ampliamente preferida por los pacientes que desean perder peso. A veces, no es posible perder peso, sin importar lo que hagas. Si este es tu caso, el bypass g\u00e1strico es ideal para perder peso en poco tiempo. \u00a1Encuentra m\u00e1s [&hellip;]","og_url":"https:\/\/cliniccenter.co.uk\/es\/cirugia-de-perdida-de-peso\/","article_publisher":"https:\/\/www.facebook.com\/cliniccenter.co.uk\/","article_modified_time":"2025-05-23T08:49:47+00:00","og_image":[{"url":"https:\/\/cliniccenter.co.uk\/wp-content\/uploads\/2023\/11\/gastric-bypass-1-1.webp","type":"","width":"","height":""}],"twitter_card":"summary_large_image","twitter_site":"@cliniccenteruk","twitter_misc":{"Tiempo de lectura":"4 minutos"},"schema":{"@context":"https:\/\/schema.org","@graph":[{"@type":"WebPage","@id":"https:\/\/cliniccenter.co.uk\/es\/cirugia-de-perdida-de-peso\/","url":"https:\/\/cliniccenter.co.uk\/es\/cirugia-de-perdida-de-peso\/","name":"Cirugia de Perdida de Peso en Turqu\u00eda","isPartOf":{"@id":"https:\/\/cliniccenter.co.uk\/ro\/#website"},"primaryImageOfPage":{"@id":"https:\/\/cliniccenter.co.uk\/es\/cirugia-de-perdida-de-peso\/#primaryimage"},"image":{"@id":"https:\/\/cliniccenter.co.uk\/es\/cirugia-de-perdida-de-peso\/#primaryimage"},"thumbnailUrl":"https:\/\/cliniccenter.co.uk\/wp-content\/uploads\/2023\/11\/gastric-bypass-1-1.webp","datePublished":"2024-11-01T13:58:47+00:00","dateModified":"2025-05-23T08:49:47+00:00","breadcrumb":{"@id":"https:\/\/cliniccenter.co.uk\/es\/cirugia-de-perdida-de-peso\/#breadcrumb"},"inLanguage":"es","potentialAction":[{"@type":"ReadAction","target":["https:\/\/cliniccenter.co.uk\/es\/cirugia-de-perdida-de-peso\/"]}]},{"@type":"ImageObject","inLanguage":"es","@id":"https:\/\/cliniccenter.co.uk\/es\/cirugia-de-perdida-de-peso\/#primaryimage","url":"https:\/\/cliniccenter.co.uk\/wp-content\/uploads\/2023\/11\/gastric-bypass-1-1.webp","contentUrl":"https:\/\/cliniccenter.co.uk\/wp-content\/uploads\/2023\/11\/gastric-bypass-1-1.webp"},{"@type":"BreadcrumbList","@id":"https:\/\/cliniccenter.co.uk\/es\/cirugia-de-perdida-de-peso\/#breadcrumb","itemListElement":[{"@type":"ListItem","position":1,"name":"Home","item":"https:\/\/cliniccenter.co.uk\/es\/"},{"@type":"ListItem","position":2,"name":"Tratamientos","item":"https:\/\/cliniccenter.co.uk\/es\/tratamientos\/"},{"@type":"ListItem","position":3,"name":"Cirugia de Perdida de Peso en Turqu\u00eda | Cirug\u00eda G\u00e1strica\/Bari\u00e1trica\/Obesidad en Turqu\u00eda"}]},{"@type":"WebSite","@id":"https:\/\/cliniccenter.co.uk\/ro\/#website","url":"https:\/\/cliniccenter.co.uk\/ro\/","name":"","description":"","potentialAction":[{"@type":"SearchAction","target":{"@type":"EntryPoint","urlTemplate":"https:\/\/cliniccenter.co.uk\/ro\/?s={search_term_string}"},"query-input":{"@type":"PropertyValueSpecification","valueRequired":true,"valueName":"search_term_string"}}],"inLanguage":"es"}]}},"uagb_featured_image_src":{"full":false,"thumbnail":false,"medium":false,"medium_large":false,"large":false,"1536x1536":false,"2048x2048":false},"uagb_author_info":{"display_name":"Sertac Ceki","author_link":"https:\/\/cliniccenter.co.uk\/es\/blog\/author\/sertaccliniccenter-co-uk\/"},"uagb_comment_info":0,"uagb_excerpt":"Bypass G\u00e1strico en Turqu\u00eda La cirug\u00eda de bypass g\u00e1strico, tambi\u00e9n conocida como cirug\u00eda de obesidad, es ampliamente preferida por los pacientes que desean perder peso. A veces, no es posible perder peso, sin importar lo que hagas. Si este es tu caso, el bypass g\u00e1strico es ideal para perder peso en poco tiempo. \u00a1Encuentra m\u00e1s&hellip;","_links":{"self":[{"href":"https:\/\/cliniccenter.co.uk\/es\/wp-json\/wp\/v2\/pages\/37305"}],"collection":[{"href":"https:\/\/cliniccenter.co.uk\/es\/wp-json\/wp\/v2\/pages"}],"about":[{"href":"https:\/\/cliniccenter.co.uk\/es\/wp-json\/wp\/v2\/types\/page"}],"author":[{"embeddable":true,"href":"https:\/\/cliniccenter.co.uk\/es\/wp-json\/wp\/v2\/users\/2"}],"replies":[{"embeddable":true,"href":"https:\/\/cliniccenter.co.uk\/es\/wp-json\/wp\/v2\/comments?post=37305"}],"version-history":[{"count":4,"href":"https:\/\/cliniccenter.co.uk\/es\/wp-json\/wp\/v2\/pages\/37305\/revisions"}],"predecessor-version":[{"id":60392,"href":"https:\/\/cliniccenter.co.uk\/es\/wp-json\/wp\/v2\/pages\/37305\/revisions\/60392"}],"up":[{"embeddable":true,"href":"https:\/\/cliniccenter.co.uk\/es\/wp-json\/wp\/v2\/pages\/17183"}],"wp:attachment":[{"href":"https:\/\/cliniccenter.co.uk\/es\/wp-json\/wp\/v2\/media?parent=37305"}],"curies":[{"name":"wp","href":"https:\/\/api.w.org\/{rel}","templated":true}]}}