{"id":45147,"date":"2023-07-25T10:59:18","date_gmt":"2023-07-25T10:59:18","guid":{"rendered":"https:\/\/cliniccenter.co.uk\/clinic-center-partner-clinics\/"},"modified":"2025-02-18T07:11:40","modified_gmt":"2025-02-18T07:11:40","slug":"clinic-center-partner-clinics","status":"publish","type":"page","link":"https:\/\/cliniccenter.co.uk\/es\/clinic-center-clinicas-asociadas\/","title":{"rendered":"Clinic Center Cl\u00ednicas Asociadas"},"content":{"rendered":"\n<p>Cl\u00ednicas asociadas al Clinic Center<\/p>\n\n\n\n<div class=\"wp-block-columns is-layout-flex wp-container-core-columns-is-layout-1 wp-block-columns-is-layout-flex\">\n<div class=\"wp-block-column is-layout-flow wp-block-column-is-layout-flow\" style=\"flex-basis:66.66%\">\n<h2 class=\"wp-block-heading\"><span class=\"ez-toc-section\" id=\"Wise_and_Smile\"><\/span>Wise and Smile<span class=\"ez-toc-section-end\"><\/span><\/h2>\n\n\n\n<p>La cl\u00ednica dental asociada a Clinic Center, Wise and Smile, se estableci\u00f3 con la visi\u00f3n de ofrecer los mejores y m\u00e1s actualizados tratamientos siguiendo la tecnolog\u00eda actual y las necesidades de los pacientes, tanto en lo que se refiere al personal odontol\u00f3gico acad\u00e9mico como a las caracter\u00edsticas f\u00edsicas de la cl\u00ednica. La Cl\u00ednica Dental Wise and Smile realiza un centenar de tratamientos dentales gracias a su personal odontol\u00f3gico profesional y experimentado, su enfoque integral, sus modernos m\u00e9todos de diagn\u00f3stico y tratamiento y sus servicios orientados a la b\u00fasqueda de soluciones. <\/p><div id=\"ez-toc-container\" class=\"ez-toc-v2_0_82_2 counter-hierarchy ez-toc-counter ez-toc-grey ez-toc-container-direction\">\n<div class=\"ez-toc-title-container\">\n<p class=\"ez-toc-title\" style=\"cursor:inherit\">Table of Contents<\/p>\n<span class=\"ez-toc-title-toggle\"><a href=\"#\" class=\"ez-toc-pull-right ez-toc-btn ez-toc-btn-xs ez-toc-btn-default ez-toc-toggle\" aria-label=\"Alternar tabla de contenidos\"><span class=\"ez-toc-js-icon-con\"><span class=\"\"><span class=\"eztoc-hide\" style=\"display:none;\">Toggle<\/span><span class=\"ez-toc-icon-toggle-span\"><svg style=\"fill: #999;color:#999\" xmlns=\"http:\/\/www.w3.org\/2000\/svg\" class=\"list-377408\" width=\"20px\" height=\"20px\" viewBox=\"0 0 24 24\" fill=\"none\"><path d=\"M6 6H4v2h2V6zm14 0H8v2h12V6zM4 11h2v2H4v-2zm16 0H8v2h12v-2zM4 16h2v2H4v-2zm16 0H8v2h12v-2z\" fill=\"currentColor\"><\/path><\/svg><svg style=\"fill: #999;color:#999\" class=\"arrow-unsorted-368013\" xmlns=\"http:\/\/www.w3.org\/2000\/svg\" width=\"10px\" height=\"10px\" viewBox=\"0 0 24 24\" version=\"1.2\" baseProfile=\"tiny\"><path d=\"M18.2 9.3l-6.2-6.3-6.2 6.3c-.2.2-.3.4-.3.7s.1.5.3.7c.2.2.4.3.7.3h11c.3 0 .5-.1.7-.3.2-.2.3-.5.3-.7s-.1-.5-.3-.7zM5.8 14.7l6.2 6.3 6.2-6.3c.2-.2.3-.5.3-.7s-.1-.5-.3-.7c-.2-.2-.4-.3-.7-.3h-11c-.3 0-.5.1-.7.3-.2.2-.3.5-.3.7s.1.5.3.7z\"\/><\/svg><\/span><\/span><\/span><\/a><\/span><\/div>\n<nav><ul class='ez-toc-list ez-toc-list-level-1 ' ><li class='ez-toc-page-1 ez-toc-heading-level-2'><a class=\"ez-toc-link ez-toc-heading-1\" href=\"https:\/\/cliniccenter.co.uk\/es\/clinic-center-clinicas-asociadas\/#Wise_and_Smile\" >Wise and Smile<\/a><\/li><li class='ez-toc-page-1 ez-toc-heading-level-2'><a class=\"ez-toc-link ez-toc-heading-2\" href=\"https:\/\/cliniccenter.co.uk\/es\/clinic-center-clinicas-asociadas\/#Ephesus_Global\" >Ephesus Global<\/a><\/li><li class='ez-toc-page-1 ez-toc-heading-level-2'><a class=\"ez-toc-link ez-toc-heading-3\" href=\"https:\/\/cliniccenter.co.uk\/es\/clinic-center-clinicas-asociadas\/#Prof_Dr_Daghan\" >Prof. Dr. Da\u011fhan<\/a><\/li><li class='ez-toc-page-1 ez-toc-heading-level-2'><a class=\"ez-toc-link ez-toc-heading-4\" href=\"https:\/\/cliniccenter.co.uk\/es\/clinic-center-clinicas-asociadas\/#Dr_Cagri\" >Dr. \u00c7a\u011fr\u0131<\/a><\/li><li class='ez-toc-page-1 ez-toc-heading-level-2'><a class=\"ez-toc-link ez-toc-heading-5\" href=\"https:\/\/cliniccenter.co.uk\/es\/clinic-center-clinicas-asociadas\/#Dr_Gungor\" >Dr. G\u00fcng\u00f6r<\/a><\/li><\/ul><\/nav><\/div>\n\n\n\n\n<p>Situada en Bayrakl\u0131, la localidad m\u00e1s popular de \u0130zmir, atiende a los pacientes tambi\u00e9n con su amplia zona de trabajo. Con su visi\u00f3n de ser una cl\u00ednica dental innovadora e internacional mejorando siempre la calidad del servicio, Wise and Smile da prioridad a la satisfacci\u00f3n del paciente y ofrece siempre tratamientos dentales con excelencia y comodidad.<\/p>\n\n\n\n<p><\/p>\n<\/div>\n\n\n\n<div class=\"wp-block-column is-layout-flow wp-block-column-is-layout-flow\" style=\"flex-basis:33.33%\">\n<figure class=\"wp-block-image size-full\"><img decoding=\"async\" width=\"500\" height=\"500\" src=\"https:\/\/cliniccenter.co.uk\/wp-content\/uploads\/2024\/01\/wise-and-smile-1.jpg\" alt=\"\" class=\"wp-image-50052\" srcset=\"https:\/\/cliniccenter.co.uk\/wp-content\/uploads\/2024\/01\/wise-and-smile-1.jpg 500w, https:\/\/cliniccenter.co.uk\/wp-content\/uploads\/2024\/01\/wise-and-smile-1-300x300.jpg 300w, https:\/\/cliniccenter.co.uk\/wp-content\/uploads\/2024\/01\/wise-and-smile-1-150x150.jpg 150w\" sizes=\"(max-width: 500px) 100vw, 500px\" \/><\/figure>\n<\/div>\n<\/div>\n\n\n\n<div class=\"wp-block-columns is-layout-flex wp-container-core-columns-is-layout-2 wp-block-columns-is-layout-flex\">\n<div class=\"wp-block-column is-layout-flow wp-block-column-is-layout-flow\" style=\"flex-basis:33.33%\">\n<figure class=\"wp-block-image size-full\"><img decoding=\"async\" width=\"500\" height=\"500\" src=\"https:\/\/cliniccenter.co.uk\/wp-content\/uploads\/2024\/02\/ephesus-dental-clinic-1.jpg\" alt=\"\" class=\"wp-image-50538\" srcset=\"https:\/\/cliniccenter.co.uk\/wp-content\/uploads\/2024\/02\/ephesus-dental-clinic-1.jpg 500w, https:\/\/cliniccenter.co.uk\/wp-content\/uploads\/2024\/02\/ephesus-dental-clinic-1-300x300.jpg 300w, https:\/\/cliniccenter.co.uk\/wp-content\/uploads\/2024\/02\/ephesus-dental-clinic-1-150x150.jpg 150w\" sizes=\"(max-width: 500px) 100vw, 500px\" \/><\/figure>\n<\/div>\n\n\n\n<div class=\"wp-block-column is-layout-flow wp-block-column-is-layout-flow\" style=\"flex-basis:66.66%\">\n<h2 class=\"wp-block-heading\"><span class=\"ez-toc-section\" id=\"Ephesus_Global\"><\/span>Ephesus Global<span class=\"ez-toc-section-end\"><\/span><\/h2>\n\n\n\n<p>Con su moderna cl\u00ednica situada en \u0130zmir, Alsancak, la cl\u00ednica dental asociada a Clinic Center, Ephesus Global, ha adoptado el principio de acoger a los pacientes de la mejor manera posible, completando sus tratamientos dentales en el menor tiempo posible y de la forma m\u00e1s id\u00f3nea y logrando una excelente satisfacci\u00f3n del paciente. <\/p>\n\n\n\n<p>Al contar con un personal odontol\u00f3gico altamente experimentado y especializado y con equipos de vanguardia, Ephesus ofrece diversos tratamientos est\u00e9ticos y m\u00e9dicos con a\u00f1os de experiencia en el campo, junto con la tranquilidad y confianza para los pacientes en lo que se refiere a higiene, profesionalidad y comunicaci\u00f3n.<br><\/p>\n<\/div>\n<\/div>\n\n\n\n<p><\/p>\n\n\n\n<div class=\"wp-block-columns is-layout-flex wp-container-core-columns-is-layout-3 wp-block-columns-is-layout-flex\">\n<div class=\"wp-block-column is-layout-flow wp-block-column-is-layout-flow\" style=\"flex-basis:66.66%\">\n<h2 class=\"wp-block-heading\"><span class=\"ez-toc-section\" id=\"Prof_Dr_Daghan\"><\/span>Prof. Dr. Da\u011fhan<span class=\"ez-toc-section-end\"><\/span><\/h2>\n\n\n\n<p>El doctor Da\u011fhan, socio de Clinic Center, es un cirujano pl\u00e1stico, reconstructivo y est\u00e9tico con gran experiencia, graduado en la Facultad de Medicina de la Universidad Dokuz Eylul en 1999. Complet\u00f3 su formaci\u00f3n especializada en la Universidad de Gaziantep en 2005 y trabaj\u00f3 en Gaziantep hasta 2007. El Dr. Da\u011fhan perfeccion\u00f3 sus habilidades en la Cl\u00ednica de Cirug\u00eda Pl\u00e1stica de la Universidad Estatal de Ohio en 2008. De 2008 a 2013, imparti\u00f3 clases en la Universidad Van Yuzuncu Yil, convirti\u00e9ndose finalmente en jefe del Departamento de Cirug\u00eda Pl\u00e1stica, Reparadora y Est\u00e9tica. Obtuvo el t\u00edtulo de Profesor Asociado en 2012, especializ\u00e1ndose en Cirug\u00eda Maxilofacial. Posteriormente, colabor\u00f3 con la Facultad de Medicina de la Universidad Katip Celebi de Izmir de 2013 a 2016. <\/p>\n\n\n\n<p>El Dr. Da\u011fhan est\u00e1 afiliado a la Asociaci\u00f3n Turca de Cirug\u00eda Pl\u00e1stica, Reparadora y Est\u00e9tica y a la Asociaci\u00f3n M\u00e9dica Turca. Tiene un amplio historial de publicaciones, con aproximadamente 60 art\u00edculos internacionales y 20 nacionales. El Dr. Da\u011fhan habla ingl\u00e9s con fluidez y est\u00e1 muy bien considerado por su experiencia quir\u00fargica y su capacidad de comunicaci\u00f3n eficaz. Como m\u00e9dico colaborador de Clinic Center, los pacientes se benefician de su amplia experiencia y sus logros acad\u00e9micos.<br><\/p>\n\n\n\n<p><\/p>\n<\/div>\n\n\n\n<div class=\"wp-block-column is-layout-flow wp-block-column-is-layout-flow\" style=\"flex-basis:33.33%\">\n<figure class=\"wp-block-image size-full\"><img decoding=\"async\" width=\"500\" height=\"500\" src=\"https:\/\/cliniccenter.co.uk\/wp-content\/uploads\/2024\/01\/daghan-isik-1.jpg\" alt=\"\" class=\"wp-image-50313\" srcset=\"https:\/\/cliniccenter.co.uk\/wp-content\/uploads\/2024\/01\/daghan-isik-1.jpg 500w, https:\/\/cliniccenter.co.uk\/wp-content\/uploads\/2024\/01\/daghan-isik-1-300x300.jpg 300w, https:\/\/cliniccenter.co.uk\/wp-content\/uploads\/2024\/01\/daghan-isik-1-150x150.jpg 150w\" sizes=\"(max-width: 500px) 100vw, 500px\" \/><\/figure>\n<\/div>\n<\/div>\n\n\n\n<div class=\"wp-block-columns is-layout-flex wp-container-core-columns-is-layout-4 wp-block-columns-is-layout-flex\">\n<div class=\"wp-block-column is-layout-flow wp-block-column-is-layout-flow\" style=\"flex-basis:33.33%\">\n<figure class=\"wp-block-image size-full\"><img decoding=\"async\" width=\"500\" height=\"500\" src=\"https:\/\/cliniccenter.co.uk\/wp-content\/uploads\/2024\/01\/cagri-sade-2-1.jpg\" alt=\"\" class=\"wp-image-50287\" srcset=\"https:\/\/cliniccenter.co.uk\/wp-content\/uploads\/2024\/01\/cagri-sade-2-1.jpg 500w, https:\/\/cliniccenter.co.uk\/wp-content\/uploads\/2024\/01\/cagri-sade-2-1-300x300.jpg 300w, https:\/\/cliniccenter.co.uk\/wp-content\/uploads\/2024\/01\/cagri-sade-2-1-150x150.jpg 150w\" sizes=\"(max-width: 500px) 100vw, 500px\" \/><\/figure>\n<\/div>\n\n\n\n<div class=\"wp-block-column is-layout-flow wp-block-column-is-layout-flow\" style=\"flex-basis:66.66%\">\n<h2 class=\"wp-block-heading\"><span class=\"ez-toc-section\" id=\"Dr_Cagri\"><\/span>Dr. \u00c7a\u011fr\u0131<span class=\"ez-toc-section-end\"><\/span><\/h2>\n\n\n\n<p>El Dr. \u00c7a\u011fr\u0131 es un cirujano pl\u00e1stico y reconstructivo con gran experiencia, licenciado por la Facultad de Medicina de la Universidad de Ankara en 1994. Complet\u00f3 su residencia en 2001 en un renombrado hospital de formaci\u00f3n e investigaci\u00f3n de Estambul (Turqu\u00eda), donde se form\u00f3 con figuras destacadas en este campo. El doctor \u00c7a\u011fr\u0131, socio de Clinic Center, ampli\u00f3 sus conocimientos participando en el programa de observaci\u00f3n del cirujano pl\u00e1stico estadounidense Dr. Sherrell J. <\/p>\n\n\n\n<p>Aston en 2002. A continuaci\u00f3n, pas\u00f3 a formar parte de la plantilla de cirujanos del Hospital Americano de Estambul. Con m\u00e1s de 18 a\u00f1os de experiencia, el Dr. \u00c7a\u011fr\u0131 se especializa en procedimientos quir\u00fargicos y no quir\u00fargicos est\u00e9ticos y reconstructivos para hombres y mujeres. Los pacientes aprecian su enfoque amistoso, habilidades de comunicaci\u00f3n efectiva, y consistentemente excelentes resultados quir\u00fargicos.<\/p>\n<\/div>\n<\/div>\n\n\n\n<p><\/p>\n\n\n\n<div class=\"wp-block-columns is-layout-flex wp-container-core-columns-is-layout-5 wp-block-columns-is-layout-flex\">\n<div class=\"wp-block-column is-layout-flow wp-block-column-is-layout-flow\" style=\"flex-basis:66.66%\">\n<h2 class=\"wp-block-heading\"><span class=\"ez-toc-section\" id=\"Dr_Gungor\"><\/span>Dr. G\u00fcng\u00f6r<span class=\"ez-toc-section-end\"><\/span><\/h2>\n\n\n\n<p>El Dr. G\u00fcng\u00f6r es un conocido especialista en cirug\u00eda general, socio de Clinic Center para ofrecer cirug\u00edas g\u00e1stricas de m\u00e1xima calidad. Licenciado por la Facultad de Medicina de la Universidad de M\u00e1rmara en 1998, aporta 24 a\u00f1os de experiencia m\u00e9dica a su consulta. El Dr. G\u00fcng\u00f6r da prioridad a la empat\u00eda en la atenci\u00f3n al paciente, ya que considera que es esencial para el \u00e9xito de los resultados quir\u00fargicos. A lo largo de su carrera se ha ganado la confianza de los pacientes y ha trabajado en varios hospitales antes de establecerse en su consulta privada.<\/p>\n\n\n\n<p>Los servicios del Dr. G\u00fcng\u00f6r en Clinic Center se centran en cirug\u00edas g\u00e1stricas, complementadas por su pertenencia a varias organizaciones m\u00e9dicas nacionales e internacionales. Habla ingl\u00e9s y espa\u00f1ol con fluidez y garantiza una comunicaci\u00f3n eficaz con un amplio abanico de pacientes.<\/p>\n<\/div>\n\n\n\n<div class=\"wp-block-column is-layout-flow wp-block-column-is-layout-flow\" style=\"flex-basis:33.33%\">\n<figure class=\"wp-block-image size-full\"><img decoding=\"async\" width=\"500\" height=\"500\" src=\"https:\/\/cliniccenter.co.uk\/wp-content\/uploads\/2024\/01\/gungor-gul.webp\" alt=\"\" class=\"wp-image-50221\" srcset=\"https:\/\/cliniccenter.co.uk\/wp-content\/uploads\/2024\/01\/gungor-gul.webp 500w, https:\/\/cliniccenter.co.uk\/wp-content\/uploads\/2024\/01\/gungor-gul-300x300.webp 300w, https:\/\/cliniccenter.co.uk\/wp-content\/uploads\/2024\/01\/gungor-gul-150x150.webp 150w\" sizes=\"(max-width: 500px) 100vw, 500px\" \/><\/figure>\n<\/div>\n<\/div>\n<\/p>","protected":false},"excerpt":{"rendered":"<p>Cl\u00ednicas asociadas al Clinic Center Wise and Smile La cl\u00ednica dental asociada a Clinic Center, Wise and Smile, se estableci\u00f3 con la visi\u00f3n de ofrecer los mejores y m\u00e1s actualizados tratamientos siguiendo la tecnolog\u00eda actual y las necesidades de los pacientes, tanto en lo que se refiere al personal odontol\u00f3gico acad\u00e9mico como a las caracter\u00edsticas [&hellip;]<\/p>\n","protected":false},"author":15,"featured_media":0,"parent":0,"menu_order":0,"comment_status":"closed","ping_status":"closed","template":"","meta":{"_uag_custom_page_level_css":"","_lmt_disableupdate":"","_lmt_disable":"","site-sidebar-layout":"default","site-content-layout":"default","ast-site-content-layout":"default","site-content-style":"default","site-sidebar-style":"default","ast-global-header-display":"","ast-banner-title-visibility":"","ast-main-header-display":"","ast-hfb-above-header-display":"","ast-hfb-below-header-display":"","ast-hfb-mobile-header-display":"","site-post-title":"","ast-breadcrumbs-content":"","ast-featured-img":"","footer-sml-layout":"","theme-transparent-header-meta":"default","adv-header-id-meta":"","stick-header-meta":"","header-above-stick-meta":"","header-main-stick-meta":"","header-below-stick-meta":"","astra-migrate-meta-layouts":"set","ast-page-background-enabled":"default","ast-page-background-meta":{"desktop":{"background-color":"","background-image":"","background-repeat":"repeat","background-position":"center center","background-size":"auto","background-attachment":"scroll","background-type":"","background-media":"","overlay-type":"","overlay-color":"","overlay-opacity":"","overlay-gradient":""},"tablet":{"background-color":"","background-image":"","background-repeat":"repeat","background-position":"center center","background-size":"auto","background-attachment":"scroll","background-type":"","background-media":"","overlay-type":"","overlay-color":"","overlay-opacity":"","overlay-gradient":""},"mobile":{"background-color":"","background-image":"","background-repeat":"repeat","background-position":"center center","background-size":"auto","background-attachment":"scroll","background-type":"","background-media":"","overlay-type":"","overlay-color":"","overlay-opacity":"","overlay-gradient":""}},"ast-content-background-meta":{"desktop":{"background-color":"var(--ast-global-color-5)","background-image":"","background-repeat":"repeat","background-position":"center center","background-size":"auto","background-attachment":"scroll","background-type":"","background-media":"","overlay-type":"","overlay-color":"","overlay-opacity":"","overlay-gradient":""},"tablet":{"background-color":"var(--ast-global-color-5)","background-image":"","background-repeat":"repeat","background-position":"center center","background-size":"auto","background-attachment":"scroll","background-type":"","background-media":"","overlay-type":"","overlay-color":"","overlay-opacity":"","overlay-gradient":""},"mobile":{"background-color":"var(--ast-global-color-5)","background-image":"","background-repeat":"repeat","background-position":"center center","background-size":"auto","background-attachment":"scroll","background-type":"","background-media":"","overlay-type":"","overlay-color":"","overlay-opacity":"","overlay-gradient":""}},"footnotes":""},"class_list":["post-45147","page","type-page","status-publish","hentry"],"yoast_head":"<!-- This site is optimized with the Yoast SEO plugin v25.3.1 - https:\/\/yoast.com\/wordpress\/plugins\/seo\/ -->\n<title>Clinic Center Cl\u00ednicas asociadas<\/title>\n<meta name=\"description\" content=\"Centro Cl\u00ednico, Empresa de Turismo M\u00e9dico, en alianza con cl\u00ednicas m\u00e9dicas y m\u00e9dicos. Consulte para obtener m\u00e1s informaci\u00f3n.\" \/>\n<meta name=\"robots\" content=\"noindex, follow\" \/>\n<meta property=\"og:locale\" content=\"es_ES\" \/>\n<meta property=\"og:type\" content=\"article\" \/>\n<meta property=\"og:title\" content=\"Clinic Center Cl\u00ednicas asociadas\" \/>\n<meta property=\"og:description\" content=\"Centro Cl\u00ednico, Empresa de Turismo M\u00e9dico, en alianza con cl\u00ednicas m\u00e9dicas y m\u00e9dicos. Consulte para obtener m\u00e1s informaci\u00f3n.\" \/>\n<meta property=\"og:url\" content=\"https:\/\/cliniccenter.co.uk\/es\/clinic-center-clinicas-asociadas\/\" \/>\n<meta property=\"article:publisher\" content=\"https:\/\/www.facebook.com\/cliniccenter.co.uk\/\" \/>\n<meta property=\"article:modified_time\" content=\"2025-02-18T07:11:40+00:00\" \/>\n<meta property=\"og:image\" content=\"https:\/\/cliniccenter.co.uk\/wp-content\/uploads\/2024\/01\/wise-and-smile-1.jpg\" \/>\n<meta name=\"twitter:card\" content=\"summary_large_image\" \/>\n<meta name=\"twitter:site\" content=\"@cliniccenteruk\" \/>\n<meta name=\"twitter:label1\" content=\"Tiempo de lectura\" \/>\n\t<meta name=\"twitter:data1\" content=\"5 minutos\" \/>\n<!-- \/ Yoast SEO plugin. -->","yoast_head_json":{"title":"Clinic Center Cl\u00ednicas asociadas","description":"Centro Cl\u00ednico, Empresa de Turismo M\u00e9dico, en alianza con cl\u00ednicas m\u00e9dicas y m\u00e9dicos. Consulte para obtener m\u00e1s informaci\u00f3n.","robots":{"index":"noindex","follow":"follow"},"og_locale":"es_ES","og_type":"article","og_title":"Clinic Center Cl\u00ednicas asociadas","og_description":"Centro Cl\u00ednico, Empresa de Turismo M\u00e9dico, en alianza con cl\u00ednicas m\u00e9dicas y m\u00e9dicos. Consulte para obtener m\u00e1s informaci\u00f3n.","og_url":"https:\/\/cliniccenter.co.uk\/es\/clinic-center-clinicas-asociadas\/","article_publisher":"https:\/\/www.facebook.com\/cliniccenter.co.uk\/","article_modified_time":"2025-02-18T07:11:40+00:00","og_image":[{"url":"https:\/\/cliniccenter.co.uk\/wp-content\/uploads\/2024\/01\/wise-and-smile-1.jpg","type":"","width":"","height":""}],"twitter_card":"summary_large_image","twitter_site":"@cliniccenteruk","twitter_misc":{"Tiempo de lectura":"5 minutos"},"schema":{"@context":"https:\/\/schema.org","@graph":[{"@type":"WebPage","@id":"https:\/\/cliniccenter.co.uk\/es\/clinic-center-clinicas-asociadas\/","url":"https:\/\/cliniccenter.co.uk\/es\/clinic-center-clinicas-asociadas\/","name":"Clinic Center Cl\u00ednicas asociadas","isPartOf":{"@id":"https:\/\/cliniccenter.co.uk\/ro\/#website"},"primaryImageOfPage":{"@id":"https:\/\/cliniccenter.co.uk\/es\/clinic-center-clinicas-asociadas\/#primaryimage"},"image":{"@id":"https:\/\/cliniccenter.co.uk\/es\/clinic-center-clinicas-asociadas\/#primaryimage"},"thumbnailUrl":"https:\/\/cliniccenter.co.uk\/wp-content\/uploads\/2024\/01\/wise-and-smile-1.jpg","datePublished":"2023-07-25T10:59:18+00:00","dateModified":"2025-02-18T07:11:40+00:00","description":"Centro Cl\u00ednico, Empresa de Turismo M\u00e9dico, en alianza con cl\u00ednicas m\u00e9dicas y m\u00e9dicos. Consulte para obtener m\u00e1s informaci\u00f3n.","breadcrumb":{"@id":"https:\/\/cliniccenter.co.uk\/es\/clinic-center-clinicas-asociadas\/#breadcrumb"},"inLanguage":"es","potentialAction":[{"@type":"ReadAction","target":["https:\/\/cliniccenter.co.uk\/es\/clinic-center-clinicas-asociadas\/"]}]},{"@type":"ImageObject","inLanguage":"es","@id":"https:\/\/cliniccenter.co.uk\/es\/clinic-center-clinicas-asociadas\/#primaryimage","url":"https:\/\/cliniccenter.co.uk\/wp-content\/uploads\/2024\/01\/wise-and-smile-1.jpg","contentUrl":"https:\/\/cliniccenter.co.uk\/wp-content\/uploads\/2024\/01\/wise-and-smile-1.jpg"},{"@type":"BreadcrumbList","@id":"https:\/\/cliniccenter.co.uk\/es\/clinic-center-clinicas-asociadas\/#breadcrumb","itemListElement":[{"@type":"ListItem","position":1,"name":"Home","item":"https:\/\/cliniccenter.co.uk\/es\/"},{"@type":"ListItem","position":2,"name":"Clinic Center Cl\u00ednicas Asociadas"}]},{"@type":"WebSite","@id":"https:\/\/cliniccenter.co.uk\/ro\/#website","url":"https:\/\/cliniccenter.co.uk\/ro\/","name":"","description":"","potentialAction":[{"@type":"SearchAction","target":{"@type":"EntryPoint","urlTemplate":"https:\/\/cliniccenter.co.uk\/ro\/?s={search_term_string}"},"query-input":{"@type":"PropertyValueSpecification","valueRequired":true,"valueName":"search_term_string"}}],"inLanguage":"es"}]}},"uagb_featured_image_src":{"full":false,"thumbnail":false,"medium":false,"medium_large":false,"large":false,"1536x1536":false,"2048x2048":false},"uagb_author_info":{"display_name":"G\u00f6rkem G\u00fcng\u00f6r","author_link":"https:\/\/cliniccenter.co.uk\/es\/blog\/author\/gorkem\/"},"uagb_comment_info":0,"uagb_excerpt":"Cl\u00ednicas asociadas al Clinic Center Wise and Smile La cl\u00ednica dental asociada a Clinic Center, Wise and Smile, se estableci\u00f3 con la visi\u00f3n de ofrecer los mejores y m\u00e1s actualizados tratamientos siguiendo la tecnolog\u00eda actual y las necesidades de los pacientes, tanto en lo que se refiere al personal odontol\u00f3gico acad\u00e9mico como a las caracter\u00edsticas&hellip;","_links":{"self":[{"href":"https:\/\/cliniccenter.co.uk\/es\/wp-json\/wp\/v2\/pages\/45147"}],"collection":[{"href":"https:\/\/cliniccenter.co.uk\/es\/wp-json\/wp\/v2\/pages"}],"about":[{"href":"https:\/\/cliniccenter.co.uk\/es\/wp-json\/wp\/v2\/types\/page"}],"author":[{"embeddable":true,"href":"https:\/\/cliniccenter.co.uk\/es\/wp-json\/wp\/v2\/users\/15"}],"replies":[{"embeddable":true,"href":"https:\/\/cliniccenter.co.uk\/es\/wp-json\/wp\/v2\/comments?post=45147"}],"version-history":[{"count":6,"href":"https:\/\/cliniccenter.co.uk\/es\/wp-json\/wp\/v2\/pages\/45147\/revisions"}],"predecessor-version":[{"id":59306,"href":"https:\/\/cliniccenter.co.uk\/es\/wp-json\/wp\/v2\/pages\/45147\/revisions\/59306"}],"wp:attachment":[{"href":"https:\/\/cliniccenter.co.uk\/es\/wp-json\/wp\/v2\/media?parent=45147"}],"curies":[{"name":"wp","href":"https:\/\/api.w.org\/{rel}","templated":true}]}}