{"id":45153,"date":"2023-02-03T18:33:37","date_gmt":"2023-02-03T18:33:37","guid":{"rendered":"https:\/\/cliniccenter.co.uk\/would-you-like-to-be-clinic-center-social-media-partner\/"},"modified":"2024-11-06T09:10:13","modified_gmt":"2024-11-06T09:10:13","slug":"embajador-guia","status":"publish","type":"page","link":"https:\/\/cliniccenter.co.uk\/es\/embajador-guia\/","title":{"rendered":"\u00bfTe Gustar\u00eda Colaborar Con Clinic Center En Las Redes Sociales?"},"content":{"rendered":"\n<figure class=\"wp-block-image aligncenter size-full is-style-default\"><img decoding=\"async\" width=\"768\" height=\"961\" src=\"https:\/\/cliniccenter.co.uk\/wp-content\/uploads\/2024\/11\/Matters-to-be-Considered-Clinic-Center-isp.jpg\" alt=\"\" class=\"wp-image-57185\" srcset=\"https:\/\/cliniccenter.co.uk\/wp-content\/uploads\/2024\/11\/Matters-to-be-Considered-Clinic-Center-isp.jpg 768w, https:\/\/cliniccenter.co.uk\/wp-content\/uploads\/2024\/11\/Matters-to-be-Considered-Clinic-Center-isp-240x300.jpg 240w\" sizes=\"(max-width: 768px) 100vw, 768px\" \/><\/figure>\n\n\n\n<div style=\"height:48px\" aria-hidden=\"true\" class=\"wp-block-spacer\"><\/div>\n\n\n\n<h3 class=\"wp-block-heading has-text-align-center\">Gu\u00eda y consejos para embajadores<\/h3>\n\n\n\n<p style=\"font-size:15px\"><strong>1-Aseg\u00farese de seguir las instrucciones de publicaci\u00f3n mencionadas anteriormente en el momento adecuado.<\/strong><\/p>\n\n\n\n<p><strong>PASO 1;<\/strong><\/p>\n\n\n\n<p>Por favor, comparte un breve resumen sobre por qu\u00e9 vas a Clinic Center y cu\u00e1les son tus expectativas antes de tu visita.<\/p>\n\n\n\n<p><strong>PASO 2;<br><\/strong>Comparte toda tu experiencia y viaje m\u00e9dico en tu cuenta de redes sociales y etiqueta *solo a Clinic Center.<\/p>\n\n\n\n<p><strong>PASO 3;<br><\/strong>Publica tu foto postoperatoria para mostrar tu resultado y etiqueta a Clinic Center.<\/p>\n\n\n\n<p style=\"font-size:15px\"><strong>2-Por favor, etiqueta la cuenta de Clinic Center en cualquier plataforma en la que publiques tu post.<\/strong><\/p>\n\n\n\n<p style=\"font-size:15px\"><strong>3-El paso 3 puedes incluir todo el proceso anterior, si solo haces el paso 3 recibir\u00e1s 3\/4 de la cantidad que acordamos al principio.<\/strong><\/p>\n\n\n\n<p style=\"font-size:15px\"><strong>4-Por mucho que compartas, es posible que recibas preguntas de tus amigos y seguidores a trav\u00e9s de las redes sociales. Esto te retornar\u00e1 como ingresos adicionales debido al sistema de referidos.<\/strong><\/p>\n\n\n\n<p style=\"font-size:15px\"><strong>5-Puedes crear tu propio contenido. No hay ninguna regla sobre la forma en que puedes compartir tu experiencia. Si\u00e9ntete libre de crear tu propio contenido.<\/strong><\/p>\n\n\n\n<p><em>Hay algunos videos de ejemplo a continuaci\u00f3n para aclarar c\u00f3mo se puede tomar fotos o videos.<\/em><\/p>\n\n\n\n<div class=\"wp-block-columns is-layout-flex wp-container-core-columns-is-layout-1 wp-block-columns-is-layout-flex\">\n<div class=\"wp-block-column is-layout-flow wp-block-column-is-layout-flow\">\n<figure class=\"wp-block-embed is-type-rich is-provider-embed-handler wp-block-embed-embed-handler wp-embed-aspect-16-9 wp-has-aspect-ratio\"><div class=\"wp-block-embed__wrapper\">\n<div class=\"ast-oembed-container \" style=\"height: 100%;\"><iframe title=\"Sample Video Shooting - 2\" width=\"500\" height=\"281\" src=\"https:\/\/www.youtube.com\/embed\/qrZR6IMds-Q?feature=oembed\" frameborder=\"0\" allow=\"accelerometer; autoplay; clipboard-write; encrypted-media; gyroscope; picture-in-picture; web-share\" referrerpolicy=\"strict-origin-when-cross-origin\" allowfullscreen><\/iframe><\/div>\n<\/div><\/figure>\n<\/div>\n\n\n\n<div class=\"wp-block-column is-layout-flow wp-block-column-is-layout-flow\">\n<figure class=\"wp-block-embed is-type-rich is-provider-embed-handler wp-block-embed-embed-handler wp-embed-aspect-16-9 wp-has-aspect-ratio\"><div class=\"wp-block-embed__wrapper\">\n<div class=\"ast-oembed-container \" style=\"height: 100%;\"><iframe title=\"Sample Video For Video Shooting\" width=\"500\" height=\"281\" src=\"https:\/\/www.youtube.com\/embed\/mFmPS8K1I5E?feature=oembed\" frameborder=\"0\" allow=\"accelerometer; autoplay; clipboard-write; encrypted-media; gyroscope; picture-in-picture; web-share\" referrerpolicy=\"strict-origin-when-cross-origin\" allowfullscreen><\/iframe><\/div>\n<\/div><\/figure>\n<\/div>\n\n\n\n<div class=\"wp-block-column is-layout-flow wp-block-column-is-layout-flow\">\n<figure class=\"wp-block-embed is-type-rich is-provider-embed-handler wp-block-embed-embed-handler wp-embed-aspect-16-9 wp-has-aspect-ratio\"><div class=\"wp-block-embed__wrapper\">\n<div class=\"ast-oembed-container \" style=\"height: 100%;\"><iframe title=\"The TRUTH behind a FUE Turkey Hair Transplant (My experience with Clinic Center).\" width=\"500\" height=\"281\" src=\"https:\/\/www.youtube.com\/embed\/cKZXev2L3YA?feature=oembed\" frameborder=\"0\" allow=\"accelerometer; autoplay; clipboard-write; encrypted-media; gyroscope; picture-in-picture; web-share\" referrerpolicy=\"strict-origin-when-cross-origin\" allowfullscreen><\/iframe><\/div>\n<\/div><\/figure>\n<\/div>\n<\/div>\n\n\n\n<p>Por favor seleccione la(s) plataforma(s) en las que va a estar<\/p>\n\n\n\n<div class=\"wpcf7 no-js\" id=\"wpcf7-f42168-o1\" lang=\"en\" dir=\"ltr\" data-wpcf7-id=\"42168\">\n<div class=\"screen-reader-response\"><p role=\"status\" aria-live=\"polite\" aria-atomic=\"true\"><\/p> <ul><\/ul><\/div>\n<form action=\"\/es\/wp-json\/wp\/v2\/pages\/45153#wpcf7-f42168-o1\" method=\"post\" class=\"wpcf7-form init\" aria-label=\"Formulario de contacto\" novalidate=\"novalidate\" data-status=\"init\">\n<div style=\"display: none;\">\n<input type=\"hidden\" name=\"_wpcf7\" value=\"42168\" \/>\n<input type=\"hidden\" name=\"_wpcf7_version\" value=\"6.0.6\" \/>\n<input type=\"hidden\" name=\"_wpcf7_locale\" value=\"en\" \/>\n<input type=\"hidden\" name=\"_wpcf7_unit_tag\" value=\"wpcf7-f42168-o1\" \/>\n<input type=\"hidden\" name=\"_wpcf7_container_post\" value=\"0\" \/>\n<input type=\"hidden\" name=\"_wpcf7_posted_data_hash\" value=\"\" \/>\n<\/div>\n<p><label> Platforms<br \/>\n<span class=\"wpcf7-form-control-wrap\" data-name=\"platforms\"><span class=\"wpcf7-form-control wpcf7-checkbox wpcf7-validates-as-required platform\" id=\"platform\"><span class=\"wpcf7-list-item first\"><label><input type=\"checkbox\" name=\"platforms[]\" value=\"Instagram\" \/><span class=\"wpcf7-list-item-label\">Instagram<\/span><\/label><\/span><span class=\"wpcf7-list-item\"><label><input type=\"checkbox\" name=\"platforms[]\" value=\"Facebook\" \/><span class=\"wpcf7-list-item-label\">Facebook<\/span><\/label><\/span><span class=\"wpcf7-list-item\"><label><input type=\"checkbox\" name=\"platforms[]\" value=\"Tiktok\" \/><span class=\"wpcf7-list-item-label\">Tiktok<\/span><\/label><\/span><span class=\"wpcf7-list-item last\"><label><input type=\"checkbox\" name=\"platforms[]\" value=\"Youtube\" \/><span class=\"wpcf7-list-item-label\">Youtube<\/span><\/label><\/span><\/span><\/span> <\/label>\n<\/p>\n<p><label> Account Name<br \/>\n<span class=\"wpcf7-form-control-wrap\" data-name=\"account-name\"><input size=\"40\" maxlength=\"400\" class=\"wpcf7-form-control wpcf7-text wpcf7-validates-as-required\" aria-required=\"true\" aria-invalid=\"false\" value=\"\" type=\"text\" name=\"account-name\" \/><\/span> <\/label>\n<\/p>\n<p><span class=\"wpcf7-form-control-wrap\" data-name=\"checkbox-684\"><span class=\"wpcf7-form-control wpcf7-checkbox wpcf7-validates-as-required\"><span class=\"wpcf7-list-item first last\"><label><input type=\"checkbox\" name=\"checkbox-684[]\" value=\"I read and accept terms and conditions\" \/><span class=\"wpcf7-list-item-label\">I read and accept terms and conditions<\/span><\/label><\/span><\/span><\/span><a href='https:\/\/cliniccenter.co.uk\/terms-conditions\/' target=\"_blank\">Click here to read terms and conditions<\/a>\n<\/p>\n<p><div class=\"cf7-cf-turnstile\" style=\"margin-top: 0px; margin-bottom: -15px;\"> <div id=\"cf-turnstile-cf7-2976957253\" class=\"cf-turnstile\" data-sitekey=\"0x4AAAAAAAMc9haAStrzwgEc\" data-theme=\"light\" data-language=\"auto\" data-size=\"normal\" data-retry=\"auto\" data-retry-interval=\"1000\" data-refresh-expired=\"auto\" data-refresh-timeout=\"auto\" data-action=\"contact-form-7\" data-callback=\"turnstileCF7Callback\" data-appearance=\"always\"><\/div> <script>document.addEventListener(\"DOMContentLoaded\", function() { setTimeout(function(){ var e=document.getElementById(\"cf-turnstile-cf7-2976957253\"); if(e&&!e.innerHTML.trim()){turnstile.render(e, {sitekey:\"0x4AAAAAAAMc9haAStrzwgEc\"});} }, 200); });<\/script> <br class=\"cf-turnstile-br cf-turnstile-br-cf7-2976957253\"> <style>#cf-turnstile-cf7-2976957253 { margin-left: -15px; }<\/style> <script>document.addEventListener(\"DOMContentLoaded\",function(){document.querySelectorAll('.wpcf7-form').forEach(function(e){e.addEventListener('submit',function(){if(document.getElementById('cf-turnstile-cf7-2976957253')){setTimeout(function(){turnstile.reset('#cf-turnstile-cf7-2976957253');},1000)}})})});<\/script> <\/div><br\/><input class=\"wpcf7-form-control wpcf7-submit has-spinner ambassador-button\" id=\"ambassador-button\" type=\"submit\" value=\"BECOME AN AMBASSADOR\" \/>\n<\/p><p style=\"display: none !important;\" class=\"akismet-fields-container\" data-prefix=\"_wpcf7_ak_\"><label>&#916;<textarea name=\"_wpcf7_ak_hp_textarea\" cols=\"45\" rows=\"8\" maxlength=\"100\"><\/textarea><\/label><input type=\"hidden\" id=\"ak_js_1\" name=\"_wpcf7_ak_js\" value=\"216\"\/><script>document.getElementById( \"ak_js_1\" ).setAttribute( \"value\", ( new Date() ).getTime() );<\/script><\/p><div class=\"wpcf7-response-output\" aria-hidden=\"true\"><\/div>\n<\/form>\n<\/div>\n\n\n\n\n<p><\/p>\n","protected":false},"excerpt":{"rendered":"<p>Gu\u00eda y consejos para embajadores 1-Aseg\u00farese de seguir las instrucciones de publicaci\u00f3n mencionadas anteriormente en el momento adecuado. PASO 1; Por favor, comparte un breve resumen sobre por qu\u00e9 vas a Clinic Center y cu\u00e1les son tus expectativas antes de tu visita. PASO 2;Comparte toda tu experiencia y viaje m\u00e9dico en tu cuenta de redes [&hellip;]<\/p>\n","protected":false},"author":9,"featured_media":0,"parent":0,"menu_order":0,"comment_status":"closed","ping_status":"closed","template":"","meta":{"_uag_custom_page_level_css":"","_lmt_disableupdate":"no","_lmt_disable":"","site-sidebar-layout":"default","site-content-layout":"default","ast-site-content-layout":"default","site-content-style":"default","site-sidebar-style":"default","ast-global-header-display":"","ast-banner-title-visibility":"","ast-main-header-display":"","ast-hfb-above-header-display":"","ast-hfb-below-header-display":"","ast-hfb-mobile-header-display":"","site-post-title":"","ast-breadcrumbs-content":"","ast-featured-img":"","footer-sml-layout":"","theme-transparent-header-meta":"default","adv-header-id-meta":"","stick-header-meta":"","header-above-stick-meta":"","header-main-stick-meta":"","header-below-stick-meta":"","astra-migrate-meta-layouts":"set","ast-page-background-enabled":"default","ast-page-background-meta":{"desktop":{"background-color":"","background-image":"","background-repeat":"repeat","background-position":"center center","background-size":"auto","background-attachment":"scroll","background-type":"","background-media":"","overlay-type":"","overlay-color":"","overlay-opacity":"","overlay-gradient":""},"tablet":{"background-color":"","background-image":"","background-repeat":"repeat","background-position":"center center","background-size":"auto","background-attachment":"scroll","background-type":"","background-media":"","overlay-type":"","overlay-color":"","overlay-opacity":"","overlay-gradient":""},"mobile":{"background-color":"","background-image":"","background-repeat":"repeat","background-position":"center center","background-size":"auto","background-attachment":"scroll","background-type":"","background-media":"","overlay-type":"","overlay-color":"","overlay-opacity":"","overlay-gradient":""}},"ast-content-background-meta":{"desktop":{"background-color":"var(--ast-global-color-5)","background-image":"","background-repeat":"repeat","background-position":"center center","background-size":"auto","background-attachment":"scroll","background-type":"","background-media":"","overlay-type":"","overlay-color":"","overlay-opacity":"","overlay-gradient":""},"tablet":{"background-color":"var(--ast-global-color-5)","background-image":"","background-repeat":"repeat","background-position":"center center","background-size":"auto","background-attachment":"scroll","background-type":"","background-media":"","overlay-type":"","overlay-color":"","overlay-opacity":"","overlay-gradient":""},"mobile":{"background-color":"var(--ast-global-color-5)","background-image":"","background-repeat":"repeat","background-position":"center center","background-size":"auto","background-attachment":"scroll","background-type":"","background-media":"","overlay-type":"","overlay-color":"","overlay-opacity":"","overlay-gradient":""}},"footnotes":""},"class_list":["post-45153","page","type-page","status-publish","hentry"],"yoast_head":"<!-- This site is optimized with the Yoast SEO plugin v25.3.1 - https:\/\/yoast.com\/wordpress\/plugins\/seo\/ -->\n<title>\u00bfTe Gustar\u00eda Colaborar Con Clinic Center En Las Redes Sociales?<\/title>\n<meta name=\"description\" content=\"Si desea colaborar con nosotros en las redes sociales, consulte nuestra p\u00e1gina para obtener m\u00e1s informaci\u00f3n sobre la gu\u00eda de embajadores.\" \/>\n<meta name=\"robots\" content=\"noindex, nofollow\" \/>\n<meta property=\"og:locale\" content=\"es_ES\" \/>\n<meta property=\"og:type\" content=\"article\" \/>\n<meta property=\"og:title\" content=\"\u00bfTe Gustar\u00eda Colaborar Con Clinic Center En Las Redes Sociales?\" \/>\n<meta property=\"og:description\" content=\"Si desea colaborar con nosotros en las redes sociales, consulte nuestra p\u00e1gina para obtener m\u00e1s informaci\u00f3n sobre la gu\u00eda de embajadores.\" \/>\n<meta property=\"og:url\" content=\"https:\/\/cliniccenter.co.uk\/es\/embajador-guia\/\" \/>\n<meta property=\"article:publisher\" content=\"https:\/\/www.facebook.com\/cliniccenter.co.uk\/\" \/>\n<meta property=\"article:modified_time\" content=\"2024-11-06T09:10:13+00:00\" \/>\n<meta property=\"og:image\" content=\"https:\/\/cliniccenter.co.uk\/wp-content\/uploads\/2024\/11\/Matters-to-be-Considered-Clinic-Center-isp.jpg\" \/>\n<meta name=\"twitter:card\" content=\"summary_large_image\" \/>\n<meta name=\"twitter:site\" content=\"@cliniccenteruk\" \/>\n<meta name=\"twitter:label1\" content=\"Tiempo de lectura\" \/>\n\t<meta name=\"twitter:data1\" content=\"2 minutos\" \/>\n<!-- \/ Yoast SEO plugin. -->","yoast_head_json":{"title":"\u00bfTe Gustar\u00eda Colaborar Con Clinic Center En Las Redes Sociales?","description":"Si desea colaborar con nosotros en las redes sociales, consulte nuestra p\u00e1gina para obtener m\u00e1s informaci\u00f3n sobre la gu\u00eda de embajadores.","robots":{"index":"noindex","follow":"nofollow"},"og_locale":"es_ES","og_type":"article","og_title":"\u00bfTe Gustar\u00eda Colaborar Con Clinic Center En Las Redes Sociales?","og_description":"Si desea colaborar con nosotros en las redes sociales, consulte nuestra p\u00e1gina para obtener m\u00e1s informaci\u00f3n sobre la gu\u00eda de embajadores.","og_url":"https:\/\/cliniccenter.co.uk\/es\/embajador-guia\/","article_publisher":"https:\/\/www.facebook.com\/cliniccenter.co.uk\/","article_modified_time":"2024-11-06T09:10:13+00:00","og_image":[{"url":"https:\/\/cliniccenter.co.uk\/wp-content\/uploads\/2024\/11\/Matters-to-be-Considered-Clinic-Center-isp.jpg","type":"","width":"","height":""}],"twitter_card":"summary_large_image","twitter_site":"@cliniccenteruk","twitter_misc":{"Tiempo de lectura":"2 minutos"},"schema":{"@context":"https:\/\/schema.org","@graph":[{"@type":"WebPage","@id":"https:\/\/cliniccenter.co.uk\/es\/embajador-guia\/","url":"https:\/\/cliniccenter.co.uk\/es\/embajador-guia\/","name":"\u00bfTe Gustar\u00eda Colaborar Con Clinic Center En Las Redes Sociales?","isPartOf":{"@id":"https:\/\/cliniccenter.co.uk\/ro\/#website"},"primaryImageOfPage":{"@id":"https:\/\/cliniccenter.co.uk\/es\/embajador-guia\/#primaryimage"},"image":{"@id":"https:\/\/cliniccenter.co.uk\/es\/embajador-guia\/#primaryimage"},"thumbnailUrl":"https:\/\/cliniccenter.co.uk\/wp-content\/uploads\/2024\/11\/Matters-to-be-Considered-Clinic-Center-isp.jpg","datePublished":"2023-02-03T18:33:37+00:00","dateModified":"2024-11-06T09:10:13+00:00","description":"Si desea colaborar con nosotros en las redes sociales, consulte nuestra p\u00e1gina para obtener m\u00e1s informaci\u00f3n sobre la gu\u00eda de embajadores.","breadcrumb":{"@id":"https:\/\/cliniccenter.co.uk\/es\/embajador-guia\/#breadcrumb"},"inLanguage":"es","potentialAction":[{"@type":"ReadAction","target":["https:\/\/cliniccenter.co.uk\/es\/embajador-guia\/"]}]},{"@type":"ImageObject","inLanguage":"es","@id":"https:\/\/cliniccenter.co.uk\/es\/embajador-guia\/#primaryimage","url":"https:\/\/cliniccenter.co.uk\/wp-content\/uploads\/2024\/11\/Matters-to-be-Considered-Clinic-Center-isp.jpg","contentUrl":"https:\/\/cliniccenter.co.uk\/wp-content\/uploads\/2024\/11\/Matters-to-be-Considered-Clinic-Center-isp.jpg"},{"@type":"BreadcrumbList","@id":"https:\/\/cliniccenter.co.uk\/es\/embajador-guia\/#breadcrumb","itemListElement":[{"@type":"ListItem","position":1,"name":"Home","item":"https:\/\/cliniccenter.co.uk\/es\/"},{"@type":"ListItem","position":2,"name":"\u00bfTe Gustar\u00eda Colaborar Con Clinic Center En Las Redes Sociales?"}]},{"@type":"WebSite","@id":"https:\/\/cliniccenter.co.uk\/ro\/#website","url":"https:\/\/cliniccenter.co.uk\/ro\/","name":"","description":"","potentialAction":[{"@type":"SearchAction","target":{"@type":"EntryPoint","urlTemplate":"https:\/\/cliniccenter.co.uk\/ro\/?s={search_term_string}"},"query-input":{"@type":"PropertyValueSpecification","valueRequired":true,"valueName":"search_term_string"}}],"inLanguage":"es"}]}},"uagb_featured_image_src":{"full":false,"thumbnail":false,"medium":false,"medium_large":false,"large":false,"1536x1536":false,"2048x2048":false},"uagb_author_info":{"display_name":"Ece G\u00dcNAY","author_link":"https:\/\/cliniccenter.co.uk\/es\/blog\/author\/ece\/"},"uagb_comment_info":0,"uagb_excerpt":"Gu\u00eda y consejos para embajadores 1-Aseg\u00farese de seguir las instrucciones de publicaci\u00f3n mencionadas anteriormente en el momento adecuado. PASO 1; Por favor, comparte un breve resumen sobre por qu\u00e9 vas a Clinic Center y cu\u00e1les son tus expectativas antes de tu visita. PASO 2;Comparte toda tu experiencia y viaje m\u00e9dico en tu cuenta de redes&hellip;","_links":{"self":[{"href":"https:\/\/cliniccenter.co.uk\/es\/wp-json\/wp\/v2\/pages\/45153"}],"collection":[{"href":"https:\/\/cliniccenter.co.uk\/es\/wp-json\/wp\/v2\/pages"}],"about":[{"href":"https:\/\/cliniccenter.co.uk\/es\/wp-json\/wp\/v2\/types\/page"}],"author":[{"embeddable":true,"href":"https:\/\/cliniccenter.co.uk\/es\/wp-json\/wp\/v2\/users\/9"}],"replies":[{"embeddable":true,"href":"https:\/\/cliniccenter.co.uk\/es\/wp-json\/wp\/v2\/comments?post=45153"}],"version-history":[{"count":4,"href":"https:\/\/cliniccenter.co.uk\/es\/wp-json\/wp\/v2\/pages\/45153\/revisions"}],"predecessor-version":[{"id":57196,"href":"https:\/\/cliniccenter.co.uk\/es\/wp-json\/wp\/v2\/pages\/45153\/revisions\/57196"}],"wp:attachment":[{"href":"https:\/\/cliniccenter.co.uk\/es\/wp-json\/wp\/v2\/media?parent=45153"}],"curies":[{"name":"wp","href":"https:\/\/api.w.org\/{rel}","templated":true}]}}