{"id":45157,"date":"2022-07-22T06:39:08","date_gmt":"2022-07-22T06:39:08","guid":{"rendered":"https:\/\/cliniccenter.co.uk\/medical-travel-shield\/"},"modified":"2023-09-14T12:37:46","modified_gmt":"2023-09-14T12:37:46","slug":"escudo-medico-de-viaje","status":"publish","type":"page","link":"https:\/\/cliniccenter.co.uk\/es\/escudo-medico-de-viaje\/","title":{"rendered":"Seguro m\u00e9dico de protecci\u00f3n de viajes"},"content":{"rendered":"\n<p>Clinic Center trabaja junto con Medical Travel Shield para brindarles a nuestros pacientes los mejores servicios de seguro que proteger\u00e1n sus pertenencias y su bienestar durante su viaje de vacaciones m\u00e9dicas en Turqu\u00eda.<\/p>\n\n\n\n<div class=\"wp-block-image\"><figure class=\"aligncenter size-large is-resized\"><img decoding=\"async\" src=\"https:\/\/cliniccenter.co.uk\/wp-content\/uploads\/2022\/07\/insurance-2048x739-1-1024x370.jpg\" alt=\"\" class=\"wp-image-38885\" width=\"1026\" height=\"371\" srcset=\"https:\/\/cliniccenter.co.uk\/wp-content\/uploads\/2022\/07\/insurance-2048x739-1-1024x370.jpg 1024w, https:\/\/cliniccenter.co.uk\/wp-content\/uploads\/2022\/07\/insurance-2048x739-1-300x108.jpg 300w, https:\/\/cliniccenter.co.uk\/wp-content\/uploads\/2022\/07\/insurance-2048x739-1-768x277.jpg 768w, https:\/\/cliniccenter.co.uk\/wp-content\/uploads\/2022\/07\/insurance-2048x739-1-1536x554.jpg 1536w, https:\/\/cliniccenter.co.uk\/wp-content\/uploads\/2022\/07\/insurance-2048x739-1.jpg 2048w\" sizes=\"(max-width: 1026px) 100vw, 1026px\" \/><\/figure><\/div>\n\n\n\n<div style=\"height:70px\" aria-hidden=\"true\" class=\"wp-block-spacer\"><\/div>\n\n\n\n<div class=\"wp-block-buttons alignfull is-content-justification-center is-layout-flex wp-block-buttons-is-layout-flex\">\n<div class=\"wp-block-button has-custom-width wp-block-button__width-25 is-style-fill\"><a class=\"wp-block-button__link\" href=\"https:\/\/www.medicaltravelshield.com\/\">HAGA CLIC PARA M\u00c1S INFORMACI\u00d3N<\/a><\/div>\n<\/div>\n\n\n\n<div style=\"height:65px\" aria-hidden=\"true\" class=\"wp-block-spacer\"><\/div>\n\n\n\n<h6 class=\"wp-block-heading\"><strong>Estos son algunos de los beneficios de viajar a Turqu\u00eda con Clinic Center asegurado por Medical Travel Shield:<\/strong><\/h6>\n\n\n\n<ul class=\"wp-block-list\"><li>Gastos m\u00e9dicos y adicionales, incluida la repatriaci\u00f3n por lesi\u00f3n o enfermedad que surja de un evento no incurrido como parte de su tratamiento.<\/li><li>Gastos m\u00e9dicos incurridos si tiene una complicaci\u00f3n potencialmente mortal que se produce durante el procedimiento planificado<\/li><li>Cancelaci\u00f3n y reducci\u00f3n.<\/li><li>Continuaci\u00f3n del viaje, gastos adicionales de viaje y alojamiento en caso de viajes perdidos.<\/li><li>Retraso en el viaje, debido a cualquier motivo incluido en el certificado,<\/li><li>Responsabilidad legal derivada de lesiones corporales o muerte de terceros o p\u00e9rdida o da\u00f1o accidental a sus bienes.<\/li><li>Accidente Personal, prestaci\u00f3n por da\u00f1os corporales a consecuencia de un accidente.<\/li><li>Beneficio hospitalario pagadero por cada 24 horas de estancia en el hospital.<\/li><li>P\u00e9rdida o da\u00f1o de bienes y\/o dinero acompa\u00f1ados.<\/li><li>Gastos de obtenci\u00f3n de pasaporte de sustituci\u00f3n, billetes y otros documentos de viaje.<\/li><li>Gastos de viaje y alojamiento adicionales al per\u00edodo normal de recuperaci\u00f3n.<\/li><li>Viaje de regreso adicional dentro de los 12 meses posteriores al tratamiento original si una persona cubierta regresa para recibir un tratamiento correctivo m\u00e9dicamente necesario.<\/li><\/ul>\n\n\n\n<h6 class=\"wp-block-heading\"><strong>\u00bfQu\u00e9 NO est\u00e1 asegurado por Medical Travel Shield?<\/strong><\/h6>\n\n\n\n<ul class=\"wp-block-list\"><li>Gastos m\u00e9dicos y adicionales relacionados con el procedimiento o tratamiento m\u00e9dico planificado, excepto si tiene una complicaci\u00f3n potencialmente mortal que se produzca durante el tratamiento planificado.<\/li><li>Tiempo de estancia hospitalaria en relaci\u00f3n con el tratamiento previsto.<\/li><li>Condiciones m\u00e9dicas preexistentes<\/li><li>Viajes para cualquier tratamiento\/procedimiento esencial.<\/li><li>Viajar a territorios peligrosos<\/li><li>Actividades peligrosas<\/li><li>Embarazo, parto o complicaciones m\u00e9dicas asociadas<\/li><li>Enfermedades transmisibles \/ Pandemias<\/li><\/ul>\n\n\n\n<p><\/p>\n\n\n\n<p><\/p>\n","protected":false},"excerpt":{"rendered":"<p>Clinic Center trabaja junto con Medical Travel Shield para brindarles a nuestros pacientes los mejores servicios de seguro que proteger\u00e1n sus pertenencias y su bienestar durante su viaje de vacaciones m\u00e9dicas en Turqu\u00eda. Estos son algunos de los beneficios de viajar a Turqu\u00eda con Clinic Center asegurado por Medical Travel Shield: Gastos m\u00e9dicos y adicionales, [&hellip;]<\/p>\n","protected":false},"author":14,"featured_media":0,"parent":0,"menu_order":0,"comment_status":"closed","ping_status":"closed","template":"","meta":{"_uag_custom_page_level_css":"","_lmt_disableupdate":"","_lmt_disable":"","site-sidebar-layout":"default","site-content-layout":"default","ast-site-content-layout":"default","site-content-style":"default","site-sidebar-style":"default","ast-global-header-display":"","ast-banner-title-visibility":"","ast-main-header-display":"","ast-hfb-above-header-display":"","ast-hfb-below-header-display":"","ast-hfb-mobile-header-display":"","site-post-title":"","ast-breadcrumbs-content":"","ast-featured-img":"","footer-sml-layout":"","theme-transparent-header-meta":"default","adv-header-id-meta":"","stick-header-meta":"","header-above-stick-meta":"","header-main-stick-meta":"","header-below-stick-meta":"","astra-migrate-meta-layouts":"default","ast-page-background-enabled":"default","ast-page-background-meta":{"desktop":{"background-color":"","background-image":"","background-repeat":"repeat","background-position":"center center","background-size":"auto","background-attachment":"scroll","background-type":"","background-media":"","overlay-type":"","overlay-color":"","overlay-opacity":"","overlay-gradient":""},"tablet":{"background-color":"","background-image":"","background-repeat":"repeat","background-position":"center center","background-size":"auto","background-attachment":"scroll","background-type":"","background-media":"","overlay-type":"","overlay-color":"","overlay-opacity":"","overlay-gradient":""},"mobile":{"background-color":"","background-image":"","background-repeat":"repeat","background-position":"center center","background-size":"auto","background-attachment":"scroll","background-type":"","background-media":"","overlay-type":"","overlay-color":"","overlay-opacity":"","overlay-gradient":""}},"ast-content-background-meta":{"desktop":{"background-color":"var(--ast-global-color-5)","background-image":"","background-repeat":"repeat","background-position":"center center","background-size":"auto","background-attachment":"scroll","background-type":"","background-media":"","overlay-type":"","overlay-color":"","overlay-opacity":"","overlay-gradient":""},"tablet":{"background-color":"var(--ast-global-color-5)","background-image":"","background-repeat":"repeat","background-position":"center center","background-size":"auto","background-attachment":"scroll","background-type":"","background-media":"","overlay-type":"","overlay-color":"","overlay-opacity":"","overlay-gradient":""},"mobile":{"background-color":"var(--ast-global-color-5)","background-image":"","background-repeat":"repeat","background-position":"center center","background-size":"auto","background-attachment":"scroll","background-type":"","background-media":"","overlay-type":"","overlay-color":"","overlay-opacity":"","overlay-gradient":""}},"footnotes":""},"class_list":["post-45157","page","type-page","status-publish","hentry"],"yoast_head":"<!-- This site is optimized with the Yoast SEO plugin v25.3.1 - https:\/\/yoast.com\/wordpress\/plugins\/seo\/ -->\n<title>Escudo de viaje m\u00e9dico<\/title>\n<meta name=\"description\" content=\"Explore el beneficio de estar asegurado por Medical Travel Shield mientras disfruta de su tratamiento con Clinic Center.\" \/>\n<meta name=\"robots\" content=\"index, follow, max-snippet:-1, max-image-preview:large, max-video-preview:-1\" \/>\n<link rel=\"canonical\" href=\"https:\/\/cliniccenter.co.uk\/es\/escudo-medico-de-viaje\/\" \/>\n<meta property=\"og:locale\" content=\"es_ES\" \/>\n<meta property=\"og:type\" content=\"article\" \/>\n<meta property=\"og:title\" content=\"Escudo de viaje m\u00e9dico\" \/>\n<meta property=\"og:description\" content=\"Explore el beneficio de estar asegurado por Medical Travel Shield mientras disfruta de su tratamiento con Clinic Center.\" \/>\n<meta property=\"og:url\" content=\"https:\/\/cliniccenter.co.uk\/es\/escudo-medico-de-viaje\/\" \/>\n<meta property=\"article:publisher\" content=\"https:\/\/www.facebook.com\/cliniccenter.co.uk\/\" \/>\n<meta property=\"article:modified_time\" content=\"2023-09-14T12:37:46+00:00\" \/>\n<meta property=\"og:image\" content=\"https:\/\/cliniccenter.co.uk\/wp-content\/uploads\/2022\/07\/insurance-2048x739-1-1024x370.jpg\" \/>\n<meta name=\"twitter:card\" content=\"summary_large_image\" \/>\n<meta name=\"twitter:site\" content=\"@cliniccenteruk\" \/>\n<meta name=\"twitter:label1\" content=\"Tiempo de lectura\" \/>\n\t<meta name=\"twitter:data1\" content=\"2 minutos\" \/>\n<!-- \/ Yoast SEO plugin. -->","yoast_head_json":{"title":"Escudo de viaje m\u00e9dico","description":"Explore el beneficio de estar asegurado por Medical Travel Shield mientras disfruta de su tratamiento con Clinic Center.","robots":{"index":"index","follow":"follow","max-snippet":"max-snippet:-1","max-image-preview":"max-image-preview:large","max-video-preview":"max-video-preview:-1"},"canonical":"https:\/\/cliniccenter.co.uk\/es\/escudo-medico-de-viaje\/","og_locale":"es_ES","og_type":"article","og_title":"Escudo de viaje m\u00e9dico","og_description":"Explore el beneficio de estar asegurado por Medical Travel Shield mientras disfruta de su tratamiento con Clinic Center.","og_url":"https:\/\/cliniccenter.co.uk\/es\/escudo-medico-de-viaje\/","article_publisher":"https:\/\/www.facebook.com\/cliniccenter.co.uk\/","article_modified_time":"2023-09-14T12:37:46+00:00","og_image":[{"url":"https:\/\/cliniccenter.co.uk\/wp-content\/uploads\/2022\/07\/insurance-2048x739-1-1024x370.jpg","type":"","width":"","height":""}],"twitter_card":"summary_large_image","twitter_site":"@cliniccenteruk","twitter_misc":{"Tiempo de lectura":"2 minutos"},"schema":{"@context":"https:\/\/schema.org","@graph":[{"@type":"WebPage","@id":"https:\/\/cliniccenter.co.uk\/es\/escudo-medico-de-viaje\/","url":"https:\/\/cliniccenter.co.uk\/es\/escudo-medico-de-viaje\/","name":"Escudo de viaje m\u00e9dico","isPartOf":{"@id":"https:\/\/cliniccenter.co.uk\/ro\/#website"},"primaryImageOfPage":{"@id":"https:\/\/cliniccenter.co.uk\/es\/escudo-medico-de-viaje\/#primaryimage"},"image":{"@id":"https:\/\/cliniccenter.co.uk\/es\/escudo-medico-de-viaje\/#primaryimage"},"thumbnailUrl":"https:\/\/cliniccenter.co.uk\/wp-content\/uploads\/2022\/07\/insurance-2048x739-1-1024x370.jpg","datePublished":"2022-07-22T06:39:08+00:00","dateModified":"2023-09-14T12:37:46+00:00","description":"Explore el beneficio de estar asegurado por Medical Travel Shield mientras disfruta de su tratamiento con Clinic Center.","breadcrumb":{"@id":"https:\/\/cliniccenter.co.uk\/es\/escudo-medico-de-viaje\/#breadcrumb"},"inLanguage":"es","potentialAction":[{"@type":"ReadAction","target":["https:\/\/cliniccenter.co.uk\/es\/escudo-medico-de-viaje\/"]}]},{"@type":"ImageObject","inLanguage":"es","@id":"https:\/\/cliniccenter.co.uk\/es\/escudo-medico-de-viaje\/#primaryimage","url":"https:\/\/cliniccenter.co.uk\/wp-content\/uploads\/2022\/07\/insurance-2048x739-1-1024x370.jpg","contentUrl":"https:\/\/cliniccenter.co.uk\/wp-content\/uploads\/2022\/07\/insurance-2048x739-1-1024x370.jpg"},{"@type":"BreadcrumbList","@id":"https:\/\/cliniccenter.co.uk\/es\/escudo-medico-de-viaje\/#breadcrumb","itemListElement":[{"@type":"ListItem","position":1,"name":"Home","item":"https:\/\/cliniccenter.co.uk\/es\/"},{"@type":"ListItem","position":2,"name":"Seguro m\u00e9dico de protecci\u00f3n de viajes"}]},{"@type":"WebSite","@id":"https:\/\/cliniccenter.co.uk\/ro\/#website","url":"https:\/\/cliniccenter.co.uk\/ro\/","name":"","description":"","potentialAction":[{"@type":"SearchAction","target":{"@type":"EntryPoint","urlTemplate":"https:\/\/cliniccenter.co.uk\/ro\/?s={search_term_string}"},"query-input":{"@type":"PropertyValueSpecification","valueRequired":true,"valueName":"search_term_string"}}],"inLanguage":"es"}]}},"uagb_featured_image_src":{"full":false,"thumbnail":false,"medium":false,"medium_large":false,"large":false,"1536x1536":false,"2048x2048":false},"uagb_author_info":{"display_name":"Derya Ayd\u0131n","author_link":"https:\/\/cliniccenter.co.uk\/es\/blog\/author\/deryacliniccenter-co-uk\/"},"uagb_comment_info":0,"uagb_excerpt":"Clinic Center trabaja junto con Medical Travel Shield para brindarles a nuestros pacientes los mejores servicios de seguro que proteger\u00e1n sus pertenencias y su bienestar durante su viaje de vacaciones m\u00e9dicas en Turqu\u00eda. Estos son algunos de los beneficios de viajar a Turqu\u00eda con Clinic Center asegurado por Medical Travel Shield: Gastos m\u00e9dicos y adicionales,&hellip;","_links":{"self":[{"href":"https:\/\/cliniccenter.co.uk\/es\/wp-json\/wp\/v2\/pages\/45157"}],"collection":[{"href":"https:\/\/cliniccenter.co.uk\/es\/wp-json\/wp\/v2\/pages"}],"about":[{"href":"https:\/\/cliniccenter.co.uk\/es\/wp-json\/wp\/v2\/types\/page"}],"author":[{"embeddable":true,"href":"https:\/\/cliniccenter.co.uk\/es\/wp-json\/wp\/v2\/users\/14"}],"replies":[{"embeddable":true,"href":"https:\/\/cliniccenter.co.uk\/es\/wp-json\/wp\/v2\/comments?post=45157"}],"version-history":[{"count":1,"href":"https:\/\/cliniccenter.co.uk\/es\/wp-json\/wp\/v2\/pages\/45157\/revisions"}],"predecessor-version":[{"id":45159,"href":"https:\/\/cliniccenter.co.uk\/es\/wp-json\/wp\/v2\/pages\/45157\/revisions\/45159"}],"wp:attachment":[{"href":"https:\/\/cliniccenter.co.uk\/es\/wp-json\/wp\/v2\/media?parent=45157"}],"curies":[{"name":"wp","href":"https:\/\/api.w.org\/{rel}","templated":true}]}}