{"id":45163,"date":"2022-12-13T07:46:59","date_gmt":"2022-12-13T07:46:59","guid":{"rendered":"https:\/\/cliniccenter.co.uk\/doctors\/dentist-nurullah-karabacak\/"},"modified":"2024-03-28T08:26:06","modified_gmt":"2024-03-28T08:26:06","slug":"dentista-nurullah","status":"publish","type":"page","link":"https:\/\/cliniccenter.co.uk\/es\/dentista-nurullah\/","title":{"rendered":"Dentista Nurullah"},"content":{"rendered":"\n<div class=\"wp-block-columns is-layout-flex wp-container-core-columns-is-layout-3 wp-block-columns-is-layout-flex\">\n<div class=\"wp-block-column is-layout-flow wp-block-column-is-layout-flow\" style=\"flex-basis:33.33%\">\n<figure class=\"wp-block-image alignleft size-large\"><img decoding=\"async\" width=\"517\" height=\"1024\" src=\"https:\/\/cliniccenter.co.uk\/wp-content\/uploads\/2022\/12\/DT.-NURULLAH-KARABACAK-517x1024.jpg\" alt=\"\" class=\"wp-image-41306 skip-lazy\" srcset=\"https:\/\/cliniccenter.co.uk\/wp-content\/uploads\/2022\/12\/DT.-NURULLAH-KARABACAK-517x1024.jpg 517w, https:\/\/cliniccenter.co.uk\/wp-content\/uploads\/2022\/12\/DT.-NURULLAH-KARABACAK-152x300.jpg 152w, https:\/\/cliniccenter.co.uk\/wp-content\/uploads\/2022\/12\/DT.-NURULLAH-KARABACAK.jpg 548w\" sizes=\"(max-width: 517px) 100vw, 517px\" \/><\/figure>\n<\/div>\n\n\n\n<div class=\"wp-block-column is-layout-flow wp-block-column-is-layout-flow\" style=\"flex-basis:66.66%\">\n<div class=\"wp-block-columns is-layout-flex wp-container-core-columns-is-layout-1 wp-block-columns-is-layout-flex\">\n<div class=\"wp-block-column leftpadbox is-layout-flow wp-block-column-is-layout-flow\">\n<p><strong>Dentista<\/strong><br><br>Despu\u00e9s de completar su educaci\u00f3n secundaria en Salihli Anatolian Teacher High School, se gradu\u00f3 en la Facultad de Odontolog\u00eda de la Universidad Izmir Ege. Particip\u00f3 en diversos congresos y seminarios. El dentista Nurullah es amado por sus pacientes por los resultados satisfactorios que ofrece y su car\u00e1cter alegre.<\/p>\n\n\n\n<p>Durante su educaci\u00f3n en la Facultad de Odontolog\u00eda de la Universidad \u0130zmir Ege, el dentista Nurullah particip\u00f3 en seminarios, congresos, cursos y conferencias y se especializ\u00f3 en coronas dentales, implantes dentales, carillas de porcelana y tratamiento de conducto. Al brindar resultados dentales permanentes, los pacientes del dentista Nurullah salen satisfechos con sus dientes nuevos y saludables.<\/p>\n<\/div>\n<\/div>\n\n\n\n<div class=\"wp-block-columns is-layout-flex wp-container-core-columns-is-layout-2 wp-block-columns-is-layout-flex\">\n<div class=\"wp-block-column leftpadbox is-layout-flow wp-block-column-is-layout-flow\">\n<p><strong>Experiencia<\/strong>: 5 a\u00f1os<br><strong>Pacientes tratados internacionales<\/strong>: Reino Unido, Irlanda, Australia, Estados Unidos de Am\u00e9rica, Emiratos \u00c1rabes Unidos, Arabia Saudita, Kuwait, Pa\u00edses de la Uni\u00f3n Europea<br><strong>Campos de especializaci\u00f3n<\/strong>: Carillas de porcelana, coronas dentales, implantes dentales, sonrisa de Hollywood, tratamiento de conducto, gingivoplastia y gingivectom\u00eda, All-On-4, All-On-6 y All-On-8, blanqueamiento dental, tratamientos dentales<br><strong>Ciudad<\/strong>:&nbsp;Izmir, Turqu\u00eda<br><strong>D\u00edas laborables<\/strong>: Entre semana y s\u00e1bado<br><strong>Contacto<\/strong>:&nbsp;+44 20 3575 1039 &amp; info@cliniccenter.co.uk<\/p>\n<\/div>\n<\/div>\n<\/div>\n<\/div>\n\n\n\n<script type=\"application\/ld+json\">\n        {\n            \"@context\": \"http:\\\/\\\/schema.org\",\n            \"@type\": \"Physician\",\n            \"@id\": \"https:\/\/cliniccenter.co.uk\/es\/dentista-nurullah\/\",\n            \"areaServed\": {\n                \"@type\": \"Place\",\n                \"name\": \"Izmir, Turkey\"\n            },\n            \"alumniOf\": {\n                \"@type\": \"OrganizationRole\",\n                \"alumniOf\": {\n                    \"@type\": \"CollegeOrUniversity\",\n                    \"name\": \"Ege University\"\n                }\n            },\n            \"employee\": {\n                \"@type\": \"Person\",\n                \"@id\": \"https:\/\/cliniccenter.co.uk\/es\/dentista-nurullah\/\",\n                \"description\": \"Despu\u00e9s de completar su educaci\u00f3n secundaria en Salihli Anatolian Teacher High School, se gradu\u00f3 en la Facultad de Odontolog\u00eda de la Universidad Izmir Ege. Particip\u00f3 en diversos congresos y seminarios. El dentista Nurullah es amado por sus pacientes por los resultados satisfactorios que ofrece y su car\u00e1cter alegre.\",\n                \"hasOccupation\": {\n                    \"@type\": \"Occupation\",\n                    \"name\": \"Dentistry\"\n                },\n                \"knowsLanguage\": {\n                    \"@type\": \"Language\",\n                    \"name\": \"English\",\n                    \"alternateName\": \"en\"\n                },\n                \"honorificSuffix\": \"Dentist\"\n            },\n            \"hospitalAffiliation\": {\n                \"image\": {\n                    \"@type\": \"ImageObject\",\n                    \"@id\": \"https:\/\/cliniccenter.co.uk\/wp-content\/uploads\/2022\/12\/DT.-NURULLAH.jpg\"\n                }\n            },\n            \"isAcceptingNewPatients\": \"https:\\\/\\\/schema.org\\\/True\",\n            \"isAccessibleForFree\": \"https:\\\/\\\/schema.org\\\/False\",\n            \"medicalSpecialty\": {\n                \"@type\": \"MedicalSpecialty\",\n                \"name\": \" Porcelain Veneers, Dental Crowns, Dental Implants, Hollywood Smile, Root-Canal Treatment, Gingivoplasty & Gingivectomy, All-On-4 , All-On-6 & All-On-8, Teeth Whitening, Dental Treatments\"\n            },\n\n            \"name\": \"Dentista Nurullah\"\n        }\n    <\/script>\n","protected":false},"excerpt":{"rendered":"<p>Dentista Despu\u00e9s de completar su educaci\u00f3n secundaria en Salihli Anatolian Teacher High School, se gradu\u00f3 en la Facultad de Odontolog\u00eda de la Universidad Izmir Ege. Particip\u00f3 en diversos congresos y seminarios. El dentista Nurullah es amado por sus pacientes por los resultados satisfactorios que ofrece y su car\u00e1cter alegre. Durante su educaci\u00f3n en la Facultad [&hellip;]<\/p>\n","protected":false},"author":15,"featured_media":0,"parent":18075,"menu_order":0,"comment_status":"closed","ping_status":"closed","template":"","meta":{"_uag_custom_page_level_css":"","_lmt_disableupdate":"no","_lmt_disable":"","site-sidebar-layout":"default","site-content-layout":"default","ast-site-content-layout":"default","site-content-style":"default","site-sidebar-style":"default","ast-global-header-display":"","ast-banner-title-visibility":"","ast-main-header-display":"","ast-hfb-above-header-display":"","ast-hfb-below-header-display":"","ast-hfb-mobile-header-display":"","site-post-title":"","ast-breadcrumbs-content":"","ast-featured-img":"","footer-sml-layout":"","theme-transparent-header-meta":"default","adv-header-id-meta":"","stick-header-meta":"","header-above-stick-meta":"","header-main-stick-meta":"","header-below-stick-meta":"","astra-migrate-meta-layouts":"set","ast-page-background-enabled":"default","ast-page-background-meta":{"desktop":{"background-color":"","background-image":"","background-repeat":"repeat","background-position":"center center","background-size":"auto","background-attachment":"scroll","background-type":"","background-media":"","overlay-type":"","overlay-color":"","overlay-opacity":"","overlay-gradient":""},"tablet":{"background-color":"","background-image":"","background-repeat":"repeat","background-position":"center center","background-size":"auto","background-attachment":"scroll","background-type":"","background-media":"","overlay-type":"","overlay-color":"","overlay-opacity":"","overlay-gradient":""},"mobile":{"background-color":"","background-image":"","background-repeat":"repeat","background-position":"center center","background-size":"auto","background-attachment":"scroll","background-type":"","background-media":"","overlay-type":"","overlay-color":"","overlay-opacity":"","overlay-gradient":""}},"ast-content-background-meta":{"desktop":{"background-color":"var(--ast-global-color-5)","background-image":"","background-repeat":"repeat","background-position":"center center","background-size":"auto","background-attachment":"scroll","background-type":"","background-media":"","overlay-type":"","overlay-color":"","overlay-opacity":"","overlay-gradient":""},"tablet":{"background-color":"var(--ast-global-color-5)","background-image":"","background-repeat":"repeat","background-position":"center center","background-size":"auto","background-attachment":"scroll","background-type":"","background-media":"","overlay-type":"","overlay-color":"","overlay-opacity":"","overlay-gradient":""},"mobile":{"background-color":"var(--ast-global-color-5)","background-image":"","background-repeat":"repeat","background-position":"center center","background-size":"auto","background-attachment":"scroll","background-type":"","background-media":"","overlay-type":"","overlay-color":"","overlay-opacity":"","overlay-gradient":""}},"footnotes":""},"class_list":["post-45163","page","type-page","status-publish","hentry"],"yoast_head":"<!-- This site is optimized with the Yoast SEO plugin v25.3.1 - https:\/\/yoast.com\/wordpress\/plugins\/seo\/ -->\n<title>Dentista Nurullah | Clinic Center<\/title>\n<meta name=\"description\" content=\"Dentista socio Nurullah en Clinic Center, con 5 a\u00f1os de experiencia en implantes dentales, carillas de porcelana y coronas dentales.\" \/>\n<meta name=\"robots\" content=\"index, follow, max-snippet:-1, max-image-preview:large, max-video-preview:-1\" \/>\n<link rel=\"canonical\" href=\"https:\/\/cliniccenter.co.uk\/es\/dentista-nurullah\/\" \/>\n<meta property=\"og:locale\" content=\"es_ES\" \/>\n<meta property=\"og:type\" content=\"article\" \/>\n<meta property=\"og:title\" content=\"Dentista Nurullah | Clinic Center\" \/>\n<meta property=\"og:description\" content=\"Dentista socio Nurullah en Clinic Center, con 5 a\u00f1os de experiencia en implantes dentales, carillas de porcelana y coronas dentales.\" \/>\n<meta property=\"og:url\" content=\"https:\/\/cliniccenter.co.uk\/es\/dentista-nurullah\/\" \/>\n<meta property=\"article:publisher\" content=\"https:\/\/www.facebook.com\/cliniccenter.co.uk\/\" \/>\n<meta property=\"article:modified_time\" content=\"2024-03-28T08:26:06+00:00\" \/>\n<meta property=\"og:image\" content=\"https:\/\/cliniccenter.co.uk\/wp-content\/uploads\/2022\/12\/DT.-NURULLAH-KARABACAK-517x1024.jpg\" \/>\n<meta name=\"twitter:card\" content=\"summary_large_image\" \/>\n<meta name=\"twitter:site\" content=\"@cliniccenteruk\" \/>\n<meta name=\"twitter:label1\" content=\"Tiempo de lectura\" \/>\n\t<meta name=\"twitter:data1\" content=\"1 minuto\" \/>\n<!-- \/ Yoast SEO plugin. -->","yoast_head_json":{"title":"Dentista Nurullah | Clinic Center","description":"Dentista socio Nurullah en Clinic Center, con 5 a\u00f1os de experiencia en implantes dentales, carillas de porcelana y coronas dentales.","robots":{"index":"index","follow":"follow","max-snippet":"max-snippet:-1","max-image-preview":"max-image-preview:large","max-video-preview":"max-video-preview:-1"},"canonical":"https:\/\/cliniccenter.co.uk\/es\/dentista-nurullah\/","og_locale":"es_ES","og_type":"article","og_title":"Dentista Nurullah | Clinic Center","og_description":"Dentista socio Nurullah en Clinic Center, con 5 a\u00f1os de experiencia en implantes dentales, carillas de porcelana y coronas dentales.","og_url":"https:\/\/cliniccenter.co.uk\/es\/dentista-nurullah\/","article_publisher":"https:\/\/www.facebook.com\/cliniccenter.co.uk\/","article_modified_time":"2024-03-28T08:26:06+00:00","og_image":[{"url":"https:\/\/cliniccenter.co.uk\/wp-content\/uploads\/2022\/12\/DT.-NURULLAH-KARABACAK-517x1024.jpg","type":"","width":"","height":""}],"twitter_card":"summary_large_image","twitter_site":"@cliniccenteruk","twitter_misc":{"Tiempo de lectura":"1 minuto"},"schema":{"@context":"https:\/\/schema.org","@graph":[{"@type":"WebPage","@id":"https:\/\/cliniccenter.co.uk\/es\/dentista-nurullah\/","url":"https:\/\/cliniccenter.co.uk\/es\/dentista-nurullah\/","name":"Dentista Nurullah | Clinic Center","isPartOf":{"@id":"https:\/\/cliniccenter.co.uk\/ro\/#website"},"primaryImageOfPage":{"@id":"https:\/\/cliniccenter.co.uk\/es\/dentista-nurullah\/#primaryimage"},"image":{"@id":"https:\/\/cliniccenter.co.uk\/es\/dentista-nurullah\/#primaryimage"},"thumbnailUrl":"https:\/\/cliniccenter.co.uk\/wp-content\/uploads\/2022\/12\/DT.-NURULLAH-KARABACAK-517x1024.jpg","datePublished":"2022-12-13T07:46:59+00:00","dateModified":"2024-03-28T08:26:06+00:00","description":"Dentista socio Nurullah en Clinic Center, con 5 a\u00f1os de experiencia en implantes dentales, carillas de porcelana y coronas dentales.","breadcrumb":{"@id":"https:\/\/cliniccenter.co.uk\/es\/dentista-nurullah\/#breadcrumb"},"inLanguage":"es","potentialAction":[{"@type":"ReadAction","target":["https:\/\/cliniccenter.co.uk\/es\/dentista-nurullah\/"]}]},{"@type":"ImageObject","inLanguage":"es","@id":"https:\/\/cliniccenter.co.uk\/es\/dentista-nurullah\/#primaryimage","url":"https:\/\/cliniccenter.co.uk\/wp-content\/uploads\/2022\/12\/DT.-NURULLAH-KARABACAK-517x1024.jpg","contentUrl":"https:\/\/cliniccenter.co.uk\/wp-content\/uploads\/2022\/12\/DT.-NURULLAH-KARABACAK-517x1024.jpg"},{"@type":"BreadcrumbList","@id":"https:\/\/cliniccenter.co.uk\/es\/dentista-nurullah\/#breadcrumb","itemListElement":[{"@type":"ListItem","position":1,"name":"Home","item":"https:\/\/cliniccenter.co.uk\/es\/"},{"@type":"ListItem","position":2,"name":"Los mejores cirujanos y m\u00e9dicos en Turqu\u00eda","item":"https:\/\/cliniccenter.co.uk\/es\/doctors\/"},{"@type":"ListItem","position":3,"name":"Dentista Nurullah"}]},{"@type":"WebSite","@id":"https:\/\/cliniccenter.co.uk\/ro\/#website","url":"https:\/\/cliniccenter.co.uk\/ro\/","name":"","description":"","potentialAction":[{"@type":"SearchAction","target":{"@type":"EntryPoint","urlTemplate":"https:\/\/cliniccenter.co.uk\/ro\/?s={search_term_string}"},"query-input":{"@type":"PropertyValueSpecification","valueRequired":true,"valueName":"search_term_string"}}],"inLanguage":"es"}]}},"uagb_featured_image_src":{"full":false,"thumbnail":false,"medium":false,"medium_large":false,"large":false,"1536x1536":false,"2048x2048":false},"uagb_author_info":{"display_name":"G\u00f6rkem G\u00fcng\u00f6r","author_link":"https:\/\/cliniccenter.co.uk\/es\/blog\/author\/gorkem\/"},"uagb_comment_info":0,"uagb_excerpt":"Dentista Despu\u00e9s de completar su educaci\u00f3n secundaria en Salihli Anatolian Teacher High School, se gradu\u00f3 en la Facultad de Odontolog\u00eda de la Universidad Izmir Ege. Particip\u00f3 en diversos congresos y seminarios. El dentista Nurullah es amado por sus pacientes por los resultados satisfactorios que ofrece y su car\u00e1cter alegre. Durante su educaci\u00f3n en la Facultad&hellip;","_links":{"self":[{"href":"https:\/\/cliniccenter.co.uk\/es\/wp-json\/wp\/v2\/pages\/45163"}],"collection":[{"href":"https:\/\/cliniccenter.co.uk\/es\/wp-json\/wp\/v2\/pages"}],"about":[{"href":"https:\/\/cliniccenter.co.uk\/es\/wp-json\/wp\/v2\/types\/page"}],"author":[{"embeddable":true,"href":"https:\/\/cliniccenter.co.uk\/es\/wp-json\/wp\/v2\/users\/15"}],"replies":[{"embeddable":true,"href":"https:\/\/cliniccenter.co.uk\/es\/wp-json\/wp\/v2\/comments?post=45163"}],"version-history":[{"count":3,"href":"https:\/\/cliniccenter.co.uk\/es\/wp-json\/wp\/v2\/pages\/45163\/revisions"}],"predecessor-version":[{"id":51119,"href":"https:\/\/cliniccenter.co.uk\/es\/wp-json\/wp\/v2\/pages\/45163\/revisions\/51119"}],"up":[{"embeddable":true,"href":"https:\/\/cliniccenter.co.uk\/es\/wp-json\/wp\/v2\/pages\/18075"}],"wp:attachment":[{"href":"https:\/\/cliniccenter.co.uk\/es\/wp-json\/wp\/v2\/media?parent=45163"}],"curies":[{"name":"wp","href":"https:\/\/api.w.org\/{rel}","templated":true}]}}