{"id":45192,"date":"2023-07-19T06:28:44","date_gmt":"2023-07-19T06:28:44","guid":{"rendered":"https:\/\/cliniccenter.co.uk\/doctors\/dr-cem-arslan\/"},"modified":"2024-03-28T12:16:15","modified_gmt":"2024-03-28T12:16:15","slug":"dr-cem","status":"publish","type":"page","link":"https:\/\/cliniccenter.co.uk\/es\/dr-cem\/","title":{"rendered":"Dr. Cem"},"content":{"rendered":"\n<div class=\"wp-block-columns is-layout-flex wp-container-core-columns-is-layout-4 wp-block-columns-is-layout-flex\">\n<div class=\"wp-block-column is-layout-flow wp-block-column-is-layout-flow\" style=\"flex-basis:33.33%\">\n<figure class=\"wp-block-gallery has-nested-images columns-default is-cropped wp-block-gallery-1 is-layout-flex wp-block-gallery-is-layout-flex\">\n<figure class=\"wp-block-image size-large\"><img decoding=\"async\" width=\"517\" height=\"1024\" src=\"https:\/\/cliniccenter.co.uk\/wp-content\/uploads\/2023\/07\/cem-arslan-dik-517x1024.jpg\" alt=\"cem-arslan-dik\" class=\"wp-image-44086 skip-lazy\" srcset=\"https:\/\/cliniccenter.co.uk\/wp-content\/uploads\/2023\/07\/cem-arslan-dik-517x1024.jpg 517w, https:\/\/cliniccenter.co.uk\/wp-content\/uploads\/2023\/07\/cem-arslan-dik-152x300.jpg 152w, https:\/\/cliniccenter.co.uk\/wp-content\/uploads\/2023\/07\/cem-arslan-dik.jpg 548w\" sizes=\"(max-width: 517px) 100vw, 517px\" \/><\/figure>\n<\/figure>\n<\/div>\n\n\n\n<div class=\"wp-block-column is-layout-flow wp-block-column-is-layout-flow\" style=\"flex-basis:66.66%\">\n<div class=\"wp-block-columns is-layout-flex wp-container-core-columns-is-layout-1 wp-block-columns-is-layout-flex\">\n<div class=\"wp-block-column leftpadbox is-layout-flow wp-block-column-is-layout-flow\">\n<p>El Dr. Cem es un profesional m\u00e9dico capacitado y dedicado con amplia experiencia en el campo de la cirug\u00eda bari\u00e1trica. Complet\u00f3 su t\u00edtulo de m\u00e9dico en la Facultad de Medicina de la Universidad de Estambul.<\/p>\n\n\n\n<p>El Dr. Cem perfeccion\u00f3 a\u00fan m\u00e1s su experiencia a trav\u00e9s de su residencia en el Hospital de Investigaci\u00f3n y Educaci\u00f3n Haydarpasa Numune de Estambul, especializ\u00e1ndose en cirug\u00eda bari\u00e1trica. A lo largo de su carrera, ha demostrado constantemente una pasi\u00f3n por brindar servicios de atenci\u00f3n m\u00e9dica de alta calidad a sus pacientes.<\/p>\n\n\n\n<p>Su recorrido profesional lo ha llevado por diversas instituciones sanitarias. Trabaj\u00f3 en varias cl\u00ednicas y hospitales y realiz\u00f3 miles de cirug\u00edas bari\u00e1tricas a lo largo de su carrera. El Dr. Cem, cirujano de manga g\u00e1strica asociado de Clinic Center, dio la bienvenida a miles de pacientes para la cirug\u00eda de manga g\u00e1strica y solo busca la felicidad de los pacientes cuando se trata de tratamiento bari\u00e1trico.<\/p>\n\n\n\n<p>Con su amplia experiencia m\u00e9dica, su dedicaci\u00f3n a la atenci\u00f3n al paciente y sus diversos intereses, el Dr. Cem Arslan contin\u00faa generando un impacto positivo en el campo de la cirug\u00eda bari\u00e1trica y cambia la vida de sus pacientes. Con 15 a\u00f1os de experiencia, el Dr. Cem logra cirug\u00edas bari\u00e1tricas que cambian vidas.<\/p>\n<\/div>\n<\/div>\n\n\n\n<div class=\"wp-block-columns is-layout-flex wp-container-core-columns-is-layout-2 wp-block-columns-is-layout-flex\">\n<div class=\"wp-block-column is-layout-flow wp-block-column-is-layout-flow\">\n<figure class=\"wp-block-image aligncenter size-large\"><img decoding=\"async\" width=\"250\" height=\"194\" src=\"https:\/\/cliniccenter.co.uk\/wp-content\/uploads\/2023\/07\/cem-arslan-diplama.jpg\" alt=\"cem-arslan-diplama\" class=\"wp-image-44091\"\/><\/figure>\n<\/div>\n\n\n\n<div class=\"wp-block-column is-layout-flow wp-block-column-is-layout-flow\">\n<figure class=\"wp-block-image aligncenter size-large\"><img decoding=\"async\" width=\"250\" height=\"194\" src=\"https:\/\/cliniccenter.co.uk\/wp-content\/uploads\/2023\/07\/cem-arslan-uzmanlikbelgesi.jpg\" alt=\"cem-arslan-uzmanl\u0131kbelgesi\" class=\"wp-image-44101\"\/><\/figure>\n<\/div>\n<\/div>\n\n\n\n<div class=\"wp-block-columns is-layout-flex wp-container-core-columns-is-layout-3 wp-block-columns-is-layout-flex\">\n<div class=\"wp-block-column leftpadbox is-layout-flow wp-block-column-is-layout-flow\">\n<p><strong>Experiencia<\/strong>: 15 a\u00f1os<br><strong>Pacientes tratadas internacionales<\/strong>: Reino Unido, Irlanda, Australia, Estados Unidos de Am\u00e9rica, Canad\u00e1, Alemania, Francia, Emiratos \u00c1rabes Unidos, Arabia Saudita<br><strong>Campos de especializaci\u00f3n:<\/strong> Manga G\u00e1strica, Bypass G\u00e1strico, Bal\u00f3n G\u00e1strico<br><strong>Membres\u00edas<\/strong>: Asociaci\u00f3n M\u00e9dica Turca<br><strong>Ciudad<\/strong>:&nbsp;Istanbul, Turqu\u00eda<br><strong>D\u00edas laborables<\/strong>: D\u00edas laborables<br><strong>Idiomas<\/strong>: Ingl\u00e9s<br><strong>Contacto<\/strong>:&nbsp;info@cliniccenter.co.uk<\/p>\n<\/div>\n<\/div>\n<\/div>\n<\/div>\n\n\n\n<script type=\"application\/ld+json\">\n    {\n        \"@context\": \"http:\\\/\\\/schema.org\",\n        \"@type\": \"Physician\",\n        \"@id\": \"https:\/\/cliniccenter.co.uk\/es\/dr-cem\/\",\n        \"areaServed\": {\n            \"@type\": \"Place\",\n            \"name\": \"Istanbul, Turkey\"\n        },\n        \"alumniOf\": {\n            \"@type\": \"OrganizationRole\",\n            \"alumniOf\": {\n                \"@type\": \"CollegeOrUniversity\",\n                \"name\": \"Marmara University Faculty of Medicine\"\n            }\n        },\n        \"employee\": {\n            \"@type\": \"Person\",\n            \"@id\": \"https:\/\/cliniccenter.co.uk\/es\/dr-cem\/\",\n            \"description\": \"El Dr. Cem es un profesional m\u00e9dico capacitado y dedicado con amplia experiencia en el campo de la cirug\u00eda general. Nacido el 30 de abril de 1982 en Turqu\u00eda, obtuvo su educaci\u00f3n en instituciones de renombre. Complet\u00f3 su educaci\u00f3n secundaria en Gemlik Anatolian Lycee y Tan College, y luego obtuvo su t\u00edtulo de m\u00e9dico en la Facultad de Medicina de la Universidad de Estambul de 2000 a 2006. El Dr. Cem, perfeccion\u00f3 a\u00fan m\u00e1s su experiencia a trav\u00e9s de su residencia en el Hospital de Investigaci\u00f3n y Educaci\u00f3n Haydarpasa Numune de Estambul, especializ\u00e1ndose en cirug\u00eda general de 2008 a 2013. A lo largo de su carrera, ha demostrado constantemente una pasi\u00f3n por brindar servicios de atenci\u00f3n m\u00e9dica de alta calidad a sus pacientes. Su recorrido profesional lo ha llevado por diversas instituciones sanitarias. De 2014 a 2021 trabaj\u00f3 en varias cl\u00ednicas y hospitales y realiz\u00f3 miles de cirug\u00edas bari\u00e1tricas a lo largo de su carrera. Con su amplia experiencia m\u00e9dica, dedicaci\u00f3n a la atenci\u00f3n al paciente y diversos intereses, el Dr. Cem contin\u00faa generando un impacto positivo en el campo de la cirug\u00eda general y la vida de sus pacientes.\",\n            \"hasOccupation\": {\n                \"@type\": \"Occupation\",\n                \"name\": \"Gastric Surgeon\"\n            },\n            \"knowsLanguage\": {\n                \"@type\": \"Language\",\n                \"name\": \"English\",\n                \"alternateName\": \"en\"\n            },\n            \"honorificSuffix\": \"Dr.\"\n        },\n        \"hospitalAffiliation\": {\n            \"image\": {\n                \"@type\": \"ImageObject\",\n                \"@id\": \"https:\/\/cliniccenter.co.uk\/wp-content\/uploads\/2023\/07\/cem-dik.jpg\"\n            }\n        },\n        \"isAcceptingNewPatients\": \"https:\\\/\\\/schema.org\\\/True\",\n        \"isAccessibleForFree\": \"https:\\\/\\\/schema.org\\\/False\",\n        \"medicalSpecialty\": {\n            \"@type\": \"MedicalSpecialty\",\n            \"name\": \"Gastric Bypass, Gastric Sleeve, Gastric Balloon\"\n        },\n        \"memberOf\": {\n            \"@type\": \"Organization\",\n            \"name\": [\n                \"Turkish Medical Association\"\n            ]\n        },\n        \"name\": \"Dr. Cem\"\n    }\n<\/script>\n","protected":false},"excerpt":{"rendered":"<p>El Dr. Cem es un profesional m\u00e9dico capacitado y dedicado con amplia experiencia en el campo de la cirug\u00eda bari\u00e1trica. Complet\u00f3 su t\u00edtulo de m\u00e9dico en la Facultad de Medicina de la Universidad de Estambul. El Dr. Cem perfeccion\u00f3 a\u00fan m\u00e1s su experiencia a trav\u00e9s de su residencia en el Hospital de Investigaci\u00f3n y Educaci\u00f3n [&hellip;]<\/p>\n","protected":false},"author":15,"featured_media":0,"parent":18075,"menu_order":0,"comment_status":"closed","ping_status":"closed","template":"","meta":{"_uag_custom_page_level_css":"","_lmt_disableupdate":"no","_lmt_disable":"","site-sidebar-layout":"default","site-content-layout":"default","ast-site-content-layout":"default","site-content-style":"default","site-sidebar-style":"default","ast-global-header-display":"","ast-banner-title-visibility":"","ast-main-header-display":"","ast-hfb-above-header-display":"","ast-hfb-below-header-display":"","ast-hfb-mobile-header-display":"","site-post-title":"","ast-breadcrumbs-content":"","ast-featured-img":"","footer-sml-layout":"","theme-transparent-header-meta":"default","adv-header-id-meta":"","stick-header-meta":"","header-above-stick-meta":"","header-main-stick-meta":"","header-below-stick-meta":"","astra-migrate-meta-layouts":"set","ast-page-background-enabled":"default","ast-page-background-meta":{"desktop":{"background-color":"","background-image":"","background-repeat":"repeat","background-position":"center center","background-size":"auto","background-attachment":"scroll","background-type":"","background-media":"","overlay-type":"","overlay-color":"","overlay-opacity":"","overlay-gradient":""},"tablet":{"background-color":"","background-image":"","background-repeat":"repeat","background-position":"center center","background-size":"auto","background-attachment":"scroll","background-type":"","background-media":"","overlay-type":"","overlay-color":"","overlay-opacity":"","overlay-gradient":""},"mobile":{"background-color":"","background-image":"","background-repeat":"repeat","background-position":"center center","background-size":"auto","background-attachment":"scroll","background-type":"","background-media":"","overlay-type":"","overlay-color":"","overlay-opacity":"","overlay-gradient":""}},"ast-content-background-meta":{"desktop":{"background-color":"var(--ast-global-color-5)","background-image":"","background-repeat":"repeat","background-position":"center center","background-size":"auto","background-attachment":"scroll","background-type":"","background-media":"","overlay-type":"","overlay-color":"","overlay-opacity":"","overlay-gradient":""},"tablet":{"background-color":"var(--ast-global-color-5)","background-image":"","background-repeat":"repeat","background-position":"center center","background-size":"auto","background-attachment":"scroll","background-type":"","background-media":"","overlay-type":"","overlay-color":"","overlay-opacity":"","overlay-gradient":""},"mobile":{"background-color":"var(--ast-global-color-5)","background-image":"","background-repeat":"repeat","background-position":"center center","background-size":"auto","background-attachment":"scroll","background-type":"","background-media":"","overlay-type":"","overlay-color":"","overlay-opacity":"","overlay-gradient":""}},"footnotes":""},"class_list":["post-45192","page","type-page","status-publish","hentry"],"yoast_head":"<!-- This site is optimized with the Yoast SEO plugin v25.3.1 - https:\/\/yoast.com\/wordpress\/plugins\/seo\/ -->\n<title>Dr. Cem | Cirujano G\u00e1strico | Clinic Center<\/title>\n<meta name=\"description\" content=\"Lea m\u00e1s sobre el Dr. Cem, experto asociado, con m\u00e1s de 15 a\u00f1os de experiencia en el campo de la cirug\u00eda bari\u00e1trica.\" \/>\n<meta name=\"robots\" content=\"index, follow, max-snippet:-1, max-image-preview:large, max-video-preview:-1\" \/>\n<link rel=\"canonical\" href=\"https:\/\/cliniccenter.co.uk\/es\/dr-cem\/\" \/>\n<meta property=\"og:locale\" content=\"es_ES\" \/>\n<meta property=\"og:type\" content=\"article\" \/>\n<meta property=\"og:title\" content=\"Dr. Cem | Cirujano G\u00e1strico | Clinic Center\" \/>\n<meta property=\"og:description\" content=\"Lea m\u00e1s sobre el Dr. Cem, experto asociado, con m\u00e1s de 15 a\u00f1os de experiencia en el campo de la cirug\u00eda bari\u00e1trica.\" \/>\n<meta property=\"og:url\" content=\"https:\/\/cliniccenter.co.uk\/es\/dr-cem\/\" \/>\n<meta property=\"article:publisher\" content=\"https:\/\/www.facebook.com\/cliniccenter.co.uk\/\" \/>\n<meta property=\"article:modified_time\" content=\"2024-03-28T12:16:15+00:00\" \/>\n<meta property=\"og:image\" content=\"https:\/\/cliniccenter.co.uk\/wp-content\/uploads\/2023\/07\/cem-arslan-dik-517x1024.jpg\" \/>\n<meta name=\"twitter:card\" content=\"summary_large_image\" \/>\n<meta name=\"twitter:site\" content=\"@cliniccenteruk\" \/>\n<meta name=\"twitter:label1\" content=\"Tiempo de lectura\" \/>\n\t<meta name=\"twitter:data1\" content=\"2 minutos\" \/>\n<!-- \/ Yoast SEO plugin. -->","yoast_head_json":{"title":"Dr. Cem | Cirujano G\u00e1strico | Clinic Center","description":"Lea m\u00e1s sobre el Dr. Cem, experto asociado, con m\u00e1s de 15 a\u00f1os de experiencia en el campo de la cirug\u00eda bari\u00e1trica.","robots":{"index":"index","follow":"follow","max-snippet":"max-snippet:-1","max-image-preview":"max-image-preview:large","max-video-preview":"max-video-preview:-1"},"canonical":"https:\/\/cliniccenter.co.uk\/es\/dr-cem\/","og_locale":"es_ES","og_type":"article","og_title":"Dr. Cem | Cirujano G\u00e1strico | Clinic Center","og_description":"Lea m\u00e1s sobre el Dr. Cem, experto asociado, con m\u00e1s de 15 a\u00f1os de experiencia en el campo de la cirug\u00eda bari\u00e1trica.","og_url":"https:\/\/cliniccenter.co.uk\/es\/dr-cem\/","article_publisher":"https:\/\/www.facebook.com\/cliniccenter.co.uk\/","article_modified_time":"2024-03-28T12:16:15+00:00","og_image":[{"url":"https:\/\/cliniccenter.co.uk\/wp-content\/uploads\/2023\/07\/cem-arslan-dik-517x1024.jpg","type":"","width":"","height":""}],"twitter_card":"summary_large_image","twitter_site":"@cliniccenteruk","twitter_misc":{"Tiempo de lectura":"2 minutos"},"schema":{"@context":"https:\/\/schema.org","@graph":[{"@type":"WebPage","@id":"https:\/\/cliniccenter.co.uk\/es\/dr-cem\/","url":"https:\/\/cliniccenter.co.uk\/es\/dr-cem\/","name":"Dr. Cem | Cirujano G\u00e1strico | Clinic Center","isPartOf":{"@id":"https:\/\/cliniccenter.co.uk\/ro\/#website"},"primaryImageOfPage":{"@id":"https:\/\/cliniccenter.co.uk\/es\/dr-cem\/#primaryimage"},"image":{"@id":"https:\/\/cliniccenter.co.uk\/es\/dr-cem\/#primaryimage"},"thumbnailUrl":"https:\/\/cliniccenter.co.uk\/wp-content\/uploads\/2023\/07\/cem-arslan-dik-517x1024.jpg","datePublished":"2023-07-19T06:28:44+00:00","dateModified":"2024-03-28T12:16:15+00:00","description":"Lea m\u00e1s sobre el Dr. Cem, experto asociado, con m\u00e1s de 15 a\u00f1os de experiencia en el campo de la cirug\u00eda bari\u00e1trica.","breadcrumb":{"@id":"https:\/\/cliniccenter.co.uk\/es\/dr-cem\/#breadcrumb"},"inLanguage":"es","potentialAction":[{"@type":"ReadAction","target":["https:\/\/cliniccenter.co.uk\/es\/dr-cem\/"]}]},{"@type":"ImageObject","inLanguage":"es","@id":"https:\/\/cliniccenter.co.uk\/es\/dr-cem\/#primaryimage","url":"https:\/\/cliniccenter.co.uk\/wp-content\/uploads\/2023\/07\/cem-arslan-dik-517x1024.jpg","contentUrl":"https:\/\/cliniccenter.co.uk\/wp-content\/uploads\/2023\/07\/cem-arslan-dik-517x1024.jpg"},{"@type":"BreadcrumbList","@id":"https:\/\/cliniccenter.co.uk\/es\/dr-cem\/#breadcrumb","itemListElement":[{"@type":"ListItem","position":1,"name":"Home","item":"https:\/\/cliniccenter.co.uk\/es\/"},{"@type":"ListItem","position":2,"name":"Los mejores cirujanos y m\u00e9dicos en Turqu\u00eda","item":"https:\/\/cliniccenter.co.uk\/es\/doctors\/"},{"@type":"ListItem","position":3,"name":"Dr. Cem"}]},{"@type":"WebSite","@id":"https:\/\/cliniccenter.co.uk\/ro\/#website","url":"https:\/\/cliniccenter.co.uk\/ro\/","name":"","description":"","potentialAction":[{"@type":"SearchAction","target":{"@type":"EntryPoint","urlTemplate":"https:\/\/cliniccenter.co.uk\/ro\/?s={search_term_string}"},"query-input":{"@type":"PropertyValueSpecification","valueRequired":true,"valueName":"search_term_string"}}],"inLanguage":"es"}]}},"uagb_featured_image_src":{"full":false,"thumbnail":false,"medium":false,"medium_large":false,"large":false,"1536x1536":false,"2048x2048":false},"uagb_author_info":{"display_name":"G\u00f6rkem G\u00fcng\u00f6r","author_link":"https:\/\/cliniccenter.co.uk\/es\/blog\/author\/gorkem\/"},"uagb_comment_info":0,"uagb_excerpt":"El Dr. Cem es un profesional m\u00e9dico capacitado y dedicado con amplia experiencia en el campo de la cirug\u00eda bari\u00e1trica. Complet\u00f3 su t\u00edtulo de m\u00e9dico en la Facultad de Medicina de la Universidad de Estambul. El Dr. Cem perfeccion\u00f3 a\u00fan m\u00e1s su experiencia a trav\u00e9s de su residencia en el Hospital de Investigaci\u00f3n y Educaci\u00f3n&hellip;","_links":{"self":[{"href":"https:\/\/cliniccenter.co.uk\/es\/wp-json\/wp\/v2\/pages\/45192"}],"collection":[{"href":"https:\/\/cliniccenter.co.uk\/es\/wp-json\/wp\/v2\/pages"}],"about":[{"href":"https:\/\/cliniccenter.co.uk\/es\/wp-json\/wp\/v2\/types\/page"}],"author":[{"embeddable":true,"href":"https:\/\/cliniccenter.co.uk\/es\/wp-json\/wp\/v2\/users\/15"}],"replies":[{"embeddable":true,"href":"https:\/\/cliniccenter.co.uk\/es\/wp-json\/wp\/v2\/comments?post=45192"}],"version-history":[{"count":3,"href":"https:\/\/cliniccenter.co.uk\/es\/wp-json\/wp\/v2\/pages\/45192\/revisions"}],"predecessor-version":[{"id":51147,"href":"https:\/\/cliniccenter.co.uk\/es\/wp-json\/wp\/v2\/pages\/45192\/revisions\/51147"}],"up":[{"embeddable":true,"href":"https:\/\/cliniccenter.co.uk\/es\/wp-json\/wp\/v2\/pages\/18075"}],"wp:attachment":[{"href":"https:\/\/cliniccenter.co.uk\/es\/wp-json\/wp\/v2\/media?parent=45192"}],"curies":[{"name":"wp","href":"https:\/\/api.w.org\/{rel}","templated":true}]}}