{"id":45198,"date":"2022-09-14T10:43:21","date_gmt":"2022-09-14T10:43:21","guid":{"rendered":"https:\/\/cliniccenter.co.uk\/sean-pratt\/"},"modified":"2023-09-18T14:52:19","modified_gmt":"2023-09-18T14:52:19","slug":"sean-pratt","status":"publish","type":"page","link":"https:\/\/cliniccenter.co.uk\/es\/sean-pratt\/","title":{"rendered":"Sean Pratt&#8217;s Scar Revision and Gynecomastia Surgeries in Clinic Center"},"content":{"rendered":"\n<h2 class=\"has-text-align-center wp-block-heading\"><span class=\"ez-toc-section\" id=\"Cirugias_de_revision_de_cicatrices_y_ginecomastia_de_Sean_Pratt_en_el_Clinic_Center\"><\/span>Cirug\u00edas de revisi\u00f3n de cicatrices y ginecomastia de Sean Pratt en el Clinic Center<span class=\"ez-toc-section-end\"><\/span><\/h2>\n\n\n\n<h2 class=\"has-text-align-center wp-block-heading\"><span class=\"ez-toc-section\" id=\"%C2%BFQuien_es_Sean_Pratt\"><\/span>\u00bfQui\u00e9n es Sean Pratt?<span class=\"ez-toc-section-end\"><\/span><\/h2>\n\n\n\n<p>Es un influencer en las redes sociales y creador de contenido para varias marcas de moda en trajes de ba\u00f1o y ropa interior. Con su aparici\u00f3n en Ex On The Beach de MTV, Sean Pratt se hizo famoso y continu\u00f3 su carrera en Instagram. Adem\u00e1s de modelar para marcas de ropa, cre\u00f3 su marca de ropa interior y se uni\u00f3 al negocio de la moda.<\/p>\n\n\n\n<div class=\"wp-block-columns is-layout-flex wp-container-core-columns-is-layout-2 wp-block-columns-is-layout-flex\">\n<div class=\"wp-block-column is-layout-flow wp-block-column-is-layout-flow\" style=\"flex-basis:100%\">\n<div class=\"wp-block-columns is-layout-flex wp-container-core-columns-is-layout-1 wp-block-columns-is-layout-flex\">\n<div class=\"wp-block-column is-layout-flow wp-block-column-is-layout-flow\" style=\"flex-basis:100%\">\n<figure class=\"wp-block-gallery columns-2 is-cropped wp-block-gallery-1 is-layout-flex wp-block-gallery-is-layout-flex\"><ul class=\"blocks-gallery-grid\"><li class=\"blocks-gallery-item\"><figure><img decoding=\"async\" width=\"600\" height=\"400\" src=\"https:\/\/cliniccenter.co.uk\/wp-content\/uploads\/2022\/09\/sean-pratt-3.jpg\" alt=\"sean pratt 3\" data-id=\"39761\" data-full-url=\"https:\/\/cliniccenter.co.uk\/wp-content\/uploads\/2022\/09\/sean-pratt-3.jpg\"  class=\"wp-image-39761\" srcset=\"https:\/\/cliniccenter.co.uk\/wp-content\/uploads\/2022\/09\/sean-pratt-3.jpg 600w, https:\/\/cliniccenter.co.uk\/wp-content\/uploads\/2022\/09\/sean-pratt-3-300x200.jpg 300w\" sizes=\"(max-width: 600px) 100vw, 600px\" \/><\/figure><\/li><li class=\"blocks-gallery-item\"><figure><img decoding=\"async\" width=\"600\" height=\"400\" src=\"https:\/\/cliniccenter.co.uk\/wp-content\/uploads\/2022\/09\/sean-pratt-2.jpg\" alt=\"sean pratt 2\" data-id=\"39751\" data-full-url=\"https:\/\/cliniccenter.co.uk\/wp-content\/uploads\/2022\/09\/sean-pratt-2.jpg\"  class=\"wp-image-39751\" srcset=\"https:\/\/cliniccenter.co.uk\/wp-content\/uploads\/2022\/09\/sean-pratt-2.jpg 600w, https:\/\/cliniccenter.co.uk\/wp-content\/uploads\/2022\/09\/sean-pratt-2-300x200.jpg 300w\" sizes=\"(max-width: 600px) 100vw, 600px\" \/><\/figure><\/li><\/ul><\/figure>\n<\/div>\n<\/div>\n<\/div>\n<\/div>\n\n\n\n<h2 class=\"has-text-align-center wp-block-heading\"><span class=\"ez-toc-section\" id=\"Cirugias_de_revision_de_cicatrices_y_ginecomastia_de_Sean_Pratt_en_Clinic_Center\"><\/span>Cirug\u00edas de revisi\u00f3n de cicatrices y ginecomastia de Sean Pratt en Clinic Center<span class=\"ez-toc-section-end\"><\/span><\/h2>\n\n\n\n<p>Una vez que Sean se comunic\u00f3 con Clinic Center, explic\u00f3 lo que esperaba compartiendo fotograf\u00edas. Hablamos sobre por qu\u00e9 quiere estas operaciones y sus expectativas del Clinic Center. Aunque se ve\u00eda genial con su cuerpo en forma y su rostro moldeado, quer\u00eda deshacerse de la cicatriz en sus labios. Tambi\u00e9n quer\u00eda verse m\u00e1s en forma, por lo que los cirujanos del Centro Cl\u00ednico encontraron una operaci\u00f3n de extirpaci\u00f3n de gl\u00e1ndulas adecuada para Sean. Debido a su carrera de modelo e influencer, Sean quer\u00eda verse mejor con operaciones m\u00e9dicas.<\/p><div id=\"ez-toc-container\" class=\"ez-toc-v2_0_80 counter-hierarchy ez-toc-counter ez-toc-grey ez-toc-container-direction\">\n<div class=\"ez-toc-title-container\">\n<p class=\"ez-toc-title\" style=\"cursor:inherit\">Table of Contents<\/p>\n<span class=\"ez-toc-title-toggle\"><a href=\"#\" class=\"ez-toc-pull-right ez-toc-btn ez-toc-btn-xs ez-toc-btn-default ez-toc-toggle\" aria-label=\"Alternar tabla de contenidos\"><span class=\"ez-toc-js-icon-con\"><span class=\"\"><span class=\"eztoc-hide\" style=\"display:none;\">Toggle<\/span><span class=\"ez-toc-icon-toggle-span\"><svg style=\"fill: #999;color:#999\" xmlns=\"http:\/\/www.w3.org\/2000\/svg\" class=\"list-377408\" width=\"20px\" height=\"20px\" viewBox=\"0 0 24 24\" fill=\"none\"><path d=\"M6 6H4v2h2V6zm14 0H8v2h12V6zM4 11h2v2H4v-2zm16 0H8v2h12v-2zM4 16h2v2H4v-2zm16 0H8v2h12v-2z\" fill=\"currentColor\"><\/path><\/svg><svg style=\"fill: #999;color:#999\" class=\"arrow-unsorted-368013\" xmlns=\"http:\/\/www.w3.org\/2000\/svg\" width=\"10px\" height=\"10px\" viewBox=\"0 0 24 24\" version=\"1.2\" baseProfile=\"tiny\"><path d=\"M18.2 9.3l-6.2-6.3-6.2 6.3c-.2.2-.3.4-.3.7s.1.5.3.7c.2.2.4.3.7.3h11c.3 0 .5-.1.7-.3.2-.2.3-.5.3-.7s-.1-.5-.3-.7zM5.8 14.7l6.2 6.3 6.2-6.3c.2-.2.3-.5.3-.7s-.1-.5-.3-.7c-.2-.2-.4-.3-.7-.3h-11c-.3 0-.5.1-.7.3-.2.2-.3.5-.3.7s.1.5.3.7z\"\/><\/svg><\/span><\/span><\/span><\/a><\/span><\/div>\n<nav><ul class='ez-toc-list ez-toc-list-level-1 ' ><li class='ez-toc-page-1 ez-toc-heading-level-2'><a class=\"ez-toc-link ez-toc-heading-1\" href=\"https:\/\/cliniccenter.co.uk\/es\/sean-pratt\/#Cirugias_de_revision_de_cicatrices_y_ginecomastia_de_Sean_Pratt_en_el_Clinic_Center\" >Cirug\u00edas de revisi\u00f3n de cicatrices y ginecomastia de Sean Pratt en el Clinic Center<\/a><\/li><li class='ez-toc-page-1 ez-toc-heading-level-2'><a class=\"ez-toc-link ez-toc-heading-2\" href=\"https:\/\/cliniccenter.co.uk\/es\/sean-pratt\/#%C2%BFQuien_es_Sean_Pratt\" >\u00bfQui\u00e9n es Sean Pratt?<\/a><\/li><li class='ez-toc-page-1 ez-toc-heading-level-2'><a class=\"ez-toc-link ez-toc-heading-3\" href=\"https:\/\/cliniccenter.co.uk\/es\/sean-pratt\/#Cirugias_de_revision_de_cicatrices_y_ginecomastia_de_Sean_Pratt_en_Clinic_Center\" >Cirug\u00edas de revisi\u00f3n de cicatrices y ginecomastia de Sean Pratt en Clinic Center<\/a><\/li><li class='ez-toc-page-1 ez-toc-heading-level-2'><a class=\"ez-toc-link ez-toc-heading-4\" href=\"https:\/\/cliniccenter.co.uk\/es\/sean-pratt\/#El_viaje_de_Sean_Pratt_en_Estambul\" >El viaje de Sean Pratt en Estambul<\/a><\/li><\/ul><\/nav><\/div>\n\n\n\n\n<figure class=\"wp-block-gallery columns-2 is-cropped wp-block-gallery-2 is-layout-flex wp-block-gallery-is-layout-flex\"><ul class=\"blocks-gallery-grid\"><li class=\"blocks-gallery-item\"><figure><img decoding=\"async\" width=\"600\" height=\"400\" src=\"https:\/\/cliniccenter.co.uk\/wp-content\/uploads\/2022\/09\/sean-pratt-before.jpg\" alt=\"sean pratt before\" data-id=\"39736\" data-full-url=\"https:\/\/cliniccenter.co.uk\/wp-content\/uploads\/2022\/09\/sean-pratt-before.jpg\"  class=\"wp-image-39736\" srcset=\"https:\/\/cliniccenter.co.uk\/wp-content\/uploads\/2022\/09\/sean-pratt-before.jpg 600w, https:\/\/cliniccenter.co.uk\/wp-content\/uploads\/2022\/09\/sean-pratt-before-300x200.jpg 300w\" sizes=\"(max-width: 600px) 100vw, 600px\" \/><figcaption class=\"blocks-gallery-item__caption\">Before Scar Revision<\/figcaption><\/figure><\/li><li class=\"blocks-gallery-item\"><figure><img decoding=\"async\" width=\"600\" height=\"400\" src=\"https:\/\/cliniccenter.co.uk\/wp-content\/uploads\/2022\/09\/sean-pratt-after.jpg\" alt=\"sean pratt after\" data-id=\"39756\" data-full-url=\"https:\/\/cliniccenter.co.uk\/wp-content\/uploads\/2022\/09\/sean-pratt-after.jpg\"  class=\"wp-image-39756\" srcset=\"https:\/\/cliniccenter.co.uk\/wp-content\/uploads\/2022\/09\/sean-pratt-after.jpg 600w, https:\/\/cliniccenter.co.uk\/wp-content\/uploads\/2022\/09\/sean-pratt-after-300x200.jpg 300w\" sizes=\"(max-width: 600px) 100vw, 600px\" \/><figcaption class=\"blocks-gallery-item__caption\">After Scar Revision<\/figcaption><\/figure><\/li><\/ul><\/figure>\n\n\n\n<p>Sean odiaba la cicatriz en sus labios y llevaba 10 a\u00f1os pensando en quit\u00e1rsela, por lo que se puso en contacto con nosotros para tener informaci\u00f3n sobre el proceso. Tambi\u00e9n mencion\u00f3 que quer\u00eda verse mejor en las fotograf\u00edas para su carrera como modelo. Con la informaci\u00f3n que brind\u00f3 sobre sus expectativas y solicitudes, los cirujanos del Clinic Center encontraron que la revisi\u00f3n de cicatrices y la ginecomastia eran adecuadas para Sean.<\/p>\n\n\n\n<h2 class=\"has-text-align-center wp-block-heading\"><span class=\"ez-toc-section\" id=\"El_viaje_de_Sean_Pratt_en_Estambul\"><\/span>El viaje de Sean Pratt en Estambul<span class=\"ez-toc-section-end\"><\/span><\/h2>\n\n\n\n<p>Su viaje m\u00e9dico comenz\u00f3 con su llegada a Estambul con su bella esposa, quien no se separ\u00f3 de Sean durante su visita al Centro Cl\u00ednico. Durante su viaje a Estambul, Sean y su esposa Olivia se lo pasaron genial acompa\u00f1ados por Tolga del Clinic Center. Desde la recogida en el aeropuerto hasta la salida, todo fue de 5 estrellas, afirma.<\/p>\n\n\n\n<figure class=\"wp-block-gallery columns-2 is-cropped wp-block-gallery-3 is-layout-flex wp-block-gallery-is-layout-flex\"><ul class=\"blocks-gallery-grid\"><li class=\"blocks-gallery-item\"><figure><img decoding=\"async\" width=\"600\" height=\"400\" src=\"https:\/\/cliniccenter.co.uk\/wp-content\/uploads\/2022\/09\/sean-pratt-before-gy.jpg\" alt=\"sean pratt before gynecomastia\" data-id=\"39776\" data-full-url=\"https:\/\/cliniccenter.co.uk\/wp-content\/uploads\/2022\/09\/sean-pratt-before-gy.jpg\"  class=\"wp-image-39776\" srcset=\"https:\/\/cliniccenter.co.uk\/wp-content\/uploads\/2022\/09\/sean-pratt-before-gy.jpg 600w, https:\/\/cliniccenter.co.uk\/wp-content\/uploads\/2022\/09\/sean-pratt-before-gy-300x200.jpg 300w\" sizes=\"(max-width: 600px) 100vw, 600px\" \/><figcaption class=\"blocks-gallery-item__caption\">Sean Pratt antes de la ginecomastia<\/figcaption><\/figure><\/li><li class=\"blocks-gallery-item\"><figure><img decoding=\"async\" width=\"600\" height=\"400\" src=\"https:\/\/cliniccenter.co.uk\/wp-content\/uploads\/2022\/09\/sean-pratt-after-gy.jpg\" alt=\"sean pratt after gynecomastia\" data-id=\"39746\" data-full-url=\"https:\/\/cliniccenter.co.uk\/wp-content\/uploads\/2022\/09\/sean-pratt-after-gy.jpg\"  class=\"wp-image-39746\" srcset=\"https:\/\/cliniccenter.co.uk\/wp-content\/uploads\/2022\/09\/sean-pratt-after-gy.jpg 600w, https:\/\/cliniccenter.co.uk\/wp-content\/uploads\/2022\/09\/sean-pratt-after-gy-300x200.jpg 300w\" sizes=\"(max-width: 600px) 100vw, 600px\" \/><figcaption class=\"blocks-gallery-item__caption\">Sean Pratt despu\u00e9s de la ginecomastia<\/figcaption><\/figure><\/li><\/ul><\/figure>\n\n\n\n<p>Las operaciones m\u00e9dicas de Sean fueron realizadas por cirujanos profesionales del Clinic Center y est\u00e1 satisfecho con los resultados despu\u00e9s de las cirug\u00edas. No cambiar\u00eda nada, afirma. Despu\u00e9s del proceso de revisi\u00f3n de cicatrices, la sonrisa de Sean era m\u00e1s brillante que antes. Estaba muy feliz y aliviado de someterse a una cirug\u00eda de revisi\u00f3n de cicatrices en el Centro Cl\u00ednico de Estambul.<\/p>\n\n\n\n<figure class=\"wp-block-gallery columns-2 is-cropped wp-block-gallery-4 is-layout-flex wp-block-gallery-is-layout-flex\"><ul class=\"blocks-gallery-grid\"><li class=\"blocks-gallery-item\"><figure><img decoding=\"async\" width=\"600\" height=\"400\" src=\"https:\/\/cliniccenter.co.uk\/wp-content\/uploads\/2022\/09\/sean-pratt.jpg\" alt=\"sean pratt\" data-id=\"39771\" data-full-url=\"https:\/\/cliniccenter.co.uk\/wp-content\/uploads\/2022\/09\/sean-pratt.jpg\"  class=\"wp-image-39771\" srcset=\"https:\/\/cliniccenter.co.uk\/wp-content\/uploads\/2022\/09\/sean-pratt.jpg 600w, https:\/\/cliniccenter.co.uk\/wp-content\/uploads\/2022\/09\/sean-pratt-300x200.jpg 300w\" sizes=\"(max-width: 600px) 100vw, 600px\" \/><\/figure><\/li><li class=\"blocks-gallery-item\"><figure><img decoding=\"async\" width=\"600\" height=\"400\" src=\"https:\/\/cliniccenter.co.uk\/wp-content\/uploads\/2022\/09\/sean-pratt-1.jpg\" alt=\"sean pratt 1\" data-id=\"39766\" data-full-url=\"https:\/\/cliniccenter.co.uk\/wp-content\/uploads\/2022\/09\/sean-pratt-1.jpg\"  class=\"wp-image-39766\" srcset=\"https:\/\/cliniccenter.co.uk\/wp-content\/uploads\/2022\/09\/sean-pratt-1.jpg 600w, https:\/\/cliniccenter.co.uk\/wp-content\/uploads\/2022\/09\/sean-pratt-1-300x200.jpg 300w\" sizes=\"(max-width: 600px) 100vw, 600px\" \/><\/figure><\/li><\/ul><\/figure>\n\n\n\n<p>Cuando estaba explicando su viaje m\u00e9dico en Turqu\u00eda, dijo que todo estuvo perfecto desde la cirug\u00eda hasta el transporte, y mencion\u00f3 que lo recomendaba a todos.<\/p>\n\n\n\n<figure class=\"wp-block-embed aligncenter is-type-video is-provider-youtube wp-block-embed-youtube wp-embed-aspect-16-9 wp-has-aspect-ratio\"><div class=\"wp-block-embed__wrapper\">\n<div class=\"ast-oembed-container \" style=\"height: 100%;\"><iframe title=\"Gynecomastia &amp; Scar Revision In Turkey | Sean Pratt&#039;s Medical Journey | Clinic Center\" width=\"500\" height=\"281\" src=\"https:\/\/www.youtube.com\/embed\/c21yTwH3OFU?feature=oembed\" frameborder=\"0\" allow=\"accelerometer; autoplay; clipboard-write; encrypted-media; gyroscope; picture-in-picture; web-share\" referrerpolicy=\"strict-origin-when-cross-origin\" allowfullscreen><\/iframe><\/div>\n<\/div><\/figure>\n\n\n\n<div class=\"wp-block-columns is-layout-flex wp-container-core-columns-is-layout-3 wp-block-columns-is-layout-flex\"><\/div>\n<\/p>","protected":false},"excerpt":{"rendered":"<p>Cirug\u00edas de revisi\u00f3n de cicatrices y ginecomastia de Sean Pratt en el Clinic Center \u00bfQui\u00e9n es Sean Pratt? Es un influencer en las redes sociales y creador de contenido para varias marcas de moda en trajes de ba\u00f1o y ropa interior. Con su aparici\u00f3n en Ex On The Beach de MTV, Sean Pratt se hizo [&hellip;]<\/p>\n","protected":false},"author":15,"featured_media":0,"parent":0,"menu_order":0,"comment_status":"closed","ping_status":"closed","template":"","meta":{"_uag_custom_page_level_css":"","_lmt_disableupdate":"no","_lmt_disable":"","site-sidebar-layout":"default","site-content-layout":"default","ast-site-content-layout":"default","site-content-style":"default","site-sidebar-style":"default","ast-global-header-display":"","ast-banner-title-visibility":"","ast-main-header-display":"","ast-hfb-above-header-display":"","ast-hfb-below-header-display":"","ast-hfb-mobile-header-display":"","site-post-title":"disabled","ast-breadcrumbs-content":"","ast-featured-img":"","footer-sml-layout":"","theme-transparent-header-meta":"default","adv-header-id-meta":"","stick-header-meta":"","header-above-stick-meta":"","header-main-stick-meta":"","header-below-stick-meta":"","astra-migrate-meta-layouts":"default","ast-page-background-enabled":"default","ast-page-background-meta":{"desktop":{"background-color":"","background-image":"","background-repeat":"repeat","background-position":"center center","background-size":"auto","background-attachment":"scroll","background-type":"","background-media":"","overlay-type":"","overlay-color":"","overlay-opacity":"","overlay-gradient":""},"tablet":{"background-color":"","background-image":"","background-repeat":"repeat","background-position":"center center","background-size":"auto","background-attachment":"scroll","background-type":"","background-media":"","overlay-type":"","overlay-color":"","overlay-opacity":"","overlay-gradient":""},"mobile":{"background-color":"","background-image":"","background-repeat":"repeat","background-position":"center center","background-size":"auto","background-attachment":"scroll","background-type":"","background-media":"","overlay-type":"","overlay-color":"","overlay-opacity":"","overlay-gradient":""}},"ast-content-background-meta":{"desktop":{"background-color":"var(--ast-global-color-5)","background-image":"","background-repeat":"repeat","background-position":"center center","background-size":"auto","background-attachment":"scroll","background-type":"","background-media":"","overlay-type":"","overlay-color":"","overlay-opacity":"","overlay-gradient":""},"tablet":{"background-color":"var(--ast-global-color-5)","background-image":"","background-repeat":"repeat","background-position":"center center","background-size":"auto","background-attachment":"scroll","background-type":"","background-media":"","overlay-type":"","overlay-color":"","overlay-opacity":"","overlay-gradient":""},"mobile":{"background-color":"var(--ast-global-color-5)","background-image":"","background-repeat":"repeat","background-position":"center center","background-size":"auto","background-attachment":"scroll","background-type":"","background-media":"","overlay-type":"","overlay-color":"","overlay-opacity":"","overlay-gradient":""}},"footnotes":""},"class_list":["post-45198","page","type-page","status-publish","hentry"],"yoast_head":"<!-- This site is optimized with the Yoast SEO plugin v25.3.1 - https:\/\/yoast.com\/wordpress\/plugins\/seo\/ -->\n<title>Sean Pratt en el Clinic Center<\/title>\n<meta name=\"description\" content=\"Consulte nuestra p\u00e1gina para conocer la trayectoria m\u00e9dica de Sean Pratt en el Centro Cl\u00ednico de Turqu\u00eda, Estambul.\" \/>\n<meta name=\"robots\" content=\"index, follow, max-snippet:-1, max-image-preview:large, max-video-preview:-1\" \/>\n<link rel=\"canonical\" href=\"https:\/\/cliniccenter.co.uk\/es\/sean-pratt\/\" \/>\n<meta property=\"og:locale\" content=\"es_ES\" \/>\n<meta property=\"og:type\" content=\"article\" \/>\n<meta property=\"og:title\" content=\"Sean Pratt en el Clinic Center\" \/>\n<meta property=\"og:description\" content=\"Consulte nuestra p\u00e1gina para conocer la trayectoria m\u00e9dica de Sean Pratt en el Centro Cl\u00ednico de Turqu\u00eda, Estambul.\" \/>\n<meta property=\"og:url\" content=\"https:\/\/cliniccenter.co.uk\/es\/sean-pratt\/\" \/>\n<meta property=\"article:publisher\" content=\"https:\/\/www.facebook.com\/cliniccenter.co.uk\/\" \/>\n<meta property=\"article:modified_time\" content=\"2023-09-18T14:52:19+00:00\" \/>\n<meta property=\"og:image\" content=\"https:\/\/cliniccenter.co.uk\/wp-content\/uploads\/2022\/09\/sean-pratt-3.jpg\" \/>\n<meta name=\"twitter:card\" content=\"summary_large_image\" \/>\n<meta name=\"twitter:site\" content=\"@cliniccenteruk\" \/>\n<meta name=\"twitter:label1\" content=\"Tiempo de lectura\" \/>\n\t<meta name=\"twitter:data1\" content=\"4 minutos\" \/>\n<!-- \/ Yoast SEO plugin. -->","yoast_head_json":{"title":"Sean Pratt en el Clinic Center","description":"Consulte nuestra p\u00e1gina para conocer la trayectoria m\u00e9dica de Sean Pratt en el Centro Cl\u00ednico de Turqu\u00eda, Estambul.","robots":{"index":"index","follow":"follow","max-snippet":"max-snippet:-1","max-image-preview":"max-image-preview:large","max-video-preview":"max-video-preview:-1"},"canonical":"https:\/\/cliniccenter.co.uk\/es\/sean-pratt\/","og_locale":"es_ES","og_type":"article","og_title":"Sean Pratt en el Clinic Center","og_description":"Consulte nuestra p\u00e1gina para conocer la trayectoria m\u00e9dica de Sean Pratt en el Centro Cl\u00ednico de Turqu\u00eda, Estambul.","og_url":"https:\/\/cliniccenter.co.uk\/es\/sean-pratt\/","article_publisher":"https:\/\/www.facebook.com\/cliniccenter.co.uk\/","article_modified_time":"2023-09-18T14:52:19+00:00","og_image":[{"url":"https:\/\/cliniccenter.co.uk\/wp-content\/uploads\/2022\/09\/sean-pratt-3.jpg","type":"","width":"","height":""}],"twitter_card":"summary_large_image","twitter_site":"@cliniccenteruk","twitter_misc":{"Tiempo de lectura":"4 minutos"},"schema":{"@context":"https:\/\/schema.org","@graph":[{"@type":"WebPage","@id":"https:\/\/cliniccenter.co.uk\/es\/sean-pratt\/","url":"https:\/\/cliniccenter.co.uk\/es\/sean-pratt\/","name":"Sean Pratt en el Clinic Center","isPartOf":{"@id":"https:\/\/cliniccenter.co.uk\/ro\/#website"},"primaryImageOfPage":{"@id":"https:\/\/cliniccenter.co.uk\/es\/sean-pratt\/#primaryimage"},"image":{"@id":"https:\/\/cliniccenter.co.uk\/es\/sean-pratt\/#primaryimage"},"thumbnailUrl":"https:\/\/cliniccenter.co.uk\/wp-content\/uploads\/2022\/09\/sean-pratt-3.jpg","datePublished":"2022-09-14T10:43:21+00:00","dateModified":"2023-09-18T14:52:19+00:00","description":"Consulte nuestra p\u00e1gina para conocer la trayectoria m\u00e9dica de Sean Pratt en el Centro Cl\u00ednico de Turqu\u00eda, Estambul.","breadcrumb":{"@id":"https:\/\/cliniccenter.co.uk\/es\/sean-pratt\/#breadcrumb"},"inLanguage":"es","potentialAction":[{"@type":"ReadAction","target":["https:\/\/cliniccenter.co.uk\/es\/sean-pratt\/"]}]},{"@type":"ImageObject","inLanguage":"es","@id":"https:\/\/cliniccenter.co.uk\/es\/sean-pratt\/#primaryimage","url":"https:\/\/cliniccenter.co.uk\/wp-content\/uploads\/2022\/09\/sean-pratt-3.jpg","contentUrl":"https:\/\/cliniccenter.co.uk\/wp-content\/uploads\/2022\/09\/sean-pratt-3.jpg"},{"@type":"BreadcrumbList","@id":"https:\/\/cliniccenter.co.uk\/es\/sean-pratt\/#breadcrumb","itemListElement":[{"@type":"ListItem","position":1,"name":"Home","item":"https:\/\/cliniccenter.co.uk\/es\/"},{"@type":"ListItem","position":2,"name":"Sean Pratt&#8217;s Scar Revision and Gynecomastia Surgeries in Clinic Center"}]},{"@type":"WebSite","@id":"https:\/\/cliniccenter.co.uk\/ro\/#website","url":"https:\/\/cliniccenter.co.uk\/ro\/","name":"","description":"","potentialAction":[{"@type":"SearchAction","target":{"@type":"EntryPoint","urlTemplate":"https:\/\/cliniccenter.co.uk\/ro\/?s={search_term_string}"},"query-input":{"@type":"PropertyValueSpecification","valueRequired":true,"valueName":"search_term_string"}}],"inLanguage":"es"}]}},"uagb_featured_image_src":{"full":false,"thumbnail":false,"medium":false,"medium_large":false,"large":false,"1536x1536":false,"2048x2048":false},"uagb_author_info":{"display_name":"G\u00f6rkem G\u00fcng\u00f6r","author_link":"https:\/\/cliniccenter.co.uk\/es\/blog\/author\/gorkem\/"},"uagb_comment_info":0,"uagb_excerpt":"Cirug\u00edas de revisi\u00f3n de cicatrices y ginecomastia de Sean Pratt en el Clinic Center \u00bfQui\u00e9n es Sean Pratt? Es un influencer en las redes sociales y creador de contenido para varias marcas de moda en trajes de ba\u00f1o y ropa interior. Con su aparici\u00f3n en Ex On The Beach de MTV, Sean Pratt se hizo&hellip;","_links":{"self":[{"href":"https:\/\/cliniccenter.co.uk\/es\/wp-json\/wp\/v2\/pages\/45198"}],"collection":[{"href":"https:\/\/cliniccenter.co.uk\/es\/wp-json\/wp\/v2\/pages"}],"about":[{"href":"https:\/\/cliniccenter.co.uk\/es\/wp-json\/wp\/v2\/types\/page"}],"author":[{"embeddable":true,"href":"https:\/\/cliniccenter.co.uk\/es\/wp-json\/wp\/v2\/users\/15"}],"replies":[{"embeddable":true,"href":"https:\/\/cliniccenter.co.uk\/es\/wp-json\/wp\/v2\/comments?post=45198"}],"version-history":[{"count":1,"href":"https:\/\/cliniccenter.co.uk\/es\/wp-json\/wp\/v2\/pages\/45198\/revisions"}],"predecessor-version":[{"id":45201,"href":"https:\/\/cliniccenter.co.uk\/es\/wp-json\/wp\/v2\/pages\/45198\/revisions\/45201"}],"wp:attachment":[{"href":"https:\/\/cliniccenter.co.uk\/es\/wp-json\/wp\/v2\/media?parent=45198"}],"curies":[{"name":"wp","href":"https:\/\/api.w.org\/{rel}","templated":true}]}}