{"id":56927,"date":"2020-07-10T06:50:37","date_gmt":"2020-07-10T06:50:37","guid":{"rendered":"https:\/\/cliniccenter.co.uk\/tratamientos\/non-surgical-cosmetics\/"},"modified":"2025-12-29T08:56:04","modified_gmt":"2025-12-29T08:56:04","slug":"procedimientos-esteticos-no-quirurgicos","status":"publish","type":"page","link":"https:\/\/cliniccenter.co.uk\/es\/procedimientos-esteticos-no-quirurgicos\/","title":{"rendered":"Procedimientos Est\u00e9ticos No Quir\u00fargicos"},"content":{"rendered":"\n<div class=\"wp-block-columns is-layout-flex wp-container-core-columns-is-layout-1 wp-block-columns-is-layout-flex\">\n<div class=\"wp-block-column is-layout-flow wp-block-column-is-layout-flow\">\n<figure class=\"wp-block-image size-full is-resized\"><img decoding=\"async\" width=\"650\" height=\"406\" src=\"https:\/\/cliniccenter.co.uk\/wp-content\/uploads\/2023\/11\/lip-filler-1.webp\" alt=\"\" class=\"wp-image-46742\" srcset=\"https:\/\/cliniccenter.co.uk\/wp-content\/uploads\/2023\/11\/lip-filler-1.webp 650w, https:\/\/cliniccenter.co.uk\/wp-content\/uploads\/2023\/11\/lip-filler-1-300x187.webp 300w\" sizes=\"(max-width: 650px) 100vw, 650px\" \/><\/figure>\n\n\n\n<h2 class=\"wp-block-heading has-text-align-center\">Relleno Labial en Turqu\u00eda<\/h2>\n\n\n\nLa t\u00e9cnica m\u00e1s com\u00fan para el relleno de labios es el relleno d\u00e9rmico. Hay otros tipos de rellenos que se pueden inyectar en los labios.\n\n\n\n<center><div class=\"wp-block-button\"><a class=\"wp-block-button__link\" href=https:\/\/cliniccenter.co.uk\/es\/relleno-labial-en-turquia\/\">Relleno Labial en Turqu\u00eda<\/a><\/div><br><br><\/center>\n<\/div>\n\n\n\n<div class=\"wp-block-column is-layout-flow wp-block-column-is-layout-flow\">\n<figure class=\"wp-block-image size-full is-resized skip-lazy\"><img decoding=\"async\" width=\"650\" height=\"406\" src=\"https:\/\/cliniccenter.co.uk\/wp-content\/uploads\/2023\/11\/fat-transfer-1.webp\" alt=\"\" class=\"wp-image-46747\" srcset=\"https:\/\/cliniccenter.co.uk\/wp-content\/uploads\/2023\/11\/fat-transfer-1.webp 650w, https:\/\/cliniccenter.co.uk\/wp-content\/uploads\/2023\/11\/fat-transfer-1-300x187.webp 300w\" sizes=\"(max-width: 650px) 100vw, 650px\" \/><\/figure>\n\n\n\n<h2 class=\"wp-block-heading has-text-align-center\">Transferencia de Grasa a Labios en Turqu\u00eda<\/h2>\n\n\n\n<p class=\"has-text-align-center\">Nuestros cirujanos comenzar\u00e1n extrayendo grasa de las zonas seleccionadas. Las \u00e1reas ser\u00e1n discutidas durante su consulta.<\/p>\n\n\n\n<center><div class=\"wp-block-button\"><a class=\"wp-block-button__link\" href=\"https:\/\/cliniccenter.co.uk\/es\/transferencia-grasa-labios-turquia\/\">Transferencia de Grasa a Labios en Turqu\u00eda<\/a><br><br><\/div><\/center>\n<\/div>\n<\/div>\n\n\n\n<div class=\"wp-block-columns is-layout-flex wp-container-core-columns-is-layout-2 wp-block-columns-is-layout-flex\">\n<div class=\"wp-block-column is-layout-flow wp-block-column-is-layout-flow\">\n<figure class=\"wp-block-image size-large\"><img decoding=\"async\" width=\"650\" height=\"406\" src=\"https:\/\/cliniccenter.co.uk\/wp-content\/uploads\/2021\/12\/fat-freezing-1.jpg\" alt=\"\" class=\"wp-image-23538\" srcset=\"https:\/\/cliniccenter.co.uk\/wp-content\/uploads\/2021\/12\/fat-freezing-1.jpg 650w, https:\/\/cliniccenter.co.uk\/wp-content\/uploads\/2021\/12\/fat-freezing-1-300x187.jpg 300w\" sizes=\"(max-width: 650px) 100vw, 650px\" \/><\/figure>\n\n\n\n<h2 class=\"wp-block-heading has-text-align-center\">Congelaci\u00f3n de Grasa, CoolSculpting en Turqu\u00eda (Criolip\u00f3lisis)<\/h2>\n\n\n\n<p class=\"has-text-align-center\">La congelaci\u00f3n de grasa en Estambul es un tratamiento no quir\u00fargico y no invasivo.<\/p>\n\n\n\n<center><div class=\"wp-block-button\"><a class=\"wp-block-button__link\" href=\"https:\/\/cliniccenter.co.uk\/es\/congelacion-de-grasa-en-turquia\/\">Congelaci\u00f3n de Grasa, CoolSculpting en Turqu\u00eda<\/a><\/div><br><br><\/center>\n<\/div>\n\n\n\n<div class=\"wp-block-column is-layout-flow wp-block-column-is-layout-flow\">\n<figure class=\"wp-block-image size-large\"><img decoding=\"async\" width=\"650\" height=\"406\" src=\"https:\/\/cliniccenter.co.uk\/wp-content\/uploads\/2022\/12\/hair-treatment-1.jpg\" alt=\"hair-treatment-1\" class=\"wp-image-41812\" srcset=\"https:\/\/cliniccenter.co.uk\/wp-content\/uploads\/2022\/12\/hair-treatment-1.jpg 650w, https:\/\/cliniccenter.co.uk\/wp-content\/uploads\/2022\/12\/hair-treatment-1-300x187.jpg 300w\" sizes=\"(max-width: 650px) 100vw, 650px\" \/><\/figure>\n\n\n\n<h2 class=\"wp-block-heading has-text-align-center\">Tratamiento de Vello Facial en Turqu\u00eda<\/h2>\n\n\n\n<p class=\"has-text-align-center\">Un tratamiento facial vampiro, tambi\u00e9n conocido como tratamiento facial capilar, es un tratamiento no quir\u00fargico para combatir los efectos del envejecimiento.<\/p>\n\n\n\n<center><div class=\"wp-block-button\"><a class=\"wp-block-button__link\" href=\"https:\/\/cliniccenter.co.uk\/es\/facial-vampirico-en-turquia\/\">Tratamiento de Vello Facial en Turqu\u00eda<\/a><br><br><\/div><\/center>\n\n\n\n<p><\/p>\n<\/div>\n<\/div>\n\n\n\n<div class=\"wp-block-columns is-layout-flex wp-container-core-columns-is-layout-3 wp-block-columns-is-layout-flex\">\n<div class=\"wp-block-column is-layout-flow wp-block-column-is-layout-flow\">\n<figure class=\"wp-block-image size-large is-resized\"><img decoding=\"async\" width=\"650\" height=\"406\" src=\"https:\/\/cliniccenter.co.uk\/wp-content\/uploads\/2021\/12\/thread-lift-1.jpg\" alt=\"\" class=\"wp-image-23523\" srcset=\"https:\/\/cliniccenter.co.uk\/wp-content\/uploads\/2021\/12\/thread-lift-1.jpg 650w, https:\/\/cliniccenter.co.uk\/wp-content\/uploads\/2021\/12\/thread-lift-1-300x187.jpg 300w\" sizes=\"(max-width: 650px) 100vw, 650px\" \/><\/figure>\n\n\n\n<h2 class=\"wp-block-heading has-text-align-center\">Lifting de Hilos Tensores en Turqu\u00eda<\/h2>\n\n\n\n<p class=\"has-text-align-center\"><\/p>\n\n\n\n<p class=\"has-text-align-center\">El lifting con hilos tensores es un procedimiento menos invasivo para levantar la cara y el cuello. Nuestros cirujanos colocan una sutura disoluble bajo la piel de la zona deseada, ese hilo levanta los m\u00fasculos y tejidos sueltos, proporcionando as\u00ed una piel m\u00e1s tersa.<\/p>\n\n\n\n<p class=\"has-text-align-center\"><\/p>\n\n\n\n<center><div class=\"wp-block-button\"><a class=\"wp-block-button__link\" href=\"https:\/\/cliniccenter.co.uk\/es\/lifting-de-hilos-tensores-en-turquia\/\">Lifting de Hilos Tensores en Turqu\u00eda<\/a><br><br><\/div><\/center>\n\n\n\n<p><\/p>\n<\/div>\n\n\n\n<div class=\"wp-block-column is-layout-flow wp-block-column-is-layout-flow\">\n<figure class=\"wp-block-image size-large\"><img decoding=\"async\" width=\"650\" height=\"406\" src=\"https:\/\/cliniccenter.co.uk\/wp-content\/uploads\/2021\/12\/upper-lip-lift-1.jpg\" alt=\"\" class=\"wp-image-23517\" srcset=\"https:\/\/cliniccenter.co.uk\/wp-content\/uploads\/2021\/12\/upper-lip-lift-1.jpg 650w, https:\/\/cliniccenter.co.uk\/wp-content\/uploads\/2021\/12\/upper-lip-lift-1-300x187.jpg 300w\" sizes=\"(max-width: 650px) 100vw, 650px\" \/><\/figure>\n\n\n\n<h2 class=\"wp-block-heading has-text-align-center\">Lifting de Labio Superior en Turqu\u00eda<\/h2>\n\n\n\n<p class=\"has-text-align-center\"><\/p>\n\n\n\n<p class=\"has-text-align-center\">El lifting del labio superior es una peque\u00f1a intervenci\u00f3n en la que el m\u00e9dico de Clinic Center retira la piel sobrante haciendo una peque\u00f1a cicatriz oculta en la parte inferior de la nariz.<\/p>\n\n\n\n<center><div class=\"wp-block-button\"><a class=\"wp-block-button__link\" href=\"https:\/\/cliniccenter.co.uk\/es\/lifting-de-labio-superior-en-turquia\/\">Lifting de Labio Superior en Turqu\u00eda<\/a><\/div><br><br><\/center>\n<\/div>\n<\/div>\n","protected":false},"excerpt":{"rendered":"<p>Relleno Labial en Turqu\u00eda La t\u00e9cnica m\u00e1s com\u00fan para el relleno de labios es el relleno d\u00e9rmico. Hay otros tipos de rellenos que se pueden inyectar en los labios.<\/p>\n","protected":false},"author":8,"featured_media":0,"parent":17183,"menu_order":0,"comment_status":"closed","ping_status":"closed","template":"","meta":{"_uag_custom_page_level_css":"","_lmt_disableupdate":"no","_lmt_disable":"","site-sidebar-layout":"default","site-content-layout":"default","ast-site-content-layout":"default","site-content-style":"default","site-sidebar-style":"default","ast-global-header-display":"","ast-banner-title-visibility":"","ast-main-header-display":"","ast-hfb-above-header-display":"","ast-hfb-below-header-display":"","ast-hfb-mobile-header-display":"","site-post-title":"","ast-breadcrumbs-content":"","ast-featured-img":"","footer-sml-layout":"","theme-transparent-header-meta":"default","adv-header-id-meta":"","stick-header-meta":"","header-above-stick-meta":"","header-main-stick-meta":"","header-below-stick-meta":"","astra-migrate-meta-layouts":"set","ast-page-background-enabled":"default","ast-page-background-meta":{"desktop":{"background-color":"","background-image":"","background-repeat":"repeat","background-position":"center center","background-size":"auto","background-attachment":"scroll","background-type":"","background-media":"","overlay-type":"","overlay-color":"","overlay-opacity":"","overlay-gradient":""},"tablet":{"background-color":"","background-image":"","background-repeat":"repeat","background-position":"center center","background-size":"auto","background-attachment":"scroll","background-type":"","background-media":"","overlay-type":"","overlay-color":"","overlay-opacity":"","overlay-gradient":""},"mobile":{"background-color":"","background-image":"","background-repeat":"repeat","background-position":"center center","background-size":"auto","background-attachment":"scroll","background-type":"","background-media":"","overlay-type":"","overlay-color":"","overlay-opacity":"","overlay-gradient":""}},"ast-content-background-meta":{"desktop":{"background-color":"var(--ast-global-color-5)","background-image":"","background-repeat":"repeat","background-position":"center center","background-size":"auto","background-attachment":"scroll","background-type":"","background-media":"","overlay-type":"","overlay-color":"","overlay-opacity":"","overlay-gradient":""},"tablet":{"background-color":"var(--ast-global-color-5)","background-image":"","background-repeat":"repeat","background-position":"center center","background-size":"auto","background-attachment":"scroll","background-type":"","background-media":"","overlay-type":"","overlay-color":"","overlay-opacity":"","overlay-gradient":""},"mobile":{"background-color":"var(--ast-global-color-5)","background-image":"","background-repeat":"repeat","background-position":"center center","background-size":"auto","background-attachment":"scroll","background-type":"","background-media":"","overlay-type":"","overlay-color":"","overlay-opacity":"","overlay-gradient":""}},"footnotes":""},"class_list":["post-56927","page","type-page","status-publish","hentry"],"yoast_head":"<!-- This site is optimized with the Yoast SEO plugin v25.3.1 - https:\/\/yoast.com\/wordpress\/plugins\/seo\/ -->\n<title>Procedimientos Est\u00e9ticos No Quir\u00fargicos | Clinic Center<\/title>\n<meta name=\"description\" content=\"Clinic Center te ofrece los mejores procedimientos est\u00e9ticos no quir\u00fargicos en Turqu\u00eda, realizados con t\u00e9cnicas avanzadas por expertos cualificados.\" \/>\n<meta name=\"robots\" content=\"index, follow, max-snippet:-1, max-image-preview:large, max-video-preview:-1\" \/>\n<link rel=\"canonical\" href=\"https:\/\/cliniccenter.co.uk\/es\/procedimientos-esteticos-no-quirurgicos\/\" \/>\n<meta property=\"og:locale\" content=\"es_ES\" \/>\n<meta property=\"og:type\" content=\"article\" \/>\n<meta property=\"og:title\" content=\"Procedimientos Est\u00e9ticos No Quir\u00fargicos | Clinic Center\" \/>\n<meta property=\"og:description\" content=\"Clinic Center te ofrece los mejores procedimientos est\u00e9ticos no quir\u00fargicos en Turqu\u00eda, realizados con t\u00e9cnicas avanzadas por expertos cualificados.\" \/>\n<meta property=\"og:url\" content=\"https:\/\/cliniccenter.co.uk\/es\/procedimientos-esteticos-no-quirurgicos\/\" \/>\n<meta property=\"article:publisher\" content=\"https:\/\/www.facebook.com\/cliniccenter.co.uk\/\" \/>\n<meta property=\"article:modified_time\" content=\"2025-12-29T08:56:04+00:00\" \/>\n<meta property=\"og:image\" content=\"https:\/\/cliniccenter.co.uk\/wp-content\/uploads\/2023\/11\/lip-filler-1.webp\" \/>\n\t<meta property=\"og:image:width\" content=\"650\" \/>\n\t<meta property=\"og:image:height\" content=\"406\" \/>\n\t<meta property=\"og:image:type\" content=\"image\/webp\" \/>\n<meta name=\"twitter:card\" content=\"summary_large_image\" \/>\n<meta name=\"twitter:site\" content=\"@cliniccenteruk\" \/>\n<meta name=\"twitter:label1\" content=\"Tiempo de lectura\" \/>\n\t<meta name=\"twitter:data1\" content=\"3 minutos\" \/>\n<!-- \/ Yoast SEO plugin. -->","yoast_head_json":{"title":"Procedimientos Est\u00e9ticos No Quir\u00fargicos | Clinic Center","description":"Clinic Center te ofrece los mejores procedimientos est\u00e9ticos no quir\u00fargicos en Turqu\u00eda, realizados con t\u00e9cnicas avanzadas por expertos cualificados.","robots":{"index":"index","follow":"follow","max-snippet":"max-snippet:-1","max-image-preview":"max-image-preview:large","max-video-preview":"max-video-preview:-1"},"canonical":"https:\/\/cliniccenter.co.uk\/es\/procedimientos-esteticos-no-quirurgicos\/","og_locale":"es_ES","og_type":"article","og_title":"Procedimientos Est\u00e9ticos No Quir\u00fargicos | Clinic Center","og_description":"Clinic Center te ofrece los mejores procedimientos est\u00e9ticos no quir\u00fargicos en Turqu\u00eda, realizados con t\u00e9cnicas avanzadas por expertos cualificados.","og_url":"https:\/\/cliniccenter.co.uk\/es\/procedimientos-esteticos-no-quirurgicos\/","article_publisher":"https:\/\/www.facebook.com\/cliniccenter.co.uk\/","article_modified_time":"2025-12-29T08:56:04+00:00","og_image":[{"width":650,"height":406,"url":"https:\/\/cliniccenter.co.uk\/wp-content\/uploads\/2023\/11\/lip-filler-1.webp","type":"image\/webp"}],"twitter_card":"summary_large_image","twitter_site":"@cliniccenteruk","twitter_misc":{"Tiempo de lectura":"3 minutos"},"schema":{"@context":"https:\/\/schema.org","@graph":[{"@type":"WebPage","@id":"https:\/\/cliniccenter.co.uk\/es\/procedimientos-esteticos-no-quirurgicos\/","url":"https:\/\/cliniccenter.co.uk\/es\/procedimientos-esteticos-no-quirurgicos\/","name":"Procedimientos Est\u00e9ticos No Quir\u00fargicos | Clinic Center","isPartOf":{"@id":"https:\/\/cliniccenter.co.uk\/ro\/#website"},"primaryImageOfPage":{"@id":"https:\/\/cliniccenter.co.uk\/es\/procedimientos-esteticos-no-quirurgicos\/#primaryimage"},"image":{"@id":"https:\/\/cliniccenter.co.uk\/es\/procedimientos-esteticos-no-quirurgicos\/#primaryimage"},"thumbnailUrl":"https:\/\/cliniccenter.co.uk\/wp-content\/uploads\/2023\/11\/lip-filler-1.webp","datePublished":"2020-07-10T06:50:37+00:00","dateModified":"2025-12-29T08:56:04+00:00","description":"Clinic Center te ofrece los mejores procedimientos est\u00e9ticos no quir\u00fargicos en Turqu\u00eda, realizados con t\u00e9cnicas avanzadas por expertos cualificados.","breadcrumb":{"@id":"https:\/\/cliniccenter.co.uk\/es\/procedimientos-esteticos-no-quirurgicos\/#breadcrumb"},"inLanguage":"es","potentialAction":[{"@type":"ReadAction","target":["https:\/\/cliniccenter.co.uk\/es\/procedimientos-esteticos-no-quirurgicos\/"]}]},{"@type":"ImageObject","inLanguage":"es","@id":"https:\/\/cliniccenter.co.uk\/es\/procedimientos-esteticos-no-quirurgicos\/#primaryimage","url":"https:\/\/cliniccenter.co.uk\/wp-content\/uploads\/2023\/11\/lip-filler-1.webp","contentUrl":"https:\/\/cliniccenter.co.uk\/wp-content\/uploads\/2023\/11\/lip-filler-1.webp"},{"@type":"BreadcrumbList","@id":"https:\/\/cliniccenter.co.uk\/es\/procedimientos-esteticos-no-quirurgicos\/#breadcrumb","itemListElement":[{"@type":"ListItem","position":1,"name":"Home","item":"https:\/\/cliniccenter.co.uk\/es\/"},{"@type":"ListItem","position":2,"name":"Tratamientos","item":"https:\/\/cliniccenter.co.uk\/es\/tratamientos\/"},{"@type":"ListItem","position":3,"name":"Procedimientos Est\u00e9ticos No Quir\u00fargicos"}]},{"@type":"WebSite","@id":"https:\/\/cliniccenter.co.uk\/ro\/#website","url":"https:\/\/cliniccenter.co.uk\/ro\/","name":"","description":"","potentialAction":[{"@type":"SearchAction","target":{"@type":"EntryPoint","urlTemplate":"https:\/\/cliniccenter.co.uk\/ro\/?s={search_term_string}"},"query-input":{"@type":"PropertyValueSpecification","valueRequired":true,"valueName":"search_term_string"}}],"inLanguage":"es"}]}},"uagb_featured_image_src":{"full":false,"thumbnail":false,"medium":false,"medium_large":false,"large":false,"1536x1536":false,"2048x2048":false},"uagb_author_info":{"display_name":"Kadir Uysal","author_link":"https:\/\/cliniccenter.co.uk\/es\/blog\/author\/kadircliniccenter-co-uk\/"},"uagb_comment_info":0,"uagb_excerpt":"Relleno Labial en Turqu\u00eda La t\u00e9cnica m\u00e1s com\u00fan para el relleno de labios es el relleno d\u00e9rmico. Hay otros tipos de rellenos que se pueden inyectar en los labios.","_links":{"self":[{"href":"https:\/\/cliniccenter.co.uk\/es\/wp-json\/wp\/v2\/pages\/56927"}],"collection":[{"href":"https:\/\/cliniccenter.co.uk\/es\/wp-json\/wp\/v2\/pages"}],"about":[{"href":"https:\/\/cliniccenter.co.uk\/es\/wp-json\/wp\/v2\/types\/page"}],"author":[{"embeddable":true,"href":"https:\/\/cliniccenter.co.uk\/es\/wp-json\/wp\/v2\/users\/8"}],"replies":[{"embeddable":true,"href":"https:\/\/cliniccenter.co.uk\/es\/wp-json\/wp\/v2\/comments?post=56927"}],"version-history":[{"count":9,"href":"https:\/\/cliniccenter.co.uk\/es\/wp-json\/wp\/v2\/pages\/56927\/revisions"}],"predecessor-version":[{"id":79620,"href":"https:\/\/cliniccenter.co.uk\/es\/wp-json\/wp\/v2\/pages\/56927\/revisions\/79620"}],"up":[{"embeddable":true,"href":"https:\/\/cliniccenter.co.uk\/es\/wp-json\/wp\/v2\/pages\/17183"}],"wp:attachment":[{"href":"https:\/\/cliniccenter.co.uk\/es\/wp-json\/wp\/v2\/media?parent=56927"}],"curies":[{"name":"wp","href":"https:\/\/api.w.org\/{rel}","templated":true}]}}