{"id":57286,"date":"2021-03-19T08:00:01","date_gmt":"2021-03-19T08:00:01","guid":{"rendered":"https:\/\/cliniccenter.co.uk\/doctors\/doktor-daghan\/"},"modified":"2024-11-18T13:53:12","modified_gmt":"2024-11-18T13:53:12","slug":"assoc-prof-dr-daghan","status":"publish","type":"page","link":"https:\/\/cliniccenter.co.uk\/es\/assoc-prof-dr-daghan\/","title":{"rendered":"Prof. Dr. Daghan | M\u00e9dico de Cirug\u00eda Pl\u00e1stica | Clinic Center"},"content":{"rendered":"\n<div class=\"wp-block-columns is-layout-flex wp-container-core-columns-is-layout-3 wp-block-columns-is-layout-flex\">\n<div class=\"wp-block-column is-layout-flow wp-block-column-is-layout-flow\" style=\"flex-basis:33.33%\">\n<figure class=\"wp-block-image size-large\"><img decoding=\"async\" src=\"https:\/\/cliniccenter.co.uk\/wp-content\/uploads\/2023\/11\/daghan-isik-517x1024-1.webp\" alt=\"\" class=\"wp-image-22572\"\/><\/figure>\n<\/div>\n\n\n\n<div class=\"wp-block-column is-layout-flow wp-block-column-is-layout-flow\" style=\"flex-basis:66.66%\">\n<div class=\"wp-block-columns is-layout-flex wp-container-core-columns-is-layout-1 wp-block-columns-is-layout-flex\">\n<div class=\"wp-block-column leftpadbox is-layout-flow wp-block-column-is-layout-flow\">\n<p>Tras graduarse en la Facultad de Medicina de la Universidad Dokuz Eylul en 1999, el Dr. Daghan complet\u00f3 su formaci\u00f3n especializada en Cirug\u00eda Pl\u00e1stica, Reparadora y Est\u00e9tica en 2005 en la Universidad de Gaziantep. El Dr. Daghan realiz\u00f3 su servicio obligatorio en Gaziantep entre 2005 y 2007.<\/p>\n\n\n\n<p>Para conseguir una experiencia considerable, el Dr. Daghan trabaj\u00f3 en la Cl\u00ednica de Cirug\u00eda Pl\u00e1stica de la Universidad Estatal de Ohio en EE.UU. en 2008. Entre los a\u00f1os 2008-2013, comenz\u00f3 como profesor en el Departamento de Cirug\u00eda Pl\u00e1stica, Reconstructiva y Est\u00e9tica de la Facultad de Medicina de la Universidad Van Yuzuncu Yil y en 2011 se convirti\u00f3 en el jefe del departamento. Doctor Daghan recibi\u00f3 el t\u00edtulo de Profesor Asociado en 2012 con el grado de especialidad en Cirug\u00eda Maxilofacial Despu\u00e9s de haber realizado miles de cirug\u00edas exitosas, MD, Daghan tambi\u00e9n trabaj\u00f3 en Izmir Katip Celebi Universidad Facultad de Medicina entre los a\u00f1os de 2013-2016.<\/p>\n\n\n\n<p>El doctor Daghan es miembro de la Asociaci\u00f3n Turca de Cirug\u00eda Pl\u00e1stica, Reparadora y Est\u00e9tica y de la Asociaci\u00f3n M\u00e9dica Turca. Tiene alrededor de 60 art\u00edculos internacionales y 20 nacionales publicados y muchas ponencias nacionales e internacionales. Con a\u00f1os de experiencia y muchos \u00e9xitos acad\u00e9micos tanto en Turqu\u00eda como en los EE.UU., los pacientes est\u00e1n muy satisfechos con sus notables resultados de la cirug\u00eda y grandes habilidades de comunicaci\u00f3n.<\/p>\n<\/div>\n<\/div>\n\n\n\n<div class=\"wp-block-columns is-layout-flex wp-container-core-columns-is-layout-2 wp-block-columns-is-layout-flex\">\n<div class=\"wp-block-column leftpadbox is-layout-flow wp-block-column-is-layout-flow\">\n<p><strong>Experiencia<\/strong>: 16 a\u00f1os<\/p>\n\n\n\n<p><span style=\"font-size: 12pt; font-family: Arial, sans-serif; color: rgb(0, 0, 0); background-color: transparent; font-variant-numeric: normal; font-variant-east-asian: normal; font-variant-alternates: normal; font-variant-position: normal; vertical-align: baseline;\"><\/span><strong>Pacientes tratados internacionalmente<\/strong>: Reino Unido, Irlanda, Australia, Estados Unidos de Am\u00e9rica, Canad\u00e1, Alemania, Francia, Emiratos \u00c1rabes Unidos, Arabia Saudita<\/p>\n\n\n\n<p><span style=\"font-size: 12pt; font-family: Arial, sans-serif; color: rgb(0, 0, 0); background-color: transparent; font-variant-numeric: normal; font-variant-east-asian: normal; font-variant-alternates: normal; font-variant-position: normal; vertical-align: baseline;\"><\/span><strong>\u00c1reas de especializaci\u00f3n<\/strong>: <a href=\"https:\/\/cliniccenter.co.uk\/es\/aumento-de-senos-en-turquia\/\">Aumento de senos<\/a> (implantes mamarios, aumento mamario), elevaci\u00f3n de senos, <a href=\"https:\/\/cliniccenter.co.uk\/es\/reduccion-de-senos-mammoplastia-en-turquia\/\">reducci\u00f3n de senos<\/a>, <a href=\"https:\/\/cliniccenter.co.uk\/es\/rinoplastia-y-rino-septoplastia-en-turquia\/\">rinoplastia<\/a> (cirug\u00eda de nariz), septorrinoplastia, liposucci\u00f3n (eliminaci\u00f3n de grasa), liposucci\u00f3n Vaser y Vaser Hi-Def, abdominoplastia, levantamiento de gl\u00fateos brasile\u00f1o (BBL), lifting facial (ritidectom\u00eda), cirug\u00eda de p\u00e1rpados (blefaroplastia), ginecomastia (reducci\u00f3n de senos masculinos), Mommy Makeover, levantamiento de muslos (musloplastia), lifting de cuello (platismoplastia), lifting de brazos (braquioplastia), lifting de cejas, cirug\u00eda est\u00e9tica de orejas (otoplastia), cirug\u00edas est\u00e9ticas.<\/p>\n\n\n\n<p><span style=\"font-size: 12pt; font-family: Arial, sans-serif; color: rgb(0, 0, 0); background-color: transparent; font-variant-numeric: normal; font-variant-east-asian: normal; font-variant-alternates: normal; font-variant-position: normal; vertical-align: baseline;\"><\/span><strong>Membres\u00edas<\/strong>: Asociaci\u00f3n Turca de Cirug\u00eda Pl\u00e1stica, Reconstructiva y Est\u00e9tica, Asociaci\u00f3n M\u00e9dica Turca<\/p>\n\n\n\n<p><span style=\"font-size: 12pt; font-family: Arial, sans-serif; color: rgb(0, 0, 0); background-color: transparent; font-variant-numeric: normal; font-variant-east-asian: normal; font-variant-alternates: normal; font-variant-position: normal; vertical-align: baseline;\"><\/span><strong>Ciudad<\/strong>: Estambul, Turqu\u00eda<\/p>\n\n\n\n<p><span style=\"font-size: 12pt; font-family: Arial, sans-serif; color: rgb(0, 0, 0); background-color: transparent; font-variant-numeric: normal; font-variant-east-asian: normal; font-variant-alternates: normal; font-variant-position: normal; vertical-align: baseline;\"><\/span><strong>D\u00edas de trabajo<\/strong>: D\u00edas laborables y s\u00e1bados<span style=\"font-size: 12pt; font-family: Arial, sans-serif; color: rgb(0, 0, 0); background-color: transparent; font-variant-numeric: normal; font-variant-east-asian: normal; font-variant-alternates: normal; font-variant-position: normal; vertical-align: baseline;\"><\/span>Idiomas: Ingl\u00e9s<\/p>\n\n\n\n<p><span style=\"font-size: 12pt; font-family: Arial, sans-serif; color: rgb(0, 0, 0); background-color: transparent; font-variant-numeric: normal; font-variant-east-asian: normal; font-variant-alternates: normal; font-variant-position: normal; vertical-align: baseline;\"><\/span><strong>Contacto<\/strong>: +44 20 3575 1039 &amp; <a href=\"mailto:info@cliniccenter.co.uk\">info@cliniccenter.co.uk<\/a><span id=\"docs-internal-guid-774e81b2-7fff-aa93-1abf-a35ebcfd1e7b\"><span style=\"font-size: 12pt; font-family: Arial, sans-serif; color: rgb(0, 0, 0); background-color: transparent; font-variant-numeric: normal; font-variant-east-asian: normal; font-variant-alternates: normal; font-variant-position: normal; vertical-align: baseline;\"><\/span><\/span><\/p>\n<\/div>\n<\/div>\n<\/div>\n<\/div>\n\n\n\n<script type=\"application\/ld+json\">\n    {\n        \"@context\": \"http:\\\/\\\/schema.org\",\n        \"@type\": \"Physician\",\n        \"@id\": \"https:\/\/cliniccenter.co.uk\/assoc-prof-dr-daghan\/\",\n        \"areaServed\": {\n            \"@type\": \"Place\",\n            \"name\": \"Istanbul, Turkey\"\n        },\n        \"alumniOf\": {\n            \"@type\": \"OrganizationRole\",\n            \"alumniOf\": {\n                \"@type\": \"CollegeOrUniversity\",\n                \"name\": \"Dokuz Eylul University\"\n            }\n        },\n        \"employee\": {\n            \"@type\": \"Person\",\n            \"@id\": \"https:\/\/cliniccenter.co.uk\/assoc-prof-dr-daghan\/\",\n            \"description\": \"Upon graduating from Dokuz Eylul University Faculty of Medicine in 1999, Doctor Daghan completed his specialty training in Plastic, Reconstructive and Aesthetic Surgery in 2005 at Gaziantep University. Dr. Daghan completed his compulsory service in Gaziantep between 2005-2007.To gain considerable experience, MD, Daghan worked in Ohio State University Plastic Surgery Clinic in the USA in 2008. Between the years of 2008-2013, he started as a lecturer in the Department of Plastic, Reconstructive and Aesthetic Surgery at Van Yuzuncu Yil University Faculty of Medicine and in 2011 he became the head of the department. Doctor Daghan received the title of Associate Professor in 2012 with the specialty degree in Maxillofacial Surgery Having performed thousands of successful surgeries, MD, Daghan also worked at Izmir Katip Celebi University Faculty of Medicine between the years of 2013-2016.Doctor Daghan is a member of the Turkish Plastic, Reconstructive and Aesthetic Surgery Association and the Turkish Medical Association. He has about 60 international and 20 national articles published and many national and international papers. With years of experience and many academical successes both in Turkey and in the USA, patients are very pleased with his remarkable surgery results and great communication skills.\",\n            \"hasOccupation\": {\n                \"@type\": \"Occupation\",\n                \"name\": \"Plastic Surgeon\"\n            },\n            \"knowsLanguage\": {\n                \"@type\": \"Language\",\n                \"name\": \"English\",\n                \"alternateName\": \"en\"\n            },\n            \"honorificSuffix\": \"Assoc. Prof. Dr. \"\n        },\n        \"hospitalAffiliation\": {\n            \"image\": {\n                \"@type\": \"ImageObject\",\n                \"@id\": \"https:\/\/cliniccenter.co.uk\/wp-content\/uploads\/2021\/12\/daghan.jpg\/\"\n            }\n        },\n        \"isAcceptingNewPatients\": \"https:\\\/\\\/schema.org\\\/True\",\n        \"isAccessibleForFree\": \"https:\\\/\\\/schema.org\\\/False\",\n        \"medicalSpecialty\": {\n            \"@type\": \"MedicalSpecialty\",\n            \"name\": \"Breast Augmentation (Breast Implants, Breast Enlargement), Breast Lift, Breast Reduction, Rhinoplasty (Nose Job), Septorhinoplasty, Liposuction (Fat Removal), Vaser & Hi-Def Vaser Liposuction, Tummy Tuck, Brazilian Butt Lift (BBL), Facelift (Rhytidectomy), Eyelid Surgery (Blepharoplasty), Gynecomastia (Male Breast Reduction), Mommy Makeover, Thigh Lift (Thighplasty), Neck Lift (Platysmaplasty), Arm Lift  (Brachioplasty), Brow Lift, Cosmetic Ear Surgery (Otoplasty), Cosmetic Surgeries.\"\n        },\n        \"memberOf\": {\n            \"@type\": \"Organization\",\n            \"name\": [\n                \"Turkish Plastic, Reconstructive and Aesthetic Surgery Association, Turkish Medical Associationa\"\n            ]\n        },\n        \"name\": \"Assoc. Prof. Dr. Daghan\"\n    }\n<\/script>\n","protected":false},"excerpt":{"rendered":"<p>Tras graduarse en la Facultad de Medicina de la Universidad Dokuz Eylul en 1999, el Dr. Daghan complet\u00f3 su formaci\u00f3n especializada en Cirug\u00eda Pl\u00e1stica, Reparadora y Est\u00e9tica en 2005 en la Universidad de Gaziantep. El Dr. Daghan realiz\u00f3 su servicio obligatorio en Gaziantep entre 2005 y 2007. Para conseguir una experiencia considerable, el Dr. Daghan [&hellip;]<\/p>\n","protected":false},"author":2,"featured_media":0,"parent":18075,"menu_order":0,"comment_status":"closed","ping_status":"closed","template":"","meta":{"_uag_custom_page_level_css":"","_lmt_disableupdate":"no","_lmt_disable":"","site-sidebar-layout":"default","site-content-layout":"default","ast-site-content-layout":"default","site-content-style":"default","site-sidebar-style":"default","ast-global-header-display":"","ast-banner-title-visibility":"","ast-main-header-display":"","ast-hfb-above-header-display":"","ast-hfb-below-header-display":"","ast-hfb-mobile-header-display":"","site-post-title":"","ast-breadcrumbs-content":"","ast-featured-img":"","footer-sml-layout":"","theme-transparent-header-meta":"default","adv-header-id-meta":"","stick-header-meta":"","header-above-stick-meta":"","header-main-stick-meta":"","header-below-stick-meta":"","astra-migrate-meta-layouts":"set","ast-page-background-enabled":"default","ast-page-background-meta":{"desktop":{"background-color":"","background-image":"","background-repeat":"repeat","background-position":"center center","background-size":"auto","background-attachment":"scroll","background-type":"","background-media":"","overlay-type":"","overlay-color":"","overlay-opacity":"","overlay-gradient":""},"tablet":{"background-color":"","background-image":"","background-repeat":"repeat","background-position":"center center","background-size":"auto","background-attachment":"scroll","background-type":"","background-media":"","overlay-type":"","overlay-color":"","overlay-opacity":"","overlay-gradient":""},"mobile":{"background-color":"","background-image":"","background-repeat":"repeat","background-position":"center center","background-size":"auto","background-attachment":"scroll","background-type":"","background-media":"","overlay-type":"","overlay-color":"","overlay-opacity":"","overlay-gradient":""}},"ast-content-background-meta":{"desktop":{"background-color":"var(--ast-global-color-5)","background-image":"","background-repeat":"repeat","background-position":"center center","background-size":"auto","background-attachment":"scroll","background-type":"","background-media":"","overlay-type":"","overlay-color":"","overlay-opacity":"","overlay-gradient":""},"tablet":{"background-color":"var(--ast-global-color-5)","background-image":"","background-repeat":"repeat","background-position":"center center","background-size":"auto","background-attachment":"scroll","background-type":"","background-media":"","overlay-type":"","overlay-color":"","overlay-opacity":"","overlay-gradient":""},"mobile":{"background-color":"var(--ast-global-color-5)","background-image":"","background-repeat":"repeat","background-position":"center center","background-size":"auto","background-attachment":"scroll","background-type":"","background-media":"","overlay-type":"","overlay-color":"","overlay-opacity":"","overlay-gradient":""}},"footnotes":""},"class_list":["post-57286","page","type-page","status-publish","hentry"],"yoast_head":"<!-- This site is optimized with the Yoast SEO plugin v25.3.1 - https:\/\/yoast.com\/wordpress\/plugins\/seo\/ -->\n<title>Prof. Dr. Daghan | M\u00e9dico de Cirug\u00eda Pl\u00e1stica | Clinic Center<\/title>\n<meta name=\"description\" content=\"Obt\u00e9n m\u00e1s informaci\u00f3n sobre el Dr. Da\u011fhan, especialista asociado en Clinic Center con m\u00e1s de 15 a\u00f1os de experiencia en cirug\u00eda pl\u00e1stica.\" \/>\n<meta name=\"robots\" content=\"index, follow, max-snippet:-1, max-image-preview:large, max-video-preview:-1\" \/>\n<link rel=\"canonical\" href=\"https:\/\/cliniccenter.co.uk\/es\/assoc-prof-dr-daghan\/\" \/>\n<meta property=\"og:locale\" content=\"es_ES\" \/>\n<meta property=\"og:type\" content=\"article\" \/>\n<meta property=\"og:title\" content=\"Prof. Dr. Daghan | M\u00e9dico de Cirug\u00eda Pl\u00e1stica | Clinic Center\" \/>\n<meta property=\"og:description\" content=\"Obt\u00e9n m\u00e1s informaci\u00f3n sobre el Dr. Da\u011fhan, especialista asociado en Clinic Center con m\u00e1s de 15 a\u00f1os de experiencia en cirug\u00eda pl\u00e1stica.\" \/>\n<meta property=\"og:url\" content=\"https:\/\/cliniccenter.co.uk\/es\/assoc-prof-dr-daghan\/\" \/>\n<meta property=\"article:publisher\" content=\"https:\/\/www.facebook.com\/cliniccenter.co.uk\/\" \/>\n<meta property=\"article:modified_time\" content=\"2024-11-18T13:53:12+00:00\" \/>\n<meta property=\"og:image\" content=\"https:\/\/cliniccenter.co.uk\/wp-content\/uploads\/2023\/11\/daghan-isik-517x1024-1.webp\" \/>\n<meta name=\"twitter:card\" content=\"summary_large_image\" \/>\n<meta name=\"twitter:site\" content=\"@cliniccenteruk\" \/>\n<meta name=\"twitter:label1\" content=\"Tiempo de lectura\" \/>\n\t<meta name=\"twitter:data1\" content=\"2 minutos\" \/>\n<!-- \/ Yoast SEO plugin. -->","yoast_head_json":{"title":"Prof. Dr. Daghan | M\u00e9dico de Cirug\u00eda Pl\u00e1stica | Clinic Center","description":"Obt\u00e9n m\u00e1s informaci\u00f3n sobre el Dr. Da\u011fhan, especialista asociado en Clinic Center con m\u00e1s de 15 a\u00f1os de experiencia en cirug\u00eda pl\u00e1stica.","robots":{"index":"index","follow":"follow","max-snippet":"max-snippet:-1","max-image-preview":"max-image-preview:large","max-video-preview":"max-video-preview:-1"},"canonical":"https:\/\/cliniccenter.co.uk\/es\/assoc-prof-dr-daghan\/","og_locale":"es_ES","og_type":"article","og_title":"Prof. Dr. Daghan | M\u00e9dico de Cirug\u00eda Pl\u00e1stica | Clinic Center","og_description":"Obt\u00e9n m\u00e1s informaci\u00f3n sobre el Dr. Da\u011fhan, especialista asociado en Clinic Center con m\u00e1s de 15 a\u00f1os de experiencia en cirug\u00eda pl\u00e1stica.","og_url":"https:\/\/cliniccenter.co.uk\/es\/assoc-prof-dr-daghan\/","article_publisher":"https:\/\/www.facebook.com\/cliniccenter.co.uk\/","article_modified_time":"2024-11-18T13:53:12+00:00","og_image":[{"url":"https:\/\/cliniccenter.co.uk\/wp-content\/uploads\/2023\/11\/daghan-isik-517x1024-1.webp","type":"","width":"","height":""}],"twitter_card":"summary_large_image","twitter_site":"@cliniccenteruk","twitter_misc":{"Tiempo de lectura":"2 minutos"},"schema":{"@context":"https:\/\/schema.org","@graph":[{"@type":"WebPage","@id":"https:\/\/cliniccenter.co.uk\/es\/assoc-prof-dr-daghan\/","url":"https:\/\/cliniccenter.co.uk\/es\/assoc-prof-dr-daghan\/","name":"Prof. Dr. Daghan | M\u00e9dico de Cirug\u00eda Pl\u00e1stica | Clinic Center","isPartOf":{"@id":"https:\/\/cliniccenter.co.uk\/ro\/#website"},"primaryImageOfPage":{"@id":"https:\/\/cliniccenter.co.uk\/es\/assoc-prof-dr-daghan\/#primaryimage"},"image":{"@id":"https:\/\/cliniccenter.co.uk\/es\/assoc-prof-dr-daghan\/#primaryimage"},"thumbnailUrl":"https:\/\/cliniccenter.co.uk\/wp-content\/uploads\/2023\/11\/daghan-isik-517x1024-1.webp","datePublished":"2021-03-19T08:00:01+00:00","dateModified":"2024-11-18T13:53:12+00:00","description":"Obt\u00e9n m\u00e1s informaci\u00f3n sobre el Dr. Da\u011fhan, especialista asociado en Clinic Center con m\u00e1s de 15 a\u00f1os de experiencia en cirug\u00eda pl\u00e1stica.","breadcrumb":{"@id":"https:\/\/cliniccenter.co.uk\/es\/assoc-prof-dr-daghan\/#breadcrumb"},"inLanguage":"es","potentialAction":[{"@type":"ReadAction","target":["https:\/\/cliniccenter.co.uk\/es\/assoc-prof-dr-daghan\/"]}]},{"@type":"ImageObject","inLanguage":"es","@id":"https:\/\/cliniccenter.co.uk\/es\/assoc-prof-dr-daghan\/#primaryimage","url":"https:\/\/cliniccenter.co.uk\/wp-content\/uploads\/2023\/11\/daghan-isik-517x1024-1.webp","contentUrl":"https:\/\/cliniccenter.co.uk\/wp-content\/uploads\/2023\/11\/daghan-isik-517x1024-1.webp"},{"@type":"BreadcrumbList","@id":"https:\/\/cliniccenter.co.uk\/es\/assoc-prof-dr-daghan\/#breadcrumb","itemListElement":[{"@type":"ListItem","position":1,"name":"Home","item":"https:\/\/cliniccenter.co.uk\/es\/"},{"@type":"ListItem","position":2,"name":"Los mejores cirujanos y m\u00e9dicos en Turqu\u00eda","item":"https:\/\/cliniccenter.co.uk\/es\/doctors\/"},{"@type":"ListItem","position":3,"name":"Prof. Dr. Daghan | M\u00e9dico de Cirug\u00eda Pl\u00e1stica | Clinic Center"}]},{"@type":"WebSite","@id":"https:\/\/cliniccenter.co.uk\/ro\/#website","url":"https:\/\/cliniccenter.co.uk\/ro\/","name":"","description":"","potentialAction":[{"@type":"SearchAction","target":{"@type":"EntryPoint","urlTemplate":"https:\/\/cliniccenter.co.uk\/ro\/?s={search_term_string}"},"query-input":{"@type":"PropertyValueSpecification","valueRequired":true,"valueName":"search_term_string"}}],"inLanguage":"es"}]}},"uagb_featured_image_src":{"full":false,"thumbnail":false,"medium":false,"medium_large":false,"large":false,"1536x1536":false,"2048x2048":false},"uagb_author_info":{"display_name":"Sertac Ceki","author_link":"https:\/\/cliniccenter.co.uk\/es\/blog\/author\/sertaccliniccenter-co-uk\/"},"uagb_comment_info":0,"uagb_excerpt":"Tras graduarse en la Facultad de Medicina de la Universidad Dokuz Eylul en 1999, el Dr. Daghan complet\u00f3 su formaci\u00f3n especializada en Cirug\u00eda Pl\u00e1stica, Reparadora y Est\u00e9tica en 2005 en la Universidad de Gaziantep. El Dr. Daghan realiz\u00f3 su servicio obligatorio en Gaziantep entre 2005 y 2007. Para conseguir una experiencia considerable, el Dr. Daghan&hellip;","_links":{"self":[{"href":"https:\/\/cliniccenter.co.uk\/es\/wp-json\/wp\/v2\/pages\/57286"}],"collection":[{"href":"https:\/\/cliniccenter.co.uk\/es\/wp-json\/wp\/v2\/pages"}],"about":[{"href":"https:\/\/cliniccenter.co.uk\/es\/wp-json\/wp\/v2\/types\/page"}],"author":[{"embeddable":true,"href":"https:\/\/cliniccenter.co.uk\/es\/wp-json\/wp\/v2\/users\/2"}],"replies":[{"embeddable":true,"href":"https:\/\/cliniccenter.co.uk\/es\/wp-json\/wp\/v2\/comments?post=57286"}],"version-history":[{"count":2,"href":"https:\/\/cliniccenter.co.uk\/es\/wp-json\/wp\/v2\/pages\/57286\/revisions"}],"predecessor-version":[{"id":57574,"href":"https:\/\/cliniccenter.co.uk\/es\/wp-json\/wp\/v2\/pages\/57286\/revisions\/57574"}],"up":[{"embeddable":true,"href":"https:\/\/cliniccenter.co.uk\/es\/wp-json\/wp\/v2\/pages\/18075"}],"wp:attachment":[{"href":"https:\/\/cliniccenter.co.uk\/es\/wp-json\/wp\/v2\/media?parent=57286"}],"curies":[{"name":"wp","href":"https:\/\/api.w.org\/{rel}","templated":true}]}}