{"id":57577,"date":"2018-02-26T06:54:23","date_gmt":"2018-02-26T06:54:23","guid":{"rendered":"https:\/\/cliniccenter.co.uk\/use-policy\/"},"modified":"2024-11-11T15:22:59","modified_gmt":"2024-11-11T15:22:59","slug":"politica-de-uso","status":"publish","type":"page","link":"https:\/\/cliniccenter.co.uk\/es\/politica-de-uso\/","title":{"rendered":"Pol\u00edtica de Uso"},"content":{"rendered":"\n<p><span style=\"font-weight: 400;\">Este sitio web est\u00e1 en servicio con la condici\u00f3n de que el usuario de internet acepte las siguientes condiciones. Cada usuario que utilice el sitio web www.cliniccenter.co.uk se considera que acepta estas condiciones.<\/span><\/p>\n\n\n\n<h2 class=\"wp-block-heading\"><span class=\"ez-toc-section\" id=\"Derechos_de_Autor\"><\/span>Derechos de Autor<span class=\"ez-toc-section-end\"><\/span><\/h2>\n\n\n\n<p>Los derechos completos sobre el sitio web www.cliniccenter.co.uk pertenecen a Clinic Center. Todos los productos de software, escritos, art\u00edculos, fotos, im\u00e1genes, documentos y todo tipo de propiedad intelectual que se encuentren en el contenido del sitio web www.cliniccenter.co.uk est\u00e1n reservados de acuerdo con la legislaci\u00f3n vigente sobre derechos de autor. Ninguno de estos productos podr\u00e1 ser utilizado sin el permiso escrito de Clinic Center. Est\u00e1 prohibido por la ley copiar, reproducir, usar sin aviso y sin permiso, y distribuir estos productos con cualquier fin.<\/p><div id=\"ez-toc-container\" class=\"ez-toc-v2_0_82_2 counter-hierarchy ez-toc-counter ez-toc-grey ez-toc-container-direction\">\n<div class=\"ez-toc-title-container\">\n<p class=\"ez-toc-title\" style=\"cursor:inherit\">Table of Contents<\/p>\n<span class=\"ez-toc-title-toggle\"><a href=\"#\" class=\"ez-toc-pull-right ez-toc-btn ez-toc-btn-xs ez-toc-btn-default ez-toc-toggle\" aria-label=\"Alternar tabla de contenidos\"><span class=\"ez-toc-js-icon-con\"><span class=\"\"><span class=\"eztoc-hide\" style=\"display:none;\">Toggle<\/span><span class=\"ez-toc-icon-toggle-span\"><svg style=\"fill: #999;color:#999\" xmlns=\"http:\/\/www.w3.org\/2000\/svg\" class=\"list-377408\" width=\"20px\" height=\"20px\" viewBox=\"0 0 24 24\" fill=\"none\"><path d=\"M6 6H4v2h2V6zm14 0H8v2h12V6zM4 11h2v2H4v-2zm16 0H8v2h12v-2zM4 16h2v2H4v-2zm16 0H8v2h12v-2z\" fill=\"currentColor\"><\/path><\/svg><svg style=\"fill: #999;color:#999\" class=\"arrow-unsorted-368013\" xmlns=\"http:\/\/www.w3.org\/2000\/svg\" width=\"10px\" height=\"10px\" viewBox=\"0 0 24 24\" version=\"1.2\" baseProfile=\"tiny\"><path d=\"M18.2 9.3l-6.2-6.3-6.2 6.3c-.2.2-.3.4-.3.7s.1.5.3.7c.2.2.4.3.7.3h11c.3 0 .5-.1.7-.3.2-.2.3-.5.3-.7s-.1-.5-.3-.7zM5.8 14.7l6.2 6.3 6.2-6.3c.2-.2.3-.5.3-.7s-.1-.5-.3-.7c-.2-.2-.4-.3-.7-.3h-11c-.3 0-.5.1-.7.3-.2.2-.3.5-.3.7s.1.5.3.7z\"\/><\/svg><\/span><\/span><\/span><\/a><\/span><\/div>\n<nav><ul class='ez-toc-list ez-toc-list-level-1 ' ><li class='ez-toc-page-1 ez-toc-heading-level-2'><a class=\"ez-toc-link ez-toc-heading-1\" href=\"https:\/\/cliniccenter.co.uk\/es\/politica-de-uso\/#Derechos_de_Autor\" >Derechos de Autor<\/a><\/li><li class='ez-toc-page-1 ez-toc-heading-level-2'><a class=\"ez-toc-link ez-toc-heading-2\" href=\"https:\/\/cliniccenter.co.uk\/es\/politica-de-uso\/#Uso_No_Comercial_y_No_Personal\" >Uso No Comercial y No Personal<\/a><\/li><li class='ez-toc-page-1 ez-toc-heading-level-2'><a class=\"ez-toc-link ez-toc-heading-3\" href=\"https:\/\/cliniccenter.co.uk\/es\/politica-de-uso\/#Responsabilidades_del_Usuario\" >Responsabilidades del Usuario<\/a><\/li><li class='ez-toc-page-1 ez-toc-heading-level-2'><a class=\"ez-toc-link ez-toc-heading-4\" href=\"https:\/\/cliniccenter.co.uk\/es\/politica-de-uso\/#Enlaces_a_Sitios_Web_de_Terceros\" >Enlaces a Sitios Web de Terceros<\/a><\/li><li class='ez-toc-page-1 ez-toc-heading-level-2'><a class=\"ez-toc-link ez-toc-heading-5\" href=\"https:\/\/cliniccenter.co.uk\/es\/politica-de-uso\/#Informacion_que_los_Usuarios_Envian_a_wwwcliniccentercouk\" >Informaci\u00f3n que los Usuarios Env\u00edan a www.cliniccenter.co.uk<\/a><\/li><li class='ez-toc-page-1 ez-toc-heading-level-2'><a class=\"ez-toc-link ez-toc-heading-6\" href=\"https:\/\/cliniccenter.co.uk\/es\/politica-de-uso\/#Seguridad_de_Compras\" >Seguridad de Compras<\/a><\/li><li class='ez-toc-page-1 ez-toc-heading-level-2'><a class=\"ez-toc-link ez-toc-heading-7\" href=\"https:\/\/cliniccenter.co.uk\/es\/politica-de-uso\/#Derechos_y_Responsabilidades\" >Derechos y Responsabilidades<\/a><\/li><\/ul><\/nav><\/div>\n\n\n\n\n<h2 class=\"wp-block-heading\"><span class=\"ez-toc-section\" id=\"Uso_No_Comercial_y_No_Personal\"><\/span>Uso No Comercial y No Personal<span class=\"ez-toc-section-end\"><\/span><\/h2>\n\n\n\n<p><span style=\"font-weight: 400;\">Solo se permite una copia para fines no comerciales y no personales. En esta copia, es obligatorio indicar que Clinic Center es la marca registrada o la propietaria de los derechos de autor.<\/span><\/p>\n\n\n\n<h2 class=\"wp-block-heading\"><span class=\"ez-toc-section\" id=\"Responsabilidades_del_Usuario\"><\/span>Responsabilidades del Usuario<span class=\"ez-toc-section-end\"><\/span><\/h2>\n\n\n\n<p><span style=\"font-weight: 400;\">El usuario asegura que toda la informaci\u00f3n que proporciona al sitio web www.cliniccenter.co.uk es correcta. El usuario es responsable de todos los procedimientos relacionados y de los posibles resultados de estos procedimientos.<\/span><span style=\"font-weight: 400;\"><br><\/span><span style=\"font-weight: 400;\">Aunque el sitio web www.cliniccenter.co.uk se actualiza con frecuencia, la informaci\u00f3n sobre paquetes, precios, condiciones de pago y campa\u00f1as es representativa. Clinic Center no puede ser considerada responsable por los errores o deficiencias derivados de errores tipogr\u00e1ficos o actualizaciones tard\u00edas. En las reservas, las condiciones de cada producto y proveedor de productos son v\u00e1lidas. En caso de que el usuario desee realizar una reserva para alg\u00fan producto, se considerar\u00e1 que acepta las condiciones del proveedor del producto para el cual realiza la reserva.<\/span><\/p>\n\n\n\n<h2 class=\"wp-block-heading\"><span class=\"ez-toc-section\" id=\"Enlaces_a_Sitios_Web_de_Terceros\"><\/span>Enlaces a Sitios Web de Terceros<span class=\"ez-toc-section-end\"><\/span><\/h2>\n\n\n\n<p><span style=\"font-weight: 400;\">En el sitio web www.cliniccenter.co.uk pueden existir enlaces a otros sitios web, directa o indirectamente. El prop\u00f3sito de estos enlaces es ofrecer informaci\u00f3n o publicidad. El contenido de los sitios web vinculados desde www.cliniccenter.co.uk es responsabilidad de dichos sitios. Clinic Center no puede ser considerada responsable por el contenido de estos sitios ni por cualquier problema que surja de estos sitios.<\/span><\/p>\n\n\n\n<h2 class=\"wp-block-heading\"><span class=\"ez-toc-section\" id=\"Informacion_que_los_Usuarios_Envian_a_wwwcliniccentercouk\"><\/span>Informaci\u00f3n que los Usuarios Env\u00edan a www.cliniccenter.co.uk<span class=\"ez-toc-section-end\"><\/span><\/h2>\n\n\n\n<p><span style=\"font-weight: 400;\">En el sitio web www.cliniccenter.co.uk, existen formularios en l\u00ednea que los usuarios completan y env\u00edan, p\u00e1ginas de chat en las que interact\u00faan con los empleados de www.cliniccenter.co.uk, y p\u00e1ginas de sugerencias y quejas. Los usuarios no tienen derecho a utilizar lenguaje ofensivo, amenazante, provocador, disruptivo ni contenido ilegal, y no tienen derecho a da\u00f1ar los derechos legales o personales de otros. Estos formularios y p\u00e1ginas son considerados propiedad intelectual de Ada Sa\u011fl\u0131k Seyahat Sa\u011fl\u0131k Turizmi ve Dan\u0131\u015fmanl\u0131\u011f\u0131 Limited \u015eirketi, propietaria de www.cliniccenter.co.uk. Por lo tanto, est\u00e1 prohibido utilizar estos formularios y p\u00e1ginas en otros sitios web o utilizarlos como ejemplos para reproducci\u00f3n.<\/span><span style=\"font-weight: 400;\"><br><\/span><span style=\"font-weight: 400;\">Los usuarios de internet no tienen derecho a vender un producto o servicio, hacer publicidad con fines comerciales, ni realizar ning\u00fan tipo de actividad comercial utilizando estas p\u00e1ginas.<\/span><\/p>\n\n\n\n<h2 class=\"wp-block-heading\"><span class=\"ez-toc-section\" id=\"Seguridad_de_Compras\"><\/span>Seguridad de Compras<span class=\"ez-toc-section-end\"><\/span><\/h2>\n\n\n\n<p>Cuando realice compras a trav\u00e9s de www.cliniccenter.co.uk, sus datos personales est\u00e1n protegidos tanto en l\u00ednea como fuera de l\u00ednea. Los datos proporcionados para los procesos de membres\u00eda y reserva est\u00e1n protegidos mediante el sistema de seguridad SSL. No es posible que terceros vean o interfieran con sus datos personales de cliente. Para proporcionar esta seguridad, los procedimientos de membres\u00eda se realizan en un \u00e1rea de seguridad SSL de 128 bits, un sistema de codificaci\u00f3n imposible de romper y que adem\u00e1s es un est\u00e1ndar internacional. Todos sus datos e informaci\u00f3n utilizados en los procedimientos de www.cliniccenter.co.uk est\u00e1n protegidos mediante codificaci\u00f3n. Estos datos solo pueden ser utilizados dependiendo del proceso de compra y conforme a las directivas que usted proporcione. Los datos no pueden ser revelados ni transferidos a terceros, solo se remiten al banco correspondiente.<br><\/p>\n\n\n\n<h2 class=\"wp-block-heading\"><span class=\"ez-toc-section\" id=\"Derechos_y_Responsabilidades\"><\/span>Derechos y Responsabilidades<span class=\"ez-toc-section-end\"><\/span><\/h2>\n\n\n\n<p>www.cliniccenter.co.uk utiliza todos sus esfuerzos razonables para controlar la exactitud de todo el contenido en el sitio web. Sin embargo, ni www.cliniccenter.co.uk ni el propietario Ada Sa\u011fl\u0131k Seyahat Sa\u011fl\u0131k Turizmi ve Dan\u0131\u015fmanl\u0131\u011f\u0131 Limited \u015eirketi pueden ser considerados responsables de los errores de informaci\u00f3n y precio en el sitio web. www.cliniccenter.co.uk puede realizar cambios e innovaciones en sus p\u00e1ginas en cualquier momento. El sitio web www.cliniccenter.co.uk y el propietario Ada Sa\u011fl\u0131k Seyahat Sa\u011fl\u0131k Turizmi ve Dan\u0131\u015fmanl\u0131\u011f\u0131 Limited \u015eirketi no pueden ser considerados responsables por ning\u00fan error de reserva, venta o informaci\u00f3n que surja de estos cambios.<br>www.cliniccenter.co.uk y el propietario Ada Sa\u011fl\u0131k Seyahat Sa\u011fl\u0131k Turizmi ve Dan\u0131\u015fmanl\u0131\u011f\u0131 Limited \u015eirketi no pueden ser considerados responsables por da\u00f1os financieros o emocionales directos o indirectos que puedan resultar del uso del sitio web.<br>Estas condiciones entran en vigor inmediatamente cuando el usuario comienza a usar el sitio web www.cliniccenter.co.uk.<br>Clinic Center se reserva el derecho de modificar estas condiciones en cualquier momento.<\/p>\n","protected":false},"excerpt":{"rendered":"<p>Este sitio web est\u00e1 en servicio con la condici\u00f3n de que el usuario de internet acepte las siguientes condiciones. Cada usuario que utilice el sitio web www.cliniccenter.co.uk se considera que acepta estas condiciones. Derechos de Autor Los derechos completos sobre el sitio web www.cliniccenter.co.uk pertenecen a Clinic Center. Todos los productos de software, escritos, art\u00edculos, [&hellip;]<\/p>\n","protected":false},"author":2,"featured_media":0,"parent":0,"menu_order":0,"comment_status":"closed","ping_status":"closed","template":"","meta":{"_uag_custom_page_level_css":"","_lmt_disableupdate":"no","_lmt_disable":"","site-sidebar-layout":"default","site-content-layout":"default","ast-site-content-layout":"default","site-content-style":"default","site-sidebar-style":"default","ast-global-header-display":"","ast-banner-title-visibility":"","ast-main-header-display":"","ast-hfb-above-header-display":"","ast-hfb-below-header-display":"","ast-hfb-mobile-header-display":"","site-post-title":"","ast-breadcrumbs-content":"","ast-featured-img":"","footer-sml-layout":"","theme-transparent-header-meta":"default","adv-header-id-meta":"","stick-header-meta":"","header-above-stick-meta":"","header-main-stick-meta":"","header-below-stick-meta":"","astra-migrate-meta-layouts":"set","ast-page-background-enabled":"default","ast-page-background-meta":{"desktop":{"background-color":"","background-image":"","background-repeat":"repeat","background-position":"center center","background-size":"auto","background-attachment":"scroll","background-type":"","background-media":"","overlay-type":"","overlay-color":"","overlay-opacity":"","overlay-gradient":""},"tablet":{"background-color":"","background-image":"","background-repeat":"repeat","background-position":"center center","background-size":"auto","background-attachment":"scroll","background-type":"","background-media":"","overlay-type":"","overlay-color":"","overlay-opacity":"","overlay-gradient":""},"mobile":{"background-color":"","background-image":"","background-repeat":"repeat","background-position":"center center","background-size":"auto","background-attachment":"scroll","background-type":"","background-media":"","overlay-type":"","overlay-color":"","overlay-opacity":"","overlay-gradient":""}},"ast-content-background-meta":{"desktop":{"background-color":"var(--ast-global-color-5)","background-image":"","background-repeat":"repeat","background-position":"center center","background-size":"auto","background-attachment":"scroll","background-type":"","background-media":"","overlay-type":"","overlay-color":"","overlay-opacity":"","overlay-gradient":""},"tablet":{"background-color":"var(--ast-global-color-5)","background-image":"","background-repeat":"repeat","background-position":"center center","background-size":"auto","background-attachment":"scroll","background-type":"","background-media":"","overlay-type":"","overlay-color":"","overlay-opacity":"","overlay-gradient":""},"mobile":{"background-color":"var(--ast-global-color-5)","background-image":"","background-repeat":"repeat","background-position":"center center","background-size":"auto","background-attachment":"scroll","background-type":"","background-media":"","overlay-type":"","overlay-color":"","overlay-opacity":"","overlay-gradient":""}},"footnotes":""},"class_list":["post-57577","page","type-page","status-publish","hentry"],"yoast_head":"<!-- This site is optimized with the Yoast SEO plugin v25.3.1 - https:\/\/yoast.com\/wordpress\/plugins\/seo\/ -->\n<title>Pol\u00edtica de Uso -<\/title>\n<meta name=\"robots\" content=\"index, follow, max-snippet:-1, max-image-preview:large, max-video-preview:-1\" \/>\n<link rel=\"canonical\" href=\"https:\/\/cliniccenter.co.uk\/es\/politica-de-uso\/\" \/>\n<meta property=\"og:locale\" content=\"es_ES\" \/>\n<meta property=\"og:type\" content=\"article\" \/>\n<meta property=\"og:title\" content=\"Pol\u00edtica de Uso -\" \/>\n<meta property=\"og:description\" content=\"Este sitio web est\u00e1 en servicio con la condici\u00f3n de que el usuario de internet acepte las siguientes condiciones. Cada usuario que utilice el sitio web www.cliniccenter.co.uk se considera que acepta estas condiciones. Derechos de Autor Los derechos completos sobre el sitio web www.cliniccenter.co.uk pertenecen a Clinic Center. Todos los productos de software, escritos, art\u00edculos, [&hellip;]\" \/>\n<meta property=\"og:url\" content=\"https:\/\/cliniccenter.co.uk\/es\/politica-de-uso\/\" \/>\n<meta property=\"article:publisher\" content=\"https:\/\/www.facebook.com\/cliniccenter.co.uk\/\" \/>\n<meta property=\"article:modified_time\" content=\"2024-11-11T15:22:59+00:00\" \/>\n<meta name=\"twitter:card\" content=\"summary_large_image\" \/>\n<meta name=\"twitter:site\" content=\"@cliniccenteruk\" \/>\n<meta name=\"twitter:label1\" content=\"Tiempo de lectura\" \/>\n\t<meta name=\"twitter:data1\" content=\"4 minutos\" \/>\n<!-- \/ Yoast SEO plugin. -->","yoast_head_json":{"title":"Pol\u00edtica de Uso -","robots":{"index":"index","follow":"follow","max-snippet":"max-snippet:-1","max-image-preview":"max-image-preview:large","max-video-preview":"max-video-preview:-1"},"canonical":"https:\/\/cliniccenter.co.uk\/es\/politica-de-uso\/","og_locale":"es_ES","og_type":"article","og_title":"Pol\u00edtica de Uso -","og_description":"Este sitio web est\u00e1 en servicio con la condici\u00f3n de que el usuario de internet acepte las siguientes condiciones. Cada usuario que utilice el sitio web www.cliniccenter.co.uk se considera que acepta estas condiciones. Derechos de Autor Los derechos completos sobre el sitio web www.cliniccenter.co.uk pertenecen a Clinic Center. Todos los productos de software, escritos, art\u00edculos, [&hellip;]","og_url":"https:\/\/cliniccenter.co.uk\/es\/politica-de-uso\/","article_publisher":"https:\/\/www.facebook.com\/cliniccenter.co.uk\/","article_modified_time":"2024-11-11T15:22:59+00:00","twitter_card":"summary_large_image","twitter_site":"@cliniccenteruk","twitter_misc":{"Tiempo de lectura":"4 minutos"},"schema":{"@context":"https:\/\/schema.org","@graph":[{"@type":"WebPage","@id":"https:\/\/cliniccenter.co.uk\/es\/politica-de-uso\/","url":"https:\/\/cliniccenter.co.uk\/es\/politica-de-uso\/","name":"Pol\u00edtica de Uso -","isPartOf":{"@id":"https:\/\/cliniccenter.co.uk\/ro\/#website"},"datePublished":"2018-02-26T06:54:23+00:00","dateModified":"2024-11-11T15:22:59+00:00","breadcrumb":{"@id":"https:\/\/cliniccenter.co.uk\/es\/politica-de-uso\/#breadcrumb"},"inLanguage":"es","potentialAction":[{"@type":"ReadAction","target":["https:\/\/cliniccenter.co.uk\/es\/politica-de-uso\/"]}]},{"@type":"BreadcrumbList","@id":"https:\/\/cliniccenter.co.uk\/es\/politica-de-uso\/#breadcrumb","itemListElement":[{"@type":"ListItem","position":1,"name":"Home","item":"https:\/\/cliniccenter.co.uk\/es\/"},{"@type":"ListItem","position":2,"name":"Pol\u00edtica de Uso"}]},{"@type":"WebSite","@id":"https:\/\/cliniccenter.co.uk\/ro\/#website","url":"https:\/\/cliniccenter.co.uk\/ro\/","name":"","description":"","potentialAction":[{"@type":"SearchAction","target":{"@type":"EntryPoint","urlTemplate":"https:\/\/cliniccenter.co.uk\/ro\/?s={search_term_string}"},"query-input":{"@type":"PropertyValueSpecification","valueRequired":true,"valueName":"search_term_string"}}],"inLanguage":"es"}]}},"uagb_featured_image_src":{"full":false,"thumbnail":false,"medium":false,"medium_large":false,"large":false,"1536x1536":false,"2048x2048":false},"uagb_author_info":{"display_name":"Sertac Ceki","author_link":"https:\/\/cliniccenter.co.uk\/es\/blog\/author\/sertaccliniccenter-co-uk\/"},"uagb_comment_info":0,"uagb_excerpt":"Este sitio web est\u00e1 en servicio con la condici\u00f3n de que el usuario de internet acepte las siguientes condiciones. Cada usuario que utilice el sitio web www.cliniccenter.co.uk se considera que acepta estas condiciones. Derechos de Autor Los derechos completos sobre el sitio web www.cliniccenter.co.uk pertenecen a Clinic Center. Todos los productos de software, escritos, art\u00edculos,&hellip;","_links":{"self":[{"href":"https:\/\/cliniccenter.co.uk\/es\/wp-json\/wp\/v2\/pages\/57577"}],"collection":[{"href":"https:\/\/cliniccenter.co.uk\/es\/wp-json\/wp\/v2\/pages"}],"about":[{"href":"https:\/\/cliniccenter.co.uk\/es\/wp-json\/wp\/v2\/types\/page"}],"author":[{"embeddable":true,"href":"https:\/\/cliniccenter.co.uk\/es\/wp-json\/wp\/v2\/users\/2"}],"replies":[{"embeddable":true,"href":"https:\/\/cliniccenter.co.uk\/es\/wp-json\/wp\/v2\/comments?post=57577"}],"version-history":[{"count":1,"href":"https:\/\/cliniccenter.co.uk\/es\/wp-json\/wp\/v2\/pages\/57577\/revisions"}],"predecessor-version":[{"id":57579,"href":"https:\/\/cliniccenter.co.uk\/es\/wp-json\/wp\/v2\/pages\/57577\/revisions\/57579"}],"wp:attachment":[{"href":"https:\/\/cliniccenter.co.uk\/es\/wp-json\/wp\/v2\/media?parent=57577"}],"curies":[{"name":"wp","href":"https:\/\/api.w.org\/{rel}","templated":true}]}}