{"id":61627,"date":"2023-09-13T07:05:39","date_gmt":"2023-09-13T07:05:39","guid":{"rendered":"https:\/\/cliniccenter.co.uk\/doctors\/dr-jacob\/"},"modified":"2025-10-22T09:11:11","modified_gmt":"2025-10-22T09:11:11","slug":"dr-jacob","status":"publish","type":"page","link":"https:\/\/cliniccenter.co.uk\/es\/dr-jacob\/","title":{"rendered":"Dr. Jacob | M\u00e9dico de Cirug\u00eda Pl\u00e1stica | Clinic Center"},"content":{"rendered":"\n<div class=\"wp-block-columns is-layout-flex wp-container-core-columns-is-layout-3 wp-block-columns-is-layout-flex\">\n<div class=\"wp-block-column is-layout-flow wp-block-column-is-layout-flow\" style=\"flex-basis:33.33%\">\n<figure class=\"wp-block-image size-full\"><img decoding=\"async\" width=\"517\" height=\"1024\" src=\"https:\/\/cliniccenter.co.uk\/wp-content\/uploads\/2023\/10\/dr.-jacob-dik-517x1024-2.jpg\" alt=\"\" class=\"wp-image-45801\" srcset=\"https:\/\/cliniccenter.co.uk\/wp-content\/uploads\/2023\/10\/dr.-jacob-dik-517x1024-2.jpg 517w, https:\/\/cliniccenter.co.uk\/wp-content\/uploads\/2023\/10\/dr.-jacob-dik-517x1024-2-151x300.jpg 151w\" sizes=\"(max-width: 517px) 100vw, 517px\" \/><\/figure>\n<\/div>\n\n\n\n<div class=\"wp-block-column is-layout-flow wp-block-column-is-layout-flow\"><\/div>\n\n\n\n<div class=\"wp-block-column is-layout-flow wp-block-column-is-layout-flow\" style=\"flex-basis:66.66%\">\n<div class=\"wp-block-columns is-layout-flex wp-container-core-columns-is-layout-1 wp-block-columns-is-layout-flex\">\n<div class=\"wp-block-column leftpadbox is-layout-flow wp-block-column-is-layout-flow\">\n<p>El Dr. Jacob se licenci\u00f3 en la Facultad de Medicina de la Universidad T\u00e9cnica Karadeniz en 2003, tras lo cual inici\u00f3 su andadura en cirug\u00eda cardiovascular realizando una residencia en el renombrado Centro de Cirug\u00eda Cardiovascular y Tor\u00e1cica Siyami Ersek de Estambul entre 2004 y 2005. Sin embargo, su principal inter\u00e9s resid\u00eda en la Cirug\u00eda Pl\u00e1stica, Reparadora y Est\u00e9tica, lo que le llev\u00f3 a especializarse en este campo. <\/p>\n\n\n\n<p>Para perfeccionar sus conocimientos en el intrincado campo de la cirug\u00eda pl\u00e1stica, el Dr. Jacob dedic\u00f3 varios a\u00f1os a una formaci\u00f3n y pr\u00e1ctica rigurosas. Entre sus intensas residencias, trabaj\u00f3 junto a algunas de las figuras m\u00e1s destacadas del sector, adquiriendo conocimientos y experiencias de valor incalculable. Con un gran n\u00famero de intervenciones quir\u00fargicas con \u00e9xito en su haber, el Dr. Jacob es famoso por sus t\u00e9cnicas precisas y su inigualable dedicaci\u00f3n a sus pacientes.  <\/p>\n\n\n\n<p>El Dr. Jacob es un estimado miembro de relevantes organismos profesionales en Turqu\u00eda, y contribuye de forma significativa a revistas nacionales e internacionales. Con una formaci\u00f3n acad\u00e9mica ejemplar, una amplia capacitaci\u00f3n y a\u00f1os de experiencia pr\u00e1ctica en Turqu\u00eda, el Dr. Jacob se ha forjado una reputaci\u00f3n como figura de confianza en el campo de la Cirug\u00eda Pl\u00e1stica, Reparadora y Est\u00e9tica. Los pacientes elogian constantemente su pericia quir\u00fargica, as\u00ed como su enfoque emp\u00e1tico hacia sus preocupaciones y deseos.  <\/p>\n<\/div>\n<\/div>\n\n\n\n<div class=\"wp-block-columns is-layout-flex wp-container-core-columns-is-layout-2 wp-block-columns-is-layout-flex\">\n<div class=\"wp-block-column leftpadbox is-layout-flow wp-block-column-is-layout-flow\">\n<p><strong>Experiencia<\/strong>: 20 a\u00f1os<br><strong>Pacientes internacionales tratados<\/strong>: Reino Unido, Irlanda, Australia, Estados Unidos de Am\u00e9rica, Canad\u00e1, Alemania, Francia, Emiratos \u00c1rabes Unidos, Arabia Saud\u00ed<br><strong>Campos de especializaci\u00f3n:<\/strong> <a href=\"https:\/\/cliniccenter.co.uk\/breast-augmentation-turkey\/\">Aumento de mamas (implantes mamarios, aumento de mamas)<\/a>, <g id=\"gid_2\">Elevaci\u00f3n de mamas<\/g>, <a href=\"https:\/\/cliniccenter.co.uk\/breast-reduction-turkey\/\">Reducci\u00f3n de mamas<\/a>, <g id=\"gid_4\">Rinoplastia (reparaci\u00f3n de la nariz)<\/g>, <g id=\"gid_5\">Septorrinoplastia<\/g>, <g id=\"gid_6\">Liposucci\u00f3n (eliminaci\u00f3n de grasa)<\/g>, <a href=\"https:\/\/cliniccenter.co.uk\/vaser-liposuction-in-turkey\/\">Vaser &amp; Liposucci\u00f3n Vaser de Alta Definici\u00f3n<\/a>, <g id=\"gid_8\">Abdominoplastia<\/g>, <g id=\"gid_9\">Lifting Brasile\u00f1o de Gl\u00fateos (BBL)<\/g>, <g id=\"gid_10\">Lifting Facial (Ritidectom\u00eda)<\/g>, <g id=\"gid_11\">Cirug\u00eda de P\u00e1rpados (Blefaroplastia)<\/g>, <g id=\"gid_12\">Ginecomastia (Reducci\u00f3n de Mamas Masculinas)<\/g>, <g id=\"gid_13\">Mommy Makeover<\/g>, <a href=\"https:\/\/cliniccenter.co.uk\/thigh-lift-surgery-in-turkey\/\">Lifting de Muslos (Musloplastia)<\/a>,               <a href=\"https:\/\/cliniccenter.co.uk\/arm-lift-surgery-in-turkey\/\">Lifting<\/a><a href=\"https:\/\/cliniccenter.co.uk\/neck-lift-surgery-in-turkey\/\">de Cuello (Platismoplastia)<\/a>, Lifting de Brazos (Braquioplastia), <a href=\"https:\/\/cliniccenter.co.uk\/brow-lift-eyebrow-lift-surgery-in-turkey\/\">Lifting de Cejas<\/a>, <a href=\"https:\/\/cliniccenter.co.uk\/cosmetic-ear-surgery-in-turkey-otoplasty\/\">Cirug\u00eda Est\u00e9tica de Orejas (Otoplastia)<\/a>, <a href=\"https:\/\/cliniccenter.co.uk\/cosmetic-surgery\/\">Cirug\u00edas Est\u00e9ticas<\/a>.<br><strong>Afiliaciones<\/strong>: Asociaci\u00f3n Turca de Cirug\u00eda Pl\u00e1stica, Reparadora y Est\u00e9tica, Asociaci\u00f3n M\u00e9dica Turca<br><strong>Ciudad<\/strong>: Estambul, Turqu\u00eda<br><strong>D\u00edas laborables<\/strong>: Laborables y s\u00e1bados<br><strong>Idiomas<\/strong>: Ingl\u00e9s<br><strong>Contacto<\/strong>: +44 20 3575 1039 &amp; info@cliniccenter.co.uk<br><strong><a href=\"https:\/\/cliniccenter.co.uk\/cosmetic-surgery\/#plastic-surgeons\">Cirujanos pl\u00e1sticos<\/a><\/strong><\/p>\n<\/div>\n<\/div>\n<\/div>\n<\/div>\n\n\n\n<script type=\"application\/ld+json\">\n    {\n        \"@context\": \"http:\\\/\\\/schema.org\",\n        \"@type\": \"Physician\",\n        \"@id\": \"https:\/\/cliniccenter.co.uk\/dr-jacob\/\",\n        \"areaServed\": {\n            \"@type\": \"Place\",\n            \"name\": \"Istanbul, Turkey\"\n        },\n        \"alumniOf\": {\n            \"@type\": \"OrganizationRole\",\n            \"alumniOf\": {\n                \"@type\": \"CollegeOrUniversity\",\n                \"name\": \"Karadeniz Technical University\"\n            }\n        },\n        \"employee\": {\n            \"@type\": \"Person\",\n            \"@id\": \"https:\/\/cliniccenter.co.uk\/dr-jacob\/\",\n            \"description\": \"Dr. Jacob graduated from Karadeniz Technical University's School of Medicine in 2003, following which he embarked on his journey in cardiovascular surgery by undertaking a residency at the renowned Siyami Ersek Cardiovascular and Thoracic Surgery Centre in Istanbul between 2004 and 2005. However, his primary interest lay in Plastic, Reconstructive and Aesthetic Surgery, leading him to further specialize in this field from 2007 to 2013 at Atat\u00fcrk Training and Research Hospital, Ankara. To hone his expertise in the intricate field of plastic surgery, Dr. Jacob dedicated several years to rigorous training and practice. Between his intensive residencies, he worked alongside some of the leading figures in the industry, gaining invaluable insights and experiences. With a vast number of successful surgeries under his belt, Dr. Jacob is renowned for his precise techniques and unparalleled dedication to his patients. Dr. Jacob is an esteemed member of relevant professional bodies in Turkey, contributing significantly to both national and international journals. With an exemplary educational background, extensive training, and years of practical experience both in Trabzon and Ankara, Dr. Jacob has built a reputation as a trusted figure in the field of Plastic, Reconstructive, and Aesthetic Surgery. Patients consistently commend his surgical expertise as well as his empathetic approach towards their concerns and desires.\",\n            \"hasOccupation\": {\n                \"@type\": \"Occupation\",\n                \"name\": \"Plastic Surgeon\"\n            },\n            \"knowsLanguage\": {\n                \"@type\": \"Language\",\n                \"name\": \"English\",\n                \"alternateName\": \"en\"\n            },\n            \"honorificSuffix\": \"Dr. \"\n        },\n        \"hospitalAffiliation\": {\n            \"image\": {\n                \"@type\": \"ImageObject\",\n                \"@id\": \"https:\/\/cliniccenter.co.uk\/wp-content\/uploads\/2023\/09\/dr.jacob-dik.jpg\/\"\n            }\n        },\n        \"isAcceptingNewPatients\": \"https:\\\/\\\/schema.org\\\/True\",\n        \"isAccessibleForFree\": \"https:\\\/\\\/schema.org\\\/False\",\n        \"medicalSpecialty\": {\n            \"@type\": \"MedicalSpecialty\",\n            \"name\": \"Breast Augmentation (Breast Implants, Breast Enlargement), Breast Lift, Breast Reduction, Rhinoplasty (Nose Job), Septorhinoplasty, Liposuction (Fat Removal), Vaser & Hi-Def Vaser Liposuction, Tummy Tuck, Brazilian Butt Lift (BBL), Facelift (Rhytidectomy), Eyelid Surgery (Blepharoplasty), Gynecomastia (Male Breast Reduction), Mommy Makeover, Thigh Lift (Thighplasty), Neck Lift (Platysmaplasty), Arm Lift  (Brachioplasty), Brow Lift, Cosmetic Ear Surgery (Otoplasty), Cosmetic Surgeries.\"\n        },\n        \"memberOf\": {\n            \"@type\": \"Organization\",\n            \"name\": [\n                \"Turkish Plastic, Reconstructive and Aesthetic Surgery Association, Turkish Medical Associationa\"\n            ]\n        },\n        \"name\": \"Dr. Jacob\"\n    }\n<\/script>\n","protected":false},"excerpt":{"rendered":"<p>El Dr. Jacob se licenci\u00f3 en la Facultad de Medicina de la Universidad T\u00e9cnica Karadeniz en 2003, tras lo cual inici\u00f3 su andadura en cirug\u00eda cardiovascular realizando una residencia en el renombrado Centro de Cirug\u00eda Cardiovascular y Tor\u00e1cica Siyami Ersek de Estambul entre 2004 y 2005. Sin embargo, su principal inter\u00e9s resid\u00eda en la Cirug\u00eda [&hellip;]<\/p>\n","protected":false},"author":15,"featured_media":0,"parent":18075,"menu_order":0,"comment_status":"closed","ping_status":"closed","template":"","meta":{"_uag_custom_page_level_css":"","_lmt_disableupdate":"no","_lmt_disable":"","site-sidebar-layout":"default","site-content-layout":"default","ast-site-content-layout":"default","site-content-style":"default","site-sidebar-style":"default","ast-global-header-display":"","ast-banner-title-visibility":"","ast-main-header-display":"","ast-hfb-above-header-display":"","ast-hfb-below-header-display":"","ast-hfb-mobile-header-display":"","site-post-title":"","ast-breadcrumbs-content":"","ast-featured-img":"","footer-sml-layout":"","theme-transparent-header-meta":"default","adv-header-id-meta":"","stick-header-meta":"","header-above-stick-meta":"","header-main-stick-meta":"","header-below-stick-meta":"","astra-migrate-meta-layouts":"set","ast-page-background-enabled":"default","ast-page-background-meta":{"desktop":{"background-color":"","background-image":"","background-repeat":"repeat","background-position":"center center","background-size":"auto","background-attachment":"scroll","background-type":"","background-media":"","overlay-type":"","overlay-color":"","overlay-opacity":"","overlay-gradient":""},"tablet":{"background-color":"","background-image":"","background-repeat":"repeat","background-position":"center center","background-size":"auto","background-attachment":"scroll","background-type":"","background-media":"","overlay-type":"","overlay-color":"","overlay-opacity":"","overlay-gradient":""},"mobile":{"background-color":"","background-image":"","background-repeat":"repeat","background-position":"center center","background-size":"auto","background-attachment":"scroll","background-type":"","background-media":"","overlay-type":"","overlay-color":"","overlay-opacity":"","overlay-gradient":""}},"ast-content-background-meta":{"desktop":{"background-color":"var(--ast-global-color-5)","background-image":"","background-repeat":"repeat","background-position":"center center","background-size":"auto","background-attachment":"scroll","background-type":"","background-media":"","overlay-type":"","overlay-color":"","overlay-opacity":"","overlay-gradient":""},"tablet":{"background-color":"var(--ast-global-color-5)","background-image":"","background-repeat":"repeat","background-position":"center center","background-size":"auto","background-attachment":"scroll","background-type":"","background-media":"","overlay-type":"","overlay-color":"","overlay-opacity":"","overlay-gradient":""},"mobile":{"background-color":"var(--ast-global-color-5)","background-image":"","background-repeat":"repeat","background-position":"center center","background-size":"auto","background-attachment":"scroll","background-type":"","background-media":"","overlay-type":"","overlay-color":"","overlay-opacity":"","overlay-gradient":""}},"footnotes":""},"class_list":["post-61627","page","type-page","status-publish","hentry"],"yoast_head":"<!-- This site is optimized with the Yoast SEO plugin v25.3.1 - https:\/\/yoast.com\/wordpress\/plugins\/seo\/ -->\n<title>Dr. Jacob | M\u00e9dico de Cirug\u00eda Pl\u00e1stica | Clinic Center<\/title>\n<meta name=\"description\" content=\"Lee m\u00e1s sobre el experto colaborador Dr. Jacob en Clinic Center, con m\u00e1s de 20 a\u00f1os de experiencia en cirug\u00eda pl\u00e1stica.\" \/>\n<meta name=\"robots\" content=\"noindex, nofollow\" \/>\n<meta property=\"og:locale\" content=\"es_ES\" \/>\n<meta property=\"og:type\" content=\"article\" \/>\n<meta property=\"og:title\" content=\"Dr. Jacob | M\u00e9dico de Cirug\u00eda Pl\u00e1stica | Clinic Center\" \/>\n<meta property=\"og:description\" content=\"Lee m\u00e1s sobre el experto colaborador Dr. Jacob en Clinic Center, con m\u00e1s de 20 a\u00f1os de experiencia en cirug\u00eda pl\u00e1stica.\" \/>\n<meta property=\"og:url\" content=\"https:\/\/cliniccenter.co.uk\/es\/dr-jacob\/\" \/>\n<meta property=\"article:publisher\" content=\"https:\/\/www.facebook.com\/cliniccenter.co.uk\/\" \/>\n<meta property=\"article:modified_time\" content=\"2025-10-22T09:11:11+00:00\" \/>\n<meta property=\"og:image\" content=\"https:\/\/cliniccenter.co.uk\/wp-content\/uploads\/2023\/10\/dr.-jacob-dik-517x1024-2.jpg\" \/>\n<meta name=\"twitter:card\" content=\"summary_large_image\" \/>\n<meta name=\"twitter:site\" content=\"@cliniccenteruk\" \/>\n<meta name=\"twitter:label1\" content=\"Tiempo de lectura\" \/>\n\t<meta name=\"twitter:data1\" content=\"2 minutos\" \/>\n<!-- \/ Yoast SEO plugin. -->","yoast_head_json":{"title":"Dr. Jacob | M\u00e9dico de Cirug\u00eda Pl\u00e1stica | Clinic Center","description":"Lee m\u00e1s sobre el experto colaborador Dr. Jacob en Clinic Center, con m\u00e1s de 20 a\u00f1os de experiencia en cirug\u00eda pl\u00e1stica.","robots":{"index":"noindex","follow":"nofollow"},"og_locale":"es_ES","og_type":"article","og_title":"Dr. Jacob | M\u00e9dico de Cirug\u00eda Pl\u00e1stica | Clinic Center","og_description":"Lee m\u00e1s sobre el experto colaborador Dr. Jacob en Clinic Center, con m\u00e1s de 20 a\u00f1os de experiencia en cirug\u00eda pl\u00e1stica.","og_url":"https:\/\/cliniccenter.co.uk\/es\/dr-jacob\/","article_publisher":"https:\/\/www.facebook.com\/cliniccenter.co.uk\/","article_modified_time":"2025-10-22T09:11:11+00:00","og_image":[{"url":"https:\/\/cliniccenter.co.uk\/wp-content\/uploads\/2023\/10\/dr.-jacob-dik-517x1024-2.jpg","type":"","width":"","height":""}],"twitter_card":"summary_large_image","twitter_site":"@cliniccenteruk","twitter_misc":{"Tiempo de lectura":"2 minutos"},"schema":{"@context":"https:\/\/schema.org","@graph":[{"@type":"WebPage","@id":"https:\/\/cliniccenter.co.uk\/es\/dr-jacob\/","url":"https:\/\/cliniccenter.co.uk\/es\/dr-jacob\/","name":"Dr. Jacob | M\u00e9dico de Cirug\u00eda Pl\u00e1stica | Clinic Center","isPartOf":{"@id":"https:\/\/cliniccenter.co.uk\/ro\/#website"},"primaryImageOfPage":{"@id":"https:\/\/cliniccenter.co.uk\/es\/dr-jacob\/#primaryimage"},"image":{"@id":"https:\/\/cliniccenter.co.uk\/es\/dr-jacob\/#primaryimage"},"thumbnailUrl":"https:\/\/cliniccenter.co.uk\/wp-content\/uploads\/2023\/10\/dr.-jacob-dik-517x1024-2.jpg","datePublished":"2023-09-13T07:05:39+00:00","dateModified":"2025-10-22T09:11:11+00:00","description":"Lee m\u00e1s sobre el experto colaborador Dr. Jacob en Clinic Center, con m\u00e1s de 20 a\u00f1os de experiencia en cirug\u00eda pl\u00e1stica.","breadcrumb":{"@id":"https:\/\/cliniccenter.co.uk\/es\/dr-jacob\/#breadcrumb"},"inLanguage":"es","potentialAction":[{"@type":"ReadAction","target":["https:\/\/cliniccenter.co.uk\/es\/dr-jacob\/"]}]},{"@type":"ImageObject","inLanguage":"es","@id":"https:\/\/cliniccenter.co.uk\/es\/dr-jacob\/#primaryimage","url":"https:\/\/cliniccenter.co.uk\/wp-content\/uploads\/2023\/10\/dr.-jacob-dik-517x1024-2.jpg","contentUrl":"https:\/\/cliniccenter.co.uk\/wp-content\/uploads\/2023\/10\/dr.-jacob-dik-517x1024-2.jpg"},{"@type":"BreadcrumbList","@id":"https:\/\/cliniccenter.co.uk\/es\/dr-jacob\/#breadcrumb","itemListElement":[{"@type":"ListItem","position":1,"name":"Home","item":"https:\/\/cliniccenter.co.uk\/es\/"},{"@type":"ListItem","position":2,"name":"Los mejores cirujanos y m\u00e9dicos en Turqu\u00eda","item":"https:\/\/cliniccenter.co.uk\/es\/doctors\/"},{"@type":"ListItem","position":3,"name":"Dr. Jacob | M\u00e9dico de Cirug\u00eda Pl\u00e1stica | Clinic Center"}]},{"@type":"WebSite","@id":"https:\/\/cliniccenter.co.uk\/ro\/#website","url":"https:\/\/cliniccenter.co.uk\/ro\/","name":"","description":"","potentialAction":[{"@type":"SearchAction","target":{"@type":"EntryPoint","urlTemplate":"https:\/\/cliniccenter.co.uk\/ro\/?s={search_term_string}"},"query-input":{"@type":"PropertyValueSpecification","valueRequired":true,"valueName":"search_term_string"}}],"inLanguage":"es"}]}},"uagb_featured_image_src":{"full":false,"thumbnail":false,"medium":false,"medium_large":false,"large":false,"1536x1536":false,"2048x2048":false},"uagb_author_info":{"display_name":"G\u00f6rkem G\u00fcng\u00f6r","author_link":"https:\/\/cliniccenter.co.uk\/es\/blog\/author\/gorkem\/"},"uagb_comment_info":0,"uagb_excerpt":"El Dr. Jacob se licenci\u00f3 en la Facultad de Medicina de la Universidad T\u00e9cnica Karadeniz en 2003, tras lo cual inici\u00f3 su andadura en cirug\u00eda cardiovascular realizando una residencia en el renombrado Centro de Cirug\u00eda Cardiovascular y Tor\u00e1cica Siyami Ersek de Estambul entre 2004 y 2005. Sin embargo, su principal inter\u00e9s resid\u00eda en la Cirug\u00eda&hellip;","_links":{"self":[{"href":"https:\/\/cliniccenter.co.uk\/es\/wp-json\/wp\/v2\/pages\/61627"}],"collection":[{"href":"https:\/\/cliniccenter.co.uk\/es\/wp-json\/wp\/v2\/pages"}],"about":[{"href":"https:\/\/cliniccenter.co.uk\/es\/wp-json\/wp\/v2\/types\/page"}],"author":[{"embeddable":true,"href":"https:\/\/cliniccenter.co.uk\/es\/wp-json\/wp\/v2\/users\/15"}],"replies":[{"embeddable":true,"href":"https:\/\/cliniccenter.co.uk\/es\/wp-json\/wp\/v2\/comments?post=61627"}],"version-history":[{"count":1,"href":"https:\/\/cliniccenter.co.uk\/es\/wp-json\/wp\/v2\/pages\/61627\/revisions"}],"predecessor-version":[{"id":61628,"href":"https:\/\/cliniccenter.co.uk\/es\/wp-json\/wp\/v2\/pages\/61627\/revisions\/61628"}],"up":[{"embeddable":true,"href":"https:\/\/cliniccenter.co.uk\/es\/wp-json\/wp\/v2\/pages\/18075"}],"wp:attachment":[{"href":"https:\/\/cliniccenter.co.uk\/es\/wp-json\/wp\/v2\/media?parent=61627"}],"curies":[{"name":"wp","href":"https:\/\/api.w.org\/{rel}","templated":true}]}}