{"id":55987,"date":"2024-01-08T07:41:31","date_gmt":"2024-01-08T07:41:31","guid":{"rendered":"https:\/\/cliniccenter.co.uk\/about\/"},"modified":"2026-03-18T07:21:59","modified_gmt":"2026-03-18T07:21:59","slug":"a-propos-de-nous","status":"publish","type":"page","link":"https:\/\/cliniccenter.co.uk\/fr\/a-propos-de-nous\/","title":{"rendered":"\u00c0 Propos De Nous"},"content":{"rendered":"\n<div class=\"wp-block-columns is-layout-flex wp-container-core-columns-is-layout-1 wp-block-columns-is-layout-flex\">\n<div class=\"wp-block-column is-layout-flow wp-block-column-is-layout-flow\">\n<figure class=\"wp-block-image size-full is-style-default skip-lazy\"><img decoding=\"async\" width=\"600\" height=\"400\" src=\"https:\/\/cliniccenter.co.uk\/wp-content\/uploads\/2024\/11\/clinic-center-about-fr-tiny.png\" alt=\"\" class=\"wp-image-56943\" srcset=\"https:\/\/cliniccenter.co.uk\/wp-content\/uploads\/2024\/11\/clinic-center-about-fr-tiny.png 600w, https:\/\/cliniccenter.co.uk\/wp-content\/uploads\/2024\/11\/clinic-center-about-fr-tiny-300x200.png 300w\" sizes=\"(max-width: 600px) 100vw, 600px\" \/><\/figure>\n\n\n\n<h2 class=\"wp-block-heading has-text-align-center\"><span class=\"ez-toc-section\" id=\"Clinic_Center\"><\/span><strong>Clinic Center<\/strong><span class=\"ez-toc-section-end\"><\/span><\/h2>\n\n\n\n<p class=\"has-text-align-center\">Clinic Center, reconnu internationalement, propose des greffes de cheveux, de la chirurgie plastique, de la chirurgie esth\u00e9tique et des soins dentaires. Enregistr\u00e9 au Royaume-Uni et compos\u00e9 de chirurgiens\/sp\u00e9cialistes r\u00e9put\u00e9s et les mieux form\u00e9s, notre objectif est de fournir des services de haute qualit\u00e9 \u00e0 des co\u00fbts abordables. Tous les traitements sont effectu\u00e9s dans des h\u00f4pitaux accr\u00e9dit\u00e9s au niveau international. Tous les \u00e9quipements utilis\u00e9s, tout le personnel, y compris les m\u00e9decins et les soignants et les conditions g\u00e9n\u00e9rales de l&rsquo;h\u00f4pital sont inspect\u00e9s et autoris\u00e9s par des organismes m\u00e9dicaux internationaux et par le minist\u00e8re turc de la Sant\u00e9.<\/p>\n\n\n\n<div class=\"wp-block-button has-text-align-center\"><a class=\"wp-block-button__link\" href=\"https:\/\/cliniccenter.co.uk\/fr\/propos\/\">En Savoir Plus<\/a><br><br><\/div>\n<\/div>\n\n\n\n<div class=\"wp-block-column is-layout-flow wp-block-column-is-layout-flow\">\n<figure class=\"wp-block-image size-full is-style-default skip-lazy\"><img decoding=\"async\" width=\"600\" height=\"400\" src=\"https:\/\/cliniccenter.co.uk\/wp-content\/uploads\/2024\/04\/why-choose-clinic-center-1.jpg\" alt=\"\" class=\"wp-image-51247\" srcset=\"https:\/\/cliniccenter.co.uk\/wp-content\/uploads\/2024\/04\/why-choose-clinic-center-1.jpg 600w, https:\/\/cliniccenter.co.uk\/wp-content\/uploads\/2024\/04\/why-choose-clinic-center-1-300x200.jpg 300w\" sizes=\"(max-width: 600px) 100vw, 600px\" \/><\/figure>\n\n\n\n<h2 class=\"wp-block-heading has-text-align-center\"><span class=\"ez-toc-section\" id=\"Pourquoi_choisir_Clinic_Center\"><\/span><strong>Pourquoi choisir Clinic Center<\/strong><span class=\"ez-toc-section-end\"><\/span><\/h2>\n\n\n\n<p class=\"has-text-align-center\">Clinic Center offre la possibilit\u00e9 de vivre une exp\u00e9rience patient de bout en bout avec un accompagnement m\u00e9dical complet et un suivi d&rsquo;un an, \u00e9tant la seule soci\u00e9t\u00e9 de soins de sant\u00e9 \u00e0 proposer des services de consultation et de suivi gratuits au Royaume-Uni. Ayant une approche ax\u00e9e sur le patient, nous proposons des forfaits tout compris pour couvrir tous vos besoins et souhaits pendant votre parcours m\u00e9dical, dont l&rsquo;h\u00e9bergement dans un h\u00f4tel de luxe, tous les transferts avec une voiture VIP, un h\u00f4te personnel international, une chambre d&rsquo;h\u00f4pital priv\u00e9e, des examens de sant\u00e9 et des v\u00eatements m\u00e9dicaux.<\/p><div id=\"ez-toc-container\" class=\"ez-toc-v2_0_82_2 counter-hierarchy ez-toc-counter ez-toc-grey ez-toc-container-direction\">\n<div class=\"ez-toc-title-container\">\n<p class=\"ez-toc-title\" style=\"cursor:inherit\">Table of Contents<\/p>\n<span class=\"ez-toc-title-toggle\"><a href=\"#\" class=\"ez-toc-pull-right ez-toc-btn ez-toc-btn-xs ez-toc-btn-default ez-toc-toggle\" aria-label=\"Toggle Table of Content\"><span class=\"ez-toc-js-icon-con\"><span class=\"\"><span class=\"eztoc-hide\" style=\"display:none;\">Toggle<\/span><span class=\"ez-toc-icon-toggle-span\"><svg style=\"fill: #999;color:#999\" xmlns=\"http:\/\/www.w3.org\/2000\/svg\" class=\"list-377408\" width=\"20px\" height=\"20px\" viewBox=\"0 0 24 24\" fill=\"none\"><path d=\"M6 6H4v2h2V6zm14 0H8v2h12V6zM4 11h2v2H4v-2zm16 0H8v2h12v-2zM4 16h2v2H4v-2zm16 0H8v2h12v-2z\" fill=\"currentColor\"><\/path><\/svg><svg style=\"fill: #999;color:#999\" class=\"arrow-unsorted-368013\" xmlns=\"http:\/\/www.w3.org\/2000\/svg\" width=\"10px\" height=\"10px\" viewBox=\"0 0 24 24\" version=\"1.2\" baseProfile=\"tiny\"><path d=\"M18.2 9.3l-6.2-6.3-6.2 6.3c-.2.2-.3.4-.3.7s.1.5.3.7c.2.2.4.3.7.3h11c.3 0 .5-.1.7-.3.2-.2.3-.5.3-.7s-.1-.5-.3-.7zM5.8 14.7l6.2 6.3 6.2-6.3c.2-.2.3-.5.3-.7s-.1-.5-.3-.7c-.2-.2-.4-.3-.7-.3h-11c-.3 0-.5.1-.7.3-.2.2-.3.5-.3.7s.1.5.3.7z\"\/><\/svg><\/span><\/span><\/span><\/a><\/span><\/div>\n<nav><ul class='ez-toc-list ez-toc-list-level-1 ' ><li class='ez-toc-page-1 ez-toc-heading-level-2'><a class=\"ez-toc-link ez-toc-heading-1\" href=\"https:\/\/cliniccenter.co.uk\/fr\/a-propos-de-nous\/#Clinic_Center\" >Clinic Center<\/a><\/li><li class='ez-toc-page-1 ez-toc-heading-level-2'><a class=\"ez-toc-link ez-toc-heading-2\" href=\"https:\/\/cliniccenter.co.uk\/fr\/a-propos-de-nous\/#Pourquoi_choisir_Clinic_Center\" >Pourquoi choisir Clinic Center<\/a><\/li><li class='ez-toc-page-1 ez-toc-heading-level-2'><a class=\"ez-toc-link ez-toc-heading-3\" href=\"https:\/\/cliniccenter.co.uk\/fr\/a-propos-de-nous\/#Comment_Ca_Marche\" >Comment \u00c7a Marche<\/a><\/li><li class='ez-toc-page-1 ez-toc-heading-level-2'><a class=\"ez-toc-link ez-toc-heading-4\" href=\"https:\/\/cliniccenter.co.uk\/fr\/a-propos-de-nous\/#Cliniques_partenaires_du_Centre_Clinique\" >Cliniques partenaires du Centre Clinique<\/a><\/li><li class='ez-toc-page-1 ez-toc-heading-level-2'><a class=\"ez-toc-link ez-toc-heading-5\" href=\"https:\/\/cliniccenter.co.uk\/fr\/a-propos-de-nous\/#Guide_De_lambassadeur\" >Guide De l&rsquo;ambassadeur<\/a><\/li><li class='ez-toc-page-1 ez-toc-heading-level-2'><a class=\"ez-toc-link ez-toc-heading-6\" href=\"https:\/\/cliniccenter.co.uk\/fr\/a-propos-de-nous\/#Blog\" >Blog<\/a><\/li><\/ul><\/nav><\/div>\n\n\n\n\n<div class=\"wp-block-button has-text-align-center\"><a class=\"wp-block-button__link\" href=\"https:\/\/cliniccenter.co.uk\/why-choose-clinic-center\/\">En Savoir Plus<\/a><br><br><\/div>\n<\/div>\n<\/div>\n\n\n\n<div class=\"wp-block-columns is-layout-flex wp-container-core-columns-is-layout-2 wp-block-columns-is-layout-flex\"><\/div>\n\n\n\n<div class=\"wp-block-columns is-layout-flex wp-container-core-columns-is-layout-3 wp-block-columns-is-layout-flex\">\n<div class=\"wp-block-column is-layout-flow wp-block-column-is-layout-flow\">\n<figure class=\"wp-block-image size-full\"><img decoding=\"async\" width=\"600\" height=\"400\" src=\"https:\/\/cliniccenter.co.uk\/wp-content\/uploads\/2024\/04\/How-does-it-work.jpg\" alt=\"\" class=\"wp-image-51253\" srcset=\"https:\/\/cliniccenter.co.uk\/wp-content\/uploads\/2024\/04\/How-does-it-work.jpg 600w, https:\/\/cliniccenter.co.uk\/wp-content\/uploads\/2024\/04\/How-does-it-work-300x200.jpg 300w\" sizes=\"(max-width: 600px) 100vw, 600px\" \/><\/figure>\n\n\n\n<h2 class=\"wp-block-heading has-text-align-center\"><span class=\"ez-toc-section\" id=\"Comment_Ca_Marche\"><\/span><strong>Comment \u00c7a Marche<\/strong><span class=\"ez-toc-section-end\"><\/span><\/h2>\n\n\n\n<p class=\"has-text-align-center\">En consultant notre site Web, vous trouverez des informations d\u00e9taill\u00e9es sur votre proc\u00e9dure et tout ce que vous souhaitez savoir. Une fois que vous avez pris votre d\u00e9cision, vous pouvez nous contacter pour obtenir des informations compl\u00e9mentaires et personnalis\u00e9es sur votre \u00e9tat de sant\u00e9 actuel \u00e9valu\u00e9 par nos m\u00e9decins partenaires hautement exp\u00e9riment\u00e9s. En payant un petit acompte, vous pouvez s\u00e9curiser votre traitement et le recevoir \u00e0 tout moment. Une fois que vous avez d\u00e9cid\u00e9 de l&rsquo;heure, l&rsquo;\u00e9quipe du Clinic Center organise tout le processus, des transferts a\u00e9roportuaires aux r\u00e9servations d&rsquo;h\u00f4tel en passant par l&rsquo;accueil personnel. Vous serez conduit en voiture VIP de l&rsquo;a\u00e9roport \u00e0 l&rsquo;h\u00f4tel et \u00e0 l&rsquo;h\u00f4pital, et vous aurez une consultation gratuite avec votre m\u00e9decin pour tout demander.<\/p>\n\n\n\n<div class=\"wp-block-button has-text-align-center\"><a class=\"wp-block-button__link\" href=\"https:\/\/cliniccenter.co.uk\/how-does-it-work\/\">En Savoir Plus<\/a><br><br><\/div>\n<\/div>\n\n\n\n<div class=\"wp-block-column is-layout-flow wp-block-column-is-layout-flow\">\n<figure class=\"wp-block-image size-full\"><img decoding=\"async\" width=\"600\" height=\"400\" src=\"https:\/\/cliniccenter.co.uk\/wp-content\/uploads\/2024\/01\/clinic-center-partner-clinics.jpg\" alt=\"\" class=\"wp-image-49753\" srcset=\"https:\/\/cliniccenter.co.uk\/wp-content\/uploads\/2024\/01\/clinic-center-partner-clinics.jpg 600w, https:\/\/cliniccenter.co.uk\/wp-content\/uploads\/2024\/01\/clinic-center-partner-clinics-300x200.jpg 300w\" sizes=\"(max-width: 600px) 100vw, 600px\" \/><\/figure>\n\n\n\n<h2 class=\"wp-block-heading has-text-align-center\"><span class=\"ez-toc-section\" id=\"Cliniques_partenaires_du_Centre_Clinique\"><\/span><strong>Cliniques partenaires du Centre Clinique<\/strong><span class=\"ez-toc-section-end\"><\/span><\/h2>\n\n\n\n<p class=\"has-text-align-center\">En tant que centre clinique, notre mission est de fournir \u00e0 nos clients les meilleurs services disponibles dans le domaine m\u00e9dical. C&rsquo;est pourquoi nous travaillons uniquement avec les meilleurs m\u00e9decins, h\u00f4pitaux et cliniques de Turquie. Nos chirurgiens partenaires sont choisis apr\u00e8s une \u00e9valuation d\u00e9taill\u00e9e de leurs ant\u00e9c\u00e9dents et de leurs qualifications. Nous pouvons vous garantir que nous travaillons uniquement avec des chirurgiens bien form\u00e9s et hautement exp\u00e9riment\u00e9s en Turquie afin de fournir la meilleure exp\u00e9rience et les meilleurs r\u00e9sultats possibles.<\/p>\n\n\n\n<div class=\"wp-block-button has-text-align-center\"><a class=\"wp-block-button__link\" href=\"https:\/\/cliniccenter.co.uk\/fr\/cliniques-partenaires-clinic-center\/\">En Savoir Plus<\/a><br><br><\/div>\n<\/div>\n<\/div>\n\n\n\n<div class=\"wp-block-columns is-layout-flex wp-container-core-columns-is-layout-4 wp-block-columns-is-layout-flex\">\n<div class=\"wp-block-column is-layout-flow wp-block-column-is-layout-flow\">\n<figure class=\"wp-block-image size-full\"><img decoding=\"async\" width=\"600\" height=\"400\" src=\"https:\/\/cliniccenter.co.uk\/wp-content\/uploads\/2024\/01\/ambassador-guide.jpg\" alt=\"\" class=\"wp-image-49758\" srcset=\"https:\/\/cliniccenter.co.uk\/wp-content\/uploads\/2024\/01\/ambassador-guide.jpg 600w, https:\/\/cliniccenter.co.uk\/wp-content\/uploads\/2024\/01\/ambassador-guide-300x200.jpg 300w\" sizes=\"(max-width: 600px) 100vw, 600px\" \/><\/figure>\n\n\n\n<h2 class=\"wp-block-heading has-text-align-center\"><span class=\"ez-toc-section\" id=\"Guide_De_lambassadeur\"><\/span><strong>Guide De l&rsquo;ambassadeur<\/strong><span class=\"ez-toc-section-end\"><\/span><\/h2>\n\n\n\n<p class=\"has-text-align-center\">Nous voulons que votre exp\u00e9rience et votre parcours soient entendus et observ\u00e9s pour inspirer les autres. Si vous souhaitez partager votre parcours, notre programme d&rsquo;ambassadeurs est exactement ce dont vous avez besoin. Veuillez suivre les \u00e9tapes suivantes : partagez une br\u00e8ve explication de la raison pour laquelle vous vous rendez au Clinic Center et de vos attentes avant votre visite. Partagez l&rsquo;int\u00e9gralit\u00e9 de votre parcours m\u00e9dical sur votre compte de m\u00e9dias sociaux et taguez Clinic Center uniquement. Publiez votre photo postop\u00e9ratoire pour montrer votre r\u00e9sultat et taguez Clinic Center.<\/p>\n\n\n\n<div class=\"wp-block-button has-text-align-center\"><a class=\"wp-block-button__link\" href=\"https:\/\/cliniccenter.co.uk\/fr\/ambassadeur-guide\/\">En Savoir Plus<\/a><br><br><\/div>\n<\/div>\n\n\n\n<div class=\"wp-block-column is-layout-flow wp-block-column-is-layout-flow\">\n<figure class=\"wp-block-image size-full is-style-default\"><img decoding=\"async\" width=\"600\" height=\"400\" src=\"https:\/\/cliniccenter.co.uk\/wp-content\/uploads\/2024\/01\/blog.jpg\" alt=\"\" class=\"wp-image-49763\" srcset=\"https:\/\/cliniccenter.co.uk\/wp-content\/uploads\/2024\/01\/blog.jpg 600w, https:\/\/cliniccenter.co.uk\/wp-content\/uploads\/2024\/01\/blog-300x200.jpg 300w\" sizes=\"(max-width: 600px) 100vw, 600px\" \/><\/figure>\n\n\n\n<h2 class=\"wp-block-heading has-text-align-center\"><span class=\"ez-toc-section\" id=\"Blog\"><\/span><strong>Blog<\/strong><span class=\"ez-toc-section-end\"><\/span><\/h2>\n\n\n\n<p class=\"has-text-align-center\">En plus des articles informatifs sur les proc\u00e9dures, vous pouvez \u00e9galement trouver dans notre blog des articles sur des sujets int\u00e9ressants et actuels, des c\u00e9l\u00e9brit\u00e9s et leurs transformations, des discussions m\u00e9dicales actuelles, des conseils et astuces m\u00e9dicales, des actualit\u00e9s sur le tourisme de sant\u00e9 et tout ce qui concerne le domaine m\u00e9dical et ses d\u00e9veloppements.<\/p>\n\n\n\n<div class=\"wp-block-button has-text-align-center\"><a class=\"wp-block-button__link\" href=\"https:\/\/cliniccenter.co.uk\/blog\/\">En Savoir Plus<\/a><br><br><\/div>\n<\/div>\n<\/div>\n\n\n\n<div class=\"wp-block-columns is-layout-flex wp-container-core-columns-is-layout-5 wp-block-columns-is-layout-flex\">\n<div class=\"wp-block-column is-layout-flow wp-block-column-is-layout-flow\">\n<p><\/p>\n\n\n\n<p><\/p>\n<\/div>\n<\/div>\n<\/p>","protected":false},"excerpt":{"rendered":"<p>Clinic Center Clinic Center, reconnu internationalement, propose des greffes de cheveux, de la chirurgie plastique, de la chirurgie esth\u00e9tique et des soins dentaires. Enregistr\u00e9 au Royaume-Uni et compos\u00e9 de chirurgiens\/sp\u00e9cialistes r\u00e9put\u00e9s et les mieux form\u00e9s, notre objectif est de fournir des services de haute qualit\u00e9 \u00e0 des co\u00fbts abordables. Tous les traitements sont effectu\u00e9s dans [&hellip;]<\/p>\n","protected":false},"author":2,"featured_media":0,"parent":0,"menu_order":0,"comment_status":"closed","ping_status":"closed","template":"","meta":{"_uag_custom_page_level_css":"","_lmt_disableupdate":"no","_lmt_disable":"","site-sidebar-layout":"default","site-content-layout":"default","ast-site-content-layout":"default","site-content-style":"default","site-sidebar-style":"default","ast-global-header-display":"","ast-banner-title-visibility":"","ast-main-header-display":"","ast-hfb-above-header-display":"","ast-hfb-below-header-display":"","ast-hfb-mobile-header-display":"","site-post-title":"","ast-breadcrumbs-content":"","ast-featured-img":"disabled","footer-sml-layout":"","theme-transparent-header-meta":"default","adv-header-id-meta":"","stick-header-meta":"","header-above-stick-meta":"","header-main-stick-meta":"","header-below-stick-meta":"","astra-migrate-meta-layouts":"set","ast-page-background-enabled":"default","ast-page-background-meta":{"desktop":{"background-color":"","background-image":"","background-repeat":"repeat","background-position":"center center","background-size":"auto","background-attachment":"scroll","background-type":"","background-media":"","overlay-type":"","overlay-color":"","overlay-opacity":"","overlay-gradient":""},"tablet":{"background-color":"","background-image":"","background-repeat":"repeat","background-position":"center center","background-size":"auto","background-attachment":"scroll","background-type":"","background-media":"","overlay-type":"","overlay-color":"","overlay-opacity":"","overlay-gradient":""},"mobile":{"background-color":"","background-image":"","background-repeat":"repeat","background-position":"center center","background-size":"auto","background-attachment":"scroll","background-type":"","background-media":"","overlay-type":"","overlay-color":"","overlay-opacity":"","overlay-gradient":""}},"ast-content-background-meta":{"desktop":{"background-color":"var(--ast-global-color-5)","background-image":"","background-repeat":"repeat","background-position":"center center","background-size":"auto","background-attachment":"scroll","background-type":"","background-media":"","overlay-type":"","overlay-color":"","overlay-opacity":"","overlay-gradient":""},"tablet":{"background-color":"var(--ast-global-color-5)","background-image":"","background-repeat":"repeat","background-position":"center center","background-size":"auto","background-attachment":"scroll","background-type":"","background-media":"","overlay-type":"","overlay-color":"","overlay-opacity":"","overlay-gradient":""},"mobile":{"background-color":"var(--ast-global-color-5)","background-image":"","background-repeat":"repeat","background-position":"center center","background-size":"auto","background-attachment":"scroll","background-type":"","background-media":"","overlay-type":"","overlay-color":"","overlay-opacity":"","overlay-gradient":""}},"footnotes":""},"class_list":["post-55987","page","type-page","status-publish","hentry"],"yoast_head":"<!-- This site is optimized with the Yoast SEO plugin v25.3.1 - https:\/\/yoast.com\/wordpress\/plugins\/seo\/ -->\n<title>Clinic Center<\/title>\n<meta name=\"robots\" content=\"noindex, follow\" \/>\n<meta property=\"og:locale\" content=\"fr_FR\" \/>\n<meta property=\"og:type\" content=\"article\" \/>\n<meta property=\"og:title\" content=\"Clinic Center\" \/>\n<meta property=\"og:description\" content=\"Clinic Center Clinic Center, reconnu internationalement, propose des greffes de cheveux, de la chirurgie plastique, de la chirurgie esth\u00e9tique et des soins dentaires. Enregistr\u00e9 au Royaume-Uni et compos\u00e9 de chirurgiens\/sp\u00e9cialistes r\u00e9put\u00e9s et les mieux form\u00e9s, notre objectif est de fournir des services de haute qualit\u00e9 \u00e0 des co\u00fbts abordables. Tous les traitements sont effectu\u00e9s dans [&hellip;]\" \/>\n<meta property=\"og:url\" content=\"https:\/\/cliniccenter.co.uk\/fr\/a-propos-de-nous\/\" \/>\n<meta property=\"article:publisher\" content=\"https:\/\/www.facebook.com\/cliniccenter.co.uk\/\" \/>\n<meta property=\"article:modified_time\" content=\"2026-03-18T07:21:59+00:00\" \/>\n<meta property=\"og:image\" content=\"https:\/\/cliniccenter.co.uk\/wp-content\/uploads\/2024\/11\/clinic-center-about-fr-tiny.png\" \/>\n\t<meta property=\"og:image:width\" content=\"600\" \/>\n\t<meta property=\"og:image:height\" content=\"400\" \/>\n\t<meta property=\"og:image:type\" content=\"image\/png\" \/>\n<meta name=\"twitter:card\" content=\"summary_large_image\" \/>\n<meta name=\"twitter:site\" content=\"@cliniccenteruk\" \/>\n<meta name=\"twitter:label1\" content=\"Dur\u00e9e de lecture estim\u00e9e\" \/>\n\t<meta name=\"twitter:data1\" content=\"4 minutes\" \/>\n<!-- \/ Yoast SEO plugin. -->","yoast_head_json":{"title":"Clinic Center","robots":{"index":"noindex","follow":"follow"},"og_locale":"fr_FR","og_type":"article","og_title":"Clinic Center","og_description":"Clinic Center Clinic Center, reconnu internationalement, propose des greffes de cheveux, de la chirurgie plastique, de la chirurgie esth\u00e9tique et des soins dentaires. Enregistr\u00e9 au Royaume-Uni et compos\u00e9 de chirurgiens\/sp\u00e9cialistes r\u00e9put\u00e9s et les mieux form\u00e9s, notre objectif est de fournir des services de haute qualit\u00e9 \u00e0 des co\u00fbts abordables. Tous les traitements sont effectu\u00e9s dans [&hellip;]","og_url":"https:\/\/cliniccenter.co.uk\/fr\/a-propos-de-nous\/","article_publisher":"https:\/\/www.facebook.com\/cliniccenter.co.uk\/","article_modified_time":"2026-03-18T07:21:59+00:00","og_image":[{"width":600,"height":400,"url":"https:\/\/cliniccenter.co.uk\/wp-content\/uploads\/2024\/11\/clinic-center-about-fr-tiny.png","type":"image\/png"}],"twitter_card":"summary_large_image","twitter_site":"@cliniccenteruk","twitter_misc":{"Dur\u00e9e de lecture estim\u00e9e":"4 minutes"},"schema":{"@context":"https:\/\/schema.org","@graph":[{"@type":"WebPage","@id":"https:\/\/cliniccenter.co.uk\/fr\/a-propos-de-nous\/","url":"https:\/\/cliniccenter.co.uk\/fr\/a-propos-de-nous\/","name":"Clinic Center","isPartOf":{"@id":"https:\/\/cliniccenter.co.uk\/ro\/#website"},"primaryImageOfPage":{"@id":"https:\/\/cliniccenter.co.uk\/fr\/a-propos-de-nous\/#primaryimage"},"image":{"@id":"https:\/\/cliniccenter.co.uk\/fr\/a-propos-de-nous\/#primaryimage"},"thumbnailUrl":"https:\/\/cliniccenter.co.uk\/wp-content\/uploads\/2024\/11\/clinic-center-about-fr-tiny.png","datePublished":"2024-01-08T07:41:31+00:00","dateModified":"2026-03-18T07:21:59+00:00","breadcrumb":{"@id":"https:\/\/cliniccenter.co.uk\/fr\/a-propos-de-nous\/#breadcrumb"},"inLanguage":"fr-FR","potentialAction":[{"@type":"ReadAction","target":["https:\/\/cliniccenter.co.uk\/fr\/a-propos-de-nous\/"]}]},{"@type":"ImageObject","inLanguage":"fr-FR","@id":"https:\/\/cliniccenter.co.uk\/fr\/a-propos-de-nous\/#primaryimage","url":"https:\/\/cliniccenter.co.uk\/wp-content\/uploads\/2024\/11\/clinic-center-about-fr-tiny.png","contentUrl":"https:\/\/cliniccenter.co.uk\/wp-content\/uploads\/2024\/11\/clinic-center-about-fr-tiny.png"},{"@type":"BreadcrumbList","@id":"https:\/\/cliniccenter.co.uk\/fr\/a-propos-de-nous\/#breadcrumb","itemListElement":[{"@type":"ListItem","position":1,"name":"Home","item":"https:\/\/cliniccenter.co.uk\/fr\/"},{"@type":"ListItem","position":2,"name":"\u00c0 Propos De Nous"}]},{"@type":"WebSite","@id":"https:\/\/cliniccenter.co.uk\/ro\/#website","url":"https:\/\/cliniccenter.co.uk\/ro\/","name":"","description":"","potentialAction":[{"@type":"SearchAction","target":{"@type":"EntryPoint","urlTemplate":"https:\/\/cliniccenter.co.uk\/ro\/?s={search_term_string}"},"query-input":{"@type":"PropertyValueSpecification","valueRequired":true,"valueName":"search_term_string"}}],"inLanguage":"fr-FR"}]}},"uagb_featured_image_src":{"full":false,"thumbnail":false,"medium":false,"medium_large":false,"large":false,"1536x1536":false,"2048x2048":false},"uagb_author_info":{"display_name":"Sertac Ceki","author_link":"https:\/\/cliniccenter.co.uk\/fr\/blog\/author\/sertaccliniccenter-co-uk\/"},"uagb_comment_info":0,"uagb_excerpt":"Clinic Center Clinic Center, reconnu internationalement, propose des greffes de cheveux, de la chirurgie plastique, de la chirurgie esth\u00e9tique et des soins dentaires. Enregistr\u00e9 au Royaume-Uni et compos\u00e9 de chirurgiens\/sp\u00e9cialistes r\u00e9put\u00e9s et les mieux form\u00e9s, notre objectif est de fournir des services de haute qualit\u00e9 \u00e0 des co\u00fbts abordables. Tous les traitements sont effectu\u00e9s dans\u2026","_links":{"self":[{"href":"https:\/\/cliniccenter.co.uk\/fr\/wp-json\/wp\/v2\/pages\/55987"}],"collection":[{"href":"https:\/\/cliniccenter.co.uk\/fr\/wp-json\/wp\/v2\/pages"}],"about":[{"href":"https:\/\/cliniccenter.co.uk\/fr\/wp-json\/wp\/v2\/types\/page"}],"author":[{"embeddable":true,"href":"https:\/\/cliniccenter.co.uk\/fr\/wp-json\/wp\/v2\/users\/2"}],"replies":[{"embeddable":true,"href":"https:\/\/cliniccenter.co.uk\/fr\/wp-json\/wp\/v2\/comments?post=55987"}],"version-history":[{"count":8,"href":"https:\/\/cliniccenter.co.uk\/fr\/wp-json\/wp\/v2\/pages\/55987\/revisions"}],"predecessor-version":[{"id":60388,"href":"https:\/\/cliniccenter.co.uk\/fr\/wp-json\/wp\/v2\/pages\/55987\/revisions\/60388"}],"wp:attachment":[{"href":"https:\/\/cliniccenter.co.uk\/fr\/wp-json\/wp\/v2\/media?parent=55987"}],"curies":[{"name":"wp","href":"https:\/\/api.w.org\/{rel}","templated":true}]}}