{"id":55992,"date":"2015-07-20T12:03:31","date_gmt":"2015-07-20T12:03:31","guid":{"rendered":"https:\/\/cliniccenter.co.uk\/about-us\/"},"modified":"2024-10-17T13:07:14","modified_gmt":"2024-10-17T13:07:14","slug":"propos","status":"publish","type":"page","link":"https:\/\/cliniccenter.co.uk\/fr\/propos\/","title":{"rendered":"\u00c0 Propos De Ous"},"content":{"rendered":"\n<p>Clinic Center, enregistr\u00e9 au Royaume-Uni, propose des traitements de greffe de cheveux, de chirurgie plastique et de dentisterie esth\u00e9tique, effectu\u00e9s de mani\u00e8re moderne, pr\u00e9cise et efficace par des m\u00e9decins partenaires talentueux et accr\u00e9dit\u00e9s au niveau international, combinant les derni\u00e8res technologies et des m\u00e9thodes chirurgicales avanc\u00e9es \u00e0 des co\u00fbts abordables en Turquie. Tous les traitements propos\u00e9s par Clinic Center sont effectu\u00e9s dans des \u00e9tablissements de sant\u00e9 sous contrat avec un certificat d&rsquo;autorisation de tourisme de sant\u00e9. Plus de milliers de patients du Royaume-Uni, d&rsquo;Irlande, d&rsquo;Allemagne, d&rsquo;Italie, des \u00c9tats-Unis d&rsquo;Am\u00e9rique, du Canada, d&rsquo;Australie, de Nouvelle-Z\u00e9lande, du Moyen-Orient, d&rsquo;Afrique et de nombreux autres pays ont \u00e9t\u00e9 trait\u00e9s par des professionnels avec l&rsquo;aide de Clinic Center.<\/p>\n\n\n\n<div class=\"wp-block-uagb-image alignright uagb-block-f8ed5f95 wp-block-uagb-image--layout-default wp-block-uagb-image--effect-static wp-block-uagb-image--align-right skip-lazy\"><figure class=\"wp-block-uagb-image__figure\"><img decoding=\"async\" srcset=\"https:\/\/cliniccenter.co.uk\/wp-content\/uploads\/2023\/12\/clinic-center-image-1-2.webp ,https:\/\/cliniccenter.co.uk\/wp-content\/uploads\/2023\/12\/clinic-center-image-1-2.webp 780w, https:\/\/cliniccenter.co.uk\/wp-content\/uploads\/2023\/12\/clinic-center-image-1-2.webp 360w\" sizes=\"(max-width: 480px) 150px\" src=\"https:\/\/cliniccenter.co.uk\/wp-content\/uploads\/2023\/12\/clinic-center-image-1-2.webp\" alt=\"\" class=\"uag-image-49601\" width=\"350\" height=\"411\" title=\"\" loading=\"lazy\"\/><\/figure><\/div>\n\n\n\n<p>L\u00e9quipe du Centre Clinique est compos\u00e9e de chirurgiens et de sp\u00e9cialistes r\u00e9put\u00e9s et hautement qualifi\u00e9s. Notre objectif est de fournir des services de haute qualit\u00e9 \u00e0 des co\u00fbts abordables et comp\u00e9titifs par des \u00e9quipes m\u00e9dicales qualifi\u00e9es, dans des h\u00f4pitaux de pointe et avec des technologies de pointe qui garantiront les meilleurs r\u00e9sultats pour tous les patients. Tous les traitements sont effectu\u00e9s dans des h\u00f4pitaux accr\u00e9dit\u00e9s au niveau international. Tous les \u00e9quipements utilis\u00e9s, y compris les m\u00e9decins, les soignants, le personnel et les conditions g\u00e9n\u00e9rales de l&rsquo;h\u00f4pital ainsi que tous les processus sont inspect\u00e9s et autoris\u00e9s par des organismes m\u00e9dicaux internationaux et par Le Minist\u00e8re Turc De La Sant\u00e9.<\/p>\n\n\n\n<p>R\u00e9compens\u00e9 du meilleur service client par WhatClinic.com, le service aux patients du Clinic Center travaille 24 heures sur 24 et 7 jours sur 7 pour vous aider \u00e0 fournir des traitements de la plus haute qualit\u00e9. \u00c9tant une entreprise bas\u00e9e au Royaume-Uni, une partie de notre \u00e9quipe est pr\u00eate \u00e0 vous aider en vous proposant des consultations physiques dans notre bureau de Londres. \u00c0 partir de la consultation, le parcours est suivi et accompagn\u00e9 par notre \u00e9quipe professionnelle. Chaque membre de notre \u00e9quipe investit du temps dans des relations personnelles et s&rsquo;engage dans une prise de d\u00e9cision r\u00e9fl\u00e9chie avec nos patients.<\/p>\n\n\n\n<p>Clinic Center est la seule entreprise \u00e0 proposer un service de suivi apr\u00e8s le retour des patients dans leurs villes au Royaume-Uni. Le r\u00e9seau unique de suivi assur\u00e9 par 24 cliniques \u00e0 Londres, Birmingham et Manchester est \u00e9galement une caract\u00e9ristique diff\u00e9renciante de nos services. De plus, nous restons en contact avec les patients et les aidons \u00e0 effectuer leur suivi en Turquie.<\/p>\n\n\n\n<p>L\u00e9quipe ax\u00e9e sur le patient du Centre Clinique fait de son mieux pour que les patients b\u00e9n\u00e9ficient d&rsquo;un service de la meilleure qualit\u00e9 et qu&rsquo;ils se sentent comme chez eux tout en les aidant \u00e0 obtenir LE look.<\/p>\n\n\n\n<p>Clinic Center est un \u00e9tablissement d&rsquo;Ada Sant\u00e9 Voyage Tourisme de Sant\u00e9 et Conseil S.A.R.L<\/p>\n\n\n\n<div class=\"wp-block-columns is-layout-flex wp-container-core-columns-is-layout-1 wp-block-columns-is-layout-flex\">\n<div class=\"wp-block-column is-layout-flow wp-block-column-is-layout-flow\" style=\"flex-basis:25%\"><\/div>\n\n\n\n<div class=\"wp-block-column is-layout-flow wp-block-column-is-layout-flow\" style=\"flex-basis:50%\"><figure class=\"wp-block-embed is-type-video is-provider-youtube wp-block-embed-youtube wp-embed-aspect-16-9 wp-has-aspect-ratio\">\n<div class=\"wp-block-embed__wrapper\">\n<div class=\"ast-oembed-container \" style=\"height: 100%;\"><iframe title=\"Interview with CEO of Clinic Center I Dr. Alex George Visits Clinic Center I  Clinic Center Turkey\" width=\"500\" height=\"281\" src=\"https:\/\/www.youtube.com\/embed\/JX0EVNd37QM?feature=oembed\" frameborder=\"0\" allow=\"accelerometer; autoplay; clipboard-write; encrypted-media; gyroscope; picture-in-picture; web-share\" referrerpolicy=\"strict-origin-when-cross-origin\" allowfullscreen><\/iframe><\/div>\n<\/div>\n<\/figure>\n<\/div>\n\n\n\n<div class=\"wp-block-column is-layout-flow wp-block-column-is-layout-flow\" style=\"flex-basis:25%\"><\/div>\n<\/div>\n\n\n\n<p><\/p>\n\n\n\n<style>\n@media only screen and (max-width: 765px) {\nfigure.alignright.size-large.is-resized {\n    width: 100%;\n}\n\nfigure.alignright.size-large.is-resized img {\n    width: 100% !important;\n}\n}\n\n<\/style>\n","protected":false},"excerpt":{"rendered":"<p>Clinic Center, enregistr\u00e9 au Royaume-Uni, propose des traitements de greffe de cheveux, de chirurgie plastique et de dentisterie esth\u00e9tique, effectu\u00e9s de mani\u00e8re moderne, pr\u00e9cise et efficace par des m\u00e9decins partenaires talentueux et accr\u00e9dit\u00e9s au niveau international, combinant les derni\u00e8res technologies et des m\u00e9thodes chirurgicales avanc\u00e9es \u00e0 des co\u00fbts abordables en Turquie. Tous les traitements propos\u00e9s [&hellip;]<\/p>\n","protected":false},"author":2,"featured_media":0,"parent":0,"menu_order":0,"comment_status":"closed","ping_status":"closed","template":"","meta":{"_uag_custom_page_level_css":"","_lmt_disableupdate":"no","_lmt_disable":"","site-sidebar-layout":"default","site-content-layout":"default","ast-site-content-layout":"default","site-content-style":"default","site-sidebar-style":"default","ast-global-header-display":"","ast-banner-title-visibility":"","ast-main-header-display":"","ast-hfb-above-header-display":"","ast-hfb-below-header-display":"","ast-hfb-mobile-header-display":"","site-post-title":"","ast-breadcrumbs-content":"","ast-featured-img":"","footer-sml-layout":"","theme-transparent-header-meta":"default","adv-header-id-meta":"","stick-header-meta":"","header-above-stick-meta":"","header-main-stick-meta":"","header-below-stick-meta":"","astra-migrate-meta-layouts":"set","ast-page-background-enabled":"default","ast-page-background-meta":{"desktop":{"background-color":"","background-image":"","background-repeat":"repeat","background-position":"center center","background-size":"auto","background-attachment":"scroll","background-type":"","background-media":"","overlay-type":"","overlay-color":"","overlay-opacity":"","overlay-gradient":""},"tablet":{"background-color":"","background-image":"","background-repeat":"repeat","background-position":"center center","background-size":"auto","background-attachment":"scroll","background-type":"","background-media":"","overlay-type":"","overlay-color":"","overlay-opacity":"","overlay-gradient":""},"mobile":{"background-color":"","background-image":"","background-repeat":"repeat","background-position":"center center","background-size":"auto","background-attachment":"scroll","background-type":"","background-media":"","overlay-type":"","overlay-color":"","overlay-opacity":"","overlay-gradient":""}},"ast-content-background-meta":{"desktop":{"background-color":"var(--ast-global-color-5)","background-image":"","background-repeat":"repeat","background-position":"center center","background-size":"auto","background-attachment":"scroll","background-type":"","background-media":"","overlay-type":"","overlay-color":"","overlay-opacity":"","overlay-gradient":""},"tablet":{"background-color":"var(--ast-global-color-5)","background-image":"","background-repeat":"repeat","background-position":"center center","background-size":"auto","background-attachment":"scroll","background-type":"","background-media":"","overlay-type":"","overlay-color":"","overlay-opacity":"","overlay-gradient":""},"mobile":{"background-color":"var(--ast-global-color-5)","background-image":"","background-repeat":"repeat","background-position":"center center","background-size":"auto","background-attachment":"scroll","background-type":"","background-media":"","overlay-type":"","overlay-color":"","overlay-opacity":"","overlay-gradient":""}},"footnotes":""},"class_list":["post-55992","page","type-page","status-publish","hentry"],"yoast_head":"<!-- This site is optimized with the Yoast SEO plugin v25.3.1 - https:\/\/yoast.com\/wordpress\/plugins\/seo\/ -->\n<title>About Us | Clinic Center<\/title>\n<meta name=\"description\" content=\"Clinic Center providing high-quality hair transplant, plastic surgery, cosmetic dentistry, and IVF procedures in Turkey with award-winning customer service.\" \/>\n<meta name=\"robots\" content=\"index, follow, max-snippet:-1, max-image-preview:large, max-video-preview:-1\" \/>\n<link rel=\"canonical\" href=\"https:\/\/cliniccenter.co.uk\/fr\/propos\/\" \/>\n<meta property=\"og:locale\" content=\"fr_FR\" \/>\n<meta property=\"og:type\" content=\"article\" \/>\n<meta property=\"og:title\" content=\"About Us | Clinic Center\" \/>\n<meta property=\"og:description\" content=\"Clinic Center providing high-quality hair transplant, plastic surgery, cosmetic dentistry, and IVF procedures in Turkey with award-winning customer service.\" \/>\n<meta property=\"og:url\" content=\"https:\/\/cliniccenter.co.uk\/fr\/propos\/\" \/>\n<meta property=\"article:publisher\" content=\"https:\/\/www.facebook.com\/cliniccenter.co.uk\/\" \/>\n<meta property=\"article:modified_time\" content=\"2024-10-17T13:07:14+00:00\" \/>\n<meta property=\"og:image\" content=\"https:\/\/cliniccenter.co.uk\/wp-content\/uploads\/2023\/12\/clinic-center-image-1-2.webp\" \/>\n<meta name=\"twitter:card\" content=\"summary_large_image\" \/>\n<meta name=\"twitter:site\" content=\"@cliniccenteruk\" \/>\n<meta name=\"twitter:label1\" content=\"Dur\u00e9e de lecture estim\u00e9e\" \/>\n\t<meta name=\"twitter:data1\" content=\"3 minutes\" \/>\n<!-- \/ Yoast SEO plugin. -->","yoast_head_json":{"title":"About Us | Clinic Center","description":"Clinic Center providing high-quality hair transplant, plastic surgery, cosmetic dentistry, and IVF procedures in Turkey with award-winning customer service.","robots":{"index":"index","follow":"follow","max-snippet":"max-snippet:-1","max-image-preview":"max-image-preview:large","max-video-preview":"max-video-preview:-1"},"canonical":"https:\/\/cliniccenter.co.uk\/fr\/propos\/","og_locale":"fr_FR","og_type":"article","og_title":"About Us | Clinic Center","og_description":"Clinic Center providing high-quality hair transplant, plastic surgery, cosmetic dentistry, and IVF procedures in Turkey with award-winning customer service.","og_url":"https:\/\/cliniccenter.co.uk\/fr\/propos\/","article_publisher":"https:\/\/www.facebook.com\/cliniccenter.co.uk\/","article_modified_time":"2024-10-17T13:07:14+00:00","og_image":[{"url":"https:\/\/cliniccenter.co.uk\/wp-content\/uploads\/2023\/12\/clinic-center-image-1-2.webp","type":"","width":"","height":""}],"twitter_card":"summary_large_image","twitter_site":"@cliniccenteruk","twitter_misc":{"Dur\u00e9e de lecture estim\u00e9e":"3 minutes"},"schema":{"@context":"https:\/\/schema.org","@graph":[{"@type":"WebPage","@id":"https:\/\/cliniccenter.co.uk\/fr\/propos\/","url":"https:\/\/cliniccenter.co.uk\/fr\/propos\/","name":"About Us | Clinic Center","isPartOf":{"@id":"https:\/\/cliniccenter.co.uk\/ro\/#website"},"primaryImageOfPage":{"@id":"https:\/\/cliniccenter.co.uk\/fr\/propos\/#primaryimage"},"image":{"@id":"https:\/\/cliniccenter.co.uk\/fr\/propos\/#primaryimage"},"thumbnailUrl":"https:\/\/cliniccenter.co.uk\/wp-content\/uploads\/2023\/12\/clinic-center-image-1-2.webp","datePublished":"2015-07-20T12:03:31+00:00","dateModified":"2024-10-17T13:07:14+00:00","description":"Clinic Center providing high-quality hair transplant, plastic surgery, cosmetic dentistry, and IVF procedures in Turkey with award-winning customer service.","breadcrumb":{"@id":"https:\/\/cliniccenter.co.uk\/fr\/propos\/#breadcrumb"},"inLanguage":"fr-FR","potentialAction":[{"@type":"ReadAction","target":["https:\/\/cliniccenter.co.uk\/fr\/propos\/"]}]},{"@type":"ImageObject","inLanguage":"fr-FR","@id":"https:\/\/cliniccenter.co.uk\/fr\/propos\/#primaryimage","url":"https:\/\/cliniccenter.co.uk\/wp-content\/uploads\/2023\/12\/clinic-center-image-1-2.webp","contentUrl":"https:\/\/cliniccenter.co.uk\/wp-content\/uploads\/2023\/12\/clinic-center-image-1-2.webp"},{"@type":"BreadcrumbList","@id":"https:\/\/cliniccenter.co.uk\/fr\/propos\/#breadcrumb","itemListElement":[{"@type":"ListItem","position":1,"name":"Home","item":"https:\/\/cliniccenter.co.uk\/fr\/"},{"@type":"ListItem","position":2,"name":"\u00c0 Propos De Ous"}]},{"@type":"WebSite","@id":"https:\/\/cliniccenter.co.uk\/ro\/#website","url":"https:\/\/cliniccenter.co.uk\/ro\/","name":"","description":"","potentialAction":[{"@type":"SearchAction","target":{"@type":"EntryPoint","urlTemplate":"https:\/\/cliniccenter.co.uk\/ro\/?s={search_term_string}"},"query-input":{"@type":"PropertyValueSpecification","valueRequired":true,"valueName":"search_term_string"}}],"inLanguage":"fr-FR"}]}},"uagb_featured_image_src":{"full":false,"thumbnail":false,"medium":false,"medium_large":false,"large":false,"1536x1536":false,"2048x2048":false},"uagb_author_info":{"display_name":"Sertac Ceki","author_link":"https:\/\/cliniccenter.co.uk\/fr\/blog\/author\/sertaccliniccenter-co-uk\/"},"uagb_comment_info":0,"uagb_excerpt":"Clinic Center, enregistr\u00e9 au Royaume-Uni, propose des traitements de greffe de cheveux, de chirurgie plastique et de dentisterie esth\u00e9tique, effectu\u00e9s de mani\u00e8re moderne, pr\u00e9cise et efficace par des m\u00e9decins partenaires talentueux et accr\u00e9dit\u00e9s au niveau international, combinant les derni\u00e8res technologies et des m\u00e9thodes chirurgicales avanc\u00e9es \u00e0 des co\u00fbts abordables en Turquie. Tous les traitements propos\u00e9s\u2026","_links":{"self":[{"href":"https:\/\/cliniccenter.co.uk\/fr\/wp-json\/wp\/v2\/pages\/55992"}],"collection":[{"href":"https:\/\/cliniccenter.co.uk\/fr\/wp-json\/wp\/v2\/pages"}],"about":[{"href":"https:\/\/cliniccenter.co.uk\/fr\/wp-json\/wp\/v2\/types\/page"}],"author":[{"embeddable":true,"href":"https:\/\/cliniccenter.co.uk\/fr\/wp-json\/wp\/v2\/users\/2"}],"replies":[{"embeddable":true,"href":"https:\/\/cliniccenter.co.uk\/fr\/wp-json\/wp\/v2\/comments?post=55992"}],"version-history":[{"count":2,"href":"https:\/\/cliniccenter.co.uk\/fr\/wp-json\/wp\/v2\/pages\/55992\/revisions"}],"predecessor-version":[{"id":55997,"href":"https:\/\/cliniccenter.co.uk\/fr\/wp-json\/wp\/v2\/pages\/55992\/revisions\/55997"}],"wp:attachment":[{"href":"https:\/\/cliniccenter.co.uk\/fr\/wp-json\/wp\/v2\/media?parent=55992"}],"curies":[{"name":"wp","href":"https:\/\/api.w.org\/{rel}","templated":true}]}}