{"id":56014,"date":"2018-02-26T06:38:55","date_gmt":"2018-02-26T06:38:55","guid":{"rendered":"https:\/\/cliniccenter.co.uk\/privacy-policy\/"},"modified":"2024-10-18T12:23:54","modified_gmt":"2024-10-18T12:23:54","slug":"politique-de-confidentialite","status":"publish","type":"page","link":"https:\/\/cliniccenter.co.uk\/fr\/politique-de-confidentialite\/","title":{"rendered":"Politique de Confidentialit\u00e9"},"content":{"rendered":"<h2><span class=\"ez-toc-section\" id=\"Cher_utilisateur_du_centre_clinique\"><\/span>Cher utilisateur du centre clinique,<span class=\"ez-toc-section-end\"><\/span><\/h2>\n<p>La protection des donn\u00e9es personnelles et votre s\u00e9curit\u00e9 lors du paiement sont tr\u00e8s importantes pour nous. Nous sommes d&rsquo;avis que les donn\u00e9es que vous nous fournissez sont des valeurs que nous devons prot\u00e9ger. C&rsquo;est pourquoi nous utilisons de nombreux outils (tels que le cryptage, les mots de passe, la s\u00e9curit\u00e9 physique, etc.) pour prot\u00e9ger vos donn\u00e9es personnelles contre tout acc\u00e8s non autoris\u00e9.<\/p>\n<h2><span class=\"ez-toc-section\" id=\"Obtention_et_utilisation_de_vos_donnees\"><\/span>Obtention et utilisation de vos donn\u00e9es<span class=\"ez-toc-section-end\"><\/span><\/h2>\n<p>Sans aucune exception, toutes les donn\u00e9es personnelles de tous nos clients sont obtenues en toute confidentialit\u00e9. De plus, le stockage et l&rsquo;utilisation des donn\u00e9es de nos clients sont relativement n\u00e9cessaires pour que notre processus de travail se d\u00e9roule sans probl\u00e8me. Pour fournir les services de la meilleure fa\u00e7on, les donn\u00e9es n\u00e9cessaires \u00e0 l&rsquo;ach\u00e8vement du travail sont stock\u00e9es dans Clinic Center et, si n\u00e9cessaire, elles sont transmises aux entreprises pour l&rsquo;ex\u00e9cution des services. Les donn\u00e9es personnelles ne sont jamais transmises \u00e0 des tiers sans votre accord. Nous ne pouvons divulguer vos donn\u00e9es personnelles que pour fournir nos services, pour remplir des obligations l\u00e9gales, pour appliquer les r\u00e8gles et politiques de Clinic Center, pour r\u00e9pondre aux r\u00e9clamations de violation de droits soumises par des tiers concernant le service ou le contenu fourni ou pour prot\u00e9ger les droits ou la s\u00e9curit\u00e9 de toute personne. Vos donn\u00e9es personnelles ne sont pas utilis\u00e9es dans le cadre du contrat d&rsquo;adh\u00e9sion, \u00e0 l&rsquo;exception des approbations \u00e9crites que vous donnez dans les accords de Clinic Center. Clinic Center peut obtenir des donn\u00e9es sur les utilisateurs et l&rsquo;utilisation du site Web www.cliniccenter.co.uk par les utilisateurs en utilisant un fichier de contact technique (Cookie). Cependant, les utilisateurs peuvent modifier les param\u00e8tres de leur navigateur pour ne pas recevoir de Cookie ou pour recevoir un avertissement lorsqu&rsquo;un Cookie arrive.<br \/>\nClinic Center stocke et utilise les donn\u00e9es des patients pour informer sur les nouvelles campagnes et pour am\u00e9liorer les produits et services. En outre, si n\u00e9cessaire, des profils anonymes sont utilis\u00e9s pour des \u00e9tudes de march\u00e9.<br \/>\nDans le cas o\u00f9 les donn\u00e9es priv\u00e9es sont endommag\u00e9es ou obtenues par des tiers \u00e0 la suite d&rsquo;attaques contre le site Web www.cliniccenter.co.uk ou contre le syst\u00e8me, ind\u00e9pendamment du fait que Clinic Center prenne toutes les mesures n\u00e9cessaires pour la s\u00e9curit\u00e9 des donn\u00e9es, Clinic Center n&rsquo;en assume aucune responsabilit\u00e9. Clinic Center peut modifier unilat\u00e9ralement les dispositions de cette politique de confidentialit\u00e9 \u00e0 tout moment en les publiant sur le site Web www.cliniccenter.co.uk. Les dispositions de la politique de confidentialit\u00e9 modifi\u00e9es par Clinic Center entrent en vigueur \u00e0 la date de leur publication sur le site Web www.cliniccenter.co.uk.<\/p><div id=\"ez-toc-container\" class=\"ez-toc-v2_0_80 counter-hierarchy ez-toc-counter ez-toc-grey ez-toc-container-direction\">\n<div class=\"ez-toc-title-container\">\n<p class=\"ez-toc-title\" style=\"cursor:inherit\">Table of Contents<\/p>\n<span class=\"ez-toc-title-toggle\"><a href=\"#\" class=\"ez-toc-pull-right ez-toc-btn ez-toc-btn-xs ez-toc-btn-default ez-toc-toggle\" aria-label=\"Toggle Table of Content\"><span class=\"ez-toc-js-icon-con\"><span class=\"\"><span class=\"eztoc-hide\" style=\"display:none;\">Toggle<\/span><span class=\"ez-toc-icon-toggle-span\"><svg style=\"fill: #999;color:#999\" xmlns=\"http:\/\/www.w3.org\/2000\/svg\" class=\"list-377408\" width=\"20px\" height=\"20px\" viewBox=\"0 0 24 24\" fill=\"none\"><path d=\"M6 6H4v2h2V6zm14 0H8v2h12V6zM4 11h2v2H4v-2zm16 0H8v2h12v-2zM4 16h2v2H4v-2zm16 0H8v2h12v-2z\" fill=\"currentColor\"><\/path><\/svg><svg style=\"fill: #999;color:#999\" class=\"arrow-unsorted-368013\" xmlns=\"http:\/\/www.w3.org\/2000\/svg\" width=\"10px\" height=\"10px\" viewBox=\"0 0 24 24\" version=\"1.2\" baseProfile=\"tiny\"><path d=\"M18.2 9.3l-6.2-6.3-6.2 6.3c-.2.2-.3.4-.3.7s.1.5.3.7c.2.2.4.3.7.3h11c.3 0 .5-.1.7-.3.2-.2.3-.5.3-.7s-.1-.5-.3-.7zM5.8 14.7l6.2 6.3 6.2-6.3c.2-.2.3-.5.3-.7s-.1-.5-.3-.7c-.2-.2-.4-.3-.7-.3h-11c-.3 0-.5.1-.7.3-.2.2-.3.5-.3.7s.1.5.3.7z\"\/><\/svg><\/span><\/span><\/span><\/a><\/span><\/div>\n<nav><ul class='ez-toc-list ez-toc-list-level-1 ' ><li class='ez-toc-page-1 ez-toc-heading-level-2'><a class=\"ez-toc-link ez-toc-heading-1\" href=\"https:\/\/cliniccenter.co.uk\/fr\/politique-de-confidentialite\/#Cher_utilisateur_du_centre_clinique\" >Cher utilisateur du centre clinique,<\/a><\/li><li class='ez-toc-page-1 ez-toc-heading-level-2'><a class=\"ez-toc-link ez-toc-heading-2\" href=\"https:\/\/cliniccenter.co.uk\/fr\/politique-de-confidentialite\/#Obtention_et_utilisation_de_vos_donnees\" >Obtention et utilisation de vos donn\u00e9es<\/a><\/li><li class='ez-toc-page-1 ez-toc-heading-level-2'><a class=\"ez-toc-link ez-toc-heading-3\" href=\"https:\/\/cliniccenter.co.uk\/fr\/politique-de-confidentialite\/#Confirmation_des_donnees_et_demission_de_ladhesion\" >Confirmation des donn\u00e9es et d\u00e9mission de l&rsquo;adh\u00e9sion<\/a><\/li><\/ul><\/nav><\/div>\n\n<h2><span class=\"ez-toc-section\" id=\"Confirmation_des_donnees_et_demission_de_ladhesion\"><\/span>Confirmation des donn\u00e9es et d\u00e9mission de l&rsquo;adh\u00e9sion<span class=\"ez-toc-section-end\"><\/span><\/h2>\n<p>Les utilisateurs peuvent demander des informations \u00e9crites gratuites pour savoir quelles donn\u00e9es les concernant sont stock\u00e9es dans Clinic Center. Les \u00e9ventuelles demandes de correction, de blocage ou de suppression de donn\u00e9es seront directement trait\u00e9es dans la mesure autoris\u00e9e par la loi. Si vous avez d&rsquo;autres questions \u00e0 poser \u00e0 Clinic Center sur la protection et la s\u00e9curit\u00e9 des donn\u00e9es, vous pouvez nous contacter \u00e0 tout moment via notre adresse e-mail info@cliniccenter.co.uk .<br \/>\nNos utilisateurs qui re\u00e7oivent des bulletins \u00e9lectroniques peuvent annuler leur adh\u00e9sion au bulletin \u00e9lectronique en cliquant sur le lien \u00ab Se d\u00e9sinscrire \u00bb qui se trouve sous le bulletin<\/p>\n","protected":false},"excerpt":{"rendered":"<p>Cher utilisateur du centre clinique, La protection des donn\u00e9es personnelles et votre s\u00e9curit\u00e9 lors du paiement sont tr\u00e8s importantes pour nous. Nous sommes d&rsquo;avis que les donn\u00e9es que vous nous fournissez sont des valeurs que nous devons prot\u00e9ger. C&rsquo;est pourquoi nous utilisons de nombreux outils (tels que le cryptage, les mots de passe, la s\u00e9curit\u00e9 [&hellip;]<\/p>\n","protected":false},"author":2,"featured_media":0,"parent":0,"menu_order":0,"comment_status":"closed","ping_status":"closed","template":"","meta":{"_uag_custom_page_level_css":"","_lmt_disableupdate":"no","_lmt_disable":"","site-sidebar-layout":"default","site-content-layout":"default","ast-site-content-layout":"default","site-content-style":"default","site-sidebar-style":"default","ast-global-header-display":"","ast-banner-title-visibility":"","ast-main-header-display":"","ast-hfb-above-header-display":"","ast-hfb-below-header-display":"","ast-hfb-mobile-header-display":"","site-post-title":"","ast-breadcrumbs-content":"","ast-featured-img":"","footer-sml-layout":"","theme-transparent-header-meta":"default","adv-header-id-meta":"","stick-header-meta":"","header-above-stick-meta":"","header-main-stick-meta":"","header-below-stick-meta":"","astra-migrate-meta-layouts":"set","ast-page-background-enabled":"default","ast-page-background-meta":{"desktop":{"background-color":"","background-image":"","background-repeat":"repeat","background-position":"center center","background-size":"auto","background-attachment":"scroll","background-type":"","background-media":"","overlay-type":"","overlay-color":"","overlay-opacity":"","overlay-gradient":""},"tablet":{"background-color":"","background-image":"","background-repeat":"repeat","background-position":"center center","background-size":"auto","background-attachment":"scroll","background-type":"","background-media":"","overlay-type":"","overlay-color":"","overlay-opacity":"","overlay-gradient":""},"mobile":{"background-color":"","background-image":"","background-repeat":"repeat","background-position":"center center","background-size":"auto","background-attachment":"scroll","background-type":"","background-media":"","overlay-type":"","overlay-color":"","overlay-opacity":"","overlay-gradient":""}},"ast-content-background-meta":{"desktop":{"background-color":"var(--ast-global-color-5)","background-image":"","background-repeat":"repeat","background-position":"center center","background-size":"auto","background-attachment":"scroll","background-type":"","background-media":"","overlay-type":"","overlay-color":"","overlay-opacity":"","overlay-gradient":""},"tablet":{"background-color":"var(--ast-global-color-5)","background-image":"","background-repeat":"repeat","background-position":"center center","background-size":"auto","background-attachment":"scroll","background-type":"","background-media":"","overlay-type":"","overlay-color":"","overlay-opacity":"","overlay-gradient":""},"mobile":{"background-color":"var(--ast-global-color-5)","background-image":"","background-repeat":"repeat","background-position":"center center","background-size":"auto","background-attachment":"scroll","background-type":"","background-media":"","overlay-type":"","overlay-color":"","overlay-opacity":"","overlay-gradient":""}},"footnotes":""},"class_list":["post-56014","page","type-page","status-publish","hentry"],"yoast_head":"<!-- This site is optimized with the Yoast SEO plugin v25.3.1 - https:\/\/yoast.com\/wordpress\/plugins\/seo\/ -->\n<title>Politique de Confidentialit\u00e9 -<\/title>\n<meta name=\"robots\" content=\"index, follow, max-snippet:-1, max-image-preview:large, max-video-preview:-1\" \/>\n<link rel=\"canonical\" href=\"https:\/\/cliniccenter.co.uk\/fr\/politique-de-confidentialite\/\" \/>\n<meta property=\"og:locale\" content=\"fr_FR\" \/>\n<meta property=\"og:type\" content=\"article\" \/>\n<meta property=\"og:title\" content=\"Politique de Confidentialit\u00e9 -\" \/>\n<meta property=\"og:description\" content=\"Cher utilisateur du centre clinique, La protection des donn\u00e9es personnelles et votre s\u00e9curit\u00e9 lors du paiement sont tr\u00e8s importantes pour nous. Nous sommes d&rsquo;avis que les donn\u00e9es que vous nous fournissez sont des valeurs que nous devons prot\u00e9ger. C&rsquo;est pourquoi nous utilisons de nombreux outils (tels que le cryptage, les mots de passe, la s\u00e9curit\u00e9 [&hellip;]\" \/>\n<meta property=\"og:url\" content=\"https:\/\/cliniccenter.co.uk\/fr\/politique-de-confidentialite\/\" \/>\n<meta property=\"article:publisher\" content=\"https:\/\/www.facebook.com\/cliniccenter.co.uk\/\" \/>\n<meta property=\"article:modified_time\" content=\"2024-10-18T12:23:54+00:00\" \/>\n<meta name=\"twitter:card\" content=\"summary_large_image\" \/>\n<meta name=\"twitter:site\" content=\"@cliniccenteruk\" \/>\n<meta name=\"twitter:label1\" content=\"Dur\u00e9e de lecture estim\u00e9e\" \/>\n\t<meta name=\"twitter:data1\" content=\"3 minutes\" \/>\n<!-- \/ Yoast SEO plugin. -->","yoast_head_json":{"title":"Politique de Confidentialit\u00e9 -","robots":{"index":"index","follow":"follow","max-snippet":"max-snippet:-1","max-image-preview":"max-image-preview:large","max-video-preview":"max-video-preview:-1"},"canonical":"https:\/\/cliniccenter.co.uk\/fr\/politique-de-confidentialite\/","og_locale":"fr_FR","og_type":"article","og_title":"Politique de Confidentialit\u00e9 -","og_description":"Cher utilisateur du centre clinique, La protection des donn\u00e9es personnelles et votre s\u00e9curit\u00e9 lors du paiement sont tr\u00e8s importantes pour nous. Nous sommes d&rsquo;avis que les donn\u00e9es que vous nous fournissez sont des valeurs que nous devons prot\u00e9ger. C&rsquo;est pourquoi nous utilisons de nombreux outils (tels que le cryptage, les mots de passe, la s\u00e9curit\u00e9 [&hellip;]","og_url":"https:\/\/cliniccenter.co.uk\/fr\/politique-de-confidentialite\/","article_publisher":"https:\/\/www.facebook.com\/cliniccenter.co.uk\/","article_modified_time":"2024-10-18T12:23:54+00:00","twitter_card":"summary_large_image","twitter_site":"@cliniccenteruk","twitter_misc":{"Dur\u00e9e de lecture estim\u00e9e":"3 minutes"},"schema":{"@context":"https:\/\/schema.org","@graph":[{"@type":"WebPage","@id":"https:\/\/cliniccenter.co.uk\/fr\/politique-de-confidentialite\/","url":"https:\/\/cliniccenter.co.uk\/fr\/politique-de-confidentialite\/","name":"Politique de Confidentialit\u00e9 -","isPartOf":{"@id":"https:\/\/cliniccenter.co.uk\/ro\/#website"},"datePublished":"2018-02-26T06:38:55+00:00","dateModified":"2024-10-18T12:23:54+00:00","breadcrumb":{"@id":"https:\/\/cliniccenter.co.uk\/fr\/politique-de-confidentialite\/#breadcrumb"},"inLanguage":"fr-FR","potentialAction":[{"@type":"ReadAction","target":["https:\/\/cliniccenter.co.uk\/fr\/politique-de-confidentialite\/"]}]},{"@type":"BreadcrumbList","@id":"https:\/\/cliniccenter.co.uk\/fr\/politique-de-confidentialite\/#breadcrumb","itemListElement":[{"@type":"ListItem","position":1,"name":"Home","item":"https:\/\/cliniccenter.co.uk\/fr\/"},{"@type":"ListItem","position":2,"name":"Politique de Confidentialit\u00e9"}]},{"@type":"WebSite","@id":"https:\/\/cliniccenter.co.uk\/ro\/#website","url":"https:\/\/cliniccenter.co.uk\/ro\/","name":"","description":"","potentialAction":[{"@type":"SearchAction","target":{"@type":"EntryPoint","urlTemplate":"https:\/\/cliniccenter.co.uk\/ro\/?s={search_term_string}"},"query-input":{"@type":"PropertyValueSpecification","valueRequired":true,"valueName":"search_term_string"}}],"inLanguage":"fr-FR"}]}},"uagb_featured_image_src":{"full":false,"thumbnail":false,"medium":false,"medium_large":false,"large":false,"1536x1536":false,"2048x2048":false},"uagb_author_info":{"display_name":"Sertac Ceki","author_link":"https:\/\/cliniccenter.co.uk\/fr\/blog\/author\/sertaccliniccenter-co-uk\/"},"uagb_comment_info":0,"uagb_excerpt":"Cher utilisateur du centre clinique, La protection des donn\u00e9es personnelles et votre s\u00e9curit\u00e9 lors du paiement sont tr\u00e8s importantes pour nous. Nous sommes d&rsquo;avis que les donn\u00e9es que vous nous fournissez sont des valeurs que nous devons prot\u00e9ger. C&rsquo;est pourquoi nous utilisons de nombreux outils (tels que le cryptage, les mots de passe, la s\u00e9curit\u00e9\u2026","_links":{"self":[{"href":"https:\/\/cliniccenter.co.uk\/fr\/wp-json\/wp\/v2\/pages\/56014"}],"collection":[{"href":"https:\/\/cliniccenter.co.uk\/fr\/wp-json\/wp\/v2\/pages"}],"about":[{"href":"https:\/\/cliniccenter.co.uk\/fr\/wp-json\/wp\/v2\/types\/page"}],"author":[{"embeddable":true,"href":"https:\/\/cliniccenter.co.uk\/fr\/wp-json\/wp\/v2\/users\/2"}],"replies":[{"embeddable":true,"href":"https:\/\/cliniccenter.co.uk\/fr\/wp-json\/wp\/v2\/comments?post=56014"}],"version-history":[{"count":2,"href":"https:\/\/cliniccenter.co.uk\/fr\/wp-json\/wp\/v2\/pages\/56014\/revisions"}],"predecessor-version":[{"id":56018,"href":"https:\/\/cliniccenter.co.uk\/fr\/wp-json\/wp\/v2\/pages\/56014\/revisions\/56018"}],"wp:attachment":[{"href":"https:\/\/cliniccenter.co.uk\/fr\/wp-json\/wp\/v2\/media?parent=56014"}],"curies":[{"name":"wp","href":"https:\/\/api.w.org\/{rel}","templated":true}]}}