{"id":56020,"date":"2018-02-26T06:43:34","date_gmt":"2018-02-26T06:43:34","guid":{"rendered":"https:\/\/cliniccenter.co.uk\/service-agreement\/"},"modified":"2024-10-18T12:31:50","modified_gmt":"2024-10-18T12:31:50","slug":"contrat-de-service","status":"publish","type":"page","link":"https:\/\/cliniccenter.co.uk\/fr\/contrat-de-service\/","title":{"rendered":"Contrat de service"},"content":{"rendered":"\n<h2 class=\"wp-block-heading\"><span class=\"ez-toc-section\" id=\"ARTICLE_1_%E2%80%93_OBJET\"><\/span>ARTICLE 1 \u2013 OBJET<span class=\"ez-toc-section-end\"><\/span><\/h2>\n\n\n\n<p>Cet accord a \u00e9t\u00e9 conclu par voie \u00e9lectronique entre Soci\u00e9t\u00e9 \u00e0 Responsabilit\u00e9 Limit\u00e9e Ada Sant\u00e9 Voyage Tourisme de Sant\u00e9 et Conseil (\u00ab Clinic Center \u00bb) domicili\u00e9e \u00e0 Boulevard \u0130n\u00f6n\u00fc No:8\/2 Kat:3 D:6 Ku\u015fadas\u0131 Ayd\u0131n et le\/les consommateur(s) dont les informations sont donn\u00e9es ci-dessous sur le service touristique qui a \u00e9t\u00e9 vendu au consommateur par Clinic Center et dont les qualit\u00e9s et le prix de vente sont indiqu\u00e9s ci-dessous.<br>Cet accord concerne les services mentionn\u00e9s dans le programme de voyage, qui est l&rsquo;ajout et une partie indissociable de l&rsquo;accord.<\/p>\n\n\n\n<h2 class=\"wp-block-heading\"><span class=\"ez-toc-section\" id=\"ARTICLE_2_%E2%80%93_INTEGRATION_DE_LACCORD\"><\/span>ARTICLE 2 \u2013 INT\u00c9GRATION DE L\u2019ACCORD<span class=\"ez-toc-section-end\"><\/span><\/h2>\n\n\n\n<p>2.1- L&rsquo;ACHETEUR ACCEPTE AVOIR LU ET COMPRIS LE CONTRAT, ET \u00caTRE CONSCIENT DE SES DROITS ET DE SES OBLIGATIONS. L&rsquo;ACHETEUR ACCEPTE DE PARVENIR \u00c0 UNE CONCLUSION COMPL\u00c8TE SUR LES PROC\u00c9DURES DANS LE CADRE DU CONTRAT QUI SONT ADAPT\u00c9ES \u00c0 SON PROFESSIONNEL ET ACCEPTE TOUTES LES CONDITIONS DE SON LIBRE ARGUMENT.<br>2.2 L&rsquo;ACHETEUR ET LE VENDEUR CONVIENNENT QUE LES TERMES DU CONTRAT NE COMPORTENT AUCUN \u00c9L\u00c9MENT POUVANT \u00caTRE CONSID\u00c9R\u00c9S COMME IN\u00c9QUITABLES ET QU&rsquo;IL N&rsquo;Y A AUCUNE INJUSTICE EN CE QUI CONCERNE L&rsquo;\u00c9QUILIBRE DES AVANTAGES.<\/p><div id=\"ez-toc-container\" class=\"ez-toc-v2_0_82_2 counter-hierarchy ez-toc-counter ez-toc-grey ez-toc-container-direction\">\n<div class=\"ez-toc-title-container\">\n<p class=\"ez-toc-title\" style=\"cursor:inherit\">Table of Contents<\/p>\n<span class=\"ez-toc-title-toggle\"><a href=\"#\" class=\"ez-toc-pull-right ez-toc-btn ez-toc-btn-xs ez-toc-btn-default ez-toc-toggle\" aria-label=\"Toggle Table of Content\"><span class=\"ez-toc-js-icon-con\"><span class=\"\"><span class=\"eztoc-hide\" style=\"display:none;\">Toggle<\/span><span class=\"ez-toc-icon-toggle-span\"><svg style=\"fill: #999;color:#999\" xmlns=\"http:\/\/www.w3.org\/2000\/svg\" class=\"list-377408\" width=\"20px\" height=\"20px\" viewBox=\"0 0 24 24\" fill=\"none\"><path d=\"M6 6H4v2h2V6zm14 0H8v2h12V6zM4 11h2v2H4v-2zm16 0H8v2h12v-2zM4 16h2v2H4v-2zm16 0H8v2h12v-2z\" fill=\"currentColor\"><\/path><\/svg><svg style=\"fill: #999;color:#999\" class=\"arrow-unsorted-368013\" xmlns=\"http:\/\/www.w3.org\/2000\/svg\" width=\"10px\" height=\"10px\" viewBox=\"0 0 24 24\" version=\"1.2\" baseProfile=\"tiny\"><path d=\"M18.2 9.3l-6.2-6.3-6.2 6.3c-.2.2-.3.4-.3.7s.1.5.3.7c.2.2.4.3.7.3h11c.3 0 .5-.1.7-.3.2-.2.3-.5.3-.7s-.1-.5-.3-.7zM5.8 14.7l6.2 6.3 6.2-6.3c.2-.2.3-.5.3-.7s-.1-.5-.3-.7c-.2-.2-.4-.3-.7-.3h-11c-.3 0-.5.1-.7.3-.2.2-.3.5-.3.7s.1.5.3.7z\"\/><\/svg><\/span><\/span><\/span><\/a><\/span><\/div>\n<nav><ul class='ez-toc-list ez-toc-list-level-1 ' ><li class='ez-toc-page-1 ez-toc-heading-level-2'><a class=\"ez-toc-link ez-toc-heading-1\" href=\"https:\/\/cliniccenter.co.uk\/fr\/contrat-de-service\/#ARTICLE_1_%E2%80%93_OBJET\" >ARTICLE 1 \u2013 OBJET<\/a><\/li><li class='ez-toc-page-1 ez-toc-heading-level-2'><a class=\"ez-toc-link ez-toc-heading-2\" href=\"https:\/\/cliniccenter.co.uk\/fr\/contrat-de-service\/#ARTICLE_2_%E2%80%93_INTEGRATION_DE_LACCORD\" >ARTICLE 2 \u2013 INT\u00c9GRATION DE L\u2019ACCORD<\/a><\/li><li class='ez-toc-page-1 ez-toc-heading-level-2'><a class=\"ez-toc-link ez-toc-heading-3\" href=\"https:\/\/cliniccenter.co.uk\/fr\/contrat-de-service\/#ARTICLE_3_%E2%80%93_INFORMATIONS_SUR_LA_SOCIETE\" >ARTICLE 3 \u2013 INFORMATIONS SUR LA SOCI\u00c9T\u00c9<\/a><\/li><li class='ez-toc-page-1 ez-toc-heading-level-2'><a class=\"ez-toc-link ez-toc-heading-4\" href=\"https:\/\/cliniccenter.co.uk\/fr\/contrat-de-service\/#ARTICLE_4_%E2%80%93_INFORMATIONS_AUX_CONSOMMATEURS\" >ARTICLE 4 \u2013 INFORMATIONS AUX CONSOMMATEURS<\/a><\/li><li class='ez-toc-page-1 ez-toc-heading-level-2'><a class=\"ez-toc-link ez-toc-heading-5\" href=\"https:\/\/cliniccenter.co.uk\/fr\/contrat-de-service\/#ARTICLE_5_%E2%80%93_INFORMATIONS_SUR_LES_SERVICES_CONTRACTUELS\" >ARTICLE 5 \u2013 INFORMATIONS SUR LES SERVICES CONTRACTUELS<\/a><\/li><li class='ez-toc-page-1 ez-toc-heading-level-2'><a class=\"ez-toc-link ez-toc-heading-6\" href=\"https:\/\/cliniccenter.co.uk\/fr\/contrat-de-service\/#ARTICLE_6_%E2%80%93_PAIEMENTS\" >ARTICLE 6 \u2013 PAIEMENTS<\/a><\/li><li class='ez-toc-page-1 ez-toc-heading-level-2'><a class=\"ez-toc-link ez-toc-heading-7\" href=\"https:\/\/cliniccenter.co.uk\/fr\/contrat-de-service\/#ARTICLE_7_%E2%80%93_ANNULATION_%E2%80%93_RETRACTATION_%E2%80%93_MODIFICATIONS\" >ARTICLE 7 \u2013 ANNULATION \u2013 RETRACTATION \u2013 MODIFICATIONS<\/a><\/li><li class='ez-toc-page-1 ez-toc-heading-level-2'><a class=\"ez-toc-link ez-toc-heading-8\" href=\"https:\/\/cliniccenter.co.uk\/fr\/contrat-de-service\/#ARTICLE_8_%E2%80%93_RETOUR_DINFORMATIONS_ET_COMMENTAIRES\" >ARTICLE 8 \u2013 RETOUR D\u2019INFORMATIONS ET COMMENTAIRES<\/a><\/li><li class='ez-toc-page-1 ez-toc-heading-level-2'><a class=\"ez-toc-link ez-toc-heading-9\" href=\"https:\/\/cliniccenter.co.uk\/fr\/contrat-de-service\/#ARTICLE_9_%E2%80%93_FORCE_MAJEURE\" >ARTICLE 9 \u2013 FORCE MAJEURE<\/a><\/li><li class='ez-toc-page-1 ez-toc-heading-level-2'><a class=\"ez-toc-link ez-toc-heading-10\" href=\"https:\/\/cliniccenter.co.uk\/fr\/contrat-de-service\/#ARTICLE_10_%E2%80%93_REGLES_GENERALES\" >ARTICLE 10 \u2013 R\u00c8GLES G\u00c9N\u00c9RALES<\/a><\/li><li class='ez-toc-page-1 ez-toc-heading-level-2'><a class=\"ez-toc-link ez-toc-heading-11\" href=\"https:\/\/cliniccenter.co.uk\/fr\/contrat-de-service\/#ARTICLE_11_%E2%80%93_AUTRES_REGLES\" >ARTICLE 11 \u2013 AUTRES R\u00c8GLES<\/a><\/li><\/ul><\/nav><\/div>\n\n\n\n\n<h2 class=\"wp-block-heading\"><span class=\"ez-toc-section\" id=\"ARTICLE_3_%E2%80%93_INFORMATIONS_SUR_LA_SOCIETE\"><\/span>ARTICLE 3 \u2013 INFORMATIONS SUR LA SOCI\u00c9T\u00c9<span class=\"ez-toc-section-end\"><\/span><\/h2>\n\n\n\n<p>Nom de l&rsquo;entreprise : Soci\u00e9t\u00e9 \u00e0 Responsabilit\u00e9 Limit\u00e9e Ada Sant\u00e9 Voyage Tourisme de Sant\u00e9 et Conseil<\/p>\n\n\n\n<p>Adresse : Boulevard \u0130n\u00f6n\u00fc&nbsp;&nbsp;No:8\/2 Kat:3 D:6 Ku\u015fadas\u0131 Ayd\u0131n<br>T\u00e9l\u00e9phone : 0 256 614 37 57 Fax : 0 256 614 37 57<br>E-mail : info@cliniccenter .co.uk&nbsp;&nbsp;&nbsp;&nbsp;&nbsp;&nbsp;&nbsp;&nbsp;&nbsp;&nbsp;&nbsp;&nbsp;Web : www.cliniccenter.co.uk<\/p>\n\n\n\n<h2 class=\"wp-block-heading\"><span class=\"ez-toc-section\" id=\"ARTICLE_4_%E2%80%93_INFORMATIONS_AUX_CONSOMMATEURS\"><\/span>ARTICLE 4 \u2013 INFORMATIONS AUX CONSOMMATEURS<span class=\"ez-toc-section-end\"><\/span><\/h2>\n\n\n\n<p>Nom \/ Pr\u00e9nom:<br>Adresse:<br>Num\u00e9ro de t\u00e9l\u00e9phone:<br>Adresse e-mail:<br>Le consommateur est responsable de l&rsquo;exactitude de ces informations et de leur inscription dans le contrat. Clinic Center n&rsquo;est pas responsable des cons\u00e9quences qui pourraient r\u00e9sulter de donn\u00e9es personnelles incorrectes.<\/p>\n\n\n\n<h2 class=\"wp-block-heading\"><span class=\"ez-toc-section\" id=\"ARTICLE_5_%E2%80%93_INFORMATIONS_SUR_LES_SERVICES_CONTRACTUELS\"><\/span>ARTICLE 5 \u2013 INFORMATIONS SUR LES SERVICES CONTRACTUELS<span class=\"ez-toc-section-end\"><\/span><\/h2>\n\n\n\n<p>Le prix du contrat, TVA comprise, est de \u2026\u2026\u2026\u2026\u2026\u2026\u2026\u2026.(USD, GBP, EUR)<br>Ce prix comprend tous les services figurant sur le document de r\u00e9servation de voyage (voucher). Les enregistrements et les d\u00e9parts \u00e0 l&rsquo;h\u00f4tel, les visites, les horaires, les d\u00e9tails du transport, la situation de l&rsquo;h\u00e9bergement sont tels qu&rsquo;indiqu\u00e9s sur le document du voucher. Les services autres que ceux-ci entra\u00eeneront des frais suppl\u00e9mentaires.<br>Le consommateur peut r\u00e9silier le contrat apr\u00e8s notification. Dans ce cas, les conditions d&rsquo;annulation seront valables ou le consommateur accepte le contrat suppl\u00e9mentaire sur lequel les modifications et les effets sur les prix sont indiqu\u00e9s.<\/p>\n\n\n\n<h2 class=\"wp-block-heading\"><span class=\"ez-toc-section\" id=\"ARTICLE_6_%E2%80%93_PAIEMENTS\"><\/span>ARTICLE 6 \u2013 PAIEMENTS<span class=\"ez-toc-section-end\"><\/span><\/h2>\n\n\n\n<p>Lors de l&rsquo;acceptation de la r\u00e9servation, 10% du montant total est per\u00e7u \u00e0 titre d&rsquo;acompte. Le reste du montant est per\u00e7u \u00e0 la date de la prestation. Le consommateur peut payer la totalit\u00e9 du montant \u00e0 l&rsquo;avance.<\/p>\n\n\n\n<h2 class=\"wp-block-heading\"><span class=\"ez-toc-section\" id=\"ARTICLE_7_%E2%80%93_ANNULATION_%E2%80%93_RETRACTATION_%E2%80%93_MODIFICATIONS\"><\/span>ARTICLE 7 \u2013 ANNULATION \u2013 RETRACTATION \u2013 MODIFICATIONS<span class=\"ez-toc-section-end\"><\/span><\/h2>\n\n\n\n<p>Le consommateur peut obtenir un remboursement int\u00e9gral jusqu&rsquo;\u00e0 un mois avant la pr\u00e9sentation du service tant qu&rsquo;il ne l&rsquo;a pas achet\u00e9 via une CAMPAGNE. Dans le cas o\u00f9 il y a moins d&rsquo;un mois avant la pr\u00e9sentation du service, aucun remboursement ne sera effectu\u00e9. De m\u00eame, dans le cas o\u00f9 l&rsquo;Acheteur a achet\u00e9 le service via une CAMPAGNE, \u00e0 un prix inf\u00e9rieur aux prix normaux indiqu\u00e9s sur le site Web, aucun remboursement ne sera effectu\u00e9, quel que soit le montant d\u00fb.<br>L&rsquo;Acheteur doit uniquement envoyer un e-mail \u00e0 info@cliniccenter.co.uk pour utiliser le droit de r\u00e9tractation.<\/p>\n\n\n\n<h2 class=\"wp-block-heading\"><span class=\"ez-toc-section\" id=\"ARTICLE_8_%E2%80%93_RETOUR_DINFORMATIONS_ET_COMMENTAIRES\"><\/span>ARTICLE 8 \u2013 RETOUR D\u2019INFORMATIONS ET COMMENTAIRES<span class=\"ez-toc-section-end\"><\/span><\/h2>\n\n\n\n<p>Clinic Center a pour objectif de fournir \u00e0 ses patients une satisfaction \u00e0 100 % de ses services. Clinic Center demande l&rsquo;avis de ses patients afin d&rsquo;am\u00e9liorer ses services \u00e0 condition que les avis soient sinc\u00e8res, authentiques, utiles et directement li\u00e9s aux services de Clinic Center. Clinic Center est un interm\u00e9diaire pour fournir des traitements de qualit\u00e9 aupr\u00e8s de prestataires m\u00e9dicaux \u00e0 des prix abordables. Cependant, Clinic Center ne peut \u00eatre tenu responsable des services fournis par les prestataires de soins de sant\u00e9 et de leurs actions.<\/p>\n\n\n\n<p>En acceptant ces conditions g\u00e9n\u00e9rales, vous acceptez de ne pas diffamer publiquement Clinic Center ou l&rsquo;un de ses employ\u00e9s (sites Web d&rsquo;\u00e9valuation, r\u00e9seaux de m\u00e9dias sociaux, blogs, forums publics, etc.) en ce qui concerne le traitement et les services du prestataire de services m\u00e9dicaux (m\u00e9decin, personnel m\u00e9dical, h\u00f4pital) et les services de l&rsquo;h\u00f4tel. En cas de violation de cette clause, vous devez supprimer et retirer le contenu imm\u00e9diatement apr\u00e8s notre \u00e9valuation et notre demande. Si le contenu reste, en partie ou en totalit\u00e9, vous acceptez de payer 5 000 GBP \u00e0 Clinic Center \u00e0 titre de dommages et int\u00e9r\u00eats.<\/p>\n\n\n\n<h2 class=\"wp-block-heading\"><span class=\"ez-toc-section\" id=\"ARTICLE_9_%E2%80%93_FORCE_MAJEURE\"><\/span>ARTICLE 9 \u2013 FORCE MAJEURE<span class=\"ez-toc-section-end\"><\/span><\/h2>\n\n\n\n<p>Les cas de force majeure pr\u00e9vus par la loi, les situations caus\u00e9es par des \u00e9v\u00e9nements extraordinaires et impr\u00e9visibles qui emp\u00eachent l&rsquo;ex\u00e9cution du service malgr\u00e9 tous les efforts possibles, les situations survenant sans l&rsquo;effet de Clinic Center sont consid\u00e9r\u00e9s comme des cas de force majeure pour Clinic Center.<br>En cas de survenance d&rsquo;un cas de force majeure que le Vendeur ne peut pr\u00e9voir et dans lequel le service n&rsquo;est pas ex\u00e9cut\u00e9 \u00e0 la date convenue, cette situation est notifi\u00e9e \u00e0 l&rsquo;Acheteur. L&rsquo;Acheteur peut exiger l&rsquo;annulation du service, le remplacement du service par un service similaire ou le report du service jusqu&rsquo;\u00e0 ce que ce cas de force majeure soit r\u00e9solu. Dans le cas o\u00f9 l&rsquo;Acheteur annule le service pour ces raisons, s&rsquo;il a pay\u00e9 en esp\u00e8ces pour le service, il est pay\u00e9 en esp\u00e8ces \u00e0 la fin du mois au cours duquel la demande d&rsquo;annulation est \u00e9mise. S&rsquo;il annule le service et a pay\u00e9 par carte de cr\u00e9dit, le montant est rembours\u00e9 \u00e0 la banque \u00e0 la fin du mois au cours duquel la demande d&rsquo;annulation est \u00e9mise, mais il est possible pour la banque de transf\u00e9rer le montant sur le compte de l&rsquo;Acheteur dans un d\u00e9lai de 2 \u00e0 3 semaines. Dans ce genre de cas, le consommateur n&rsquo;a aucun droit \u00e0 indemnisation autre que le remboursement.<\/p>\n\n\n\n<h2 class=\"wp-block-heading\"><span class=\"ez-toc-section\" id=\"ARTICLE_10_%E2%80%93_REGLES_GENERALES\"><\/span>ARTICLE 10 \u2013 R\u00c8GLES G\u00c9N\u00c9RALES<span class=\"ez-toc-section-end\"><\/span><\/h2>\n\n\n\n<p>1. Clinic Center a le droit, si n\u00e9cessaire, de modifier l&rsquo;h\u00e9bergement, le moyen de transport, le point de d\u00e9part et d&rsquo;autres services dans le cadre du service en fonction des normes \u00e9nonc\u00e9es dans le programme et en informant le consommateur.<br>2. Clinic Center est un contact entre les consommateurs \u00e0 servir et les h\u00f4tels, les transporteurs et tout type de tiers et personne morale qui propose d&rsquo;autres services. Il est cens\u00e9 informer le consommateur des changements survenus dans les 24 heures. En cas de probl\u00e8me ou d&rsquo;accident, le consommateur exigera et collectera les exigences physiques et \u00e9motionnelles des acteurs principaux. Si le consommateur n&rsquo;obtient pas sa demande des acteurs principaux, il peut s&rsquo;adresser \u00e0 Clinic Center si elle en a la responsabilit\u00e9 l\u00e9gale.<br>3. Les paiements sont effectu\u00e9s par mandat postal, EFT ou carte de cr\u00e9dit en un seul paiement.<br>4. Les conditions et les prix fix\u00e9s dans le contrat de service de Clinic Center ne peuvent pas \u00eatre modifi\u00e9s. Cependant, les diff\u00e9rences r\u00e9sultant de changements fiscaux sont repr\u00e9sent\u00e9es par une augmentation ou une baisse du prix. Le consommateur est inform\u00e9 de l&rsquo;augmentation du prix au moins 1 semaine \u00e0 l&rsquo;avance.<br>5. Clinic Center est responsable des changements survenus apr\u00e8s le d\u00e9but du service achet\u00e9 par le consommateur. Le Centre Clinique rembourse le montant du changement au consommateur ou pr\u00e9sente \u00e0 la place des services de substitution.<\/p>\n\n\n\n<h2 class=\"wp-block-heading\"><span class=\"ez-toc-section\" id=\"ARTICLE_11_%E2%80%93_AUTRES_REGLES\"><\/span>ARTICLE 11 \u2013 AUTRES R\u00c8GLES<span class=\"ez-toc-section-end\"><\/span><\/h2>\n\n\n\n<p>1. Pour les conditions qui ne sont pas \u00e9crites dans le pr\u00e9sent contrat, les dispositions de la l\u00e9gislation en vigueur, les dispositions de la Convention IATA, IHA, UFTAA, la loi sur l&rsquo;aviation civile, les accords internationaux impliquant la Turquie et les notifications, circulaires, r\u00e8glements et r\u00e8gles s&rsquo;appliquent. Les litiges r\u00e9sultant du contrat seront r\u00e9solus par les tribunaux de Ku\u015fadas\u0131 &#8211; Ayd\u0131n.<br>2. Le consommateur est responsable de l&rsquo;exactitude du nom indiqu\u00e9 dans le contrat. (comme dans leur forme dans le passeport)<br>3. Le pr\u00e9sent contrat r\u00e9gl\u00e9 \u00e9lectroniquement entre les parties est pr\u00e9par\u00e9 avec bon, est lu et accept\u00e9 avec n\u00e9gociation et contr\u00f4le par les parties.<\/p>\n\n\n\n<p><\/p>\n\n\n\n<p><\/p>\n\n\n\n<p><\/p>\n\n\n\n<p><\/p>\n","protected":false},"excerpt":{"rendered":"<p>ARTICLE 1 \u2013 OBJET Cet accord a \u00e9t\u00e9 conclu par voie \u00e9lectronique entre Soci\u00e9t\u00e9 \u00e0 Responsabilit\u00e9 Limit\u00e9e Ada Sant\u00e9 Voyage Tourisme de Sant\u00e9 et Conseil (\u00ab Clinic Center \u00bb) domicili\u00e9e \u00e0 Boulevard \u0130n\u00f6n\u00fc No:8\/2 Kat:3 D:6 Ku\u015fadas\u0131 Ayd\u0131n et le\/les consommateur(s) dont les informations sont donn\u00e9es ci-dessous sur le service touristique qui a \u00e9t\u00e9 vendu [&hellip;]<\/p>\n","protected":false},"author":2,"featured_media":0,"parent":0,"menu_order":0,"comment_status":"closed","ping_status":"closed","template":"","meta":{"_uag_custom_page_level_css":"","_lmt_disableupdate":"no","_lmt_disable":"","site-sidebar-layout":"default","site-content-layout":"default","ast-site-content-layout":"default","site-content-style":"default","site-sidebar-style":"default","ast-global-header-display":"","ast-banner-title-visibility":"","ast-main-header-display":"","ast-hfb-above-header-display":"","ast-hfb-below-header-display":"","ast-hfb-mobile-header-display":"","site-post-title":"","ast-breadcrumbs-content":"","ast-featured-img":"","footer-sml-layout":"","theme-transparent-header-meta":"default","adv-header-id-meta":"","stick-header-meta":"","header-above-stick-meta":"","header-main-stick-meta":"","header-below-stick-meta":"","astra-migrate-meta-layouts":"set","ast-page-background-enabled":"default","ast-page-background-meta":{"desktop":{"background-color":"","background-image":"","background-repeat":"repeat","background-position":"center center","background-size":"auto","background-attachment":"scroll","background-type":"","background-media":"","overlay-type":"","overlay-color":"","overlay-opacity":"","overlay-gradient":""},"tablet":{"background-color":"","background-image":"","background-repeat":"repeat","background-position":"center center","background-size":"auto","background-attachment":"scroll","background-type":"","background-media":"","overlay-type":"","overlay-color":"","overlay-opacity":"","overlay-gradient":""},"mobile":{"background-color":"","background-image":"","background-repeat":"repeat","background-position":"center center","background-size":"auto","background-attachment":"scroll","background-type":"","background-media":"","overlay-type":"","overlay-color":"","overlay-opacity":"","overlay-gradient":""}},"ast-content-background-meta":{"desktop":{"background-color":"var(--ast-global-color-5)","background-image":"","background-repeat":"repeat","background-position":"center center","background-size":"auto","background-attachment":"scroll","background-type":"","background-media":"","overlay-type":"","overlay-color":"","overlay-opacity":"","overlay-gradient":""},"tablet":{"background-color":"var(--ast-global-color-5)","background-image":"","background-repeat":"repeat","background-position":"center center","background-size":"auto","background-attachment":"scroll","background-type":"","background-media":"","overlay-type":"","overlay-color":"","overlay-opacity":"","overlay-gradient":""},"mobile":{"background-color":"var(--ast-global-color-5)","background-image":"","background-repeat":"repeat","background-position":"center center","background-size":"auto","background-attachment":"scroll","background-type":"","background-media":"","overlay-type":"","overlay-color":"","overlay-opacity":"","overlay-gradient":""}},"footnotes":""},"class_list":["post-56020","page","type-page","status-publish","hentry"],"yoast_head":"<!-- This site is optimized with the Yoast SEO plugin v25.3.1 - https:\/\/yoast.com\/wordpress\/plugins\/seo\/ -->\n<title>Contrat de service -<\/title>\n<meta name=\"robots\" content=\"index, follow, max-snippet:-1, max-image-preview:large, max-video-preview:-1\" \/>\n<link rel=\"canonical\" href=\"https:\/\/cliniccenter.co.uk\/fr\/contrat-de-service\/\" \/>\n<meta property=\"og:locale\" content=\"fr_FR\" \/>\n<meta property=\"og:type\" content=\"article\" \/>\n<meta property=\"og:title\" content=\"Contrat de service -\" \/>\n<meta property=\"og:description\" content=\"ARTICLE 1 \u2013 OBJET Cet accord a \u00e9t\u00e9 conclu par voie \u00e9lectronique entre Soci\u00e9t\u00e9 \u00e0 Responsabilit\u00e9 Limit\u00e9e Ada Sant\u00e9 Voyage Tourisme de Sant\u00e9 et Conseil (\u00ab Clinic Center \u00bb) domicili\u00e9e \u00e0 Boulevard \u0130n\u00f6n\u00fc No:8\/2 Kat:3 D:6 Ku\u015fadas\u0131 Ayd\u0131n et le\/les consommateur(s) dont les informations sont donn\u00e9es ci-dessous sur le service touristique qui a \u00e9t\u00e9 vendu [&hellip;]\" \/>\n<meta property=\"og:url\" content=\"https:\/\/cliniccenter.co.uk\/fr\/contrat-de-service\/\" \/>\n<meta property=\"article:publisher\" content=\"https:\/\/www.facebook.com\/cliniccenter.co.uk\/\" \/>\n<meta property=\"article:modified_time\" content=\"2024-10-18T12:31:50+00:00\" \/>\n<meta name=\"twitter:card\" content=\"summary_large_image\" \/>\n<meta name=\"twitter:site\" content=\"@cliniccenteruk\" \/>\n<meta name=\"twitter:label1\" content=\"Dur\u00e9e de lecture estim\u00e9e\" \/>\n\t<meta name=\"twitter:data1\" content=\"6 minutes\" \/>\n<!-- \/ Yoast SEO plugin. -->","yoast_head_json":{"title":"Contrat de service -","robots":{"index":"index","follow":"follow","max-snippet":"max-snippet:-1","max-image-preview":"max-image-preview:large","max-video-preview":"max-video-preview:-1"},"canonical":"https:\/\/cliniccenter.co.uk\/fr\/contrat-de-service\/","og_locale":"fr_FR","og_type":"article","og_title":"Contrat de service -","og_description":"ARTICLE 1 \u2013 OBJET Cet accord a \u00e9t\u00e9 conclu par voie \u00e9lectronique entre Soci\u00e9t\u00e9 \u00e0 Responsabilit\u00e9 Limit\u00e9e Ada Sant\u00e9 Voyage Tourisme de Sant\u00e9 et Conseil (\u00ab Clinic Center \u00bb) domicili\u00e9e \u00e0 Boulevard \u0130n\u00f6n\u00fc No:8\/2 Kat:3 D:6 Ku\u015fadas\u0131 Ayd\u0131n et le\/les consommateur(s) dont les informations sont donn\u00e9es ci-dessous sur le service touristique qui a \u00e9t\u00e9 vendu [&hellip;]","og_url":"https:\/\/cliniccenter.co.uk\/fr\/contrat-de-service\/","article_publisher":"https:\/\/www.facebook.com\/cliniccenter.co.uk\/","article_modified_time":"2024-10-18T12:31:50+00:00","twitter_card":"summary_large_image","twitter_site":"@cliniccenteruk","twitter_misc":{"Dur\u00e9e de lecture estim\u00e9e":"6 minutes"},"schema":{"@context":"https:\/\/schema.org","@graph":[{"@type":"WebPage","@id":"https:\/\/cliniccenter.co.uk\/fr\/contrat-de-service\/","url":"https:\/\/cliniccenter.co.uk\/fr\/contrat-de-service\/","name":"Contrat de service -","isPartOf":{"@id":"https:\/\/cliniccenter.co.uk\/ro\/#website"},"datePublished":"2018-02-26T06:43:34+00:00","dateModified":"2024-10-18T12:31:50+00:00","breadcrumb":{"@id":"https:\/\/cliniccenter.co.uk\/fr\/contrat-de-service\/#breadcrumb"},"inLanguage":"fr-FR","potentialAction":[{"@type":"ReadAction","target":["https:\/\/cliniccenter.co.uk\/fr\/contrat-de-service\/"]}]},{"@type":"BreadcrumbList","@id":"https:\/\/cliniccenter.co.uk\/fr\/contrat-de-service\/#breadcrumb","itemListElement":[{"@type":"ListItem","position":1,"name":"Home","item":"https:\/\/cliniccenter.co.uk\/fr\/"},{"@type":"ListItem","position":2,"name":"Contrat de service"}]},{"@type":"WebSite","@id":"https:\/\/cliniccenter.co.uk\/ro\/#website","url":"https:\/\/cliniccenter.co.uk\/ro\/","name":"","description":"","potentialAction":[{"@type":"SearchAction","target":{"@type":"EntryPoint","urlTemplate":"https:\/\/cliniccenter.co.uk\/ro\/?s={search_term_string}"},"query-input":{"@type":"PropertyValueSpecification","valueRequired":true,"valueName":"search_term_string"}}],"inLanguage":"fr-FR"}]}},"uagb_featured_image_src":{"full":false,"thumbnail":false,"medium":false,"medium_large":false,"large":false,"1536x1536":false,"2048x2048":false},"uagb_author_info":{"display_name":"Sertac Ceki","author_link":"https:\/\/cliniccenter.co.uk\/fr\/blog\/author\/sertaccliniccenter-co-uk\/"},"uagb_comment_info":0,"uagb_excerpt":"ARTICLE 1 \u2013 OBJET Cet accord a \u00e9t\u00e9 conclu par voie \u00e9lectronique entre Soci\u00e9t\u00e9 \u00e0 Responsabilit\u00e9 Limit\u00e9e Ada Sant\u00e9 Voyage Tourisme de Sant\u00e9 et Conseil (\u00ab Clinic Center \u00bb) domicili\u00e9e \u00e0 Boulevard \u0130n\u00f6n\u00fc No:8\/2 Kat:3 D:6 Ku\u015fadas\u0131 Ayd\u0131n et le\/les consommateur(s) dont les informations sont donn\u00e9es ci-dessous sur le service touristique qui a \u00e9t\u00e9 vendu\u2026","_links":{"self":[{"href":"https:\/\/cliniccenter.co.uk\/fr\/wp-json\/wp\/v2\/pages\/56020"}],"collection":[{"href":"https:\/\/cliniccenter.co.uk\/fr\/wp-json\/wp\/v2\/pages"}],"about":[{"href":"https:\/\/cliniccenter.co.uk\/fr\/wp-json\/wp\/v2\/types\/page"}],"author":[{"embeddable":true,"href":"https:\/\/cliniccenter.co.uk\/fr\/wp-json\/wp\/v2\/users\/2"}],"replies":[{"embeddable":true,"href":"https:\/\/cliniccenter.co.uk\/fr\/wp-json\/wp\/v2\/comments?post=56020"}],"version-history":[{"count":1,"href":"https:\/\/cliniccenter.co.uk\/fr\/wp-json\/wp\/v2\/pages\/56020\/revisions"}],"predecessor-version":[{"id":56023,"href":"https:\/\/cliniccenter.co.uk\/fr\/wp-json\/wp\/v2\/pages\/56020\/revisions\/56023"}],"wp:attachment":[{"href":"https:\/\/cliniccenter.co.uk\/fr\/wp-json\/wp\/v2\/media?parent=56020"}],"curies":[{"name":"wp","href":"https:\/\/api.w.org\/{rel}","templated":true}]}}