{"id":56024,"date":"2015-08-17T12:15:21","date_gmt":"2015-08-17T12:15:21","guid":{"rendered":"https:\/\/cliniccenter.co.uk\/terms-conditions\/"},"modified":"2024-10-18T12:43:23","modified_gmt":"2024-10-18T12:43:23","slug":"termes-et-conditions","status":"publish","type":"page","link":"https:\/\/cliniccenter.co.uk\/fr\/termes-et-conditions\/","title":{"rendered":"Termes Et Conditions"},"content":{"rendered":"<p>Ces termes et conditions d\u00e9finissent les termes et conditions de tout forfait m\u00e9dical que vous achetez aupr\u00e8s de Clinic Center.<\/p>\n<p>Veuillez lire ces conditions g\u00e9n\u00e9rales et les documents mentionn\u00e9s ci-dessous. En acceptant nos conditions g\u00e9n\u00e9rales, vous confirmez que vous serez li\u00e9 par ces conditions g\u00e9n\u00e9rales et vous acceptez de les respecter.<br \/>\nClinic Center a le droit de changer et de modifier les conditions g\u00e9n\u00e9rales sans pr\u00e9avis.<\/p>\n<ol>\n<li><strong> D\u00e9finitions<br \/>\n<\/strong>Fournisseur de traitement : Tout m\u00e9decin ou \u00e9tablissement m\u00e9dical qui effectue le traitement<br \/>\nForfait m\u00e9dical : Le forfait de traitement qui peut inclure le traitement, l&rsquo;h\u00e9bergement, les transferts et les services d&rsquo;h\u00e9bergement selon le choix du patient<br \/>\nTraitement : Le traitement m\u00e9dical qui sera effectu\u00e9 chez le prestataire de traitement choisi<\/li>\n<li><strong> Responsabilit\u00e9s et obligations du centre clinique<\/strong><\/li>\n<li>Clinic Center est responsable de l&rsquo;organisation de votre traitement m\u00e9dical avec le prestataire de soins que vous avez s\u00e9lectionn\u00e9, y compris l&rsquo;organisation de votre h\u00e9bergement et des transferts a\u00e9roportuaires. Votre prestataire de soins est le seul responsable de votre traitement. Vous acceptez de ne pas tenir Clinic Center responsable de tout traitement que vous entreprendrez chez le prestataire de soins.<br \/>\n2. Votre forfait m\u00e9dical est offert par l&rsquo;\u00e9change de photos et de r\u00e9sultats d&rsquo;examens. Par cons\u00e9quent, il peut changer lors de l&rsquo;examen physique avec votre prestataire de soins.<br \/>\n3. En acceptant ces termes et conditions, vous acceptez de ne pas tenir Clinic Center responsable de toute faute professionnelle de votre prestataire de soins.<br \/>\n4. Clinic Center vous enverra les informations n\u00e9cessaires sur votre forfait m\u00e9dical avant le d\u00e9but de votre voyage, qui comprendra les \u00e9l\u00e9ments suivants :<\/li>\n<\/ol>\n<ul>\n<li>Le nom et les coordonn\u00e9es du prestataire de soins<br \/>\n\u2022 Le nom et les coordonn\u00e9es de l&rsquo;h\u00f4tel (s&rsquo;il est inclus dans le forfait m\u00e9dical)<br \/>\n\u2022 Le nom et les coordonn\u00e9es de l&rsquo;h\u00f4te (s&rsquo;il est inclus dans le forfait m\u00e9dical)<br \/>\n\u2022 Le nom et les coordonn\u00e9es du chauffeur (s&rsquo;il est inclus dans le forfait m\u00e9dical)<br \/>\n\u2022 Date et heure du traitement<\/li>\n<\/ul>\n<ol start=\"5\">\n<li>Le Centre Clinique n&rsquo;est pas responsable des services fournis par des tiers tels que les prestataires de services m\u00e9dicaux, les h\u00f4tels et les soci\u00e9t\u00e9s de transfert.<\/li>\n<li><strong> Vos responsabilit\u00e9s<\/strong><\/li>\n<li>En acceptant ces termes et conditions, vous acceptez de partager toute information sur votre \u00e9tat de sant\u00e9.<br \/>\n2. Vous \u00eates responsable de fournir des informations appropri\u00e9es concernant votre \u00e9tat de sant\u00e9 afin de vous fournir le bon plan de traitement.<br \/>\n3. Vous \u00eates responsable de la pr\u00e9paration de vos documents de voyage tels que passeport et visa concernant votre traitement propos\u00e9 par le prestataire de soins. Clinic Center n&rsquo;est pas responsable de l&rsquo;organisation de votre voyage en Turquie pour votre traitement.<br \/>\n4. En acceptant ces termes et conditions, vous autorisez Clinic Center \u00e0 obtenir votre dossier m\u00e9dical aupr\u00e8s de votre prestataire de soins et \u00e0 conserver ces dossiers en cas de n\u00e9cessit\u00e9.<br \/>\n5. Afin d&rsquo;obtenir un traitement aupr\u00e8s du prestataire de soins de Clinic Center, vous devez effectuer un acompte au Clinic Center avant de commencer votre voyage et vous devez effectuer le paiement du montant total avant votre traitement. Vous ne recevrez aucun traitement avant d&rsquo;avoir effectu\u00e9 votre paiement.<br \/>\n6. Il est de votre responsabilit\u00e9 d&rsquo;ajouter tout type d&rsquo;assurance \u00e0 votre forfait m\u00e9dical.<\/li>\n<li><strong> Annulation<\/strong><\/li>\n<\/ol>\n<p>Vous pouvez annuler votre traitement \u00e0 tout moment. En cas d&rsquo;annulation, des frais administratifs vous seront d\u00e9duits et vous serez rembours\u00e9 au d\u00e9but du mois suivant votre annulation. Si vous annulez moins d&rsquo;un mois avant votre intervention, votre acompte ne vous sera pas rembours\u00e9. De plus, si vous annulez votre intervention apr\u00e8s avoir envoy\u00e9 vos billets d&rsquo;avion, votre acompte ne vous sera pas rembours\u00e9. Si vous b\u00e9n\u00e9ficiez d&rsquo;une promotion, votre acompte ne vous sera en aucun cas rembours\u00e9.<\/p>\n<ol start=\"5\">\n<li><strong> Commentaires et \u00e9valuations<\/strong><\/li>\n<\/ol>\n<p>Clinic Center a pour objectif de fournir \u00e0 ses patients une satisfaction \u00e0 100 % de ses services. Clinic Center demande l&rsquo;avis de ses patients afin d&rsquo;am\u00e9liorer ses services \u00e0 condition que les avis soient sinc\u00e8res, authentiques, utiles et directement li\u00e9s aux services de Clinic Center. Clinic Center est un interm\u00e9diaire pour fournir des traitements de qualit\u00e9 aupr\u00e8s de prestataires m\u00e9dicaux \u00e0 des prix abordables. Cependant, Clinic Center ne peut \u00eatre tenu responsable des services fournis par les prestataires de soins de sant\u00e9 et de leurs actions.<\/p>\n<p>En acceptant ces conditions g\u00e9n\u00e9rales, vous acceptez de ne pas diffamer publiquement Clinic Center ou l&rsquo;un de ses employ\u00e9s (sites Web d&rsquo;\u00e9valuation, r\u00e9seaux de m\u00e9dias sociaux, blogs, forums publics, etc.) en ce qui concerne le traitement et les services du prestataire de services m\u00e9dicaux (m\u00e9decin, personnel m\u00e9dical, h\u00f4pital) et les services de l&rsquo;h\u00f4tel. En cas de violation de cette clause, vous devez supprimer et retirer le contenu imm\u00e9diatement apr\u00e8s notre \u00e9valuation et notre demande. Si le contenu reste, en partie ou en totalit\u00e9, vous acceptez de payer 5 000 GBP \u00e0 Clinic Center \u00e0 titre de dommages et int\u00e9r\u00eats.<\/p>\n<ol start=\"6\">\n<li><strong> Confidentialit\u00e9<br \/>\n<\/strong>1. Clinic Center est responsable de la confidentialit\u00e9 de vos informations personnelles.<br \/>\n2. En acceptant ces termes et conditions, vous autorisez Clinic Center \u00e0 utiliser vos photos avant\/apr\u00e8s de vos zones de traitement.<br \/>\n3. En acceptant ces termes et conditions, vous consentez \u00e0 \u00eatre contact\u00e9 par SMS, t\u00e9l\u00e9phone et email concernant les produits, services et opportunit\u00e9s offerts par les soci\u00e9t\u00e9s affili\u00e9es et partenaires de Clinic Center via la demande que vous laissez \u00e0 des fins de marketing et d&rsquo;exp\u00e9rience client par Clinic Center comme d\u00e9crit dans la politique de confidentialit\u00e9.<\/li>\n<li><strong> Juridiction<br \/>\n<\/strong>En cas de litige d\u00e9coulant du pr\u00e9sent contrat, les Parties acceptent l&rsquo;autorit\u00e9 des Tribunaux et des Directions d&rsquo;Ex\u00e9cution d&rsquo;Istanbul.<\/li>\n<\/ol>\n","protected":false},"excerpt":{"rendered":"<p>Ces termes et conditions d\u00e9finissent les termes et conditions de tout forfait m\u00e9dical que vous achetez aupr\u00e8s de Clinic Center. Veuillez lire ces conditions g\u00e9n\u00e9rales et les documents mentionn\u00e9s ci-dessous. En acceptant nos conditions g\u00e9n\u00e9rales, vous confirmez que vous serez li\u00e9 par ces conditions g\u00e9n\u00e9rales et vous acceptez de les respecter. Clinic Center a le [&hellip;]<\/p>\n","protected":false},"author":1,"featured_media":0,"parent":0,"menu_order":0,"comment_status":"closed","ping_status":"open","template":"","meta":{"_uag_custom_page_level_css":"","_lmt_disableupdate":"no","_lmt_disable":"","site-sidebar-layout":"default","site-content-layout":"default","ast-site-content-layout":"default","site-content-style":"default","site-sidebar-style":"default","ast-global-header-display":"","ast-banner-title-visibility":"","ast-main-header-display":"","ast-hfb-above-header-display":"","ast-hfb-below-header-display":"","ast-hfb-mobile-header-display":"","site-post-title":"","ast-breadcrumbs-content":"","ast-featured-img":"","footer-sml-layout":"","theme-transparent-header-meta":"default","adv-header-id-meta":"","stick-header-meta":"","header-above-stick-meta":"","header-main-stick-meta":"","header-below-stick-meta":"","astra-migrate-meta-layouts":"set","ast-page-background-enabled":"default","ast-page-background-meta":{"desktop":{"background-color":"","background-image":"","background-repeat":"repeat","background-position":"center center","background-size":"auto","background-attachment":"scroll","background-type":"","background-media":"","overlay-type":"","overlay-color":"","overlay-opacity":"","overlay-gradient":""},"tablet":{"background-color":"","background-image":"","background-repeat":"repeat","background-position":"center center","background-size":"auto","background-attachment":"scroll","background-type":"","background-media":"","overlay-type":"","overlay-color":"","overlay-opacity":"","overlay-gradient":""},"mobile":{"background-color":"","background-image":"","background-repeat":"repeat","background-position":"center center","background-size":"auto","background-attachment":"scroll","background-type":"","background-media":"","overlay-type":"","overlay-color":"","overlay-opacity":"","overlay-gradient":""}},"ast-content-background-meta":{"desktop":{"background-color":"var(--ast-global-color-5)","background-image":"","background-repeat":"repeat","background-position":"center center","background-size":"auto","background-attachment":"scroll","background-type":"","background-media":"","overlay-type":"","overlay-color":"","overlay-opacity":"","overlay-gradient":""},"tablet":{"background-color":"var(--ast-global-color-5)","background-image":"","background-repeat":"repeat","background-position":"center center","background-size":"auto","background-attachment":"scroll","background-type":"","background-media":"","overlay-type":"","overlay-color":"","overlay-opacity":"","overlay-gradient":""},"mobile":{"background-color":"var(--ast-global-color-5)","background-image":"","background-repeat":"repeat","background-position":"center center","background-size":"auto","background-attachment":"scroll","background-type":"","background-media":"","overlay-type":"","overlay-color":"","overlay-opacity":"","overlay-gradient":""}},"footnotes":""},"class_list":["post-56024","page","type-page","status-publish","hentry"],"yoast_head":"<!-- This site is optimized with the Yoast SEO plugin v25.3.1 - https:\/\/yoast.com\/wordpress\/plugins\/seo\/ -->\n<title>Termes Et Conditions -<\/title>\n<meta name=\"robots\" content=\"index, follow, max-snippet:-1, max-image-preview:large, max-video-preview:-1\" \/>\n<link rel=\"canonical\" href=\"https:\/\/cliniccenter.co.uk\/fr\/termes-et-conditions\/\" \/>\n<meta property=\"og:locale\" content=\"fr_FR\" \/>\n<meta property=\"og:type\" content=\"article\" \/>\n<meta property=\"og:title\" content=\"Termes Et Conditions -\" \/>\n<meta property=\"og:description\" content=\"Ces termes et conditions d\u00e9finissent les termes et conditions de tout forfait m\u00e9dical que vous achetez aupr\u00e8s de Clinic Center. Veuillez lire ces conditions g\u00e9n\u00e9rales et les documents mentionn\u00e9s ci-dessous. En acceptant nos conditions g\u00e9n\u00e9rales, vous confirmez que vous serez li\u00e9 par ces conditions g\u00e9n\u00e9rales et vous acceptez de les respecter. Clinic Center a le [&hellip;]\" \/>\n<meta property=\"og:url\" content=\"https:\/\/cliniccenter.co.uk\/fr\/termes-et-conditions\/\" \/>\n<meta property=\"article:publisher\" content=\"https:\/\/www.facebook.com\/cliniccenter.co.uk\/\" \/>\n<meta property=\"article:modified_time\" content=\"2024-10-18T12:43:23+00:00\" \/>\n<meta name=\"twitter:card\" content=\"summary_large_image\" \/>\n<meta name=\"twitter:site\" content=\"@cliniccenteruk\" \/>\n<meta name=\"twitter:label1\" content=\"Dur\u00e9e de lecture estim\u00e9e\" \/>\n\t<meta name=\"twitter:data1\" content=\"4 minutes\" \/>\n<!-- \/ Yoast SEO plugin. -->","yoast_head_json":{"title":"Termes Et Conditions -","robots":{"index":"index","follow":"follow","max-snippet":"max-snippet:-1","max-image-preview":"max-image-preview:large","max-video-preview":"max-video-preview:-1"},"canonical":"https:\/\/cliniccenter.co.uk\/fr\/termes-et-conditions\/","og_locale":"fr_FR","og_type":"article","og_title":"Termes Et Conditions -","og_description":"Ces termes et conditions d\u00e9finissent les termes et conditions de tout forfait m\u00e9dical que vous achetez aupr\u00e8s de Clinic Center. Veuillez lire ces conditions g\u00e9n\u00e9rales et les documents mentionn\u00e9s ci-dessous. En acceptant nos conditions g\u00e9n\u00e9rales, vous confirmez que vous serez li\u00e9 par ces conditions g\u00e9n\u00e9rales et vous acceptez de les respecter. Clinic Center a le [&hellip;]","og_url":"https:\/\/cliniccenter.co.uk\/fr\/termes-et-conditions\/","article_publisher":"https:\/\/www.facebook.com\/cliniccenter.co.uk\/","article_modified_time":"2024-10-18T12:43:23+00:00","twitter_card":"summary_large_image","twitter_site":"@cliniccenteruk","twitter_misc":{"Dur\u00e9e de lecture estim\u00e9e":"4 minutes"},"schema":{"@context":"https:\/\/schema.org","@graph":[{"@type":"WebPage","@id":"https:\/\/cliniccenter.co.uk\/fr\/termes-et-conditions\/","url":"https:\/\/cliniccenter.co.uk\/fr\/termes-et-conditions\/","name":"Termes Et Conditions -","isPartOf":{"@id":"https:\/\/cliniccenter.co.uk\/ro\/#website"},"datePublished":"2015-08-17T12:15:21+00:00","dateModified":"2024-10-18T12:43:23+00:00","breadcrumb":{"@id":"https:\/\/cliniccenter.co.uk\/fr\/termes-et-conditions\/#breadcrumb"},"inLanguage":"fr-FR","potentialAction":[{"@type":"ReadAction","target":["https:\/\/cliniccenter.co.uk\/fr\/termes-et-conditions\/"]}]},{"@type":"BreadcrumbList","@id":"https:\/\/cliniccenter.co.uk\/fr\/termes-et-conditions\/#breadcrumb","itemListElement":[{"@type":"ListItem","position":1,"name":"Home","item":"https:\/\/cliniccenter.co.uk\/fr\/"},{"@type":"ListItem","position":2,"name":"Termes Et Conditions"}]},{"@type":"WebSite","@id":"https:\/\/cliniccenter.co.uk\/ro\/#website","url":"https:\/\/cliniccenter.co.uk\/ro\/","name":"","description":"","potentialAction":[{"@type":"SearchAction","target":{"@type":"EntryPoint","urlTemplate":"https:\/\/cliniccenter.co.uk\/ro\/?s={search_term_string}"},"query-input":{"@type":"PropertyValueSpecification","valueRequired":true,"valueName":"search_term_string"}}],"inLanguage":"fr-FR"}]}},"uagb_featured_image_src":{"full":false,"thumbnail":false,"medium":false,"medium_large":false,"large":false,"1536x1536":false,"2048x2048":false},"uagb_author_info":{"display_name":"cliniccenter","author_link":"https:\/\/cliniccenter.co.uk\/fr\/blog\/author\/cliniccenter\/"},"uagb_comment_info":0,"uagb_excerpt":"Ces termes et conditions d\u00e9finissent les termes et conditions de tout forfait m\u00e9dical que vous achetez aupr\u00e8s de Clinic Center. Veuillez lire ces conditions g\u00e9n\u00e9rales et les documents mentionn\u00e9s ci-dessous. En acceptant nos conditions g\u00e9n\u00e9rales, vous confirmez que vous serez li\u00e9 par ces conditions g\u00e9n\u00e9rales et vous acceptez de les respecter. Clinic Center a le\u2026","_links":{"self":[{"href":"https:\/\/cliniccenter.co.uk\/fr\/wp-json\/wp\/v2\/pages\/56024"}],"collection":[{"href":"https:\/\/cliniccenter.co.uk\/fr\/wp-json\/wp\/v2\/pages"}],"about":[{"href":"https:\/\/cliniccenter.co.uk\/fr\/wp-json\/wp\/v2\/types\/page"}],"author":[{"embeddable":true,"href":"https:\/\/cliniccenter.co.uk\/fr\/wp-json\/wp\/v2\/users\/1"}],"replies":[{"embeddable":true,"href":"https:\/\/cliniccenter.co.uk\/fr\/wp-json\/wp\/v2\/comments?post=56024"}],"version-history":[{"count":2,"href":"https:\/\/cliniccenter.co.uk\/fr\/wp-json\/wp\/v2\/pages\/56024\/revisions"}],"predecessor-version":[{"id":56034,"href":"https:\/\/cliniccenter.co.uk\/fr\/wp-json\/wp\/v2\/pages\/56024\/revisions\/56034"}],"wp:attachment":[{"href":"https:\/\/cliniccenter.co.uk\/fr\/wp-json\/wp\/v2\/media?parent=56024"}],"curies":[{"name":"wp","href":"https:\/\/api.w.org\/{rel}","templated":true}]}}