{"id":56025,"date":"2018-02-26T06:54:23","date_gmt":"2018-02-26T06:54:23","guid":{"rendered":"https:\/\/cliniccenter.co.uk\/use-policy\/"},"modified":"2024-10-18T12:36:42","modified_gmt":"2024-10-18T12:36:42","slug":"politique-dutilisation","status":"publish","type":"page","link":"https:\/\/cliniccenter.co.uk\/fr\/politique-dutilisation\/","title":{"rendered":"Politique D&rsquo;utilisation"},"content":{"rendered":"<p style=\"font-weight: 400;\">Ce site est mis en ligne sous r\u00e9serve de l&rsquo;acceptation par l&rsquo;internaute des conditions suivantes. Tout internaute qui utilise le site www.cliniccenter.co.uk est r\u00e9put\u00e9 accepter ces conditions.<\/p>\n<h2><span class=\"ez-toc-section\" id=\"Droits_dauteur\"><\/span>Droits d&rsquo;auteur<span class=\"ez-toc-section-end\"><\/span><\/h2>\n<p style=\"font-weight: 400;\">Tous les droits du site www.cliniccenter.co.uk appartiennent \u00e0 Clinic Center. Tous les produits logiciels, \u00e9crits, articles, photos, images, documents et ce type de propri\u00e9t\u00e9 intellectuelle qui figurent dans le contenu du site www.cliniccenter.co.uk sont r\u00e9serv\u00e9s conform\u00e9ment \u00e0 la l\u00e9gislation l\u00e9gale sur les droits d&rsquo;auteur. Aucun de ces produits ne peut \u00eatre utilis\u00e9 sans l&rsquo;autorisation \u00e9crite de Clinic Center. La copie, la reproduction, l&rsquo;utilisation sans avertissement et autorisation et la distribution de ces produits \u00e0 quelque fin que ce soit sont interdites par la loi.<\/p><div id=\"ez-toc-container\" class=\"ez-toc-v2_0_80 counter-hierarchy ez-toc-counter ez-toc-grey ez-toc-container-direction\">\n<div class=\"ez-toc-title-container\">\n<p class=\"ez-toc-title\" style=\"cursor:inherit\">Table of Contents<\/p>\n<span class=\"ez-toc-title-toggle\"><a href=\"#\" class=\"ez-toc-pull-right ez-toc-btn ez-toc-btn-xs ez-toc-btn-default ez-toc-toggle\" aria-label=\"Toggle Table of Content\"><span class=\"ez-toc-js-icon-con\"><span class=\"\"><span class=\"eztoc-hide\" style=\"display:none;\">Toggle<\/span><span class=\"ez-toc-icon-toggle-span\"><svg style=\"fill: #999;color:#999\" xmlns=\"http:\/\/www.w3.org\/2000\/svg\" class=\"list-377408\" width=\"20px\" height=\"20px\" viewBox=\"0 0 24 24\" fill=\"none\"><path d=\"M6 6H4v2h2V6zm14 0H8v2h12V6zM4 11h2v2H4v-2zm16 0H8v2h12v-2zM4 16h2v2H4v-2zm16 0H8v2h12v-2z\" fill=\"currentColor\"><\/path><\/svg><svg style=\"fill: #999;color:#999\" class=\"arrow-unsorted-368013\" xmlns=\"http:\/\/www.w3.org\/2000\/svg\" width=\"10px\" height=\"10px\" viewBox=\"0 0 24 24\" version=\"1.2\" baseProfile=\"tiny\"><path d=\"M18.2 9.3l-6.2-6.3-6.2 6.3c-.2.2-.3.4-.3.7s.1.5.3.7c.2.2.4.3.7.3h11c.3 0 .5-.1.7-.3.2-.2.3-.5.3-.7s-.1-.5-.3-.7zM5.8 14.7l6.2 6.3 6.2-6.3c.2-.2.3-.5.3-.7s-.1-.5-.3-.7c-.2-.2-.4-.3-.7-.3h-11c-.3 0-.5.1-.7.3-.2.2-.3.5-.3.7s.1.5.3.7z\"\/><\/svg><\/span><\/span><\/span><\/a><\/span><\/div>\n<nav><ul class='ez-toc-list ez-toc-list-level-1 ' ><li class='ez-toc-page-1 ez-toc-heading-level-2'><a class=\"ez-toc-link ez-toc-heading-1\" href=\"https:\/\/cliniccenter.co.uk\/fr\/politique-dutilisation\/#Droits_dauteur\" >Droits d&rsquo;auteur<\/a><\/li><li class='ez-toc-page-1 ez-toc-heading-level-2'><a class=\"ez-toc-link ez-toc-heading-2\" href=\"https:\/\/cliniccenter.co.uk\/fr\/politique-dutilisation\/#Concernant_letendue_de_lutilisation_non_personnelle_et_non_commerciale\" >Concernant l&rsquo;\u00e9tendue de l&rsquo;utilisation non personnelle et non commerciale<\/a><\/li><li class='ez-toc-page-1 ez-toc-heading-level-2'><a class=\"ez-toc-link ez-toc-heading-3\" href=\"https:\/\/cliniccenter.co.uk\/fr\/politique-dutilisation\/#Responsabilites_de_lutilisateur\" >Responsabilit\u00e9s de l&rsquo;utilisateur<\/a><\/li><li class='ez-toc-page-1 ez-toc-heading-level-2'><a class=\"ez-toc-link ez-toc-heading-4\" href=\"https:\/\/cliniccenter.co.uk\/fr\/politique-dutilisation\/#Concernant_les_liens_vers_des_sites_Web_tiers\" >Concernant les liens vers des sites Web tiers<\/a><\/li><li class='ez-toc-page-1 ez-toc-heading-level-2'><a class=\"ez-toc-link ez-toc-heading-5\" href=\"https:\/\/cliniccenter.co.uk\/fr\/politique-dutilisation\/#Concernant_les_informations_que_les_utilisateurs_envoient_a_wwwcliniccentercouk\" >Concernant les informations que les utilisateurs envoient \u00e0 www.cliniccenter.co.uk<\/a><\/li><li class='ez-toc-page-1 ez-toc-heading-level-2'><a class=\"ez-toc-link ez-toc-heading-6\" href=\"https:\/\/cliniccenter.co.uk\/fr\/politique-dutilisation\/#Securite_des_achats\" >S\u00e9curit\u00e9 des achats<\/a><\/li><li class='ez-toc-page-1 ez-toc-heading-level-2'><a class=\"ez-toc-link ez-toc-heading-7\" href=\"https:\/\/cliniccenter.co.uk\/fr\/politique-dutilisation\/#Droits_et_responsabilites\" >Droits et responsabilit\u00e9s<\/a><\/li><\/ul><\/nav><\/div>\n\n<h2><span class=\"ez-toc-section\" id=\"Concernant_letendue_de_lutilisation_non_personnelle_et_non_commerciale\"><\/span>Concernant l&rsquo;\u00e9tendue de l&rsquo;utilisation non personnelle et non commerciale<span class=\"ez-toc-section-end\"><\/span><\/h2>\n<p style=\"font-weight: 400;\">Une seule copie est autoris\u00e9e \u00e0 des fins non personnelles et non commerciales. Dans cette copie, il est obligatoire d&rsquo;indiquer que Clinic Center est la marque d\u00e9pos\u00e9e ou le titulaire des droits d&rsquo;auteur.<\/p>\n<h2><span class=\"ez-toc-section\" id=\"Responsabilites_de_lutilisateur\"><\/span>Responsabilit\u00e9s de l&rsquo;utilisateur<span class=\"ez-toc-section-end\"><\/span><\/h2>\n<p style=\"font-weight: 400;\">L&rsquo;utilisateur garantit que toutes les informations qu&rsquo;il fournit au site www.cliniccenter.co.uk sont correctes. L&rsquo;utilisateur est responsable de toutes les proc\u00e9dures d&rsquo;adh\u00e9sion et de tous les r\u00e9sultats possibles de ces proc\u00e9dures.<br \/>\nBien que le site www.cliniccenter.co.uk soit mis \u00e0 jour fr\u00e9quemment, les informations sur les packages, les prix, les conditions de paiement et les campagnes sont repr\u00e9sentatives. Clinic Center ne peut \u00eatre tenu responsable des lacunes ou des erreurs r\u00e9sultant de mises \u00e0 jour typographiques ou tardives. Lors des r\u00e9servations, les conditions propres \u00e0 chaque produit et fournisseur de produits sont valables. Si l&rsquo;utilisateur souhaite effectuer une r\u00e9servation pour un produit, il sera r\u00e9put\u00e9 accepter les conditions du fournisseur de produits auquel appartient le produit pour lequel il effectue la r\u00e9servation.<\/p>\n<h2><span class=\"ez-toc-section\" id=\"Concernant_les_liens_vers_des_sites_Web_tiers\"><\/span>Concernant les liens vers des sites Web tiers<span class=\"ez-toc-section-end\"><\/span><\/h2>\n<p style=\"font-weight: 400;\">Sur le site www.cliniccenter.co.uk, il peut y avoir des liens (liens) vers d&rsquo;autres sites web, directement ou indirectement. Le but de ces liens est de fournir des informations ou de la publicit\u00e9. Le contenu des sites web li\u00e9s \u00e0 www.cliniccenter.co.uk rel\u00e8ve de la responsabilit\u00e9 de ces sites web. Clinic Center ne peut \u00eatre tenu pour responsable du contenu de ces sites web et de tout probl\u00e8me r\u00e9sultant de ces sites web.<\/p>\n<h2><span class=\"ez-toc-section\" id=\"Concernant_les_informations_que_les_utilisateurs_envoient_a_wwwcliniccentercouk\"><\/span>Concernant les informations que les utilisateurs envoient \u00e0 www.cliniccenter.co.uk<span class=\"ez-toc-section-end\"><\/span><\/h2>\n<p style=\"font-weight: 400;\">Sur le site www.cliniccenter.co.uk, il y a des formulaires remplis sur Internet et envoy\u00e9s par les utilisateurs, des pages de chat o\u00f9 ils \u00e9changent des messages avec les employ\u00e9s de www.cliniccenter.co.uk et des pages de suggestions et de r\u00e9clamations. Les utilisateurs n&rsquo;ont pas le droit d&rsquo;utiliser des jurons, des menaces, des propos provocateurs, perturbateurs et tout type de contenu ill\u00e9gal, ainsi que de porter atteinte aux droits l\u00e9gaux et personnels d&rsquo;autrui. Ces formulaires et pages sont consid\u00e9r\u00e9s comme la propri\u00e9t\u00e9 intellectuelle d&rsquo;Ada Sa\u011fl\u0131k Seyahat Sa\u011fl\u0131k Turizmi ve Dan\u0131\u015fmanl\u0131\u011f\u0131 Limited \u015eirketi, propri\u00e9taire de www.cliniccenter.co.uk. Par cons\u00e9quent, l&rsquo;utilisation de ces formulaires et pages sur d&rsquo;autres sites Web ou leur utilisation comme exemples \u00e0 des fins de reproduction est interdite.<br \/>\nLes utilisateurs d&rsquo;Internet n&rsquo;ont pas le droit de vendre un produit ou un service, de faire de la publicit\u00e9 \u00e0 des fins commerciales, d&rsquo;effectuer tout type de travail commercial en utilisant ces pages.<\/p>\n<h2><span class=\"ez-toc-section\" id=\"Securite_des_achats\"><\/span>S\u00e9curit\u00e9 des achats<span class=\"ez-toc-section-end\"><\/span><\/h2>\n<p style=\"font-weight: 400;\">Lorsque vous effectuez des achats sur www.cliniccenter.co.uk, vos donn\u00e9es personnelles sont prot\u00e9g\u00e9es, que vous soyez en ligne ou hors ligne. Les donn\u00e9es fournies pour les processus d&rsquo;adh\u00e9sion et de r\u00e9servation sont prot\u00e9g\u00e9es par le syst\u00e8me de s\u00e9curit\u00e9 SSL. Il est impossible que vos donn\u00e9es personnelles client soient consult\u00e9es ou modifi\u00e9es par des tiers. Pour garantir cette s\u00e9curit\u00e9, les proc\u00e9dures d&rsquo;adh\u00e9sion sont effectu\u00e9es dans la zone de s\u00e9curit\u00e9 SSL 128 bits. Il s&rsquo;agit d&rsquo;un syst\u00e8me de codage impossible \u00e0 casser et qui constitue \u00e9galement une norme internationale. Toutes vos donn\u00e9es et informations que vous utilisez pour les proc\u00e9dures sur www.cliniccenter.co.uk sont prot\u00e9g\u00e9es par un cryptage. Ces donn\u00e9es ne peuvent \u00eatre utilis\u00e9es qu&rsquo;en fonction du processus de proc\u00e9dure d&rsquo;achat et conform\u00e9ment aux directives que vous donnez. Les donn\u00e9es ne peuvent \u00eatre ni divulgu\u00e9es ni transf\u00e9r\u00e9es \u00e0 des tiers, elles sont uniquement transmises \u00e0 la banque concern\u00e9e.<\/p>\n<h2><span class=\"ez-toc-section\" id=\"Droits_et_responsabilites\"><\/span>Droits et responsabilit\u00e9s<span class=\"ez-toc-section-end\"><\/span><\/h2>\n<p style=\"font-weight: 400;\">www.cliniccenter.co.uk fait tous les efforts raisonnables pour contr\u00f4ler l&rsquo;exactitude de tout le contenu du site Web. Cependant, ni www.cliniccenter.co.uk ni le propri\u00e9taire Ada Sa\u011fl\u0131k Seyahat Sa\u011fl\u0131k Turizmi ve Dan\u0131\u015fmanl\u0131\u011f\u0131 Limited \u015eirketi ne peuvent \u00eatre consid\u00e9r\u00e9s comme responsables des erreurs d&rsquo;information et de prix sur le site Web. www.cliniccenter.co.uk peut apporter des modifications et des innovations \u00e0 ses pages \u00e0 tout moment. Le site Web www.cliniccenter.co.uk et le propri\u00e9taire Ada Sa\u011fl\u0131k Seyahat Sa\u011fl\u0131k Turizmi ve Dan\u0131\u015fmanl\u0131\u011f\u0131 Limited \u015eirketi ne peuvent \u00eatre consid\u00e9r\u00e9s comme responsables de tout type d&rsquo;erreur de r\u00e9servation, de vente ou d&rsquo;information r\u00e9sultant de ces modifications.<br \/>\nLe site Web www.cliniccenter.co.uk et le propri\u00e9taire Ada Sa\u011fl\u0131k Seyahat Sa\u011fl\u0131k Turizmi ve Dan\u0131\u015fmanl\u0131\u011f\u0131 Limited \u015eirketi ne peuvent \u00eatre consid\u00e9r\u00e9s comme responsables des dommages financiers et \u00e9motionnels directs ou indirects qui pourraient r\u00e9sulter de l&rsquo;utilisation du site Web.<br \/>\n<strong>Ces conditions entrent en vigueur imm\u00e9diatement lorsque l&rsquo;utilisateur commence \u00e0 utiliser le site Web www.cliniccenter.co.uk.<br \/>\n<\/strong>Clinic Center a le droit de modifier ces conditions \u00e0 tout moment.<br \/>\nCopyright\u00a9 Clinic Center<br \/>\nTous les droits d&rsquo;utilisation et de contenu de www.cliniccenter.co.uk sont r\u00e9serv\u00e9s. Tous les droits du site Web appartiennent au propri\u00e9taire Ada Sa\u011fl\u0131k Seyahat Sa\u011fl\u0131k Turizmi ve Dan\u0131\u015fmanl\u0131\u011f\u0131 Limited \u015eirketi. L&rsquo;utilisation du site Web sans autorisation est interdite par la loi.<\/p>\n","protected":false},"excerpt":{"rendered":"<p>Ce site est mis en ligne sous r\u00e9serve de l&rsquo;acceptation par l&rsquo;internaute des conditions suivantes. Tout internaute qui utilise le site www.cliniccenter.co.uk est r\u00e9put\u00e9 accepter ces conditions. Droits d&rsquo;auteur Tous les droits du site www.cliniccenter.co.uk appartiennent \u00e0 Clinic Center. Tous les produits logiciels, \u00e9crits, articles, photos, images, documents et ce type de propri\u00e9t\u00e9 intellectuelle qui [&hellip;]<\/p>\n","protected":false},"author":2,"featured_media":0,"parent":0,"menu_order":0,"comment_status":"closed","ping_status":"closed","template":"","meta":{"_uag_custom_page_level_css":"","_lmt_disableupdate":"no","_lmt_disable":"","site-sidebar-layout":"default","site-content-layout":"default","ast-site-content-layout":"default","site-content-style":"default","site-sidebar-style":"default","ast-global-header-display":"","ast-banner-title-visibility":"","ast-main-header-display":"","ast-hfb-above-header-display":"","ast-hfb-below-header-display":"","ast-hfb-mobile-header-display":"","site-post-title":"","ast-breadcrumbs-content":"","ast-featured-img":"","footer-sml-layout":"","theme-transparent-header-meta":"default","adv-header-id-meta":"","stick-header-meta":"","header-above-stick-meta":"","header-main-stick-meta":"","header-below-stick-meta":"","astra-migrate-meta-layouts":"set","ast-page-background-enabled":"default","ast-page-background-meta":{"desktop":{"background-color":"","background-image":"","background-repeat":"repeat","background-position":"center center","background-size":"auto","background-attachment":"scroll","background-type":"","background-media":"","overlay-type":"","overlay-color":"","overlay-opacity":"","overlay-gradient":""},"tablet":{"background-color":"","background-image":"","background-repeat":"repeat","background-position":"center center","background-size":"auto","background-attachment":"scroll","background-type":"","background-media":"","overlay-type":"","overlay-color":"","overlay-opacity":"","overlay-gradient":""},"mobile":{"background-color":"","background-image":"","background-repeat":"repeat","background-position":"center center","background-size":"auto","background-attachment":"scroll","background-type":"","background-media":"","overlay-type":"","overlay-color":"","overlay-opacity":"","overlay-gradient":""}},"ast-content-background-meta":{"desktop":{"background-color":"var(--ast-global-color-5)","background-image":"","background-repeat":"repeat","background-position":"center center","background-size":"auto","background-attachment":"scroll","background-type":"","background-media":"","overlay-type":"","overlay-color":"","overlay-opacity":"","overlay-gradient":""},"tablet":{"background-color":"var(--ast-global-color-5)","background-image":"","background-repeat":"repeat","background-position":"center center","background-size":"auto","background-attachment":"scroll","background-type":"","background-media":"","overlay-type":"","overlay-color":"","overlay-opacity":"","overlay-gradient":""},"mobile":{"background-color":"var(--ast-global-color-5)","background-image":"","background-repeat":"repeat","background-position":"center center","background-size":"auto","background-attachment":"scroll","background-type":"","background-media":"","overlay-type":"","overlay-color":"","overlay-opacity":"","overlay-gradient":""}},"footnotes":""},"class_list":["post-56025","page","type-page","status-publish","hentry"],"yoast_head":"<!-- This site is optimized with the Yoast SEO plugin v25.3.1 - https:\/\/yoast.com\/wordpress\/plugins\/seo\/ -->\n<title>Politique D&#039;utilisation -<\/title>\n<meta name=\"robots\" content=\"index, follow, max-snippet:-1, max-image-preview:large, max-video-preview:-1\" \/>\n<link rel=\"canonical\" href=\"https:\/\/cliniccenter.co.uk\/fr\/politique-dutilisation\/\" \/>\n<meta property=\"og:locale\" content=\"fr_FR\" \/>\n<meta property=\"og:type\" content=\"article\" \/>\n<meta property=\"og:title\" content=\"Politique D&#039;utilisation -\" \/>\n<meta property=\"og:description\" content=\"Ce site est mis en ligne sous r\u00e9serve de l&rsquo;acceptation par l&rsquo;internaute des conditions suivantes. Tout internaute qui utilise le site www.cliniccenter.co.uk est r\u00e9put\u00e9 accepter ces conditions. Droits d&rsquo;auteur Tous les droits du site www.cliniccenter.co.uk appartiennent \u00e0 Clinic Center. Tous les produits logiciels, \u00e9crits, articles, photos, images, documents et ce type de propri\u00e9t\u00e9 intellectuelle qui [&hellip;]\" \/>\n<meta property=\"og:url\" content=\"https:\/\/cliniccenter.co.uk\/fr\/politique-dutilisation\/\" \/>\n<meta property=\"article:publisher\" content=\"https:\/\/www.facebook.com\/cliniccenter.co.uk\/\" \/>\n<meta property=\"article:modified_time\" content=\"2024-10-18T12:36:42+00:00\" \/>\n<meta name=\"twitter:card\" content=\"summary_large_image\" \/>\n<meta name=\"twitter:site\" content=\"@cliniccenteruk\" \/>\n<meta name=\"twitter:label1\" content=\"Dur\u00e9e de lecture estim\u00e9e\" \/>\n\t<meta name=\"twitter:data1\" content=\"4 minutes\" \/>\n<!-- \/ Yoast SEO plugin. -->","yoast_head_json":{"title":"Politique D'utilisation -","robots":{"index":"index","follow":"follow","max-snippet":"max-snippet:-1","max-image-preview":"max-image-preview:large","max-video-preview":"max-video-preview:-1"},"canonical":"https:\/\/cliniccenter.co.uk\/fr\/politique-dutilisation\/","og_locale":"fr_FR","og_type":"article","og_title":"Politique D'utilisation -","og_description":"Ce site est mis en ligne sous r\u00e9serve de l&rsquo;acceptation par l&rsquo;internaute des conditions suivantes. Tout internaute qui utilise le site www.cliniccenter.co.uk est r\u00e9put\u00e9 accepter ces conditions. Droits d&rsquo;auteur Tous les droits du site www.cliniccenter.co.uk appartiennent \u00e0 Clinic Center. Tous les produits logiciels, \u00e9crits, articles, photos, images, documents et ce type de propri\u00e9t\u00e9 intellectuelle qui [&hellip;]","og_url":"https:\/\/cliniccenter.co.uk\/fr\/politique-dutilisation\/","article_publisher":"https:\/\/www.facebook.com\/cliniccenter.co.uk\/","article_modified_time":"2024-10-18T12:36:42+00:00","twitter_card":"summary_large_image","twitter_site":"@cliniccenteruk","twitter_misc":{"Dur\u00e9e de lecture estim\u00e9e":"4 minutes"},"schema":{"@context":"https:\/\/schema.org","@graph":[{"@type":"WebPage","@id":"https:\/\/cliniccenter.co.uk\/fr\/politique-dutilisation\/","url":"https:\/\/cliniccenter.co.uk\/fr\/politique-dutilisation\/","name":"Politique D'utilisation -","isPartOf":{"@id":"https:\/\/cliniccenter.co.uk\/ro\/#website"},"datePublished":"2018-02-26T06:54:23+00:00","dateModified":"2024-10-18T12:36:42+00:00","breadcrumb":{"@id":"https:\/\/cliniccenter.co.uk\/fr\/politique-dutilisation\/#breadcrumb"},"inLanguage":"fr-FR","potentialAction":[{"@type":"ReadAction","target":["https:\/\/cliniccenter.co.uk\/fr\/politique-dutilisation\/"]}]},{"@type":"BreadcrumbList","@id":"https:\/\/cliniccenter.co.uk\/fr\/politique-dutilisation\/#breadcrumb","itemListElement":[{"@type":"ListItem","position":1,"name":"Home","item":"https:\/\/cliniccenter.co.uk\/fr\/"},{"@type":"ListItem","position":2,"name":"Politique D&rsquo;utilisation"}]},{"@type":"WebSite","@id":"https:\/\/cliniccenter.co.uk\/ro\/#website","url":"https:\/\/cliniccenter.co.uk\/ro\/","name":"","description":"","potentialAction":[{"@type":"SearchAction","target":{"@type":"EntryPoint","urlTemplate":"https:\/\/cliniccenter.co.uk\/ro\/?s={search_term_string}"},"query-input":{"@type":"PropertyValueSpecification","valueRequired":true,"valueName":"search_term_string"}}],"inLanguage":"fr-FR"}]}},"uagb_featured_image_src":{"full":false,"thumbnail":false,"medium":false,"medium_large":false,"large":false,"1536x1536":false,"2048x2048":false},"uagb_author_info":{"display_name":"Sertac Ceki","author_link":"https:\/\/cliniccenter.co.uk\/fr\/blog\/author\/sertaccliniccenter-co-uk\/"},"uagb_comment_info":0,"uagb_excerpt":"Ce site est mis en ligne sous r\u00e9serve de l&rsquo;acceptation par l&rsquo;internaute des conditions suivantes. Tout internaute qui utilise le site www.cliniccenter.co.uk est r\u00e9put\u00e9 accepter ces conditions. Droits d&rsquo;auteur Tous les droits du site www.cliniccenter.co.uk appartiennent \u00e0 Clinic Center. Tous les produits logiciels, \u00e9crits, articles, photos, images, documents et ce type de propri\u00e9t\u00e9 intellectuelle qui\u2026","_links":{"self":[{"href":"https:\/\/cliniccenter.co.uk\/fr\/wp-json\/wp\/v2\/pages\/56025"}],"collection":[{"href":"https:\/\/cliniccenter.co.uk\/fr\/wp-json\/wp\/v2\/pages"}],"about":[{"href":"https:\/\/cliniccenter.co.uk\/fr\/wp-json\/wp\/v2\/types\/page"}],"author":[{"embeddable":true,"href":"https:\/\/cliniccenter.co.uk\/fr\/wp-json\/wp\/v2\/users\/2"}],"replies":[{"embeddable":true,"href":"https:\/\/cliniccenter.co.uk\/fr\/wp-json\/wp\/v2\/comments?post=56025"}],"version-history":[{"count":1,"href":"https:\/\/cliniccenter.co.uk\/fr\/wp-json\/wp\/v2\/pages\/56025\/revisions"}],"predecessor-version":[{"id":56028,"href":"https:\/\/cliniccenter.co.uk\/fr\/wp-json\/wp\/v2\/pages\/56025\/revisions\/56028"}],"wp:attachment":[{"href":"https:\/\/cliniccenter.co.uk\/fr\/wp-json\/wp\/v2\/media?parent=56025"}],"curies":[{"name":"wp","href":"https:\/\/api.w.org\/{rel}","templated":true}]}}