{"id":56029,"date":"2018-02-26T06:58:47","date_gmt":"2018-02-26T06:58:47","guid":{"rendered":"https:\/\/cliniccenter.co.uk\/consumer-rights\/"},"modified":"2024-10-18T12:43:28","modified_gmt":"2024-10-18T12:43:28","slug":"droits-des-consommateur","status":"publish","type":"page","link":"https:\/\/cliniccenter.co.uk\/fr\/droits-des-consommateur\/","title":{"rendered":"Droits du Consommateur"},"content":{"rendered":"<h1>DROITS DU CONSOMMATEUR \u2013 R\u00c9TRACTATION \u2013 ANNULATION \u2013 CONDITIONS DE REMBOURSEMENT<\/h1>\n<h2><span class=\"ez-toc-section\" id=\"GENERAL\"><\/span>G\u00c9N\u00c9RAL:<span class=\"ez-toc-section-end\"><\/span><\/h2>\n<ol>\n<li style=\"font-weight: 400;\">Si vous achetez un service par voie \u00e9lectronique sur le site Web que vous utilisez, vous serez r\u00e9put\u00e9 accepter le contrat de service qui vous est pr\u00e9sent\u00e9.<br \/>\n2. Les acheteurs sont responsables des dispositions de la loi sur la protection des consommateurs n\u00b0 6502 et du r\u00e8glement sur les contrats \u00e0 distance (RG:27.11.2014\/29188) et des autres lois applicables concernant le service qu&rsquo;ils ach\u00e8tent.<br \/>\n3. Chaque service est ex\u00e9cut\u00e9 \u00e0 la date convenue entre l&rsquo;acheteur et le vendeur. L&rsquo;acheteur peut r\u00e9silier le contrat si le service n&rsquo;est pas ex\u00e9cut\u00e9 \u00e0 la date convenue.<br \/>\n4. Le service achet\u00e9 doit \u00eatre ex\u00e9cut\u00e9 dans son int\u00e9gralit\u00e9 et conform\u00e9ment au contenu du service indiqu\u00e9 dans le bon de commande.<br \/>\n5. Si le service achet\u00e9 n&rsquo;est plus vendable, le vendeur est tenu d&rsquo;en informer l&rsquo;acheteur par \u00e9crit d\u00e8s qu&rsquo;il en prend connaissance et doit lui proposer un service alternatif, identique ou \u00e0 de meilleures conditions. Si l&rsquo;acheteur refuse de b\u00e9n\u00e9ficier du service alternatif, il peut obtenir un remboursement sans aucune raison. Le Vendeur est tenu de rembourser \u00e0 la fin du mois au cours duquel la demande de remboursement est \u00e9mise.<\/li>\n<\/ol>\n<h2><span class=\"ez-toc-section\" id=\"EN_CAS_DE_NON-PAIEMENT_DES_FRAIS_DE_SERVICE_ACHETES\"><\/span>EN CAS DE NON-PAIEMENT DES FRAIS DE SERVICE ACHET\u00c9S<span class=\"ez-toc-section-end\"><\/span><\/h2>\n<ol start=\"6\">\n<li style=\"font-weight: 400;\">Dans le cas o\u00f9 l&rsquo;Acheteur ne paie pas les frais de service ou n&rsquo;annule pas les paiements bancaires, l&rsquo;obligation du Vendeur d&rsquo;ex\u00e9cuter le service sera r\u00e9sili\u00e9e.<\/li>\n<\/ol>\n<h2><span class=\"ez-toc-section\" id=\"LES_ACHATS_EFFECTUES_AVEC_UNE_UTILISATION_NON_AUTORISEE_DE_LA_CARTE_DE_CREDIT\"><\/span>LES ACHATS EFFECTU\u00c9S AVEC UNE UTILISATION NON AUTORIS\u00c9E DE LA CARTE DE CR\u00c9DIT<span class=\"ez-toc-section-end\"><\/span><\/h2>\n<ol start=\"7\">\n<li style=\"font-weight: 400;\">Dans le cas o\u00f9, apr\u00e8s l&rsquo;ex\u00e9cution du service, la carte de cr\u00e9dit utilis\u00e9e par l&rsquo;Acheteur pour payer est d\u00e9termin\u00e9e comme \u00e9tant utilis\u00e9e par des personnes non autoris\u00e9es de mani\u00e8re injuste et les frais de service ne sont pas pay\u00e9s au Vendeur par la banque ou l&rsquo;institution financi\u00e8re concern\u00e9e, l&rsquo;Acheteur accepte de payer les frais de service avec une autre carte de cr\u00e9dit\/bancaire ou par mandat postal dans les 3 jours.<\/li>\n<\/ol>\n<h2><span class=\"ez-toc-section\" id=\"AU_CAS_OU_LE_SERVICE_NE_PEUT_PAS_ETRE_FOURNI_A_LHEURE_CONVENUE\"><\/span>AU CAS O\u00d9 LE SERVICE NE PEUT PAS \u00caTRE FOURNI \u00c0 L&rsquo;HEURE CONVENUE<span class=\"ez-toc-section-end\"><\/span><\/h2>\n<ol start=\"8\">\n<li style=\"font-weight: 400;\">En cas de force majeure impr\u00e9visible du Vendeur et de non-ex\u00e9cution du service dans les d\u00e9lais convenus, l&rsquo;Acheteur est inform\u00e9 de cette situation. L&rsquo;Acheteur peut demander l&rsquo;annulation du service, le remplacement du service par un service similaire ou le report du service jusqu&rsquo;\u00e0 ce que le cas de force majeure soit r\u00e9solu. Si l&rsquo;acheteur annule le service pour ces raisons, s&rsquo;il a pay\u00e9 le service en esp\u00e8ces, il sera pay\u00e9 en esp\u00e8ces \u00e0 la fin du mois au cours duquel la demande d&rsquo;annulation est \u00e9mise. S&rsquo;il annule le service et a pay\u00e9 par carte de cr\u00e9dit, le montant est rembours\u00e9 \u00e0 la banque \u00e0 la fin du mois au cours duquel la demande d&rsquo;annulation est \u00e9mise, mais il est possible pour la banque de transf\u00e9rer le montant sur le compte de l&rsquo;Acheteur dans un d\u00e9lai de 2 \u00e0 3 semaines.<\/li>\n<\/ol>\n<h2><span class=\"ez-toc-section\" id=\"RESPONSABILITE_DE_LACHETEUR_EN_MATIERE_DE_CONTROLE_DU_SERVICE\"><\/span>RESPONSABILIT\u00c9 DE L&rsquo;ACHETEUR EN MATI\u00c8RE DE CONTR\u00d4LE DU SERVICE<span class=\"ez-toc-section-end\"><\/span><\/h2>\n<ol start=\"9\">\n<li style=\"font-weight: 400;\">Lors de la pr\u00e9sentation du service contractuel, l&rsquo;Acheteur v\u00e9rifiera en premier lieu si le service est conforme \u00e0 celui promis ou non. L&rsquo;Acheteur acceptera la pr\u00e9sentation et l&rsquo;ach\u00e8vement du service et s&rsquo;assurera que le service pr\u00e9sent\u00e9 est irr\u00e9prochable et complet.<\/li>\n<\/ol>\n<h2><span class=\"ez-toc-section\" id=\"DROIT_DE_RETRACTATION\"><\/span>DROIT DE R\u00c9TRACTATION<span class=\"ez-toc-section-end\"><\/span><\/h2>\n<ol start=\"10\">\n<li style=\"font-weight: 400;\">L&rsquo;ACHETEUR peut obtenir un remboursement complet jusqu&rsquo;\u00e0 un mois avant la pr\u00e9sentation du service tant qu&rsquo;il ne l&rsquo;a pas achet\u00e9 avec une offre sp\u00e9ciale. Dans le cas o\u00f9 il y a moins d&rsquo;un mois avant la pr\u00e9sentation du service, aucun remboursement ne sera effectu\u00e9. De m\u00eame, dans le cas o\u00f9 l&rsquo;Acheteur a achet\u00e9 le service avec une promotion, moins cher que les prix normaux indiqu\u00e9s sur le site Web, aucun remboursement ne sera effectu\u00e9, quel que soit le montant d\u00fb.<br \/>\nL&rsquo;Acheteur doit uniquement envoyer un e-mail \u00e0 info@cliniccenter.co.uk pour utiliser le droit de r\u00e9tractation.<\/li>\n<\/ol>\n<h2><span class=\"ez-toc-section\" id=\"CONDITIONS_DE_REMBOURSEMENT\"><\/span>CONDITIONS DE REMBOURSEMENT<span class=\"ez-toc-section-end\"><\/span><\/h2>\n<ol start=\"11\">\n<li style=\"font-weight: 400;\">Le vendeur est tenu de rembourser le montant \u00e0 l&rsquo;ACHETEUR au plus tard \u00e0 la fin du mois au cours duquel la demande de remboursement est \u00e9mise.<br \/>\n12. Dans le cas o\u00f9 le remboursement est impossible du fait de l&rsquo;ACHETEUR, l&rsquo;ACHETEUR est tenu de compenser la perte du VENDEUR dans le cadre de sa faute.<br \/>\n13. Dans le cas o\u00f9, en raison de l&rsquo;utilisation du droit de r\u00e9tractation, le montant de la promotion organis\u00e9e par le VENDEUR tombe en dessous du montant de la promotion, le taux de remise est annul\u00e9.<\/li>\n<\/ol>\n<h2><span class=\"ez-toc-section\" id=\"DEFAUT_ET_CONSEQUENCES_JURIDIQUES\"><\/span>D\u00c9FAUT ET CONS\u00c9QUENCES JURIDIQUES<span class=\"ez-toc-section-end\"><\/span><\/h2>\n<ol start=\"14\">\n<li style=\"font-weight: 400;\">Dans le cas o\u00f9 l&rsquo;ACHETEUR a effectu\u00e9 les proc\u00e9dures de paiement par carte de cr\u00e9dit et se trouve en d\u00e9faut de paiement, l&rsquo;ACHETEUR accepte, d\u00e9clare et s&rsquo;engage \u00e0 payer les int\u00e9r\u00eats dans le cadre de l&rsquo;accord entre la banque de la carte de cr\u00e9dit et lui et \u00e0 \u00eatre tenu responsable envers la banque. Dans ce cas, la banque concern\u00e9e peut intenter une action en justice, peut exiger de l&rsquo;ACHETEUR les frais \u00e0 engager et les honoraires d&rsquo;avocat. Dans le cas o\u00f9 l&rsquo;ACHETEUR se trouve en d\u00e9faut de paiement en raison de dettes, l&rsquo;ACHETEUR accepte, dans tous les cas, de payer les dommages et pertes caus\u00e9s au VENDEUR en raison du retard dans l&rsquo;ex\u00e9cution de la dette.<\/li>\n<\/ol>\n<h2><span class=\"ez-toc-section\" id=\"PAIEMENT\"><\/span>PA\u0130EMENT<span class=\"ez-toc-section-end\"><\/span><\/h2>\n<ol start=\"15\">\n<li style=\"font-weight: 400;\">Vous pouvez payer n&rsquo;importe lequel de nos comptes bancaires en effectuant un virement bancaire ou un transfert \u00e9lectronique de fonds.<br \/>\n16. Vous pouvez payer en ligne avec n&rsquo;importe quel type de carte de cr\u00e9dit ou de carte bancaire sur notre site Web. Dans vos paiements en ligne, le montant sera pr\u00e9lev\u00e9 sur vos cartes de cr\u00e9dit \u00e0 la fin de la commande.<\/li>\n<\/ol>\n","protected":false},"excerpt":{"rendered":"<p>DROITS DU CONSOMMATEUR \u2013 R\u00c9TRACTATION \u2013 ANNULATION \u2013 CONDITIONS DE REMBOURSEMENT G\u00c9N\u00c9RAL: Si vous achetez un service par voie \u00e9lectronique sur le site Web que vous utilisez, vous serez r\u00e9put\u00e9 accepter le contrat de service qui vous est pr\u00e9sent\u00e9. 2. Les acheteurs sont responsables des dispositions de la loi sur la protection des consommateurs n\u00b0 [&hellip;]<\/p>\n","protected":false},"author":2,"featured_media":0,"parent":0,"menu_order":0,"comment_status":"closed","ping_status":"closed","template":"","meta":{"_uag_custom_page_level_css":"","_lmt_disableupdate":"no","_lmt_disable":"","site-sidebar-layout":"default","site-content-layout":"default","ast-site-content-layout":"default","site-content-style":"default","site-sidebar-style":"default","ast-global-header-display":"","ast-banner-title-visibility":"","ast-main-header-display":"","ast-hfb-above-header-display":"","ast-hfb-below-header-display":"","ast-hfb-mobile-header-display":"","site-post-title":"disabled","ast-breadcrumbs-content":"","ast-featured-img":"","footer-sml-layout":"","theme-transparent-header-meta":"default","adv-header-id-meta":"","stick-header-meta":"","header-above-stick-meta":"","header-main-stick-meta":"","header-below-stick-meta":"","astra-migrate-meta-layouts":"set","ast-page-background-enabled":"default","ast-page-background-meta":{"desktop":{"background-color":"","background-image":"","background-repeat":"repeat","background-position":"center center","background-size":"auto","background-attachment":"scroll","background-type":"","background-media":"","overlay-type":"","overlay-color":"","overlay-opacity":"","overlay-gradient":""},"tablet":{"background-color":"","background-image":"","background-repeat":"repeat","background-position":"center center","background-size":"auto","background-attachment":"scroll","background-type":"","background-media":"","overlay-type":"","overlay-color":"","overlay-opacity":"","overlay-gradient":""},"mobile":{"background-color":"","background-image":"","background-repeat":"repeat","background-position":"center center","background-size":"auto","background-attachment":"scroll","background-type":"","background-media":"","overlay-type":"","overlay-color":"","overlay-opacity":"","overlay-gradient":""}},"ast-content-background-meta":{"desktop":{"background-color":"var(--ast-global-color-5)","background-image":"","background-repeat":"repeat","background-position":"center center","background-size":"auto","background-attachment":"scroll","background-type":"","background-media":"","overlay-type":"","overlay-color":"","overlay-opacity":"","overlay-gradient":""},"tablet":{"background-color":"var(--ast-global-color-5)","background-image":"","background-repeat":"repeat","background-position":"center center","background-size":"auto","background-attachment":"scroll","background-type":"","background-media":"","overlay-type":"","overlay-color":"","overlay-opacity":"","overlay-gradient":""},"mobile":{"background-color":"var(--ast-global-color-5)","background-image":"","background-repeat":"repeat","background-position":"center center","background-size":"auto","background-attachment":"scroll","background-type":"","background-media":"","overlay-type":"","overlay-color":"","overlay-opacity":"","overlay-gradient":""}},"footnotes":""},"class_list":["post-56029","page","type-page","status-publish","hentry"],"yoast_head":"<!-- This site is optimized with the Yoast SEO plugin v25.3.1 - https:\/\/yoast.com\/wordpress\/plugins\/seo\/ -->\n<title>Droits du Consommateur -<\/title>\n<meta name=\"robots\" content=\"index, follow, max-snippet:-1, max-image-preview:large, max-video-preview:-1\" \/>\n<link rel=\"canonical\" href=\"https:\/\/cliniccenter.co.uk\/fr\/droits-des-consommateur\/\" \/>\n<meta property=\"og:locale\" content=\"fr_FR\" \/>\n<meta property=\"og:type\" content=\"article\" \/>\n<meta property=\"og:title\" content=\"Droits du Consommateur -\" \/>\n<meta property=\"og:description\" content=\"DROITS DU CONSOMMATEUR \u2013 R\u00c9TRACTATION \u2013 ANNULATION \u2013 CONDITIONS DE REMBOURSEMENT G\u00c9N\u00c9RAL: Si vous achetez un service par voie \u00e9lectronique sur le site Web que vous utilisez, vous serez r\u00e9put\u00e9 accepter le contrat de service qui vous est pr\u00e9sent\u00e9. 2. Les acheteurs sont responsables des dispositions de la loi sur la protection des consommateurs n\u00b0 [&hellip;]\" \/>\n<meta property=\"og:url\" content=\"https:\/\/cliniccenter.co.uk\/fr\/droits-des-consommateur\/\" \/>\n<meta property=\"article:publisher\" content=\"https:\/\/www.facebook.com\/cliniccenter.co.uk\/\" \/>\n<meta property=\"article:modified_time\" content=\"2024-10-18T12:43:28+00:00\" \/>\n<meta name=\"twitter:card\" content=\"summary_large_image\" \/>\n<meta name=\"twitter:site\" content=\"@cliniccenteruk\" \/>\n<meta name=\"twitter:label1\" content=\"Dur\u00e9e de lecture estim\u00e9e\" \/>\n\t<meta name=\"twitter:data1\" content=\"4 minutes\" \/>\n<!-- \/ Yoast SEO plugin. -->","yoast_head_json":{"title":"Droits du Consommateur -","robots":{"index":"index","follow":"follow","max-snippet":"max-snippet:-1","max-image-preview":"max-image-preview:large","max-video-preview":"max-video-preview:-1"},"canonical":"https:\/\/cliniccenter.co.uk\/fr\/droits-des-consommateur\/","og_locale":"fr_FR","og_type":"article","og_title":"Droits du Consommateur -","og_description":"DROITS DU CONSOMMATEUR \u2013 R\u00c9TRACTATION \u2013 ANNULATION \u2013 CONDITIONS DE REMBOURSEMENT G\u00c9N\u00c9RAL: Si vous achetez un service par voie \u00e9lectronique sur le site Web que vous utilisez, vous serez r\u00e9put\u00e9 accepter le contrat de service qui vous est pr\u00e9sent\u00e9. 2. Les acheteurs sont responsables des dispositions de la loi sur la protection des consommateurs n\u00b0 [&hellip;]","og_url":"https:\/\/cliniccenter.co.uk\/fr\/droits-des-consommateur\/","article_publisher":"https:\/\/www.facebook.com\/cliniccenter.co.uk\/","article_modified_time":"2024-10-18T12:43:28+00:00","twitter_card":"summary_large_image","twitter_site":"@cliniccenteruk","twitter_misc":{"Dur\u00e9e de lecture estim\u00e9e":"4 minutes"},"schema":{"@context":"https:\/\/schema.org","@graph":[{"@type":"WebPage","@id":"https:\/\/cliniccenter.co.uk\/fr\/droits-des-consommateur\/","url":"https:\/\/cliniccenter.co.uk\/fr\/droits-des-consommateur\/","name":"Droits du Consommateur -","isPartOf":{"@id":"https:\/\/cliniccenter.co.uk\/ro\/#website"},"datePublished":"2018-02-26T06:58:47+00:00","dateModified":"2024-10-18T12:43:28+00:00","breadcrumb":{"@id":"https:\/\/cliniccenter.co.uk\/fr\/droits-des-consommateur\/#breadcrumb"},"inLanguage":"fr-FR","potentialAction":[{"@type":"ReadAction","target":["https:\/\/cliniccenter.co.uk\/fr\/droits-des-consommateur\/"]}]},{"@type":"BreadcrumbList","@id":"https:\/\/cliniccenter.co.uk\/fr\/droits-des-consommateur\/#breadcrumb","itemListElement":[{"@type":"ListItem","position":1,"name":"Home","item":"https:\/\/cliniccenter.co.uk\/fr\/"},{"@type":"ListItem","position":2,"name":"Droits du Consommateur"}]},{"@type":"WebSite","@id":"https:\/\/cliniccenter.co.uk\/ro\/#website","url":"https:\/\/cliniccenter.co.uk\/ro\/","name":"","description":"","potentialAction":[{"@type":"SearchAction","target":{"@type":"EntryPoint","urlTemplate":"https:\/\/cliniccenter.co.uk\/ro\/?s={search_term_string}"},"query-input":{"@type":"PropertyValueSpecification","valueRequired":true,"valueName":"search_term_string"}}],"inLanguage":"fr-FR"}]}},"uagb_featured_image_src":{"full":false,"thumbnail":false,"medium":false,"medium_large":false,"large":false,"1536x1536":false,"2048x2048":false},"uagb_author_info":{"display_name":"Sertac Ceki","author_link":"https:\/\/cliniccenter.co.uk\/fr\/blog\/author\/sertaccliniccenter-co-uk\/"},"uagb_comment_info":0,"uagb_excerpt":"DROITS DU CONSOMMATEUR \u2013 R\u00c9TRACTATION \u2013 ANNULATION \u2013 CONDITIONS DE REMBOURSEMENT G\u00c9N\u00c9RAL: Si vous achetez un service par voie \u00e9lectronique sur le site Web que vous utilisez, vous serez r\u00e9put\u00e9 accepter le contrat de service qui vous est pr\u00e9sent\u00e9. 2. Les acheteurs sont responsables des dispositions de la loi sur la protection des consommateurs n\u00b0\u2026","_links":{"self":[{"href":"https:\/\/cliniccenter.co.uk\/fr\/wp-json\/wp\/v2\/pages\/56029"}],"collection":[{"href":"https:\/\/cliniccenter.co.uk\/fr\/wp-json\/wp\/v2\/pages"}],"about":[{"href":"https:\/\/cliniccenter.co.uk\/fr\/wp-json\/wp\/v2\/types\/page"}],"author":[{"embeddable":true,"href":"https:\/\/cliniccenter.co.uk\/fr\/wp-json\/wp\/v2\/users\/2"}],"replies":[{"embeddable":true,"href":"https:\/\/cliniccenter.co.uk\/fr\/wp-json\/wp\/v2\/comments?post=56029"}],"version-history":[{"count":1,"href":"https:\/\/cliniccenter.co.uk\/fr\/wp-json\/wp\/v2\/pages\/56029\/revisions"}],"predecessor-version":[{"id":56031,"href":"https:\/\/cliniccenter.co.uk\/fr\/wp-json\/wp\/v2\/pages\/56029\/revisions\/56031"}],"wp:attachment":[{"href":"https:\/\/cliniccenter.co.uk\/fr\/wp-json\/wp\/v2\/media?parent=56029"}],"curies":[{"name":"wp","href":"https:\/\/api.w.org\/{rel}","templated":true}]}}