{"id":56053,"date":"2023-07-25T10:59:18","date_gmt":"2023-07-25T10:59:18","guid":{"rendered":"https:\/\/cliniccenter.co.uk\/clinic-center-partner-clinics\/"},"modified":"2025-02-18T07:10:25","modified_gmt":"2025-02-18T07:10:25","slug":"cliniques-partenaires-clinic-center","status":"publish","type":"page","link":"https:\/\/cliniccenter.co.uk\/fr\/cliniques-partenaires-clinic-center\/","title":{"rendered":"Cliniques Partenaires du Centre Clinique"},"content":{"rendered":"\n<div class=\"wp-block-columns is-layout-flex wp-container-core-columns-is-layout-1 wp-block-columns-is-layout-flex\">\n<div class=\"wp-block-column is-layout-flow wp-block-column-is-layout-flow\" style=\"flex-basis:33.33%\">\n<figure class=\"wp-block-image size-full\"><img decoding=\"async\" width=\"500\" height=\"500\" src=\"https:\/\/cliniccenter.co.uk\/wp-content\/uploads\/2024\/02\/wise-and-smile-1.jpg\" alt=\"\" class=\"wp-image-50530\" srcset=\"https:\/\/cliniccenter.co.uk\/wp-content\/uploads\/2024\/02\/wise-and-smile-1.jpg 500w, https:\/\/cliniccenter.co.uk\/wp-content\/uploads\/2024\/02\/wise-and-smile-1-300x300.jpg 300w, https:\/\/cliniccenter.co.uk\/wp-content\/uploads\/2024\/02\/wise-and-smile-1-150x150.jpg 150w\" sizes=\"(max-width: 500px) 100vw, 500px\" \/><\/figure>\n<\/div>\n\n\n\n<div class=\"wp-block-column is-layout-flow wp-block-column-is-layout-flow\" style=\"flex-basis:66.66%\">\n<h2 class=\"wp-block-heading\"><span class=\"ez-toc-section\" id=\"Sage_et_Sourian\"><\/span>Sage et Sourian<span class=\"ez-toc-section-end\"><\/span><\/h2>\n\n\n\n<p>La clinique dentaire partenaire du centre clinique Wise and Smile a \u00e9t\u00e9 cr\u00e9\u00e9e avec la vision d&rsquo;offrir les meilleurs traitements les plus modernes en fonction de la technologie actuelle et des besoins des patients, tant en termes de personnel dentaire universitaire que des caract\u00e9ristiques physiques de la clinique. La clinique dentaire Wise and Smile effectue une centaine de traitements dentaires avec son personnel dentaire professionnel et exp\u00e9riment\u00e9, une approche globale, des m\u00e9thodes de diagnostic et de traitement modernes et des services ax\u00e9s sur les solutions.<\/p>\n\n\n\n<p>Situ\u00e9e \u00e0 Bayrakl\u0131, l&rsquo;endroit le plus populaire d&rsquo;Izmir, elle sert \u00e9galement les patients avec sa vaste zone de travail. Avec sa vision d&rsquo;\u00eatre une clinique dentaire innovante et internationale en am\u00e9liorant toujours la qualit\u00e9 de service, Wise and Smile met la satisfaction du patient comme une priorit\u00e9 et fournit toujours des soins dentaires avec excellence et confort.<\/p><div id=\"ez-toc-container\" class=\"ez-toc-v2_0_82_2 counter-hierarchy ez-toc-counter ez-toc-grey ez-toc-container-direction\">\n<div class=\"ez-toc-title-container\">\n<p class=\"ez-toc-title\" style=\"cursor:inherit\">Table of Contents<\/p>\n<span class=\"ez-toc-title-toggle\"><a href=\"#\" class=\"ez-toc-pull-right ez-toc-btn ez-toc-btn-xs ez-toc-btn-default ez-toc-toggle\" aria-label=\"Toggle Table of Content\"><span class=\"ez-toc-js-icon-con\"><span class=\"\"><span class=\"eztoc-hide\" style=\"display:none;\">Toggle<\/span><span class=\"ez-toc-icon-toggle-span\"><svg style=\"fill: #999;color:#999\" xmlns=\"http:\/\/www.w3.org\/2000\/svg\" class=\"list-377408\" width=\"20px\" height=\"20px\" viewBox=\"0 0 24 24\" fill=\"none\"><path d=\"M6 6H4v2h2V6zm14 0H8v2h12V6zM4 11h2v2H4v-2zm16 0H8v2h12v-2zM4 16h2v2H4v-2zm16 0H8v2h12v-2z\" fill=\"currentColor\"><\/path><\/svg><svg style=\"fill: #999;color:#999\" class=\"arrow-unsorted-368013\" xmlns=\"http:\/\/www.w3.org\/2000\/svg\" width=\"10px\" height=\"10px\" viewBox=\"0 0 24 24\" version=\"1.2\" baseProfile=\"tiny\"><path d=\"M18.2 9.3l-6.2-6.3-6.2 6.3c-.2.2-.3.4-.3.7s.1.5.3.7c.2.2.4.3.7.3h11c.3 0 .5-.1.7-.3.2-.2.3-.5.3-.7s-.1-.5-.3-.7zM5.8 14.7l6.2 6.3 6.2-6.3c.2-.2.3-.5.3-.7s-.1-.5-.3-.7c-.2-.2-.4-.3-.7-.3h-11c-.3 0-.5.1-.7.3-.2.2-.3.5-.3.7s.1.5.3.7z\"\/><\/svg><\/span><\/span><\/span><\/a><\/span><\/div>\n<nav><ul class='ez-toc-list ez-toc-list-level-1 ' ><li class='ez-toc-page-1 ez-toc-heading-level-2'><a class=\"ez-toc-link ez-toc-heading-1\" href=\"https:\/\/cliniccenter.co.uk\/fr\/cliniques-partenaires-clinic-center\/#Sage_et_Sourian\" >Sage et Sourian<\/a><\/li><li class='ez-toc-page-1 ez-toc-heading-level-2'><a class=\"ez-toc-link ez-toc-heading-2\" href=\"https:\/\/cliniccenter.co.uk\/fr\/cliniques-partenaires-clinic-center\/#Ephese_Dans_le_Monde\" >\u00c9ph\u00e8se Dans le Monde<\/a><\/li><li class='ez-toc-page-1 ez-toc-heading-level-2'><a class=\"ez-toc-link ez-toc-heading-3\" href=\"https:\/\/cliniccenter.co.uk\/fr\/cliniques-partenaires-clinic-center\/#Assoc_Prof_Dr_Daghan\" >Assoc. Prof. Dr. Da\u011fhan<\/a><\/li><li class='ez-toc-page-1 ez-toc-heading-level-2'><a class=\"ez-toc-link ez-toc-heading-4\" href=\"https:\/\/cliniccenter.co.uk\/fr\/cliniques-partenaires-clinic-center\/#Professeur_Dr_Aydin\" >Professeur Dr. Ayd\u0131n<\/a><\/li><li class='ez-toc-page-1 ez-toc-heading-level-2'><a class=\"ez-toc-link ez-toc-heading-5\" href=\"https:\/\/cliniccenter.co.uk\/fr\/cliniques-partenaires-clinic-center\/#Docteur_Cagri\" >Docteur Ca\u011fr\u0131<\/a><\/li><li class='ez-toc-page-1 ez-toc-heading-level-2'><a class=\"ez-toc-link ez-toc-heading-6\" href=\"https:\/\/cliniccenter.co.uk\/fr\/cliniques-partenaires-clinic-center\/#Docteur_Gungor\" >Docteur G\u00fcng\u00f6r<\/a><\/li><\/ul><\/nav><\/div>\n\n<\/div>\n<\/div>\n\n\n\n<div class=\"wp-block-columns is-layout-flex wp-container-core-columns-is-layout-2 wp-block-columns-is-layout-flex\">\n<div class=\"wp-block-column is-layout-flow wp-block-column-is-layout-flow\" style=\"flex-basis:66.66%\">\n<h2 class=\"wp-block-heading\"><span class=\"ez-toc-section\" id=\"Ephese_Dans_le_Monde\"><\/span>\u00c9ph\u00e8se Dans le Monde<span class=\"ez-toc-section-end\"><\/span><\/h2>\n\n\n\n<p>Avec sa clinique moderne situ\u00e9e \u00e0 \u0130zmir, Alsancak, la clinique dentaire partenaire du Clinic Center Ephesus Global a adopt\u00e9 le principe d&rsquo;accueillir les patients de la meilleure fa\u00e7on possible, de terminer leurs traitements dentaires dans les plus brefs d\u00e9lais et de la mani\u00e8re la plus id\u00e9ale et d&rsquo;obtenir une excellente satisfaction des patients.<\/p>\n\n\n\n<p>Disposant d&rsquo;un personnel dentaire hautement exp\u00e9riment\u00e9 et sp\u00e9cialis\u00e9 avec des \u00e9quipements de pointe, Ephesus propose divers traitements esth\u00e9tiques et m\u00e9dicaux avec des ann\u00e9es d&rsquo;exp\u00e9rience dans le domaine, ainsi que la tranquillit\u00e9 d&rsquo;esprit et la confiance des patients en mati\u00e8re d&rsquo;hygi\u00e8ne, de professionnalisme et de communication.<\/p>\n<\/div>\n\n\n\n<div class=\"wp-block-column is-layout-flow wp-block-column-is-layout-flow\" style=\"flex-basis:33.33%\">\n<figure class=\"wp-block-image size-full is-resized\"><img decoding=\"async\" width=\"500\" height=\"500\" src=\"https:\/\/cliniccenter.co.uk\/wp-content\/uploads\/2024\/02\/ephesus-dental-clinic-1.jpg\" alt=\"\" class=\"wp-image-50535\" style=\"width:352px;height:auto\" srcset=\"https:\/\/cliniccenter.co.uk\/wp-content\/uploads\/2024\/02\/ephesus-dental-clinic-1.jpg 500w, https:\/\/cliniccenter.co.uk\/wp-content\/uploads\/2024\/02\/ephesus-dental-clinic-1-300x300.jpg 300w, https:\/\/cliniccenter.co.uk\/wp-content\/uploads\/2024\/02\/ephesus-dental-clinic-1-150x150.jpg 150w\" sizes=\"(max-width: 500px) 100vw, 500px\" \/><\/figure>\n<\/div>\n<\/div>\n\n\n\n<div class=\"wp-block-columns is-layout-flex wp-container-core-columns-is-layout-3 wp-block-columns-is-layout-flex\">\n<div class=\"wp-block-column is-layout-flow wp-block-column-is-layout-flow\" style=\"flex-basis:33.33%\">\n<figure class=\"wp-block-image size-full\"><img decoding=\"async\" width=\"500\" height=\"500\" src=\"https:\/\/cliniccenter.co.uk\/wp-content\/uploads\/2024\/01\/daghan-isik-1.jpg\" alt=\"\" class=\"wp-image-50307\" srcset=\"https:\/\/cliniccenter.co.uk\/wp-content\/uploads\/2024\/01\/daghan-isik-1.jpg 500w, https:\/\/cliniccenter.co.uk\/wp-content\/uploads\/2024\/01\/daghan-isik-1-300x300.jpg 300w, https:\/\/cliniccenter.co.uk\/wp-content\/uploads\/2024\/01\/daghan-isik-1-150x150.jpg 150w\" sizes=\"(max-width: 500px) 100vw, 500px\" \/><\/figure>\n<\/div>\n\n\n\n<div class=\"wp-block-column is-layout-flow wp-block-column-is-layout-flow\" style=\"flex-basis:66.66%\">\n<h2 class=\"wp-block-heading\"><span class=\"ez-toc-section\" id=\"Assoc_Prof_Dr_Daghan\"><\/span>Assoc. Prof. Dr. Da\u011fhan <span class=\"ez-toc-section-end\"><\/span><\/h2>\n\n\n\n<p>Fran\u00e7ais Le docteur Daghan, partenaire du centre clinique, est un chirurgien plasticien, reconstructeur et esth\u00e9tique tr\u00e8s exp\u00e9riment\u00e9, dipl\u00f4m\u00e9 de la facult\u00e9 de m\u00e9decine de l&rsquo;universit\u00e9 Dokuz Eylul en 1999. Il a termin\u00e9 sa formation sp\u00e9cialis\u00e9e \u00e0 l&rsquo;universit\u00e9 de Gaziantep en 2005 et a servi \u00e0 Gaziantep jusqu&rsquo;en 2007. Le Dr Daghan a perfectionn\u00e9 ses comp\u00e9tences \u00e0 la clinique de chirurgie plastique de l&rsquo;universit\u00e9 d&rsquo;\u00c9tat de l&rsquo;Ohio en 2008. De 2008 \u00e0 2013, il a enseign\u00e9 \u00e0 l&rsquo;universit\u00e9 Van Yuzuncu Yil, devenant finalement chef du d\u00e9partement de chirurgie plastique, reconstructive et esth\u00e9tique. Il a obtenu le titre de professeur associ\u00e9 en 2012, sp\u00e9cialis\u00e9 en chirurgie maxillo-faciale. Par la suite, il a contribu\u00e9 \u00e0 la facult\u00e9 de m\u00e9decine de l&rsquo;universit\u00e9 Katip Celebi d&rsquo;Izmir de 2013 \u00e0 2016.<br><br>Le Dr Isik est affili\u00e9 \u00e0 l&rsquo;association turque de chirurgie plastique, reconstructive et esth\u00e9tique et \u00e0 l&rsquo;association m\u00e9dicale turque. Il a publi\u00e9 une soixantaine d&rsquo;articles internationaux et vingt articles nationaux. Le Dr Daghan  parle couramment l&rsquo;anglais et est tr\u00e8s appr\u00e9ci\u00e9 pour son expertise chirurgicale et ses comp\u00e9tences en communication. En tant que m\u00e9decin partenaire du Clinic Center, les patients b\u00e9n\u00e9ficient de sa vaste exp\u00e9rience et de ses r\u00e9alisations universitaires.<\/p>\n<\/div>\n<\/div>\n\n\n\n<div class=\"wp-block-columns is-layout-flex wp-container-core-columns-is-layout-4 wp-block-columns-is-layout-flex\">\n<div class=\"wp-block-column is-layout-flow wp-block-column-is-layout-flow\" style=\"flex-basis:66.66%\">\n<h2 class=\"wp-block-heading\"><span class=\"ez-toc-section\" id=\"Professeur_Dr_Aydin\"><\/span>Professeur Dr. Ayd\u0131n <span class=\"ez-toc-section-end\"><\/span><\/h2>\n\n\n\n<p>Le Dr Aydin est un chirurgien plasticien tr\u00e8s respect\u00e9 et r\u00e9put\u00e9 pour son expertise dans diverses proc\u00e9dures esth\u00e9tiques. Il a termin\u00e9 ses \u00e9tudes de m\u00e9decine \u00e0 la Facult\u00e9 de m\u00e9decine de l&rsquo;Universit\u00e9 Hacettepe en 1990 et s&rsquo;est sp\u00e9cialis\u00e9 en chirurgie plastique, reconstructive et esth\u00e9tique. Tout au long de sa carri\u00e8re, il a occup\u00e9 des postes dans des institutions prestigieuses en Turquie et \u00e0 l&rsquo;\u00e9tranger, notamment \u00e0 la Facult\u00e9 de m\u00e9decine de l&rsquo;Universit\u00e9 Fran\u00e7ois Rabelais (Tours, France) et \u00e0 l&rsquo;H\u00f4pital de Virginie Arlington (Washington DC). Le m\u00e9decin partenaire du Clinic Center, Aydin, poss\u00e8de une vaste exp\u00e9rience en microchirurgie et s&rsquo;est concentr\u00e9 sur les chirurgies mammaires, les chirurgies esth\u00e9tiques du visage, les proc\u00e9dures de modelage du corps, les chirurgies du nez et les chirurgies des paupi\u00e8res.<\/p>\n\n\n\n<p>Il est membre d&rsquo;organisations de premier plan telles que l&rsquo;ISAPS et participe activement aux r\u00e9unions pour se tenir au courant des derni\u00e8res techniques et avanc\u00e9es dans son domaine. Le Dr Aydin a jou\u00e9 un r\u00f4le essentiel dans la cr\u00e9ation du d\u00e9partement de chirurgie plastique, reconstructive et esth\u00e9tique de l&rsquo;Universit\u00e9 Okan d&rsquo;Istanbul. Les patients appr\u00e9cient ses excellentes comp\u00e9tences en communication et les r\u00e9sultats exceptionnels qu&rsquo;il obtient. Avec 28 ans d&rsquo;exp\u00e9rience, le Dr Aydin continue d&rsquo;\u00eatre une figure de proue dans le domaine de la chirurgie plastique, tant au niveau national qu&rsquo;international.<\/p>\n<\/div>\n\n\n\n<div class=\"wp-block-column is-layout-flow wp-block-column-is-layout-flow\" style=\"flex-basis:33.33%\">\n<figure class=\"wp-block-image size-full is-resized\"><img decoding=\"async\" width=\"500\" height=\"500\" src=\"https:\/\/cliniccenter.co.uk\/wp-content\/uploads\/2024\/01\/aydin-g_z_-1.jpg\" alt=\"\" class=\"wp-image-50279\" style=\"width:352px;height:auto\" srcset=\"https:\/\/cliniccenter.co.uk\/wp-content\/uploads\/2024\/01\/aydin-g_z_-1.jpg 500w, https:\/\/cliniccenter.co.uk\/wp-content\/uploads\/2024\/01\/aydin-g_z_-1-300x300.jpg 300w, https:\/\/cliniccenter.co.uk\/wp-content\/uploads\/2024\/01\/aydin-g_z_-1-150x150.jpg 150w\" sizes=\"(max-width: 500px) 100vw, 500px\" \/><\/figure>\n<\/div>\n<\/div>\n\n\n\n<div class=\"wp-block-columns is-layout-flex wp-container-core-columns-is-layout-5 wp-block-columns-is-layout-flex\">\n<div class=\"wp-block-column is-layout-flow wp-block-column-is-layout-flow\" style=\"flex-basis:33.33%\">\n<figure class=\"wp-block-image size-full\"><img decoding=\"async\" width=\"500\" height=\"500\" src=\"https:\/\/cliniccenter.co.uk\/wp-content\/uploads\/2024\/01\/cagri-sade-2-1.jpg\" alt=\"\" class=\"wp-image-50277\" srcset=\"https:\/\/cliniccenter.co.uk\/wp-content\/uploads\/2024\/01\/cagri-sade-2-1.jpg 500w, https:\/\/cliniccenter.co.uk\/wp-content\/uploads\/2024\/01\/cagri-sade-2-1-300x300.jpg 300w, https:\/\/cliniccenter.co.uk\/wp-content\/uploads\/2024\/01\/cagri-sade-2-1-150x150.jpg 150w\" sizes=\"(max-width: 500px) 100vw, 500px\" \/><\/figure>\n<\/div>\n\n\n\n<div class=\"wp-block-column is-layout-flow wp-block-column-is-layout-flow\" style=\"flex-basis:66.66%\">\n<h2 class=\"wp-block-heading\"><span class=\"ez-toc-section\" id=\"Docteur_Cagri\"><\/span>Docteur Ca\u011fr\u0131 <span class=\"ez-toc-section-end\"><\/span><\/h2>\n\n\n\n<p>Le Dr Cagri est un chirurgien plasticien et reconstructeur hautement exp\u00e9riment\u00e9, dipl\u00f4m\u00e9 de la Facult\u00e9 de m\u00e9decine de l&rsquo;Universit\u00e9 d&rsquo;Ankara en 1994. Il a termin\u00e9 sa r\u00e9sidence en 2001 dans un h\u00f4pital de formation et de recherche r\u00e9put\u00e9 \u00e0 Istanbul, en Turquie, o\u00f9 il a \u00e9t\u00e9 form\u00e9 aupr\u00e8s de personnalit\u00e9s \u00e9minentes du domaine. Le docteur Cagri , partenaire du Clinic Center, a approfondi son expertise en rejoignant le programme d&rsquo;observation du chirurgien plasticien am\u00e9ricain Dr Sherrell J. Aston en 2002. Il est ensuite devenu chirurgien \u00e0 l&rsquo;h\u00f4pital am\u00e9ricain d&rsquo;Istanbul. Avec plus de 18 ans d&rsquo;exp\u00e9rience, le Dr Cagri est sp\u00e9cialis\u00e9 dans les proc\u00e9dures esth\u00e9tiques et reconstructives chirurgicales et non chirurgicales pour les hommes et les femmes. Les patients appr\u00e9cient son approche amicale, ses comp\u00e9tences en communication efficaces et ses excellents r\u00e9sultats chirurgicaux constants.<\/p>\n<\/div>\n<\/div>\n\n\n\n<div class=\"wp-block-columns is-layout-flex wp-container-core-columns-is-layout-6 wp-block-columns-is-layout-flex\">\n<div class=\"wp-block-column is-layout-flow wp-block-column-is-layout-flow\" style=\"flex-basis:66.66%\">\n<h2 class=\"wp-block-heading\"><span class=\"ez-toc-section\" id=\"Docteur_Gungor\"><\/span>Docteur G\u00fcng\u00f6r <span class=\"ez-toc-section-end\"><\/span><\/h2>\n\n\n\n<p>Le Dr G\u00fcng\u00f6r est un sp\u00e9cialiste reconnu en chirurgie g\u00e9n\u00e9rale, partenaire du Clinic Center pour proposer des chirurgies gastriques de qualit\u00e9 sup\u00e9rieure. Dipl\u00f4m\u00e9 de la Facult\u00e9 de m\u00e9decine de l&rsquo;Universit\u00e9 de Marmara en 1998, il apporte \u00e0 sa pratique 24 ans d&rsquo;expertise m\u00e9dicale. Le Dr G\u00fcng\u00f6r accorde la priorit\u00e9 \u00e0 l&#8217;empathie dans les soins aux patients, estimant qu&rsquo;elle est essentielle \u00e0 la r\u00e9ussite des r\u00e9sultats chirurgicaux. Il a acquis la confiance et la relation avec les patients tout au long de sa carri\u00e8re, en travaillant dans divers h\u00f4pitaux avant d&rsquo;ouvrir son cabinet priv\u00e9.<\/p>\n\n\n\n<p>Les services du Dr G\u00fcng\u00f6r au Clinic Center sont ax\u00e9s sur les chirurgies gastriques, compl\u00e9t\u00e9s par son appartenance \u00e0 plusieurs organisations m\u00e9dicales nationales et internationales. Parlant couramment l&rsquo;anglais et l&rsquo;espagnol, il assure une communication efficace avec un large \u00e9ventail de patients.<\/p>\n<\/div>\n\n\n\n<div class=\"wp-block-column is-layout-flow wp-block-column-is-layout-flow\" style=\"flex-basis:33.33%\">\n<figure class=\"wp-block-image size-full is-resized\"><img decoding=\"async\" width=\"500\" height=\"500\" src=\"https:\/\/cliniccenter.co.uk\/wp-content\/uploads\/2024\/01\/gungor-gul.webp\" alt=\"\" class=\"wp-image-50216\" style=\"width:352px;height:auto\" srcset=\"https:\/\/cliniccenter.co.uk\/wp-content\/uploads\/2024\/01\/gungor-gul.webp 500w, https:\/\/cliniccenter.co.uk\/wp-content\/uploads\/2024\/01\/gungor-gul-300x300.webp 300w, https:\/\/cliniccenter.co.uk\/wp-content\/uploads\/2024\/01\/gungor-gul-150x150.webp 150w\" sizes=\"(max-width: 500px) 100vw, 500px\" \/><\/figure>\n<\/div>\n<\/div>\n\n\n\n<style>\n@media only screen and (max-width: 768px) {\nfigure.alignright.size-large.is-resized {\n    width: 100%;\n}\n\nfigure  img {\n    width: 100%;\n}\n}\n\n<\/style>\n<\/p>","protected":false},"excerpt":{"rendered":"<p>Sage et Sourian La clinique dentaire partenaire du centre clinique Wise and Smile a \u00e9t\u00e9 cr\u00e9\u00e9e avec la vision d&rsquo;offrir les meilleurs traitements les plus modernes en fonction de la technologie actuelle et des besoins des patients, tant en termes de personnel dentaire universitaire que des caract\u00e9ristiques physiques de la clinique. La clinique dentaire Wise [&hellip;]<\/p>\n","protected":false},"author":15,"featured_media":0,"parent":0,"menu_order":0,"comment_status":"closed","ping_status":"closed","template":"","meta":{"_uag_custom_page_level_css":"","_lmt_disableupdate":"","_lmt_disable":"","site-sidebar-layout":"default","site-content-layout":"default","ast-site-content-layout":"default","site-content-style":"default","site-sidebar-style":"default","ast-global-header-display":"","ast-banner-title-visibility":"","ast-main-header-display":"","ast-hfb-above-header-display":"","ast-hfb-below-header-display":"","ast-hfb-mobile-header-display":"","site-post-title":"","ast-breadcrumbs-content":"","ast-featured-img":"","footer-sml-layout":"","theme-transparent-header-meta":"default","adv-header-id-meta":"","stick-header-meta":"","header-above-stick-meta":"","header-main-stick-meta":"","header-below-stick-meta":"","astra-migrate-meta-layouts":"set","ast-page-background-enabled":"default","ast-page-background-meta":{"desktop":{"background-color":"","background-image":"","background-repeat":"repeat","background-position":"center center","background-size":"auto","background-attachment":"scroll","background-type":"","background-media":"","overlay-type":"","overlay-color":"","overlay-opacity":"","overlay-gradient":""},"tablet":{"background-color":"","background-image":"","background-repeat":"repeat","background-position":"center center","background-size":"auto","background-attachment":"scroll","background-type":"","background-media":"","overlay-type":"","overlay-color":"","overlay-opacity":"","overlay-gradient":""},"mobile":{"background-color":"","background-image":"","background-repeat":"repeat","background-position":"center center","background-size":"auto","background-attachment":"scroll","background-type":"","background-media":"","overlay-type":"","overlay-color":"","overlay-opacity":"","overlay-gradient":""}},"ast-content-background-meta":{"desktop":{"background-color":"var(--ast-global-color-5)","background-image":"","background-repeat":"repeat","background-position":"center center","background-size":"auto","background-attachment":"scroll","background-type":"","background-media":"","overlay-type":"","overlay-color":"","overlay-opacity":"","overlay-gradient":""},"tablet":{"background-color":"var(--ast-global-color-5)","background-image":"","background-repeat":"repeat","background-position":"center center","background-size":"auto","background-attachment":"scroll","background-type":"","background-media":"","overlay-type":"","overlay-color":"","overlay-opacity":"","overlay-gradient":""},"mobile":{"background-color":"var(--ast-global-color-5)","background-image":"","background-repeat":"repeat","background-position":"center center","background-size":"auto","background-attachment":"scroll","background-type":"","background-media":"","overlay-type":"","overlay-color":"","overlay-opacity":"","overlay-gradient":""}},"footnotes":""},"class_list":["post-56053","page","type-page","status-publish","hentry"],"yoast_head":"<!-- This site is optimized with the Yoast SEO plugin v25.3.1 - https:\/\/yoast.com\/wordpress\/plugins\/seo\/ -->\n<title>Clinic Center Partner Clinics<\/title>\n<meta name=\"description\" content=\"Clinic Center, Medical Tourism Company, partnered with medical clinics and doctors. Check out for more information.\" \/>\n<meta name=\"robots\" content=\"noindex, follow\" \/>\n<meta property=\"og:locale\" content=\"fr_FR\" \/>\n<meta property=\"og:type\" content=\"article\" \/>\n<meta property=\"og:title\" content=\"Clinic Center Partner Clinics\" \/>\n<meta property=\"og:description\" content=\"Clinic Center, Medical Tourism Company, partnered with medical clinics and doctors. Check out for more information.\" \/>\n<meta property=\"og:url\" content=\"https:\/\/cliniccenter.co.uk\/fr\/cliniques-partenaires-clinic-center\/\" \/>\n<meta property=\"article:publisher\" content=\"https:\/\/www.facebook.com\/cliniccenter.co.uk\/\" \/>\n<meta property=\"article:modified_time\" content=\"2025-02-18T07:10:25+00:00\" \/>\n<meta property=\"og:image\" content=\"https:\/\/cliniccenter.co.uk\/wp-content\/uploads\/2024\/02\/wise-and-smile-1.jpg\" \/>\n<meta name=\"twitter:card\" content=\"summary_large_image\" \/>\n<meta name=\"twitter:site\" content=\"@cliniccenteruk\" \/>\n<meta name=\"twitter:label1\" content=\"Dur\u00e9e de lecture estim\u00e9e\" \/>\n\t<meta name=\"twitter:data1\" content=\"6 minutes\" \/>\n<!-- \/ Yoast SEO plugin. -->","yoast_head_json":{"title":"Clinic Center Partner Clinics","description":"Clinic Center, Medical Tourism Company, partnered with medical clinics and doctors. Check out for more information.","robots":{"index":"noindex","follow":"follow"},"og_locale":"fr_FR","og_type":"article","og_title":"Clinic Center Partner Clinics","og_description":"Clinic Center, Medical Tourism Company, partnered with medical clinics and doctors. Check out for more information.","og_url":"https:\/\/cliniccenter.co.uk\/fr\/cliniques-partenaires-clinic-center\/","article_publisher":"https:\/\/www.facebook.com\/cliniccenter.co.uk\/","article_modified_time":"2025-02-18T07:10:25+00:00","og_image":[{"url":"https:\/\/cliniccenter.co.uk\/wp-content\/uploads\/2024\/02\/wise-and-smile-1.jpg","type":"","width":"","height":""}],"twitter_card":"summary_large_image","twitter_site":"@cliniccenteruk","twitter_misc":{"Dur\u00e9e de lecture estim\u00e9e":"6 minutes"},"schema":{"@context":"https:\/\/schema.org","@graph":[{"@type":"WebPage","@id":"https:\/\/cliniccenter.co.uk\/fr\/cliniques-partenaires-clinic-center\/","url":"https:\/\/cliniccenter.co.uk\/fr\/cliniques-partenaires-clinic-center\/","name":"Clinic Center Partner Clinics","isPartOf":{"@id":"https:\/\/cliniccenter.co.uk\/ro\/#website"},"primaryImageOfPage":{"@id":"https:\/\/cliniccenter.co.uk\/fr\/cliniques-partenaires-clinic-center\/#primaryimage"},"image":{"@id":"https:\/\/cliniccenter.co.uk\/fr\/cliniques-partenaires-clinic-center\/#primaryimage"},"thumbnailUrl":"https:\/\/cliniccenter.co.uk\/wp-content\/uploads\/2024\/02\/wise-and-smile-1.jpg","datePublished":"2023-07-25T10:59:18+00:00","dateModified":"2025-02-18T07:10:25+00:00","description":"Clinic Center, Medical Tourism Company, partnered with medical clinics and doctors. Check out for more information.","breadcrumb":{"@id":"https:\/\/cliniccenter.co.uk\/fr\/cliniques-partenaires-clinic-center\/#breadcrumb"},"inLanguage":"fr-FR","potentialAction":[{"@type":"ReadAction","target":["https:\/\/cliniccenter.co.uk\/fr\/cliniques-partenaires-clinic-center\/"]}]},{"@type":"ImageObject","inLanguage":"fr-FR","@id":"https:\/\/cliniccenter.co.uk\/fr\/cliniques-partenaires-clinic-center\/#primaryimage","url":"https:\/\/cliniccenter.co.uk\/wp-content\/uploads\/2024\/02\/wise-and-smile-1.jpg","contentUrl":"https:\/\/cliniccenter.co.uk\/wp-content\/uploads\/2024\/02\/wise-and-smile-1.jpg"},{"@type":"BreadcrumbList","@id":"https:\/\/cliniccenter.co.uk\/fr\/cliniques-partenaires-clinic-center\/#breadcrumb","itemListElement":[{"@type":"ListItem","position":1,"name":"Home","item":"https:\/\/cliniccenter.co.uk\/fr\/"},{"@type":"ListItem","position":2,"name":"Cliniques Partenaires du Centre Clinique"}]},{"@type":"WebSite","@id":"https:\/\/cliniccenter.co.uk\/ro\/#website","url":"https:\/\/cliniccenter.co.uk\/ro\/","name":"","description":"","potentialAction":[{"@type":"SearchAction","target":{"@type":"EntryPoint","urlTemplate":"https:\/\/cliniccenter.co.uk\/ro\/?s={search_term_string}"},"query-input":{"@type":"PropertyValueSpecification","valueRequired":true,"valueName":"search_term_string"}}],"inLanguage":"fr-FR"}]}},"uagb_featured_image_src":{"full":false,"thumbnail":false,"medium":false,"medium_large":false,"large":false,"1536x1536":false,"2048x2048":false},"uagb_author_info":{"display_name":"G\u00f6rkem G\u00fcng\u00f6r","author_link":"https:\/\/cliniccenter.co.uk\/fr\/blog\/author\/gorkem\/"},"uagb_comment_info":0,"uagb_excerpt":"Sage et Sourian La clinique dentaire partenaire du centre clinique Wise and Smile a \u00e9t\u00e9 cr\u00e9\u00e9e avec la vision d&rsquo;offrir les meilleurs traitements les plus modernes en fonction de la technologie actuelle et des besoins des patients, tant en termes de personnel dentaire universitaire que des caract\u00e9ristiques physiques de la clinique. La clinique dentaire Wise\u2026","_links":{"self":[{"href":"https:\/\/cliniccenter.co.uk\/fr\/wp-json\/wp\/v2\/pages\/56053"}],"collection":[{"href":"https:\/\/cliniccenter.co.uk\/fr\/wp-json\/wp\/v2\/pages"}],"about":[{"href":"https:\/\/cliniccenter.co.uk\/fr\/wp-json\/wp\/v2\/types\/page"}],"author":[{"embeddable":true,"href":"https:\/\/cliniccenter.co.uk\/fr\/wp-json\/wp\/v2\/users\/15"}],"replies":[{"embeddable":true,"href":"https:\/\/cliniccenter.co.uk\/fr\/wp-json\/wp\/v2\/comments?post=56053"}],"version-history":[{"count":5,"href":"https:\/\/cliniccenter.co.uk\/fr\/wp-json\/wp\/v2\/pages\/56053\/revisions"}],"predecessor-version":[{"id":59303,"href":"https:\/\/cliniccenter.co.uk\/fr\/wp-json\/wp\/v2\/pages\/56053\/revisions\/59303"}],"wp:attachment":[{"href":"https:\/\/cliniccenter.co.uk\/fr\/wp-json\/wp\/v2\/media?parent=56053"}],"curies":[{"name":"wp","href":"https:\/\/api.w.org\/{rel}","templated":true}]}}