{"id":56170,"date":"2015-08-14T06:43:08","date_gmt":"2015-08-14T06:43:08","guid":{"rendered":"https:\/\/cliniccenter.co.uk\/thank-you\/"},"modified":"2026-02-26T06:58:03","modified_gmt":"2026-02-26T06:58:03","slug":"merci","status":"publish","type":"page","link":"https:\/\/cliniccenter.co.uk\/fr\/merci\/","title":{"rendered":"Merci de nous avoir contact\u00e9"},"content":{"rendered":"\n<p><\/p>\n\n\n\n<p>Merci d&rsquo;avoir contact\u00e9 Clinic Center pour votre traitement en Turquie. <\/p>\n\n\n\n<p>Nous avons re\u00e7u votre demande et vous r\u00e9pondrons dans les 24 heures. <\/p>\n\n\n\n<p>Pour toute demande urgente, veuillez nous appeler au num\u00e9ro de t\u00e9l\u00e9phone ci-dessous\u00a0; +90 543 540 08 63<\/p>\n\n\n\n<p>L&rsquo;\u00e9quipe de Clinic Center<\/p>\n\n\n\n<p><\/p>\n","protected":false},"excerpt":{"rendered":"<p>Merci d&rsquo;avoir contact\u00e9 Clinic Center pour votre traitement en Turquie. Nous avons re\u00e7u votre demande et vous r\u00e9pondrons dans les 24 heures. Pour toute demande urgente, veuillez nous appeler au num\u00e9ro de t\u00e9l\u00e9phone ci-dessous\u00a0; +90 543 540 08 63 L&rsquo;\u00e9quipe de Clinic Center<\/p>\n","protected":false},"author":1,"featured_media":0,"parent":0,"menu_order":0,"comment_status":"closed","ping_status":"open","template":"","meta":{"_uag_custom_page_level_css":"","_lmt_disableupdate":"no","_lmt_disable":"yes","site-sidebar-layout":"default","site-content-layout":"default","ast-site-content-layout":"default","site-content-style":"default","site-sidebar-style":"default","ast-global-header-display":"","ast-banner-title-visibility":"","ast-main-header-display":"","ast-hfb-above-header-display":"","ast-hfb-below-header-display":"","ast-hfb-mobile-header-display":"","site-post-title":"","ast-breadcrumbs-content":"","ast-featured-img":"","footer-sml-layout":"","theme-transparent-header-meta":"default","adv-header-id-meta":"","stick-header-meta":"","header-above-stick-meta":"","header-main-stick-meta":"","header-below-stick-meta":"","astra-migrate-meta-layouts":"set","ast-page-background-enabled":"default","ast-page-background-meta":{"desktop":{"background-color":"","background-image":"","background-repeat":"repeat","background-position":"center center","background-size":"auto","background-attachment":"scroll","background-type":"","background-media":"","overlay-type":"","overlay-color":"","overlay-opacity":"","overlay-gradient":""},"tablet":{"background-color":"","background-image":"","background-repeat":"repeat","background-position":"center center","background-size":"auto","background-attachment":"scroll","background-type":"","background-media":"","overlay-type":"","overlay-color":"","overlay-opacity":"","overlay-gradient":""},"mobile":{"background-color":"","background-image":"","background-repeat":"repeat","background-position":"center center","background-size":"auto","background-attachment":"scroll","background-type":"","background-media":"","overlay-type":"","overlay-color":"","overlay-opacity":"","overlay-gradient":""}},"ast-content-background-meta":{"desktop":{"background-color":"var(--ast-global-color-5)","background-image":"","background-repeat":"repeat","background-position":"center center","background-size":"auto","background-attachment":"scroll","background-type":"","background-media":"","overlay-type":"","overlay-color":"","overlay-opacity":"","overlay-gradient":""},"tablet":{"background-color":"var(--ast-global-color-5)","background-image":"","background-repeat":"repeat","background-position":"center center","background-size":"auto","background-attachment":"scroll","background-type":"","background-media":"","overlay-type":"","overlay-color":"","overlay-opacity":"","overlay-gradient":""},"mobile":{"background-color":"var(--ast-global-color-5)","background-image":"","background-repeat":"repeat","background-position":"center center","background-size":"auto","background-attachment":"scroll","background-type":"","background-media":"","overlay-type":"","overlay-color":"","overlay-opacity":"","overlay-gradient":""}},"footnotes":""},"class_list":["post-56170","page","type-page","status-publish","hentry"],"yoast_head":"<!-- This site is optimized with the Yoast SEO plugin v25.3.1 - https:\/\/yoast.com\/wordpress\/plugins\/seo\/ -->\n<title>Merci de nous avoir contact\u00e9 -<\/title>\n<meta name=\"robots\" content=\"index, follow, max-snippet:-1, max-image-preview:large, max-video-preview:-1\" \/>\n<link rel=\"canonical\" href=\"https:\/\/cliniccenter.co.uk\/fr\/merci\/\" \/>\n<meta property=\"og:locale\" content=\"fr_FR\" \/>\n<meta property=\"og:type\" content=\"article\" \/>\n<meta property=\"og:title\" content=\"Merci de nous avoir contact\u00e9 -\" \/>\n<meta property=\"og:description\" content=\"Merci d&rsquo;avoir contact\u00e9 Clinic Center pour votre traitement en Turquie. Nous avons re\u00e7u votre demande et vous r\u00e9pondrons dans les 24 heures. Pour toute demande urgente, veuillez nous appeler au num\u00e9ro de t\u00e9l\u00e9phone ci-dessous\u00a0; +90 543 540 08 63 L&rsquo;\u00e9quipe de Clinic Center\" \/>\n<meta property=\"og:url\" content=\"https:\/\/cliniccenter.co.uk\/fr\/merci\/\" \/>\n<meta property=\"article:publisher\" content=\"https:\/\/www.facebook.com\/cliniccenter.co.uk\/\" \/>\n<meta property=\"article:modified_time\" content=\"2026-02-26T06:58:03+00:00\" \/>\n<meta name=\"twitter:card\" content=\"summary_large_image\" \/>\n<meta name=\"twitter:site\" content=\"@cliniccenteruk\" \/>\n<meta name=\"twitter:label1\" content=\"Dur\u00e9e de lecture estim\u00e9e\" \/>\n\t<meta name=\"twitter:data1\" content=\"1 minute\" \/>\n<!-- \/ Yoast SEO plugin. -->","yoast_head_json":{"title":"Merci de nous avoir contact\u00e9 -","robots":{"index":"index","follow":"follow","max-snippet":"max-snippet:-1","max-image-preview":"max-image-preview:large","max-video-preview":"max-video-preview:-1"},"canonical":"https:\/\/cliniccenter.co.uk\/fr\/merci\/","og_locale":"fr_FR","og_type":"article","og_title":"Merci de nous avoir contact\u00e9 -","og_description":"Merci d&rsquo;avoir contact\u00e9 Clinic Center pour votre traitement en Turquie. Nous avons re\u00e7u votre demande et vous r\u00e9pondrons dans les 24 heures. Pour toute demande urgente, veuillez nous appeler au num\u00e9ro de t\u00e9l\u00e9phone ci-dessous\u00a0; +90 543 540 08 63 L&rsquo;\u00e9quipe de Clinic Center","og_url":"https:\/\/cliniccenter.co.uk\/fr\/merci\/","article_publisher":"https:\/\/www.facebook.com\/cliniccenter.co.uk\/","article_modified_time":"2026-02-26T06:58:03+00:00","twitter_card":"summary_large_image","twitter_site":"@cliniccenteruk","twitter_misc":{"Dur\u00e9e de lecture estim\u00e9e":"1 minute"},"schema":{"@context":"https:\/\/schema.org","@graph":[{"@type":"WebPage","@id":"https:\/\/cliniccenter.co.uk\/fr\/merci\/","url":"https:\/\/cliniccenter.co.uk\/fr\/merci\/","name":"Merci de nous avoir contact\u00e9 -","isPartOf":{"@id":"https:\/\/cliniccenter.co.uk\/ro\/#website"},"datePublished":"2015-08-14T06:43:08+00:00","dateModified":"2026-02-26T06:58:03+00:00","breadcrumb":{"@id":"https:\/\/cliniccenter.co.uk\/fr\/merci\/#breadcrumb"},"inLanguage":"fr-FR","potentialAction":[{"@type":"ReadAction","target":["https:\/\/cliniccenter.co.uk\/fr\/merci\/"]}]},{"@type":"BreadcrumbList","@id":"https:\/\/cliniccenter.co.uk\/fr\/merci\/#breadcrumb","itemListElement":[{"@type":"ListItem","position":1,"name":"Home","item":"https:\/\/cliniccenter.co.uk\/fr\/"},{"@type":"ListItem","position":2,"name":"Merci de nous avoir contact\u00e9"}]},{"@type":"WebSite","@id":"https:\/\/cliniccenter.co.uk\/ro\/#website","url":"https:\/\/cliniccenter.co.uk\/ro\/","name":"","description":"","potentialAction":[{"@type":"SearchAction","target":{"@type":"EntryPoint","urlTemplate":"https:\/\/cliniccenter.co.uk\/ro\/?s={search_term_string}"},"query-input":{"@type":"PropertyValueSpecification","valueRequired":true,"valueName":"search_term_string"}}],"inLanguage":"fr-FR"}]}},"uagb_featured_image_src":{"full":false,"thumbnail":false,"medium":false,"medium_large":false,"large":false,"1536x1536":false,"2048x2048":false},"uagb_author_info":{"display_name":"cliniccenter","author_link":"https:\/\/cliniccenter.co.uk\/fr\/blog\/author\/cliniccenter\/"},"uagb_comment_info":0,"uagb_excerpt":"Merci d&rsquo;avoir contact\u00e9 Clinic Center pour votre traitement en Turquie. Nous avons re\u00e7u votre demande et vous r\u00e9pondrons dans les 24 heures. Pour toute demande urgente, veuillez nous appeler au num\u00e9ro de t\u00e9l\u00e9phone ci-dessous\u00a0; +90 543 540 08 63 L&rsquo;\u00e9quipe de Clinic Center","_links":{"self":[{"href":"https:\/\/cliniccenter.co.uk\/fr\/wp-json\/wp\/v2\/pages\/56170"}],"collection":[{"href":"https:\/\/cliniccenter.co.uk\/fr\/wp-json\/wp\/v2\/pages"}],"about":[{"href":"https:\/\/cliniccenter.co.uk\/fr\/wp-json\/wp\/v2\/types\/page"}],"author":[{"embeddable":true,"href":"https:\/\/cliniccenter.co.uk\/fr\/wp-json\/wp\/v2\/users\/1"}],"replies":[{"embeddable":true,"href":"https:\/\/cliniccenter.co.uk\/fr\/wp-json\/wp\/v2\/comments?post=56170"}],"version-history":[{"count":2,"href":"https:\/\/cliniccenter.co.uk\/fr\/wp-json\/wp\/v2\/pages\/56170\/revisions"}],"predecessor-version":[{"id":79840,"href":"https:\/\/cliniccenter.co.uk\/fr\/wp-json\/wp\/v2\/pages\/56170\/revisions\/79840"}],"wp:attachment":[{"href":"https:\/\/cliniccenter.co.uk\/fr\/wp-json\/wp\/v2\/media?parent=56170"}],"curies":[{"name":"wp","href":"https:\/\/api.w.org\/{rel}","templated":true}]}}