{"id":56187,"date":"2023-02-03T18:33:37","date_gmt":"2023-02-03T18:33:37","guid":{"rendered":"https:\/\/cliniccenter.co.uk\/would-you-like-to-be-clinic-center-social-media-partner\/"},"modified":"2025-05-23T07:41:38","modified_gmt":"2025-05-23T07:41:38","slug":"ambassadeur-guide","status":"publish","type":"page","link":"https:\/\/cliniccenter.co.uk\/fr\/ambassadeur-guide\/","title":{"rendered":"Souhaitez-Vous Devenir Partenaire des M\u00e9dias Sociaux du Clinic Center ?"},"content":{"rendered":"\n<figure class=\"wp-block-image aligncenter size-full is-style-default\"><img decoding=\"async\" width=\"768\" height=\"961\" src=\"https:\/\/cliniccenter.co.uk\/wp-content\/uploads\/2024\/10\/Matters-to-be-Considered-Clinic-Center-fransizca.jpg\" alt=\"\" class=\"wp-image-56612\" srcset=\"https:\/\/cliniccenter.co.uk\/wp-content\/uploads\/2024\/10\/Matters-to-be-Considered-Clinic-Center-fransizca.jpg 768w, https:\/\/cliniccenter.co.uk\/wp-content\/uploads\/2024\/10\/Matters-to-be-Considered-Clinic-Center-fransizca-240x300.jpg 240w\" sizes=\"(max-width: 768px) 100vw, 768px\" \/><\/figure>\n\n\n\n<div style=\"height:48px\" aria-hidden=\"true\" class=\"wp-block-spacer\"><\/div>\n\n\n\n<h3 class=\"wp-block-heading has-text-align-center\"><strong>Guide et Conseils de L&rsquo;ambassadeur<\/strong><\/h3>\n\n\n\n<p style=\"font-size:15px\"><strong>1-Veuillez vous assurer que vous suivez les instructions de publication mentionn\u00e9es ci-dessus au bon moment.<\/strong><span id=\"docs-internal-guid-0473dcab-7fff-309e-c8d2-ffb07810d4bc\"><div><span style=\"font-size: 11.5pt; font-family: Roboto, sans-serif; background-color: transparent; font-weight: 700; font-variant-numeric: normal; font-variant-east-asian: normal; font-variant-alternates: normal; font-variant-position: normal; vertical-align: baseline;\"><\/span><\/div><\/span><\/p>\n\n\n\n<blockquote class=\"wp-block-quote is-style-default is-layout-flow wp-block-quote-is-layout-flow\">\n<p><strong>\u00c9TAPE 1<\/strong> : Veuillez accomplir l&rsquo;\u00e9tape 1 la derni\u00e8re semaine avant de vous envoler pour la Turquie . Cela pourrait \u00eatre une photo ou une vid\u00e9o sur votre compte de r\u00e9seau social pour informer vos amis et abonn\u00e9s que vous allez subir une op\u00e9ration.<\/p>\n\n\n\n<p><strong>\u00c9TAPE 2 <\/strong>: Veuillez partager des vid\u00e9os ou des photos sous forme de publication ou d&rsquo;histoire lorsque vous \u00eates en Turquie. Il peut s&rsquo;agir de services ou de traitements (comme vous le souhaitez).<\/p>\n\n\n\n<p><strong>\u00c9TAPE 3<\/strong> : Veuillez partager une vid\u00e9o dans les 3 mois suivant votre retour pour montrer ou expliquer toute votre exp\u00e9rience avec Clinic Center, y compris votre look avant et apr\u00e8s.<\/p>\n<\/blockquote>\n\n\n\n<p style=\"font-size:15px\"><strong>2-Veuillez identifier le compte Clinic Center sur toute plateforme qui publie votre message.<\/strong><\/p>\n\n\n\n<p style=\"font-size:15px\">3- <strong>L&rsquo;\u00e9tape 3 peut inclure tout le processus pr\u00e9c\u00e9dent, si vous ne faites que l&rsquo;\u00e9tape 3, vous recevrez 3\/4 du montant convenu au d\u00e9part.<\/strong><span id=\"docs-internal-guid-47c620b3-7fff-3ecd-aec5-3e9268021e43\"><div><span style=\"font-size: 11.5pt; font-family: Roboto, sans-serif; background-color: transparent; font-weight: 700; font-variant-numeric: normal; font-variant-east-asian: normal; font-variant-alternates: normal; font-variant-position: normal; vertical-align: baseline;\"><\/span><\/div><\/span><\/p>\n\n\n\n<p style=\"font-size:15px\"><strong>4- Autant que vous partagez, vous pourriez recevoir des questions de vos amis et abonn\u00e9s via les r\u00e9seaux sociaux. Cela vous rapportera des revenus suppl\u00e9mentaires gr\u00e2ce au syst\u00e8me de parrainage.<\/strong><\/p>\n\n\n\n<p style=\"font-size:15px\"><strong>5- Vous pouvez cr\u00e9er votre propre contenu. Il n&rsquo;y a aucune r\u00e8gle sur la fa\u00e7on dont vous pouvez partager votre exp\u00e9rience. N&rsquo;h\u00e9sitez pas \u00e0 cr\u00e9er votre propre contenu<\/strong><\/p>\n\n\n\n<p><em>Vous trouverez ci-dessous quelques exemples de vid\u00e9os pour vous expliquer comment prendre des photos ou des vid\u00e9os.<\/em><span id=\"docs-internal-guid-d534c500-7fff-f66a-7115-e817c923f6c3\"><div><span style=\"font-size: 11.5pt; font-family: Roboto, sans-serif; background-color: transparent; font-style: italic; font-variant-numeric: normal; font-variant-east-asian: normal; font-variant-alternates: normal; font-variant-position: normal; vertical-align: baseline;\"><\/span><\/div><\/span><\/p>\n\n\n\n<div class=\"wp-block-columns is-layout-flex wp-container-core-columns-is-layout-1 wp-block-columns-is-layout-flex\">\n<div class=\"wp-block-column is-layout-flow wp-block-column-is-layout-flow\">\n<figure class=\"wp-block-embed is-type-rich is-provider-prise-en-charge-des-contenus-embarqu-s wp-block-embed-prise-en-charge-des-contenus-embarqu-s wp-embed-aspect-16-9 wp-has-aspect-ratio\"><div class=\"wp-block-embed__wrapper\">\n<div class=\"ast-oembed-container \" style=\"height: 100%;\"><iframe title=\"Sample Video Shooting - 2\" width=\"500\" height=\"281\" src=\"https:\/\/www.youtube.com\/embed\/qrZR6IMds-Q?feature=oembed\" frameborder=\"0\" allow=\"accelerometer; autoplay; clipboard-write; encrypted-media; gyroscope; picture-in-picture; web-share\" referrerpolicy=\"strict-origin-when-cross-origin\" allowfullscreen><\/iframe><\/div>\n<\/div><\/figure>\n<\/div>\n\n\n\n<div class=\"wp-block-column is-layout-flow wp-block-column-is-layout-flow\">\n<figure class=\"wp-block-embed is-type-rich is-provider-prise-en-charge-des-contenus-embarqu-s wp-block-embed-prise-en-charge-des-contenus-embarqu-s wp-embed-aspect-16-9 wp-has-aspect-ratio\"><div class=\"wp-block-embed__wrapper\">\n<div class=\"ast-oembed-container \" style=\"height: 100%;\"><iframe title=\"Sample Video For Video Shooting\" width=\"500\" height=\"281\" src=\"https:\/\/www.youtube.com\/embed\/mFmPS8K1I5E?feature=oembed\" frameborder=\"0\" allow=\"accelerometer; autoplay; clipboard-write; encrypted-media; gyroscope; picture-in-picture; web-share\" referrerpolicy=\"strict-origin-when-cross-origin\" allowfullscreen><\/iframe><\/div>\n<\/div><\/figure>\n<\/div>\n\n\n\n<div class=\"wp-block-column is-layout-flow wp-block-column-is-layout-flow\">\n<figure class=\"wp-block-embed is-type-rich is-provider-prise-en-charge-des-contenus-embarqu-s wp-block-embed-prise-en-charge-des-contenus-embarqu-s wp-embed-aspect-16-9 wp-has-aspect-ratio\"><div class=\"wp-block-embed__wrapper\">\n<div class=\"ast-oembed-container \" style=\"height: 100%;\"><iframe title=\"The TRUTH behind a FUE Turkey Hair Transplant (My experience with Clinic Center).\" width=\"500\" height=\"281\" src=\"https:\/\/www.youtube.com\/embed\/cKZXev2L3YA?feature=oembed\" frameborder=\"0\" allow=\"accelerometer; autoplay; clipboard-write; encrypted-media; gyroscope; picture-in-picture; web-share\" referrerpolicy=\"strict-origin-when-cross-origin\" allowfullscreen><\/iframe><\/div>\n<\/div><\/figure>\n<\/div>\n<\/div>\n\n\n\n<p>Veuillez s\u00e9lectionner la ou les plateformes sur lesquelles vous allez \u00eatre.<\/p>\n\n\n\n<div class=\"wpcf7 no-js\" id=\"wpcf7-f42168-o1\" lang=\"en\" dir=\"ltr\" data-wpcf7-id=\"42168\">\n<div class=\"screen-reader-response\"><p role=\"status\" aria-live=\"polite\" aria-atomic=\"true\"><\/p> <ul><\/ul><\/div>\n<form action=\"\/fr\/wp-json\/wp\/v2\/pages\/56187#wpcf7-f42168-o1\" method=\"post\" class=\"wpcf7-form init\" aria-label=\"Formulaire de contact\" novalidate=\"novalidate\" data-status=\"init\">\n<div style=\"display: none;\">\n<input type=\"hidden\" name=\"_wpcf7\" value=\"42168\" \/>\n<input type=\"hidden\" name=\"_wpcf7_version\" value=\"6.0.6\" \/>\n<input type=\"hidden\" name=\"_wpcf7_locale\" value=\"en\" \/>\n<input type=\"hidden\" name=\"_wpcf7_unit_tag\" value=\"wpcf7-f42168-o1\" \/>\n<input type=\"hidden\" name=\"_wpcf7_container_post\" value=\"0\" \/>\n<input type=\"hidden\" name=\"_wpcf7_posted_data_hash\" value=\"\" \/>\n<\/div>\n<p><label> Platforms<br \/>\n<span class=\"wpcf7-form-control-wrap\" data-name=\"platforms\"><span class=\"wpcf7-form-control wpcf7-checkbox wpcf7-validates-as-required platform\" id=\"platform\"><span class=\"wpcf7-list-item first\"><label><input type=\"checkbox\" name=\"platforms[]\" value=\"Instagram\" \/><span class=\"wpcf7-list-item-label\">Instagram<\/span><\/label><\/span><span class=\"wpcf7-list-item\"><label><input type=\"checkbox\" name=\"platforms[]\" value=\"Facebook\" \/><span class=\"wpcf7-list-item-label\">Facebook<\/span><\/label><\/span><span class=\"wpcf7-list-item\"><label><input type=\"checkbox\" name=\"platforms[]\" value=\"Tiktok\" \/><span class=\"wpcf7-list-item-label\">Tiktok<\/span><\/label><\/span><span class=\"wpcf7-list-item last\"><label><input type=\"checkbox\" name=\"platforms[]\" value=\"Youtube\" \/><span class=\"wpcf7-list-item-label\">Youtube<\/span><\/label><\/span><\/span><\/span> <\/label>\n<\/p>\n<p><label> Account Name<br \/>\n<span class=\"wpcf7-form-control-wrap\" data-name=\"account-name\"><input size=\"40\" maxlength=\"400\" class=\"wpcf7-form-control wpcf7-text wpcf7-validates-as-required\" aria-required=\"true\" aria-invalid=\"false\" value=\"\" type=\"text\" name=\"account-name\" \/><\/span> <\/label>\n<\/p>\n<p><span class=\"wpcf7-form-control-wrap\" data-name=\"checkbox-684\"><span class=\"wpcf7-form-control wpcf7-checkbox wpcf7-validates-as-required\"><span class=\"wpcf7-list-item first last\"><label><input type=\"checkbox\" name=\"checkbox-684[]\" value=\"I read and accept terms and conditions\" \/><span class=\"wpcf7-list-item-label\">I read and accept terms and conditions<\/span><\/label><\/span><\/span><\/span><a href='https:\/\/cliniccenter.co.uk\/terms-conditions\/' target=\"_blank\">Click here to read terms and conditions<\/a>\n<\/p>\n<p><div class=\"cf7-cf-turnstile\" style=\"margin-top: 0px; margin-bottom: -15px;\"> <div id=\"cf-turnstile-cf7-3498001909\" class=\"cf-turnstile\" data-sitekey=\"0x4AAAAAAAMc9haAStrzwgEc\" data-theme=\"light\" data-language=\"auto\" data-size=\"normal\" data-retry=\"auto\" data-retry-interval=\"1000\" data-refresh-expired=\"auto\" data-refresh-timeout=\"auto\" data-action=\"contact-form-7\" data-callback=\"turnstileCF7Callback\" data-appearance=\"always\"><\/div> <script>document.addEventListener(\"DOMContentLoaded\", function() { setTimeout(function(){ var e=document.getElementById(\"cf-turnstile-cf7-3498001909\"); if(e&&!e.innerHTML.trim()){turnstile.render(e, {sitekey:\"0x4AAAAAAAMc9haAStrzwgEc\"});} }, 200); });<\/script> <br class=\"cf-turnstile-br cf-turnstile-br-cf7-3498001909\"> <style>#cf-turnstile-cf7-3498001909 { margin-left: -15px; }<\/style> <script>document.addEventListener(\"DOMContentLoaded\",function(){document.querySelectorAll('.wpcf7-form').forEach(function(e){e.addEventListener('submit',function(){if(document.getElementById('cf-turnstile-cf7-3498001909')){setTimeout(function(){turnstile.reset('#cf-turnstile-cf7-3498001909');},1000)}})})});<\/script> <\/div><br\/><input class=\"wpcf7-form-control wpcf7-submit has-spinner ambassador-button\" id=\"ambassador-button\" type=\"submit\" value=\"BECOME AN AMBASSADOR\" \/>\n<\/p><p style=\"display: none !important;\" class=\"akismet-fields-container\" data-prefix=\"_wpcf7_ak_\"><label>&#916;<textarea name=\"_wpcf7_ak_hp_textarea\" cols=\"45\" rows=\"8\" maxlength=\"100\"><\/textarea><\/label><input type=\"hidden\" id=\"ak_js_1\" name=\"_wpcf7_ak_js\" value=\"241\"\/><script>document.getElementById( \"ak_js_1\" ).setAttribute( \"value\", ( new Date() ).getTime() );<\/script><\/p><div class=\"wpcf7-response-output\" aria-hidden=\"true\"><\/div>\n<\/form>\n<\/div>\n\n\n\n\n<p><\/p>\n","protected":false},"excerpt":{"rendered":"<p>Guide et Conseils de L&rsquo;ambassadeur 1-Veuillez vous assurer que vous suivez les instructions de publication mentionn\u00e9es ci-dessus au bon moment. \u00c9TAPE 1 : Veuillez accomplir l&rsquo;\u00e9tape 1 la derni\u00e8re semaine avant de vous envoler pour la Turquie . Cela pourrait \u00eatre une photo ou une vid\u00e9o sur votre compte de r\u00e9seau social pour informer vos [&hellip;]<\/p>\n","protected":false},"author":9,"featured_media":0,"parent":0,"menu_order":0,"comment_status":"closed","ping_status":"closed","template":"","meta":{"_uag_custom_page_level_css":"","_lmt_disableupdate":"no","_lmt_disable":"","site-sidebar-layout":"default","site-content-layout":"default","ast-site-content-layout":"default","site-content-style":"default","site-sidebar-style":"default","ast-global-header-display":"","ast-banner-title-visibility":"","ast-main-header-display":"","ast-hfb-above-header-display":"","ast-hfb-below-header-display":"","ast-hfb-mobile-header-display":"","site-post-title":"","ast-breadcrumbs-content":"","ast-featured-img":"","footer-sml-layout":"","theme-transparent-header-meta":"default","adv-header-id-meta":"","stick-header-meta":"","header-above-stick-meta":"","header-main-stick-meta":"","header-below-stick-meta":"","astra-migrate-meta-layouts":"set","ast-page-background-enabled":"default","ast-page-background-meta":{"desktop":{"background-color":"","background-image":"","background-repeat":"repeat","background-position":"center center","background-size":"auto","background-attachment":"scroll","background-type":"","background-media":"","overlay-type":"","overlay-color":"","overlay-opacity":"","overlay-gradient":""},"tablet":{"background-color":"","background-image":"","background-repeat":"repeat","background-position":"center center","background-size":"auto","background-attachment":"scroll","background-type":"","background-media":"","overlay-type":"","overlay-color":"","overlay-opacity":"","overlay-gradient":""},"mobile":{"background-color":"","background-image":"","background-repeat":"repeat","background-position":"center center","background-size":"auto","background-attachment":"scroll","background-type":"","background-media":"","overlay-type":"","overlay-color":"","overlay-opacity":"","overlay-gradient":""}},"ast-content-background-meta":{"desktop":{"background-color":"var(--ast-global-color-5)","background-image":"","background-repeat":"repeat","background-position":"center center","background-size":"auto","background-attachment":"scroll","background-type":"","background-media":"","overlay-type":"","overlay-color":"","overlay-opacity":"","overlay-gradient":""},"tablet":{"background-color":"var(--ast-global-color-5)","background-image":"","background-repeat":"repeat","background-position":"center center","background-size":"auto","background-attachment":"scroll","background-type":"","background-media":"","overlay-type":"","overlay-color":"","overlay-opacity":"","overlay-gradient":""},"mobile":{"background-color":"var(--ast-global-color-5)","background-image":"","background-repeat":"repeat","background-position":"center center","background-size":"auto","background-attachment":"scroll","background-type":"","background-media":"","overlay-type":"","overlay-color":"","overlay-opacity":"","overlay-gradient":""}},"footnotes":""},"class_list":["post-56187","page","type-page","status-publish","hentry"],"yoast_head":"<!-- This site is optimized with the Yoast SEO plugin v25.3.1 - https:\/\/yoast.com\/wordpress\/plugins\/seo\/ -->\n<title>Souhaitez-Vous Devenir Partenaire des M\u00e9dias Sociaux du Clinic Center ? -<\/title>\n<meta name=\"robots\" content=\"noindex, nofollow\" \/>\n<meta property=\"og:locale\" content=\"fr_FR\" \/>\n<meta property=\"og:type\" content=\"article\" \/>\n<meta property=\"og:title\" content=\"Souhaitez-Vous Devenir Partenaire des M\u00e9dias Sociaux du Clinic Center ? -\" \/>\n<meta property=\"og:description\" content=\"Guide et Conseils de L&rsquo;ambassadeur 1-Veuillez vous assurer que vous suivez les instructions de publication mentionn\u00e9es ci-dessus au bon moment. \u00c9TAPE 1 : Veuillez accomplir l&rsquo;\u00e9tape 1 la derni\u00e8re semaine avant de vous envoler pour la Turquie . Cela pourrait \u00eatre une photo ou une vid\u00e9o sur votre compte de r\u00e9seau social pour informer vos [&hellip;]\" \/>\n<meta property=\"og:url\" content=\"https:\/\/cliniccenter.co.uk\/fr\/ambassadeur-guide\/\" \/>\n<meta property=\"article:publisher\" content=\"https:\/\/www.facebook.com\/cliniccenter.co.uk\/\" \/>\n<meta property=\"article:modified_time\" content=\"2025-05-23T07:41:38+00:00\" \/>\n<meta property=\"og:image\" content=\"https:\/\/cliniccenter.co.uk\/wp-content\/uploads\/2024\/10\/Matters-to-be-Considered-Clinic-Center-fransizca.jpg\" \/>\n<meta name=\"twitter:card\" content=\"summary_large_image\" \/>\n<meta name=\"twitter:site\" content=\"@cliniccenteruk\" \/>\n<meta name=\"twitter:label1\" content=\"Dur\u00e9e de lecture estim\u00e9e\" \/>\n\t<meta name=\"twitter:data1\" content=\"1 minute\" \/>\n<!-- \/ Yoast SEO plugin. -->","yoast_head_json":{"title":"Souhaitez-Vous Devenir Partenaire des M\u00e9dias Sociaux du Clinic Center ? -","robots":{"index":"noindex","follow":"nofollow"},"og_locale":"fr_FR","og_type":"article","og_title":"Souhaitez-Vous Devenir Partenaire des M\u00e9dias Sociaux du Clinic Center ? -","og_description":"Guide et Conseils de L&rsquo;ambassadeur 1-Veuillez vous assurer que vous suivez les instructions de publication mentionn\u00e9es ci-dessus au bon moment. \u00c9TAPE 1 : Veuillez accomplir l&rsquo;\u00e9tape 1 la derni\u00e8re semaine avant de vous envoler pour la Turquie . Cela pourrait \u00eatre une photo ou une vid\u00e9o sur votre compte de r\u00e9seau social pour informer vos [&hellip;]","og_url":"https:\/\/cliniccenter.co.uk\/fr\/ambassadeur-guide\/","article_publisher":"https:\/\/www.facebook.com\/cliniccenter.co.uk\/","article_modified_time":"2025-05-23T07:41:38+00:00","og_image":[{"url":"https:\/\/cliniccenter.co.uk\/wp-content\/uploads\/2024\/10\/Matters-to-be-Considered-Clinic-Center-fransizca.jpg","type":"","width":"","height":""}],"twitter_card":"summary_large_image","twitter_site":"@cliniccenteruk","twitter_misc":{"Dur\u00e9e de lecture estim\u00e9e":"1 minute"},"schema":{"@context":"https:\/\/schema.org","@graph":[{"@type":"WebPage","@id":"https:\/\/cliniccenter.co.uk\/fr\/ambassadeur-guide\/","url":"https:\/\/cliniccenter.co.uk\/fr\/ambassadeur-guide\/","name":"Souhaitez-Vous Devenir Partenaire des M\u00e9dias Sociaux du Clinic Center ? -","isPartOf":{"@id":"https:\/\/cliniccenter.co.uk\/ro\/#website"},"primaryImageOfPage":{"@id":"https:\/\/cliniccenter.co.uk\/fr\/ambassadeur-guide\/#primaryimage"},"image":{"@id":"https:\/\/cliniccenter.co.uk\/fr\/ambassadeur-guide\/#primaryimage"},"thumbnailUrl":"https:\/\/cliniccenter.co.uk\/wp-content\/uploads\/2024\/10\/Matters-to-be-Considered-Clinic-Center-fransizca.jpg","datePublished":"2023-02-03T18:33:37+00:00","dateModified":"2025-05-23T07:41:38+00:00","breadcrumb":{"@id":"https:\/\/cliniccenter.co.uk\/fr\/ambassadeur-guide\/#breadcrumb"},"inLanguage":"fr-FR","potentialAction":[{"@type":"ReadAction","target":["https:\/\/cliniccenter.co.uk\/fr\/ambassadeur-guide\/"]}]},{"@type":"ImageObject","inLanguage":"fr-FR","@id":"https:\/\/cliniccenter.co.uk\/fr\/ambassadeur-guide\/#primaryimage","url":"https:\/\/cliniccenter.co.uk\/wp-content\/uploads\/2024\/10\/Matters-to-be-Considered-Clinic-Center-fransizca.jpg","contentUrl":"https:\/\/cliniccenter.co.uk\/wp-content\/uploads\/2024\/10\/Matters-to-be-Considered-Clinic-Center-fransizca.jpg"},{"@type":"BreadcrumbList","@id":"https:\/\/cliniccenter.co.uk\/fr\/ambassadeur-guide\/#breadcrumb","itemListElement":[{"@type":"ListItem","position":1,"name":"Home","item":"https:\/\/cliniccenter.co.uk\/fr\/"},{"@type":"ListItem","position":2,"name":"Souhaitez-Vous Devenir Partenaire des M\u00e9dias Sociaux du Clinic Center ?"}]},{"@type":"WebSite","@id":"https:\/\/cliniccenter.co.uk\/ro\/#website","url":"https:\/\/cliniccenter.co.uk\/ro\/","name":"","description":"","potentialAction":[{"@type":"SearchAction","target":{"@type":"EntryPoint","urlTemplate":"https:\/\/cliniccenter.co.uk\/ro\/?s={search_term_string}"},"query-input":{"@type":"PropertyValueSpecification","valueRequired":true,"valueName":"search_term_string"}}],"inLanguage":"fr-FR"}]}},"uagb_featured_image_src":{"full":false,"thumbnail":false,"medium":false,"medium_large":false,"large":false,"1536x1536":false,"2048x2048":false},"uagb_author_info":{"display_name":"Ece G\u00dcNAY","author_link":"https:\/\/cliniccenter.co.uk\/fr\/blog\/author\/ece\/"},"uagb_comment_info":0,"uagb_excerpt":"Guide et Conseils de L&rsquo;ambassadeur 1-Veuillez vous assurer que vous suivez les instructions de publication mentionn\u00e9es ci-dessus au bon moment. \u00c9TAPE 1 : Veuillez accomplir l&rsquo;\u00e9tape 1 la derni\u00e8re semaine avant de vous envoler pour la Turquie . Cela pourrait \u00eatre une photo ou une vid\u00e9o sur votre compte de r\u00e9seau social pour informer vos\u2026","_links":{"self":[{"href":"https:\/\/cliniccenter.co.uk\/fr\/wp-json\/wp\/v2\/pages\/56187"}],"collection":[{"href":"https:\/\/cliniccenter.co.uk\/fr\/wp-json\/wp\/v2\/pages"}],"about":[{"href":"https:\/\/cliniccenter.co.uk\/fr\/wp-json\/wp\/v2\/types\/page"}],"author":[{"embeddable":true,"href":"https:\/\/cliniccenter.co.uk\/fr\/wp-json\/wp\/v2\/users\/9"}],"replies":[{"embeddable":true,"href":"https:\/\/cliniccenter.co.uk\/fr\/wp-json\/wp\/v2\/comments?post=56187"}],"version-history":[{"count":3,"href":"https:\/\/cliniccenter.co.uk\/fr\/wp-json\/wp\/v2\/pages\/56187\/revisions"}],"predecessor-version":[{"id":60389,"href":"https:\/\/cliniccenter.co.uk\/fr\/wp-json\/wp\/v2\/pages\/56187\/revisions\/60389"}],"wp:attachment":[{"href":"https:\/\/cliniccenter.co.uk\/fr\/wp-json\/wp\/v2\/media?parent=56187"}],"curies":[{"name":"wp","href":"https:\/\/api.w.org\/{rel}","templated":true}]}}