{"id":56201,"date":"2017-05-29T06:14:27","date_gmt":"2017-05-29T06:14:27","guid":{"rendered":"https:\/\/cliniccenter.co.uk\/trichologist-rojbin\/"},"modified":"2025-04-15T12:47:40","modified_gmt":"2025-04-15T12:47:40","slug":"trichologue-rojbin","status":"publish","type":"page","link":"https:\/\/cliniccenter.co.uk\/fr\/trichologue-rojbin","title":{"rendered":"Rojbin | Trichologue | Centre Clinique"},"content":{"rendered":"\n<div class=\"wp-block-columns is-layout-flex wp-container-core-columns-is-layout-3 wp-block-columns-is-layout-flex\">\n<div class=\"wp-block-column is-layout-flow wp-block-column-is-layout-flow\" style=\"flex-basis:33.33%\">\n<figure class=\"wp-block-image alignleft size-large\"><img decoding=\"async\" width=\"517\" height=\"1024\" src=\"https:\/\/cliniccenter.co.uk\/wp-content\/uploads\/2025\/03\/hair-rojbin-517x1024.webp\" alt=\"\" class=\"wp-image-59345\" srcset=\"https:\/\/cliniccenter.co.uk\/wp-content\/uploads\/2025\/03\/hair-rojbin-517x1024.webp 517w, https:\/\/cliniccenter.co.uk\/wp-content\/uploads\/2025\/03\/hair-rojbin-152x300.webp 152w, https:\/\/cliniccenter.co.uk\/wp-content\/uploads\/2025\/03\/hair-rojbin.webp 548w\" sizes=\"(max-width: 517px) 100vw, 517px\" \/><\/figure>\n<\/div>\n\n\n\n<div class=\"wp-block-column is-layout-flow wp-block-column-is-layout-flow\" style=\"flex-basis:66.66%\">\n<div class=\"wp-block-columns is-layout-flex wp-container-core-columns-is-layout-1 wp-block-columns-is-layout-flex\">\n<div class=\"wp-block-column leftpadbox is-layout-flow wp-block-column-is-layout-flow\">\n<p>La trichologue Rojbin a plus de 12 ans d&rsquo;exp\u00e9rience de travail avec les m\u00e9decins de la Soci\u00e9t\u00e9 internationale de chirurgie de restauration capillaire (ISHRS) et de r\u00e9alisation d&rsquo;interventions de greffe de cheveux en commun. Elle effectue elle-m\u00eame des interventions de greffe de cheveux depuis plus de 8 ans. Tr. Rojbin a effectu\u00e9 plus de 5 000 greffes de cheveux en Turquie au cours de sa carri\u00e8re et ses exp\u00e9riences avec les m\u00e9decins de l&rsquo;ISHRS ont fait d&rsquo;elle l&rsquo;une des sp\u00e9cialistes de la greffe de cheveux les plus talentueuses de Turquie.<\/p>\n\n\n\n<p>Elle s&rsquo;est sp\u00e9cialis\u00e9e dans ce domaine et a exp\u00e9riment\u00e9 une large gamme de cas de greffe de cheveux, notamment des cheveux lisses et boucl\u00e9s, ainsi que des greffes de cheveux pour femmes et des greffes de barbe. Elle accorde une grande importance \u00e0 la satisfaction des besoins de ses patients. Elle travaille donc avec un grand engagement pour traiter toutes les zones chauves en une seule s\u00e9ance afin de satisfaire ses patients.<\/p>\n<\/div>\n<\/div>\n\n\n\n<div class=\"wp-block-columns leftpadbox is-layout-flex wp-container-core-columns-is-layout-2 wp-block-columns-is-layout-flex\">\n<div class=\"wp-block-column is-layout-flow wp-block-column-is-layout-flow\">\n<p><strong>Exp\u00e9rience<\/strong> : 12 ans<br><strong>Patients trait\u00e9s \u00e0 l&rsquo;international<\/strong> : Royaume-Uni, Irlande, Australie, \u00c9tats-Unis d&rsquo;Am\u00e9rique, \u00c9mirats arabes unis, Arabie saoudite, Kowe\u00eft, pays de l&rsquo;Union europ\u00e9enne<br><strong>Domaines de sp\u00e9cialisation : <\/strong><a href=\"https:\/\/cliniccenter.co.uk\/hair-transplant-in-turkey\/\">Greffe de cheveux chez l&rsquo;homme<\/a> , <a href=\"https:\/\/cliniccenter.co.uk\/female-hair-transplant-turkey\/\">Greffe de cheveux chez la femme<\/a> , <a href=\"https:\/\/cliniccenter.co.uk\/fue-hair-transplant\/\">M\u00e9thode FUE et FUT<\/a> , <a href=\"https:\/\/cliniccenter.co.uk\/dhi-hair-transplant-in-turkey\/\">M\u00e9thode DHI<\/a> , <a href=\"https:\/\/cliniccenter.co.uk\/eyebrow-transplant-in-turkey\/\">Greffe de sourcils<\/a> , <a href=\"https:\/\/cliniccenter.co.uk\/beard-transplant-turkey\/\">Greffe de barbe<\/a> , <a href=\"https:\/\/cliniccenter.co.uk\/hair-treatment-in-turkey\/\">Traitement capillaire&nbsp;<br><\/a><strong>Ville<\/strong> : Istanbul, Turquie<br><strong>Jours ouvrables<\/strong> : En semaine et samedi<br><strong>Contact<\/strong> : +44 20 3575 1039 &amp; info@cliniccenter.co.uk<\/p>\n<\/div>\n<\/div>\n<\/div>\n<\/div>\n\n\n\n<script type=\"application\/ld+json\">\n        {\n            \"@context\": \"http:\\\/\\\/schema.org\",\n            \"@type\": \"Physician\",\n            \"@id\": \"https:\/\/cliniccenter.co.uk\/trichologist-rojbin\/\",\n            \"areaServed\": {\n                \"@type\": \"Place\",\n                \"name\": \"Istanbul, Turkey\"\n            },\n            \"alumniOf\": {\n                \"@type\": \"OrganizationRole\",\n                \"alumniOf\": {\n                    \"@type\": \"CollegeOrUniversity\",\n                    \"name\": \"International Society of Hair Restoration Surgery\"\n                }\n            },\n            \"employee\": {\n                \"@type\": \"Person\",\n                \"@id\": \"https:\/\/cliniccenter.co.uk\/trichologist-rojbin-keleser\/\",\n                \"description\": \"Trichologist Rojbin has more than 12 year experience of working with the doctors of International Society of Hair Restoration Surgery (ISHRS) and performing hair transplant procedures together. She has been performing hair transplant procedures by herself for more than 8 years. Tr. Rojbin performed more than 5000 hair transplant in Turkey during her career and her experiences with ISHRS doctors made her one of the most talented hair transplant specialist in Turkey. She specialised in this field experiencing a wide range of cases of hair transplant including straight and curly hair as well as women hair transplant and beard transplant. She gives much importance to meet the needs of her patient. So she works with a great commitment to complete all balding area in one session to satisfy her patients.\",\n                \"hasOccupation\": {\n                    \"@type\": \"Occupation\",\n                    \"name\": \"Hair Transplant\"\n                },\n                \"knowsLanguage\": {\n                    \"@type\": \"Language\",\n                    \"name\": \"English\",\n                    \"alternateName\": \"en\"\n                },\n                \"honorificSuffix\": \"Trichologist\"\n            },\n            \"hospitalAffiliation\": {\n                \"image\": {\n                    \"@type\": \"ImageObject\",\n                    \"@id\": \"https:\/\/cliniccenter.co.uk\/wp-content\/uploads\/2021\/12\/rojbin-keleser.jpg\"\n                }\n            },\n            \"isAcceptingNewPatients\": \"https:\\\/\\\/schema.org\\\/True\",\n            \"isAccessibleForFree\": \"https:\\\/\\\/schema.org\\\/False\",\n            \"medicalSpecialty\": {\n                \"@type\": \"MedicalSpecialty\",\n                \"name\": \"Male Hair Transplantation, Female Hair Transplantation, FUE & FUT Method, DHI Method, Eyebrow Transplantation, Beard Transplantation, Hair Treatment  \"\n            },\n\n            \"name\": \"Trichologist Rojbin\"\n        }\n    <\/script>\n","protected":false},"excerpt":{"rendered":"<p>La trichologue Rojbin a plus de 12 ans d&rsquo;exp\u00e9rience de travail avec les m\u00e9decins de la Soci\u00e9t\u00e9 internationale de chirurgie de restauration capillaire (ISHRS) et de r\u00e9alisation d&rsquo;interventions de greffe de cheveux en commun. Elle effectue elle-m\u00eame des interventions de greffe de cheveux depuis plus de 8 ans. Tr. Rojbin a effectu\u00e9 plus de 5 [&hellip;]<\/p>\n","protected":false},"author":1,"featured_media":0,"parent":56221,"menu_order":0,"comment_status":"closed","ping_status":"closed","template":"","meta":{"_uag_custom_page_level_css":"","_lmt_disableupdate":"no","_lmt_disable":"","site-sidebar-layout":"default","site-content-layout":"default","ast-site-content-layout":"default","site-content-style":"default","site-sidebar-style":"default","ast-global-header-display":"","ast-banner-title-visibility":"","ast-main-header-display":"","ast-hfb-above-header-display":"","ast-hfb-below-header-display":"","ast-hfb-mobile-header-display":"","site-post-title":"","ast-breadcrumbs-content":"","ast-featured-img":"","footer-sml-layout":"","theme-transparent-header-meta":"default","adv-header-id-meta":"","stick-header-meta":"","header-above-stick-meta":"","header-main-stick-meta":"","header-below-stick-meta":"","astra-migrate-meta-layouts":"set","ast-page-background-enabled":"default","ast-page-background-meta":{"desktop":{"background-color":"","background-image":"","background-repeat":"repeat","background-position":"center center","background-size":"auto","background-attachment":"scroll","background-type":"","background-media":"","overlay-type":"","overlay-color":"","overlay-opacity":"","overlay-gradient":""},"tablet":{"background-color":"","background-image":"","background-repeat":"repeat","background-position":"center center","background-size":"auto","background-attachment":"scroll","background-type":"","background-media":"","overlay-type":"","overlay-color":"","overlay-opacity":"","overlay-gradient":""},"mobile":{"background-color":"","background-image":"","background-repeat":"repeat","background-position":"center center","background-size":"auto","background-attachment":"scroll","background-type":"","background-media":"","overlay-type":"","overlay-color":"","overlay-opacity":"","overlay-gradient":""}},"ast-content-background-meta":{"desktop":{"background-color":"var(--ast-global-color-5)","background-image":"","background-repeat":"repeat","background-position":"center center","background-size":"auto","background-attachment":"scroll","background-type":"","background-media":"","overlay-type":"","overlay-color":"","overlay-opacity":"","overlay-gradient":""},"tablet":{"background-color":"var(--ast-global-color-5)","background-image":"","background-repeat":"repeat","background-position":"center center","background-size":"auto","background-attachment":"scroll","background-type":"","background-media":"","overlay-type":"","overlay-color":"","overlay-opacity":"","overlay-gradient":""},"mobile":{"background-color":"var(--ast-global-color-5)","background-image":"","background-repeat":"repeat","background-position":"center center","background-size":"auto","background-attachment":"scroll","background-type":"","background-media":"","overlay-type":"","overlay-color":"","overlay-opacity":"","overlay-gradient":""}},"footnotes":""},"class_list":["post-56201","page","type-page","status-publish","hentry"],"yoast_head":"<!-- This site is optimized with the Yoast SEO plugin v25.3.1 - https:\/\/yoast.com\/wordpress\/plugins\/seo\/ -->\n<title>Rojbin | Trichologist | Clinic Center<\/title>\n<meta name=\"description\" content=\"Read more about partner expert Trichologist Rojbin at Clinic Center, with 12 years of experience in hair transplant.\" \/>\n<meta name=\"robots\" content=\"index, follow, max-snippet:-1, max-image-preview:large, max-video-preview:-1\" \/>\n<link rel=\"canonical\" href=\"https:\/\/cliniccenter.co.uk\/fr\/trichologue-rojbin\/\" \/>\n<meta property=\"og:locale\" content=\"fr_FR\" \/>\n<meta property=\"og:type\" content=\"article\" \/>\n<meta property=\"og:title\" content=\"Rojbin | Trichologist | Clinic Center\" \/>\n<meta property=\"og:description\" content=\"Read more about partner expert Trichologist Rojbin at Clinic Center, with 12 years of experience in hair transplant.\" \/>\n<meta property=\"og:url\" content=\"https:\/\/cliniccenter.co.uk\/fr\/trichologue-rojbin\/\" \/>\n<meta property=\"article:publisher\" content=\"https:\/\/www.facebook.com\/cliniccenter.co.uk\/\" \/>\n<meta property=\"article:modified_time\" content=\"2025-04-15T12:47:40+00:00\" \/>\n<meta property=\"og:image\" content=\"https:\/\/cliniccenter.co.uk\/wp-content\/uploads\/2025\/03\/hair-rojbin-517x1024.webp\" \/>\n<meta name=\"twitter:card\" content=\"summary_large_image\" \/>\n<meta name=\"twitter:site\" content=\"@cliniccenteruk\" \/>\n<meta name=\"twitter:label1\" content=\"Dur\u00e9e de lecture estim\u00e9e\" \/>\n\t<meta name=\"twitter:data1\" content=\"2 minutes\" \/>\n<!-- \/ Yoast SEO plugin. -->","yoast_head_json":{"title":"Rojbin | Trichologist | Clinic Center","description":"Read more about partner expert Trichologist Rojbin at Clinic Center, with 12 years of experience in hair transplant.","robots":{"index":"index","follow":"follow","max-snippet":"max-snippet:-1","max-image-preview":"max-image-preview:large","max-video-preview":"max-video-preview:-1"},"canonical":"https:\/\/cliniccenter.co.uk\/fr\/trichologue-rojbin\/","og_locale":"fr_FR","og_type":"article","og_title":"Rojbin | Trichologist | Clinic Center","og_description":"Read more about partner expert Trichologist Rojbin at Clinic Center, with 12 years of experience in hair transplant.","og_url":"https:\/\/cliniccenter.co.uk\/fr\/trichologue-rojbin\/","article_publisher":"https:\/\/www.facebook.com\/cliniccenter.co.uk\/","article_modified_time":"2025-04-15T12:47:40+00:00","og_image":[{"url":"https:\/\/cliniccenter.co.uk\/wp-content\/uploads\/2025\/03\/hair-rojbin-517x1024.webp","type":"","width":"","height":""}],"twitter_card":"summary_large_image","twitter_site":"@cliniccenteruk","twitter_misc":{"Dur\u00e9e de lecture estim\u00e9e":"2 minutes"},"schema":{"@context":"https:\/\/schema.org","@graph":[{"@type":"WebPage","@id":"https:\/\/cliniccenter.co.uk\/fr\/trichologue-rojbin\/","url":"https:\/\/cliniccenter.co.uk\/fr\/trichologue-rojbin\/","name":"Rojbin | Trichologist | Clinic Center","isPartOf":{"@id":"https:\/\/cliniccenter.co.uk\/ro\/#website"},"primaryImageOfPage":{"@id":"https:\/\/cliniccenter.co.uk\/fr\/trichologue-rojbin\/#primaryimage"},"image":{"@id":"https:\/\/cliniccenter.co.uk\/fr\/trichologue-rojbin\/#primaryimage"},"thumbnailUrl":"https:\/\/cliniccenter.co.uk\/wp-content\/uploads\/2025\/03\/hair-rojbin-517x1024.webp","datePublished":"2017-05-29T06:14:27+00:00","dateModified":"2025-04-15T12:47:40+00:00","description":"Read more about partner expert Trichologist Rojbin at Clinic Center, with 12 years of experience in hair transplant.","breadcrumb":{"@id":"https:\/\/cliniccenter.co.uk\/fr\/trichologue-rojbin\/#breadcrumb"},"inLanguage":"fr-FR","potentialAction":[{"@type":"ReadAction","target":["https:\/\/cliniccenter.co.uk\/fr\/trichologue-rojbin\/"]}]},{"@type":"ImageObject","inLanguage":"fr-FR","@id":"https:\/\/cliniccenter.co.uk\/fr\/trichologue-rojbin\/#primaryimage","url":"https:\/\/cliniccenter.co.uk\/wp-content\/uploads\/2025\/03\/hair-rojbin-517x1024.webp","contentUrl":"https:\/\/cliniccenter.co.uk\/wp-content\/uploads\/2025\/03\/hair-rojbin-517x1024.webp"},{"@type":"BreadcrumbList","@id":"https:\/\/cliniccenter.co.uk\/fr\/trichologue-rojbin\/#breadcrumb","itemListElement":[{"@type":"ListItem","position":1,"name":"Home","item":"https:\/\/cliniccenter.co.uk\/fr\/"},{"@type":"ListItem","position":2,"name":"Meilleurs Chirurgiens en Turquie | Principales Chirurgies en Turquie","item":"https:\/\/cliniccenter.co.uk\/fr\/medecins\/"},{"@type":"ListItem","position":3,"name":"Rojbin | Trichologue | Centre Clinique"}]},{"@type":"WebSite","@id":"https:\/\/cliniccenter.co.uk\/ro\/#website","url":"https:\/\/cliniccenter.co.uk\/ro\/","name":"","description":"","potentialAction":[{"@type":"SearchAction","target":{"@type":"EntryPoint","urlTemplate":"https:\/\/cliniccenter.co.uk\/ro\/?s={search_term_string}"},"query-input":{"@type":"PropertyValueSpecification","valueRequired":true,"valueName":"search_term_string"}}],"inLanguage":"fr-FR"}]}},"uagb_featured_image_src":{"full":false,"thumbnail":false,"medium":false,"medium_large":false,"large":false,"1536x1536":false,"2048x2048":false},"uagb_author_info":{"display_name":"cliniccenter","author_link":"https:\/\/cliniccenter.co.uk\/fr\/blog\/author\/cliniccenter\/"},"uagb_comment_info":0,"uagb_excerpt":"La trichologue Rojbin a plus de 12 ans d&rsquo;exp\u00e9rience de travail avec les m\u00e9decins de la Soci\u00e9t\u00e9 internationale de chirurgie de restauration capillaire (ISHRS) et de r\u00e9alisation d&rsquo;interventions de greffe de cheveux en commun. Elle effectue elle-m\u00eame des interventions de greffe de cheveux depuis plus de 8 ans. Tr. Rojbin a effectu\u00e9 plus de 5\u2026","_links":{"self":[{"href":"https:\/\/cliniccenter.co.uk\/fr\/wp-json\/wp\/v2\/pages\/56201"}],"collection":[{"href":"https:\/\/cliniccenter.co.uk\/fr\/wp-json\/wp\/v2\/pages"}],"about":[{"href":"https:\/\/cliniccenter.co.uk\/fr\/wp-json\/wp\/v2\/types\/page"}],"author":[{"embeddable":true,"href":"https:\/\/cliniccenter.co.uk\/fr\/wp-json\/wp\/v2\/users\/1"}],"replies":[{"embeddable":true,"href":"https:\/\/cliniccenter.co.uk\/fr\/wp-json\/wp\/v2\/comments?post=56201"}],"version-history":[{"count":2,"href":"https:\/\/cliniccenter.co.uk\/fr\/wp-json\/wp\/v2\/pages\/56201\/revisions"}],"predecessor-version":[{"id":59612,"href":"https:\/\/cliniccenter.co.uk\/fr\/wp-json\/wp\/v2\/pages\/56201\/revisions\/59612"}],"up":[{"embeddable":true,"href":"https:\/\/cliniccenter.co.uk\/fr\/wp-json\/wp\/v2\/pages\/56221"}],"wp:attachment":[{"href":"https:\/\/cliniccenter.co.uk\/fr\/wp-json\/wp\/v2\/media?parent=56201"}],"curies":[{"name":"wp","href":"https:\/\/api.w.org\/{rel}","templated":true}]}}