{"id":56211,"date":"2022-01-31T12:35:57","date_gmt":"2022-01-31T12:35:57","guid":{"rendered":"https:\/\/cliniccenter.co.uk\/trichologist-firat-siksik\/"},"modified":"2025-05-23T07:53:26","modified_gmt":"2025-05-23T07:53:26","slug":"trichologue-firat","status":"publish","type":"page","link":"https:\/\/cliniccenter.co.uk\/fr\/trichologue-firat\/","title":{"rendered":"Trichologue Firat"},"content":{"rendered":"\n<div class=\"wp-block-columns is-layout-flex wp-container-core-columns-is-layout-3 wp-block-columns-is-layout-flex\">\n<div class=\"wp-block-column is-layout-flow wp-block-column-is-layout-flow\" style=\"flex-basis:33.33%\">\n<figure class=\"wp-block-image alignleft size-large\"><img decoding=\"async\" width=\"517\" height=\"1024\" src=\"https:\/\/cliniccenter.co.uk\/wp-content\/uploads\/2022\/01\/firat-siksik-517x1024.jpg\" alt=\"\" class=\"wp-image-34309\" srcset=\"https:\/\/cliniccenter.co.uk\/wp-content\/uploads\/2022\/01\/firat-siksik-517x1024.jpg 517w, https:\/\/cliniccenter.co.uk\/wp-content\/uploads\/2022\/01\/firat-siksik-152x300.jpg 152w, https:\/\/cliniccenter.co.uk\/wp-content\/uploads\/2022\/01\/firat-siksik.jpg 548w\" sizes=\"(max-width: 517px) 100vw, 517px\" \/><\/figure>\n<\/div>\n\n\n\n<div class=\"wp-block-column is-layout-flow wp-block-column-is-layout-flow\" style=\"flex-basis:66.66%\">\n<div class=\"wp-block-columns is-layout-flex wp-container-core-columns-is-layout-1 wp-block-columns-is-layout-flex\">\n<div class=\"wp-block-column leftpadbox is-layout-flow wp-block-column-is-layout-flow\">\n<p>Firat, trichologue, est l&rsquo;un des sp\u00e9cialistes les plus qualifi\u00e9s et les plus comp\u00e9tents en mati\u00e8re de greffe de cheveux en Turquie. Il effectue des greffes de cheveux depuis plus de 11 ans en collaboration avec les m\u00e9decins de la Soci\u00e9t\u00e9 internationale de chirurgie de restauration capillaire (ISHRS).<\/p>\n\n\n\n<p>Au cours de sa carri\u00e8re, il a effectu\u00e9 des milliers d&rsquo;interventions chirurgicales et s&rsquo;est sp\u00e9cialis\u00e9 dans diff\u00e9rents types de coiffures, comme les cheveux boucl\u00e9s et raides. C&rsquo;est pourquoi ses anciens patients ont toujours laiss\u00e9 d&rsquo;excellents avis sur ses techniques, quelle que soit la diversit\u00e9 de leurs coiffures.<\/p>\n<\/div>\n<\/div>\n\n\n\n<div class=\"wp-block-columns leftpadbox is-layout-flex wp-container-core-columns-is-layout-2 wp-block-columns-is-layout-flex\">\n<div class=\"wp-block-column is-layout-flow wp-block-column-is-layout-flow\">\n<p><strong>Exp\u00e9rience<\/strong> : 11 ans<br><strong>Patients trait\u00e9s \u00e0 l&rsquo;international<\/strong> : Royaume-Uni, Irlande, Australie, \u00c9tats-Unis d&rsquo;Am\u00e9rique, \u00c9mirats arabes unis, Arabie saoudite, Kowe\u00eft, pays de l&rsquo;Union europ\u00e9enne<br><strong>Domaines de sp\u00e9cialisation : <\/strong><a href=\"https:\/\/cliniccenter.co.uk\/fr\/greffe-de-cheveux-turquie\/\">Greffe de cheveux chez l&rsquo;homme<\/a> , <a href=\"https:\/\/cliniccenter.co.uk\/fr\/greffe-de-cheveux-femmes\/\">Greffe de cheveux chez la femme<\/a> , <a href=\"https:\/\/cliniccenter.co.uk\/fue-hair-transplant\/\">M\u00e9thode FUE et FUT<\/a> , <a href=\"https:\/\/cliniccenter.co.uk\/fr\/dhi-greffe-de-cheveux\/\">M\u00e9thode DHI<\/a> , <a href=\"https:\/\/cliniccenter.co.uk\/eyebrow-transplant-in-turkey\/\">Greffe de sourcils<\/a> , <a href=\"https:\/\/cliniccenter.co.uk\/fr\/greffe-de-cheveux-turquie\/\">Greffe de barbe<br><\/a><strong>Ville<\/strong> : Istanbul, Turquie<br><strong>Jours ouvrables<\/strong> : En semaine et samedi<br><strong>Contact<\/strong> : +44 20 3575 1039 et info@cliniccenter.co.uk<\/p>\n\n\n\n<p><\/p>\n<\/div>\n<\/div>\n<\/div>\n<\/div>\n\n\n\n<script type=\"application\/ld+json\">\n    {\n        \"@context\": \"http:\\\/\\\/schema.org\",\n        \"@type\": \"Physician\",\n        \"@id\": \"https:\/\/cliniccenter.co.uk\/trichologist-firat-siksik\/\",\n        \"areaServed\": {\n            \"@type\": \"Place\",\n            \"name\": \"Istanbul, Turkey\"\n        },\n        \"alumniOf\": {\n            \"@type\": \"OrganizationRole\",\n            \"alumniOf\": {\n                \"@type\": \"CollegeOrUniversity\",\n                \"name\": \"International Society of Hair Restoration Surgery (ISHRS).\"\n            }\n        },\n        \"employee\": {\n            \"@type\": \"Person\",\n            \"@id\": \"https:\/\/cliniccenter.co.uk\/trichologist-firat-siksik\/\",\n            \"description\": \"Trichologist Firat Siksik is one of the most skilled and qualified hair transplant specialists in Turkey. He has been performing hair transplants for more than 11 years working together with the doctors of the International Society of Hair Restoration Surgery (ISHRS). In his career so far, he has performed thousands of surgeries and specialized in different types of hairstyles such as curly and straight hair. That is why his former patients always left excellent reviews about him and his techniques, no matter how different their hairstyles are.\",\n            \"hasOccupation\": {\n                \"@type\": \"Occupation\",\n                \"name\": \"Hair Transplantation\"\n            },\n            \"knowsLanguage\": {\n                \"@type\": \"Language\",\n                \"name\": \"English\",\n                \"alternateName\": \"en\"\n            },\n            \"honorificSuffix\": \"Trichologist\"\n        },\n        \"hospitalAffiliation\": {\n            \"image\": {\n                \"@type\": \"ImageObject\",\n                \"@id\": \"https:\/\/cliniccenter.co.uk\/wp-content\/uploads\/2022\/01\/firat-siksik-517x1024.jpg\"\n            }\n        },\n        \"isAcceptingNewPatients\": \"https:\\\/\\\/schema.org\\\/True\",\n        \"isAccessibleForFree\": \"https:\\\/\\\/schema.org\\\/False\",\n        \"medicalSpecialty\": {\n            \"@type\": \"MedicalSpecialty\",\n            \"name\": \"Male Hair Transplantation, Female Hair Transplantation, FUE & FUT Method, DHI Method, Eyebrow Transplantation, Beard Transplantation\"\n        },\n        \"memberOf\": {\n            \"@type\": \"Organization\",\n            \"name\": [\n                \"\"\n            ]\n        },\n        \"name\": \"Dr. G\u00fcng\u00f6r G\u00fcl\"\n    }\n<\/script>\n","protected":false},"excerpt":{"rendered":"<p>Firat, trichologue, est l&rsquo;un des sp\u00e9cialistes les plus qualifi\u00e9s et les plus comp\u00e9tents en mati\u00e8re de greffe de cheveux en Turquie. Il effectue des greffes de cheveux depuis plus de 11 ans en collaboration avec les m\u00e9decins de la Soci\u00e9t\u00e9 internationale de chirurgie de restauration capillaire (ISHRS). Au cours de sa carri\u00e8re, il a effectu\u00e9 [&hellip;]<\/p>\n","protected":false},"author":8,"featured_media":0,"parent":56221,"menu_order":0,"comment_status":"closed","ping_status":"closed","template":"","meta":{"_uag_custom_page_level_css":"","_lmt_disableupdate":"no","_lmt_disable":"","site-sidebar-layout":"default","site-content-layout":"default","ast-site-content-layout":"default","site-content-style":"default","site-sidebar-style":"default","ast-global-header-display":"","ast-banner-title-visibility":"","ast-main-header-display":"","ast-hfb-above-header-display":"","ast-hfb-below-header-display":"","ast-hfb-mobile-header-display":"","site-post-title":"","ast-breadcrumbs-content":"","ast-featured-img":"","footer-sml-layout":"","theme-transparent-header-meta":"default","adv-header-id-meta":"","stick-header-meta":"","header-above-stick-meta":"","header-main-stick-meta":"","header-below-stick-meta":"","astra-migrate-meta-layouts":"set","ast-page-background-enabled":"default","ast-page-background-meta":{"desktop":{"background-color":"","background-image":"","background-repeat":"repeat","background-position":"center center","background-size":"auto","background-attachment":"scroll","background-type":"","background-media":"","overlay-type":"","overlay-color":"","overlay-opacity":"","overlay-gradient":""},"tablet":{"background-color":"","background-image":"","background-repeat":"repeat","background-position":"center center","background-size":"auto","background-attachment":"scroll","background-type":"","background-media":"","overlay-type":"","overlay-color":"","overlay-opacity":"","overlay-gradient":""},"mobile":{"background-color":"","background-image":"","background-repeat":"repeat","background-position":"center center","background-size":"auto","background-attachment":"scroll","background-type":"","background-media":"","overlay-type":"","overlay-color":"","overlay-opacity":"","overlay-gradient":""}},"ast-content-background-meta":{"desktop":{"background-color":"var(--ast-global-color-5)","background-image":"","background-repeat":"repeat","background-position":"center center","background-size":"auto","background-attachment":"scroll","background-type":"","background-media":"","overlay-type":"","overlay-color":"","overlay-opacity":"","overlay-gradient":""},"tablet":{"background-color":"var(--ast-global-color-5)","background-image":"","background-repeat":"repeat","background-position":"center center","background-size":"auto","background-attachment":"scroll","background-type":"","background-media":"","overlay-type":"","overlay-color":"","overlay-opacity":"","overlay-gradient":""},"mobile":{"background-color":"var(--ast-global-color-5)","background-image":"","background-repeat":"repeat","background-position":"center center","background-size":"auto","background-attachment":"scroll","background-type":"","background-media":"","overlay-type":"","overlay-color":"","overlay-opacity":"","overlay-gradient":""}},"footnotes":""},"class_list":["post-56211","page","type-page","status-publish","hentry"],"yoast_head":"<!-- This site is optimized with the Yoast SEO plugin v25.3.1 - https:\/\/yoast.com\/wordpress\/plugins\/seo\/ -->\n<title>Trichologist Firat | Clinic Center<\/title>\n<meta name=\"description\" content=\"Read more about partner expert Trichologist Firat SIKSIK at Clinic Center, with 7 years of experience in hair transplant.\" \/>\n<meta name=\"robots\" content=\"index, follow, max-snippet:-1, max-image-preview:large, max-video-preview:-1\" \/>\n<link rel=\"canonical\" href=\"https:\/\/cliniccenter.co.uk\/fr\/trichologue-firat\/\" \/>\n<meta property=\"og:locale\" content=\"fr_FR\" \/>\n<meta property=\"og:type\" content=\"article\" \/>\n<meta property=\"og:title\" content=\"Trichologist Firat | Clinic Center\" \/>\n<meta property=\"og:description\" content=\"Read more about partner expert Trichologist Firat SIKSIK at Clinic Center, with 7 years of experience in hair transplant.\" \/>\n<meta property=\"og:url\" content=\"https:\/\/cliniccenter.co.uk\/fr\/trichologue-firat\/\" \/>\n<meta property=\"article:publisher\" content=\"https:\/\/www.facebook.com\/cliniccenter.co.uk\/\" \/>\n<meta property=\"article:modified_time\" content=\"2025-05-23T07:53:26+00:00\" \/>\n<meta property=\"og:image\" content=\"https:\/\/cliniccenter.co.uk\/wp-content\/uploads\/2022\/01\/firat-siksik-517x1024.jpg\" \/>\n<meta name=\"twitter:card\" content=\"summary_large_image\" \/>\n<meta name=\"twitter:site\" content=\"@cliniccenteruk\" \/>\n<meta name=\"twitter:label1\" content=\"Dur\u00e9e de lecture estim\u00e9e\" \/>\n\t<meta name=\"twitter:data1\" content=\"1 minute\" \/>\n<!-- \/ Yoast SEO plugin. -->","yoast_head_json":{"title":"Trichologist Firat | Clinic Center","description":"Read more about partner expert Trichologist Firat SIKSIK at Clinic Center, with 7 years of experience in hair transplant.","robots":{"index":"index","follow":"follow","max-snippet":"max-snippet:-1","max-image-preview":"max-image-preview:large","max-video-preview":"max-video-preview:-1"},"canonical":"https:\/\/cliniccenter.co.uk\/fr\/trichologue-firat\/","og_locale":"fr_FR","og_type":"article","og_title":"Trichologist Firat | Clinic Center","og_description":"Read more about partner expert Trichologist Firat SIKSIK at Clinic Center, with 7 years of experience in hair transplant.","og_url":"https:\/\/cliniccenter.co.uk\/fr\/trichologue-firat\/","article_publisher":"https:\/\/www.facebook.com\/cliniccenter.co.uk\/","article_modified_time":"2025-05-23T07:53:26+00:00","og_image":[{"url":"https:\/\/cliniccenter.co.uk\/wp-content\/uploads\/2022\/01\/firat-siksik-517x1024.jpg","type":"","width":"","height":""}],"twitter_card":"summary_large_image","twitter_site":"@cliniccenteruk","twitter_misc":{"Dur\u00e9e de lecture estim\u00e9e":"1 minute"},"schema":{"@context":"https:\/\/schema.org","@graph":[{"@type":"WebPage","@id":"https:\/\/cliniccenter.co.uk\/fr\/trichologue-firat\/","url":"https:\/\/cliniccenter.co.uk\/fr\/trichologue-firat\/","name":"Trichologist Firat | Clinic Center","isPartOf":{"@id":"https:\/\/cliniccenter.co.uk\/ro\/#website"},"primaryImageOfPage":{"@id":"https:\/\/cliniccenter.co.uk\/fr\/trichologue-firat\/#primaryimage"},"image":{"@id":"https:\/\/cliniccenter.co.uk\/fr\/trichologue-firat\/#primaryimage"},"thumbnailUrl":"https:\/\/cliniccenter.co.uk\/wp-content\/uploads\/2022\/01\/firat-siksik-517x1024.jpg","datePublished":"2022-01-31T12:35:57+00:00","dateModified":"2025-05-23T07:53:26+00:00","description":"Read more about partner expert Trichologist Firat SIKSIK at Clinic Center, with 7 years of experience in hair transplant.","breadcrumb":{"@id":"https:\/\/cliniccenter.co.uk\/fr\/trichologue-firat\/#breadcrumb"},"inLanguage":"fr-FR","potentialAction":[{"@type":"ReadAction","target":["https:\/\/cliniccenter.co.uk\/fr\/trichologue-firat\/"]}]},{"@type":"ImageObject","inLanguage":"fr-FR","@id":"https:\/\/cliniccenter.co.uk\/fr\/trichologue-firat\/#primaryimage","url":"https:\/\/cliniccenter.co.uk\/wp-content\/uploads\/2022\/01\/firat-siksik-517x1024.jpg","contentUrl":"https:\/\/cliniccenter.co.uk\/wp-content\/uploads\/2022\/01\/firat-siksik-517x1024.jpg"},{"@type":"BreadcrumbList","@id":"https:\/\/cliniccenter.co.uk\/fr\/trichologue-firat\/#breadcrumb","itemListElement":[{"@type":"ListItem","position":1,"name":"Home","item":"https:\/\/cliniccenter.co.uk\/fr\/"},{"@type":"ListItem","position":2,"name":"Meilleurs Chirurgiens en Turquie | Principales Chirurgies en Turquie","item":"https:\/\/cliniccenter.co.uk\/fr\/medecins\/"},{"@type":"ListItem","position":3,"name":"Trichologue Firat"}]},{"@type":"WebSite","@id":"https:\/\/cliniccenter.co.uk\/ro\/#website","url":"https:\/\/cliniccenter.co.uk\/ro\/","name":"","description":"","potentialAction":[{"@type":"SearchAction","target":{"@type":"EntryPoint","urlTemplate":"https:\/\/cliniccenter.co.uk\/ro\/?s={search_term_string}"},"query-input":{"@type":"PropertyValueSpecification","valueRequired":true,"valueName":"search_term_string"}}],"inLanguage":"fr-FR"}]}},"uagb_featured_image_src":{"full":false,"thumbnail":false,"medium":false,"medium_large":false,"large":false,"1536x1536":false,"2048x2048":false},"uagb_author_info":{"display_name":"Kadir Uysal","author_link":"https:\/\/cliniccenter.co.uk\/fr\/blog\/author\/kadircliniccenter-co-uk\/"},"uagb_comment_info":0,"uagb_excerpt":"Firat, trichologue, est l&rsquo;un des sp\u00e9cialistes les plus qualifi\u00e9s et les plus comp\u00e9tents en mati\u00e8re de greffe de cheveux en Turquie. Il effectue des greffes de cheveux depuis plus de 11 ans en collaboration avec les m\u00e9decins de la Soci\u00e9t\u00e9 internationale de chirurgie de restauration capillaire (ISHRS). Au cours de sa carri\u00e8re, il a effectu\u00e9\u2026","_links":{"self":[{"href":"https:\/\/cliniccenter.co.uk\/fr\/wp-json\/wp\/v2\/pages\/56211"}],"collection":[{"href":"https:\/\/cliniccenter.co.uk\/fr\/wp-json\/wp\/v2\/pages"}],"about":[{"href":"https:\/\/cliniccenter.co.uk\/fr\/wp-json\/wp\/v2\/types\/page"}],"author":[{"embeddable":true,"href":"https:\/\/cliniccenter.co.uk\/fr\/wp-json\/wp\/v2\/users\/8"}],"replies":[{"embeddable":true,"href":"https:\/\/cliniccenter.co.uk\/fr\/wp-json\/wp\/v2\/comments?post=56211"}],"version-history":[{"count":1,"href":"https:\/\/cliniccenter.co.uk\/fr\/wp-json\/wp\/v2\/pages\/56211\/revisions"}],"predecessor-version":[{"id":56216,"href":"https:\/\/cliniccenter.co.uk\/fr\/wp-json\/wp\/v2\/pages\/56211\/revisions\/56216"}],"up":[{"embeddable":true,"href":"https:\/\/cliniccenter.co.uk\/fr\/wp-json\/wp\/v2\/pages\/56221"}],"wp:attachment":[{"href":"https:\/\/cliniccenter.co.uk\/fr\/wp-json\/wp\/v2\/media?parent=56211"}],"curies":[{"name":"wp","href":"https:\/\/api.w.org\/{rel}","templated":true}]}}