{"id":56221,"date":"2018-01-11T14:42:09","date_gmt":"2018-01-11T14:42:09","guid":{"rendered":"https:\/\/cliniccenter.co.uk\/doctors\/"},"modified":"2024-11-05T15:23:13","modified_gmt":"2024-11-05T15:23:13","slug":"medecins","status":"publish","type":"page","link":"https:\/\/cliniccenter.co.uk\/fr\/medecins\/","title":{"rendered":"Meilleurs Chirurgiens en Turquie | Principales Chirurgies en Turquie"},"content":{"rendered":"\n<p><\/p>\n\n\n<style>#pfg-gallery-56174 {--pfg-cols-xl:4;--pfg-cols-lg:1;--pfg-cols-md:3;--pfg-cols-sm:1;--pfg-gap:20px;--pfg-border-width:1px;--pfg-border-color:#ffffff;--pfg-border-radius:0px;--pfg-filter-bg:#94a3b8;--pfg-filter-text:#ffffff;--pfg-filter-active-bg:#656565;--pfg-filter-active-text:#ffffff;--pfg-caption-bg:#ffffff;--pfg-caption-text:#1e293b;}<\/style><div id=\"pfg-gallery-56174\" class=\"pfg-gallery-wrapper pfg-loading pfg-template-modern-cards\" data-gallery-id=\"56174\" data-multi-select=\"false\" data-filter-logic=\"or\" data-filter-hierarchy=\"[]\" data-url-param=\"filter\" data-version=\"2.0.6\" data-show-preloader=\"true\" data-lightbox-title=\"true\" data-lightbox-description=\"false\"><div class=\"pfg-preloader\"><div class=\"pfg-preloader-spinner\"><\/div><span class=\"pfg-preloader-text\">Loading...<\/span><\/div><div class=\"pfg-grid pfg-grid--large\" style=\"--pfg-overlay-color: rgba(0, 0, 0, 0.7); --pfg-primary-color: #94a3b8; --pfg-caption-text: #1e293b; --pfg-caption-bg: #ffffff\"><div class=\"pfg-item pfg-filter-hair pfg-item-hover--hvr-grow-shadow\" data-id=\"34948\"><span class=\"pfg-item-type-icon pfg-item-type-icon--link\" title=\"External Link\"><svg xmlns=\"http:\/\/www.w3.org\/2000\/svg\" viewBox=\"0 0 24 24\" fill=\"currentColor\" width=\"14\" height=\"14\"><path d=\"M19 19H5V5h7V3H5c-1.11 0-2 .9-2 2v14c0 1.1.89 2 2 2h14c1.1 0 2-.9 2-2v-7h-2v7zM14 3v2h3.59l-9.83 9.83 1.41 1.41L19 6.41V10h2V3h-7z\"\/><\/svg><\/span><div class=\"pfg-item-link pfg-item-link--dual\"><img src=\"https:\/\/cliniccenter.co.uk\/wp-content\/uploads\/2022\/03\/firat-siksik-2-1.jpg\" srcset=\"https:\/\/cliniccenter.co.uk\/wp-content\/uploads\/2022\/03\/firat-siksik-2-1.jpg 500w, https:\/\/cliniccenter.co.uk\/wp-content\/uploads\/2022\/03\/firat-siksik-2-1-300x300.jpg 300w, https:\/\/cliniccenter.co.uk\/wp-content\/uploads\/2022\/03\/firat-siksik-2-1-150x150.jpg 150w\" sizes=\"(min-width: 1200px) 25vw, (min-width: 992px) 100vw, (min-width: 768px) 33vw, 100vw\" alt=\"Trichologue Firat\" loading=\"eager\" decoding=\"async\" class=\"pfg-item-image\"><div class=\"pfg-item-actions\"><a href=\"https:\/\/cliniccenter.co.uk\/fr\/trichologue-firat\/\" class=\"pfg-action-btn pfg-action-link\" target=\"_blank\" rel=\"noopener\" title=\"Open Link\"><svg viewBox=\"0 0 24 24\" fill=\"none\" stroke=\"currentColor\" stroke-width=\"2\" stroke-linecap=\"round\" stroke-linejoin=\"round\"><path d=\"M18 13v6a2 2 0 01-2 2H5a2 2 0 01-2-2V8a2 2 0 012-2h6\"\/><polyline points=\"15 3 21 3 21 9\"\/><line x1=\"10\" y1=\"14\" x2=\"21\" y2=\"3\"\/><\/svg><\/a><a href=\"https:\/\/cliniccenter.co.uk\/wp-content\/uploads\/2022\/03\/firat-siksik-2-1.jpg\" class=\"pfg-action-btn pfg-action-view\" data-lightbox=\"pfg-56174\" data-title=\"Trichologue Firat\" data-description=\"\" title=\"View Image\"><svg viewBox=\"0 0 24 24\" fill=\"none\" stroke=\"currentColor\" stroke-width=\"2\" stroke-linecap=\"round\" stroke-linejoin=\"round\"><circle cx=\"11\" cy=\"11\" r=\"8\"\/><line x1=\"21\" y1=\"21\" x2=\"16.65\" y2=\"16.65\"\/><line x1=\"11\" y1=\"8\" x2=\"11\" y2=\"14\"\/><line x1=\"8\" y1=\"11\" x2=\"14\" y2=\"11\"\/><\/svg><\/a><\/div><div class=\"pfg-item-caption pfg-item-caption--overlay\"><h3 class=\"pfg-item-title\">Trichologue Firat<\/h3><\/div><\/div><\/div><div class=\"pfg-item pfg-filter-plastic pfg-item-hover--hvr-grow-shadow\" data-id=\"50279\"><span class=\"pfg-item-type-icon pfg-item-type-icon--link\" title=\"External Link\"><svg xmlns=\"http:\/\/www.w3.org\/2000\/svg\" viewBox=\"0 0 24 24\" fill=\"currentColor\" width=\"14\" height=\"14\"><path d=\"M19 19H5V5h7V3H5c-1.11 0-2 .9-2 2v14c0 1.1.89 2 2 2h14c1.1 0 2-.9 2-2v-7h-2v7zM14 3v2h3.59l-9.83 9.83 1.41 1.41L19 6.41V10h2V3h-7z\"\/><\/svg><\/span><div class=\"pfg-item-link pfg-item-link--dual\"><img src=\"https:\/\/cliniccenter.co.uk\/wp-content\/uploads\/2024\/01\/aydin-g_z_-1.jpg\" srcset=\"https:\/\/cliniccenter.co.uk\/wp-content\/uploads\/2024\/01\/aydin-g_z_-1.jpg 500w, https:\/\/cliniccenter.co.uk\/wp-content\/uploads\/2024\/01\/aydin-g_z_-1-300x300.jpg 300w, https:\/\/cliniccenter.co.uk\/wp-content\/uploads\/2024\/01\/aydin-g_z_-1-150x150.jpg 150w\" sizes=\"(min-width: 1200px) 25vw, (min-width: 992px) 100vw, (min-width: 768px) 33vw, 100vw\" alt=\"Prof. Dr. Aydin\" loading=\"eager\" decoding=\"async\" class=\"pfg-item-image\"><div class=\"pfg-item-actions\"><a href=\"https:\/\/cliniccenter.co.uk\/fr\/prof-dr-aydin\/\" class=\"pfg-action-btn pfg-action-link\" target=\"_blank\" rel=\"noopener\" title=\"Open Link\"><svg viewBox=\"0 0 24 24\" fill=\"none\" stroke=\"currentColor\" stroke-width=\"2\" stroke-linecap=\"round\" stroke-linejoin=\"round\"><path d=\"M18 13v6a2 2 0 01-2 2H5a2 2 0 01-2-2V8a2 2 0 012-2h6\"\/><polyline points=\"15 3 21 3 21 9\"\/><line x1=\"10\" y1=\"14\" x2=\"21\" y2=\"3\"\/><\/svg><\/a><a href=\"https:\/\/cliniccenter.co.uk\/wp-content\/uploads\/2024\/01\/aydin-g_z_-1.jpg\" class=\"pfg-action-btn pfg-action-view\" data-lightbox=\"pfg-56174\" data-title=\"Prof. Dr. Aydin\" data-description=\"\" title=\"View Image\"><svg viewBox=\"0 0 24 24\" fill=\"none\" stroke=\"currentColor\" stroke-width=\"2\" stroke-linecap=\"round\" stroke-linejoin=\"round\"><circle cx=\"11\" cy=\"11\" r=\"8\"\/><line x1=\"21\" y1=\"21\" x2=\"16.65\" y2=\"16.65\"\/><line x1=\"11\" y1=\"8\" x2=\"11\" y2=\"14\"\/><line x1=\"8\" y1=\"11\" x2=\"14\" y2=\"11\"\/><\/svg><\/a><\/div><div class=\"pfg-item-caption pfg-item-caption--overlay\"><h3 class=\"pfg-item-title\">Prof. Dr. Aydin<\/h3><\/div><\/div><\/div><div class=\"pfg-item pfg-filter-plastic pfg-item-hover--hvr-grow-shadow\" data-id=\"56965\"><span class=\"pfg-item-type-icon pfg-item-type-icon--link\" title=\"External Link\"><svg xmlns=\"http:\/\/www.w3.org\/2000\/svg\" viewBox=\"0 0 24 24\" fill=\"currentColor\" width=\"14\" height=\"14\"><path d=\"M19 19H5V5h7V3H5c-1.11 0-2 .9-2 2v14c0 1.1.89 2 2 2h14c1.1 0 2-.9 2-2v-7h-2v7zM14 3v2h3.59l-9.83 9.83 1.41 1.41L19 6.41V10h2V3h-7z\"\/><\/svg><\/span><div class=\"pfg-item-link pfg-item-link--dual\"><img src=\"https:\/\/cliniccenter.co.uk\/wp-content\/uploads\/2024\/01\/daghan-isik-1.jpg\" srcset=\"https:\/\/cliniccenter.co.uk\/wp-content\/uploads\/2024\/01\/daghan-isik-1.jpg 500w, https:\/\/cliniccenter.co.uk\/wp-content\/uploads\/2024\/01\/daghan-isik-1-300x300.jpg 300w, https:\/\/cliniccenter.co.uk\/wp-content\/uploads\/2024\/01\/daghan-isik-1-150x150.jpg 150w\" sizes=\"(min-width: 1200px) 25vw, (min-width: 992px) 100vw, (min-width: 768px) 33vw, 100vw\" alt=\"Assoc. Prof. Dr. Daghan\" loading=\"eager\" decoding=\"async\" class=\"pfg-item-image\"><div class=\"pfg-item-actions\"><a href=\"https:\/\/cliniccenter.co.uk\/fr\/assoc-prof-dr-daghan\/\" class=\"pfg-action-btn pfg-action-link\" target=\"_blank\" rel=\"noopener\" title=\"Open Link\"><svg viewBox=\"0 0 24 24\" fill=\"none\" stroke=\"currentColor\" stroke-width=\"2\" stroke-linecap=\"round\" stroke-linejoin=\"round\"><path d=\"M18 13v6a2 2 0 01-2 2H5a2 2 0 01-2-2V8a2 2 0 012-2h6\"\/><polyline points=\"15 3 21 3 21 9\"\/><line x1=\"10\" y1=\"14\" x2=\"21\" y2=\"3\"\/><\/svg><\/a><a href=\"https:\/\/cliniccenter.co.uk\/wp-content\/uploads\/2024\/01\/daghan-isik-1.jpg\" class=\"pfg-action-btn pfg-action-view\" data-lightbox=\"pfg-56174\" data-title=\"Assoc. Prof. Dr. Daghan\" data-description=\"\" title=\"View Image\"><svg viewBox=\"0 0 24 24\" fill=\"none\" stroke=\"currentColor\" stroke-width=\"2\" stroke-linecap=\"round\" stroke-linejoin=\"round\"><circle cx=\"11\" cy=\"11\" r=\"8\"\/><line x1=\"21\" y1=\"21\" x2=\"16.65\" y2=\"16.65\"\/><line x1=\"11\" y1=\"8\" x2=\"11\" y2=\"14\"\/><line x1=\"8\" y1=\"11\" x2=\"14\" y2=\"11\"\/><\/svg><\/a><\/div><div class=\"pfg-item-caption pfg-item-caption--overlay\"><h3 class=\"pfg-item-title\">Assoc. Prof. Dr. Daghan<\/h3><\/div><\/div><\/div><div class=\"pfg-item pfg-filter-plastic pfg-item-hover--hvr-grow-shadow\" data-id=\"56967\"><span class=\"pfg-item-type-icon pfg-item-type-icon--link\" title=\"External Link\"><svg xmlns=\"http:\/\/www.w3.org\/2000\/svg\" viewBox=\"0 0 24 24\" fill=\"currentColor\" width=\"14\" height=\"14\"><path d=\"M19 19H5V5h7V3H5c-1.11 0-2 .9-2 2v14c0 1.1.89 2 2 2h14c1.1 0 2-.9 2-2v-7h-2v7zM14 3v2h3.59l-9.83 9.83 1.41 1.41L19 6.41V10h2V3h-7z\"\/><\/svg><\/span><div class=\"pfg-item-link pfg-item-link--dual\"><img src=\"https:\/\/cliniccenter.co.uk\/wp-content\/uploads\/2022\/03\/celalattin-sever.jpg\" srcset=\"https:\/\/cliniccenter.co.uk\/wp-content\/uploads\/2022\/03\/celalattin-sever.jpg 500w, https:\/\/cliniccenter.co.uk\/wp-content\/uploads\/2022\/03\/celalattin-sever-300x300.jpg 300w, https:\/\/cliniccenter.co.uk\/wp-content\/uploads\/2022\/03\/celalattin-sever-150x150.jpg 150w\" sizes=\"(min-width: 1200px) 25vw, (min-width: 992px) 100vw, (min-width: 768px) 33vw, 100vw\" alt=\"Dr Celalettin, Professeur Agr\u00e9g\u00e9\" loading=\"eager\" decoding=\"async\" class=\"pfg-item-image\"><div class=\"pfg-item-actions\"><a href=\"https:\/\/cliniccenter.co.uk\/fr\/assoc-prof-dr-celalettin\/\" class=\"pfg-action-btn pfg-action-link\" target=\"_blank\" rel=\"noopener\" title=\"Open Link\"><svg viewBox=\"0 0 24 24\" fill=\"none\" stroke=\"currentColor\" stroke-width=\"2\" stroke-linecap=\"round\" stroke-linejoin=\"round\"><path d=\"M18 13v6a2 2 0 01-2 2H5a2 2 0 01-2-2V8a2 2 0 012-2h6\"\/><polyline points=\"15 3 21 3 21 9\"\/><line x1=\"10\" y1=\"14\" x2=\"21\" y2=\"3\"\/><\/svg><\/a><a href=\"https:\/\/cliniccenter.co.uk\/wp-content\/uploads\/2022\/03\/celalattin-sever.jpg\" class=\"pfg-action-btn pfg-action-view\" data-lightbox=\"pfg-56174\" data-title=\"Dr Celalettin, Professeur Agr\u00e9g\u00e9\" data-description=\"\" title=\"View Image\"><svg viewBox=\"0 0 24 24\" fill=\"none\" stroke=\"currentColor\" stroke-width=\"2\" stroke-linecap=\"round\" stroke-linejoin=\"round\"><circle cx=\"11\" cy=\"11\" r=\"8\"\/><line x1=\"21\" y1=\"21\" x2=\"16.65\" y2=\"16.65\"\/><line x1=\"11\" y1=\"8\" x2=\"11\" y2=\"14\"\/><line x1=\"8\" y1=\"11\" x2=\"14\" y2=\"11\"\/><\/svg><\/a><\/div><div class=\"pfg-item-caption pfg-item-caption--overlay\"><h3 class=\"pfg-item-title\">Dr Celalettin, Professeur Agr\u00e9g\u00e9<\/h3><\/div><\/div><\/div><div class=\"pfg-item pfg-filter-plastic pfg-item-hover--hvr-grow-shadow\" data-id=\"57284\"><span class=\"pfg-item-type-icon pfg-item-type-icon--link\" title=\"External Link\"><svg xmlns=\"http:\/\/www.w3.org\/2000\/svg\" viewBox=\"0 0 24 24\" fill=\"currentColor\" width=\"14\" height=\"14\"><path d=\"M19 19H5V5h7V3H5c-1.11 0-2 .9-2 2v14c0 1.1.89 2 2 2h14c1.1 0 2-.9 2-2v-7h-2v7zM14 3v2h3.59l-9.83 9.83 1.41 1.41L19 6.41V10h2V3h-7z\"\/><\/svg><\/span><div class=\"pfg-item-link pfg-item-link--dual\"><img src=\"https:\/\/cliniccenter.co.uk\/wp-content\/uploads\/2024\/01\/dr-mehmet-kare.jpg\" srcset=\"https:\/\/cliniccenter.co.uk\/wp-content\/uploads\/2024\/01\/dr-mehmet-kare.jpg 500w, https:\/\/cliniccenter.co.uk\/wp-content\/uploads\/2024\/01\/dr-mehmet-kare-300x300.jpg 300w, https:\/\/cliniccenter.co.uk\/wp-content\/uploads\/2024\/01\/dr-mehmet-kare-150x150.jpg 150w\" sizes=\"(min-width: 1200px) 25vw, (min-width: 992px) 100vw, (min-width: 768px) 33vw, 100vw\" alt=\"Dr Mehmet\" loading=\"eager\" decoding=\"async\" class=\"pfg-item-image\"><div class=\"pfg-item-actions\"><a href=\"https:\/\/cliniccenter.co.uk\/fr\/op-dr-mehmet\/\" class=\"pfg-action-btn pfg-action-link\" target=\"_blank\" rel=\"noopener\" title=\"Open Link\"><svg viewBox=\"0 0 24 24\" fill=\"none\" stroke=\"currentColor\" stroke-width=\"2\" stroke-linecap=\"round\" stroke-linejoin=\"round\"><path d=\"M18 13v6a2 2 0 01-2 2H5a2 2 0 01-2-2V8a2 2 0 012-2h6\"\/><polyline points=\"15 3 21 3 21 9\"\/><line x1=\"10\" y1=\"14\" x2=\"21\" y2=\"3\"\/><\/svg><\/a><a href=\"https:\/\/cliniccenter.co.uk\/wp-content\/uploads\/2024\/01\/dr-mehmet-kare.jpg\" class=\"pfg-action-btn pfg-action-view\" data-lightbox=\"pfg-56174\" data-title=\"Dr Mehmet\" data-description=\"\" title=\"View Image\"><svg viewBox=\"0 0 24 24\" fill=\"none\" stroke=\"currentColor\" stroke-width=\"2\" stroke-linecap=\"round\" stroke-linejoin=\"round\"><circle cx=\"11\" cy=\"11\" r=\"8\"\/><line x1=\"21\" y1=\"21\" x2=\"16.65\" y2=\"16.65\"\/><line x1=\"11\" y1=\"8\" x2=\"11\" y2=\"14\"\/><line x1=\"8\" y1=\"11\" x2=\"14\" y2=\"11\"\/><\/svg><\/a><\/div><div class=\"pfg-item-caption pfg-item-caption--overlay\"><h3 class=\"pfg-item-title\">Dr Mehmet<\/h3><\/div><\/div><\/div><div class=\"pfg-item pfg-filter-plastic pfg-item-hover--hvr-grow-shadow\" data-id=\"56975\"><span class=\"pfg-item-type-icon pfg-item-type-icon--link\" title=\"External Link\"><svg xmlns=\"http:\/\/www.w3.org\/2000\/svg\" viewBox=\"0 0 24 24\" fill=\"currentColor\" width=\"14\" height=\"14\"><path d=\"M19 19H5V5h7V3H5c-1.11 0-2 .9-2 2v14c0 1.1.89 2 2 2h14c1.1 0 2-.9 2-2v-7h-2v7zM14 3v2h3.59l-9.83 9.83 1.41 1.41L19 6.41V10h2V3h-7z\"\/><\/svg><\/span><div class=\"pfg-item-link pfg-item-link--dual\"><img src=\"https:\/\/cliniccenter.co.uk\/wp-content\/uploads\/2024\/01\/hakan-gundogan.jpg\" srcset=\"https:\/\/cliniccenter.co.uk\/wp-content\/uploads\/2024\/01\/hakan-gundogan.jpg 500w, https:\/\/cliniccenter.co.uk\/wp-content\/uploads\/2024\/01\/hakan-gundogan-300x300.jpg 300w, https:\/\/cliniccenter.co.uk\/wp-content\/uploads\/2024\/01\/hakan-gundogan-150x150.jpg 150w\" sizes=\"(min-width: 1200px) 25vw, (min-width: 992px) 100vw, (min-width: 768px) 33vw, 100vw\" alt=\"Dr. Hakan\" loading=\"eager\" decoding=\"async\" class=\"pfg-item-image\"><div class=\"pfg-item-actions\"><a href=\"https:\/\/cliniccenter.co.uk\/fr\/dr-hakan\/\" class=\"pfg-action-btn pfg-action-link\" target=\"_blank\" rel=\"noopener\" title=\"Open Link\"><svg viewBox=\"0 0 24 24\" fill=\"none\" stroke=\"currentColor\" stroke-width=\"2\" stroke-linecap=\"round\" stroke-linejoin=\"round\"><path d=\"M18 13v6a2 2 0 01-2 2H5a2 2 0 01-2-2V8a2 2 0 012-2h6\"\/><polyline points=\"15 3 21 3 21 9\"\/><line x1=\"10\" y1=\"14\" x2=\"21\" y2=\"3\"\/><\/svg><\/a><a href=\"https:\/\/cliniccenter.co.uk\/wp-content\/uploads\/2024\/01\/hakan-gundogan.jpg\" class=\"pfg-action-btn pfg-action-view\" data-lightbox=\"pfg-56174\" data-title=\"Dr. Hakan\" data-description=\"\" title=\"View Image\"><svg viewBox=\"0 0 24 24\" fill=\"none\" stroke=\"currentColor\" stroke-width=\"2\" stroke-linecap=\"round\" stroke-linejoin=\"round\"><circle cx=\"11\" cy=\"11\" r=\"8\"\/><line x1=\"21\" y1=\"21\" x2=\"16.65\" y2=\"16.65\"\/><line x1=\"11\" y1=\"8\" x2=\"11\" y2=\"14\"\/><line x1=\"8\" y1=\"11\" x2=\"14\" y2=\"11\"\/><\/svg><\/a><\/div><div class=\"pfg-item-caption pfg-item-caption--overlay\"><h3 class=\"pfg-item-title\">Dr. Hakan<\/h3><\/div><\/div><\/div><\/div><\/div>\n\n\n\n<div class=\"wp-block-columns is-layout-flex wp-container-core-columns-is-layout-1 wp-block-columns-is-layout-flex\">\n<div class=\"wp-block-column is-layout-flow wp-block-column-is-layout-flow\"><\/div>\n<\/div>\n\n\n\n<style>\n@media only screen and (max-width: 820px) {\n.thumbnail_wrap_ {\n    width: 100% !important;\n}\n\na.thumbnail_.showThumb {\n    width: 100% !important;\n    text-align: center;\n}\n\n.thum_div.figure {\n    width: 100%;\n}\n}\n<\/style>\n","protected":false},"excerpt":{"rendered":"","protected":false},"author":2,"featured_media":0,"parent":0,"menu_order":0,"comment_status":"closed","ping_status":"closed","template":"","meta":{"_uag_custom_page_level_css":"","_lmt_disableupdate":"no","_lmt_disable":"","site-sidebar-layout":"default","site-content-layout":"default","ast-site-content-layout":"default","site-content-style":"default","site-sidebar-style":"default","ast-global-header-display":"","ast-banner-title-visibility":"","ast-main-header-display":"","ast-hfb-above-header-display":"","ast-hfb-below-header-display":"","ast-hfb-mobile-header-display":"","site-post-title":"","ast-breadcrumbs-content":"","ast-featured-img":"","footer-sml-layout":"","theme-transparent-header-meta":"default","adv-header-id-meta":"","stick-header-meta":"","header-above-stick-meta":"","header-main-stick-meta":"","header-below-stick-meta":"","astra-migrate-meta-layouts":"set","ast-page-background-enabled":"default","ast-page-background-meta":{"desktop":{"background-color":"","background-image":"","background-repeat":"repeat","background-position":"center center","background-size":"auto","background-attachment":"scroll","background-type":"","background-media":"","overlay-type":"","overlay-color":"","overlay-opacity":"","overlay-gradient":""},"tablet":{"background-color":"","background-image":"","background-repeat":"repeat","background-position":"center center","background-size":"auto","background-attachment":"scroll","background-type":"","background-media":"","overlay-type":"","overlay-color":"","overlay-opacity":"","overlay-gradient":""},"mobile":{"background-color":"","background-image":"","background-repeat":"repeat","background-position":"center center","background-size":"auto","background-attachment":"scroll","background-type":"","background-media":"","overlay-type":"","overlay-color":"","overlay-opacity":"","overlay-gradient":""}},"ast-content-background-meta":{"desktop":{"background-color":"var(--ast-global-color-5)","background-image":"","background-repeat":"repeat","background-position":"center center","background-size":"auto","background-attachment":"scroll","background-type":"","background-media":"","overlay-type":"","overlay-color":"","overlay-opacity":"","overlay-gradient":""},"tablet":{"background-color":"var(--ast-global-color-5)","background-image":"","background-repeat":"repeat","background-position":"center center","background-size":"auto","background-attachment":"scroll","background-type":"","background-media":"","overlay-type":"","overlay-color":"","overlay-opacity":"","overlay-gradient":""},"mobile":{"background-color":"var(--ast-global-color-5)","background-image":"","background-repeat":"repeat","background-position":"center center","background-size":"auto","background-attachment":"scroll","background-type":"","background-media":"","overlay-type":"","overlay-color":"","overlay-opacity":"","overlay-gradient":""}},"footnotes":""},"class_list":["post-56221","page","type-page","status-publish","hentry"],"yoast_head":"<!-- This site is optimized with the Yoast SEO plugin v25.3.1 - https:\/\/yoast.com\/wordpress\/plugins\/seo\/ -->\n<title>Meilleurs Chirurgiens en Turquie | Principales Chirurgies en Turquie<\/title>\n<meta name=\"description\" content=\"D\u00e9couvrez le portfolio de chirurgiens talentueux et certifi\u00e9s. Ne manquez pas le privil\u00e8ge de Clinic Center.\" \/>\n<meta name=\"robots\" content=\"index, follow, max-snippet:-1, max-image-preview:large, max-video-preview:-1\" \/>\n<link rel=\"canonical\" href=\"https:\/\/cliniccenter.co.uk\/fr\/medecins\/\" \/>\n<meta property=\"og:locale\" content=\"fr_FR\" \/>\n<meta property=\"og:type\" content=\"article\" \/>\n<meta property=\"og:title\" content=\"Meilleurs Chirurgiens en Turquie | Principales Chirurgies en Turquie\" \/>\n<meta property=\"og:description\" content=\"D\u00e9couvrez le portfolio de chirurgiens talentueux et certifi\u00e9s. Ne manquez pas le privil\u00e8ge de Clinic Center.\" \/>\n<meta property=\"og:url\" content=\"https:\/\/cliniccenter.co.uk\/fr\/medecins\/\" \/>\n<meta property=\"article:publisher\" content=\"https:\/\/www.facebook.com\/cliniccenter.co.uk\/\" \/>\n<meta property=\"article:modified_time\" content=\"2024-11-05T15:23:13+00:00\" \/>\n<meta name=\"twitter:card\" content=\"summary_large_image\" \/>\n<meta name=\"twitter:site\" content=\"@cliniccenteruk\" \/>\n<meta name=\"twitter:label1\" content=\"Dur\u00e9e de lecture estim\u00e9e\" \/>\n\t<meta name=\"twitter:data1\" content=\"1 minute\" \/>\n<!-- \/ Yoast SEO plugin. -->","yoast_head_json":{"title":"Meilleurs Chirurgiens en Turquie | Principales Chirurgies en Turquie","description":"D\u00e9couvrez le portfolio de chirurgiens talentueux et certifi\u00e9s. Ne manquez pas le privil\u00e8ge de Clinic Center.","robots":{"index":"index","follow":"follow","max-snippet":"max-snippet:-1","max-image-preview":"max-image-preview:large","max-video-preview":"max-video-preview:-1"},"canonical":"https:\/\/cliniccenter.co.uk\/fr\/medecins\/","og_locale":"fr_FR","og_type":"article","og_title":"Meilleurs Chirurgiens en Turquie | Principales Chirurgies en Turquie","og_description":"D\u00e9couvrez le portfolio de chirurgiens talentueux et certifi\u00e9s. Ne manquez pas le privil\u00e8ge de Clinic Center.","og_url":"https:\/\/cliniccenter.co.uk\/fr\/medecins\/","article_publisher":"https:\/\/www.facebook.com\/cliniccenter.co.uk\/","article_modified_time":"2024-11-05T15:23:13+00:00","twitter_card":"summary_large_image","twitter_site":"@cliniccenteruk","twitter_misc":{"Dur\u00e9e de lecture estim\u00e9e":"1 minute"},"schema":{"@context":"https:\/\/schema.org","@graph":[{"@type":"WebPage","@id":"https:\/\/cliniccenter.co.uk\/fr\/medecins\/","url":"https:\/\/cliniccenter.co.uk\/fr\/medecins\/","name":"Meilleurs Chirurgiens en Turquie | Principales Chirurgies en Turquie","isPartOf":{"@id":"https:\/\/cliniccenter.co.uk\/ro\/#website"},"datePublished":"2018-01-11T14:42:09+00:00","dateModified":"2024-11-05T15:23:13+00:00","description":"D\u00e9couvrez le portfolio de chirurgiens talentueux et certifi\u00e9s. Ne manquez pas le privil\u00e8ge de Clinic Center.","breadcrumb":{"@id":"https:\/\/cliniccenter.co.uk\/fr\/medecins\/#breadcrumb"},"inLanguage":"fr-FR","potentialAction":[{"@type":"ReadAction","target":["https:\/\/cliniccenter.co.uk\/fr\/medecins\/"]}]},{"@type":"BreadcrumbList","@id":"https:\/\/cliniccenter.co.uk\/fr\/medecins\/#breadcrumb","itemListElement":[{"@type":"ListItem","position":1,"name":"Home","item":"https:\/\/cliniccenter.co.uk\/fr\/"},{"@type":"ListItem","position":2,"name":"Meilleurs Chirurgiens en Turquie | Principales Chirurgies en Turquie"}]},{"@type":"WebSite","@id":"https:\/\/cliniccenter.co.uk\/ro\/#website","url":"https:\/\/cliniccenter.co.uk\/ro\/","name":"","description":"","potentialAction":[{"@type":"SearchAction","target":{"@type":"EntryPoint","urlTemplate":"https:\/\/cliniccenter.co.uk\/ro\/?s={search_term_string}"},"query-input":{"@type":"PropertyValueSpecification","valueRequired":true,"valueName":"search_term_string"}}],"inLanguage":"fr-FR"}]}},"uagb_featured_image_src":{"full":false,"thumbnail":false,"medium":false,"medium_large":false,"large":false,"1536x1536":false,"2048x2048":false},"uagb_author_info":{"display_name":"Sertac Ceki","author_link":"https:\/\/cliniccenter.co.uk\/fr\/blog\/author\/sertaccliniccenter-co-uk\/"},"uagb_comment_info":0,"uagb_excerpt":null,"_links":{"self":[{"href":"https:\/\/cliniccenter.co.uk\/fr\/wp-json\/wp\/v2\/pages\/56221"}],"collection":[{"href":"https:\/\/cliniccenter.co.uk\/fr\/wp-json\/wp\/v2\/pages"}],"about":[{"href":"https:\/\/cliniccenter.co.uk\/fr\/wp-json\/wp\/v2\/types\/page"}],"author":[{"embeddable":true,"href":"https:\/\/cliniccenter.co.uk\/fr\/wp-json\/wp\/v2\/users\/2"}],"replies":[{"embeddable":true,"href":"https:\/\/cliniccenter.co.uk\/fr\/wp-json\/wp\/v2\/comments?post=56221"}],"version-history":[{"count":2,"href":"https:\/\/cliniccenter.co.uk\/fr\/wp-json\/wp\/v2\/pages\/56221\/revisions"}],"predecessor-version":[{"id":56226,"href":"https:\/\/cliniccenter.co.uk\/fr\/wp-json\/wp\/v2\/pages\/56221\/revisions\/56226"}],"wp:attachment":[{"href":"https:\/\/cliniccenter.co.uk\/fr\/wp-json\/wp\/v2\/media?parent=56221"}],"curies":[{"name":"wp","href":"https:\/\/api.w.org\/{rel}","templated":true}]}}