{"id":56247,"date":"2018-12-30T05:53:35","date_gmt":"2018-12-30T05:53:35","guid":{"rendered":"https:\/\/cliniccenter.co.uk\/medecins\/prof-dr-aydin\/"},"modified":"2024-10-21T11:21:00","modified_gmt":"2024-10-21T11:21:00","slug":"prof-dr-aydin","status":"publish","type":"page","link":"https:\/\/cliniccenter.co.uk\/fr\/prof-dr-aydin\/","title":{"rendered":"Prof. Dr. Aydin | M\u00e9decin en Chirurgie Plastique | Centre Clinique"},"content":{"rendered":"\n<div class=\"wp-block-columns is-layout-flex wp-container-core-columns-is-layout-4 wp-block-columns-is-layout-flex\">\n<div class=\"wp-block-column is-layout-flow wp-block-column-is-layout-flow\" style=\"flex-basis:33.33%\">\n<figure class=\"wp-block-image size-large skip-lazy\"><img decoding=\"async\" src=\"https:\/\/cliniccenter.co.uk\/wp-content\/uploads\/2023\/11\/aydin-gozu-517x1024-1.webp\" alt=\"\" class=\"wp-image-22558\"\/><\/figure>\n<\/div>\n\n\n\n<div class=\"wp-block-column is-layout-flow wp-block-column-is-layout-flow\" style=\"flex-basis:66.66%\">\n<div class=\"wp-block-columns is-layout-flex wp-container-core-columns-is-layout-1 wp-block-columns-is-layout-flex\">\n<div class=\"wp-block-column leftpadbox is-layout-flow wp-block-column-is-layout-flow\">\n<p>Le Dr Aydin est l&rsquo;un des chirurgiens plasticiens les plus populaires et les plus talentueux de Turquie. Le docteur Aydin a termin\u00e9 ses \u00e9tudes de m\u00e9decine \u00e0 la facult\u00e9 de m\u00e9decine de l&rsquo;universit\u00e9 Hacettepe en 1990 et a commenc\u00e9 \u00e0 travailler comme assistant de recherche au d\u00e9partement de chirurgie plastique, reconstructive et esth\u00e9tique o\u00f9 il a acquis une exp\u00e9rience consid\u00e9rable en microchirurgie. Il est devenu chirurgien plasticien en 1998, professeur associ\u00e9 en 2011 et professeur en 2016.<\/p>\n\n\n\n<p>Au cours de sa brillante carri\u00e8re, il a travaill\u00e9 \u00e0 l&rsquo;Universit\u00e9 Fran\u00e7ois Rabelais, Facult\u00e9 de M\u00e9decine (Tours, France) et a suivi une formation compl\u00e9mentaire en chirurgie esth\u00e9tique et plastique \u00e0 Paris. Il a approfondi son exp\u00e9rience en chirurgie esth\u00e9tique du visage \u00e0 l&rsquo;H\u00f4pital de Virginia Arlington (Washington DC). Il se concentre principalement sur les chirurgies mammaires, les chirurgies esth\u00e9tiques du visage, diverses proc\u00e9dures de sculpture corporelle, les chirurgies du nez et les chirurgies des paupi\u00e8res.<\/p>\n\n\n\n<p>Le docteur Aydin est membre de l&rsquo;ISAPS et participe r\u00e9guli\u00e8rement aux r\u00e9unions de l&rsquo;ISAPS pour suivre les derni\u00e8res techniques et avanc\u00e9es technologiques dans son domaine. Le docteur Aydin a eu l&rsquo;honneur de cr\u00e9er le d\u00e9partement de chirurgie plastique, reconstructive et esth\u00e9tique \u00e0 l&rsquo;universit\u00e9 Okan d&rsquo;Istanbul. Fort de ses ann\u00e9es d&rsquo;exp\u00e9rience en Turquie et \u00e0 l&rsquo;\u00e9tranger, les patients sont tr\u00e8s satisfaits de ses grandes comp\u00e9tences en communication et de ses r\u00e9sultats chirurgicaux remarquables.<\/p>\n<\/div>\n<\/div>\n\n\n\n<div class=\"wp-block-columns leftpadbox is-layout-flex wp-container-core-columns-is-layout-2 wp-block-columns-is-layout-flex\">\n<div class=\"wp-block-column is-layout-flow wp-block-column-is-layout-flow\">\n<h4 class=\"wp-block-heading\"><strong>Certificats<\/strong><\/h4>\n\n\n\n<p><\/p>\n\n\n\n<figure class=\"wp-block-gallery has-nested-images columns-default is-cropped wp-block-gallery-1 is-layout-flex wp-block-gallery-is-layout-flex\">\n<figure class=\"wp-block-image size-large\"><img decoding=\"async\" width=\"300\" height=\"229\" src=\"https:\/\/cliniccenter.co.uk\/wp-content\/uploads\/2021\/08\/dr_aydin_gozu_isaps_certificate.jpeg\" alt=\"\" class=\"wp-image-15789\"\/><\/figure>\n\n\n\n<figure class=\"wp-block-image size-large\"><img decoding=\"async\" width=\"300\" height=\"229\" src=\"https:\/\/cliniccenter.co.uk\/wp-content\/uploads\/2021\/08\/dr_aydin_gozu_hospital_certificate.jpeg.jpeg\" alt=\"\" class=\"wp-image-15795\"\/><\/figure>\n<\/figure>\n<\/div>\n<\/div>\n\n\n\n<div class=\"wp-block-columns is-layout-flex wp-container-core-columns-is-layout-3 wp-block-columns-is-layout-flex\">\n<div class=\"wp-block-column leftpadbox is-layout-flow wp-block-column-is-layout-flow\">\n<p><strong>Exp\u00e9rience<\/strong> : 28 ans<br><strong>Patients trait\u00e9s \u00e0 l&rsquo;international<\/strong> : Royaume-Uni, Irlande, Australie, \u00c9tats-Unis d&rsquo;Am\u00e9rique, \u00c9mirats arabes unis, Arabie saoudite, Kowe\u00eft, pays de l&rsquo;Union europ\u00e9enne<br><strong>Domaines de sp\u00e9cialisation : <\/strong>Augmentation mammaire (implants mammaires, augmentation mammaire) , lifting des seins , r\u00e9duction mammaire , rhinoplastie (rhinoplastie) , septorhinoplastie , liposuccion (\u00e9limination de la graisse) , liposuccion Vaser et Vaser haute d\u00e9finition , abdominoplastie , lifting br\u00e9silien des fesses (BBL) , lifting du visage (rhytidectomie) , chirurgie des paupi\u00e8res (bl\u00e9pharoplastie) , gyn\u00e9comastie (r\u00e9duction mammaire masculine) , relooking de maman , lifting des cuisses (cuisseplastie) , lifting du cou (platysmaplastie) , lifting des bras (brachioplastie) , lifting des sourcils , chirurgie esth\u00e9tique des oreilles (otoplastie) , chirurgies esth\u00e9tiques .<br><strong>Adh\u00e9sions<\/strong> : Soci\u00e9t\u00e9 internationale de chirurgie plastique et esth\u00e9tique, Association turque de chirurgie plastique reconstructive et esth\u00e9tique, Association turque de chirurgie de la main, Association de microchirurgie reconstructive<br><strong>Ville<\/strong> : Istanbul, Turquie<br><strong>Jours ouvrables<\/strong> : En semaine et le samedi<br><strong>Langues<\/strong> : Anglais<span id=\"docs-internal-guid-c51e54e5-7fff-c67a-b34d-d48593690d60\"><\/span><\/p>\n<\/div>\n<\/div>\n<\/div>\n<\/div>\n\n\n\n<script type=\"application\/ld+json\">\n    {\n        \"@context\": \"http:\\\/\\\/schema.org\",\n        \"@type\": \"Physician\",\n        \"@id\": \"https:\/\/cliniccenter.co.uk\/prof-dr-aydin\/\",\n        \"areaServed\": {\n            \"@type\": \"Place\",\n            \"name\": \"Istanbul, Turkey\"\n        },\n        \"alumniOf\": {\n            \"@type\": \"OrganizationRole\",\n            \"alumniOf\": {\n                \"@type\": \"CollegeOrUniversity\",\n                \"name\": \"Istanbul Okan University\"\n            }\n        },\n        \"employee\": {\n            \"@type\": \"Person\",\n            \"@id\": \"https:\/\/cliniccenter.co.uk\/prof-dr-aydin\/\",\n            \"description\": \"Prof. Dr. Aydin is one of the most popular and talented plastic surgeons in Turkey. Doctor Aydin Gozu completed his medical education at Hacettepe University, Faculty of Medicine in 1990 and started working as a research assistant in the Department of Plastic, Reconstructive and Aesthetic Surgery where he gained considerable experience in microsurgery. He became a plastic surgeon in 1998, Assoc. Prof. in 2011 and Prof. in 2016.During his successful career, he worked in University of Fran\u00e7ois Rabelais, Faculty of Medicine (Tours, France) and he had more training in aesthetic and plastic surgery in Paris. He increased his experience in facial aesthetic surgery in the Hospital of Virginia Arlington (Washington DC). He mainly focuses on breast surgeries, aesthetic face surgeries, various body sculpturing procedures, nose surgeries, and eyelid surgeries.Doctor Aydin Gozu is an ISAPS member and he actively attends regular ISAPS meetings following the newest techniques and technological advancements in his field. MD, Aydin Gozu achieved the honour of setting up the Department of Plastic, Reconstructive and Aesthetic Surgery in Istanbul Okan University. With years of experience both in Turkey and abroad, patients are very pleased with his great communication skills and his remarkable surgery results.\",\n            \"hasOccupation\": {\n                \"@type\": \"Occupation\",\n                \"name\": \"Plastic Surgeon\"\n            },\n            \"knowsLanguage\": {\n                \"@type\": \"Language\",\n                \"name\": \"English\",\n                \"alternateName\": \"en\"\n            },\n            \"honorificSuffix\": \"Prof. Dr. \"\n        },\n        \"hospitalAffiliation\": {\n            \"image\": {\n                \"@type\": \"ImageObject\",\n                \"@id\": \"https:\/\/cliniccenter.co.uk\/wp-content\/uploads\/2021\/12\/aydin-gozu.jpg\/\"\n            }\n        },\n        \"isAcceptingNewPatients\": \"https:\\\/\\\/schema.org\\\/True\",\n        \"isAccessibleForFree\": \"https:\\\/\\\/schema.org\\\/False\",\n        \"medicalSpecialty\": {\n            \"@type\": \"MedicalSpecialty\",\n            \"name\": \"Breast Augmentation (Breast Implants, Breast Enlargement), Breast Lift, Breast Reduction, Rhinoplasty (Nose Job), Septorhinoplasty, Liposuction (Fat Removal), Vaser & Hi-Def Vaser Liposuction, Tummy Tuck, Brazilian Butt Lift (BBL), Facelift (Rhytidectomy), Eyelid Surgery (Blepharoplasty), Gynecomastia (Male Breast Reduction), Mommy Makeover, Thigh Lift (Thighplasty), Neck Lift (Platysmaplasty), Arm Lift  (Brachioplasty), Brow Lift, Cosmetic Ear Surgery (Otoplasty), Cosmetic Surgeries.\"\n        },\n        \"memberOf\": {\n            \"@type\": \"Organization\",\n            \"name\": [\n                \"International Society of Aesthetic Plastic Surgery, Turkish Association of Plastic Reconstructive and Aesthetic Surgery, Turkish Association of Hand Surgery, Association of Reconstructive Microsurgery\"\n            ]\n        },\n        \"name\": \"Prof. Dr. Aydin\"\n    }\n<\/script>\n","protected":false},"excerpt":{"rendered":"<p>Le Dr Aydin est l&rsquo;un des chirurgiens plasticiens les plus populaires et les plus talentueux de Turquie. Le docteur Aydin a termin\u00e9 ses \u00e9tudes de m\u00e9decine \u00e0 la facult\u00e9 de m\u00e9decine de l&rsquo;universit\u00e9 Hacettepe en 1990 et a commenc\u00e9 \u00e0 travailler comme assistant de recherche au d\u00e9partement de chirurgie plastique, reconstructive et esth\u00e9tique o\u00f9 il [&hellip;]<\/p>\n","protected":false},"author":1,"featured_media":0,"parent":56221,"menu_order":0,"comment_status":"closed","ping_status":"closed","template":"","meta":{"_uag_custom_page_level_css":"","_lmt_disableupdate":"no","_lmt_disable":"","site-sidebar-layout":"default","site-content-layout":"default","ast-site-content-layout":"default","site-content-style":"default","site-sidebar-style":"default","ast-global-header-display":"","ast-banner-title-visibility":"","ast-main-header-display":"","ast-hfb-above-header-display":"","ast-hfb-below-header-display":"","ast-hfb-mobile-header-display":"","site-post-title":"","ast-breadcrumbs-content":"","ast-featured-img":"","footer-sml-layout":"","theme-transparent-header-meta":"default","adv-header-id-meta":"","stick-header-meta":"","header-above-stick-meta":"","header-main-stick-meta":"","header-below-stick-meta":"","astra-migrate-meta-layouts":"set","ast-page-background-enabled":"default","ast-page-background-meta":{"desktop":{"background-color":"","background-image":"","background-repeat":"repeat","background-position":"center center","background-size":"auto","background-attachment":"scroll","background-type":"","background-media":"","overlay-type":"","overlay-color":"","overlay-opacity":"","overlay-gradient":""},"tablet":{"background-color":"","background-image":"","background-repeat":"repeat","background-position":"center center","background-size":"auto","background-attachment":"scroll","background-type":"","background-media":"","overlay-type":"","overlay-color":"","overlay-opacity":"","overlay-gradient":""},"mobile":{"background-color":"","background-image":"","background-repeat":"repeat","background-position":"center center","background-size":"auto","background-attachment":"scroll","background-type":"","background-media":"","overlay-type":"","overlay-color":"","overlay-opacity":"","overlay-gradient":""}},"ast-content-background-meta":{"desktop":{"background-color":"var(--ast-global-color-5)","background-image":"","background-repeat":"repeat","background-position":"center center","background-size":"auto","background-attachment":"scroll","background-type":"","background-media":"","overlay-type":"","overlay-color":"","overlay-opacity":"","overlay-gradient":""},"tablet":{"background-color":"var(--ast-global-color-5)","background-image":"","background-repeat":"repeat","background-position":"center center","background-size":"auto","background-attachment":"scroll","background-type":"","background-media":"","overlay-type":"","overlay-color":"","overlay-opacity":"","overlay-gradient":""},"mobile":{"background-color":"var(--ast-global-color-5)","background-image":"","background-repeat":"repeat","background-position":"center center","background-size":"auto","background-attachment":"scroll","background-type":"","background-media":"","overlay-type":"","overlay-color":"","overlay-opacity":"","overlay-gradient":""}},"footnotes":""},"class_list":["post-56247","page","type-page","status-publish","hentry"],"yoast_head":"<!-- This site is optimized with the Yoast SEO plugin v25.3.1 - https:\/\/yoast.com\/wordpress\/plugins\/seo\/ -->\n<title>Prof. Dr. Aydin | Plastic Surgery Doctor | Clinic Center<\/title>\n<meta name=\"description\" content=\"Read more about partner expert Prof. Dr. Aydin at Clinic Center, with 28 years of experience in plastic surgery.\" \/>\n<meta name=\"robots\" content=\"index, follow, max-snippet:-1, max-image-preview:large, max-video-preview:-1\" \/>\n<link rel=\"canonical\" href=\"https:\/\/cliniccenter.co.uk\/fr\/prof-dr-aydin\/\" \/>\n<meta property=\"og:locale\" content=\"fr_FR\" \/>\n<meta property=\"og:type\" content=\"article\" \/>\n<meta property=\"og:title\" content=\"Prof. Dr. Aydin | Plastic Surgery Doctor | Clinic Center\" \/>\n<meta property=\"og:description\" content=\"Read more about partner expert Prof. Dr. Aydin at Clinic Center, with 28 years of experience in plastic surgery.\" \/>\n<meta property=\"og:url\" content=\"https:\/\/cliniccenter.co.uk\/fr\/prof-dr-aydin\/\" \/>\n<meta property=\"article:publisher\" content=\"https:\/\/www.facebook.com\/cliniccenter.co.uk\/\" \/>\n<meta property=\"article:modified_time\" content=\"2024-10-21T11:21:00+00:00\" \/>\n<meta property=\"og:image\" content=\"https:\/\/cliniccenter.co.uk\/wp-content\/uploads\/2023\/11\/aydin-gozu-517x1024-1.webp\" \/>\n<meta name=\"twitter:card\" content=\"summary_large_image\" \/>\n<meta name=\"twitter:site\" content=\"@cliniccenteruk\" \/>\n<meta name=\"twitter:label1\" content=\"Dur\u00e9e de lecture estim\u00e9e\" \/>\n\t<meta name=\"twitter:data1\" content=\"3 minutes\" \/>\n<!-- \/ Yoast SEO plugin. -->","yoast_head_json":{"title":"Prof. Dr. Aydin | Plastic Surgery Doctor | Clinic Center","description":"Read more about partner expert Prof. Dr. Aydin at Clinic Center, with 28 years of experience in plastic surgery.","robots":{"index":"index","follow":"follow","max-snippet":"max-snippet:-1","max-image-preview":"max-image-preview:large","max-video-preview":"max-video-preview:-1"},"canonical":"https:\/\/cliniccenter.co.uk\/fr\/prof-dr-aydin\/","og_locale":"fr_FR","og_type":"article","og_title":"Prof. Dr. Aydin | Plastic Surgery Doctor | Clinic Center","og_description":"Read more about partner expert Prof. Dr. Aydin at Clinic Center, with 28 years of experience in plastic surgery.","og_url":"https:\/\/cliniccenter.co.uk\/fr\/prof-dr-aydin\/","article_publisher":"https:\/\/www.facebook.com\/cliniccenter.co.uk\/","article_modified_time":"2024-10-21T11:21:00+00:00","og_image":[{"url":"https:\/\/cliniccenter.co.uk\/wp-content\/uploads\/2023\/11\/aydin-gozu-517x1024-1.webp","type":"","width":"","height":""}],"twitter_card":"summary_large_image","twitter_site":"@cliniccenteruk","twitter_misc":{"Dur\u00e9e de lecture estim\u00e9e":"3 minutes"},"schema":{"@context":"https:\/\/schema.org","@graph":[{"@type":"WebPage","@id":"https:\/\/cliniccenter.co.uk\/fr\/prof-dr-aydin\/","url":"https:\/\/cliniccenter.co.uk\/fr\/prof-dr-aydin\/","name":"Prof. Dr. Aydin | Plastic Surgery Doctor | Clinic Center","isPartOf":{"@id":"https:\/\/cliniccenter.co.uk\/ro\/#website"},"primaryImageOfPage":{"@id":"https:\/\/cliniccenter.co.uk\/fr\/prof-dr-aydin\/#primaryimage"},"image":{"@id":"https:\/\/cliniccenter.co.uk\/fr\/prof-dr-aydin\/#primaryimage"},"thumbnailUrl":"https:\/\/cliniccenter.co.uk\/wp-content\/uploads\/2023\/11\/aydin-gozu-517x1024-1.webp","datePublished":"2018-12-30T05:53:35+00:00","dateModified":"2024-10-21T11:21:00+00:00","description":"Read more about partner expert Prof. Dr. Aydin at Clinic Center, with 28 years of experience in plastic surgery.","breadcrumb":{"@id":"https:\/\/cliniccenter.co.uk\/fr\/prof-dr-aydin\/#breadcrumb"},"inLanguage":"fr-FR","potentialAction":[{"@type":"ReadAction","target":["https:\/\/cliniccenter.co.uk\/fr\/prof-dr-aydin\/"]}]},{"@type":"ImageObject","inLanguage":"fr-FR","@id":"https:\/\/cliniccenter.co.uk\/fr\/prof-dr-aydin\/#primaryimage","url":"https:\/\/cliniccenter.co.uk\/wp-content\/uploads\/2023\/11\/aydin-gozu-517x1024-1.webp","contentUrl":"https:\/\/cliniccenter.co.uk\/wp-content\/uploads\/2023\/11\/aydin-gozu-517x1024-1.webp"},{"@type":"BreadcrumbList","@id":"https:\/\/cliniccenter.co.uk\/fr\/prof-dr-aydin\/#breadcrumb","itemListElement":[{"@type":"ListItem","position":1,"name":"Home","item":"https:\/\/cliniccenter.co.uk\/fr\/"},{"@type":"ListItem","position":2,"name":"Meilleurs Chirurgiens en Turquie | Principales Chirurgies en Turquie","item":"https:\/\/cliniccenter.co.uk\/fr\/medecins\/"},{"@type":"ListItem","position":3,"name":"Prof. Dr. Aydin | M\u00e9decin en Chirurgie Plastique | Centre Clinique"}]},{"@type":"WebSite","@id":"https:\/\/cliniccenter.co.uk\/ro\/#website","url":"https:\/\/cliniccenter.co.uk\/ro\/","name":"","description":"","potentialAction":[{"@type":"SearchAction","target":{"@type":"EntryPoint","urlTemplate":"https:\/\/cliniccenter.co.uk\/ro\/?s={search_term_string}"},"query-input":{"@type":"PropertyValueSpecification","valueRequired":true,"valueName":"search_term_string"}}],"inLanguage":"fr-FR"}]}},"uagb_featured_image_src":{"full":false,"thumbnail":false,"medium":false,"medium_large":false,"large":false,"1536x1536":false,"2048x2048":false},"uagb_author_info":{"display_name":"cliniccenter","author_link":"https:\/\/cliniccenter.co.uk\/fr\/blog\/author\/cliniccenter\/"},"uagb_comment_info":0,"uagb_excerpt":"Le Dr Aydin est l&rsquo;un des chirurgiens plasticiens les plus populaires et les plus talentueux de Turquie. Le docteur Aydin a termin\u00e9 ses \u00e9tudes de m\u00e9decine \u00e0 la facult\u00e9 de m\u00e9decine de l&rsquo;universit\u00e9 Hacettepe en 1990 et a commenc\u00e9 \u00e0 travailler comme assistant de recherche au d\u00e9partement de chirurgie plastique, reconstructive et esth\u00e9tique o\u00f9 il\u2026","_links":{"self":[{"href":"https:\/\/cliniccenter.co.uk\/fr\/wp-json\/wp\/v2\/pages\/56247"}],"collection":[{"href":"https:\/\/cliniccenter.co.uk\/fr\/wp-json\/wp\/v2\/pages"}],"about":[{"href":"https:\/\/cliniccenter.co.uk\/fr\/wp-json\/wp\/v2\/types\/page"}],"author":[{"embeddable":true,"href":"https:\/\/cliniccenter.co.uk\/fr\/wp-json\/wp\/v2\/users\/1"}],"replies":[{"embeddable":true,"href":"https:\/\/cliniccenter.co.uk\/fr\/wp-json\/wp\/v2\/comments?post=56247"}],"version-history":[{"count":1,"href":"https:\/\/cliniccenter.co.uk\/fr\/wp-json\/wp\/v2\/pages\/56247\/revisions"}],"predecessor-version":[{"id":56251,"href":"https:\/\/cliniccenter.co.uk\/fr\/wp-json\/wp\/v2\/pages\/56247\/revisions\/56251"}],"up":[{"embeddable":true,"href":"https:\/\/cliniccenter.co.uk\/fr\/wp-json\/wp\/v2\/pages\/56221"}],"wp:attachment":[{"href":"https:\/\/cliniccenter.co.uk\/fr\/wp-json\/wp\/v2\/media?parent=56247"}],"curies":[{"name":"wp","href":"https:\/\/api.w.org\/{rel}","templated":true}]}}