{"id":56704,"date":"2018-01-12T12:58:03","date_gmt":"2018-01-12T12:58:03","guid":{"rendered":"https:\/\/cliniccenter.co.uk\/gallery\/"},"modified":"2026-02-02T07:23:26","modified_gmt":"2026-02-02T07:23:26","slug":"galerie","status":"publish","type":"page","link":"https:\/\/cliniccenter.co.uk\/fr\/galerie\/","title":{"rendered":"Galerie"},"content":{"rendered":"\n<div class=\"wp-block-columns is-layout-flex wp-container-core-columns-is-layout-1 wp-block-columns-is-layout-flex\">\n<div class=\"wp-block-column is-layout-flow wp-block-column-is-layout-flow\">\n<h3 class=\"wp-block-heading\"><strong>Galerie avant et apr\u00e8s greffe de cheveux<\/strong><\/h3>\n\n\n\n<figure class=\"wp-block-image size-large skip-lazy \"><a href=\"https:\/\/cliniccenter.co.uk\/fr\/galerie-avant-et-apres-de-greffes-de-cheveux\/\"><img decoding=\"async\" src=\"https:\/\/cliniccenter.co.uk\/wp-content\/uploads\/2023\/11\/hair-transplant-picture-1.webp\" alt=\"\" class=\"wp-image-10252 skip-lazy \"\/><\/a><\/figure>\n\n\n\n<p><a href=\"https:\/\/cliniccenter.co.uk\/hair-transplant-in-turkey\/\">Greffe de cheveux en Turquie<\/a><\/p>\n\n\n\n<p><a href=\"#\">Greffe de barbe en Turquie<\/a><a href=\"https:\/\/cliniccenter.co.uk\/hair-transplant-in-turkey\/\"><br><\/a><\/p>\n<\/div>\n\n\n\n<div class=\"wp-block-column is-layout-flow wp-block-column-is-layout-flow\">\n<h3 class=\"wp-block-heading\"><strong>Galerie d&rsquo;avant et apr\u00e8s les chirurgies mammaires<\/strong><\/h3>\n\n\n\n<figure class=\"wp-block-image size-large skip-lazy\"><a href=\"#\"><img decoding=\"async\" src=\"https:\/\/cliniccenter.co.uk\/wp-content\/uploads\/2023\/11\/breast-implants-1-1024x577-1.webp\" alt=\"\" class=\"wp-image-10249 skip-lazy\"\/><\/a><\/figure>\n\n\n\n<p><a href=\"#\">Implants mammaires en Turquie<\/a><\/p>\n\n\n\n<p><a href=\"#\">R\u00e9duction mammaire en Turquie<\/a><\/p>\n\n\n\n<p><a href=\"#\">Lifting des seins en Turquie<\/a><\/p>\n<\/div>\n\n\n\n<div class=\"wp-block-column is-layout-flow wp-block-column-is-layout-flow\">\n<h3 class=\"wp-block-heading\"><strong>Galerie avant et apr\u00e8s liposuccion, abdominoplastie et gyn\u00e9comastie<\/strong><\/h3>\n\n\n\n<figure class=\"wp-block-image size-large skip-lazy\"><a href=\"#\"><img decoding=\"async\" src=\"https:\/\/cliniccenter.co.uk\/wp-content\/uploads\/2023\/11\/liposuction-1.webp\" alt=\"Body with Liposuction Turkey\" class=\"wp-image-2460 \"\/><\/a><\/figure>\n\n\n\n<p><a href=\"https:\/\/cliniccenter.co.uk\/liposuction-turkey\/\">Liposuccion en Turquie<\/a><\/p>\n\n\n\n<p><a href=\"#\">Abdominoplastie en Turquie<\/a><\/p>\n\n\n\n<p><a href=\"#\">Gyn\u00e9comastie et chirurgie gyn\u00e9cologique en Turquie<\/a><\/p>\n<\/div>\n\n\n\n<div class=\"wp-block-column is-layout-flow wp-block-column-is-layout-flow\">\n<h3 class=\"wp-block-heading\"><strong>Galerie de photos avant et apr\u00e8s chirurgie du nez<\/strong><\/h3>\n\n\n\n<figure class=\"wp-block-image size-large skip-lazy\"><a href=\"#\"><img decoding=\"async\" src=\"https:\/\/cliniccenter.co.uk\/wp-content\/uploads\/2023\/11\/nose-surgery.webp\" alt=\"\" class=\"wp-image-10248\"\/><\/a><\/figure>\n\n\n\n<p><a href=\"https:\/\/cliniccenter.co.uk\/nose-job-in-turkey\/\">Rhinoplastie en Turquie<\/a><\/p>\n\n\n\n<p><a href=\"#\">Septorhinoplastie en Turquie<\/a><\/p>\n<\/div>\n<\/div>\n\n\n\n<div class=\"wp-block-columns is-layout-flex wp-container-core-columns-is-layout-2 wp-block-columns-is-layout-flex\">\n<div class=\"wp-block-column is-layout-flow wp-block-column-is-layout-flow\">\n<h3 class=\"wp-block-heading\"><strong>Galerie Avant Apr\u00e8s Lifting Des Fesses<\/strong><\/h3>\n\n\n\n<figure class=\"wp-block-image size-large skip-lazy\"><img decoding=\"async\" src=\"https:\/\/cliniccenter.co.uk\/wp-content\/uploads\/2023\/11\/bbl.webp\" alt=\"BBL Turkey, Buttocks Augmentation\" class=\"wp-image-2457\"\/><\/figure>\n\n\n\n<p><a href=\"#\">Lifting br\u00e9silien des fesses en Turquie<\/a><\/p>\n<\/div>\n\n\n\n<div class=\"wp-block-column is-layout-flow wp-block-column-is-layout-flow\">\n<h3 class=\"wp-block-heading\"><strong>Galerie Avant Apr\u00e8s Chirurgie du Lifting du Visage et des Paupi\u00e8res<\/strong><\/h3>\n\n\n\n<figure class=\"wp-block-image size-large skip-lazy\"><img decoding=\"async\" src=\"https:\/\/cliniccenter.co.uk\/wp-content\/uploads\/2023\/11\/facelift.webp\" alt=\"Facelift Surgery Turkey\" class=\"wp-image-2458\"\/><\/figure>\n\n\n\n<p><a href=\"#\">Lifting du visage en Turquie (Rhytidectomie)<\/a><\/p>\n\n\n\n<p><a href=\"#\">Chirurgie des paupi\u00e8res en Turquie (bl\u00e9pharoplastie)<\/a><\/p>\n<\/div>\n\n\n\n<div class=\"wp-block-column is-layout-flow wp-block-column-is-layout-flow\">\n<h3 class=\"wp-block-heading\"><strong>Galerie de dentisterie avant apr\u00e8s<\/strong><\/h3>\n\n\n\n<figure class=\"wp-block-image size-large skip-lazy\"><img decoding=\"async\" src=\"https:\/\/cliniccenter.co.uk\/wp-content\/uploads\/2023\/11\/dis_kucuk-1.webp\" alt=\"Dental Treatments Abroad\" class=\"wp-image-2351\"\/><\/figure>\n\n\n\n<p><a href=\"#\">Couronnes dentaires en Turquie<\/a><\/p>\n\n\n\n<p><a href=\"#\">Implants dentaires en Turquie<\/a><\/p>\n\n\n\n<p><a href=\"#\">Facettes dentaires en porcelaine en Turquie<\/a><\/p>\n<\/div>\n\n\n\n<div class=\"wp-block-column is-layout-flow wp-block-column-is-layout-flow\">\n<h3 class=\"wp-block-heading\"><strong>Vid\u00e9os d&rsquo;\u00e9valuation des patients du centre clinique<\/strong><\/h3>\n\n\n\n<figure class=\"wp-block-image size-large skip-lazy\"><img decoding=\"async\" src=\"https:\/\/cliniccenter.co.uk\/wp-content\/uploads\/2023\/11\/Clinic-Center-Patient-Review-Videos.webp\" alt=\"\" class=\"wp-image-10255\"\/><\/figure>\n\n\n\n<p><a href=\"#\">&gt;&gt;Cliquez pour regarder les vid\u00e9os<\/a><\/p>\n<\/div>\n<\/div>\n\n\n\n<div class=\"wp-block-columns is-layout-flex wp-container-core-columns-is-layout-5 wp-block-columns-is-layout-flex\">\n<div class=\"wp-block-column is-layout-flow wp-block-column-is-layout-flow\">\n<div class=\"wp-block-columns is-layout-flex wp-container-core-columns-is-layout-3 wp-block-columns-is-layout-flex\">\n<div class=\"wp-block-column is-layout-flow wp-block-column-is-layout-flow\">\n<h2 class=\"wp-block-heading\"><strong>Galerie Avant Apr\u00e8s Chirurgie Gastrique<\/strong><\/h2>\n\n\n\n<figure class=\"wp-block-image size-large skip-lazy\"><img decoding=\"async\" src=\"https:\/\/cliniccenter.co.uk\/wp-content\/uploads\/2023\/11\/gastric-treatments-galery.webp\" alt=\"gastric surgery before after\" class=\"wp-image-39294\"\/><\/figure>\n\n\n\n<p><a href=\"#\">Chirurgie de la gastrectomie en manchon<\/a><\/p>\n\n\n\n<p><a href=\"#\">Chirurgie de pontage gastrique<\/a><\/p>\n\n\n\n<p><a href=\"#\">Chirurgie du ballon gastrique<\/a><\/p>\n<\/div>\n\n\n\n<div class=\"wp-block-column is-layout-flow wp-block-column-is-layout-flow\"><\/div>\n<\/div>\n<\/div>\n\n\n\n<div class=\"wp-block-column is-layout-flow wp-block-column-is-layout-flow\">\n<div class=\"wp-block-columns is-layout-flex wp-container-core-columns-is-layout-4 wp-block-columns-is-layout-flex\">\n<div class=\"wp-block-column is-layout-flow wp-block-column-is-layout-flow\"><\/div>\n\n\n\n<div class=\"wp-block-column is-layout-flow wp-block-column-is-layout-flow\"><\/div>\n<\/div>\n<\/div>\n<\/div>\n","protected":false},"excerpt":{"rendered":"<p>Galerie avant et apr\u00e8s greffe de cheveux Greffe de cheveux en Turquie Greffe de barbe en Turquie Galerie d&rsquo;avant et apr\u00e8s les chirurgies mammaires Implants mammaires en Turquie R\u00e9duction mammaire en Turquie Lifting des seins en Turquie Galerie avant et apr\u00e8s liposuccion, abdominoplastie et gyn\u00e9comastie Liposuccion en Turquie Abdominoplastie en Turquie Gyn\u00e9comastie et chirurgie gyn\u00e9cologique [&hellip;]<\/p>\n","protected":false},"author":2,"featured_media":0,"parent":0,"menu_order":0,"comment_status":"closed","ping_status":"closed","template":"","meta":{"_uag_custom_page_level_css":"","_lmt_disableupdate":"no","_lmt_disable":"","site-sidebar-layout":"default","site-content-layout":"default","ast-site-content-layout":"default","site-content-style":"default","site-sidebar-style":"default","ast-global-header-display":"","ast-banner-title-visibility":"","ast-main-header-display":"","ast-hfb-above-header-display":"","ast-hfb-below-header-display":"","ast-hfb-mobile-header-display":"","site-post-title":"","ast-breadcrumbs-content":"","ast-featured-img":"","footer-sml-layout":"","theme-transparent-header-meta":"default","adv-header-id-meta":"","stick-header-meta":"","header-above-stick-meta":"","header-main-stick-meta":"","header-below-stick-meta":"","astra-migrate-meta-layouts":"set","ast-page-background-enabled":"default","ast-page-background-meta":{"desktop":{"background-color":"","background-image":"","background-repeat":"repeat","background-position":"center center","background-size":"auto","background-attachment":"scroll","background-type":"","background-media":"","overlay-type":"","overlay-color":"","overlay-opacity":"","overlay-gradient":""},"tablet":{"background-color":"","background-image":"","background-repeat":"repeat","background-position":"center center","background-size":"auto","background-attachment":"scroll","background-type":"","background-media":"","overlay-type":"","overlay-color":"","overlay-opacity":"","overlay-gradient":""},"mobile":{"background-color":"","background-image":"","background-repeat":"repeat","background-position":"center center","background-size":"auto","background-attachment":"scroll","background-type":"","background-media":"","overlay-type":"","overlay-color":"","overlay-opacity":"","overlay-gradient":""}},"ast-content-background-meta":{"desktop":{"background-color":"var(--ast-global-color-5)","background-image":"","background-repeat":"repeat","background-position":"center center","background-size":"auto","background-attachment":"scroll","background-type":"","background-media":"","overlay-type":"","overlay-color":"","overlay-opacity":"","overlay-gradient":""},"tablet":{"background-color":"var(--ast-global-color-5)","background-image":"","background-repeat":"repeat","background-position":"center center","background-size":"auto","background-attachment":"scroll","background-type":"","background-media":"","overlay-type":"","overlay-color":"","overlay-opacity":"","overlay-gradient":""},"mobile":{"background-color":"var(--ast-global-color-5)","background-image":"","background-repeat":"repeat","background-position":"center center","background-size":"auto","background-attachment":"scroll","background-type":"","background-media":"","overlay-type":"","overlay-color":"","overlay-opacity":"","overlay-gradient":""}},"footnotes":""},"class_list":["post-56704","page","type-page","status-publish","hentry"],"yoast_head":"<!-- This site is optimized with the Yoast SEO plugin v25.3.1 - https:\/\/yoast.com\/wordpress\/plugins\/seo\/ -->\n<title>Patient Reviews &amp; Galerie| Clinic Center<\/title>\n<meta name=\"description\" content=\"Check out the treatment reviews, before after photos and perfect results!\" \/>\n<meta name=\"robots\" content=\"index, follow, max-snippet:-1, max-image-preview:large, max-video-preview:-1\" \/>\n<link rel=\"canonical\" href=\"https:\/\/cliniccenter.co.uk\/fr\/galerie\/\" \/>\n<meta property=\"og:locale\" content=\"fr_FR\" \/>\n<meta property=\"og:type\" content=\"article\" \/>\n<meta property=\"og:title\" content=\"Patient Reviews &amp; Galerie| Clinic Center\" \/>\n<meta property=\"og:description\" content=\"Check out the treatment reviews, before after photos and perfect results!\" \/>\n<meta property=\"og:url\" content=\"https:\/\/cliniccenter.co.uk\/fr\/galerie\/\" \/>\n<meta property=\"article:publisher\" content=\"https:\/\/www.facebook.com\/cliniccenter.co.uk\/\" \/>\n<meta property=\"article:modified_time\" content=\"2026-02-02T07:23:26+00:00\" \/>\n<meta property=\"og:image\" content=\"https:\/\/cliniccenter.co.uk\/wp-content\/uploads\/2021\/08\/hair-transplant-picture-1.jpeg\" \/>\n\t<meta property=\"og:image:width\" content=\"800\" \/>\n\t<meta property=\"og:image:height\" content=\"433\" \/>\n\t<meta property=\"og:image:type\" content=\"image\/jpeg\" \/>\n<meta name=\"twitter:card\" content=\"summary_large_image\" \/>\n<meta name=\"twitter:site\" content=\"@cliniccenteruk\" \/>\n<meta name=\"twitter:label1\" content=\"Dur\u00e9e de lecture estim\u00e9e\" \/>\n\t<meta name=\"twitter:data1\" content=\"3 minutes\" \/>\n<!-- \/ Yoast SEO plugin. -->","yoast_head_json":{"title":"Patient Reviews & Galerie| Clinic Center","description":"Check out the treatment reviews, before after photos and perfect results!","robots":{"index":"index","follow":"follow","max-snippet":"max-snippet:-1","max-image-preview":"max-image-preview:large","max-video-preview":"max-video-preview:-1"},"canonical":"https:\/\/cliniccenter.co.uk\/fr\/galerie\/","og_locale":"fr_FR","og_type":"article","og_title":"Patient Reviews & Galerie| Clinic Center","og_description":"Check out the treatment reviews, before after photos and perfect results!","og_url":"https:\/\/cliniccenter.co.uk\/fr\/galerie\/","article_publisher":"https:\/\/www.facebook.com\/cliniccenter.co.uk\/","article_modified_time":"2026-02-02T07:23:26+00:00","og_image":[{"width":800,"height":433,"url":"https:\/\/cliniccenter.co.uk\/wp-content\/uploads\/2021\/08\/hair-transplant-picture-1.jpeg","type":"image\/jpeg"}],"twitter_card":"summary_large_image","twitter_site":"@cliniccenteruk","twitter_misc":{"Dur\u00e9e de lecture estim\u00e9e":"3 minutes"},"schema":{"@context":"https:\/\/schema.org","@graph":[{"@type":"WebPage","@id":"https:\/\/cliniccenter.co.uk\/fr\/galerie\/","url":"https:\/\/cliniccenter.co.uk\/fr\/galerie\/","name":"Patient Reviews & Galerie| Clinic Center","isPartOf":{"@id":"https:\/\/cliniccenter.co.uk\/ro\/#website"},"primaryImageOfPage":{"@id":"https:\/\/cliniccenter.co.uk\/fr\/galerie\/#primaryimage"},"image":{"@id":"https:\/\/cliniccenter.co.uk\/fr\/galerie\/#primaryimage"},"thumbnailUrl":"https:\/\/cliniccenter.co.uk\/wp-content\/uploads\/2023\/11\/hair-transplant-picture-1.webp","datePublished":"2018-01-12T12:58:03+00:00","dateModified":"2026-02-02T07:23:26+00:00","description":"Check out the treatment reviews, before after photos and perfect results!","breadcrumb":{"@id":"https:\/\/cliniccenter.co.uk\/fr\/galerie\/#breadcrumb"},"inLanguage":"fr-FR","potentialAction":[{"@type":"ReadAction","target":["https:\/\/cliniccenter.co.uk\/fr\/galerie\/"]}]},{"@type":"ImageObject","inLanguage":"fr-FR","@id":"https:\/\/cliniccenter.co.uk\/fr\/galerie\/#primaryimage","url":"https:\/\/cliniccenter.co.uk\/wp-content\/uploads\/2023\/11\/hair-transplant-picture-1.webp","contentUrl":"https:\/\/cliniccenter.co.uk\/wp-content\/uploads\/2023\/11\/hair-transplant-picture-1.webp"},{"@type":"BreadcrumbList","@id":"https:\/\/cliniccenter.co.uk\/fr\/galerie\/#breadcrumb","itemListElement":[{"@type":"ListItem","position":1,"name":"Home","item":"https:\/\/cliniccenter.co.uk\/fr\/"},{"@type":"ListItem","position":2,"name":"Galerie"}]},{"@type":"WebSite","@id":"https:\/\/cliniccenter.co.uk\/ro\/#website","url":"https:\/\/cliniccenter.co.uk\/ro\/","name":"","description":"","potentialAction":[{"@type":"SearchAction","target":{"@type":"EntryPoint","urlTemplate":"https:\/\/cliniccenter.co.uk\/ro\/?s={search_term_string}"},"query-input":{"@type":"PropertyValueSpecification","valueRequired":true,"valueName":"search_term_string"}}],"inLanguage":"fr-FR"}]}},"uagb_featured_image_src":{"full":false,"thumbnail":false,"medium":false,"medium_large":false,"large":false,"1536x1536":false,"2048x2048":false},"uagb_author_info":{"display_name":"Sertac Ceki","author_link":"https:\/\/cliniccenter.co.uk\/fr\/blog\/author\/sertaccliniccenter-co-uk\/"},"uagb_comment_info":0,"uagb_excerpt":"Galerie avant et apr\u00e8s greffe de cheveux Greffe de cheveux en Turquie Greffe de barbe en Turquie Galerie d&rsquo;avant et apr\u00e8s les chirurgies mammaires Implants mammaires en Turquie R\u00e9duction mammaire en Turquie Lifting des seins en Turquie Galerie avant et apr\u00e8s liposuccion, abdominoplastie et gyn\u00e9comastie Liposuccion en Turquie Abdominoplastie en Turquie Gyn\u00e9comastie et chirurgie gyn\u00e9cologique\u2026","_links":{"self":[{"href":"https:\/\/cliniccenter.co.uk\/fr\/wp-json\/wp\/v2\/pages\/56704"}],"collection":[{"href":"https:\/\/cliniccenter.co.uk\/fr\/wp-json\/wp\/v2\/pages"}],"about":[{"href":"https:\/\/cliniccenter.co.uk\/fr\/wp-json\/wp\/v2\/types\/page"}],"author":[{"embeddable":true,"href":"https:\/\/cliniccenter.co.uk\/fr\/wp-json\/wp\/v2\/users\/2"}],"replies":[{"embeddable":true,"href":"https:\/\/cliniccenter.co.uk\/fr\/wp-json\/wp\/v2\/comments?post=56704"}],"version-history":[{"count":6,"href":"https:\/\/cliniccenter.co.uk\/fr\/wp-json\/wp\/v2\/pages\/56704\/revisions"}],"predecessor-version":[{"id":58201,"href":"https:\/\/cliniccenter.co.uk\/fr\/wp-json\/wp\/v2\/pages\/56704\/revisions\/58201"}],"wp:attachment":[{"href":"https:\/\/cliniccenter.co.uk\/fr\/wp-json\/wp\/v2\/media?parent=56704"}],"curies":[{"name":"wp","href":"https:\/\/api.w.org\/{rel}","templated":true}]}}