{"id":57161,"date":"2021-03-19T08:00:01","date_gmt":"2021-03-19T08:00:01","guid":{"rendered":"https:\/\/cliniccenter.co.uk\/medecins\/doktor-daghan\/"},"modified":"2024-11-18T15:13:22","modified_gmt":"2024-11-18T15:13:22","slug":"prof-assoc-dr-daghan","status":"publish","type":"page","link":"https:\/\/cliniccenter.co.uk\/fr\/prof-assoc-dr-daghan\/","title":{"rendered":"Dr Daghan, Professeur Agr\u00e9g\u00e9 | M\u00e9decin en Chirurgie Plastique | Clinic Center"},"content":{"rendered":"\n<p><\/p>\n\n\n\n<div class=\"wp-block-columns is-layout-flex wp-container-core-columns-is-layout-3 wp-block-columns-is-layout-flex\">\n<div class=\"wp-block-column is-layout-flow wp-block-column-is-layout-flow\" style=\"flex-basis:33.33%\">\n<figure class=\"wp-block-image size-large\"><img decoding=\"async\" src=\"https:\/\/cliniccenter.co.uk\/wp-content\/uploads\/2023\/11\/daghan-isik-517x1024-1.webp\" alt=\"\" class=\"wp-image-22572\"\/><\/figure>\n<\/div>\n\n\n\n<div class=\"wp-block-column is-layout-flow wp-block-column-is-layout-flow\" style=\"flex-basis:66.66%\">\n<div class=\"wp-block-columns is-layout-flex wp-container-core-columns-is-layout-1 wp-block-columns-is-layout-flex\">\n<div class=\"wp-block-column leftpadbox is-layout-flow wp-block-column-is-layout-flow\">\n<p>Apr\u00e8s avoir obtenu son dipl\u00f4me de la Facult\u00e9 de m\u00e9decine de l&rsquo;Universit\u00e9 Dokuz Eylul en 1999, le docteur Da\u011fhan a termin\u00e9 sa formation sp\u00e9cialis\u00e9e en chirurgie plastique, reconstructive et esth\u00e9tique en 2005 \u00e0 l&rsquo;Universit\u00e9 de Gaziantep. Il&nbsp; a effectu\u00e9 son service obligatoire \u00e0 Gaziantep entre 2005 et 2007.<\/p>\n\n\n\n<p>Fran\u00e7ais Pour acqu\u00e9rir une exp\u00e9rience consid\u00e9rable, le docteur Da\u011fhan a travaill\u00e9 \u00e0 la clinique de chirurgie plastique de l&rsquo;Universit\u00e9 d&rsquo;\u00c9tat de l&rsquo;Ohio aux \u00c9tats-Unis en 2008. Entre 2008 et 2013, il a \u00e9t\u00e9 charg\u00e9 de cours au d\u00e9partement de chirurgie plastique, reconstructive et esth\u00e9tique de la facult\u00e9 de m\u00e9decine de l&rsquo;Universit\u00e9 Van Y\u00fcz\u00fcnc\u00fc Y\u0131l et en 2011, il en est devenu chef. Le docteur Da\u011fhan a obtenu&nbsp; le titre de professeur associ\u00e9 en 2012 ainsi que le dipl\u00f4me de sp\u00e9cialit\u00e9 en chirurgie maxillo-faciale. Apr\u00e8s avoir effectu\u00e9 des milliers d&rsquo;interventions chirurgicales r\u00e9ussies, le docteur Da\u011fhan a \u00e9galement travaill\u00e9 \u00e0 la facult\u00e9 de m\u00e9decine de l&rsquo;Universit\u00e9 Katip \u00c7elebi d&rsquo;\u0130zmir entre 2013 et 2016.<br><br>Le docteur Da\u011fhan est membre de l&rsquo;Association turque de chirurgie plastique, reconstructive et esth\u00e9tique et de l&rsquo;Association m\u00e9dicale turque. Il a publi\u00e9 environ 60 articles internationaux, 20 articles nationaux ainsi que de nombreux autres articles dans des revues nationales et internationales.Fort de ses ann\u00e9es d\u2019exp\u00e9rience et de ses nombreux succ\u00e8s acad\u00e9miques en Turquie et aux \u00c9tats-Unis, il b\u00e9n\u00e9ficie de la satisfaction de ses patients gr\u00e2ce \u00e0 ses r\u00e9sultats chirurgicaux remarquables et \u00e0 ses excellentes comp\u00e9tences en communication.<\/p>\n<\/div>\n<\/div>\n\n\n\n<div class=\"wp-block-columns is-layout-flex wp-container-core-columns-is-layout-2 wp-block-columns-is-layout-flex\">\n<div class=\"wp-block-column leftpadbox is-layout-flow wp-block-column-is-layout-flow\">\n<p><strong>Exp\u00e9rience<\/strong> : 16 ans<br><strong>Patients trait\u00e9s \u00e0 l&rsquo;international<\/strong> : Royaume-Uni, Irlande, Australie, \u00c9tats-Unis d&rsquo;Am\u00e9rique, Canada, Allemagne, France, \u00c9mirats arabes unis, Arabie saoudite<br><strong>Domaines de sp\u00e9cialisation : <\/strong>Augmentation mammaire (implants mammaires, augmentation mammaire) , lifting des seins , <a href=\"https:\/\/cliniccenter.co.uk\/fr\/chirurgie-du-nez-en-turquie\/\">r\u00e9duction mammaire<\/a> , <a href=\"https:\/\/cliniccenter.co.uk\/fr\/chirurgie-du-nez-en-turquie\/\">rhinoplastie (rhinoplastie)<\/a> , septorhinoplastie , <a href=\"https:\/\/cliniccenter.co.uk\/fr\/liposuccion-en-turquie\/\">liposuccion (\u00e9limination de la graisse)<\/a> , liposuccion Vaser et Vaser haute d\u00e9finition , abdominoplastie , lifting br\u00e9silien des fesses (BBL) , lifting du visage (rhytidectomie) , chirurgie des paupi\u00e8res (bl\u00e9pharoplastie) , gyn\u00e9comastie (r\u00e9duction mammaire masculine) , relooking de maman , lifting des cuisses (cuisseplastie) , lifting du cou (platysmaplastie) , <a href=\"https:\/\/cliniccenter.co.uk\/arm-lift-surgery-in-turkey\/\">li<\/a>fting des bras (brachioplastie) , lifting des sourcils , chirurgie esth\u00e9tique des oreilles (otoplastie) , chirurgies esth\u00e9tiques .<br><strong>Adh\u00e9sions<\/strong> : Association turque de chirurgie plastique, reconstructive et esth\u00e9tique, Association m\u00e9dicale turque<br><strong>Ville<\/strong> : Istanbul, Turquie<br><strong>Jours ouvrables<\/strong> : en semaine et le samedi<br><strong>Langues<\/strong> : anglais<br><strong>Contact<\/strong> : +44 20 3575 1039 &amp; info@cliniccenter.co.uk<br><a href=\"https:\/\/cliniccenter.co.uk\/fr\/medecins\/\"><strong>Chirurgiens <\/strong><\/a><strong>plasticiens<\/strong><\/p>\n<\/div>\n<\/div>\n<\/div>\n<\/div>\n\n\n\n<script type=\"application\/ld+json\">\n    {\n        \"@context\": \"http:\\\/\\\/schema.org\",\n        \"@type\": \"Physician\",\n        \"@id\": \"https:\/\/cliniccenter.co.uk\/assoc-prof-dr-daghan\/\",\n        \"areaServed\": {\n            \"@type\": \"Place\",\n            \"name\": \"Istanbul, Turkey\"\n        },\n        \"alumniOf\": {\n            \"@type\": \"OrganizationRole\",\n            \"alumniOf\": {\n                \"@type\": \"CollegeOrUniversity\",\n                \"name\": \"Dokuz Eylul University\"\n            }\n        },\n        \"employee\": {\n            \"@type\": \"Person\",\n            \"@id\": \"https:\/\/cliniccenter.co.uk\/assoc-prof-dr-daghan\/\",\n            \"description\": \"Upon graduating from Dokuz Eylul University Faculty of Medicine in 1999, Doctor Daghan completed his specialty training in Plastic, Reconstructive and Aesthetic Surgery in 2005 at Gaziantep University. Dr. Daghan completed his compulsory service in Gaziantep between 2005-2007.To gain considerable experience, MD, Daghan worked in Ohio State University Plastic Surgery Clinic in the USA in 2008. Between the years of 2008-2013, he started as a lecturer in the Department of Plastic, Reconstructive and Aesthetic Surgery at Van Yuzuncu Yil University Faculty of Medicine and in 2011 he became the head of the department. Doctor Daghan received the title of Associate Professor in 2012 with the specialty degree in Maxillofacial Surgery Having performed thousands of successful surgeries, MD, Daghan also worked at Izmir Katip Celebi University Faculty of Medicine between the years of 2013-2016.Doctor Daghan is a member of the Turkish Plastic, Reconstructive and Aesthetic Surgery Association and the Turkish Medical Association. He has about 60 international and 20 national articles published and many national and international papers. With years of experience and many academical successes both in Turkey and in the USA, patients are very pleased with his remarkable surgery results and great communication skills.\",\n            \"hasOccupation\": {\n                \"@type\": \"Occupation\",\n                \"name\": \"Plastic Surgeon\"\n            },\n            \"knowsLanguage\": {\n                \"@type\": \"Language\",\n                \"name\": \"English\",\n                \"alternateName\": \"en\"\n            },\n            \"honorificSuffix\": \"Assoc. Prof. Dr. \"\n        },\n        \"hospitalAffiliation\": {\n            \"image\": {\n                \"@type\": \"ImageObject\",\n                \"@id\": \"https:\/\/cliniccenter.co.uk\/wp-content\/uploads\/2021\/12\/daghan.jpg\/\"\n            }\n        },\n        \"isAcceptingNewPatients\": \"https:\\\/\\\/schema.org\\\/True\",\n        \"isAccessibleForFree\": \"https:\\\/\\\/schema.org\\\/False\",\n        \"medicalSpecialty\": {\n            \"@type\": \"MedicalSpecialty\",\n            \"name\": \"Breast Augmentation (Breast Implants, Breast Enlargement), Breast Lift, Breast Reduction, Rhinoplasty (Nose Job), Septorhinoplasty, Liposuction (Fat Removal), Vaser & Hi-Def Vaser Liposuction, Tummy Tuck, Brazilian Butt Lift (BBL), Facelift (Rhytidectomy), Eyelid Surgery (Blepharoplasty), Gynecomastia (Male Breast Reduction), Mommy Makeover, Thigh Lift (Thighplasty), Neck Lift (Platysmaplasty), Arm Lift  (Brachioplasty), Brow Lift, Cosmetic Ear Surgery (Otoplasty), Cosmetic Surgeries.\"\n        },\n        \"memberOf\": {\n            \"@type\": \"Organization\",\n            \"name\": [\n                \"Turkish Plastic, Reconstructive and Aesthetic Surgery Association, Turkish Medical Associationa\"\n            ]\n        },\n        \"name\": \"Assoc. Prof. Dr. Daghan\"\n    }\n<\/script>\n","protected":false},"excerpt":{"rendered":"<p>Apr\u00e8s avoir obtenu son dipl\u00f4me de la Facult\u00e9 de m\u00e9decine de l&rsquo;Universit\u00e9 Dokuz Eylul en 1999, le docteur Da\u011fhan a termin\u00e9 sa formation sp\u00e9cialis\u00e9e en chirurgie plastique, reconstructive et esth\u00e9tique en 2005 \u00e0 l&rsquo;Universit\u00e9 de Gaziantep. Il&nbsp; a effectu\u00e9 son service obligatoire \u00e0 Gaziantep entre 2005 et 2007. Fran\u00e7ais Pour acqu\u00e9rir une exp\u00e9rience consid\u00e9rable, le [&hellip;]<\/p>\n","protected":false},"author":2,"featured_media":0,"parent":56221,"menu_order":0,"comment_status":"closed","ping_status":"closed","template":"","meta":{"_uag_custom_page_level_css":"","_lmt_disableupdate":"no","_lmt_disable":"","site-sidebar-layout":"default","site-content-layout":"default","ast-site-content-layout":"default","site-content-style":"default","site-sidebar-style":"default","ast-global-header-display":"","ast-banner-title-visibility":"","ast-main-header-display":"","ast-hfb-above-header-display":"","ast-hfb-below-header-display":"","ast-hfb-mobile-header-display":"","site-post-title":"","ast-breadcrumbs-content":"","ast-featured-img":"","footer-sml-layout":"","theme-transparent-header-meta":"default","adv-header-id-meta":"","stick-header-meta":"","header-above-stick-meta":"","header-main-stick-meta":"","header-below-stick-meta":"","astra-migrate-meta-layouts":"set","ast-page-background-enabled":"default","ast-page-background-meta":{"desktop":{"background-color":"","background-image":"","background-repeat":"repeat","background-position":"center center","background-size":"auto","background-attachment":"scroll","background-type":"","background-media":"","overlay-type":"","overlay-color":"","overlay-opacity":"","overlay-gradient":""},"tablet":{"background-color":"","background-image":"","background-repeat":"repeat","background-position":"center center","background-size":"auto","background-attachment":"scroll","background-type":"","background-media":"","overlay-type":"","overlay-color":"","overlay-opacity":"","overlay-gradient":""},"mobile":{"background-color":"","background-image":"","background-repeat":"repeat","background-position":"center center","background-size":"auto","background-attachment":"scroll","background-type":"","background-media":"","overlay-type":"","overlay-color":"","overlay-opacity":"","overlay-gradient":""}},"ast-content-background-meta":{"desktop":{"background-color":"var(--ast-global-color-5)","background-image":"","background-repeat":"repeat","background-position":"center center","background-size":"auto","background-attachment":"scroll","background-type":"","background-media":"","overlay-type":"","overlay-color":"","overlay-opacity":"","overlay-gradient":""},"tablet":{"background-color":"var(--ast-global-color-5)","background-image":"","background-repeat":"repeat","background-position":"center center","background-size":"auto","background-attachment":"scroll","background-type":"","background-media":"","overlay-type":"","overlay-color":"","overlay-opacity":"","overlay-gradient":""},"mobile":{"background-color":"var(--ast-global-color-5)","background-image":"","background-repeat":"repeat","background-position":"center center","background-size":"auto","background-attachment":"scroll","background-type":"","background-media":"","overlay-type":"","overlay-color":"","overlay-opacity":"","overlay-gradient":""}},"footnotes":""},"class_list":["post-57161","page","type-page","status-publish","hentry"],"yoast_head":"<!-- This site is optimized with the Yoast SEO plugin v25.3.1 - https:\/\/yoast.com\/wordpress\/plugins\/seo\/ -->\n<title>Dr Daghan, Professeur Agr\u00e9g\u00e9 | M\u00e9decin en Chirurgie Plastique<\/title>\n<meta name=\"description\" content=\"Plastique chirurgicale avec plus de 15 ans d&#039;exp\u00e9rience, apprenez-en davantage sur le Dr. Da\u011fhan, sp\u00e9cialiste associ\u00e9 au Clinic Center.\" \/>\n<meta name=\"robots\" content=\"index, follow, max-snippet:-1, max-image-preview:large, max-video-preview:-1\" \/>\n<link rel=\"canonical\" href=\"https:\/\/cliniccenter.co.uk\/fr\/prof-assoc-dr-daghan\/\" \/>\n<meta property=\"og:locale\" content=\"fr_FR\" \/>\n<meta property=\"og:type\" content=\"article\" \/>\n<meta property=\"og:title\" content=\"Dr Daghan, Professeur Agr\u00e9g\u00e9 | M\u00e9decin en Chirurgie Plastique\" \/>\n<meta property=\"og:description\" content=\"Plastique chirurgicale avec plus de 15 ans d&#039;exp\u00e9rience, apprenez-en davantage sur le Dr. Da\u011fhan, sp\u00e9cialiste associ\u00e9 au Clinic Center.\" \/>\n<meta property=\"og:url\" content=\"https:\/\/cliniccenter.co.uk\/fr\/prof-assoc-dr-daghan\/\" \/>\n<meta property=\"article:publisher\" content=\"https:\/\/www.facebook.com\/cliniccenter.co.uk\/\" \/>\n<meta property=\"article:modified_time\" content=\"2024-11-18T15:13:22+00:00\" \/>\n<meta property=\"og:image\" content=\"https:\/\/cliniccenter.co.uk\/wp-content\/uploads\/2023\/11\/daghan-isik-517x1024-1.webp\" \/>\n<meta name=\"twitter:card\" content=\"summary_large_image\" \/>\n<meta name=\"twitter:site\" content=\"@cliniccenteruk\" \/>\n<meta name=\"twitter:label1\" content=\"Dur\u00e9e de lecture estim\u00e9e\" \/>\n\t<meta name=\"twitter:data1\" content=\"2 minutes\" \/>\n<!-- \/ Yoast SEO plugin. -->","yoast_head_json":{"title":"Dr Daghan, Professeur Agr\u00e9g\u00e9 | M\u00e9decin en Chirurgie Plastique","description":"Plastique chirurgicale avec plus de 15 ans d'exp\u00e9rience, apprenez-en davantage sur le Dr. Da\u011fhan, sp\u00e9cialiste associ\u00e9 au Clinic Center.","robots":{"index":"index","follow":"follow","max-snippet":"max-snippet:-1","max-image-preview":"max-image-preview:large","max-video-preview":"max-video-preview:-1"},"canonical":"https:\/\/cliniccenter.co.uk\/fr\/prof-assoc-dr-daghan\/","og_locale":"fr_FR","og_type":"article","og_title":"Dr Daghan, Professeur Agr\u00e9g\u00e9 | M\u00e9decin en Chirurgie Plastique","og_description":"Plastique chirurgicale avec plus de 15 ans d'exp\u00e9rience, apprenez-en davantage sur le Dr. Da\u011fhan, sp\u00e9cialiste associ\u00e9 au Clinic Center.","og_url":"https:\/\/cliniccenter.co.uk\/fr\/prof-assoc-dr-daghan\/","article_publisher":"https:\/\/www.facebook.com\/cliniccenter.co.uk\/","article_modified_time":"2024-11-18T15:13:22+00:00","og_image":[{"url":"https:\/\/cliniccenter.co.uk\/wp-content\/uploads\/2023\/11\/daghan-isik-517x1024-1.webp","type":"","width":"","height":""}],"twitter_card":"summary_large_image","twitter_site":"@cliniccenteruk","twitter_misc":{"Dur\u00e9e de lecture estim\u00e9e":"2 minutes"},"schema":{"@context":"https:\/\/schema.org","@graph":[{"@type":"WebPage","@id":"https:\/\/cliniccenter.co.uk\/fr\/prof-assoc-dr-daghan\/","url":"https:\/\/cliniccenter.co.uk\/fr\/prof-assoc-dr-daghan\/","name":"Dr Daghan, Professeur Agr\u00e9g\u00e9 | M\u00e9decin en Chirurgie Plastique","isPartOf":{"@id":"https:\/\/cliniccenter.co.uk\/ro\/#website"},"primaryImageOfPage":{"@id":"https:\/\/cliniccenter.co.uk\/fr\/prof-assoc-dr-daghan\/#primaryimage"},"image":{"@id":"https:\/\/cliniccenter.co.uk\/fr\/prof-assoc-dr-daghan\/#primaryimage"},"thumbnailUrl":"https:\/\/cliniccenter.co.uk\/wp-content\/uploads\/2023\/11\/daghan-isik-517x1024-1.webp","datePublished":"2021-03-19T08:00:01+00:00","dateModified":"2024-11-18T15:13:22+00:00","description":"Plastique chirurgicale avec plus de 15 ans d'exp\u00e9rience, apprenez-en davantage sur le Dr. Da\u011fhan, sp\u00e9cialiste associ\u00e9 au Clinic Center.","breadcrumb":{"@id":"https:\/\/cliniccenter.co.uk\/fr\/prof-assoc-dr-daghan\/#breadcrumb"},"inLanguage":"fr-FR","potentialAction":[{"@type":"ReadAction","target":["https:\/\/cliniccenter.co.uk\/fr\/prof-assoc-dr-daghan\/"]}]},{"@type":"ImageObject","inLanguage":"fr-FR","@id":"https:\/\/cliniccenter.co.uk\/fr\/prof-assoc-dr-daghan\/#primaryimage","url":"https:\/\/cliniccenter.co.uk\/wp-content\/uploads\/2023\/11\/daghan-isik-517x1024-1.webp","contentUrl":"https:\/\/cliniccenter.co.uk\/wp-content\/uploads\/2023\/11\/daghan-isik-517x1024-1.webp"},{"@type":"BreadcrumbList","@id":"https:\/\/cliniccenter.co.uk\/fr\/prof-assoc-dr-daghan\/#breadcrumb","itemListElement":[{"@type":"ListItem","position":1,"name":"Home","item":"https:\/\/cliniccenter.co.uk\/fr\/"},{"@type":"ListItem","position":2,"name":"Meilleurs Chirurgiens en Turquie | Principales Chirurgies en Turquie","item":"https:\/\/cliniccenter.co.uk\/fr\/medecins\/"},{"@type":"ListItem","position":3,"name":"Dr Daghan, Professeur Agr\u00e9g\u00e9 | M\u00e9decin en Chirurgie Plastique | Clinic Center"}]},{"@type":"WebSite","@id":"https:\/\/cliniccenter.co.uk\/ro\/#website","url":"https:\/\/cliniccenter.co.uk\/ro\/","name":"","description":"","potentialAction":[{"@type":"SearchAction","target":{"@type":"EntryPoint","urlTemplate":"https:\/\/cliniccenter.co.uk\/ro\/?s={search_term_string}"},"query-input":{"@type":"PropertyValueSpecification","valueRequired":true,"valueName":"search_term_string"}}],"inLanguage":"fr-FR"}]}},"uagb_featured_image_src":{"full":false,"thumbnail":false,"medium":false,"medium_large":false,"large":false,"1536x1536":false,"2048x2048":false},"uagb_author_info":{"display_name":"Sertac Ceki","author_link":"https:\/\/cliniccenter.co.uk\/fr\/blog\/author\/sertaccliniccenter-co-uk\/"},"uagb_comment_info":0,"uagb_excerpt":"Apr\u00e8s avoir obtenu son dipl\u00f4me de la Facult\u00e9 de m\u00e9decine de l&rsquo;Universit\u00e9 Dokuz Eylul en 1999, le docteur Da\u011fhan a termin\u00e9 sa formation sp\u00e9cialis\u00e9e en chirurgie plastique, reconstructive et esth\u00e9tique en 2005 \u00e0 l&rsquo;Universit\u00e9 de Gaziantep. Il&nbsp; a effectu\u00e9 son service obligatoire \u00e0 Gaziantep entre 2005 et 2007. Fran\u00e7ais Pour acqu\u00e9rir une exp\u00e9rience consid\u00e9rable, le\u2026","_links":{"self":[{"href":"https:\/\/cliniccenter.co.uk\/fr\/wp-json\/wp\/v2\/pages\/57161"}],"collection":[{"href":"https:\/\/cliniccenter.co.uk\/fr\/wp-json\/wp\/v2\/pages"}],"about":[{"href":"https:\/\/cliniccenter.co.uk\/fr\/wp-json\/wp\/v2\/types\/page"}],"author":[{"embeddable":true,"href":"https:\/\/cliniccenter.co.uk\/fr\/wp-json\/wp\/v2\/users\/2"}],"replies":[{"embeddable":true,"href":"https:\/\/cliniccenter.co.uk\/fr\/wp-json\/wp\/v2\/comments?post=57161"}],"version-history":[{"count":4,"href":"https:\/\/cliniccenter.co.uk\/fr\/wp-json\/wp\/v2\/pages\/57161\/revisions"}],"predecessor-version":[{"id":58061,"href":"https:\/\/cliniccenter.co.uk\/fr\/wp-json\/wp\/v2\/pages\/57161\/revisions\/58061"}],"up":[{"embeddable":true,"href":"https:\/\/cliniccenter.co.uk\/fr\/wp-json\/wp\/v2\/pages\/56221"}],"wp:attachment":[{"href":"https:\/\/cliniccenter.co.uk\/fr\/wp-json\/wp\/v2\/media?parent=57161"}],"curies":[{"name":"wp","href":"https:\/\/api.w.org\/{rel}","templated":true}]}}