{"id":57550,"date":"2021-04-20T13:29:22","date_gmt":"2021-04-20T13:29:22","guid":{"rendered":"https:\/\/cliniccenter.co.uk\/medecins\/doktor-celalettin\/"},"modified":"2024-11-18T15:15:33","modified_gmt":"2024-11-18T15:15:33","slug":"prof-assoc-dr-celalettin","status":"publish","type":"page","link":"https:\/\/cliniccenter.co.uk\/fr\/prof-assoc-dr-celalettin\/","title":{"rendered":"Dr Celalettin, Professeur Agr\u00e9g\u00e9 | M\u00e9decin en Chirurgie Plastique | Clinic Center"},"content":{"rendered":"\n<div class=\"wp-block-columns is-layout-flex wp-container-core-columns-is-layout-3 wp-block-columns-is-layout-flex\">\n<div class=\"wp-block-column is-layout-flow wp-block-column-is-layout-flow\" style=\"flex-basis:33.33%\">\n<figure class=\"wp-block-image size-large\"><img decoding=\"async\" src=\"https:\/\/cliniccenter.co.uk\/wp-content\/uploads\/2023\/11\/celalettin-sever-517x1024-1.webp\" alt=\"\" class=\"wp-image-22579\"\/><\/figure>\n<\/div>\n\n\n\n<div class=\"wp-block-column is-layout-flow wp-block-column-is-layout-flow\" style=\"flex-basis:66.66%\">\n<div class=\"wp-block-columns is-layout-flex wp-container-core-columns-is-layout-1 wp-block-columns-is-layout-flex\">\n<div class=\"wp-block-column leftpadbox is-layout-flow wp-block-column-is-layout-flow\">\n<p>Le Dr Celalettin est l&rsquo;un des chirurgiens plasticiens les plus exp\u00e9riment\u00e9s et les plus talentueux de Turquie. Il a termin\u00e9 ses \u00e9tudes de m\u00e9decine \u00e0 l&rsquo;Acad\u00e9mie de m\u00e9decine militaire de G\u00fclhane, Facult\u00e9 de m\u00e9decine en 1998, et a travaill\u00e9 \u00e0 l&rsquo;h\u00f4pital de formation Haydarpasa de 2002 \u00e0 2017 dans le d\u00e9partement de chirurgie plastique, esth\u00e9tique, reconstructive et de soins aux br\u00fbl\u00e9s, o\u00f9 il a acquis une exp\u00e9rience consid\u00e9rable. Le Dr Celalettin est devenu professeur associ\u00e9 en 2014. Au cours de sa brillante carri\u00e8re, le Dr Celalettin s&rsquo;est principalement concentr\u00e9 sur les chirurgies mammaires, les proc\u00e9dures de sculpture corporelle, les chirurgies esth\u00e9tiques du visage, les chirurgies de soins aux br\u00fbl\u00e9s, les proc\u00e9dures m\u00e9dico-esth\u00e9tiques et les chirurgies du nez.<\/p>\n\n\n\n<p>Le docteur Celalettin a plus de 70 publications internationales pour lesquelles il d\u00e9tient 3 prix et plus de 150 pr\u00e9sentations \u00e0 des congr\u00e8s internationaux et nationaux. Il participe activement \u00e0 des r\u00e9unions r\u00e9guli\u00e8res pour suivre les avanc\u00e9es technologiques et les techniques les plus r\u00e9centes dans son domaine. Gr\u00e2ce \u00e0 sa formation compl\u00e8te et \u00e0 ses ann\u00e9es d&rsquo;exp\u00e9rience, ses patients sont satisfaits de ses r\u00e9sultats chirurgicaux r\u00e9ussis et de ses bonnes capacit\u00e9s de communication.<\/p>\n<\/div>\n<\/div>\n\n\n\n<h3 class=\"wp-block-heading\">Certificat<\/h3>\n\n\n\n<figure class=\"wp-block-gallery has-nested-images columns-default is-cropped wp-block-gallery-1 is-layout-flex wp-block-gallery-is-layout-flex\">\n<figure class=\"wp-block-image size-large\"><img decoding=\"async\" width=\"250\" height=\"175\" src=\"https:\/\/cliniccenter.co.uk\/wp-content\/uploads\/2021\/09\/celalettin-sever-4-3.jpeg\" alt=\"\" class=\"wp-image-16612\"\/><\/figure>\n\n\n\n<figure class=\"wp-block-image size-large\"><img decoding=\"async\" width=\"250\" height=\"177\" src=\"https:\/\/cliniccenter.co.uk\/wp-content\/uploads\/2021\/09\/celalettin-sever-certificate-1-2.jpeg\" alt=\"\" class=\"wp-image-16618\"\/><\/figure>\n<\/figure>\n\n\n\n<figure class=\"wp-block-gallery has-nested-images columns-default is-cropped wp-block-gallery-2 is-layout-flex wp-block-gallery-is-layout-flex\">\n<figure class=\"wp-block-image size-large\"><img decoding=\"async\" width=\"250\" height=\"346\" src=\"https:\/\/cliniccenter.co.uk\/wp-content\/uploads\/2021\/09\/celalettin-sever-3-1.jpeg\" alt=\"\" class=\"wp-image-16598\" srcset=\"https:\/\/cliniccenter.co.uk\/wp-content\/uploads\/2021\/09\/celalettin-sever-3-1.jpeg 250w, https:\/\/cliniccenter.co.uk\/wp-content\/uploads\/2021\/09\/celalettin-sever-3-1-217x300.jpeg 217w\" sizes=\"(max-width: 250px) 100vw, 250px\" \/><\/figure>\n\n\n\n<figure class=\"wp-block-image size-large\"><img decoding=\"async\" width=\"250\" height=\"369\" src=\"https:\/\/cliniccenter.co.uk\/wp-content\/uploads\/2021\/09\/celalettin-sever-certificate-2-1.jpeg\" alt=\"\" class=\"wp-image-16604\" srcset=\"https:\/\/cliniccenter.co.uk\/wp-content\/uploads\/2021\/09\/celalettin-sever-certificate-2-1.jpeg 250w, https:\/\/cliniccenter.co.uk\/wp-content\/uploads\/2021\/09\/celalettin-sever-certificate-2-1-203x300.jpeg 203w\" sizes=\"(max-width: 250px) 100vw, 250px\" \/><\/figure>\n<\/figure>\n\n\n\n<div class=\"wp-block-columns is-layout-flex wp-container-core-columns-is-layout-2 wp-block-columns-is-layout-flex\">\n<div class=\"wp-block-column leftpadbox is-layout-flow wp-block-column-is-layout-flow\">\n<p><strong>Exp\u00e9rience<\/strong> : 22 ans<br><strong>Patients trait\u00e9s \u00e0 l&rsquo;international<\/strong> : Royaume-Uni, Irlande, Australie, \u00c9tats-Unis d&rsquo;Am\u00e9rique, \u00c9mirats arabes unis, Arabie saoudite, Kowe\u00eft<br><strong>Domaines de sp\u00e9cialisation : <\/strong>Augmentation mammaire (implants mammaires, augmentation mammaire) , lifting des seins , r\u00e9duction mammaire , <a href=\"https:\/\/cliniccenter.co.uk\/fr\/chirurgie-du-nez-en-turquie\/\">rhinoplastie (rhinoplastie)<\/a> , septorhinoplastie , <a href=\"https:\/\/cliniccenter.co.uk\/fr\/liposuccion-en-turquie\/\">liposuccion (\u00e9limination de la graisse)<\/a> , liposuccion Vaser et Vaser haute d\u00e9finition , abdominoplastie , lifting br\u00e9silien des fesses (BBL) , lifting du visage (rhytidectomie) , chirurgie des paupi\u00e8res (bl\u00e9pharoplastie) , gyn\u00e9comastie (r\u00e9duction mammaire masculine) , relooking de maman , lifting des cuisses (cuisseplastie) , lifting du cou (platysmaplastie) , lifting des bras (brachioplastie) , lifting des sourcils , chirurgie esth\u00e9tique des oreilles (otoplastie) , chirurgies esth\u00e9tiques .<br><strong>Adh\u00e9sions<\/strong> : Association turque de chirurgie plastique, reconstructive et esth\u00e9tique, Association turque de chirurgie plastique esth\u00e9tique, Soci\u00e9t\u00e9 turque de microchirurgie reconstructive<br><strong>Ville<\/strong> : Istanbul, Turquie<br><strong>Jours ouvrables<\/strong> : en semaine et le samedi<br><strong>Langues<\/strong> : anglais<br><strong>Contact<\/strong> : +44 20 3575 1039 &amp; info@cliniccenter.co.uk<\/p>\n<\/div>\n<\/div>\n<\/div>\n<\/div>\n\n\n\n<script type=\"application\/ld+json\">\n    {\n        \"@context\": \"http:\\\/\\\/schema.org\",\n        \"@type\": \"Physician\",\n        \"@id\": \"https:\/\/cliniccenter.co.uk\/assoc-prof-dr-celalettin\/\",\n        \"areaServed\": {\n            \"@type\": \"Place\",\n            \"name\": \"Istanbul, Turkey\"\n        },\n        \"alumniOf\": {\n            \"@type\": \"OrganizationRole\",\n            \"alumniOf\": {\n                \"@type\": \"CollegeOrUniversity\",\n                \"name\": \"Gulhane Military Medical Academy\"\n            }\n        },\n        \"employee\": {\n            \"@type\": \"Person\",\n            \"@id\": \"https:\/\/cliniccenter.co.uk\/assoc-prof-dr-celalettin\/\",\n            \"description\": \"MD, Celalettin is one of the most experienced and talented plastic surgeons in Turkey. He completed his medical education at Gulhane Military Medical Academy, Faculty of Medicine in 1998, and worked at Haydarpasa Training Hospital from 2002 to 2017 in the Plastic, Aesthetic, Reconstructive Surgery and Burn Care Department where he gained considerable experience. Dr. Celalettin became Associate Professor in 2014. During his successful career, Doctor Celalettin mainly focused on breast surgeries, body sculpturing procedures, aesthetic face surgeries, burn care surgeries, medical aesthetic procedures and nose surgeries. Doctor Celalettin has over 70 international publications for which he holds 3 awards and over 150 international and national congree presentations. He actively attends regular meetings to follow the technological advancements and the newest techniques in his field. Thanks to his comprehensive education and years of experience both, his patients are happy with his successful surgery results and good communication skills.\",\n            \"hasOccupation\": {\n                \"@type\": \"Occupation\",\n                \"name\": \"Plastic Surgeon\"\n            },\n            \"knowsLanguage\": {\n                \"@type\": \"Language\",\n                \"name\": \"English\",\n                \"alternateName\": \"en\"\n            },\n            \"honorificSuffix\": \"Assoc. Prof. Dr. \"\n        },\n        \"hospitalAffiliation\": {\n            \"image\": {\n                \"@type\": \"ImageObject\",\n                \"@id\": \"https:\/\/cliniccenter.co.uk\/wp-content\/uploads\/2021\/12\/celalettin.jpg\"\n            }\n        },\n        \"isAcceptingNewPatients\": \"https:\\\/\\\/schema.org\\\/True\",\n        \"isAccessibleForFree\": \"https:\\\/\\\/schema.org\\\/False\",\n        \"medicalSpecialty\": {\n            \"@type\": \"MedicalSpecialty\",\n            \"name\": \"Breast Augmentation (Breast Implants, Breast Enlargement), Breast Lift, Breast Reduction, Rhinoplasty (Nose Job), Septorhinoplasty, Liposuction (Fat Removal), Vaser & Hi-Def Vaser Liposuction, Tummy Tuck, Brazilian Butt Lift (BBL), Facelift (Rhytidectomy), Eyelid Surgery (Blepharoplasty), Gynecomastia (Male Breast Reduction), Mommy Makeover, Thigh Lift (Thighplasty), Neck Lift (Platysmaplasty), Arm Lift  (Brachioplasty), Brow Lift, Cosmetic Ear Surgery (Otoplasty), Cosmetic Surgeries.\"\n        },\n        \"memberOf\": {\n            \"@type\": \"Organization\",\n            \"name\": [\n                \"Turkish Plastic, Reconstructive and Aesthetic Surgery Association, Turkish Aesthetic Plastic Surgery Association, Turkish Society of Reconstructive Microsurgery\"\n            ]\n        },\n        \"name\": \"Assoc. Prof. Dr. Celalettin\"\n    }\n<\/script>\n","protected":false},"excerpt":{"rendered":"<p>Le Dr Celalettin est l&rsquo;un des chirurgiens plasticiens les plus exp\u00e9riment\u00e9s et les plus talentueux de Turquie. Il a termin\u00e9 ses \u00e9tudes de m\u00e9decine \u00e0 l&rsquo;Acad\u00e9mie de m\u00e9decine militaire de G\u00fclhane, Facult\u00e9 de m\u00e9decine en 1998, et a travaill\u00e9 \u00e0 l&rsquo;h\u00f4pital de formation Haydarpasa de 2002 \u00e0 2017 dans le d\u00e9partement de chirurgie plastique, esth\u00e9tique, [&hellip;]<\/p>\n","protected":false},"author":2,"featured_media":0,"parent":56221,"menu_order":0,"comment_status":"closed","ping_status":"closed","template":"","meta":{"_uag_custom_page_level_css":"","_lmt_disableupdate":"no","_lmt_disable":"","site-sidebar-layout":"default","site-content-layout":"default","ast-site-content-layout":"default","site-content-style":"default","site-sidebar-style":"default","ast-global-header-display":"","ast-banner-title-visibility":"","ast-main-header-display":"","ast-hfb-above-header-display":"","ast-hfb-below-header-display":"","ast-hfb-mobile-header-display":"","site-post-title":"","ast-breadcrumbs-content":"","ast-featured-img":"","footer-sml-layout":"","theme-transparent-header-meta":"default","adv-header-id-meta":"","stick-header-meta":"","header-above-stick-meta":"","header-main-stick-meta":"","header-below-stick-meta":"","astra-migrate-meta-layouts":"set","ast-page-background-enabled":"default","ast-page-background-meta":{"desktop":{"background-color":"","background-image":"","background-repeat":"repeat","background-position":"center center","background-size":"auto","background-attachment":"scroll","background-type":"","background-media":"","overlay-type":"","overlay-color":"","overlay-opacity":"","overlay-gradient":""},"tablet":{"background-color":"","background-image":"","background-repeat":"repeat","background-position":"center center","background-size":"auto","background-attachment":"scroll","background-type":"","background-media":"","overlay-type":"","overlay-color":"","overlay-opacity":"","overlay-gradient":""},"mobile":{"background-color":"","background-image":"","background-repeat":"repeat","background-position":"center center","background-size":"auto","background-attachment":"scroll","background-type":"","background-media":"","overlay-type":"","overlay-color":"","overlay-opacity":"","overlay-gradient":""}},"ast-content-background-meta":{"desktop":{"background-color":"var(--ast-global-color-5)","background-image":"","background-repeat":"repeat","background-position":"center center","background-size":"auto","background-attachment":"scroll","background-type":"","background-media":"","overlay-type":"","overlay-color":"","overlay-opacity":"","overlay-gradient":""},"tablet":{"background-color":"var(--ast-global-color-5)","background-image":"","background-repeat":"repeat","background-position":"center center","background-size":"auto","background-attachment":"scroll","background-type":"","background-media":"","overlay-type":"","overlay-color":"","overlay-opacity":"","overlay-gradient":""},"mobile":{"background-color":"var(--ast-global-color-5)","background-image":"","background-repeat":"repeat","background-position":"center center","background-size":"auto","background-attachment":"scroll","background-type":"","background-media":"","overlay-type":"","overlay-color":"","overlay-opacity":"","overlay-gradient":""}},"footnotes":""},"class_list":["post-57550","page","type-page","status-publish","hentry"],"yoast_head":"<!-- This site is optimized with the Yoast SEO plugin v25.3.1 - https:\/\/yoast.com\/wordpress\/plugins\/seo\/ -->\n<title>Dr Celalettin, Professeur Agr\u00e9g\u00e9 | M\u00e9decin en Chirurgie Plastique<\/title>\n<meta name=\"description\" content=\"Obt\u00e9n m\u00e1s informaci\u00f3n sobre el especialista asociado de Clinic Center, el Dr. Celalettin, quien cuenta con m\u00e1s de 22 a\u00f1os de experiencia en el campo de la cirug\u00eda pl\u00e1stica.\" \/>\n<meta name=\"robots\" content=\"index, follow, max-snippet:-1, max-image-preview:large, max-video-preview:-1\" \/>\n<link rel=\"canonical\" href=\"https:\/\/cliniccenter.co.uk\/fr\/prof-assoc-dr-celalettin\/\" \/>\n<meta property=\"og:locale\" content=\"fr_FR\" \/>\n<meta property=\"og:type\" content=\"article\" \/>\n<meta property=\"og:title\" content=\"Dr Celalettin, Professeur Agr\u00e9g\u00e9 | M\u00e9decin en Chirurgie Plastique\" \/>\n<meta property=\"og:description\" content=\"Obt\u00e9n m\u00e1s informaci\u00f3n sobre el especialista asociado de Clinic Center, el Dr. Celalettin, quien cuenta con m\u00e1s de 22 a\u00f1os de experiencia en el campo de la cirug\u00eda pl\u00e1stica.\" \/>\n<meta property=\"og:url\" content=\"https:\/\/cliniccenter.co.uk\/fr\/prof-assoc-dr-celalettin\/\" \/>\n<meta property=\"article:publisher\" content=\"https:\/\/www.facebook.com\/cliniccenter.co.uk\/\" \/>\n<meta property=\"article:modified_time\" content=\"2024-11-18T15:15:33+00:00\" \/>\n<meta property=\"og:image\" content=\"https:\/\/cliniccenter.co.uk\/wp-content\/uploads\/2023\/11\/celalettin-sever-517x1024-1.webp\" \/>\n<meta name=\"twitter:card\" content=\"summary_large_image\" \/>\n<meta name=\"twitter:site\" content=\"@cliniccenteruk\" \/>\n<meta name=\"twitter:label1\" content=\"Dur\u00e9e de lecture estim\u00e9e\" \/>\n\t<meta name=\"twitter:data1\" content=\"3 minutes\" \/>\n<!-- \/ Yoast SEO plugin. -->","yoast_head_json":{"title":"Dr Celalettin, Professeur Agr\u00e9g\u00e9 | M\u00e9decin en Chirurgie Plastique","description":"Obt\u00e9n m\u00e1s informaci\u00f3n sobre el especialista asociado de Clinic Center, el Dr. Celalettin, quien cuenta con m\u00e1s de 22 a\u00f1os de experiencia en el campo de la cirug\u00eda pl\u00e1stica.","robots":{"index":"index","follow":"follow","max-snippet":"max-snippet:-1","max-image-preview":"max-image-preview:large","max-video-preview":"max-video-preview:-1"},"canonical":"https:\/\/cliniccenter.co.uk\/fr\/prof-assoc-dr-celalettin\/","og_locale":"fr_FR","og_type":"article","og_title":"Dr Celalettin, Professeur Agr\u00e9g\u00e9 | M\u00e9decin en Chirurgie Plastique","og_description":"Obt\u00e9n m\u00e1s informaci\u00f3n sobre el especialista asociado de Clinic Center, el Dr. Celalettin, quien cuenta con m\u00e1s de 22 a\u00f1os de experiencia en el campo de la cirug\u00eda pl\u00e1stica.","og_url":"https:\/\/cliniccenter.co.uk\/fr\/prof-assoc-dr-celalettin\/","article_publisher":"https:\/\/www.facebook.com\/cliniccenter.co.uk\/","article_modified_time":"2024-11-18T15:15:33+00:00","og_image":[{"url":"https:\/\/cliniccenter.co.uk\/wp-content\/uploads\/2023\/11\/celalettin-sever-517x1024-1.webp","type":"","width":"","height":""}],"twitter_card":"summary_large_image","twitter_site":"@cliniccenteruk","twitter_misc":{"Dur\u00e9e de lecture estim\u00e9e":"3 minutes"},"schema":{"@context":"https:\/\/schema.org","@graph":[{"@type":"WebPage","@id":"https:\/\/cliniccenter.co.uk\/fr\/prof-assoc-dr-celalettin\/","url":"https:\/\/cliniccenter.co.uk\/fr\/prof-assoc-dr-celalettin\/","name":"Dr Celalettin, Professeur Agr\u00e9g\u00e9 | M\u00e9decin en Chirurgie Plastique","isPartOf":{"@id":"https:\/\/cliniccenter.co.uk\/ro\/#website"},"primaryImageOfPage":{"@id":"https:\/\/cliniccenter.co.uk\/fr\/prof-assoc-dr-celalettin\/#primaryimage"},"image":{"@id":"https:\/\/cliniccenter.co.uk\/fr\/prof-assoc-dr-celalettin\/#primaryimage"},"thumbnailUrl":"https:\/\/cliniccenter.co.uk\/wp-content\/uploads\/2023\/11\/celalettin-sever-517x1024-1.webp","datePublished":"2021-04-20T13:29:22+00:00","dateModified":"2024-11-18T15:15:33+00:00","description":"Obt\u00e9n m\u00e1s informaci\u00f3n sobre el especialista asociado de Clinic Center, el Dr. Celalettin, quien cuenta con m\u00e1s de 22 a\u00f1os de experiencia en el campo de la cirug\u00eda pl\u00e1stica.","breadcrumb":{"@id":"https:\/\/cliniccenter.co.uk\/fr\/prof-assoc-dr-celalettin\/#breadcrumb"},"inLanguage":"fr-FR","potentialAction":[{"@type":"ReadAction","target":["https:\/\/cliniccenter.co.uk\/fr\/prof-assoc-dr-celalettin\/"]}]},{"@type":"ImageObject","inLanguage":"fr-FR","@id":"https:\/\/cliniccenter.co.uk\/fr\/prof-assoc-dr-celalettin\/#primaryimage","url":"https:\/\/cliniccenter.co.uk\/wp-content\/uploads\/2023\/11\/celalettin-sever-517x1024-1.webp","contentUrl":"https:\/\/cliniccenter.co.uk\/wp-content\/uploads\/2023\/11\/celalettin-sever-517x1024-1.webp"},{"@type":"BreadcrumbList","@id":"https:\/\/cliniccenter.co.uk\/fr\/prof-assoc-dr-celalettin\/#breadcrumb","itemListElement":[{"@type":"ListItem","position":1,"name":"Home","item":"https:\/\/cliniccenter.co.uk\/fr\/"},{"@type":"ListItem","position":2,"name":"Meilleurs Chirurgiens en Turquie | Principales Chirurgies en Turquie","item":"https:\/\/cliniccenter.co.uk\/fr\/medecins\/"},{"@type":"ListItem","position":3,"name":"Dr Celalettin, Professeur Agr\u00e9g\u00e9 | M\u00e9decin en Chirurgie Plastique | Clinic Center"}]},{"@type":"WebSite","@id":"https:\/\/cliniccenter.co.uk\/ro\/#website","url":"https:\/\/cliniccenter.co.uk\/ro\/","name":"","description":"","potentialAction":[{"@type":"SearchAction","target":{"@type":"EntryPoint","urlTemplate":"https:\/\/cliniccenter.co.uk\/ro\/?s={search_term_string}"},"query-input":{"@type":"PropertyValueSpecification","valueRequired":true,"valueName":"search_term_string"}}],"inLanguage":"fr-FR"}]}},"uagb_featured_image_src":{"full":false,"thumbnail":false,"medium":false,"medium_large":false,"large":false,"1536x1536":false,"2048x2048":false},"uagb_author_info":{"display_name":"Sertac Ceki","author_link":"https:\/\/cliniccenter.co.uk\/fr\/blog\/author\/sertaccliniccenter-co-uk\/"},"uagb_comment_info":0,"uagb_excerpt":"Le Dr Celalettin est l&rsquo;un des chirurgiens plasticiens les plus exp\u00e9riment\u00e9s et les plus talentueux de Turquie. Il a termin\u00e9 ses \u00e9tudes de m\u00e9decine \u00e0 l&rsquo;Acad\u00e9mie de m\u00e9decine militaire de G\u00fclhane, Facult\u00e9 de m\u00e9decine en 1998, et a travaill\u00e9 \u00e0 l&rsquo;h\u00f4pital de formation Haydarpasa de 2002 \u00e0 2017 dans le d\u00e9partement de chirurgie plastique, esth\u00e9tique,\u2026","_links":{"self":[{"href":"https:\/\/cliniccenter.co.uk\/fr\/wp-json\/wp\/v2\/pages\/57550"}],"collection":[{"href":"https:\/\/cliniccenter.co.uk\/fr\/wp-json\/wp\/v2\/pages"}],"about":[{"href":"https:\/\/cliniccenter.co.uk\/fr\/wp-json\/wp\/v2\/types\/page"}],"author":[{"embeddable":true,"href":"https:\/\/cliniccenter.co.uk\/fr\/wp-json\/wp\/v2\/users\/2"}],"replies":[{"embeddable":true,"href":"https:\/\/cliniccenter.co.uk\/fr\/wp-json\/wp\/v2\/comments?post=57550"}],"version-history":[{"count":1,"href":"https:\/\/cliniccenter.co.uk\/fr\/wp-json\/wp\/v2\/pages\/57550\/revisions"}],"predecessor-version":[{"id":57553,"href":"https:\/\/cliniccenter.co.uk\/fr\/wp-json\/wp\/v2\/pages\/57550\/revisions\/57553"}],"up":[{"embeddable":true,"href":"https:\/\/cliniccenter.co.uk\/fr\/wp-json\/wp\/v2\/pages\/56221"}],"wp:attachment":[{"href":"https:\/\/cliniccenter.co.uk\/fr\/wp-json\/wp\/v2\/media?parent=57550"}],"curies":[{"name":"wp","href":"https:\/\/api.w.org\/{rel}","templated":true}]}}