{"id":58696,"date":"2019-01-02T13:09:42","date_gmt":"2019-01-02T13:09:42","guid":{"rendered":"https:\/\/cliniccenter.co.uk\/medecins\/dr-cagri\/"},"modified":"2024-12-23T08:37:34","modified_gmt":"2024-12-23T08:37:34","slug":"dr-cagri","status":"publish","type":"page","link":"https:\/\/cliniccenter.co.uk\/fr\/dr-cagri\/","title":{"rendered":"Dr. \u00c7a\u011fr\u0131 | M\u00e9decin en Chirurgie Plastique | Clinic Center"},"content":{"rendered":"\n<div class=\"wp-block-columns is-layout-flex wp-container-core-columns-is-layout-3 wp-block-columns-is-layout-flex\">\n<div class=\"wp-block-column is-layout-flow wp-block-column-is-layout-flow\" style=\"flex-basis:33.33%\">\n<figure class=\"wp-block-image alignleft size-large is-resized\"><img decoding=\"async\" src=\"https:\/\/cliniccenter.co.uk\/wp-content\/uploads\/2023\/11\/cagri-sade-1-517x1024-1.webp\" alt=\"\" class=\"wp-image-24229\" style=\"aspect-ratio:0.5048828125;width:322px;height:auto\"\/><\/figure>\n<\/div>\n\n\n\n<div class=\"wp-block-column is-layout-flow wp-block-column-is-layout-flow\" style=\"flex-basis:66.66%\">\n<div class=\"wp-block-columns is-layout-flex wp-container-core-columns-is-layout-1 wp-block-columns-is-layout-flex\">\n<div class=\"wp-block-column leftpadbox is-layout-flow wp-block-column-is-layout-flow\">\n<p>Le Dr \u00c7a\u011fr\u0131 est dipl\u00f4m\u00e9 de la facult\u00e9 de m\u00e9decine de l&rsquo;universit\u00e9 d&rsquo;Ankara en 1994 et a termin\u00e9 sa r\u00e9sidence dans l&rsquo;un des h\u00f4pitaux universitaires de recherche les plus prestigieux d&rsquo;Istanbul, en Turquie, en 2001.<\/p>\n\n\n\n<p>Apr\u00e8s avoir r\u00e9alis\u00e9 des milliers d&rsquo;interventions chirurgicales r\u00e9ussies, le Dr \u00c7a\u011fr\u0131 a acquis une grande exp\u00e9rience en travaillant sous la direction de certains des plus grands noms de la chirurgie plastique et reconstructive. Apr\u00e8s avoir termin\u00e9 sa r\u00e9sidence en 2001, il a eu le privil\u00e8ge de collaborer avec l&rsquo;un des pionniers les plus renomm\u00e9s dans le domaine de la chirurgie plastique en Turquie.Le docteur \u00c7a\u011fr\u0131 a rejoint le programme d&rsquo;observation du chirurgien plasticien am\u00e9ricain Dr Sherrell J. Aston en 2002 et est devenu la m\u00eame ann\u00e9e chirurgien \u00e0 l&rsquo;h\u00f4pital am\u00e9ricain d&rsquo;Istanbul. Docteur en m\u00e9decine, \u00c7a\u011fr\u0131 se concentre principalement sur les interventions chirurgicales et non chirurgicales, esth\u00e9tiques et reconstructives pour les hommes et les femmes. Avec plus de 10 ans d&rsquo;exp\u00e9rience dans le domaine, les patients du Dr \u00c7a\u011fr\u0131 sont tr\u00e8s satisfaits de son approche amicale, de ses comp\u00e9tences en communication et des r\u00e9sultats de ses interventions.<\/p>\n<\/div>\n<\/div>\n\n\n\n<h3 class=\"wp-block-heading\">Les Certificats<\/h3>\n\n\n\n<figure class=\"wp-block-gallery has-nested-images columns-default is-cropped wp-block-gallery-1 is-layout-flex wp-block-gallery-is-layout-flex\">\n<figure class=\"wp-block-image size-large\"><img decoding=\"async\" width=\"300\" height=\"221\" src=\"https:\/\/cliniccenter.co.uk\/wp-content\/uploads\/2021\/09\/cagri-sade-2-1.jpeg\" alt=\"\" class=\"wp-image-16625\"\/><\/figure>\n\n\n\n<figure class=\"wp-block-image size-large\"><img decoding=\"async\" width=\"300\" height=\"230\" src=\"https:\/\/cliniccenter.co.uk\/wp-content\/uploads\/2021\/09\/Cagri-Sade-Certificate-1.jpeg\" alt=\"\" class=\"wp-image-16631\"\/><\/figure>\n<\/figure>\n\n\n\n<div class=\"wp-block-columns is-layout-flex wp-container-core-columns-is-layout-2 wp-block-columns-is-layout-flex\">\n<div class=\"wp-block-column leftpadbox is-layout-flow wp-block-column-is-layout-flow\">\n<p>Exp\u00e9rience : 18 ans<br>Patients trait\u00e9s \u00e0 l&rsquo;international : Royaume-Uni, Irlande, Australie, \u00c9tats-Unis d&rsquo;Am\u00e9rique, \u00c9mirats arabes unis, Arabie saoudite, Kowe\u00eft<br>Domaines de sp\u00e9cialisation : <a href=\"https:\/\/cliniccenter.co.uk\/fr\/chirurgie-mammaire-en-turquie\/\">Augmentation mammaire <\/a>(implants mammaires, augmentation mammaire) , lifting des seins , r\u00e9duction mammaire , <a href=\"https:\/\/cliniccenter.co.uk\/fr\/chirurgie-du-nez-en-turquie\/\">rhinoplastie (rhinoplastie)<\/a> , septorhinoplastie , <a href=\"https:\/\/cliniccenter.co.uk\/fr\/liposuccion-en-turquie\/\">liposuccion (\u00e9limination de la graisse)<\/a> , liposuccion Vaser et Vaser haute d\u00e9finition , abdominoplastie , lifting br\u00e9silien des fesses (BBL) , lifting du visage (rhytidectomie) , chirurgie des paupi\u00e8res (bl\u00e9pharoplastie) , gyn\u00e9comastie (r\u00e9duction mammaire masculine) , relooking de maman , lifting des cuisses (cuisseplastie) , lifting du cou (platysmaplastie) , lifting des bras (brachioplastie) , lifting des sourcils , chirurgie esth\u00e9tique des oreilles (otoplastie) , chirurgies esth\u00e9tiques .<br>Ville : Istanbul, Turquie<br>Jours ouvrables : en semaine et le samedi<br>Contact : +44 20 3575 1039 &amp; info@cliniccenter.co.uk<\/p>\n<\/div>\n<\/div>\n<\/div>\n<\/div>\n\n\n\n<script type=\"application\/ld+json\">\n    {\n        \"@context\": \"http:\\\/\\\/schema.org\",\n        \"@type\": \"Physician\",\n        \"@id\": \"https:\/\/cliniccenter.co.uk\/dr-cagri\/\",\n        \"areaServed\": {\n            \"@type\": \"Place\",\n            \"name\": \"Istanbul, Turkey\"\n        },\n        \"alumniOf\": {\n            \"@type\": \"OrganizationRole\",\n            \"alumniOf\": {\n                \"@type\": \"CollegeOrUniversity\",\n                \"name\": \"Ankara University\"\n            }\n        },\n        \"employee\": {\n            \"@type\": \"Person\",\n            \"@id\": \"https:\/\/cliniccenter.co.uk\/dr-cagri\/\",\n            \"description\": \"Doctor Cagri graduated from Ankara University, Faculty of Medicine in 1994 and completed his residency at one of the most teaching research hospitals in Istanbul, Turkey in 2001.Having performed thousands of successful surgeries, Dr. Cagri gained high experience practicing under some of the leading names in the field of plastic and reconstructive surgery. Following the completion of his residency in 2001, he had the privilege of working with one of the most popular pioneers in the field of plastic surgery in Turkey.Doctor Cagri joined the observer-ship program of the American plastic surgeon Dr. Sherrell J. Aston\u2019s in 2002 and the same year became a staff surgeon at the American Hospital in Istanbul.  MD, Cagri Sade mainly focuses on surgical and non-surgical, aesthetic, and reconstructive procedures for both men and women. With more than 10 years of experience in the field, Dr. Cagri\u2019s patients are very pleased with his friendly approach, communication skills, and surgery results.\",\n            \"hasOccupation\": {\n                \"@type\": \"Occupation\",\n                \"name\": \"Plastic Surgeon\"\n            },\n            \"knowsLanguage\": {\n                \"@type\": \"Language\",\n                \"name\": \"English\",\n                \"alternateName\": \"en\"\n            },\n            \"honorificSuffix\": \"Dr.\"\n        },\n        \"hospitalAffiliation\": {\n            \"image\": {\n                \"@type\": \"ImageObject\",\n                \"@id\": \"https:\/\/cliniccenter.co.uk\/wp-content\/uploads\/2022\/01\/cagri-sade-1.jpg\"\n            }\n        },\n        \"isAcceptingNewPatients\": \"https:\\\/\\\/schema.org\\\/True\",\n        \"isAccessibleForFree\": \"https:\\\/\\\/schema.org\\\/False\",\n        \"medicalSpecialty\": {\n            \"@type\": \"MedicalSpecialty\",\n            \"name\": \"Breast Augmentation (Breast Implants, Breast Enlargement), Breast Lift, Breast Reduction, Rhinoplasty (Nose Job), Septorhinoplasty, Liposuction (Fat Removal), Vaser & Hi-Def Vaser Liposuction, Tummy Tuck, Brazilian Butt Lift (BBL), Facelift (Rhytidectomy), Eyelid Surgery (Blepharoplasty), Gynecomastia (Male Breast Reduction), Mommy Makeover, Thigh Lift (Thighplasty), Neck Lift (Platysmaplasty), Arm Lift  (Brachioplasty), Brow Lift, Cosmetic Ear Surgery (Otoplasty), Cosmetic Surgeries.\"\n        },\n        \"name\": \"Dr. Cagri\"\n    }\n<\/script>\n","protected":false},"excerpt":{"rendered":"<p>Le Dr \u00c7a\u011fr\u0131 est dipl\u00f4m\u00e9 de la facult\u00e9 de m\u00e9decine de l&rsquo;universit\u00e9 d&rsquo;Ankara en 1994 et a termin\u00e9 sa r\u00e9sidence dans l&rsquo;un des h\u00f4pitaux universitaires de recherche les plus prestigieux d&rsquo;Istanbul, en Turquie, en 2001. Apr\u00e8s avoir r\u00e9alis\u00e9 des milliers d&rsquo;interventions chirurgicales r\u00e9ussies, le Dr \u00c7a\u011fr\u0131 a acquis une grande exp\u00e9rience en travaillant sous la [&hellip;]<\/p>\n","protected":false},"author":2,"featured_media":0,"parent":56221,"menu_order":0,"comment_status":"closed","ping_status":"closed","template":"","meta":{"_uag_custom_page_level_css":"","_lmt_disableupdate":"no","_lmt_disable":"","site-sidebar-layout":"default","site-content-layout":"default","ast-site-content-layout":"default","site-content-style":"default","site-sidebar-style":"default","ast-global-header-display":"","ast-banner-title-visibility":"","ast-main-header-display":"","ast-hfb-above-header-display":"","ast-hfb-below-header-display":"","ast-hfb-mobile-header-display":"","site-post-title":"","ast-breadcrumbs-content":"","ast-featured-img":"","footer-sml-layout":"","theme-transparent-header-meta":"default","adv-header-id-meta":"","stick-header-meta":"","header-above-stick-meta":"","header-main-stick-meta":"","header-below-stick-meta":"","astra-migrate-meta-layouts":"set","ast-page-background-enabled":"default","ast-page-background-meta":{"desktop":{"background-color":"","background-image":"","background-repeat":"repeat","background-position":"center center","background-size":"auto","background-attachment":"scroll","background-type":"","background-media":"","overlay-type":"","overlay-color":"","overlay-opacity":"","overlay-gradient":""},"tablet":{"background-color":"","background-image":"","background-repeat":"repeat","background-position":"center center","background-size":"auto","background-attachment":"scroll","background-type":"","background-media":"","overlay-type":"","overlay-color":"","overlay-opacity":"","overlay-gradient":""},"mobile":{"background-color":"","background-image":"","background-repeat":"repeat","background-position":"center center","background-size":"auto","background-attachment":"scroll","background-type":"","background-media":"","overlay-type":"","overlay-color":"","overlay-opacity":"","overlay-gradient":""}},"ast-content-background-meta":{"desktop":{"background-color":"var(--ast-global-color-5)","background-image":"","background-repeat":"repeat","background-position":"center center","background-size":"auto","background-attachment":"scroll","background-type":"","background-media":"","overlay-type":"","overlay-color":"","overlay-opacity":"","overlay-gradient":""},"tablet":{"background-color":"var(--ast-global-color-5)","background-image":"","background-repeat":"repeat","background-position":"center center","background-size":"auto","background-attachment":"scroll","background-type":"","background-media":"","overlay-type":"","overlay-color":"","overlay-opacity":"","overlay-gradient":""},"mobile":{"background-color":"var(--ast-global-color-5)","background-image":"","background-repeat":"repeat","background-position":"center center","background-size":"auto","background-attachment":"scroll","background-type":"","background-media":"","overlay-type":"","overlay-color":"","overlay-opacity":"","overlay-gradient":""}},"footnotes":""},"class_list":["post-58696","page","type-page","status-publish","hentry"],"yoast_head":"<!-- This site is optimized with the Yoast SEO plugin v25.3.1 - https:\/\/yoast.com\/wordpress\/plugins\/seo\/ -->\n<title>Dr. \u00c7a\u011fr\u0131 | M\u00e9decin en Chirurgie Plastique | Clinic Center<\/title>\n<meta name=\"description\" content=\"En savoir plus sur le Dr Cagri de Clinic Center, avec 18 ans d&#039;exp\u00e9rience en chirurgie esth\u00e9tique.\" \/>\n<meta name=\"robots\" content=\"index, follow, max-snippet:-1, max-image-preview:large, max-video-preview:-1\" \/>\n<link rel=\"canonical\" href=\"https:\/\/cliniccenter.co.uk\/fr\/dr-cagri\/\" \/>\n<meta property=\"og:locale\" content=\"fr_FR\" \/>\n<meta property=\"og:type\" content=\"article\" \/>\n<meta property=\"og:title\" content=\"Dr. \u00c7a\u011fr\u0131 | M\u00e9decin en Chirurgie Plastique | Clinic Center\" \/>\n<meta property=\"og:description\" content=\"En savoir plus sur le Dr Cagri de Clinic Center, avec 18 ans d&#039;exp\u00e9rience en chirurgie esth\u00e9tique.\" \/>\n<meta property=\"og:url\" content=\"https:\/\/cliniccenter.co.uk\/fr\/dr-cagri\/\" \/>\n<meta property=\"article:publisher\" content=\"https:\/\/www.facebook.com\/cliniccenter.co.uk\/\" \/>\n<meta property=\"article:modified_time\" content=\"2024-12-23T08:37:34+00:00\" \/>\n<meta property=\"og:image\" content=\"https:\/\/cliniccenter.co.uk\/wp-content\/uploads\/2023\/11\/cagri-sade-1-517x1024-1.webp\" \/>\n<meta name=\"twitter:card\" content=\"summary_large_image\" \/>\n<meta name=\"twitter:site\" content=\"@cliniccenteruk\" \/>\n<meta name=\"twitter:label1\" content=\"Dur\u00e9e de lecture estim\u00e9e\" \/>\n\t<meta name=\"twitter:data1\" content=\"2 minutes\" \/>\n<!-- \/ Yoast SEO plugin. -->","yoast_head_json":{"title":"Dr. \u00c7a\u011fr\u0131 | M\u00e9decin en Chirurgie Plastique | Clinic Center","description":"En savoir plus sur le Dr Cagri de Clinic Center, avec 18 ans d'exp\u00e9rience en chirurgie esth\u00e9tique.","robots":{"index":"index","follow":"follow","max-snippet":"max-snippet:-1","max-image-preview":"max-image-preview:large","max-video-preview":"max-video-preview:-1"},"canonical":"https:\/\/cliniccenter.co.uk\/fr\/dr-cagri\/","og_locale":"fr_FR","og_type":"article","og_title":"Dr. \u00c7a\u011fr\u0131 | M\u00e9decin en Chirurgie Plastique | Clinic Center","og_description":"En savoir plus sur le Dr Cagri de Clinic Center, avec 18 ans d'exp\u00e9rience en chirurgie esth\u00e9tique.","og_url":"https:\/\/cliniccenter.co.uk\/fr\/dr-cagri\/","article_publisher":"https:\/\/www.facebook.com\/cliniccenter.co.uk\/","article_modified_time":"2024-12-23T08:37:34+00:00","og_image":[{"url":"https:\/\/cliniccenter.co.uk\/wp-content\/uploads\/2023\/11\/cagri-sade-1-517x1024-1.webp","type":"","width":"","height":""}],"twitter_card":"summary_large_image","twitter_site":"@cliniccenteruk","twitter_misc":{"Dur\u00e9e de lecture estim\u00e9e":"2 minutes"},"schema":{"@context":"https:\/\/schema.org","@graph":[{"@type":"WebPage","@id":"https:\/\/cliniccenter.co.uk\/fr\/dr-cagri\/","url":"https:\/\/cliniccenter.co.uk\/fr\/dr-cagri\/","name":"Dr. \u00c7a\u011fr\u0131 | M\u00e9decin en Chirurgie Plastique | Clinic Center","isPartOf":{"@id":"https:\/\/cliniccenter.co.uk\/ro\/#website"},"primaryImageOfPage":{"@id":"https:\/\/cliniccenter.co.uk\/fr\/dr-cagri\/#primaryimage"},"image":{"@id":"https:\/\/cliniccenter.co.uk\/fr\/dr-cagri\/#primaryimage"},"thumbnailUrl":"https:\/\/cliniccenter.co.uk\/wp-content\/uploads\/2023\/11\/cagri-sade-1-517x1024-1.webp","datePublished":"2019-01-02T13:09:42+00:00","dateModified":"2024-12-23T08:37:34+00:00","description":"En savoir plus sur le Dr Cagri de Clinic Center, avec 18 ans d'exp\u00e9rience en chirurgie esth\u00e9tique.","breadcrumb":{"@id":"https:\/\/cliniccenter.co.uk\/fr\/dr-cagri\/#breadcrumb"},"inLanguage":"fr-FR","potentialAction":[{"@type":"ReadAction","target":["https:\/\/cliniccenter.co.uk\/fr\/dr-cagri\/"]}]},{"@type":"ImageObject","inLanguage":"fr-FR","@id":"https:\/\/cliniccenter.co.uk\/fr\/dr-cagri\/#primaryimage","url":"https:\/\/cliniccenter.co.uk\/wp-content\/uploads\/2023\/11\/cagri-sade-1-517x1024-1.webp","contentUrl":"https:\/\/cliniccenter.co.uk\/wp-content\/uploads\/2023\/11\/cagri-sade-1-517x1024-1.webp"},{"@type":"BreadcrumbList","@id":"https:\/\/cliniccenter.co.uk\/fr\/dr-cagri\/#breadcrumb","itemListElement":[{"@type":"ListItem","position":1,"name":"Home","item":"https:\/\/cliniccenter.co.uk\/fr\/"},{"@type":"ListItem","position":2,"name":"Meilleurs Chirurgiens en Turquie | Principales Chirurgies en Turquie","item":"https:\/\/cliniccenter.co.uk\/fr\/medecins\/"},{"@type":"ListItem","position":3,"name":"Dr. \u00c7a\u011fr\u0131 | M\u00e9decin en Chirurgie Plastique | Clinic Center"}]},{"@type":"WebSite","@id":"https:\/\/cliniccenter.co.uk\/ro\/#website","url":"https:\/\/cliniccenter.co.uk\/ro\/","name":"","description":"","potentialAction":[{"@type":"SearchAction","target":{"@type":"EntryPoint","urlTemplate":"https:\/\/cliniccenter.co.uk\/ro\/?s={search_term_string}"},"query-input":{"@type":"PropertyValueSpecification","valueRequired":true,"valueName":"search_term_string"}}],"inLanguage":"fr-FR"}]}},"uagb_featured_image_src":{"full":false,"thumbnail":false,"medium":false,"medium_large":false,"large":false,"1536x1536":false,"2048x2048":false},"uagb_author_info":{"display_name":"Sertac Ceki","author_link":"https:\/\/cliniccenter.co.uk\/fr\/blog\/author\/sertaccliniccenter-co-uk\/"},"uagb_comment_info":0,"uagb_excerpt":"Le Dr \u00c7a\u011fr\u0131 est dipl\u00f4m\u00e9 de la facult\u00e9 de m\u00e9decine de l&rsquo;universit\u00e9 d&rsquo;Ankara en 1994 et a termin\u00e9 sa r\u00e9sidence dans l&rsquo;un des h\u00f4pitaux universitaires de recherche les plus prestigieux d&rsquo;Istanbul, en Turquie, en 2001. Apr\u00e8s avoir r\u00e9alis\u00e9 des milliers d&rsquo;interventions chirurgicales r\u00e9ussies, le Dr \u00c7a\u011fr\u0131 a acquis une grande exp\u00e9rience en travaillant sous la\u2026","_links":{"self":[{"href":"https:\/\/cliniccenter.co.uk\/fr\/wp-json\/wp\/v2\/pages\/58696"}],"collection":[{"href":"https:\/\/cliniccenter.co.uk\/fr\/wp-json\/wp\/v2\/pages"}],"about":[{"href":"https:\/\/cliniccenter.co.uk\/fr\/wp-json\/wp\/v2\/types\/page"}],"author":[{"embeddable":true,"href":"https:\/\/cliniccenter.co.uk\/fr\/wp-json\/wp\/v2\/users\/2"}],"replies":[{"embeddable":true,"href":"https:\/\/cliniccenter.co.uk\/fr\/wp-json\/wp\/v2\/comments?post=58696"}],"version-history":[{"count":1,"href":"https:\/\/cliniccenter.co.uk\/fr\/wp-json\/wp\/v2\/pages\/58696\/revisions"}],"predecessor-version":[{"id":58699,"href":"https:\/\/cliniccenter.co.uk\/fr\/wp-json\/wp\/v2\/pages\/58696\/revisions\/58699"}],"up":[{"embeddable":true,"href":"https:\/\/cliniccenter.co.uk\/fr\/wp-json\/wp\/v2\/pages\/56221"}],"wp:attachment":[{"href":"https:\/\/cliniccenter.co.uk\/fr\/wp-json\/wp\/v2\/media?parent=58696"}],"curies":[{"name":"wp","href":"https:\/\/api.w.org\/{rel}","templated":true}]}}