{"id":58700,"date":"2023-09-13T07:05:39","date_gmt":"2023-09-13T07:05:39","guid":{"rendered":"https:\/\/cliniccenter.co.uk\/medecins\/dr-jacob\/"},"modified":"2024-12-23T15:05:46","modified_gmt":"2024-12-23T15:05:46","slug":"dr-jacob","status":"publish","type":"page","link":"https:\/\/cliniccenter.co.uk\/fr\/dr-jacob\/","title":{"rendered":"Dr. Jacob | M\u00e9decin En Chirurgie Plastique | Clinic Center"},"content":{"rendered":"\n<div class=\"wp-block-columns is-layout-flex wp-container-core-columns-is-layout-3 wp-block-columns-is-layout-flex\">\n<div class=\"wp-block-column is-layout-flow wp-block-column-is-layout-flow\" style=\"flex-basis:33.33%\">\n<figure class=\"wp-block-image size-full\"><img decoding=\"async\" width=\"517\" height=\"1024\" src=\"https:\/\/cliniccenter.co.uk\/wp-content\/uploads\/2023\/10\/dr.-jacob-dik-517x1024-2.jpg\" alt=\"\" class=\"wp-image-45801\" srcset=\"https:\/\/cliniccenter.co.uk\/wp-content\/uploads\/2023\/10\/dr.-jacob-dik-517x1024-2.jpg 517w, https:\/\/cliniccenter.co.uk\/wp-content\/uploads\/2023\/10\/dr.-jacob-dik-517x1024-2-151x300.jpg 151w\" sizes=\"(max-width: 517px) 100vw, 517px\" \/><\/figure>\n<\/div>\n\n\n\n<div class=\"wp-block-column is-layout-flow wp-block-column-is-layout-flow\"><\/div>\n\n\n\n<div class=\"wp-block-column is-layout-flow wp-block-column-is-layout-flow\" style=\"flex-basis:66.66%\">\n<div class=\"wp-block-columns is-layout-flex wp-container-core-columns-is-layout-1 wp-block-columns-is-layout-flex\">\n<div class=\"wp-block-column leftpadbox is-layout-flow wp-block-column-is-layout-flow\">\n<p>Le Dr Jacob est dipl\u00f4m\u00e9 de la facult\u00e9 de m\u00e9decine de l&rsquo;universit\u00e9 technique de Karadeniz en 2003, apr\u00e8s quoi il a commenc\u00e9 sa carri\u00e8re en chirurgie cardiovasculaire en effectuant une r\u00e9sidence au c\u00e9l\u00e8bre centre de chirurgie cardiovasculaire et thoracique Siyami Ersek \u00e0 Istanbul entre 2004 et 2005. Cependant, son int\u00e9r\u00eat principal r\u00e9sidait dans la chirurgie plastique, reconstructive et esth\u00e9tique, ce qui l&rsquo;a conduit \u00e0 se sp\u00e9cialiser davantage dans ce domaine.<\/p>\n\n\n\n<p>Afin de perfectionner son expertise dans le domaine complexe de la chirurgie plastique, le Dr Jacob a consacr\u00e9 plusieurs ann\u00e9es \u00e0 une formation et une pratique rigoureuses. Au cours de ses r\u00e9sidences intensives, il a travaill\u00e9 aux c\u00f4t\u00e9s de certaines des personnalit\u00e9s les plus influentes du secteur, acqu\u00e9rant ainsi des connaissances et une exp\u00e9rience inestimables. Fort d\u2019un grand nombre d\u2019interventions chirurgicales r\u00e9ussies, le Dr Jacob est r\u00e9put\u00e9 pour la pr\u00e9cision de ses techniques et son d\u00e9vouement sans faille envers ses patients.<\/p>\n\n\n\n<p>Le Dr Jacob est un membre respect\u00e9 des organismes professionnels comp\u00e9tents en Turquie, contribuant de mani\u00e8re significative aux revues nationales et internationales. Gr\u00e2ce \u00e0 une formation exemplaire, une pr\u00e9paration approfondie et des ann\u00e9es d\u2019exp\u00e9rience pratique en Turquie, le Dr Jacob s\u2019est forg\u00e9 une solide r\u00e9putation en tant que figure de confiance dans le domaine de la chirurgie plastique, reconstructive et esth\u00e9tique. Les patients louent constamment son expertise chirurgicale ainsi que son approche empathique vis-\u00e0-vis de leurs pr\u00e9occupations et de leurs souhaits.<\/p>\n<\/div>\n<\/div>\n\n\n\n<div class=\"wp-block-columns is-layout-flex wp-container-core-columns-is-layout-2 wp-block-columns-is-layout-flex\">\n<div class=\"wp-block-column leftpadbox is-layout-flow wp-block-column-is-layout-flow\">\n<p><strong>Exp\u00e9rience <\/strong>: 20 ans<br><strong>Patients trait\u00e9s \u00e0 l&rsquo;international <\/strong>: Royaume-Uni, Irlande, Australie, \u00c9tats-Unis d&rsquo;Am\u00e9rique, Canada, Allemagne, France, \u00c9mirats arabes unis, Arabie saoudite<br><strong>Domaines de sp\u00e9cialisation<\/strong> : <a href=\"https:\/\/cliniccenter.co.uk\/fr\/chirurgie-mammaire-en-turquie\/\">Augmentation mammaire (implants mammaires, augmentation mammaire)<\/a> , lifting des seins , r\u00e9duction mammaire , <a href=\"https:\/\/cliniccenter.co.uk\/fr\/chirurgie-du-nez-en-turquie\/\">rhinoplastie (rhinoplastie)<\/a> , septorhinoplastie , <a href=\"https:\/\/cliniccenter.co.uk\/fr\/liposuccion-en-turquie\/\">liposuccion (\u00e9limination de la graisse) <\/a>, liposuccion Vaser et Vaser haute d\u00e9finition , abdominoplastie , lifting br\u00e9silien des fesses (BBL) , lifting du visage (rhytidectomie) , chirurgie des paupi\u00e8res (bl\u00e9pharoplastie) , gyn\u00e9comastie (r\u00e9duction mammaire masculine) , relooking de maman , lifting des cuisses (cuisseplastie) , lifting du cou (platysmaplastie) , lifting des bras (brachioplastie) , lifting des sourcils , chirurgie esth\u00e9tique des oreilles (otoplastie) , chirurgies esth\u00e9tiques .<br><strong>Adh\u00e9sions<\/strong> : Association turque de chirurgie plastique, reconstructive et esth\u00e9tique, Association m\u00e9dicale turque<br><strong>Ville <\/strong>: Istanbul, Turquie<br><strong>Jours ouvrables<\/strong> : en semaine et le samedi<br><strong>Langues <\/strong>: anglais<br><strong>Contact <\/strong>: +44 20 3575 1039 &amp; info@cliniccenter.co.uk<\/p>\n\n\n\n<p><span id=\"docs-internal-guid-e9ea401c-7fff-d673-be88-b451acc95c9e\"><\/span><\/p>\n<\/div>\n<\/div>\n<\/div>\n<\/div>\n\n\n\n<script type=\"application\/ld+json\">\n    {\n        \"@context\": \"http:\\\/\\\/schema.org\",\n        \"@type\": \"Physician\",\n        \"@id\": \"https:\/\/cliniccenter.co.uk\/dr-jacob\/\",\n        \"areaServed\": {\n            \"@type\": \"Place\",\n            \"name\": \"Istanbul, Turkey\"\n        },\n        \"alumniOf\": {\n            \"@type\": \"OrganizationRole\",\n            \"alumniOf\": {\n                \"@type\": \"CollegeOrUniversity\",\n                \"name\": \"Karadeniz Technical University\"\n            }\n        },\n        \"employee\": {\n            \"@type\": \"Person\",\n            \"@id\": \"https:\/\/cliniccenter.co.uk\/dr-jacob\/\",\n            \"description\": \"Dr. Jacob graduated from Karadeniz Technical University's School of Medicine in 2003, following which he embarked on his journey in cardiovascular surgery by undertaking a residency at the renowned Siyami Ersek Cardiovascular and Thoracic Surgery Centre in Istanbul between 2004 and 2005. However, his primary interest lay in Plastic, Reconstructive and Aesthetic Surgery, leading him to further specialize in this field from 2007 to 2013 at Atat\u00fcrk Training and Research Hospital, Ankara. To hone his expertise in the intricate field of plastic surgery, Dr. Jacob dedicated several years to rigorous training and practice. Between his intensive residencies, he worked alongside some of the leading figures in the industry, gaining invaluable insights and experiences. With a vast number of successful surgeries under his belt, Dr. Jacob is renowned for his precise techniques and unparalleled dedication to his patients. Dr. Jacob is an esteemed member of relevant professional bodies in Turkey, contributing significantly to both national and international journals. With an exemplary educational background, extensive training, and years of practical experience both in Trabzon and Ankara, Dr. Jacob has built a reputation as a trusted figure in the field of Plastic, Reconstructive, and Aesthetic Surgery. Patients consistently commend his surgical expertise as well as his empathetic approach towards their concerns and desires.\",\n            \"hasOccupation\": {\n                \"@type\": \"Occupation\",\n                \"name\": \"Plastic Surgeon\"\n            },\n            \"knowsLanguage\": {\n                \"@type\": \"Language\",\n                \"name\": \"English\",\n                \"alternateName\": \"en\"\n            },\n            \"honorificSuffix\": \"Dr. \"\n        },\n        \"hospitalAffiliation\": {\n            \"image\": {\n                \"@type\": \"ImageObject\",\n                \"@id\": \"https:\/\/cliniccenter.co.uk\/wp-content\/uploads\/2023\/09\/dr.jacob-dik.jpg\/\"\n            }\n        },\n        \"isAcceptingNewPatients\": \"https:\\\/\\\/schema.org\\\/True\",\n        \"isAccessibleForFree\": \"https:\\\/\\\/schema.org\\\/False\",\n        \"medicalSpecialty\": {\n            \"@type\": \"MedicalSpecialty\",\n            \"name\": \"Breast Augmentation (Breast Implants, Breast Enlargement), Breast Lift, Breast Reduction, Rhinoplasty (Nose Job), Septorhinoplasty, Liposuction (Fat Removal), Vaser & Hi-Def Vaser Liposuction, Tummy Tuck, Brazilian Butt Lift (BBL), Facelift (Rhytidectomy), Eyelid Surgery (Blepharoplasty), Gynecomastia (Male Breast Reduction), Mommy Makeover, Thigh Lift (Thighplasty), Neck Lift (Platysmaplasty), Arm Lift  (Brachioplasty), Brow Lift, Cosmetic Ear Surgery (Otoplasty), Cosmetic Surgeries.\"\n        },\n        \"memberOf\": {\n            \"@type\": \"Organization\",\n            \"name\": [\n                \"Turkish Plastic, Reconstructive and Aesthetic Surgery Association, Turkish Medical Associationa\"\n            ]\n        },\n        \"name\": \"Dr. Jacob\"\n    }\n<\/script>\n","protected":false},"excerpt":{"rendered":"<p>Le Dr Jacob est dipl\u00f4m\u00e9 de la facult\u00e9 de m\u00e9decine de l&rsquo;universit\u00e9 technique de Karadeniz en 2003, apr\u00e8s quoi il a commenc\u00e9 sa carri\u00e8re en chirurgie cardiovasculaire en effectuant une r\u00e9sidence au c\u00e9l\u00e8bre centre de chirurgie cardiovasculaire et thoracique Siyami Ersek \u00e0 Istanbul entre 2004 et 2005. Cependant, son int\u00e9r\u00eat principal r\u00e9sidait dans la chirurgie [&hellip;]<\/p>\n","protected":false},"author":15,"featured_media":0,"parent":56221,"menu_order":0,"comment_status":"closed","ping_status":"closed","template":"","meta":{"_uag_custom_page_level_css":"","_lmt_disableupdate":"no","_lmt_disable":"","site-sidebar-layout":"default","site-content-layout":"default","ast-site-content-layout":"default","site-content-style":"default","site-sidebar-style":"default","ast-global-header-display":"","ast-banner-title-visibility":"","ast-main-header-display":"","ast-hfb-above-header-display":"","ast-hfb-below-header-display":"","ast-hfb-mobile-header-display":"","site-post-title":"","ast-breadcrumbs-content":"","ast-featured-img":"","footer-sml-layout":"","theme-transparent-header-meta":"default","adv-header-id-meta":"","stick-header-meta":"","header-above-stick-meta":"","header-main-stick-meta":"","header-below-stick-meta":"","astra-migrate-meta-layouts":"set","ast-page-background-enabled":"default","ast-page-background-meta":{"desktop":{"background-color":"","background-image":"","background-repeat":"repeat","background-position":"center center","background-size":"auto","background-attachment":"scroll","background-type":"","background-media":"","overlay-type":"","overlay-color":"","overlay-opacity":"","overlay-gradient":""},"tablet":{"background-color":"","background-image":"","background-repeat":"repeat","background-position":"center center","background-size":"auto","background-attachment":"scroll","background-type":"","background-media":"","overlay-type":"","overlay-color":"","overlay-opacity":"","overlay-gradient":""},"mobile":{"background-color":"","background-image":"","background-repeat":"repeat","background-position":"center center","background-size":"auto","background-attachment":"scroll","background-type":"","background-media":"","overlay-type":"","overlay-color":"","overlay-opacity":"","overlay-gradient":""}},"ast-content-background-meta":{"desktop":{"background-color":"var(--ast-global-color-5)","background-image":"","background-repeat":"repeat","background-position":"center center","background-size":"auto","background-attachment":"scroll","background-type":"","background-media":"","overlay-type":"","overlay-color":"","overlay-opacity":"","overlay-gradient":""},"tablet":{"background-color":"var(--ast-global-color-5)","background-image":"","background-repeat":"repeat","background-position":"center center","background-size":"auto","background-attachment":"scroll","background-type":"","background-media":"","overlay-type":"","overlay-color":"","overlay-opacity":"","overlay-gradient":""},"mobile":{"background-color":"var(--ast-global-color-5)","background-image":"","background-repeat":"repeat","background-position":"center center","background-size":"auto","background-attachment":"scroll","background-type":"","background-media":"","overlay-type":"","overlay-color":"","overlay-opacity":"","overlay-gradient":""}},"footnotes":""},"class_list":["post-58700","page","type-page","status-publish","hentry"],"yoast_head":"<!-- This site is optimized with the Yoast SEO plugin v25.3.1 - https:\/\/yoast.com\/wordpress\/plugins\/seo\/ -->\n<title>Dr. Jacob | M\u00e9decin En Chirurgie Plastique | Clinic Center<\/title>\n<meta name=\"description\" content=\"Lisez-en plus sur l&#039;expert partenaire Dr. Jacob au Clinic Center, avec plus de 20 ans d&#039;exp\u00e9rience en chirurgie plastique.\" \/>\n<meta name=\"robots\" content=\"noindex, nofollow\" \/>\n<meta property=\"og:locale\" content=\"fr_FR\" \/>\n<meta property=\"og:type\" content=\"article\" \/>\n<meta property=\"og:title\" content=\"Dr. Jacob | M\u00e9decin En Chirurgie Plastique | Clinic Center\" \/>\n<meta property=\"og:description\" content=\"Lisez-en plus sur l&#039;expert partenaire Dr. Jacob au Clinic Center, avec plus de 20 ans d&#039;exp\u00e9rience en chirurgie plastique.\" \/>\n<meta property=\"og:url\" content=\"https:\/\/cliniccenter.co.uk\/fr\/dr-jacob\/\" \/>\n<meta property=\"article:publisher\" content=\"https:\/\/www.facebook.com\/cliniccenter.co.uk\/\" \/>\n<meta property=\"article:modified_time\" content=\"2024-12-23T15:05:46+00:00\" \/>\n<meta property=\"og:image\" content=\"https:\/\/cliniccenter.co.uk\/wp-content\/uploads\/2023\/10\/dr.-jacob-dik-517x1024-2.jpg\" \/>\n<meta name=\"twitter:card\" content=\"summary_large_image\" \/>\n<meta name=\"twitter:site\" content=\"@cliniccenteruk\" \/>\n<meta name=\"twitter:label1\" content=\"Dur\u00e9e de lecture estim\u00e9e\" \/>\n\t<meta name=\"twitter:data1\" content=\"2 minutes\" \/>\n<!-- \/ Yoast SEO plugin. -->","yoast_head_json":{"title":"Dr. Jacob | M\u00e9decin En Chirurgie Plastique | Clinic Center","description":"Lisez-en plus sur l'expert partenaire Dr. Jacob au Clinic Center, avec plus de 20 ans d'exp\u00e9rience en chirurgie plastique.","robots":{"index":"noindex","follow":"nofollow"},"og_locale":"fr_FR","og_type":"article","og_title":"Dr. Jacob | M\u00e9decin En Chirurgie Plastique | Clinic Center","og_description":"Lisez-en plus sur l'expert partenaire Dr. Jacob au Clinic Center, avec plus de 20 ans d'exp\u00e9rience en chirurgie plastique.","og_url":"https:\/\/cliniccenter.co.uk\/fr\/dr-jacob\/","article_publisher":"https:\/\/www.facebook.com\/cliniccenter.co.uk\/","article_modified_time":"2024-12-23T15:05:46+00:00","og_image":[{"url":"https:\/\/cliniccenter.co.uk\/wp-content\/uploads\/2023\/10\/dr.-jacob-dik-517x1024-2.jpg","type":"","width":"","height":""}],"twitter_card":"summary_large_image","twitter_site":"@cliniccenteruk","twitter_misc":{"Dur\u00e9e de lecture estim\u00e9e":"2 minutes"},"schema":{"@context":"https:\/\/schema.org","@graph":[{"@type":"WebPage","@id":"https:\/\/cliniccenter.co.uk\/fr\/dr-jacob\/","url":"https:\/\/cliniccenter.co.uk\/fr\/dr-jacob\/","name":"Dr. Jacob | M\u00e9decin En Chirurgie Plastique | Clinic Center","isPartOf":{"@id":"https:\/\/cliniccenter.co.uk\/ro\/#website"},"primaryImageOfPage":{"@id":"https:\/\/cliniccenter.co.uk\/fr\/dr-jacob\/#primaryimage"},"image":{"@id":"https:\/\/cliniccenter.co.uk\/fr\/dr-jacob\/#primaryimage"},"thumbnailUrl":"https:\/\/cliniccenter.co.uk\/wp-content\/uploads\/2023\/10\/dr.-jacob-dik-517x1024-2.jpg","datePublished":"2023-09-13T07:05:39+00:00","dateModified":"2024-12-23T15:05:46+00:00","description":"Lisez-en plus sur l'expert partenaire Dr. Jacob au Clinic Center, avec plus de 20 ans d'exp\u00e9rience en chirurgie plastique.","breadcrumb":{"@id":"https:\/\/cliniccenter.co.uk\/fr\/dr-jacob\/#breadcrumb"},"inLanguage":"fr-FR","potentialAction":[{"@type":"ReadAction","target":["https:\/\/cliniccenter.co.uk\/fr\/dr-jacob\/"]}]},{"@type":"ImageObject","inLanguage":"fr-FR","@id":"https:\/\/cliniccenter.co.uk\/fr\/dr-jacob\/#primaryimage","url":"https:\/\/cliniccenter.co.uk\/wp-content\/uploads\/2023\/10\/dr.-jacob-dik-517x1024-2.jpg","contentUrl":"https:\/\/cliniccenter.co.uk\/wp-content\/uploads\/2023\/10\/dr.-jacob-dik-517x1024-2.jpg"},{"@type":"BreadcrumbList","@id":"https:\/\/cliniccenter.co.uk\/fr\/dr-jacob\/#breadcrumb","itemListElement":[{"@type":"ListItem","position":1,"name":"Home","item":"https:\/\/cliniccenter.co.uk\/fr\/"},{"@type":"ListItem","position":2,"name":"Meilleurs Chirurgiens en Turquie | Principales Chirurgies en Turquie","item":"https:\/\/cliniccenter.co.uk\/fr\/medecins\/"},{"@type":"ListItem","position":3,"name":"Dr. Jacob | M\u00e9decin En Chirurgie Plastique | Clinic Center"}]},{"@type":"WebSite","@id":"https:\/\/cliniccenter.co.uk\/ro\/#website","url":"https:\/\/cliniccenter.co.uk\/ro\/","name":"","description":"","potentialAction":[{"@type":"SearchAction","target":{"@type":"EntryPoint","urlTemplate":"https:\/\/cliniccenter.co.uk\/ro\/?s={search_term_string}"},"query-input":{"@type":"PropertyValueSpecification","valueRequired":true,"valueName":"search_term_string"}}],"inLanguage":"fr-FR"}]}},"uagb_featured_image_src":{"full":false,"thumbnail":false,"medium":false,"medium_large":false,"large":false,"1536x1536":false,"2048x2048":false},"uagb_author_info":{"display_name":"G\u00f6rkem G\u00fcng\u00f6r","author_link":"https:\/\/cliniccenter.co.uk\/fr\/blog\/author\/gorkem\/"},"uagb_comment_info":0,"uagb_excerpt":"Le Dr Jacob est dipl\u00f4m\u00e9 de la facult\u00e9 de m\u00e9decine de l&rsquo;universit\u00e9 technique de Karadeniz en 2003, apr\u00e8s quoi il a commenc\u00e9 sa carri\u00e8re en chirurgie cardiovasculaire en effectuant une r\u00e9sidence au c\u00e9l\u00e8bre centre de chirurgie cardiovasculaire et thoracique Siyami Ersek \u00e0 Istanbul entre 2004 et 2005. Cependant, son int\u00e9r\u00eat principal r\u00e9sidait dans la chirurgie\u2026","_links":{"self":[{"href":"https:\/\/cliniccenter.co.uk\/fr\/wp-json\/wp\/v2\/pages\/58700"}],"collection":[{"href":"https:\/\/cliniccenter.co.uk\/fr\/wp-json\/wp\/v2\/pages"}],"about":[{"href":"https:\/\/cliniccenter.co.uk\/fr\/wp-json\/wp\/v2\/types\/page"}],"author":[{"embeddable":true,"href":"https:\/\/cliniccenter.co.uk\/fr\/wp-json\/wp\/v2\/users\/15"}],"replies":[{"embeddable":true,"href":"https:\/\/cliniccenter.co.uk\/fr\/wp-json\/wp\/v2\/comments?post=58700"}],"version-history":[{"count":1,"href":"https:\/\/cliniccenter.co.uk\/fr\/wp-json\/wp\/v2\/pages\/58700\/revisions"}],"predecessor-version":[{"id":58707,"href":"https:\/\/cliniccenter.co.uk\/fr\/wp-json\/wp\/v2\/pages\/58700\/revisions\/58707"}],"up":[{"embeddable":true,"href":"https:\/\/cliniccenter.co.uk\/fr\/wp-json\/wp\/v2\/pages\/56221"}],"wp:attachment":[{"href":"https:\/\/cliniccenter.co.uk\/fr\/wp-json\/wp\/v2\/media?parent=58700"}],"curies":[{"name":"wp","href":"https:\/\/api.w.org\/{rel}","templated":true}]}}