{"id":58711,"date":"2024-05-24T12:16:23","date_gmt":"2024-05-24T12:16:23","guid":{"rendered":"https:\/\/cliniccenter.co.uk\/op-dr-mehmet\/"},"modified":"2025-01-06T10:41:51","modified_gmt":"2025-01-06T10:41:51","slug":"op-dr-mehmet","status":"publish","type":"page","link":"https:\/\/cliniccenter.co.uk\/fr\/op-dr-mehmet\/","title":{"rendered":"Op. Dr Mehmet, Chirurgien Plasticien"},"content":{"rendered":"\n<div class=\"wp-block-columns is-layout-flex wp-container-core-columns-is-layout-1 wp-block-columns-is-layout-flex\">\n<div class=\"wp-block-column is-layout-flow wp-block-column-is-layout-flow\" style=\"flex-basis:33.33%\">\n<figure class=\"wp-block-image size-large\"><img decoding=\"async\" width=\"517\" height=\"1024\" src=\"https:\/\/cliniccenter.co.uk\/wp-content\/uploads\/2024\/05\/dr-mehmet-dik-2-517x1024.jpg\" alt=\"\" class=\"wp-image-55457\" srcset=\"https:\/\/cliniccenter.co.uk\/wp-content\/uploads\/2024\/05\/dr-mehmet-dik-2-517x1024.jpg 517w, https:\/\/cliniccenter.co.uk\/wp-content\/uploads\/2024\/05\/dr-mehmet-dik-2-152x300.jpg 152w, https:\/\/cliniccenter.co.uk\/wp-content\/uploads\/2024\/05\/dr-mehmet-dik-2.jpg 548w\" sizes=\"(max-width: 517px) 100vw, 517px\" \/><\/figure>\n<\/div>\n\n\n\n<div class=\"wp-block-column is-layout-flow wp-block-column-is-layout-flow\" style=\"flex-basis:66.66%\">\n<p>Le Dr Mehmet est un chirurgien plasticien, reconstructeur et esth\u00e9tique de renom, reconnu pour sa vaste exp\u00e9rience et son expertise approfondie. Dipl\u00f4m\u00e9 de l\u2019une des universit\u00e9s m\u00e9dicales les plus prestigieuses d\u2019Istanbul, le Dr Mehmet a construit une carri\u00e8re exceptionnelle, marqu\u00e9e par un apprentissage continu et des soins de qualit\u00e9 sup\u00e9rieure pour ses patients. Apr\u00e8s avoir obtenu son dipl\u00f4me, il a exerc\u00e9 en tant qu\u2019assistant en chirurgie plastique, reconstructrice et esth\u00e9tique dans une autre universit\u00e9 renomm\u00e9e, o\u00f9 il a perfectionn\u00e9 ses comp\u00e9tences et acquis une exp\u00e9rience pr\u00e9cieuse.<\/p>\n\n\n\n<p>Tout au long de sa carri\u00e8re, il a collabor\u00e9 avec plusieurs groupes hospitaliers de premier plan, r\u00e9alisant un large \u00e9ventail de proc\u00e9dures, ce qui lui a permis de se forger une solide r\u00e9putation. Le Dr Mehmet se sp\u00e9cialise dans diverses interventions chirurgicales telles que la rhinoplastie, le lifting du visage et du cou, la r\u00e9duction mammaire et l\u2019augmentation mammaire. Son expertise garantit \u00e0 chaque patient des soins personnalis\u00e9s et un service chirurgical d\u2019une qualit\u00e9 exceptionnelle. Parfaitement bilingue en anglais, le Dr Mehmet communique ais\u00e9ment avec ses patients internationaux, assurant des consultations et des suivis clairs et efficaces. Son engagement envers les soins aux patients va au-del\u00e0 de la salle d\u2019op\u00e9ration, offrant \u00e0 chacun une exp\u00e9rience compl\u00e8te et rassurante.<br><\/p>\n\n\n\n<p>Le Dr Mehmet est d\u00e9termin\u00e9 \u00e0 rester \u00e0 la pointe de son domaine. Il a pr\u00e9sent\u00e9 lors d&rsquo;\u00e9v\u00e9nements prestigieux, tels que le 42e Congr\u00e8s national de la TPRECD, et a suivi de nombreux cours sp\u00e9cialis\u00e9s, dont le cours de rhinoplastie TPRECD XI et le cours IV d&rsquo;esth\u00e9tique faciale. Son engagement envers son d\u00e9veloppement professionnel est \u00e9galement attest\u00e9 par ses nombreuses certifications, dont le certificat d\u2019utilisation d&rsquo;animaux de laboratoire de l\u2019Universit\u00e9 Yeditepe, le certificat de participation au cours de formation de base pour assistants en chirurgie plastique, ainsi que le certificat de participation au 25e Congr\u00e8s national en ligne de l&rsquo;EPCD. Gr\u00e2ce \u00e0 ses vastes formations, ses r\u00e9alisations professionnelles et son approche humaine, le Dr Mehmet est un choix de confiance pour toute chirurgie plastique, reconstructrice et esth\u00e9tique de haute qualit\u00e9.<\/p>\n<\/div>\n<\/div>\n","protected":false},"excerpt":{"rendered":"<p>Le Dr Mehmet est un chirurgien plasticien, reconstructeur et esth\u00e9tique de renom, reconnu pour sa vaste exp\u00e9rience et son expertise approfondie. Dipl\u00f4m\u00e9 de l\u2019une des universit\u00e9s m\u00e9dicales les plus prestigieuses d\u2019Istanbul, le Dr Mehmet a construit une carri\u00e8re exceptionnelle, marqu\u00e9e par un apprentissage continu et des soins de qualit\u00e9 sup\u00e9rieure pour ses patients. Apr\u00e8s avoir [&hellip;]<\/p>\n","protected":false},"author":16,"featured_media":0,"parent":0,"menu_order":0,"comment_status":"closed","ping_status":"closed","template":"","meta":{"_uag_custom_page_level_css":"","_lmt_disableupdate":"","_lmt_disable":"","site-sidebar-layout":"default","site-content-layout":"","ast-site-content-layout":"default","site-content-style":"default","site-sidebar-style":"default","ast-global-header-display":"","ast-banner-title-visibility":"","ast-main-header-display":"","ast-hfb-above-header-display":"","ast-hfb-below-header-display":"","ast-hfb-mobile-header-display":"","site-post-title":"","ast-breadcrumbs-content":"","ast-featured-img":"","footer-sml-layout":"","theme-transparent-header-meta":"","adv-header-id-meta":"","stick-header-meta":"","header-above-stick-meta":"","header-main-stick-meta":"","header-below-stick-meta":"","astra-migrate-meta-layouts":"set","ast-page-background-enabled":"default","ast-page-background-meta":{"desktop":{"background-color":"","background-image":"","background-repeat":"repeat","background-position":"center center","background-size":"auto","background-attachment":"scroll","background-type":"","background-media":"","overlay-type":"","overlay-color":"","overlay-opacity":"","overlay-gradient":""},"tablet":{"background-color":"","background-image":"","background-repeat":"repeat","background-position":"center center","background-size":"auto","background-attachment":"scroll","background-type":"","background-media":"","overlay-type":"","overlay-color":"","overlay-opacity":"","overlay-gradient":""},"mobile":{"background-color":"","background-image":"","background-repeat":"repeat","background-position":"center center","background-size":"auto","background-attachment":"scroll","background-type":"","background-media":"","overlay-type":"","overlay-color":"","overlay-opacity":"","overlay-gradient":""}},"ast-content-background-meta":{"desktop":{"background-color":"var(--ast-global-color-5)","background-image":"","background-repeat":"repeat","background-position":"center center","background-size":"auto","background-attachment":"scroll","background-type":"","background-media":"","overlay-type":"","overlay-color":"","overlay-opacity":"","overlay-gradient":""},"tablet":{"background-color":"var(--ast-global-color-5)","background-image":"","background-repeat":"repeat","background-position":"center center","background-size":"auto","background-attachment":"scroll","background-type":"","background-media":"","overlay-type":"","overlay-color":"","overlay-opacity":"","overlay-gradient":""},"mobile":{"background-color":"var(--ast-global-color-5)","background-image":"","background-repeat":"repeat","background-position":"center center","background-size":"auto","background-attachment":"scroll","background-type":"","background-media":"","overlay-type":"","overlay-color":"","overlay-opacity":"","overlay-gradient":""}},"footnotes":""},"class_list":["post-58711","page","type-page","status-publish","hentry"],"yoast_head":"<!-- This site is optimized with the Yoast SEO plugin v25.3.1 - https:\/\/yoast.com\/wordpress\/plugins\/seo\/ -->\n<title>Op. Dr. Mehmet<\/title>\n<meta name=\"description\" content=\"Op. Dr. Mehmet is a distinguished Plastic, Reconstructive, and Aesthetic Surgeon with a wealth of experience and expertise. A graduate from one of Istanbul&#039;s most reputable medical universities, Dr. Mehmet has built a stellar career marked by continuous learning and exceptional patient care.\" \/>\n<meta name=\"robots\" content=\"index, follow, max-snippet:-1, max-image-preview:large, max-video-preview:-1\" \/>\n<link rel=\"canonical\" href=\"https:\/\/cliniccenter.co.uk\/fr\/op-dr-mehmet\/\" \/>\n<meta property=\"og:locale\" content=\"fr_FR\" \/>\n<meta property=\"og:type\" content=\"article\" \/>\n<meta property=\"og:title\" content=\"Op. Dr. Mehmet\" \/>\n<meta property=\"og:description\" content=\"Op. Dr. Mehmet is a distinguished Plastic, Reconstructive, and Aesthetic Surgeon with a wealth of experience and expertise. A graduate from one of Istanbul&#039;s most reputable medical universities, Dr. Mehmet has built a stellar career marked by continuous learning and exceptional patient care.\" \/>\n<meta property=\"og:url\" content=\"https:\/\/cliniccenter.co.uk\/fr\/op-dr-mehmet\/\" \/>\n<meta property=\"article:publisher\" content=\"https:\/\/www.facebook.com\/cliniccenter.co.uk\/\" \/>\n<meta property=\"article:modified_time\" content=\"2025-01-06T10:41:51+00:00\" \/>\n<meta property=\"og:image\" content=\"https:\/\/cliniccenter.co.uk\/wp-content\/uploads\/2024\/05\/dr-mehmet-dik-2-517x1024.jpg\" \/>\n<meta name=\"twitter:card\" content=\"summary_large_image\" \/>\n<meta name=\"twitter:site\" content=\"@cliniccenteruk\" \/>\n<meta name=\"twitter:label1\" content=\"Dur\u00e9e de lecture estim\u00e9e\" \/>\n\t<meta name=\"twitter:data1\" content=\"2 minutes\" \/>\n<!-- \/ Yoast SEO plugin. -->","yoast_head_json":{"title":"Op. Dr. Mehmet","description":"Op. Dr. Mehmet is a distinguished Plastic, Reconstructive, and Aesthetic Surgeon with a wealth of experience and expertise. A graduate from one of Istanbul's most reputable medical universities, Dr. Mehmet has built a stellar career marked by continuous learning and exceptional patient care.","robots":{"index":"index","follow":"follow","max-snippet":"max-snippet:-1","max-image-preview":"max-image-preview:large","max-video-preview":"max-video-preview:-1"},"canonical":"https:\/\/cliniccenter.co.uk\/fr\/op-dr-mehmet\/","og_locale":"fr_FR","og_type":"article","og_title":"Op. Dr. Mehmet","og_description":"Op. Dr. Mehmet is a distinguished Plastic, Reconstructive, and Aesthetic Surgeon with a wealth of experience and expertise. A graduate from one of Istanbul's most reputable medical universities, Dr. Mehmet has built a stellar career marked by continuous learning and exceptional patient care.","og_url":"https:\/\/cliniccenter.co.uk\/fr\/op-dr-mehmet\/","article_publisher":"https:\/\/www.facebook.com\/cliniccenter.co.uk\/","article_modified_time":"2025-01-06T10:41:51+00:00","og_image":[{"url":"https:\/\/cliniccenter.co.uk\/wp-content\/uploads\/2024\/05\/dr-mehmet-dik-2-517x1024.jpg","type":"","width":"","height":""}],"twitter_card":"summary_large_image","twitter_site":"@cliniccenteruk","twitter_misc":{"Dur\u00e9e de lecture estim\u00e9e":"2 minutes"},"schema":{"@context":"https:\/\/schema.org","@graph":[{"@type":"WebPage","@id":"https:\/\/cliniccenter.co.uk\/fr\/op-dr-mehmet\/","url":"https:\/\/cliniccenter.co.uk\/fr\/op-dr-mehmet\/","name":"Op. Dr. Mehmet","isPartOf":{"@id":"https:\/\/cliniccenter.co.uk\/ro\/#website"},"primaryImageOfPage":{"@id":"https:\/\/cliniccenter.co.uk\/fr\/op-dr-mehmet\/#primaryimage"},"image":{"@id":"https:\/\/cliniccenter.co.uk\/fr\/op-dr-mehmet\/#primaryimage"},"thumbnailUrl":"https:\/\/cliniccenter.co.uk\/wp-content\/uploads\/2024\/05\/dr-mehmet-dik-2-517x1024.jpg","datePublished":"2024-05-24T12:16:23+00:00","dateModified":"2025-01-06T10:41:51+00:00","description":"Op. Dr. Mehmet is a distinguished Plastic, Reconstructive, and Aesthetic Surgeon with a wealth of experience and expertise. A graduate from one of Istanbul's most reputable medical universities, Dr. Mehmet has built a stellar career marked by continuous learning and exceptional patient care.","breadcrumb":{"@id":"https:\/\/cliniccenter.co.uk\/fr\/op-dr-mehmet\/#breadcrumb"},"inLanguage":"fr-FR","potentialAction":[{"@type":"ReadAction","target":["https:\/\/cliniccenter.co.uk\/fr\/op-dr-mehmet\/"]}]},{"@type":"ImageObject","inLanguage":"fr-FR","@id":"https:\/\/cliniccenter.co.uk\/fr\/op-dr-mehmet\/#primaryimage","url":"https:\/\/cliniccenter.co.uk\/wp-content\/uploads\/2024\/05\/dr-mehmet-dik-2-517x1024.jpg","contentUrl":"https:\/\/cliniccenter.co.uk\/wp-content\/uploads\/2024\/05\/dr-mehmet-dik-2-517x1024.jpg"},{"@type":"BreadcrumbList","@id":"https:\/\/cliniccenter.co.uk\/fr\/op-dr-mehmet\/#breadcrumb","itemListElement":[{"@type":"ListItem","position":1,"name":"Home","item":"https:\/\/cliniccenter.co.uk\/fr\/"},{"@type":"ListItem","position":2,"name":"Op. Dr Mehmet, Chirurgien Plasticien"}]},{"@type":"WebSite","@id":"https:\/\/cliniccenter.co.uk\/ro\/#website","url":"https:\/\/cliniccenter.co.uk\/ro\/","name":"","description":"","potentialAction":[{"@type":"SearchAction","target":{"@type":"EntryPoint","urlTemplate":"https:\/\/cliniccenter.co.uk\/ro\/?s={search_term_string}"},"query-input":{"@type":"PropertyValueSpecification","valueRequired":true,"valueName":"search_term_string"}}],"inLanguage":"fr-FR"}]}},"uagb_featured_image_src":{"full":false,"thumbnail":false,"medium":false,"medium_large":false,"large":false,"1536x1536":false,"2048x2048":false},"uagb_author_info":{"display_name":"Ezgi Y\u0131ld\u0131z","author_link":"https:\/\/cliniccenter.co.uk\/fr\/blog\/author\/ezgiyildiz\/"},"uagb_comment_info":0,"uagb_excerpt":"Le Dr Mehmet est un chirurgien plasticien, reconstructeur et esth\u00e9tique de renom, reconnu pour sa vaste exp\u00e9rience et son expertise approfondie. Dipl\u00f4m\u00e9 de l\u2019une des universit\u00e9s m\u00e9dicales les plus prestigieuses d\u2019Istanbul, le Dr Mehmet a construit une carri\u00e8re exceptionnelle, marqu\u00e9e par un apprentissage continu et des soins de qualit\u00e9 sup\u00e9rieure pour ses patients. Apr\u00e8s avoir\u2026","_links":{"self":[{"href":"https:\/\/cliniccenter.co.uk\/fr\/wp-json\/wp\/v2\/pages\/58711"}],"collection":[{"href":"https:\/\/cliniccenter.co.uk\/fr\/wp-json\/wp\/v2\/pages"}],"about":[{"href":"https:\/\/cliniccenter.co.uk\/fr\/wp-json\/wp\/v2\/types\/page"}],"author":[{"embeddable":true,"href":"https:\/\/cliniccenter.co.uk\/fr\/wp-json\/wp\/v2\/users\/16"}],"replies":[{"embeddable":true,"href":"https:\/\/cliniccenter.co.uk\/fr\/wp-json\/wp\/v2\/comments?post=58711"}],"version-history":[{"count":1,"href":"https:\/\/cliniccenter.co.uk\/fr\/wp-json\/wp\/v2\/pages\/58711\/revisions"}],"predecessor-version":[{"id":58714,"href":"https:\/\/cliniccenter.co.uk\/fr\/wp-json\/wp\/v2\/pages\/58711\/revisions\/58714"}],"wp:attachment":[{"href":"https:\/\/cliniccenter.co.uk\/fr\/wp-json\/wp\/v2\/media?parent=58711"}],"curies":[{"name":"wp","href":"https:\/\/api.w.org\/{rel}","templated":true}]}}