{"id":58739,"date":"2019-09-12T15:32:49","date_gmt":"2019-09-12T15:32:49","guid":{"rendered":"https:\/\/cliniccenter.co.uk\/medecins\/dr-hakan\/"},"modified":"2025-01-20T07:25:20","modified_gmt":"2025-01-20T07:25:20","slug":"dr-hakan","status":"publish","type":"page","link":"https:\/\/cliniccenter.co.uk\/fr\/dr-hakan\/","title":{"rendered":"Dr Hakan | Chirurgien Plastique | Clinic Center"},"content":{"rendered":"\n<div class=\"wp-block-columns is-layout-flex wp-container-core-columns-is-layout-3 wp-block-columns-is-layout-flex\">\n<div class=\"wp-block-column is-layout-flow wp-block-column-is-layout-flow\" style=\"flex-basis:33.33%\">\n<figure class=\"wp-block-image alignleft size-large\"><img decoding=\"async\" src=\"https:\/\/cliniccenter.co.uk\/wp-content\/uploads\/2023\/11\/hakan-gundogan-517x1024-1.webp\" alt=\"\" class=\"wp-image-22594\"\/><\/figure>\n<\/div>\n\n\n\n<div class=\"wp-block-column is-layout-flow wp-block-column-is-layout-flow\" style=\"flex-basis:66.66%\">\n<div class=\"wp-block-columns is-layout-flex wp-container-core-columns-is-layout-1 wp-block-columns-is-layout-flex\">\n<div class=\"wp-block-column leftpadbox is-layout-flow wp-block-column-is-layout-flow\">\n<p>Le Dr Hakan a obtenu son dipl\u00f4me de la Facult\u00e9 de M\u00e9decine de l&rsquo;Universit\u00e9 d&rsquo;Ege en 1994. Lors de<br>l&rsquo;Examen des Sp\u00e9cialistes M\u00e9dicaux (TUS), le Dr Hakan a r\u00e9ussi \u00e0 se classer parmi les 10 premiers<br>m\u00e9decins et a commenc\u00e9 en tant qu&rsquo;assistant de recherche \u00e0 la Clinique de Chirurgie Plastique<br>Esth\u00e9tique et Reconstructive de la Facult\u00e9 de M\u00e9decine de l&rsquo;Universit\u00e9 d&rsquo;Ege, l&rsquo;une des cliniques les plus<br>prestigieuses de Turquie.<\/p>\n\n\n\n<p>En 2000, le Dr Hakan a \u00e9t\u00e9 admis \u00e0 un poste de boursier postdoctoral o\u00f9 seuls les m\u00e9decins sp\u00e9cialistes<br>\u00e9taient accept\u00e9s. Il a int\u00e9gr\u00e9 le Baylor College of Medicine (Houston, Texas, USA), l&rsquo;une des facult\u00e9s de<br>m\u00e9decine les plus prestigieuses au monde, et a compl\u00e9t\u00e9 sa derni\u00e8re ann\u00e9e en tant qu&rsquo;assistant au<br>d\u00e9partement de Chirurgie Plastique Esth\u00e9tique et Reconstructive.<\/p>\n\n\n\n<p>Tout en enrichissant son exp\u00e9rience en Chirurgie Esth\u00e9tique aux \u00c9tats-Unis, il a poursuivi ses \u00e9tudes<br>scientifiques dans le domaine de la Microchirurgie Exp\u00e9rimentale. L&rsquo;\u00e9tude exp\u00e9rimentale du Dr Hakan,<br>intitul\u00e9e \u00ab Th\u00e9rapie g\u00e9nique dans les greffes de veines microvasculaires \u00bb, d\u00e9velopp\u00e9e dans le cadre du<br>Projet du G\u00e9nome Humain (Baylor College of Medicine, Houston, TX, USA), a \u00e9t\u00e9 accept\u00e9e comme<br>th\u00e8se d&rsquo;assistant en 2001 et est consid\u00e9r\u00e9e comme la premi\u00e8re \u00e9tude publi\u00e9e dans ce domaine en<br>Turquie.<\/p>\n\n\n\n<p>En 2002, le Dr Hakan a \u00e9t\u00e9 invit\u00e9 \u00e0 un poste de boursier en Chirurgie Craniomaxillofaciale \u00e0 l&rsquo;Universit\u00e9<br>Chang Gung de Ta\u00efwan, qui abrite la plus grande clinique de chirurgie plastique au monde. Chaque<br>ann\u00e9e, un seul chirurgien plasticien \u00e9tranger y est admis. Il y a effectu\u00e9 des op\u00e9rations techniques<br>avanc\u00e9es dans le domaine de la chirurgie du visage et de la m\u00e2choire pendant un an, en particulier dans<br>l&rsquo;augmentation mammaire endoscopique et le rajeunissement facial.<\/p>\n\n\n\n<p>Apr\u00e8s avoir r\u00e9ussi sa formation en Chirurgie Craniomaxillofaciale \u00e0 l&rsquo;H\u00f4pital de l&rsquo;Universit\u00e9 Chang Gung<br>de Ta\u00efwan \u00e0 la fin de l&rsquo;ann\u00e9e 2003, le Dr Hakan est retourn\u00e9 en Turquie et a commenc\u00e9 un formation<br>sp\u00e9cialis\u00e9e en Chirurgie Esth\u00e9tique avec Onur Erol.<\/p>\n\n\n\n<p>Le Dr Hakan est devenu le premier chirurgien plasticien \u00e0 r\u00e9ussir les examens \u00e9crits et oraux de la<br>Soci\u00e9t\u00e9 Turque de Chirurgie Plastique Esth\u00e9tique et Reconstructive.<\/p>\n\n\n\n<p>Tout au long de sa carri\u00e8re, il a particip\u00e9 \u00e0 pr\u00e8s de 100 congr\u00e8s scientifiques nationaux et internationaux<br>et a \u00e9t\u00e9 invit\u00e9 \u00e0 partager ses exp\u00e9riences lors de nombreux de ces \u00e9v\u00e9nements. Il continue d&rsquo;\u00eatre invit\u00e9<br>en tant que conf\u00e9rencier et orateur lors de diverses rencontres nationales et internationales.<\/p>\n\n\n\n<p>Avec des ann\u00e9es d&rsquo;exp\u00e9rience et de nombreux succ\u00e8s acad\u00e9miques, tant en Turquie qu&rsquo;\u00e0 l&rsquo;\u00e9tranger, les<br>patients sont particuli\u00e8rement satisfaits de ses grandes comp\u00e9tences en communication et des r\u00e9sultats<br>remarquables de ses interventions chirurgicales.<\/p>\n<\/div>\n<\/div>\n\n\n\n<h3 class=\"wp-block-heading\">Certificates<\/h3>\n\n\n\n<figure class=\"wp-block-gallery has-nested-images columns-default is-cropped wp-block-gallery-1 is-layout-flex wp-block-gallery-is-layout-flex\"><\/figure>\n\n\n\n<div class=\"wp-block-columns is-layout-flex wp-container-core-columns-is-layout-2 wp-block-columns-is-layout-flex\">\n<div class=\"wp-block-column leftpadbox is-layout-flow wp-block-column-is-layout-flow\">\n<p><strong>Experience<\/strong>: 25 years<br><strong>International Treated Patients<\/strong>: The United Kingdom, Ireland, Australia, The United States of America, United Arab Emirates, Saudi Arabia, Kuwait, the European Union Countries<br><strong>Fields of Specialization:<\/strong> <a href=\"https:\/\/cliniccenter.co.uk\/breast-augmentation-turkey\/\">Breast Augmentation (Breast Implants, Breast Enlargement)<\/a>, <a href=\"https:\/\/cliniccenter.co.uk\/breast-uplift-turkey\/\">Breast Lift<\/a>, <a href=\"https:\/\/cliniccenter.co.uk\/breast-reduction-turkey\/\">Breast Reduction<\/a>, <a href=\"https:\/\/cliniccenter.co.uk\/nose-job-in-turkey\/\">Rhinoplasty (Nose Job)<\/a>, <a href=\"https:\/\/cliniccenter.co.uk\/septorhinoplasty\/\">Septorhinoplasty<\/a>, <a href=\"https:\/\/cliniccenter.co.uk\/liposuction-turkey\/\">Liposuction (Fat Removal)<\/a>, <a href=\"https:\/\/cliniccenter.co.uk\/vaser-liposuction-in-turkey\/\">Vaser &amp; Hi-Def Vaser Liposuction<\/a>, <a href=\"https:\/\/cliniccenter.co.uk\/tummy-tuck-in-turkey\/\">Tummy Tuck<\/a>, <a href=\"https:\/\/cliniccenter.co.uk\/brazilian-butt-lift-turkey\/\">Brazilian Butt Lift (BBL)<\/a>, <a href=\"https:\/\/cliniccenter.co.uk\/facelift-turkey\/\">Facelift (Rhytidectomy)<\/a>, <a href=\"https:\/\/cliniccenter.co.uk\/eyelid-surgery-turkey\/\">Eyelid Surgery (Blepharoplasty)<\/a>, <a href=\"https:\/\/cliniccenter.co.uk\/gynecomastia-in-turkey\/\">Gynecomastia (Male Breast Reduction)<\/a>, <a href=\"https:\/\/cliniccenter.co.uk\/mommy-makeover-in-turkey\/\">Mommy Makeover<\/a>, <a href=\"https:\/\/cliniccenter.co.uk\/thigh-lift-surgery-in-turkey\/\">Thigh Lift (Thighplasty)<\/a>, <a href=\"https:\/\/cliniccenter.co.uk\/neck-lift-surgery-in-turkey\/\">Neck Lift (Platysmaplasty)<\/a>, <a href=\"https:\/\/cliniccenter.co.uk\/arm-lift-surgery-in-turkey\/\">Arm Lift&nbsp; (Brachioplasty)<\/a>, <a href=\"https:\/\/cliniccenter.co.uk\/brow-lift-eyebrow-lift-surgery-in-turkey\/\">Brow Lift<\/a>, <a href=\"https:\/\/cliniccenter.co.uk\/cosmetic-ear-surgery-in-turkey-otoplasty\/\">Cosmetic Ear Surgery (Otoplasty)<\/a>, <a href=\"https:\/\/cliniccenter.co.uk\/cosmetic-surgery\/\">Cosmetic Surgeries<\/a>.<br><strong>Memberships<\/strong>: Turkish Medical Association, Turkish Association of Plastic Reconstructive and Aesthetic Surgery, Chang Gung Craniofacial Surgery Club, Aesthetic Plastic Surgery Association<br><strong>City<\/strong>:&nbsp;Istanbul, Turkey<br><strong>Working Days<\/strong>: Weekdays and Saturday<br><strong>Languages<\/strong>: English and Spanish<br><strong>Contact<\/strong>:&nbsp;+44 20 3575 1039 &amp; info@cliniccenter.co.uk<br><strong><a href=\"https:\/\/cliniccenter.co.uk\/cosmetic-surgery\/#plastic-surgeons\">Plastic Surgeons<\/a><\/strong><\/p>\n<\/div>\n<\/div>\n<\/div>\n<\/div>\n\n\n\n<script type=\"application\/ld+json\">\n    {\n        \"@context\": \"http:\\\/\\\/schema.org\",\n        \"@type\": \"Physician\",\n        \"@id\": \"https:\/\/cliniccenter.co.uk\/dr-hakan\/\",\n        \"areaServed\": {\n            \"@type\": \"Place\",\n            \"name\": \"Istanbul, Turkey\"\n        },\n        \"alumniOf\": {\n            \"@type\": \"OrganizationRole\",\n            \"alumniOf\": {\n                \"@type\": \"CollegeOrUniversity\",\n                \"name\": \"Ege University\"\n            }\n        },\n        \"employee\": {\n            \"@type\": \"Person\",\n            \"@id\": \"https:\/\/cliniccenter.co.uk\/dr-hakan\",\n            \"description\": \"Doctor Hakan graduated from the Ege University Faculty of Medicine with a degree in 1994. In Medical Specialist Exam (TUS), Dr. Hakan succeeded in becoming one of the top 10 doctors and started as a research assistant in the Aesthetic Plastic and Reconstructive Surgery Clinic of Ege University Faculty of Medicine, which is one of the most prestigious clinics in Turkey.In 2000, Doctor Hakan was admitted to the Post-Doctoral Fellowship position on a scholarship where only specialist doctors were accepted. He was admitted to the Baylor College of Medicine (Houston, Texas, USA), one of the most prestigious medical faculties in the world and completed his last year as an assistant in Aesthetic Plastic & Reconstructive Surgery Department.While increasing his Aesthetic Surgery experience in the United States, he continued his scientific studies in the field of Experimental Microsurgery. MD, Hakan experimental study \u201cGene Therapy in Microvascular Vein Grafts\u201d, developed within the scope of Human Genome Project (Baylor College of Medicine, Houston, TX, USA), was accepted as an assistant thesis in 2001 and is considered as the first study published in this field in our country.In 2002, Dr. Hakan Gundogan has been invited to the Craniomaxillofacial Surgery Fellowship position in Taiwan Chang Gung University, which hosts the world\u2019s largest Plastic Surgery Clinic, where only one foreign plastic surgeon is admitted each year and has performed advanced technical operations in the field of face and jaw surgery for a year especially in endoscopic breast augmentation and facial rejuvenation.After successfully completing the Craniomaxillofacial Surgery training at Taiwan Chang Gung University Hospital at the end of 2003, Dr. Hakan returned to Turkey and started Aesthetic Surgery Fellowship with Onur Erol.Doctor Hakan became the first plastic surgeon to successfully complete the written and oral examinations of the Turkish Society of Aesthetic Plastic and Reconstructive Surgery.Throughout his career, he has participated in nearly 100 national and international scientific congresses and has been invited to share his experiences in many of these meetings and he is still invited as a lecturer and speaker to various domestic and international meetings.With years of experience and many academical successes both in Turkey and abroad, patients are very pleased with his great communication skills and his remarkable surgery results.\",\n            \"hasOccupation\": {\n                \"@type\": \"Occupation\",\n                \"name\": \"Plastic Surgeon\"\n            },\n            \"knowsLanguage\": {\n                \"@type\": \"Language\",\n                \"name\": \"English\",\n                \"alternateName\": \"en\"\n            },\n            \"honorificSuffix\": \"Dr.\"\n        },\n        \"hospitalAffiliation\": {\n            \"image\": {\n                \"@type\": \"ImageObject\",\n                \"@id\": \"https:\/\/cliniccenter.co.uk\/wp-content\/uploads\/2021\/12\/hakan-gundogan.jpg\"\n            }\n        },\n        \"isAcceptingNewPatients\": \"https:\\\/\\\/schema.org\\\/True\",\n        \"isAccessibleForFree\": \"https:\\\/\\\/schema.org\\\/False\",\n        \"medicalSpecialty\": {\n            \"@type\": \"MedicalSpecialty\",\n            \"name\": \"Breast Augmentation (Breast Implants, Breast Enlargement), Breast Lift, Breast Reduction, Rhinoplasty (Nose Job), Septorhinoplasty, Liposuction (Fat Removal), Vaser & Hi-Def Vaser Liposuction, Tummy Tuck, Brazilian Butt Lift (BBL), Facelift (Rhytidectomy), Eyelid Surgery (Blepharoplasty), Gynecomastia (Male Breast Reduction), Mommy Makeover, Thigh Lift (Thighplasty), Neck Lift (Platysmaplasty), Arm Lift  (Brachioplasty), Brow Lift, Cosmetic Ear Surgery (Otoplasty), Cosmetic Surgeries.\"\n        },\n\n        \"memberOf\":\n        {\n            \"@type\":\"Organization\",\n            \"name\":\n            [\n                \"Turkish Medical Association, Turkish Association of Plastic Reconstructive and Aesthetic Surgery, Chang Gung Craniofacial Surgery Club, Aesthetic Plastic Surgery Association\"\n            ]\n        },\n        \"name\": \"Dr. Hakan\"\n    }\n<\/script>\n","protected":false},"excerpt":{"rendered":"<p>Le Dr Hakan a obtenu son dipl\u00f4me de la Facult\u00e9 de M\u00e9decine de l&rsquo;Universit\u00e9 d&rsquo;Ege en 1994. Lors del&rsquo;Examen des Sp\u00e9cialistes M\u00e9dicaux (TUS), le Dr Hakan a r\u00e9ussi \u00e0 se classer parmi les 10 premiersm\u00e9decins et a commenc\u00e9 en tant qu&rsquo;assistant de recherche \u00e0 la Clinique de Chirurgie PlastiqueEsth\u00e9tique et Reconstructive de la Facult\u00e9 de [&hellip;]<\/p>\n","protected":false},"author":2,"featured_media":0,"parent":56221,"menu_order":0,"comment_status":"closed","ping_status":"closed","template":"","meta":{"_uag_custom_page_level_css":"","_lmt_disableupdate":"no","_lmt_disable":"","site-sidebar-layout":"default","site-content-layout":"default","ast-site-content-layout":"default","site-content-style":"default","site-sidebar-style":"default","ast-global-header-display":"","ast-banner-title-visibility":"","ast-main-header-display":"","ast-hfb-above-header-display":"","ast-hfb-below-header-display":"","ast-hfb-mobile-header-display":"","site-post-title":"","ast-breadcrumbs-content":"","ast-featured-img":"","footer-sml-layout":"","theme-transparent-header-meta":"default","adv-header-id-meta":"","stick-header-meta":"","header-above-stick-meta":"","header-main-stick-meta":"","header-below-stick-meta":"","astra-migrate-meta-layouts":"set","ast-page-background-enabled":"default","ast-page-background-meta":{"desktop":{"background-color":"","background-image":"","background-repeat":"repeat","background-position":"center center","background-size":"auto","background-attachment":"scroll","background-type":"","background-media":"","overlay-type":"","overlay-color":"","overlay-opacity":"","overlay-gradient":""},"tablet":{"background-color":"","background-image":"","background-repeat":"repeat","background-position":"center center","background-size":"auto","background-attachment":"scroll","background-type":"","background-media":"","overlay-type":"","overlay-color":"","overlay-opacity":"","overlay-gradient":""},"mobile":{"background-color":"","background-image":"","background-repeat":"repeat","background-position":"center center","background-size":"auto","background-attachment":"scroll","background-type":"","background-media":"","overlay-type":"","overlay-color":"","overlay-opacity":"","overlay-gradient":""}},"ast-content-background-meta":{"desktop":{"background-color":"var(--ast-global-color-5)","background-image":"","background-repeat":"repeat","background-position":"center center","background-size":"auto","background-attachment":"scroll","background-type":"","background-media":"","overlay-type":"","overlay-color":"","overlay-opacity":"","overlay-gradient":""},"tablet":{"background-color":"var(--ast-global-color-5)","background-image":"","background-repeat":"repeat","background-position":"center center","background-size":"auto","background-attachment":"scroll","background-type":"","background-media":"","overlay-type":"","overlay-color":"","overlay-opacity":"","overlay-gradient":""},"mobile":{"background-color":"var(--ast-global-color-5)","background-image":"","background-repeat":"repeat","background-position":"center center","background-size":"auto","background-attachment":"scroll","background-type":"","background-media":"","overlay-type":"","overlay-color":"","overlay-opacity":"","overlay-gradient":""}},"footnotes":""},"class_list":["post-58739","page","type-page","status-publish","hentry"],"yoast_head":"<!-- This site is optimized with the Yoast SEO plugin v25.3.1 - https:\/\/yoast.com\/wordpress\/plugins\/seo\/ -->\n<title>Dr Hakan | Chirurgien Plastique | Clinic Center<\/title>\n<meta name=\"description\" content=\"En savoir plus sur le Dr Hakan \u00e0 Clinic Center, avec 25 ans d&#039;exp\u00e9rience en chirurgie esth\u00e9tique et plastique.\" \/>\n<meta name=\"robots\" content=\"index, follow, max-snippet:-1, max-image-preview:large, max-video-preview:-1\" \/>\n<link rel=\"canonical\" href=\"https:\/\/cliniccenter.co.uk\/fr\/dr-hakan\/\" \/>\n<meta property=\"og:locale\" content=\"fr_FR\" \/>\n<meta property=\"og:type\" content=\"article\" \/>\n<meta property=\"og:title\" content=\"Dr Hakan | Chirurgien Plastique | Clinic Center\" \/>\n<meta property=\"og:description\" content=\"En savoir plus sur le Dr Hakan \u00e0 Clinic Center, avec 25 ans d&#039;exp\u00e9rience en chirurgie esth\u00e9tique et plastique.\" \/>\n<meta property=\"og:url\" content=\"https:\/\/cliniccenter.co.uk\/fr\/dr-hakan\/\" \/>\n<meta property=\"article:publisher\" content=\"https:\/\/www.facebook.com\/cliniccenter.co.uk\/\" \/>\n<meta property=\"article:modified_time\" content=\"2025-01-20T07:25:20+00:00\" \/>\n<meta property=\"og:image\" content=\"https:\/\/cliniccenter.co.uk\/wp-content\/uploads\/2023\/11\/hakan-gundogan-517x1024-1.webp\" \/>\n<meta name=\"twitter:card\" content=\"summary_large_image\" \/>\n<meta name=\"twitter:site\" content=\"@cliniccenteruk\" \/>\n<meta name=\"twitter:label1\" content=\"Dur\u00e9e de lecture estim\u00e9e\" \/>\n\t<meta name=\"twitter:data1\" content=\"3 minutes\" \/>\n<!-- \/ Yoast SEO plugin. -->","yoast_head_json":{"title":"Dr Hakan | Chirurgien Plastique | Clinic Center","description":"En savoir plus sur le Dr Hakan \u00e0 Clinic Center, avec 25 ans d'exp\u00e9rience en chirurgie esth\u00e9tique et plastique.","robots":{"index":"index","follow":"follow","max-snippet":"max-snippet:-1","max-image-preview":"max-image-preview:large","max-video-preview":"max-video-preview:-1"},"canonical":"https:\/\/cliniccenter.co.uk\/fr\/dr-hakan\/","og_locale":"fr_FR","og_type":"article","og_title":"Dr Hakan | Chirurgien Plastique | Clinic Center","og_description":"En savoir plus sur le Dr Hakan \u00e0 Clinic Center, avec 25 ans d'exp\u00e9rience en chirurgie esth\u00e9tique et plastique.","og_url":"https:\/\/cliniccenter.co.uk\/fr\/dr-hakan\/","article_publisher":"https:\/\/www.facebook.com\/cliniccenter.co.uk\/","article_modified_time":"2025-01-20T07:25:20+00:00","og_image":[{"url":"https:\/\/cliniccenter.co.uk\/wp-content\/uploads\/2023\/11\/hakan-gundogan-517x1024-1.webp","type":"","width":"","height":""}],"twitter_card":"summary_large_image","twitter_site":"@cliniccenteruk","twitter_misc":{"Dur\u00e9e de lecture estim\u00e9e":"3 minutes"},"schema":{"@context":"https:\/\/schema.org","@graph":[{"@type":"WebPage","@id":"https:\/\/cliniccenter.co.uk\/fr\/dr-hakan\/","url":"https:\/\/cliniccenter.co.uk\/fr\/dr-hakan\/","name":"Dr Hakan | Chirurgien Plastique | Clinic Center","isPartOf":{"@id":"https:\/\/cliniccenter.co.uk\/ro\/#website"},"primaryImageOfPage":{"@id":"https:\/\/cliniccenter.co.uk\/fr\/dr-hakan\/#primaryimage"},"image":{"@id":"https:\/\/cliniccenter.co.uk\/fr\/dr-hakan\/#primaryimage"},"thumbnailUrl":"https:\/\/cliniccenter.co.uk\/wp-content\/uploads\/2023\/11\/hakan-gundogan-517x1024-1.webp","datePublished":"2019-09-12T15:32:49+00:00","dateModified":"2025-01-20T07:25:20+00:00","description":"En savoir plus sur le Dr Hakan \u00e0 Clinic Center, avec 25 ans d'exp\u00e9rience en chirurgie esth\u00e9tique et plastique.","breadcrumb":{"@id":"https:\/\/cliniccenter.co.uk\/fr\/dr-hakan\/#breadcrumb"},"inLanguage":"fr-FR","potentialAction":[{"@type":"ReadAction","target":["https:\/\/cliniccenter.co.uk\/fr\/dr-hakan\/"]}]},{"@type":"ImageObject","inLanguage":"fr-FR","@id":"https:\/\/cliniccenter.co.uk\/fr\/dr-hakan\/#primaryimage","url":"https:\/\/cliniccenter.co.uk\/wp-content\/uploads\/2023\/11\/hakan-gundogan-517x1024-1.webp","contentUrl":"https:\/\/cliniccenter.co.uk\/wp-content\/uploads\/2023\/11\/hakan-gundogan-517x1024-1.webp"},{"@type":"BreadcrumbList","@id":"https:\/\/cliniccenter.co.uk\/fr\/dr-hakan\/#breadcrumb","itemListElement":[{"@type":"ListItem","position":1,"name":"Home","item":"https:\/\/cliniccenter.co.uk\/fr\/"},{"@type":"ListItem","position":2,"name":"Meilleurs Chirurgiens en Turquie | Principales Chirurgies en Turquie","item":"https:\/\/cliniccenter.co.uk\/fr\/medecins\/"},{"@type":"ListItem","position":3,"name":"Dr Hakan | Chirurgien Plastique | Clinic Center"}]},{"@type":"WebSite","@id":"https:\/\/cliniccenter.co.uk\/ro\/#website","url":"https:\/\/cliniccenter.co.uk\/ro\/","name":"","description":"","potentialAction":[{"@type":"SearchAction","target":{"@type":"EntryPoint","urlTemplate":"https:\/\/cliniccenter.co.uk\/ro\/?s={search_term_string}"},"query-input":{"@type":"PropertyValueSpecification","valueRequired":true,"valueName":"search_term_string"}}],"inLanguage":"fr-FR"}]}},"uagb_featured_image_src":{"full":false,"thumbnail":false,"medium":false,"medium_large":false,"large":false,"1536x1536":false,"2048x2048":false},"uagb_author_info":{"display_name":"Sertac Ceki","author_link":"https:\/\/cliniccenter.co.uk\/fr\/blog\/author\/sertaccliniccenter-co-uk\/"},"uagb_comment_info":0,"uagb_excerpt":"Le Dr Hakan a obtenu son dipl\u00f4me de la Facult\u00e9 de M\u00e9decine de l&rsquo;Universit\u00e9 d&rsquo;Ege en 1994. Lors del&rsquo;Examen des Sp\u00e9cialistes M\u00e9dicaux (TUS), le Dr Hakan a r\u00e9ussi \u00e0 se classer parmi les 10 premiersm\u00e9decins et a commenc\u00e9 en tant qu&rsquo;assistant de recherche \u00e0 la Clinique de Chirurgie PlastiqueEsth\u00e9tique et Reconstructive de la Facult\u00e9 de\u2026","_links":{"self":[{"href":"https:\/\/cliniccenter.co.uk\/fr\/wp-json\/wp\/v2\/pages\/58739"}],"collection":[{"href":"https:\/\/cliniccenter.co.uk\/fr\/wp-json\/wp\/v2\/pages"}],"about":[{"href":"https:\/\/cliniccenter.co.uk\/fr\/wp-json\/wp\/v2\/types\/page"}],"author":[{"embeddable":true,"href":"https:\/\/cliniccenter.co.uk\/fr\/wp-json\/wp\/v2\/users\/2"}],"replies":[{"embeddable":true,"href":"https:\/\/cliniccenter.co.uk\/fr\/wp-json\/wp\/v2\/comments?post=58739"}],"version-history":[{"count":1,"href":"https:\/\/cliniccenter.co.uk\/fr\/wp-json\/wp\/v2\/pages\/58739\/revisions"}],"predecessor-version":[{"id":58742,"href":"https:\/\/cliniccenter.co.uk\/fr\/wp-json\/wp\/v2\/pages\/58739\/revisions\/58742"}],"up":[{"embeddable":true,"href":"https:\/\/cliniccenter.co.uk\/fr\/wp-json\/wp\/v2\/pages\/56221"}],"wp:attachment":[{"href":"https:\/\/cliniccenter.co.uk\/fr\/wp-json\/wp\/v2\/media?parent=58739"}],"curies":[{"name":"wp","href":"https:\/\/api.w.org\/{rel}","templated":true}]}}