{"id":59257,"date":"2021-05-24T13:41:57","date_gmt":"2021-05-24T13:41:57","guid":{"rendered":"https:\/\/cliniccenter.co.uk\/other-surgeries\/"},"modified":"2026-03-18T07:44:05","modified_gmt":"2026-03-18T07:44:05","slug":"autres-chirurgies","status":"publish","type":"page","link":"https:\/\/cliniccenter.co.uk\/fr\/autres-chirurgies\/","title":{"rendered":"Other Surgeries"},"content":{"rendered":"<h1>Autres chirurgies esth\u00e9tiques<\/h1>\n\n\n<div class=\"wp-block-columns is-layout-flex wp-container-core-columns-is-layout-1 wp-block-columns-is-layout-flex\">\n<div class=\"wp-block-column is-layout-flow wp-block-column-is-layout-flow\">\n<figure class=\"wp-block-image size-full\"><img decoding=\"async\" width=\"650\" height=\"406\" src=\"https:\/\/cliniccenter.co.uk\/wp-content\/uploads\/2023\/11\/Otoplasty.webp\" alt=\"\" class=\"wp-image-46274\" srcset=\"https:\/\/cliniccenter.co.uk\/wp-content\/uploads\/2023\/11\/Otoplasty.webp 650w, https:\/\/cliniccenter.co.uk\/wp-content\/uploads\/2023\/11\/Otoplasty-300x187.webp 300w\" sizes=\"(max-width: 650px) 100vw, 650px\" \/><\/figure>\n\n\n\n<h2 class=\"wp-block-heading has-text-align-center\">Otoplastie et \u00e9pinglage d&rsquo;oreilles en Turquie<\/h2>\n\n\n\n<p>Vos oreilles vous g\u00eanent parce qu\u2019elles sont d\u00e9coll\u00e9es ? Vous devez toujours les couvrir et ne pouvez donc pas faire grand-chose avec vos cheveux ? Vous pourriez \u00eatre un bon candidat pour une otoplastie\u2026 C\u2019est le moment de planifier votre intervention et de reprendre confiance en vous !<\/p>\n\n\n\n<p class=\"has-text-align-center\"><center><div class=\"wp-block-button\"><a class=\"wp-block-button__link\" href=\"https:\/\/cliniccenter.co.uk\/cosmetic-ear-surgery-in-turkey-otoplasty\/\">En savoir plus sur l&rsquo;otoplastie<\/a><\/div><\/center><\/p>\n\n\n\n<p><\/p>\n<\/div>\n\n\n\n<div class=\"wp-block-column is-layout-flow wp-block-column-is-layout-flow\">\n<figure class=\"wp-block-image size-full skip-lazy\"><img decoding=\"async\" width=\"896\" height=\"554\" src=\"https:\/\/cliniccenter.co.uk\/wp-content\/uploads\/2023\/11\/bichectomi.webp\" alt=\"\" class=\"wp-image-46279\" srcset=\"https:\/\/cliniccenter.co.uk\/wp-content\/uploads\/2023\/11\/bichectomi.webp 896w, https:\/\/cliniccenter.co.uk\/wp-content\/uploads\/2023\/11\/bichectomi-300x185.webp 300w, https:\/\/cliniccenter.co.uk\/wp-content\/uploads\/2023\/11\/bichectomi-768x475.webp 768w\" sizes=\"(max-width: 896px) 100vw, 896px\" \/><\/figure>\n\n\n\n<h2 class=\"wp-block-heading has-text-align-center\">Bichectomie en Turquie<\/h2>\n\n\n\n<p>Vous en avez assez d&rsquo;avoir un visage potel\u00e9 sans pommettes bien marqu\u00e9es ? Vous devez vous maquiller en permanence pour d\u00e9finir vos pommettes ? Dans ce cas, la bichectomie, la r\u00e9duction de la graisse des joues, est la solution pour vous. Pour en savoir plus sur la r\u00e9duction de la graisse buccale, appelez-nous d\u00e8s maintenant.<\/p>\n\n\n\n<p class=\"has-text-align-center\"><center><div class=\"wp-block-button\"><a class=\"wp-block-button__link\" href=\"https:\/\/cliniccenter.co.uk\/bichectomy-in-turkey\/\">En savoir plus sur la bichectomie <\/a><\/div><\/center><\/p>\n\n\n\n<p><\/p>\n<\/div>\n<\/div>\n\n\n\n<p><\/p>\n\n\n\n<div class=\"wp-block-columns is-layout-flex wp-container-core-columns-is-layout-2 wp-block-columns-is-layout-flex\">\n<div class=\"wp-block-column is-layout-flow wp-block-column-is-layout-flow\">\n<figure class=\"wp-block-image size-full\"><img decoding=\"async\" width=\"650\" height=\"406\" src=\"https:\/\/cliniccenter.co.uk\/wp-content\/uploads\/2023\/11\/Thigh-lift-in-Turkey-1.webp\" alt=\"\" class=\"wp-image-46299\" srcset=\"https:\/\/cliniccenter.co.uk\/wp-content\/uploads\/2023\/11\/Thigh-lift-in-Turkey-1.webp 650w, https:\/\/cliniccenter.co.uk\/wp-content\/uploads\/2023\/11\/Thigh-lift-in-Turkey-1-300x187.webp 300w\" sizes=\"(max-width: 650px) 100vw, 650px\" \/><\/figure>\n\n\n\n<h2 class=\"wp-block-heading has-text-align-center\">Lifting des cuisses en Turquie<\/h2>\n\n\n\n<p>Bien que l&rsquo;exercice soit b\u00e9n\u00e9fique, notre peau ne r\u00e9agit plus comme nous le souhaiterions apr\u00e8s un certain temps. Si vous avez pris et perdu du poids, votre peau commencera \u00e0 perdre de son \u00e9lasticit\u00e9 et vous finirez par d\u00e9velopper une peau suppl\u00e9mentaire. Vous pouvez simplement vous d\u00e9barrasser de ce probl\u00e8me gr\u00e2ce \u00e0 l&rsquo;op\u00e9ration de lifting des cuisses.<\/p>\n\n\n\n<p class=\"has-text-align-center\"><center><div class=\"wp-block-button\"><a class=\"wp-block-button__link\" href=\"https:\/\/cliniccenter.co.uk\/thigh-lift-surgery-in-turkey\/\">En savoir plus sur le lifting des cuisses<\/a><\/div><\/center><\/p>\n\n\n\n<p><\/p>\n<\/div>\n\n\n\n<div class=\"wp-block-column is-layout-flow wp-block-column-is-layout-flow\">\n<figure class=\"wp-block-image size-full\"><img decoding=\"async\" width=\"650\" height=\"406\" src=\"https:\/\/cliniccenter.co.uk\/wp-content\/uploads\/2023\/11\/Necklift-in-Turkey-with-Clinic-Center.webp\" alt=\"\" class=\"wp-image-46304\" srcset=\"https:\/\/cliniccenter.co.uk\/wp-content\/uploads\/2023\/11\/Necklift-in-Turkey-with-Clinic-Center.webp 650w, https:\/\/cliniccenter.co.uk\/wp-content\/uploads\/2023\/11\/Necklift-in-Turkey-with-Clinic-Center-300x187.webp 300w\" sizes=\"(max-width: 650px) 100vw, 650px\" \/><\/figure>\n\n\n\n<h2 class=\"wp-block-heading has-text-align-center\">Lifting du cou en Turquie<\/h2>\n\n\n\n<p>Un lifting du cou peut \u00eatre l&rsquo;op\u00e9ration qu&rsquo;il vous faut si vous pensez que votre cou n&rsquo;est pas aussi jeune ou attrayant que votre visage, ou si vous avez un double menton\u2026 Pour plus d&rsquo;informations sur le lifting du cou, cliquez simplement sur l&rsquo;ic\u00f4ne ci-dessous.<\/p>\n\n\n\n<p class=\"has-text-align-center\"><center><div class=\"wp-block-button\"><a class=\"wp-block-button__link\" href=\"https:\/\/cliniccenter.co.uk\/neck-lift-surgery-in-turkey\/\">En savoir plus sur le lifting du cou<\/a><\/div><\/center><\/p>\n\n\n\n<p><\/p>\n<\/div>\n<\/div>\n\n\n\n<p><\/p>\n\n\n\n<div class=\"wp-block-columns is-layout-flex wp-container-core-columns-is-layout-3 wp-block-columns-is-layout-flex\">\n<div class=\"wp-block-column is-layout-flow wp-block-column-is-layout-flow\">\n<figure class=\"wp-block-image size-full\"><img decoding=\"async\" width=\"696\" height=\"428\" src=\"https:\/\/cliniccenter.co.uk\/wp-content\/uploads\/2023\/11\/arm-lift-surgery-remove-excess-skin.webp\" alt=\"\" class=\"wp-image-46315\" srcset=\"https:\/\/cliniccenter.co.uk\/wp-content\/uploads\/2023\/11\/arm-lift-surgery-remove-excess-skin.webp 696w, https:\/\/cliniccenter.co.uk\/wp-content\/uploads\/2023\/11\/arm-lift-surgery-remove-excess-skin-300x184.webp 300w\" sizes=\"(max-width: 696px) 100vw, 696px\" \/><\/figure>\n\n\n\n<h2 class=\"wp-block-heading has-text-align-center\">Lifting des bras en Turquie<\/h2>\n\n\n\n<p>Prendre et perdre du poids sans cesse a des cons\u00e9quences n\u00e9fastes. Le vieillissement a \u00e9galement un impact n\u00e9gatif sur notre corps. Malheureusement, nos bras sont \u00e9galement touch\u00e9s et nous pouvons finir par d\u00e9velopper des ailes de chauve-souris. M\u00eame des mois de r\u00e9gime et d&rsquo;exercice ne suffisent pas toujours \u00e0 nous aider. C&rsquo;est dans ce cas que nous avons recours \u00e0 la chirurgie plastique en Turquie, comme un lifting des bras.<\/p>\n\n\n\n<p class=\"has-text-align-center\"><center><div class=\"wp-block-button\"><a class=\"wp-block-button__link\" href=\"https:\/\/cliniccenter.co.uk\/arm-lift-surgery-in-turkey\/\">En savoir plus sur le lifting des bras<\/a><\/div><\/center><\/p>\n\n\n\n<p><\/p>\n<\/div>\n\n\n\n<div class=\"wp-block-column is-layout-flow wp-block-column-is-layout-flow\">\n<figure class=\"wp-block-image size-full\"><img decoding=\"async\" width=\"578\" height=\"360\" src=\"https:\/\/cliniccenter.co.uk\/wp-content\/uploads\/2023\/11\/Brow-Lift-in-Turkey-1.webp\" alt=\"\" class=\"wp-image-46320\" srcset=\"https:\/\/cliniccenter.co.uk\/wp-content\/uploads\/2023\/11\/Brow-Lift-in-Turkey-1.webp 578w, https:\/\/cliniccenter.co.uk\/wp-content\/uploads\/2023\/11\/Brow-Lift-in-Turkey-1-300x187.webp 300w\" sizes=\"(max-width: 578px) 100vw, 578px\" \/><\/figure>\n\n\n\n<h2 class=\"wp-block-heading has-text-align-center\">Lifting des sourcils en Turquie<\/h2>\n\n\n\n<p>Le temps n&rsquo;est pas toujours de notre c\u00f4t\u00e9. Nous le d\u00e9testons encore plus lorsqu&rsquo;il affecte notre corps. Pensez-vous que vos sourcils sont plus bas aujourd&rsquo;hui qu&rsquo;il y a quelques ann\u00e9es ? Avez-vous parfois l&rsquo;impression d&rsquo;avoir l&rsquo;air fatigu\u00e9 alors que ce n&rsquo;est pas le cas ? Une intervention de lifting des sourcils en Turquie pourrait \u00eatre la solution.<\/p>\n\n\n\n<p class=\"has-text-align-center\"><center><div class=\"wp-block-button\"><a class=\"wp-block-button__link\" href=\"https:\/\/cliniccenter.co.uk\/brow-lift-eyebrow-lift-surgery-in-turkey\/\">En savoir plus sur le lifting des sourcils<\/a><\/div><\/center><\/p>\n\n\n\n<p><\/p>\n<\/div>\n<\/div>\n\n\n\n<div class=\"wp-block-columns is-layout-flex wp-container-core-columns-is-layout-4 wp-block-columns-is-layout-flex\">\n<div class=\"wp-block-column is-layout-flow wp-block-column-is-layout-flow\"><\/div>\n<\/div>\n","protected":false},"excerpt":{"rendered":"<p>Autres chirurgies esth\u00e9tiques Otoplastie et \u00e9pinglage d&rsquo;oreilles en Turquie Vos oreilles vous g\u00eanent parce qu\u2019elles sont d\u00e9coll\u00e9es ? Vous devez toujours les couvrir et ne pouvez donc pas faire grand-chose avec vos cheveux ? Vous pourriez \u00eatre un bon candidat pour une otoplastie\u2026 C\u2019est le moment de planifier votre intervention et de reprendre confiance en [&hellip;]<\/p>\n","protected":false},"author":2,"featured_media":0,"parent":0,"menu_order":0,"comment_status":"closed","ping_status":"closed","template":"","meta":{"_uag_custom_page_level_css":"","_lmt_disableupdate":"no","_lmt_disable":"","site-sidebar-layout":"default","site-content-layout":"default","ast-site-content-layout":"default","site-content-style":"default","site-sidebar-style":"default","ast-global-header-display":"","ast-banner-title-visibility":"","ast-main-header-display":"","ast-hfb-above-header-display":"","ast-hfb-below-header-display":"","ast-hfb-mobile-header-display":"","site-post-title":"disabled","ast-breadcrumbs-content":"","ast-featured-img":"disabled","footer-sml-layout":"","theme-transparent-header-meta":"default","adv-header-id-meta":"","stick-header-meta":"","header-above-stick-meta":"","header-main-stick-meta":"","header-below-stick-meta":"","astra-migrate-meta-layouts":"set","ast-page-background-enabled":"default","ast-page-background-meta":{"desktop":{"background-color":"","background-image":"","background-repeat":"repeat","background-position":"center center","background-size":"auto","background-attachment":"scroll","background-type":"","background-media":"","overlay-type":"","overlay-color":"","overlay-opacity":"","overlay-gradient":""},"tablet":{"background-color":"","background-image":"","background-repeat":"repeat","background-position":"center center","background-size":"auto","background-attachment":"scroll","background-type":"","background-media":"","overlay-type":"","overlay-color":"","overlay-opacity":"","overlay-gradient":""},"mobile":{"background-color":"","background-image":"","background-repeat":"repeat","background-position":"center center","background-size":"auto","background-attachment":"scroll","background-type":"","background-media":"","overlay-type":"","overlay-color":"","overlay-opacity":"","overlay-gradient":""}},"ast-content-background-meta":{"desktop":{"background-color":"var(--ast-global-color-5)","background-image":"","background-repeat":"repeat","background-position":"center center","background-size":"auto","background-attachment":"scroll","background-type":"","background-media":"","overlay-type":"","overlay-color":"","overlay-opacity":"","overlay-gradient":""},"tablet":{"background-color":"var(--ast-global-color-5)","background-image":"","background-repeat":"repeat","background-position":"center center","background-size":"auto","background-attachment":"scroll","background-type":"","background-media":"","overlay-type":"","overlay-color":"","overlay-opacity":"","overlay-gradient":""},"mobile":{"background-color":"var(--ast-global-color-5)","background-image":"","background-repeat":"repeat","background-position":"center center","background-size":"auto","background-attachment":"scroll","background-type":"","background-media":"","overlay-type":"","overlay-color":"","overlay-opacity":"","overlay-gradient":""}},"footnotes":""},"class_list":["post-59257","page","type-page","status-publish","hentry"],"yoast_head":"<!-- This site is optimized with the Yoast SEO plugin v25.3.1 - https:\/\/yoast.com\/wordpress\/plugins\/seo\/ -->\n<title>Cosmetic Surgery | Face &amp; Body Plastic Surgery<\/title>\n<meta name=\"description\" content=\"You can find everything about breast surgeries, nose job, liposuction, tummy tuck, brazilian butt lift, eyelid surgery, facelift, gynecomastia here.\" \/>\n<meta name=\"robots\" content=\"index, follow, max-snippet:-1, max-image-preview:large, max-video-preview:-1\" \/>\n<link rel=\"canonical\" href=\"https:\/\/cliniccenter.co.uk\/fr\/autres-chirurgies\/\" \/>\n<meta property=\"og:locale\" content=\"fr_FR\" \/>\n<meta property=\"og:type\" content=\"article\" \/>\n<meta property=\"og:title\" content=\"Cosmetic Surgery | Face &amp; Body Plastic Surgery\" \/>\n<meta property=\"og:description\" content=\"You can find everything about breast surgeries, nose job, liposuction, tummy tuck, brazilian butt lift, eyelid surgery, facelift, gynecomastia here.\" \/>\n<meta property=\"og:url\" content=\"https:\/\/cliniccenter.co.uk\/fr\/autres-chirurgies\/\" \/>\n<meta property=\"article:publisher\" content=\"https:\/\/www.facebook.com\/cliniccenter.co.uk\/\" \/>\n<meta property=\"article:modified_time\" content=\"2026-03-18T07:44:05+00:00\" \/>\n<meta property=\"og:image\" content=\"https:\/\/cliniccenter.co.uk\/wp-content\/uploads\/2023\/11\/Otoplasty.webp\" \/>\n\t<meta property=\"og:image:width\" content=\"650\" \/>\n\t<meta property=\"og:image:height\" content=\"406\" \/>\n\t<meta property=\"og:image:type\" content=\"image\/webp\" \/>\n<meta name=\"twitter:card\" content=\"summary_large_image\" \/>\n<meta name=\"twitter:site\" content=\"@cliniccenteruk\" \/>\n<meta name=\"twitter:label1\" content=\"Dur\u00e9e de lecture estim\u00e9e\" \/>\n\t<meta name=\"twitter:data1\" content=\"3 minutes\" \/>\n<!-- \/ Yoast SEO plugin. -->","yoast_head_json":{"title":"Cosmetic Surgery | Face & Body Plastic Surgery","description":"You can find everything about breast surgeries, nose job, liposuction, tummy tuck, brazilian butt lift, eyelid surgery, facelift, gynecomastia here.","robots":{"index":"index","follow":"follow","max-snippet":"max-snippet:-1","max-image-preview":"max-image-preview:large","max-video-preview":"max-video-preview:-1"},"canonical":"https:\/\/cliniccenter.co.uk\/fr\/autres-chirurgies\/","og_locale":"fr_FR","og_type":"article","og_title":"Cosmetic Surgery | Face & Body Plastic Surgery","og_description":"You can find everything about breast surgeries, nose job, liposuction, tummy tuck, brazilian butt lift, eyelid surgery, facelift, gynecomastia here.","og_url":"https:\/\/cliniccenter.co.uk\/fr\/autres-chirurgies\/","article_publisher":"https:\/\/www.facebook.com\/cliniccenter.co.uk\/","article_modified_time":"2026-03-18T07:44:05+00:00","og_image":[{"width":650,"height":406,"url":"https:\/\/cliniccenter.co.uk\/wp-content\/uploads\/2023\/11\/Otoplasty.webp","type":"image\/webp"}],"twitter_card":"summary_large_image","twitter_site":"@cliniccenteruk","twitter_misc":{"Dur\u00e9e de lecture estim\u00e9e":"3 minutes"},"schema":{"@context":"https:\/\/schema.org","@graph":[{"@type":"WebPage","@id":"https:\/\/cliniccenter.co.uk\/fr\/autres-chirurgies\/","url":"https:\/\/cliniccenter.co.uk\/fr\/autres-chirurgies\/","name":"Cosmetic Surgery | Face & Body Plastic Surgery","isPartOf":{"@id":"https:\/\/cliniccenter.co.uk\/ro\/#website"},"primaryImageOfPage":{"@id":"https:\/\/cliniccenter.co.uk\/fr\/autres-chirurgies\/#primaryimage"},"image":{"@id":"https:\/\/cliniccenter.co.uk\/fr\/autres-chirurgies\/#primaryimage"},"thumbnailUrl":"https:\/\/cliniccenter.co.uk\/wp-content\/uploads\/2023\/11\/Otoplasty.webp","datePublished":"2021-05-24T13:41:57+00:00","dateModified":"2026-03-18T07:44:05+00:00","description":"You can find everything about breast surgeries, nose job, liposuction, tummy tuck, brazilian butt lift, eyelid surgery, facelift, gynecomastia here.","breadcrumb":{"@id":"https:\/\/cliniccenter.co.uk\/fr\/autres-chirurgies\/#breadcrumb"},"inLanguage":"fr-FR","potentialAction":[{"@type":"ReadAction","target":["https:\/\/cliniccenter.co.uk\/fr\/autres-chirurgies\/"]}]},{"@type":"ImageObject","inLanguage":"fr-FR","@id":"https:\/\/cliniccenter.co.uk\/fr\/autres-chirurgies\/#primaryimage","url":"https:\/\/cliniccenter.co.uk\/wp-content\/uploads\/2023\/11\/Otoplasty.webp","contentUrl":"https:\/\/cliniccenter.co.uk\/wp-content\/uploads\/2023\/11\/Otoplasty.webp"},{"@type":"BreadcrumbList","@id":"https:\/\/cliniccenter.co.uk\/fr\/autres-chirurgies\/#breadcrumb","itemListElement":[{"@type":"ListItem","position":1,"name":"Home","item":"https:\/\/cliniccenter.co.uk\/fr\/"},{"@type":"ListItem","position":2,"name":"Other Surgeries"}]},{"@type":"WebSite","@id":"https:\/\/cliniccenter.co.uk\/ro\/#website","url":"https:\/\/cliniccenter.co.uk\/ro\/","name":"","description":"","potentialAction":[{"@type":"SearchAction","target":{"@type":"EntryPoint","urlTemplate":"https:\/\/cliniccenter.co.uk\/ro\/?s={search_term_string}"},"query-input":{"@type":"PropertyValueSpecification","valueRequired":true,"valueName":"search_term_string"}}],"inLanguage":"fr-FR"}]}},"uagb_featured_image_src":{"full":false,"thumbnail":false,"medium":false,"medium_large":false,"large":false,"1536x1536":false,"2048x2048":false},"uagb_author_info":{"display_name":"Sertac Ceki","author_link":"https:\/\/cliniccenter.co.uk\/fr\/blog\/author\/sertaccliniccenter-co-uk\/"},"uagb_comment_info":0,"uagb_excerpt":"Autres chirurgies esth\u00e9tiques Otoplastie et \u00e9pinglage d&rsquo;oreilles en Turquie Vos oreilles vous g\u00eanent parce qu\u2019elles sont d\u00e9coll\u00e9es ? Vous devez toujours les couvrir et ne pouvez donc pas faire grand-chose avec vos cheveux ? Vous pourriez \u00eatre un bon candidat pour une otoplastie\u2026 C\u2019est le moment de planifier votre intervention et de reprendre confiance en\u2026","_links":{"self":[{"href":"https:\/\/cliniccenter.co.uk\/fr\/wp-json\/wp\/v2\/pages\/59257"}],"collection":[{"href":"https:\/\/cliniccenter.co.uk\/fr\/wp-json\/wp\/v2\/pages"}],"about":[{"href":"https:\/\/cliniccenter.co.uk\/fr\/wp-json\/wp\/v2\/types\/page"}],"author":[{"embeddable":true,"href":"https:\/\/cliniccenter.co.uk\/fr\/wp-json\/wp\/v2\/users\/2"}],"replies":[{"embeddable":true,"href":"https:\/\/cliniccenter.co.uk\/fr\/wp-json\/wp\/v2\/comments?post=59257"}],"version-history":[{"count":2,"href":"https:\/\/cliniccenter.co.uk\/fr\/wp-json\/wp\/v2\/pages\/59257\/revisions"}],"predecessor-version":[{"id":59262,"href":"https:\/\/cliniccenter.co.uk\/fr\/wp-json\/wp\/v2\/pages\/59257\/revisions\/59262"}],"wp:attachment":[{"href":"https:\/\/cliniccenter.co.uk\/fr\/wp-json\/wp\/v2\/media?parent=59257"}],"curies":[{"name":"wp","href":"https:\/\/api.w.org\/{rel}","templated":true}]}}