{"id":59404,"date":"2024-01-08T07:41:31","date_gmt":"2024-01-08T07:41:31","guid":{"rendered":"https:\/\/cliniccenter.co.uk\/about\/"},"modified":"2025-04-30T08:08:00","modified_gmt":"2025-04-30T08:08:00","slug":"despre","status":"publish","type":"page","link":"https:\/\/cliniccenter.co.uk\/ro\/despre\/","title":{"rendered":"Despre Noi"},"content":{"rendered":"\n<div class=\"wp-block-columns is-layout-flex wp-container-core-columns-is-layout-1 wp-block-columns-is-layout-flex\">\n<div class=\"wp-block-column is-layout-flow wp-block-column-is-layout-flow\">\n<figure class=\"wp-block-image size-full is-style-default skip-lazy\"><img decoding=\"async\" width=\"600\" height=\"400\" src=\"https:\/\/cliniccenter.co.uk\/wp-content\/uploads\/2024\/04\/clinic-center-about.jpg\" alt=\"\" class=\"wp-image-51317\" srcset=\"https:\/\/cliniccenter.co.uk\/wp-content\/uploads\/2024\/04\/clinic-center-about.jpg 600w, https:\/\/cliniccenter.co.uk\/wp-content\/uploads\/2024\/04\/clinic-center-about-300x200.jpg 300w\" sizes=\"(max-width: 600px) 100vw, 600px\" \/><\/figure>\n\n\n\n<h2 class=\"wp-block-heading has-text-align-center\"><span class=\"ez-toc-section\" id=\"Clinic_Center\"><\/span>Clinic Center<span class=\"ez-toc-section-end\"><\/span><\/h2>\n\n\n\n<p class=\"has-text-align-center\">Clinic Center, premiat\u0103 la nivel interna\u021bional, ofer\u0103 transplant de p\u0103r, chirurgie plastic\u0103, chirurgie estetic\u0103 \u0219i stomatologie. \u00cenregistrat\u0103 \u00een Marea Britanie \u0219i av\u00e2nd chirurgi\/speciali\u0219ti de renume \u0219i bine preg\u0103ti\u021bi, credin\u021ba noastr\u0103 este s\u0103 oferim servicii de \u00eenalt\u0103 calitate la costuri accesibile. Toate tratamentele sunt efectuate \u00een spitale acreditate interna\u021bional. Toate echipamentele utilizate, personalul, inclusiv medicii \u0219i \u00eengrijitorii, precum \u0219i condi\u021biile generale ale spitalului, sunt inspectate \u0219i autorizate de organisme medicale interna\u021bionale \u0219i de Ministerul S\u0103n\u0103t\u0103\u021bii din Turcia.<\/p>\n\n\n\n<div class=\"wp-block-button has-text-align-center\"><a class=\"wp-block-button__link\" href=\"https:\/\/cliniccenter.co.uk\/ro\/despre-noi\/\">Cite\u0219te mai mult<\/a><br><br><\/div>\n<\/div>\n\n\n\n<div class=\"wp-block-column is-layout-flow wp-block-column-is-layout-flow\">\n<figure class=\"wp-block-image size-full is-style-default skip-lazy\"><img decoding=\"async\" width=\"600\" height=\"400\" src=\"https:\/\/cliniccenter.co.uk\/wp-content\/uploads\/2024\/04\/why-choose-clinic-center-1.jpg\" alt=\"\" class=\"wp-image-51247\" srcset=\"https:\/\/cliniccenter.co.uk\/wp-content\/uploads\/2024\/04\/why-choose-clinic-center-1.jpg 600w, https:\/\/cliniccenter.co.uk\/wp-content\/uploads\/2024\/04\/why-choose-clinic-center-1-300x200.jpg 300w\" sizes=\"(max-width: 600px) 100vw, 600px\" \/><\/figure>\n\n\n\n<h2 class=\"wp-block-heading has-text-align-center\"><span class=\"ez-toc-section\" id=\"De_ce_sa_alegeti_Clinic_Center\"><\/span>De ce s\u0103 alege\u021bi Clinic Center<span class=\"ez-toc-section-end\"><\/span><\/h2>\n\n\n\n<p class=\"has-text-align-center\">Clinic Center ofer\u0103 oportunitatea de a avea o experien\u021b\u0103 complet\u0103 a pacientului, cu suport medical integral \u0219i urm\u0103rire timp de un an. Av\u00e2nd o abordare orientat\u0103 spre pacient, oferim pachete all-inclusive care acoper\u0103 toate nevoile \u0219i dorin\u021bele dumneavoastr\u0103 \u00een timpul c\u0103l\u0103toriei medicale, printre care se num\u0103r\u0103 cazare la un hotel de lux, transferuri VIP cu ma\u0219in\u0103, un asistent personal interna\u021bional\u0103, camer\u0103 privat\u0103 de spital, consulta\u021bii \u0219i \u00eembr\u0103c\u0103minte medical\u0103.<\/p><div id=\"ez-toc-container\" class=\"ez-toc-v2_0_82_2 counter-hierarchy ez-toc-counter ez-toc-grey ez-toc-container-direction\">\n<div class=\"ez-toc-title-container\">\n<p class=\"ez-toc-title\" style=\"cursor:inherit\">Table of Contents<\/p>\n<span class=\"ez-toc-title-toggle\"><a href=\"#\" class=\"ez-toc-pull-right ez-toc-btn ez-toc-btn-xs ez-toc-btn-default ez-toc-toggle\" aria-label=\"Toggle Table of Content\"><span class=\"ez-toc-js-icon-con\"><span class=\"\"><span class=\"eztoc-hide\" style=\"display:none;\">Toggle<\/span><span class=\"ez-toc-icon-toggle-span\"><svg style=\"fill: #999;color:#999\" xmlns=\"http:\/\/www.w3.org\/2000\/svg\" class=\"list-377408\" width=\"20px\" height=\"20px\" viewBox=\"0 0 24 24\" fill=\"none\"><path d=\"M6 6H4v2h2V6zm14 0H8v2h12V6zM4 11h2v2H4v-2zm16 0H8v2h12v-2zM4 16h2v2H4v-2zm16 0H8v2h12v-2z\" fill=\"currentColor\"><\/path><\/svg><svg style=\"fill: #999;color:#999\" class=\"arrow-unsorted-368013\" xmlns=\"http:\/\/www.w3.org\/2000\/svg\" width=\"10px\" height=\"10px\" viewBox=\"0 0 24 24\" version=\"1.2\" baseProfile=\"tiny\"><path d=\"M18.2 9.3l-6.2-6.3-6.2 6.3c-.2.2-.3.4-.3.7s.1.5.3.7c.2.2.4.3.7.3h11c.3 0 .5-.1.7-.3.2-.2.3-.5.3-.7s-.1-.5-.3-.7zM5.8 14.7l6.2 6.3 6.2-6.3c.2-.2.3-.5.3-.7s-.1-.5-.3-.7c-.2-.2-.4-.3-.7-.3h-11c-.3 0-.5.1-.7.3-.2.2-.3.5-.3.7s.1.5.3.7z\"\/><\/svg><\/span><\/span><\/span><\/a><\/span><\/div>\n<nav><ul class='ez-toc-list ez-toc-list-level-1 ' ><li class='ez-toc-page-1 ez-toc-heading-level-2'><a class=\"ez-toc-link ez-toc-heading-1\" href=\"https:\/\/cliniccenter.co.uk\/ro\/despre\/#Clinic_Center\" >Clinic Center<\/a><\/li><li class='ez-toc-page-1 ez-toc-heading-level-2'><a class=\"ez-toc-link ez-toc-heading-2\" href=\"https:\/\/cliniccenter.co.uk\/ro\/despre\/#De_ce_sa_alegeti_Clinic_Center\" >De ce s\u0103 alege\u021bi Clinic Center<\/a><\/li><li class='ez-toc-page-1 ez-toc-heading-level-2'><a class=\"ez-toc-link ez-toc-heading-3\" href=\"https:\/\/cliniccenter.co.uk\/ro\/despre\/#Cum_functioneaza\" >Cum func\u021bioneaz\u0103<\/a><\/li><li class='ez-toc-page-1 ez-toc-heading-level-2'><a class=\"ez-toc-link ez-toc-heading-4\" href=\"https:\/\/cliniccenter.co.uk\/ro\/despre\/#Clinici_partenere_Clinic_Center\" >Clinici partenere Clinic Center<\/a><\/li><li class='ez-toc-page-1 ez-toc-heading-level-2'><a class=\"ez-toc-link ez-toc-heading-5\" href=\"https:\/\/cliniccenter.co.uk\/ro\/despre\/#Ghidul_Ambasadorilor\" >Ghidul Ambasadorilor<\/a><\/li><li class='ez-toc-page-1 ez-toc-heading-level-2'><a class=\"ez-toc-link ez-toc-heading-6\" href=\"https:\/\/cliniccenter.co.uk\/ro\/despre\/#Blog\" >Blog<\/a><\/li><\/ul><\/nav><\/div>\n\n\n\n\n<div class=\"wp-block-button has-text-align-center\"><a class=\"wp-block-button__link\" href=\"#\">Cite\u0219te mai mult<\/a><br><br><\/div>\n<\/div>\n<\/div>\n\n\n\n<div class=\"wp-block-columns is-layout-flex wp-container-core-columns-is-layout-2 wp-block-columns-is-layout-flex\"><\/div>\n\n\n\n<div class=\"wp-block-columns is-layout-flex wp-container-core-columns-is-layout-3 wp-block-columns-is-layout-flex\">\n<div class=\"wp-block-column is-layout-flow wp-block-column-is-layout-flow\">\n<figure class=\"wp-block-image size-full\"><img decoding=\"async\" width=\"600\" height=\"400\" src=\"https:\/\/cliniccenter.co.uk\/wp-content\/uploads\/2024\/04\/How-does-it-work.jpg\" alt=\"\" class=\"wp-image-51253\" srcset=\"https:\/\/cliniccenter.co.uk\/wp-content\/uploads\/2024\/04\/How-does-it-work.jpg 600w, https:\/\/cliniccenter.co.uk\/wp-content\/uploads\/2024\/04\/How-does-it-work-300x200.jpg 300w\" sizes=\"(max-width: 600px) 100vw, 600px\" \/><\/figure>\n\n\n\n<h2 class=\"wp-block-heading has-text-align-center\"><span class=\"ez-toc-section\" id=\"Cum_functioneaza\"><\/span>Cum func\u021bioneaz\u0103<span class=\"ez-toc-section-end\"><\/span><\/h2>\n\n\n\n<p class=\"has-text-align-center\">Vizit\u00e2nd site-ul nostru, ve\u021bi g\u0103si informa\u021bii detaliate despre procedura dumneavoastr\u0103 \u0219i tot ce dori\u021bi s\u0103 \u0219ti\u021bi. Dup\u0103 ce lua\u021bi decizia, ne pute\u021bi contacta pentru informa\u021bii suplimentare \u0219i personalizate despre starea dumneavoastr\u0103 de s\u0103n\u0103tate, evaluat\u0103 de medicii no\u0219tri parteneri cu o vast\u0103 experien\u021b\u0103. Dup\u0103 plata unui avans mic, ve\u021bi putea s\u0103 v\u0103 rezerva\u021bi tratamentul \u0219i s\u0103-l efectua\u021bi oric\u00e2nd dori\u021bi. Dup\u0103 ce alege\u021bi perioada, echipa Clinic Center se va ocupa de \u00eentreaga procedur\u0103, de la transferurile de la aeroport, rezerv\u0103rile de hotel p\u00e2n\u0103 la sistent personal. Ve\u021bi fi transportat cu o ma\u0219in\u0103 VIP de la aeroport la hotel \u0219i spital, iar medicul dumneavoastr\u0103 va oferi o consulta\u021bie gratuit\u0103 pentru a r\u0103spunde la toate \u00eentreb\u0103rile.<\/p>\n\n\n\n<div class=\"wp-block-button has-text-align-center\"><a class=\"wp-block-button__link\" href=\"#\">Cite\u0219te mai mult<\/a><br><br><\/div>\n<\/div>\n\n\n\n<div class=\"wp-block-column is-layout-flow wp-block-column-is-layout-flow\">\n<figure class=\"wp-block-image size-full\"><img decoding=\"async\" width=\"600\" height=\"400\" src=\"https:\/\/cliniccenter.co.uk\/wp-content\/uploads\/2024\/01\/clinic-center-partner-clinics.jpg\" alt=\"\" class=\"wp-image-49753\" srcset=\"https:\/\/cliniccenter.co.uk\/wp-content\/uploads\/2024\/01\/clinic-center-partner-clinics.jpg 600w, https:\/\/cliniccenter.co.uk\/wp-content\/uploads\/2024\/01\/clinic-center-partner-clinics-300x200.jpg 300w\" sizes=\"(max-width: 600px) 100vw, 600px\" \/><\/figure>\n\n\n\n<h2 class=\"wp-block-heading has-text-align-center\"><span class=\"ez-toc-section\" id=\"Clinici_partenere_Clinic_Center\"><\/span>Clinici partenere Clinic Center<span class=\"ez-toc-section-end\"><\/span><\/h2>\n\n\n\n<p class=\"has-text-align-center\">Ca Clinic Center, misiunea noastr\u0103 este s\u0103 oferim clien\u021bilor no\u0219tri cele mai bune servicii disponibile \u00een domeniul medical. De aceea, lucr\u0103m doar cu cei mai buni medici, spitale \u0219i clinici din Turcia. Chirurgii no\u0219tri parteneri sunt selecta\u021bi dup\u0103 o evaluare detaliat\u0103 a background-ului \u0219i a recunoa\u0219terilor acestora. V\u0103 garant\u0103m c\u0103 lucr\u0103m doar cu chirurgi bine preg\u0103ti\u021bi \u0219i cu o vast\u0103 experien\u021b\u0103 \u00een Turcia, pentru a oferi cea mai bun\u0103 experien\u021b\u0103 \u0219i cele mai bune rezultate posibile.<\/p>\n\n\n\n<div class=\"wp-block-button has-text-align-center\"><a class=\"wp-block-button__link\" href=\"#\">Cite\u0219te mai mult<\/a><br><br><\/div>\n<\/div>\n<\/div>\n\n\n\n<div class=\"wp-block-columns is-layout-flex wp-container-core-columns-is-layout-4 wp-block-columns-is-layout-flex\">\n<div class=\"wp-block-column is-layout-flow wp-block-column-is-layout-flow\">\n<figure class=\"wp-block-image size-full\"><img decoding=\"async\" width=\"600\" height=\"400\" src=\"https:\/\/cliniccenter.co.uk\/wp-content\/uploads\/2024\/01\/ambassador-guide.jpg\" alt=\"\" class=\"wp-image-49758\" srcset=\"https:\/\/cliniccenter.co.uk\/wp-content\/uploads\/2024\/01\/ambassador-guide.jpg 600w, https:\/\/cliniccenter.co.uk\/wp-content\/uploads\/2024\/01\/ambassador-guide-300x200.jpg 300w\" sizes=\"(max-width: 600px) 100vw, 600px\" \/><\/figure>\n\n\n\n<h2 class=\"wp-block-heading has-text-align-center\"><span class=\"ez-toc-section\" id=\"Ghidul_Ambasadorilor\"><\/span>Ghidul Ambasadorilor<span class=\"ez-toc-section-end\"><\/span><\/h2>\n\n\n\n<p class=\"has-text-align-center\">Dorim ca experien\u021ba \u0219i c\u0103l\u0103toria dumneavoastr\u0103 s\u0103 fie auzite \u0219i m\u0103rturisite pentru a inspira \u0219i pe al\u021bii. Dac\u0103 dori\u021bi s\u0103 \u00eemp\u0103rt\u0103\u0219i\u021bi c\u0103l\u0103toria dumneavoastr\u0103, programul nostru de ambasadori este exact ceea ce ave\u021bi nevoie. V\u0103 rug\u0103m s\u0103 urma\u021bi pa\u0219ii de mai jos: \u00eemp\u0103rt\u0103\u0219i\u021bi o scurt\u0103 explica\u021bie despre motivul pentru care a\u021bi ales Clinic Center \u0219i a\u0219tept\u0103rile dumneavoastr\u0103 \u00eenainte de vizita la noi. Distribui\u021bi \u00eentreaga c\u0103l\u0103torie medical\u0103 pe contul dumneavoastr\u0103 de social media \u0219i eticheta\u021bi doar Clinic Center. Posta\u021bi imaginea dumneavoastr\u0103 post-operatorie pentru a ar\u0103ta rezultatul \u0219i eticheta\u021bi Clinic Center.<\/p>\n\n\n\n<div class=\"wp-block-button has-text-align-center\"><a class=\"wp-block-button__link\" href=\"#\">Cite\u0219te mai mult<\/a><br><br><\/div>\n<\/div>\n\n\n\n<div class=\"wp-block-column is-layout-flow wp-block-column-is-layout-flow\">\n<figure class=\"wp-block-image size-full is-style-default\"><img decoding=\"async\" width=\"600\" height=\"400\" src=\"https:\/\/cliniccenter.co.uk\/wp-content\/uploads\/2024\/01\/blog.jpg\" alt=\"\" class=\"wp-image-49763\" srcset=\"https:\/\/cliniccenter.co.uk\/wp-content\/uploads\/2024\/01\/blog.jpg 600w, https:\/\/cliniccenter.co.uk\/wp-content\/uploads\/2024\/01\/blog-300x200.jpg 300w\" sizes=\"(max-width: 600px) 100vw, 600px\" \/><\/figure>\n\n\n\n<h2 class=\"wp-block-heading has-text-align-center\"><span class=\"ez-toc-section\" id=\"Blog\"><\/span>Blog<span class=\"ez-toc-section-end\"><\/span><\/h2>\n\n\n\n<p class=\"has-text-align-center\">Pe l\u00e2ng\u0103 articolele informative despre proceduri, pe blogul nostru ve\u021bi g\u0103si \u0219i articole despre subiecte interesante \u0219i actuale, celebrit\u0103\u021bi \u0219i transform\u0103rile lor, discu\u021bii medicale curente, sfaturi \u0219i recomand\u0103ri medicale, nout\u0103\u021bi din turismul medical \u0219i tot ce \u021bine de domeniul medical \u0219i dezvolt\u0103rile acestuia.<\/p>\n\n\n\n<div class=\"wp-block-button has-text-align-center\"><a class=\"wp-block-button__link\" href=\"#\">Cite\u0219te mai mult<\/a><br><br><\/div>\n<\/div>\n<\/div>\n\n\n\n<div class=\"wp-block-columns is-layout-flex wp-container-core-columns-is-layout-5 wp-block-columns-is-layout-flex\">\n<div class=\"wp-block-column is-layout-flow wp-block-column-is-layout-flow\">\n<p><\/p>\n\n\n\n<p><\/p>\n<\/div>\n<\/div>\n<\/p>","protected":false},"excerpt":{"rendered":"<p>Clinic Center Clinic Center, premiat\u0103 la nivel interna\u021bional, ofer\u0103 transplant de p\u0103r, chirurgie plastic\u0103, chirurgie estetic\u0103 \u0219i stomatologie. \u00cenregistrat\u0103 \u00een Marea Britanie \u0219i av\u00e2nd chirurgi\/speciali\u0219ti de renume \u0219i bine preg\u0103ti\u021bi, credin\u021ba noastr\u0103 este s\u0103 oferim servicii de \u00eenalt\u0103 calitate la costuri accesibile. Toate tratamentele sunt efectuate \u00een spitale acreditate interna\u021bional. Toate echipamentele utilizate, personalul, inclusiv [&hellip;]<\/p>\n","protected":false},"author":2,"featured_media":0,"parent":0,"menu_order":0,"comment_status":"closed","ping_status":"closed","template":"","meta":{"_uag_custom_page_level_css":"","_lmt_disableupdate":"no","_lmt_disable":"","site-sidebar-layout":"default","site-content-layout":"default","ast-site-content-layout":"default","site-content-style":"default","site-sidebar-style":"default","ast-global-header-display":"","ast-banner-title-visibility":"","ast-main-header-display":"","ast-hfb-above-header-display":"","ast-hfb-below-header-display":"","ast-hfb-mobile-header-display":"","site-post-title":"","ast-breadcrumbs-content":"","ast-featured-img":"disabled","footer-sml-layout":"","theme-transparent-header-meta":"default","adv-header-id-meta":"","stick-header-meta":"","header-above-stick-meta":"","header-main-stick-meta":"","header-below-stick-meta":"","astra-migrate-meta-layouts":"set","ast-page-background-enabled":"default","ast-page-background-meta":{"desktop":{"background-color":"","background-image":"","background-repeat":"repeat","background-position":"center center","background-size":"auto","background-attachment":"scroll","background-type":"","background-media":"","overlay-type":"","overlay-color":"","overlay-opacity":"","overlay-gradient":""},"tablet":{"background-color":"","background-image":"","background-repeat":"repeat","background-position":"center center","background-size":"auto","background-attachment":"scroll","background-type":"","background-media":"","overlay-type":"","overlay-color":"","overlay-opacity":"","overlay-gradient":""},"mobile":{"background-color":"","background-image":"","background-repeat":"repeat","background-position":"center center","background-size":"auto","background-attachment":"scroll","background-type":"","background-media":"","overlay-type":"","overlay-color":"","overlay-opacity":"","overlay-gradient":""}},"ast-content-background-meta":{"desktop":{"background-color":"var(--ast-global-color-5)","background-image":"","background-repeat":"repeat","background-position":"center center","background-size":"auto","background-attachment":"scroll","background-type":"","background-media":"","overlay-type":"","overlay-color":"","overlay-opacity":"","overlay-gradient":""},"tablet":{"background-color":"var(--ast-global-color-5)","background-image":"","background-repeat":"repeat","background-position":"center center","background-size":"auto","background-attachment":"scroll","background-type":"","background-media":"","overlay-type":"","overlay-color":"","overlay-opacity":"","overlay-gradient":""},"mobile":{"background-color":"var(--ast-global-color-5)","background-image":"","background-repeat":"repeat","background-position":"center center","background-size":"auto","background-attachment":"scroll","background-type":"","background-media":"","overlay-type":"","overlay-color":"","overlay-opacity":"","overlay-gradient":""}},"footnotes":""},"class_list":["post-59404","page","type-page","status-publish","hentry"],"yoast_head":"<!-- This site is optimized with the Yoast SEO plugin v25.3.1 - https:\/\/yoast.com\/wordpress\/plugins\/seo\/ -->\n<title>Clinic Center<\/title>\n<meta name=\"robots\" content=\"noindex, follow\" \/>\n<meta property=\"og:locale\" content=\"ro_RO\" \/>\n<meta property=\"og:type\" content=\"article\" \/>\n<meta property=\"og:title\" content=\"Clinic Center\" \/>\n<meta property=\"og:description\" content=\"Clinic Center Clinic Center, premiat\u0103 la nivel interna\u021bional, ofer\u0103 transplant de p\u0103r, chirurgie plastic\u0103, chirurgie estetic\u0103 \u0219i stomatologie. \u00cenregistrat\u0103 \u00een Marea Britanie \u0219i av\u00e2nd chirurgi\/speciali\u0219ti de renume \u0219i bine preg\u0103ti\u021bi, credin\u021ba noastr\u0103 este s\u0103 oferim servicii de \u00eenalt\u0103 calitate la costuri accesibile. Toate tratamentele sunt efectuate \u00een spitale acreditate interna\u021bional. Toate echipamentele utilizate, personalul, inclusiv [&hellip;]\" \/>\n<meta property=\"og:url\" content=\"https:\/\/cliniccenter.co.uk\/ro\/despre\/\" \/>\n<meta property=\"article:publisher\" content=\"https:\/\/www.facebook.com\/cliniccenter.co.uk\/\" \/>\n<meta property=\"article:modified_time\" content=\"2025-04-30T08:08:00+00:00\" \/>\n<meta property=\"og:image\" content=\"https:\/\/cliniccenter.co.uk\/wp-content\/uploads\/2024\/04\/clinic-center-about.jpg\" \/>\n<meta name=\"twitter:card\" content=\"summary_large_image\" \/>\n<meta name=\"twitter:site\" content=\"@cliniccenteruk\" \/>\n<meta name=\"twitter:label1\" content=\"Timp estimat pentru citire\" \/>\n\t<meta name=\"twitter:data1\" content=\"4 minute\" \/>\n<!-- \/ Yoast SEO plugin. -->","yoast_head_json":{"title":"Clinic Center","robots":{"index":"noindex","follow":"follow"},"og_locale":"ro_RO","og_type":"article","og_title":"Clinic Center","og_description":"Clinic Center Clinic Center, premiat\u0103 la nivel interna\u021bional, ofer\u0103 transplant de p\u0103r, chirurgie plastic\u0103, chirurgie estetic\u0103 \u0219i stomatologie. \u00cenregistrat\u0103 \u00een Marea Britanie \u0219i av\u00e2nd chirurgi\/speciali\u0219ti de renume \u0219i bine preg\u0103ti\u021bi, credin\u021ba noastr\u0103 este s\u0103 oferim servicii de \u00eenalt\u0103 calitate la costuri accesibile. Toate tratamentele sunt efectuate \u00een spitale acreditate interna\u021bional. Toate echipamentele utilizate, personalul, inclusiv [&hellip;]","og_url":"https:\/\/cliniccenter.co.uk\/ro\/despre\/","article_publisher":"https:\/\/www.facebook.com\/cliniccenter.co.uk\/","article_modified_time":"2025-04-30T08:08:00+00:00","og_image":[{"url":"https:\/\/cliniccenter.co.uk\/wp-content\/uploads\/2024\/04\/clinic-center-about.jpg","type":"","width":"","height":""}],"twitter_card":"summary_large_image","twitter_site":"@cliniccenteruk","twitter_misc":{"Timp estimat pentru citire":"4 minute"},"schema":{"@context":"https:\/\/schema.org","@graph":[{"@type":"WebPage","@id":"https:\/\/cliniccenter.co.uk\/ro\/despre\/","url":"https:\/\/cliniccenter.co.uk\/ro\/despre\/","name":"Clinic Center","isPartOf":{"@id":"https:\/\/cliniccenter.co.uk\/ro\/#website"},"primaryImageOfPage":{"@id":"https:\/\/cliniccenter.co.uk\/ro\/despre\/#primaryimage"},"image":{"@id":"https:\/\/cliniccenter.co.uk\/ro\/despre\/#primaryimage"},"thumbnailUrl":"https:\/\/cliniccenter.co.uk\/wp-content\/uploads\/2024\/04\/clinic-center-about.jpg","datePublished":"2024-01-08T07:41:31+00:00","dateModified":"2025-04-30T08:08:00+00:00","breadcrumb":{"@id":"https:\/\/cliniccenter.co.uk\/ro\/despre\/#breadcrumb"},"inLanguage":"ro-RO","potentialAction":[{"@type":"ReadAction","target":["https:\/\/cliniccenter.co.uk\/ro\/despre\/"]}]},{"@type":"ImageObject","inLanguage":"ro-RO","@id":"https:\/\/cliniccenter.co.uk\/ro\/despre\/#primaryimage","url":"https:\/\/cliniccenter.co.uk\/wp-content\/uploads\/2024\/04\/clinic-center-about.jpg","contentUrl":"https:\/\/cliniccenter.co.uk\/wp-content\/uploads\/2024\/04\/clinic-center-about.jpg"},{"@type":"BreadcrumbList","@id":"https:\/\/cliniccenter.co.uk\/ro\/despre\/#breadcrumb","itemListElement":[{"@type":"ListItem","position":1,"name":"Home","item":"https:\/\/cliniccenter.co.uk\/ro\/"},{"@type":"ListItem","position":2,"name":"Despre Noi"}]},{"@type":"WebSite","@id":"https:\/\/cliniccenter.co.uk\/ro\/#website","url":"https:\/\/cliniccenter.co.uk\/ro\/","name":"","description":"","potentialAction":[{"@type":"SearchAction","target":{"@type":"EntryPoint","urlTemplate":"https:\/\/cliniccenter.co.uk\/ro\/?s={search_term_string}"},"query-input":{"@type":"PropertyValueSpecification","valueRequired":true,"valueName":"search_term_string"}}],"inLanguage":"ro-RO"}]}},"uagb_featured_image_src":{"full":false,"thumbnail":false,"medium":false,"medium_large":false,"large":false,"1536x1536":false,"2048x2048":false},"uagb_author_info":{"display_name":"Sertac Ceki","author_link":"https:\/\/cliniccenter.co.uk\/ro\/blog\/author\/sertaccliniccenter-co-uk\/"},"uagb_comment_info":0,"uagb_excerpt":"Clinic Center Clinic Center, premiat\u0103 la nivel interna\u021bional, ofer\u0103 transplant de p\u0103r, chirurgie plastic\u0103, chirurgie estetic\u0103 \u0219i stomatologie. \u00cenregistrat\u0103 \u00een Marea Britanie \u0219i av\u00e2nd chirurgi\/speciali\u0219ti de renume \u0219i bine preg\u0103ti\u021bi, credin\u021ba noastr\u0103 este s\u0103 oferim servicii de \u00eenalt\u0103 calitate la costuri accesibile. Toate tratamentele sunt efectuate \u00een spitale acreditate interna\u021bional. Toate echipamentele utilizate, personalul, inclusiv&hellip;","_links":{"self":[{"href":"https:\/\/cliniccenter.co.uk\/ro\/wp-json\/wp\/v2\/pages\/59404"}],"collection":[{"href":"https:\/\/cliniccenter.co.uk\/ro\/wp-json\/wp\/v2\/pages"}],"about":[{"href":"https:\/\/cliniccenter.co.uk\/ro\/wp-json\/wp\/v2\/types\/page"}],"author":[{"embeddable":true,"href":"https:\/\/cliniccenter.co.uk\/ro\/wp-json\/wp\/v2\/users\/2"}],"replies":[{"embeddable":true,"href":"https:\/\/cliniccenter.co.uk\/ro\/wp-json\/wp\/v2\/comments?post=59404"}],"version-history":[{"count":3,"href":"https:\/\/cliniccenter.co.uk\/ro\/wp-json\/wp\/v2\/pages\/59404\/revisions"}],"predecessor-version":[{"id":60356,"href":"https:\/\/cliniccenter.co.uk\/ro\/wp-json\/wp\/v2\/pages\/59404\/revisions\/60356"}],"wp:attachment":[{"href":"https:\/\/cliniccenter.co.uk\/ro\/wp-json\/wp\/v2\/media?parent=59404"}],"curies":[{"name":"wp","href":"https:\/\/api.w.org\/{rel}","templated":true}]}}