{"id":59408,"date":"2018-01-24T10:33:46","date_gmt":"2018-01-24T10:33:46","guid":{"rendered":"https:\/\/cliniccenter.co.uk\/treatments\/"},"modified":"2025-04-24T15:01:12","modified_gmt":"2025-04-24T15:01:12","slug":"tratemente","status":"publish","type":"page","link":"https:\/\/cliniccenter.co.uk\/ro\/tratemente\/","title":{"rendered":"Toate Tratamentele | Clinic Center"},"content":{"rendered":"\n<div class=\"wp-block-columns is-layout-flex wp-container-core-columns-is-layout-1 wp-block-columns-is-layout-flex\">\n<div class=\"wp-block-column is-layout-flow wp-block-column-is-layout-flow\">\n<figure class=\"wp-block-image size-full skip-lazy\"><img decoding=\"async\" width=\"600\" height=\"400\" src=\"https:\/\/cliniccenter.co.uk\/wp-content\/uploads\/2023\/11\/hair-transplant-1-3.webp\" alt=\"\" class=\"wp-image-46796\" srcset=\"https:\/\/cliniccenter.co.uk\/wp-content\/uploads\/2023\/11\/hair-transplant-1-3.webp 600w, https:\/\/cliniccenter.co.uk\/wp-content\/uploads\/2023\/11\/hair-transplant-1-3-300x200.webp 300w\" sizes=\"(max-width: 600px) 100vw, 600px\" \/><\/figure>\n\n\n\n<h2 class=\"wp-block-heading has-text-align-center\"><span class=\"ez-toc-section\" id=\"Transplant_de_par\"><\/span>Transplant de p\u0103r<span class=\"ez-toc-section-end\"><\/span><\/h2>\n\n\n\n<p class=\"has-text-align-center\">Pentru a-\u021bi cre\u0219te stima de sine, pentru a-\u021bi \u00eembun\u0103t\u0103\u021bi aspectul sau pur \u0219i simplu pentru a-\u021bi regenera p\u0103rul\u2026 Indiferent de motivul t\u0103u, Clinic Center este aici pentru a oferi o solu\u021bie permanent\u0103. Clinic Center este o clinic\u0103 modern\u0103 \u0219i unul dintre cei mai buni furnizori de transplant de p\u0103r din Turcia pentru pacien\u021bii interna\u021bionali, la costuri accesibile\u2026<\/p>\n\n\n\n<p class=\"has-text-align-center\"><center><div class=\"wp-block-button\"><a class=\"wp-block-button__link\" href=\"#\" target=\"_blank\" rel=\"noopener\">Mai multe despre Transplantul de p\u0103r<\/a><\/div><\/center><\/p><div id=\"ez-toc-container\" class=\"ez-toc-v2_0_80 counter-hierarchy ez-toc-counter ez-toc-grey ez-toc-container-direction\">\n<div class=\"ez-toc-title-container\">\n<p class=\"ez-toc-title\" style=\"cursor:inherit\">Table of Contents<\/p>\n<span class=\"ez-toc-title-toggle\"><a href=\"#\" class=\"ez-toc-pull-right ez-toc-btn ez-toc-btn-xs ez-toc-btn-default ez-toc-toggle\" aria-label=\"Toggle Table of Content\"><span class=\"ez-toc-js-icon-con\"><span class=\"\"><span class=\"eztoc-hide\" style=\"display:none;\">Toggle<\/span><span class=\"ez-toc-icon-toggle-span\"><svg style=\"fill: #999;color:#999\" xmlns=\"http:\/\/www.w3.org\/2000\/svg\" class=\"list-377408\" width=\"20px\" height=\"20px\" viewBox=\"0 0 24 24\" fill=\"none\"><path d=\"M6 6H4v2h2V6zm14 0H8v2h12V6zM4 11h2v2H4v-2zm16 0H8v2h12v-2zM4 16h2v2H4v-2zm16 0H8v2h12v-2z\" fill=\"currentColor\"><\/path><\/svg><svg style=\"fill: #999;color:#999\" class=\"arrow-unsorted-368013\" xmlns=\"http:\/\/www.w3.org\/2000\/svg\" width=\"10px\" height=\"10px\" viewBox=\"0 0 24 24\" version=\"1.2\" baseProfile=\"tiny\"><path d=\"M18.2 9.3l-6.2-6.3-6.2 6.3c-.2.2-.3.4-.3.7s.1.5.3.7c.2.2.4.3.7.3h11c.3 0 .5-.1.7-.3.2-.2.3-.5.3-.7s-.1-.5-.3-.7zM5.8 14.7l6.2 6.3 6.2-6.3c.2-.2.3-.5.3-.7s-.1-.5-.3-.7c-.2-.2-.4-.3-.7-.3h-11c-.3 0-.5.1-.7.3-.2.2-.3.5-.3.7s.1.5.3.7z\"\/><\/svg><\/span><\/span><\/span><\/a><\/span><\/div>\n<nav><ul class='ez-toc-list ez-toc-list-level-1 ' ><li class='ez-toc-page-1 ez-toc-heading-level-2'><a class=\"ez-toc-link ez-toc-heading-1\" href=\"https:\/\/cliniccenter.co.uk\/ro\/tratemente\/#Transplant_de_par\" >Transplant de p\u0103r<\/a><\/li><li class='ez-toc-page-1 ez-toc-heading-level-2'><a class=\"ez-toc-link ez-toc-heading-2\" href=\"https:\/\/cliniccenter.co.uk\/ro\/tratemente\/#Chirurgie_Estetica\" >Chirurgie Estetic\u0103<\/a><\/li><li class='ez-toc-page-1 ez-toc-heading-level-2'><a class=\"ez-toc-link ez-toc-heading-3\" href=\"https:\/\/cliniccenter.co.uk\/ro\/tratemente\/#Stomatologie\" >Stomatologie<\/a><\/li><li class='ez-toc-page-1 ez-toc-heading-level-2'><a class=\"ez-toc-link ez-toc-heading-4\" href=\"https:\/\/cliniccenter.co.uk\/ro\/tratemente\/#Proceduri_Cosmetice_Non-Chirurgicale\" >Proceduri Cosmetice Non-Chirurgicale<\/a><\/li><li class='ez-toc-page-1 ez-toc-heading-level-2'><a class=\"ez-toc-link ez-toc-heading-5\" href=\"https:\/\/cliniccenter.co.uk\/ro\/tratemente\/#Chirurgii_Gastrice\" >Chirurgii Gastrice<\/a><\/li><\/ul><\/nav><\/div>\n\n<\/div>\n\n\n\n<div class=\"wp-block-column is-layout-flow wp-block-column-is-layout-flow\">\n<figure class=\"wp-block-image size-full skip-lazy\"><img decoding=\"async\" width=\"600\" height=\"400\" src=\"https:\/\/cliniccenter.co.uk\/wp-content\/uploads\/2023\/11\/cosmetic-surgery-1.webp\" alt=\"\" class=\"wp-image-46803\" srcset=\"https:\/\/cliniccenter.co.uk\/wp-content\/uploads\/2023\/11\/cosmetic-surgery-1.webp 600w, https:\/\/cliniccenter.co.uk\/wp-content\/uploads\/2023\/11\/cosmetic-surgery-1-300x200.webp 300w\" sizes=\"(max-width: 600px) 100vw, 600px\" \/><\/figure>\n\n\n\n<h2 class=\"wp-block-heading has-text-align-center\"><span class=\"ez-toc-section\" id=\"Chirurgie_Estetica\"><\/span>Chirurgie Estetic\u0103<span class=\"ez-toc-section-end\"><\/span><\/h2>\n\n\n\n<p class=\"has-text-align-center\">Schimbarea fermit\u0103\u021bii \u0219i formei s\u00e2nilor din cauza na\u0219terii, al\u0103pt\u0103rii sau pierderii \u00een greutate, diferen\u021bele de dimensiuni care afecteaz\u0103 propor\u021biile ideale ale corpului, s\u00e2nii subdezvolta\u021bi \u2013 exist\u0103 mai multe motive pentru a apela la o interven\u021bie chirurgical\u0103 de m\u0103rire a s\u00e2nilor, care pot include acestea, dar nu se limiteaz\u0103 la acestea\u2026<\/p>\n\n\n\n<p class=\"has-text-align-center\"><center><div class=\"wp-block-button\"><a class=\"wp-block-button__link\" href=\"https:\/\/cliniccenter.co.uk\/ro\/chirurgie-estetica\/\" target=\"_blank\" rel=\"noopener\">Mai multe despre Chirurgia Estetic\u0103<\/a><\/div><\/center><\/p>\n<\/div>\n<\/div>\n\n\n\n<div class=\"wp-block-columns is-layout-flex wp-container-core-columns-is-layout-2 wp-block-columns-is-layout-flex\">\n<div class=\"wp-block-column is-layout-flow wp-block-column-is-layout-flow\">\n<figure class=\"wp-block-image size-large\"><img decoding=\"async\" width=\"600\" height=\"400\" src=\"https:\/\/cliniccenter.co.uk\/wp-content\/uploads\/2021\/12\/dentist.jpg\" alt=\"\" class=\"wp-image-23426\" srcset=\"https:\/\/cliniccenter.co.uk\/wp-content\/uploads\/2021\/12\/dentist.jpg 600w, https:\/\/cliniccenter.co.uk\/wp-content\/uploads\/2021\/12\/dentist-300x200.jpg 300w\" sizes=\"(max-width: 600px) 100vw, 600px\" \/><\/figure>\n\n\n\n<h2 class=\"wp-block-heading has-text-align-center\"><span class=\"ez-toc-section\" id=\"Stomatologie\"><\/span>Stomatologie<span class=\"ez-toc-section-end\"><\/span><\/h2>\n\n\n\n<p class=\"has-text-align-center\">Este posibil s\u0103 \u00ee\u021bi dore\u0219ti s\u0103 \u00ee\u021bi recuperezi dintele lips\u0103 \u0219i s\u0103 rezolvi problemele de mestecat \u0219i mu\u0219care, dar \u00een acela\u0219i timp s\u0103 nu cheltuie\u0219ti o avere pentru aceste probleme. Clinic Center te va ajuta s\u0103 \u00ee\u021bi rezolvi problemele cu implanturi dentare \u00een Turcia..<\/p>\n\n\n\n<p class=\"has-text-align-center\"><center><div class=\"wp-block-button\"><a class=\"wp-block-button__link\" href=\"https:\/\/cliniccenter.co.uk\/ro\/stomatologie\/\" target=\"_blank\" rel=\"noopener\">Mai multe despre Stomatologie<\/a><\/div><\/center><\/p>\n<\/div>\n\n\n\n<div class=\"wp-block-column is-layout-flow wp-block-column-is-layout-flow\">\n<figure class=\"wp-block-image size-large\"><img decoding=\"async\" width=\"600\" height=\"400\" src=\"https:\/\/cliniccenter.co.uk\/wp-content\/uploads\/2021\/12\/non-surgical-cosmetic.jpg\" alt=\"\" class=\"wp-image-23405\" srcset=\"https:\/\/cliniccenter.co.uk\/wp-content\/uploads\/2021\/12\/non-surgical-cosmetic.jpg 600w, https:\/\/cliniccenter.co.uk\/wp-content\/uploads\/2021\/12\/non-surgical-cosmetic-300x200.jpg 300w\" sizes=\"(max-width: 600px) 100vw, 600px\" \/><\/figure>\n\n\n\n<h2 class=\"wp-block-heading has-text-align-center\"><span class=\"ez-toc-section\" id=\"Proceduri_Cosmetice_Non-Chirurgicale\"><\/span>Proceduri Cosmetice Non-Chirurgicale<span class=\"ez-toc-section-end\"><\/span><\/h2>\n\n\n\n<p class=\"has-text-align-center\">Clinic Center ofer\u0103 \u0219i avantaje ale procedurilor cosmetice non-chirurgicale! Fillerele pentru buze, injec\u021biile cu gr\u0103sime pentru buze, lifting-ul cu fire, cool sculpting-ul \u0219i tratamentele faciale pentru p\u0103r sunt acum disponibile la pre\u021buri accesibile.<\/p>\n\n\n\n<p class=\"has-text-align-center\"><center><div class=\"wp-block-button\"><a class=\"wp-block-button__link\" href=\"#\" target=\"_blank\" rel=\"noopener\">Mai multe despre Proceduri Cosmetice Non-Chirurgicale<\/a><\/div><\/center><\/p>\n<\/div>\n<\/div>\n\n\n\n<div class=\"wp-block-columns is-layout-flex wp-container-core-columns-is-layout-3 wp-block-columns-is-layout-flex\">\n<div class=\"wp-block-column is-layout-flow wp-block-column-is-layout-flow\">\n<figure class=\"wp-block-image size-large\"><img decoding=\"async\" width=\"600\" height=\"400\" src=\"https:\/\/cliniccenter.co.uk\/wp-content\/uploads\/2022\/05\/gastric.jpg\" alt=\"\" class=\"wp-image-37947\" srcset=\"https:\/\/cliniccenter.co.uk\/wp-content\/uploads\/2022\/05\/gastric.jpg 600w, https:\/\/cliniccenter.co.uk\/wp-content\/uploads\/2022\/05\/gastric-300x200.jpg 300w\" sizes=\"(max-width: 600px) 100vw, 600px\" \/><\/figure>\n\n\n\n<h2 class=\"wp-block-heading has-text-align-center\"><span class=\"ez-toc-section\" id=\"Chirurgii_Gastrice\"><\/span>Chirurgii Gastrice<span class=\"ez-toc-section-end\"><\/span><\/h2>\n\n\n\n<p class=\"has-text-align-center\">Kilogramele \u00eenc\u0103p\u0103\u021b\u00e2nate pot fi foarte greu de eliminat, mai ales dac\u0103 dietele \u0219i exerci\u021biile fizice nu par s\u0103 aib\u0103 niciun efect asupra greut\u0103\u021bii tale. Dac\u0103 acesta este cazul t\u0103u, chirurgiile gastrice te pot ajuta s\u0103 pierzi greutatea \u00een exces \u0219i s\u0103 ajungi la un corp mai aproape de visele tale. Exist\u0103 diferite tehnici pentru preferin\u021bele fiec\u0103rei persoane, incluz\u00e2nd op\u021biuni chirurgicale \u0219i non-chirurgicale. Afl\u0103 mai multe despre diferitele interven\u021bii chirurgicale gastrice\u2026<\/p>\n\n\n\n<p class=\"has-text-align-center\"><center><div class=\"wp-block-button\"><a class=\"wp-block-button__link\" href=\"https:\/\/cliniccenter.co.uk\/ro\/chirurgie-gastrica\/\" target=\"_blank\" rel=\"noopener\">Mai multe despre Chirurgiile Gastrice<\/a><\/div><\/center><\/p>\n<\/div>\n\n\n\n<div class=\"wp-block-column is-layout-flow wp-block-column-is-layout-flow\">\n<h2 class=\"wp-block-heading has-text-align-center\"><\/h2>\n\n\n\n<p class=\"has-text-align-center\"><\/p>\n<\/div>\n<\/div>\n\n\n\n<p><\/p>\n\n\n\n<p><\/p>\n","protected":false},"excerpt":{"rendered":"<p>Transplant de p\u0103r Pentru a-\u021bi cre\u0219te stima de sine, pentru a-\u021bi \u00eembun\u0103t\u0103\u021bi aspectul sau pur \u0219i simplu pentru a-\u021bi regenera p\u0103rul\u2026 Indiferent de motivul t\u0103u, Clinic Center este aici pentru a oferi o solu\u021bie permanent\u0103. Clinic Center este o clinic\u0103 modern\u0103 \u0219i unul dintre cei mai buni furnizori de transplant de p\u0103r din Turcia pentru [&hellip;]<\/p>\n","protected":false},"author":2,"featured_media":0,"parent":0,"menu_order":0,"comment_status":"closed","ping_status":"closed","template":"","meta":{"_uag_custom_page_level_css":"","_lmt_disableupdate":"no","_lmt_disable":"","site-sidebar-layout":"default","site-content-layout":"default","ast-site-content-layout":"default","site-content-style":"default","site-sidebar-style":"default","ast-global-header-display":"","ast-banner-title-visibility":"","ast-main-header-display":"","ast-hfb-above-header-display":"","ast-hfb-below-header-display":"","ast-hfb-mobile-header-display":"","site-post-title":"disabled","ast-breadcrumbs-content":"","ast-featured-img":"","footer-sml-layout":"","theme-transparent-header-meta":"default","adv-header-id-meta":"","stick-header-meta":"","header-above-stick-meta":"","header-main-stick-meta":"","header-below-stick-meta":"","astra-migrate-meta-layouts":"set","ast-page-background-enabled":"default","ast-page-background-meta":{"desktop":{"background-color":"","background-image":"","background-repeat":"repeat","background-position":"center center","background-size":"auto","background-attachment":"scroll","background-type":"","background-media":"","overlay-type":"","overlay-color":"","overlay-opacity":"","overlay-gradient":""},"tablet":{"background-color":"","background-image":"","background-repeat":"repeat","background-position":"center center","background-size":"auto","background-attachment":"scroll","background-type":"","background-media":"","overlay-type":"","overlay-color":"","overlay-opacity":"","overlay-gradient":""},"mobile":{"background-color":"","background-image":"","background-repeat":"repeat","background-position":"center center","background-size":"auto","background-attachment":"scroll","background-type":"","background-media":"","overlay-type":"","overlay-color":"","overlay-opacity":"","overlay-gradient":""}},"ast-content-background-meta":{"desktop":{"background-color":"var(--ast-global-color-5)","background-image":"","background-repeat":"repeat","background-position":"center center","background-size":"auto","background-attachment":"scroll","background-type":"","background-media":"","overlay-type":"","overlay-color":"","overlay-opacity":"","overlay-gradient":""},"tablet":{"background-color":"var(--ast-global-color-5)","background-image":"","background-repeat":"repeat","background-position":"center center","background-size":"auto","background-attachment":"scroll","background-type":"","background-media":"","overlay-type":"","overlay-color":"","overlay-opacity":"","overlay-gradient":""},"mobile":{"background-color":"var(--ast-global-color-5)","background-image":"","background-repeat":"repeat","background-position":"center center","background-size":"auto","background-attachment":"scroll","background-type":"","background-media":"","overlay-type":"","overlay-color":"","overlay-opacity":"","overlay-gradient":""}},"footnotes":""},"class_list":["post-59408","page","type-page","status-publish","hentry"],"yoast_head":"<!-- This site is optimized with the Yoast SEO plugin v25.3.1 - https:\/\/yoast.com\/wordpress\/plugins\/seo\/ -->\n<title>Toate Tratamentele | Clinic Center<\/title>\n<meta name=\"description\" content=\"Ob\u021bine\u021bi informa\u021bii detaliate despre transplantul de p\u0103r, chirurgia estetic\u0103 \u015fi servicii stomatologice \u00een Turcia! Descoperi\u021bi avantajele oferite de Clinic Center.\" \/>\n<meta name=\"robots\" content=\"index, follow, max-snippet:-1, max-image-preview:large, max-video-preview:-1\" \/>\n<link rel=\"canonical\" href=\"https:\/\/cliniccenter.co.uk\/ro\/tratemente\/\" \/>\n<meta property=\"og:locale\" content=\"ro_RO\" \/>\n<meta property=\"og:type\" content=\"article\" \/>\n<meta property=\"og:title\" content=\"Toate Tratamentele | Clinic Center\" \/>\n<meta property=\"og:description\" content=\"Ob\u021bine\u021bi informa\u021bii detaliate despre transplantul de p\u0103r, chirurgia estetic\u0103 \u015fi servicii stomatologice \u00een Turcia! Descoperi\u021bi avantajele oferite de Clinic Center.\" \/>\n<meta property=\"og:url\" content=\"https:\/\/cliniccenter.co.uk\/ro\/tratemente\/\" \/>\n<meta property=\"article:publisher\" content=\"https:\/\/www.facebook.com\/cliniccenter.co.uk\/\" \/>\n<meta property=\"article:modified_time\" content=\"2025-04-24T15:01:12+00:00\" \/>\n<meta property=\"og:image\" content=\"https:\/\/cliniccenter.co.uk\/wp-content\/uploads\/2023\/11\/hair-transplant-1-3.webp\" \/>\n<meta name=\"twitter:card\" content=\"summary_large_image\" \/>\n<meta name=\"twitter:site\" content=\"@cliniccenteruk\" \/>\n<meta name=\"twitter:label1\" content=\"Timp estimat pentru citire\" \/>\n\t<meta name=\"twitter:data1\" content=\"3 minute\" \/>\n<!-- \/ Yoast SEO plugin. -->","yoast_head_json":{"title":"Toate Tratamentele | Clinic Center","description":"Ob\u021bine\u021bi informa\u021bii detaliate despre transplantul de p\u0103r, chirurgia estetic\u0103 \u015fi servicii stomatologice \u00een Turcia! Descoperi\u021bi avantajele oferite de Clinic Center.","robots":{"index":"index","follow":"follow","max-snippet":"max-snippet:-1","max-image-preview":"max-image-preview:large","max-video-preview":"max-video-preview:-1"},"canonical":"https:\/\/cliniccenter.co.uk\/ro\/tratemente\/","og_locale":"ro_RO","og_type":"article","og_title":"Toate Tratamentele | Clinic Center","og_description":"Ob\u021bine\u021bi informa\u021bii detaliate despre transplantul de p\u0103r, chirurgia estetic\u0103 \u015fi servicii stomatologice \u00een Turcia! Descoperi\u021bi avantajele oferite de Clinic Center.","og_url":"https:\/\/cliniccenter.co.uk\/ro\/tratemente\/","article_publisher":"https:\/\/www.facebook.com\/cliniccenter.co.uk\/","article_modified_time":"2025-04-24T15:01:12+00:00","og_image":[{"url":"https:\/\/cliniccenter.co.uk\/wp-content\/uploads\/2023\/11\/hair-transplant-1-3.webp","type":"","width":"","height":""}],"twitter_card":"summary_large_image","twitter_site":"@cliniccenteruk","twitter_misc":{"Timp estimat pentru citire":"3 minute"},"schema":{"@context":"https:\/\/schema.org","@graph":[{"@type":"WebPage","@id":"https:\/\/cliniccenter.co.uk\/ro\/tratemente\/","url":"https:\/\/cliniccenter.co.uk\/ro\/tratemente\/","name":"Toate Tratamentele | Clinic Center","isPartOf":{"@id":"https:\/\/cliniccenter.co.uk\/ro\/#website"},"primaryImageOfPage":{"@id":"https:\/\/cliniccenter.co.uk\/ro\/tratemente\/#primaryimage"},"image":{"@id":"https:\/\/cliniccenter.co.uk\/ro\/tratemente\/#primaryimage"},"thumbnailUrl":"https:\/\/cliniccenter.co.uk\/wp-content\/uploads\/2023\/11\/hair-transplant-1-3.webp","datePublished":"2018-01-24T10:33:46+00:00","dateModified":"2025-04-24T15:01:12+00:00","description":"Ob\u021bine\u021bi informa\u021bii detaliate despre transplantul de p\u0103r, chirurgia estetic\u0103 \u015fi servicii stomatologice \u00een Turcia! Descoperi\u021bi avantajele oferite de Clinic Center.","breadcrumb":{"@id":"https:\/\/cliniccenter.co.uk\/ro\/tratemente\/#breadcrumb"},"inLanguage":"ro-RO","potentialAction":[{"@type":"ReadAction","target":["https:\/\/cliniccenter.co.uk\/ro\/tratemente\/"]}]},{"@type":"ImageObject","inLanguage":"ro-RO","@id":"https:\/\/cliniccenter.co.uk\/ro\/tratemente\/#primaryimage","url":"https:\/\/cliniccenter.co.uk\/wp-content\/uploads\/2023\/11\/hair-transplant-1-3.webp","contentUrl":"https:\/\/cliniccenter.co.uk\/wp-content\/uploads\/2023\/11\/hair-transplant-1-3.webp"},{"@type":"BreadcrumbList","@id":"https:\/\/cliniccenter.co.uk\/ro\/tratemente\/#breadcrumb","itemListElement":[{"@type":"ListItem","position":1,"name":"Home","item":"https:\/\/cliniccenter.co.uk\/ro\/"},{"@type":"ListItem","position":2,"name":"Toate Tratamentele | Clinic Center"}]},{"@type":"WebSite","@id":"https:\/\/cliniccenter.co.uk\/ro\/#website","url":"https:\/\/cliniccenter.co.uk\/ro\/","name":"","description":"","potentialAction":[{"@type":"SearchAction","target":{"@type":"EntryPoint","urlTemplate":"https:\/\/cliniccenter.co.uk\/ro\/?s={search_term_string}"},"query-input":{"@type":"PropertyValueSpecification","valueRequired":true,"valueName":"search_term_string"}}],"inLanguage":"ro-RO"}]}},"uagb_featured_image_src":{"full":false,"thumbnail":false,"medium":false,"medium_large":false,"large":false,"1536x1536":false,"2048x2048":false},"uagb_author_info":{"display_name":"Sertac Ceki","author_link":"https:\/\/cliniccenter.co.uk\/ro\/blog\/author\/sertaccliniccenter-co-uk\/"},"uagb_comment_info":0,"uagb_excerpt":"Transplant de p\u0103r Pentru a-\u021bi cre\u0219te stima de sine, pentru a-\u021bi \u00eembun\u0103t\u0103\u021bi aspectul sau pur \u0219i simplu pentru a-\u021bi regenera p\u0103rul\u2026 Indiferent de motivul t\u0103u, Clinic Center este aici pentru a oferi o solu\u021bie permanent\u0103. Clinic Center este o clinic\u0103 modern\u0103 \u0219i unul dintre cei mai buni furnizori de transplant de p\u0103r din Turcia pentru&hellip;","_links":{"self":[{"href":"https:\/\/cliniccenter.co.uk\/ro\/wp-json\/wp\/v2\/pages\/59408"}],"collection":[{"href":"https:\/\/cliniccenter.co.uk\/ro\/wp-json\/wp\/v2\/pages"}],"about":[{"href":"https:\/\/cliniccenter.co.uk\/ro\/wp-json\/wp\/v2\/types\/page"}],"author":[{"embeddable":true,"href":"https:\/\/cliniccenter.co.uk\/ro\/wp-json\/wp\/v2\/users\/2"}],"replies":[{"embeddable":true,"href":"https:\/\/cliniccenter.co.uk\/ro\/wp-json\/wp\/v2\/comments?post=59408"}],"version-history":[{"count":4,"href":"https:\/\/cliniccenter.co.uk\/ro\/wp-json\/wp\/v2\/pages\/59408\/revisions"}],"predecessor-version":[{"id":60288,"href":"https:\/\/cliniccenter.co.uk\/ro\/wp-json\/wp\/v2\/pages\/59408\/revisions\/60288"}],"wp:attachment":[{"href":"https:\/\/cliniccenter.co.uk\/ro\/wp-json\/wp\/v2\/media?parent=59408"}],"curies":[{"name":"wp","href":"https:\/\/api.w.org\/{rel}","templated":true}]}}