{"id":59440,"date":"2018-02-26T06:58:47","date_gmt":"2018-02-26T06:58:47","guid":{"rendered":"https:\/\/cliniccenter.co.uk\/consumer-rights\/"},"modified":"2025-04-10T10:36:55","modified_gmt":"2025-04-10T10:36:55","slug":"drepturile-consumatorilor","status":"publish","type":"page","link":"https:\/\/cliniccenter.co.uk\/ro\/drepturile-consumatorilor\/","title":{"rendered":"Consumer Rights"},"content":{"rendered":"<h1>DREPTURILE CONSUMATORILOR \u2013 DREPTUL DE RETRAGERE \u2013 ANULARE \u2013 CONDI\u021aII DE RAMBURSARE<\/h1>\n<h2><span class=\"ez-toc-section\" id=\"GENERAL\"><\/span>GENERAL:<span class=\"ez-toc-section-end\"><\/span><\/h2>\n<p>1. <span style=\"font-weight: 400;\">\u00cen cazul \u00een care achizi\u021bionezi un serviciu electronic pe site-ul pe care \u00eel folose\u0219ti, se consider\u0103 c\u0103 ai acceptat contractul de servicii prezentat.<\/span><br \/>\n2. <span style=\"font-weight: 400;\">Cump\u0103r\u0103torii sunt responsabili de respectarea prevederilor Legii nr. 6502 privind Protec\u021bia Consumatorilor \u0219i ale Regulamentului privind Contractele la Distan\u021b\u0103 (RG: 27.11.2014\/29188) \u0219i ale altor legi aplicabile referitoare la serviciul achizi\u021bionat.<\/span><br \/>\n3. <span style=\"font-weight: 400;\">Fiecare serviciu se va executa la data stabilit\u0103 de comun acord \u00eentre Cump\u0103r\u0103tor \u0219i V\u00e2nz\u0103tor. Cump\u0103r\u0103torul poate rezilia contractul \u00een cazul \u00een care serviciul nu este executat la termenul stabilit.<\/span><br \/>\n4. <span style=\"font-weight: 400;\">Serviciul achizi\u021bionat trebuie s\u0103 fie realizat integral \u0219i conform con\u021binutului serviciului men\u021bionat \u00een comanda de achizi\u021bie.<\/span><br \/>\n5. <span style=\"font-weight: 400;\">\u00cen cazul \u00een care serviciul achizi\u021bionat nu mai poate fi livrat, V\u00e2nz\u0103torul are obliga\u021bia de a notifica Cump\u0103r\u0103torul \u00een scris de \u00eendat\u0103 ce ia cuno\u0219tin\u021b\u0103 de acest fapt \u0219i va trebui s\u0103 prezinte un serviciu alternativ, cu acelea\u0219i condi\u021bii sau mai bune. \u00cen cazul \u00een care Cump\u0103r\u0103torul refuz\u0103 serviciul alternativ, acesta poate solicita rambursarea f\u0103r\u0103 niciun motiv. V\u00e2nz\u0103torul este obligat s\u0103 efectueze rambursarea p\u00e2n\u0103 la sf\u00e2r\u0219itul lunii \u00een care a fost depus\u0103 cererea de rambursare.<\/span><\/p>\n<h2><span class=\"ez-toc-section\" id=\"IN_CAZUL_IN_CARE_TAXA_SERVICIULUI_ACHIZITIONAT_NU_ESTE_PLATITA\"><\/span>\u00ceN CAZUL \u00ceN CARE TAXA SERVICIULUI ACHIZI\u021aIONAT NU ESTE PL\u0102TIT\u0102<span class=\"ez-toc-section-end\"><\/span><\/h2>\n<p>6.<span style=\"font-weight: 400;\">\u00a0\u00cen cazul \u00een care Cump\u0103r\u0103torul nu pl\u0103te\u0219te taxa pentru serviciu sau anuleaz\u0103 pl\u0103\u021bile bancare, obliga\u021bia V\u00e2nz\u0103torului de a executa serviciul va \u00eenceta.<\/span><\/p><div id=\"ez-toc-container\" class=\"ez-toc-v2_0_80 counter-hierarchy ez-toc-counter ez-toc-grey ez-toc-container-direction\">\n<div class=\"ez-toc-title-container\">\n<p class=\"ez-toc-title\" style=\"cursor:inherit\">Table of Contents<\/p>\n<span class=\"ez-toc-title-toggle\"><a href=\"#\" class=\"ez-toc-pull-right ez-toc-btn ez-toc-btn-xs ez-toc-btn-default ez-toc-toggle\" aria-label=\"Toggle Table of Content\"><span class=\"ez-toc-js-icon-con\"><span class=\"\"><span class=\"eztoc-hide\" style=\"display:none;\">Toggle<\/span><span class=\"ez-toc-icon-toggle-span\"><svg style=\"fill: #999;color:#999\" xmlns=\"http:\/\/www.w3.org\/2000\/svg\" class=\"list-377408\" width=\"20px\" height=\"20px\" viewBox=\"0 0 24 24\" fill=\"none\"><path d=\"M6 6H4v2h2V6zm14 0H8v2h12V6zM4 11h2v2H4v-2zm16 0H8v2h12v-2zM4 16h2v2H4v-2zm16 0H8v2h12v-2z\" fill=\"currentColor\"><\/path><\/svg><svg style=\"fill: #999;color:#999\" class=\"arrow-unsorted-368013\" xmlns=\"http:\/\/www.w3.org\/2000\/svg\" width=\"10px\" height=\"10px\" viewBox=\"0 0 24 24\" version=\"1.2\" baseProfile=\"tiny\"><path d=\"M18.2 9.3l-6.2-6.3-6.2 6.3c-.2.2-.3.4-.3.7s.1.5.3.7c.2.2.4.3.7.3h11c.3 0 .5-.1.7-.3.2-.2.3-.5.3-.7s-.1-.5-.3-.7zM5.8 14.7l6.2 6.3 6.2-6.3c.2-.2.3-.5.3-.7s-.1-.5-.3-.7c-.2-.2-.4-.3-.7-.3h-11c-.3 0-.5.1-.7.3-.2.2-.3.5-.3.7s.1.5.3.7z\"\/><\/svg><\/span><\/span><\/span><\/a><\/span><\/div>\n<nav><ul class='ez-toc-list ez-toc-list-level-1 ' ><li class='ez-toc-page-1 ez-toc-heading-level-2'><a class=\"ez-toc-link ez-toc-heading-1\" href=\"https:\/\/cliniccenter.co.uk\/ro\/drepturile-consumatorilor\/#GENERAL\" >GENERAL:<\/a><\/li><li class='ez-toc-page-1 ez-toc-heading-level-2'><a class=\"ez-toc-link ez-toc-heading-2\" href=\"https:\/\/cliniccenter.co.uk\/ro\/drepturile-consumatorilor\/#IN_CAZUL_IN_CARE_TAXA_SERVICIULUI_ACHIZITIONAT_NU_ESTE_PLATITA\" >\u00ceN CAZUL \u00ceN CARE TAXA SERVICIULUI ACHIZI\u021aIONAT NU ESTE PL\u0102TIT\u0102<\/a><\/li><li class='ez-toc-page-1 ez-toc-heading-level-2'><a class=\"ez-toc-link ez-toc-heading-3\" href=\"https:\/\/cliniccenter.co.uk\/ro\/drepturile-consumatorilor\/#ACHIZITII_EFECTUATE_CU_UTILIZAREA_NEAUTORIZATA_A_CARDULUI_DE_CREDIT\" >ACHIZI\u021aII EFECTUATE CU UTILIZAREA NEAUTORIZAT\u0102 A CARDULUI DE CREDIT<\/a><\/li><li class='ez-toc-page-1 ez-toc-heading-level-2'><a class=\"ez-toc-link ez-toc-heading-4\" href=\"https:\/\/cliniccenter.co.uk\/ro\/drepturile-consumatorilor\/#IN_CAZUL_IN_CARE_SERVICIUL_NU_POATE_FI_LIVRAT_LA_DATA_STABILITA\" >\u00ceN CAZUL \u00ceN CARE SERVICIUL NU POATE FI LIVRAT LA DATA STABILIT\u0102<\/a><\/li><li class='ez-toc-page-1 ez-toc-heading-level-2'><a class=\"ez-toc-link ez-toc-heading-5\" href=\"https:\/\/cliniccenter.co.uk\/ro\/drepturile-consumatorilor\/#RESPONSABILITATEA_CUMPARATORULUI_PENTRU_VERIFICAREA_SERVICIULUI\" >RESPONSABILITATEA CUMP\u0102R\u0102TORULUI PENTRU VERIFICAREA SERVICIULUI<\/a><\/li><li class='ez-toc-page-1 ez-toc-heading-level-2'><a class=\"ez-toc-link ez-toc-heading-6\" href=\"https:\/\/cliniccenter.co.uk\/ro\/drepturile-consumatorilor\/#DREPTUL_DE_RETRAGERE\" >DREPTUL DE RETRAGERE<\/a><\/li><li class='ez-toc-page-1 ez-toc-heading-level-2'><a class=\"ez-toc-link ez-toc-heading-7\" href=\"https:\/\/cliniccenter.co.uk\/ro\/drepturile-consumatorilor\/#CONDITII_DE_RAMBURSARE\" >CONDI\u021aII DE RAMBURSARE<\/a><\/li><li class='ez-toc-page-1 ez-toc-heading-level-2'><a class=\"ez-toc-link ez-toc-heading-8\" href=\"https:\/\/cliniccenter.co.uk\/ro\/drepturile-consumatorilor\/#DEFAULT_SI_CONSECINTELE_LEGALE\" >DEFAULT \u0218I CONSECIN\u021aELE LEGALE<\/a><\/li><li class='ez-toc-page-1 ez-toc-heading-level-2'><a class=\"ez-toc-link ez-toc-heading-9\" href=\"https:\/\/cliniccenter.co.uk\/ro\/drepturile-consumatorilor\/#PLATA\" >PLATA<\/a><\/li><\/ul><\/nav><\/div>\n\n<h2><span class=\"ez-toc-section\" id=\"ACHIZITII_EFECTUATE_CU_UTILIZAREA_NEAUTORIZATA_A_CARDULUI_DE_CREDIT\"><\/span>ACHIZI\u021aII EFECTUATE CU UTILIZAREA NEAUTORIZAT\u0102 A CARDULUI DE CREDIT<span class=\"ez-toc-section-end\"><\/span><\/h2>\n<p>7. <span style=\"font-weight: 400;\">\u00cen cazul \u00een care, dup\u0103 furnizarea serviciului, se constat\u0103 c\u0103 cardul de credit folosit de Cump\u0103r\u0103tor pentru plata serviciului a fost utilizat de persoane neautorizate \u0219i taxa pentru serviciu nu a fost achitat\u0103 de banca sau institu\u021bia financiar\u0103 relevant\u0103, Cump\u0103r\u0103torul accept\u0103 s\u0103 pl\u0103teasc\u0103 taxa pentru serviciu cu un alt card de credit\/bancar sau prin mandat po\u0219tal \u00een termen de 3 zile.<\/span><\/p>\n<h2><span class=\"ez-toc-section\" id=\"IN_CAZUL_IN_CARE_SERVICIUL_NU_POATE_FI_LIVRAT_LA_DATA_STABILITA\"><\/span>\u00ceN CAZUL \u00ceN CARE SERVICIUL NU POATE FI LIVRAT LA DATA STABILIT\u0102<span class=\"ez-toc-section-end\"><\/span><\/h2>\n<p>8. <span style=\"font-weight: 400;\">\u00cen cazul \u00een care apare o for\u021b\u0103 major\u0103 pe care V\u00e2nz\u0103torul nu o poate anticipa \u0219i serviciul nu este livrat la data convenit\u0103, aceasta va fi notificat\u0103 Cump\u0103r\u0103torului. Cump\u0103r\u0103torul poate solicita anularea serviciului, \u00eenlocuirea acestuia cu un serviciu similar sau am\u00e2narea livr\u0103rii serviciului p\u00e2n\u0103 la rezolvarea for\u021bei majore. \u00cen cazul \u00een care Cump\u0103r\u0103torul anuleaz\u0103 serviciul din aceste motive, dac\u0103 a pl\u0103tit \u00een numerar, va primi rambursarea \u00een numerar la sf\u00e2r\u0219itul lunii \u00een care a fost depus\u0103 cererea de anulare. Dac\u0103 a pl\u0103tit cu cardul de credit, suma va fi returnat\u0103 b\u0103ncii la sf\u00e2r\u0219itul lunii \u00een care cererea de anulare a fost depus\u0103, iar banca va transfera suma \u00een contul Cump\u0103r\u0103torului \u00een termen de 2-3 s\u0103pt\u0103m\u00e2ni.<\/span><\/p>\n<h2><span class=\"ez-toc-section\" id=\"RESPONSABILITATEA_CUMPARATORULUI_PENTRU_VERIFICAREA_SERVICIULUI\"><\/span>RESPONSABILITATEA CUMP\u0102R\u0102TORULUI PENTRU VERIFICAREA SERVICIULUI<span class=\"ez-toc-section-end\"><\/span><\/h2>\n<p>9. <span style=\"font-weight: 400;\">C\u00e2nd serviciul contractat este livrat, Cump\u0103r\u0103torul va verifica ini\u021bial dac\u0103 serviciul furnizat corespunde cu ceea ce a fost promis. Cump\u0103r\u0103torul va accepta livrarea \u0219i finalizarea serviciului \u0219i va considera c\u0103 serviciul livrat este complet \u0219i f\u0103r\u0103 defecte.<\/span><\/p>\n<h2><span class=\"ez-toc-section\" id=\"DREPTUL_DE_RETRAGERE\"><\/span>DREPTUL DE RETRAGERE<span class=\"ez-toc-section-end\"><\/span><\/h2>\n<p>10. <span style=\"font-weight: 400;\">CUMP\u0102R\u0102TORUL poate solicita rambursarea complet\u0103 p\u00e2n\u0103 la o lun\u0103 \u00eenainte de furnizarea serviciului, cu condi\u021bia ca acesta s\u0103 nu fi achizi\u021bionat serviciul printr-o ofert\u0103 special\u0103. Dac\u0103 mai sunt mai pu\u021bin de o lun\u0103 p\u00e2n\u0103 la furnizarea serviciului, nu se va efectua nicio rambursare. De asemenea, \u00een cazul \u00een care Cump\u0103r\u0103torul a achizi\u021bionat serviciul printr-o campanie cu pre\u021buri mai mici dec\u00e2t cele standard de pe site, nu se va efectua nicio rambursare, indiferent de termen.<\/span><span style=\"font-weight: 400;\"><br \/>\n<\/span><span style=\"font-weight: 400;\">Cump\u0103r\u0103torul trebuie s\u0103 trimit\u0103 un e-mail la info@cliniccenter.co.uk pentru a utiliza dreptul de retragere.<\/span><\/p>\n<h2><span class=\"ez-toc-section\" id=\"CONDITII_DE_RAMBURSARE\"><\/span>CONDI\u021aII DE RAMBURSARE<span class=\"ez-toc-section-end\"><\/span><\/h2>\n<p><span style=\"font-weight: 400;\">11. V\u00c2NZ\u0102TORUL trebuie s\u0103 ramburseze suma CUMP\u0102R\u0102TORULUI cel t\u00e2rziu la sf\u00e2r\u0219itul lunii \u00een care a fost depus\u0103 cererea de rambursare.<\/span><span style=\"font-weight: 400;\"><br \/>\n<\/span><span style=\"font-weight: 400;\">12. \u00cen cazul \u00een care rambursarea nu este posibil\u0103 din cauza unei gre\u0219eli a CUMP\u0102R\u0102TORULUI, acesta trebuie s\u0103 compenseze pierderea suferit\u0103 de V\u00c2NZ\u0102TOR \u00een limita propriei gre\u0219eli.<\/span><span style=\"font-weight: 400;\"><br \/>\n<\/span><span style=\"font-weight: 400;\">13. \u00cen cazul \u00een care, din cauza utiliz\u0103rii dreptului de retragere, suma scade sub valoarea campaniei organizate de V\u00c2NZ\u0102TOR, rata de reducere este anulat\u0103.<\/span><\/p>\n<h2><span class=\"ez-toc-section\" id=\"DEFAULT_SI_CONSECINTELE_LEGALE\"><\/span>DEFAULT \u0218I CONSECIN\u021aELE LEGALE<span class=\"ez-toc-section-end\"><\/span><\/h2>\n<p>14. <span style=\"font-weight: 400;\">\u00cen cazul \u00een care CUMP\u0102R\u0102TORUL a efectuat procedurile de plat\u0103 cu cardul de credit \u0219i intr\u0103 \u00een incapacitate de plat\u0103, CUMP\u0102R\u0102TORUL este de acord, declar\u0103 \u0219i se angajeaz\u0103 s\u0103 pl\u0103teasc\u0103 dob\u00e2nzi \u00een conformitate cu acordul dintre banca cardului de credit \u0219i el\/ea \u0219i s\u0103 fie responsabil pentru banc\u0103. \u00cen acest caz, banca respectiv\u0103 poate ini\u021bia ac\u021biuni legale \u0219i poate solicita cheltuieli suplimentare \u0219i taxe de consiliere de la CUMP\u0102R\u0102TOR. \u00cen cazul \u00een care CUMP\u0102R\u0102TORUL intr\u0103 \u00een default din cauza datoriilor, acesta accept\u0103, \u00een orice circumstan\u021b\u0103, s\u0103 pl\u0103teasc\u0103 daunele \u0219i pierderile cauzate V\u00c2NZ\u0102TORULUI din cauza \u00eendeplinirii \u00eent\u00e2rziate a datoriei.<\/span><\/p>\n<h2><span class=\"ez-toc-section\" id=\"PLATA\"><\/span>PLATA<span class=\"ez-toc-section-end\"><\/span><\/h2>\n<p><span style=\"font-weight: 400;\">15. Po\u021bi pl\u0103ti orice din conturile noastre bancare prin transfer bancar sau TEF.<\/span><span style=\"font-weight: 400;\"><br \/>\n<\/span><span style=\"font-weight: 400;\">16. Po\u021bi pl\u0103ti online cu orice tip de card de credit sau bancar pe site-ul nostru. \u00cen cazul pl\u0103\u021bilor online, suma va fi retras\u0103 din cardul t\u0103u de credit la finalizarea comenzii de achizi\u021bie.<\/span><\/p>\n","protected":false},"excerpt":{"rendered":"<p>DREPTURILE CONSUMATORILOR \u2013 DREPTUL DE RETRAGERE \u2013 ANULARE \u2013 CONDI\u021aII DE RAMBURSARE GENERAL: 1. \u00cen cazul \u00een care achizi\u021bionezi un serviciu electronic pe site-ul pe care \u00eel folose\u0219ti, se consider\u0103 c\u0103 ai acceptat contractul de servicii prezentat. 2. Cump\u0103r\u0103torii sunt responsabili de respectarea prevederilor Legii nr. 6502 privind Protec\u021bia Consumatorilor \u0219i ale Regulamentului privind Contractele [&hellip;]<\/p>\n","protected":false},"author":2,"featured_media":0,"parent":0,"menu_order":0,"comment_status":"closed","ping_status":"closed","template":"","meta":{"_uag_custom_page_level_css":"","_lmt_disableupdate":"no","_lmt_disable":"","site-sidebar-layout":"default","site-content-layout":"default","ast-site-content-layout":"default","site-content-style":"default","site-sidebar-style":"default","ast-global-header-display":"","ast-banner-title-visibility":"","ast-main-header-display":"","ast-hfb-above-header-display":"","ast-hfb-below-header-display":"","ast-hfb-mobile-header-display":"","site-post-title":"disabled","ast-breadcrumbs-content":"","ast-featured-img":"","footer-sml-layout":"","theme-transparent-header-meta":"default","adv-header-id-meta":"","stick-header-meta":"","header-above-stick-meta":"","header-main-stick-meta":"","header-below-stick-meta":"","astra-migrate-meta-layouts":"set","ast-page-background-enabled":"default","ast-page-background-meta":{"desktop":{"background-color":"","background-image":"","background-repeat":"repeat","background-position":"center center","background-size":"auto","background-attachment":"scroll","background-type":"","background-media":"","overlay-type":"","overlay-color":"","overlay-opacity":"","overlay-gradient":""},"tablet":{"background-color":"","background-image":"","background-repeat":"repeat","background-position":"center center","background-size":"auto","background-attachment":"scroll","background-type":"","background-media":"","overlay-type":"","overlay-color":"","overlay-opacity":"","overlay-gradient":""},"mobile":{"background-color":"","background-image":"","background-repeat":"repeat","background-position":"center center","background-size":"auto","background-attachment":"scroll","background-type":"","background-media":"","overlay-type":"","overlay-color":"","overlay-opacity":"","overlay-gradient":""}},"ast-content-background-meta":{"desktop":{"background-color":"var(--ast-global-color-5)","background-image":"","background-repeat":"repeat","background-position":"center center","background-size":"auto","background-attachment":"scroll","background-type":"","background-media":"","overlay-type":"","overlay-color":"","overlay-opacity":"","overlay-gradient":""},"tablet":{"background-color":"var(--ast-global-color-5)","background-image":"","background-repeat":"repeat","background-position":"center center","background-size":"auto","background-attachment":"scroll","background-type":"","background-media":"","overlay-type":"","overlay-color":"","overlay-opacity":"","overlay-gradient":""},"mobile":{"background-color":"var(--ast-global-color-5)","background-image":"","background-repeat":"repeat","background-position":"center center","background-size":"auto","background-attachment":"scroll","background-type":"","background-media":"","overlay-type":"","overlay-color":"","overlay-opacity":"","overlay-gradient":""}},"footnotes":""},"class_list":["post-59440","page","type-page","status-publish","hentry"],"yoast_head":"<!-- This site is optimized with the Yoast SEO plugin v25.3.1 - https:\/\/yoast.com\/wordpress\/plugins\/seo\/ -->\n<title>Consumer Rights -<\/title>\n<meta name=\"robots\" content=\"index, follow, max-snippet:-1, max-image-preview:large, max-video-preview:-1\" \/>\n<link rel=\"canonical\" href=\"https:\/\/cliniccenter.co.uk\/ro\/drepturile-consumatorilor\/\" \/>\n<meta property=\"og:locale\" content=\"ro_RO\" \/>\n<meta property=\"og:type\" content=\"article\" \/>\n<meta property=\"og:title\" content=\"Consumer Rights -\" \/>\n<meta property=\"og:description\" content=\"DREPTURILE CONSUMATORILOR \u2013 DREPTUL DE RETRAGERE \u2013 ANULARE \u2013 CONDI\u021aII DE RAMBURSARE GENERAL: 1. \u00cen cazul \u00een care achizi\u021bionezi un serviciu electronic pe site-ul pe care \u00eel folose\u0219ti, se consider\u0103 c\u0103 ai acceptat contractul de servicii prezentat. 2. Cump\u0103r\u0103torii sunt responsabili de respectarea prevederilor Legii nr. 6502 privind Protec\u021bia Consumatorilor \u0219i ale Regulamentului privind Contractele [&hellip;]\" \/>\n<meta property=\"og:url\" content=\"https:\/\/cliniccenter.co.uk\/ro\/drepturile-consumatorilor\/\" \/>\n<meta property=\"article:publisher\" content=\"https:\/\/www.facebook.com\/cliniccenter.co.uk\/\" \/>\n<meta property=\"article:modified_time\" content=\"2025-04-10T10:36:55+00:00\" \/>\n<meta name=\"twitter:card\" content=\"summary_large_image\" \/>\n<meta name=\"twitter:site\" content=\"@cliniccenteruk\" \/>\n<meta name=\"twitter:label1\" content=\"Timp estimat pentru citire\" \/>\n\t<meta name=\"twitter:data1\" content=\"4 minute\" \/>\n<!-- \/ Yoast SEO plugin. -->","yoast_head_json":{"title":"Consumer Rights -","robots":{"index":"index","follow":"follow","max-snippet":"max-snippet:-1","max-image-preview":"max-image-preview:large","max-video-preview":"max-video-preview:-1"},"canonical":"https:\/\/cliniccenter.co.uk\/ro\/drepturile-consumatorilor\/","og_locale":"ro_RO","og_type":"article","og_title":"Consumer Rights -","og_description":"DREPTURILE CONSUMATORILOR \u2013 DREPTUL DE RETRAGERE \u2013 ANULARE \u2013 CONDI\u021aII DE RAMBURSARE GENERAL: 1. \u00cen cazul \u00een care achizi\u021bionezi un serviciu electronic pe site-ul pe care \u00eel folose\u0219ti, se consider\u0103 c\u0103 ai acceptat contractul de servicii prezentat. 2. Cump\u0103r\u0103torii sunt responsabili de respectarea prevederilor Legii nr. 6502 privind Protec\u021bia Consumatorilor \u0219i ale Regulamentului privind Contractele [&hellip;]","og_url":"https:\/\/cliniccenter.co.uk\/ro\/drepturile-consumatorilor\/","article_publisher":"https:\/\/www.facebook.com\/cliniccenter.co.uk\/","article_modified_time":"2025-04-10T10:36:55+00:00","twitter_card":"summary_large_image","twitter_site":"@cliniccenteruk","twitter_misc":{"Timp estimat pentru citire":"4 minute"},"schema":{"@context":"https:\/\/schema.org","@graph":[{"@type":"WebPage","@id":"https:\/\/cliniccenter.co.uk\/ro\/drepturile-consumatorilor\/","url":"https:\/\/cliniccenter.co.uk\/ro\/drepturile-consumatorilor\/","name":"Consumer Rights -","isPartOf":{"@id":"https:\/\/cliniccenter.co.uk\/ro\/#website"},"datePublished":"2018-02-26T06:58:47+00:00","dateModified":"2025-04-10T10:36:55+00:00","breadcrumb":{"@id":"https:\/\/cliniccenter.co.uk\/ro\/drepturile-consumatorilor\/#breadcrumb"},"inLanguage":"ro-RO","potentialAction":[{"@type":"ReadAction","target":["https:\/\/cliniccenter.co.uk\/ro\/drepturile-consumatorilor\/"]}]},{"@type":"BreadcrumbList","@id":"https:\/\/cliniccenter.co.uk\/ro\/drepturile-consumatorilor\/#breadcrumb","itemListElement":[{"@type":"ListItem","position":1,"name":"Home","item":"https:\/\/cliniccenter.co.uk\/ro\/"},{"@type":"ListItem","position":2,"name":"Consumer Rights"}]},{"@type":"WebSite","@id":"https:\/\/cliniccenter.co.uk\/ro\/#website","url":"https:\/\/cliniccenter.co.uk\/ro\/","name":"","description":"","potentialAction":[{"@type":"SearchAction","target":{"@type":"EntryPoint","urlTemplate":"https:\/\/cliniccenter.co.uk\/ro\/?s={search_term_string}"},"query-input":{"@type":"PropertyValueSpecification","valueRequired":true,"valueName":"search_term_string"}}],"inLanguage":"ro-RO"}]}},"uagb_featured_image_src":{"full":false,"thumbnail":false,"medium":false,"medium_large":false,"large":false,"1536x1536":false,"2048x2048":false},"uagb_author_info":{"display_name":"Sertac Ceki","author_link":"https:\/\/cliniccenter.co.uk\/ro\/blog\/author\/sertaccliniccenter-co-uk\/"},"uagb_comment_info":0,"uagb_excerpt":"DREPTURILE CONSUMATORILOR \u2013 DREPTUL DE RETRAGERE \u2013 ANULARE \u2013 CONDI\u021aII DE RAMBURSARE GENERAL: 1. \u00cen cazul \u00een care achizi\u021bionezi un serviciu electronic pe site-ul pe care \u00eel folose\u0219ti, se consider\u0103 c\u0103 ai acceptat contractul de servicii prezentat. 2. Cump\u0103r\u0103torii sunt responsabili de respectarea prevederilor Legii nr. 6502 privind Protec\u021bia Consumatorilor \u0219i ale Regulamentului privind Contractele&hellip;","_links":{"self":[{"href":"https:\/\/cliniccenter.co.uk\/ro\/wp-json\/wp\/v2\/pages\/59440"}],"collection":[{"href":"https:\/\/cliniccenter.co.uk\/ro\/wp-json\/wp\/v2\/pages"}],"about":[{"href":"https:\/\/cliniccenter.co.uk\/ro\/wp-json\/wp\/v2\/types\/page"}],"author":[{"embeddable":true,"href":"https:\/\/cliniccenter.co.uk\/ro\/wp-json\/wp\/v2\/users\/2"}],"replies":[{"embeddable":true,"href":"https:\/\/cliniccenter.co.uk\/ro\/wp-json\/wp\/v2\/comments?post=59440"}],"version-history":[{"count":1,"href":"https:\/\/cliniccenter.co.uk\/ro\/wp-json\/wp\/v2\/pages\/59440\/revisions"}],"predecessor-version":[{"id":59442,"href":"https:\/\/cliniccenter.co.uk\/ro\/wp-json\/wp\/v2\/pages\/59440\/revisions\/59442"}],"wp:attachment":[{"href":"https:\/\/cliniccenter.co.uk\/ro\/wp-json\/wp\/v2\/media?parent=59440"}],"curies":[{"name":"wp","href":"https:\/\/api.w.org\/{rel}","templated":true}]}}