{"id":59443,"date":"2018-02-26T06:43:34","date_gmt":"2018-02-26T06:43:34","guid":{"rendered":"https:\/\/cliniccenter.co.uk\/service-agreement\/"},"modified":"2025-04-10T11:26:46","modified_gmt":"2025-04-10T11:26:46","slug":"acord-de-servicii","status":"publish","type":"page","link":"https:\/\/cliniccenter.co.uk\/ro\/acord-de-servicii\/","title":{"rendered":"Acord de Servicii"},"content":{"rendered":"\n<h2 class=\"wp-block-heading\"><span class=\"ez-toc-section\" id=\"ARTICOLUL_1_%E2%80%93_OBIECTUL\"><\/span>ARTICOLUL 1 \u2013 OBIECTUL<span class=\"ez-toc-section-end\"><\/span><\/h2>\n\n\n\n<p>Prezentul acord a fost \u00eencheiat electronic \u00eentre Ada Sa\u011fl\u0131k Seyahat Sa\u011fl\u0131k Turizmi ve Dan\u0131\u015fmanl\u0131\u011f\u0131 Limited \u015eirketi (\u201eClinic Center\u201d), cu sediul \u00een Inonu Bulvar\u0131 No:8\/2 Kat:3 D:6 Ku\u015fadas\u0131 Ayd\u0131n \u0219i consumatorul\/consumatorii ai c\u0103ror informa\u021bii sunt furnizate mai jos, referitor la serviciul turistic v\u00e2ndut de Clinic Center, a c\u0103rui calitate \u0219i pre\u021b de v\u00e2nzare sunt prezentate mai jos. Acest acord include serviciile indicate \u00een Programul de C\u0103l\u0103torie, care constituie o anex\u0103 \u0219i parte inseparabil\u0103 a acordului.<\/p>\n\n\n\n<h2 class=\"wp-block-heading\"><span class=\"ez-toc-section\" id=\"ARTICOLUL_2_%E2%80%93_ACCEPTAREA_ACORDULUI\"><\/span>ARTICOLUL 2 \u2013 ACCEPTAREA ACORDULUI<span class=\"ez-toc-section-end\"><\/span><\/h2>\n\n\n\n<p>2.1 \u2013 CUMP\u0102R\u0102TORUL ACCEPT\u0102 C\u0102 A CITIT \u0218I A \u00ceN\u021aELES ACORDUL, C\u0102 ESTE LA CUNO\u0218TIN\u021a\u0102 DE DREPTURILE \u0218I OBLIGA\u021aIILE SALE. CUMP\u0102R\u0102TORUL ESTE DE ACORD C\u0102 TOATE PROCEDURILE \u00ceN CADRUL ACORDULUI SUNT ADECVARATE INTERESELOR SALE \u0218I ESTE DE ACORD CU TOATE CONDI\u021aIILE CU VOIA SA LIBER ALEAS\u0102. <br>2.2 CUMP\u0102R\u0102TORUL \u0218I V\u00c2NZ\u0102TORUL SUNT DE ACORD C\u0102 TERMENII ACORDULUI NU CON\u021aIN NIMIC CARE S\u0102 FIE CONSIDERAT INJUST \u0218I NU EXIST\u0102 DISCRIMINARE \u00ceN PRIVIN\u021aA ECHILIBRULUI BENEFICIILOR.<\/p><div id=\"ez-toc-container\" class=\"ez-toc-v2_0_82_2 counter-hierarchy ez-toc-counter ez-toc-grey ez-toc-container-direction\">\n<div class=\"ez-toc-title-container\">\n<p class=\"ez-toc-title\" style=\"cursor:inherit\">Table of Contents<\/p>\n<span class=\"ez-toc-title-toggle\"><a href=\"#\" class=\"ez-toc-pull-right ez-toc-btn ez-toc-btn-xs ez-toc-btn-default ez-toc-toggle\" aria-label=\"Toggle Table of Content\"><span class=\"ez-toc-js-icon-con\"><span class=\"\"><span class=\"eztoc-hide\" style=\"display:none;\">Toggle<\/span><span class=\"ez-toc-icon-toggle-span\"><svg style=\"fill: #999;color:#999\" xmlns=\"http:\/\/www.w3.org\/2000\/svg\" class=\"list-377408\" width=\"20px\" height=\"20px\" viewBox=\"0 0 24 24\" fill=\"none\"><path d=\"M6 6H4v2h2V6zm14 0H8v2h12V6zM4 11h2v2H4v-2zm16 0H8v2h12v-2zM4 16h2v2H4v-2zm16 0H8v2h12v-2z\" fill=\"currentColor\"><\/path><\/svg><svg style=\"fill: #999;color:#999\" class=\"arrow-unsorted-368013\" xmlns=\"http:\/\/www.w3.org\/2000\/svg\" width=\"10px\" height=\"10px\" viewBox=\"0 0 24 24\" version=\"1.2\" baseProfile=\"tiny\"><path d=\"M18.2 9.3l-6.2-6.3-6.2 6.3c-.2.2-.3.4-.3.7s.1.5.3.7c.2.2.4.3.7.3h11c.3 0 .5-.1.7-.3.2-.2.3-.5.3-.7s-.1-.5-.3-.7zM5.8 14.7l6.2 6.3 6.2-6.3c.2-.2.3-.5.3-.7s-.1-.5-.3-.7c-.2-.2-.4-.3-.7-.3h-11c-.3 0-.5.1-.7.3-.2.2-.3.5-.3.7s.1.5.3.7z\"\/><\/svg><\/span><\/span><\/span><\/a><\/span><\/div>\n<nav><ul class='ez-toc-list ez-toc-list-level-1 ' ><li class='ez-toc-page-1 ez-toc-heading-level-2'><a class=\"ez-toc-link ez-toc-heading-1\" href=\"https:\/\/cliniccenter.co.uk\/ro\/acord-de-servicii\/#ARTICOLUL_1_%E2%80%93_OBIECTUL\" >ARTICOLUL 1 \u2013 OBIECTUL<\/a><\/li><li class='ez-toc-page-1 ez-toc-heading-level-2'><a class=\"ez-toc-link ez-toc-heading-2\" href=\"https:\/\/cliniccenter.co.uk\/ro\/acord-de-servicii\/#ARTICOLUL_2_%E2%80%93_ACCEPTAREA_ACORDULUI\" >ARTICOLUL 2 \u2013 ACCEPTAREA ACORDULUI<\/a><\/li><li class='ez-toc-page-1 ez-toc-heading-level-2'><a class=\"ez-toc-link ez-toc-heading-3\" href=\"https:\/\/cliniccenter.co.uk\/ro\/acord-de-servicii\/#ARTICOLUL_3_%E2%80%93_INFORMATII_DESPRE_COMPANIE\" >ARTICOLUL 3 \u2013 INFORMA\u021aII DESPRE COMPANIE<\/a><\/li><li class='ez-toc-page-1 ez-toc-heading-level-2'><a class=\"ez-toc-link ez-toc-heading-4\" href=\"https:\/\/cliniccenter.co.uk\/ro\/acord-de-servicii\/#ARTICOLUL_4_%E2%80%93_INFORMATII_DESPRE_CONSUMATOR\" >ARTICOLUL 4 \u2013 INFORMA\u021aII DESPRE CONSUMATOR<\/a><\/li><li class='ez-toc-page-1 ez-toc-heading-level-2'><a class=\"ez-toc-link ez-toc-heading-5\" href=\"https:\/\/cliniccenter.co.uk\/ro\/acord-de-servicii\/#ARTICOLUL_5_%E2%80%93_INFORMATII_DESPRE_SERVICIUL_CONTRACTUAL\" >ARTICOLUL 5 \u2013 INFORMA\u021aII DESPRE SERVICIUL CONTRACTUAL<\/a><\/li><li class='ez-toc-page-1 ez-toc-heading-level-2'><a class=\"ez-toc-link ez-toc-heading-6\" href=\"https:\/\/cliniccenter.co.uk\/ro\/acord-de-servicii\/#ARTICOLUL_6_%E2%80%93_PLATI\" >ARTICOLUL 6 \u2013 PL\u0102\u021aI<\/a><\/li><li class='ez-toc-page-1 ez-toc-heading-level-2'><a class=\"ez-toc-link ez-toc-heading-7\" href=\"https:\/\/cliniccenter.co.uk\/ro\/acord-de-servicii\/#ARTICOLUL_7_%E2%80%93_ANULARE_%E2%80%93_RETRAGERE_%E2%80%93_MODIFICARI\" >ARTICOLUL 7 \u2013 ANULARE \u2013 RETRAGERE \u2013 MODIFIC\u0102RI<\/a><\/li><li class='ez-toc-page-1 ez-toc-heading-level-2'><a class=\"ez-toc-link ez-toc-heading-8\" href=\"https:\/\/cliniccenter.co.uk\/ro\/acord-de-servicii\/#ARTICOLUL_8_%E2%80%93_FEEDBACK_SI_RECENZII\" >ARTICOLUL 8 \u2013 FEEDBACK \u0218I RECENZII<\/a><\/li><li class='ez-toc-page-1 ez-toc-heading-level-2'><a class=\"ez-toc-link ez-toc-heading-9\" href=\"https:\/\/cliniccenter.co.uk\/ro\/acord-de-servicii\/#ARTICOLUL_9_%E2%80%93_FORTA_MAJORA\" >ARTICOLUL 9 \u2013 FOR\u021aA MAJOR\u0102<\/a><\/li><li class='ez-toc-page-1 ez-toc-heading-level-2'><a class=\"ez-toc-link ez-toc-heading-10\" href=\"https:\/\/cliniccenter.co.uk\/ro\/acord-de-servicii\/#ARTICOLUL_10_%E2%80%93_REGULI_GENERALE\" >ARTICOLUL 10 \u2013 REGULI GENERALE<\/a><\/li><li class='ez-toc-page-1 ez-toc-heading-level-2'><a class=\"ez-toc-link ez-toc-heading-11\" href=\"https:\/\/cliniccenter.co.uk\/ro\/acord-de-servicii\/#ARTICOLUL_11_%E2%80%93_ALTE_REGULI\" >ARTICOLUL 11 \u2013 ALTE REGULI<\/a><\/li><\/ul><\/nav><\/div>\n\n\n\n\n<h2 class=\"wp-block-heading\"><span class=\"ez-toc-section\" id=\"ARTICOLUL_3_%E2%80%93_INFORMATII_DESPRE_COMPANIE\"><\/span>ARTICOLUL 3 \u2013 INFORMA\u021aII DESPRE COMPANIE<span class=\"ez-toc-section-end\"><\/span><\/h2>\n\n\n\n<p>Numele Companiei: Ada Sa\u011fl\u0131k Seyahat Sa\u011fl\u0131k Turizmi ve Dan\u0131\u015fmanl\u0131\u011f\u0131 Limited \u015eirketi<br>Adres\u0103: Inonu Bulvar\u0131 No:8\/2 Kat:3 D:6 Ku\u015fadas\u0131 Ayd\u0131n<br>Telefon: 0 256 614 37 57 Fax: 0 256 614 37 57<br>E-mail: <a href=\"mailto:info@cliniccenter.co.uk\">info@cliniccenter.co.uk<\/a> Web: www.cliniccenter.co.uk<\/p>\n\n\n\n<h2 class=\"wp-block-heading\"><span class=\"ez-toc-section\" id=\"ARTICOLUL_4_%E2%80%93_INFORMATII_DESPRE_CONSUMATOR\"><\/span>ARTICOLUL 4 \u2013 INFORMA\u021aII DESPRE CONSUMATOR<span class=\"ez-toc-section-end\"><\/span><\/h2>\n\n\n\n<p>Nume \/ Prenume:<br>Adres\u0103:<br>Num\u0103r telefon:<br>Adres\u0103 de e-mail:<br>Consumatorul este responsabil pentru corectitudinea acestor informa\u021bii \u0219i pentru completarea acestora \u00een acord. Clinic Center nu este responsabil pentru consecin\u021bele care pot ap\u0103rea din cauza informa\u021biilor personale incorecte.<\/p>\n\n\n\n<h2 class=\"wp-block-heading\"><span class=\"ez-toc-section\" id=\"ARTICOLUL_5_%E2%80%93_INFORMATII_DESPRE_SERVICIUL_CONTRACTUAL\"><\/span>ARTICOLUL 5 \u2013 INFORMA\u021aII DESPRE SERVICIUL CONTRACTUAL<span class=\"ez-toc-section-end\"><\/span><\/h2>\n\n\n\n<p>Costul contractului, inclusiv TVA, este \u2026\u2026\u2026\u2026\u2026\u2026\u2026\u2026.(USD, GBP, EUR)<br>Acest cost include toate serviciile din documentul de rezervare a c\u0103l\u0103toriei (voucher). Detaliile de check-in\/check-out ale hotelului, tururi, orele, detaliile transportului \u0219i starea caz\u0103rii sunt cele men\u021bionate \u00een voucher. Serviciile care nu sunt incluse necesit\u0103 costuri suplimentare.<br>Consumatorul poate renun\u021ba la acord dup\u0103 notificare. \u00cen acest caz, condi\u021biile de anulare vor fi valabile sau consumatorul poate accepta un acord suplimentar \u00een care se vor specifica modific\u0103rile \u0219i impactul asupra pre\u021burilor.<\/p>\n\n\n\n<h2 class=\"wp-block-heading\"><span class=\"ez-toc-section\" id=\"ARTICOLUL_6_%E2%80%93_PLATI\"><\/span>ARTICOLUL 6 \u2013 PL\u0102\u021aI<span class=\"ez-toc-section-end\"><\/span><\/h2>\n\n\n\n<p>La acceptarea rezerv\u0103rii, se va pl\u0103ti un avans de 10% din suma total\u0103. Restul sumei va fi achitat la data prest\u0103rii serviciului. Consumatorul poate pl\u0103ti \u00eentreaga sum\u0103 \u00een avans.<\/p>\n\n\n\n<h2 class=\"wp-block-heading\"><span class=\"ez-toc-section\" id=\"ARTICOLUL_7_%E2%80%93_ANULARE_%E2%80%93_RETRAGERE_%E2%80%93_MODIFICARI\"><\/span>ARTICOLUL 7 \u2013 ANULARE \u2013 RETRAGERE \u2013 MODIFIC\u0102RI<span class=\"ez-toc-section-end\"><\/span><\/h2>\n\n\n\n<p>Consumatorul poate solicita rambursarea complet\u0103 p\u00e2n\u0103 la o lun\u0103 \u00eenainte de prestarea serviciului, cu condi\u021bia ca serviciul s\u0103 nu fi fost achizi\u021bionat cu o CAMPANIE. Dac\u0103 mai sunt mai pu\u021bin de o lun\u0103 p\u00e2n\u0103 la prestarea serviciului, nu se efectueaz\u0103 ramburs\u0103ri. De asemenea, \u00een cazul \u00een care cump\u0103r\u0103torul a achizi\u021bionat serviciul cu o CAMPANIE, mai ieftin dec\u00e2t pre\u021burile normale men\u021bionate pe site, nu se face nicio rambursare, indiferent de termenul solicitat.<br>Cump\u0103r\u0103torul trebuie s\u0103 trimit\u0103 un e-mail la info@cliniccenter.co.uk pentru a utiliza dreptul de retragere.<\/p>\n\n\n\n<h2 class=\"wp-block-heading\"><span class=\"ez-toc-section\" id=\"ARTICOLUL_8_%E2%80%93_FEEDBACK_SI_RECENZII\"><\/span>ARTICOLUL 8 \u2013 FEEDBACK \u0218I RECENZII<span class=\"ez-toc-section-end\"><\/span><\/h2>\n\n\n\n<p>Clinic Center \u00ee\u0219i propune s\u0103 ofere satisfac\u021bie 100% pacien\u021bilor s\u0103i. Clinic Center solicit\u0103 feedback din partea pacien\u021bilor pentru a \u00eembun\u0103t\u0103\u021bi serviciile sale, cu condi\u021bia ca review-urile s\u0103 fie sincere, autentice, utile \u0219i direct legate de serviciile Clinic Center. Clinic Center ac\u021bioneaz\u0103 ca intermediar pentru a oferi tratamente de calitate la furnizori medicali cu pre\u021buri accesibile. Totu\u0219i, Clinic Center nu poate fi \u021binut responsabil pentru serviciile oferite de furnizorii de servicii medicale \u0219i ac\u021biunile acestora.<\/p>\n\n\n\n<p>Prin acceptarea acestor Termeni \u0219i Condi\u021bii, sunte\u021bi de acord s\u0103 nu def\u0103ima\u021bi Clinic Center sau oricare dintre angaja\u021bii s\u0103i \u00een public (site-uri de recenzii, re\u021bele sociale, bloguri, forumuri publice etc.) cu privire la tratamentele \u0219i serviciile furnizate de prestatorii de servicii medicale (medici, personal medical, spitale) \u0219i serviciile hotelului. \u00cen caz de \u00eenc\u0103lcare a acestei clauze, trebuie s\u0103 elimina\u021bi \u0219i s\u0103 retrage\u021bi imediat con\u021binutul, conform evalu\u0103rii \u0219i cererii noastre. Dac\u0103 con\u021binutul r\u0103m\u00e2ne par\u021bial sau integral, sunte\u021bi de acord s\u0103 pl\u0103ti\u021bi 5.000 GBP ca desp\u0103gubiri c\u0103tre Clinic Center.<\/p>\n\n\n\n<h2 class=\"wp-block-heading\"><span class=\"ez-toc-section\" id=\"ARTICOLUL_9_%E2%80%93_FORTA_MAJORA\"><\/span>ARTICOLUL 9 \u2013 FOR\u021aA MAJOR\u0102<span class=\"ez-toc-section-end\"><\/span><\/h2>\n\n\n\n<p>For\u021bele majore, conform legii, sunt condi\u021biile cauzate de evenimente extraordinare \u0219i imprevizibile care \u00eempiedic\u0103 prestarea serviciului, \u00een ciuda tuturor eforturilor posibile. Condi\u021biile ap\u0103rute f\u0103r\u0103 influen\u021ba Clinic Center sunt considerate for\u021b\u0103 major\u0103 pentru Clinic Center.\u00cen cazul \u00een care o for\u021b\u0103 major\u0103 previzibil\u0103 intervine \u0219i serviciul nu poate fi prestat la timpul convenit, acest lucru va fi notificat cump\u0103r\u0103torului. Cump\u0103r\u0103torul poate solicita anularea serviciului, schimbarea acestuia cu unul similar sau am\u00e2narea serviciului p\u00e2n\u0103 la solu\u021bionarea for\u021bei majore. \u00cen cazul \u00een care cump\u0103r\u0103torul anuleaz\u0103 serviciul din aceste motive, dac\u0103 a pl\u0103tit \u00een numerar, va primi banii \u00eenapoi la sf\u00e2r\u0219itul lunii \u00een care a fost solicitat\u0103 anularea. Dac\u0103 a pl\u0103tit cu cardul de credit, suma va fi rambursat\u0103 b\u0103ncii la sf\u00e2r\u0219itul lunii \u00een care a fost solicitat\u0103 anularea, dar poate dura 2-3 s\u0103pt\u0103m\u00e2ni pentru ca banca s\u0103 transfere suma \u00een contul cump\u0103r\u0103torului. \u00cen aceste cazuri, consumatorul nu are drept de desp\u0103gubire, altfel dec\u00e2t prin rambursarea sumei.<\/p>\n\n\n\n<h2 class=\"wp-block-heading\"><span class=\"ez-toc-section\" id=\"ARTICOLUL_10_%E2%80%93_REGULI_GENERALE\"><\/span>ARTICOLUL 10 \u2013 REGULI GENERALE<span class=\"ez-toc-section-end\"><\/span><\/h2>\n\n\n\n<p>1. Clinic Center, dac\u0103 este necesar, are dreptul de a schimba cazarea, mijloacele de transport, punctul de plecare \u0219i alte servicii \u00een cadrul serviciului \u00een func\u021bie de standardele men\u021bionate \u00een program \u0219i de a notifica consumatorul.<br> 2. Clinic Center ac\u021bioneaz\u0103 ca intermediar \u00eentre consumatori \u0219i hoteluri, transportatori \u0219i orice alte ter\u021be p\u0103r\u021bi sau entit\u0103\u021bi legale care furnizeaz\u0103 alte servicii. Este responsabil s\u0103 notifice schimb\u0103rile \u00een termen de 24 de ore. \u00cen cazul unei probleme sau accident, consumatorul va solicita \u0219i va colecta daunele fizice \u0219i emo\u021bionale de la actorii principali. Dac\u0103 consumatorul nu ob\u021bine daunele de la actorii principali, acesta poate apela la Clinic Center, dac\u0103 acesta \u00ee\u0219i asum\u0103 responsabilitatea legal\u0103.<br> 3. Pl\u0103\u021bile se efectueaz\u0103 prin mandat po\u0219tal, TEF sau card de credit, \u00eentr-o singur\u0103 plat\u0103.<br> 4. Condi\u021biile \u0219i pre\u021burile stabilite \u00een acordul de servicii Clinic Center nu pot fi modificate. Totu\u0219i, diferen\u021bele cauzate de schimb\u0103rile fiscale vor fi reflectate ca o cre\u0219tere sau sc\u0103dere a pre\u021bului. Consumatorul va fi notificat despre cre\u0219terea pre\u021bului cu cel pu\u021bin 1 s\u0103pt\u0103m\u00e2n\u0103 \u00eenainte.<br> 5. Clinic Center este responsabil pentru modific\u0103rile care apar dup\u0103 \u00eenceperea prest\u0103rii serviciului achizi\u021bionat de consumator. Clinic Center va rambursa suma modificat\u0103 consumatorului sau va oferi servicii \u00eenlocuitoare.<\/p>\n\n\n\n<h2 class=\"wp-block-heading\"><span class=\"ez-toc-section\" id=\"ARTICOLUL_11_%E2%80%93_ALTE_REGULI\"><\/span>ARTICOLUL 11 \u2013 ALTE REGULI<span class=\"ez-toc-section-end\"><\/span><\/h2>\n\n\n\n<p>1. Pentru condi\u021biile care nu sunt scrise \u00een acest acord, se aplic\u0103 prevederile legisla\u021biei relevante \u00een vigoare, reglement\u0103rile IATA, IHA, conven\u021biile UFTAA, actul de avia\u021bie civil\u0103, acordurile interna\u021bionale care implic\u0103 Turcia \u0219i notific\u0103rile, circularile, reglement\u0103rile \u0219i regulamentele aplicabile. Controversele care apar \u00een urma acordului vor fi solu\u021bionate de instan\u021bele din Ku\u015fadas\u0131 \u2013 Ayd\u0131n.<br> 2. Consumatorul este responsabil pentru corectitudinea numelui men\u021bionat \u00een acord (a\u0219a cum apare \u00een pa\u0219aport).<br> 3. Prezentul acord, reglementat electronic \u00eentre p\u0103r\u021bi, este completat \u0219i acceptat de c\u0103tre ambele p\u0103r\u021bi prin negociere \u0219i verificare.<\/p>\n\n\n\n<p><\/p>\n\n\n\n<p><\/p>\n\n\n\n<p><\/p>\n\n\n\n<p><\/p>\n","protected":false},"excerpt":{"rendered":"<p>ARTICOLUL 1 \u2013 OBIECTUL Prezentul acord a fost \u00eencheiat electronic \u00eentre Ada Sa\u011fl\u0131k Seyahat Sa\u011fl\u0131k Turizmi ve Dan\u0131\u015fmanl\u0131\u011f\u0131 Limited \u015eirketi (\u201eClinic Center\u201d), cu sediul \u00een Inonu Bulvar\u0131 No:8\/2 Kat:3 D:6 Ku\u015fadas\u0131 Ayd\u0131n \u0219i consumatorul\/consumatorii ai c\u0103ror informa\u021bii sunt furnizate mai jos, referitor la serviciul turistic v\u00e2ndut de Clinic Center, a c\u0103rui calitate \u0219i pre\u021b de [&hellip;]<\/p>\n","protected":false},"author":2,"featured_media":0,"parent":0,"menu_order":0,"comment_status":"closed","ping_status":"closed","template":"","meta":{"_uag_custom_page_level_css":"","_lmt_disableupdate":"no","_lmt_disable":"","site-sidebar-layout":"default","site-content-layout":"default","ast-site-content-layout":"default","site-content-style":"default","site-sidebar-style":"default","ast-global-header-display":"","ast-banner-title-visibility":"","ast-main-header-display":"","ast-hfb-above-header-display":"","ast-hfb-below-header-display":"","ast-hfb-mobile-header-display":"","site-post-title":"","ast-breadcrumbs-content":"","ast-featured-img":"","footer-sml-layout":"","theme-transparent-header-meta":"default","adv-header-id-meta":"","stick-header-meta":"","header-above-stick-meta":"","header-main-stick-meta":"","header-below-stick-meta":"","astra-migrate-meta-layouts":"set","ast-page-background-enabled":"default","ast-page-background-meta":{"desktop":{"background-color":"","background-image":"","background-repeat":"repeat","background-position":"center center","background-size":"auto","background-attachment":"scroll","background-type":"","background-media":"","overlay-type":"","overlay-color":"","overlay-opacity":"","overlay-gradient":""},"tablet":{"background-color":"","background-image":"","background-repeat":"repeat","background-position":"center center","background-size":"auto","background-attachment":"scroll","background-type":"","background-media":"","overlay-type":"","overlay-color":"","overlay-opacity":"","overlay-gradient":""},"mobile":{"background-color":"","background-image":"","background-repeat":"repeat","background-position":"center center","background-size":"auto","background-attachment":"scroll","background-type":"","background-media":"","overlay-type":"","overlay-color":"","overlay-opacity":"","overlay-gradient":""}},"ast-content-background-meta":{"desktop":{"background-color":"var(--ast-global-color-5)","background-image":"","background-repeat":"repeat","background-position":"center center","background-size":"auto","background-attachment":"scroll","background-type":"","background-media":"","overlay-type":"","overlay-color":"","overlay-opacity":"","overlay-gradient":""},"tablet":{"background-color":"var(--ast-global-color-5)","background-image":"","background-repeat":"repeat","background-position":"center center","background-size":"auto","background-attachment":"scroll","background-type":"","background-media":"","overlay-type":"","overlay-color":"","overlay-opacity":"","overlay-gradient":""},"mobile":{"background-color":"var(--ast-global-color-5)","background-image":"","background-repeat":"repeat","background-position":"center center","background-size":"auto","background-attachment":"scroll","background-type":"","background-media":"","overlay-type":"","overlay-color":"","overlay-opacity":"","overlay-gradient":""}},"footnotes":""},"class_list":["post-59443","page","type-page","status-publish","hentry"],"yoast_head":"<!-- This site is optimized with the Yoast SEO plugin v25.3.1 - https:\/\/yoast.com\/wordpress\/plugins\/seo\/ -->\n<title>Acord de Servicii -<\/title>\n<meta name=\"robots\" content=\"index, follow, max-snippet:-1, max-image-preview:large, max-video-preview:-1\" \/>\n<link rel=\"canonical\" href=\"https:\/\/cliniccenter.co.uk\/ro\/acord-de-servicii\/\" \/>\n<meta property=\"og:locale\" content=\"ro_RO\" \/>\n<meta property=\"og:type\" content=\"article\" \/>\n<meta property=\"og:title\" content=\"Acord de Servicii -\" \/>\n<meta property=\"og:description\" content=\"ARTICOLUL 1 \u2013 OBIECTUL Prezentul acord a fost \u00eencheiat electronic \u00eentre Ada Sa\u011fl\u0131k Seyahat Sa\u011fl\u0131k Turizmi ve Dan\u0131\u015fmanl\u0131\u011f\u0131 Limited \u015eirketi (\u201eClinic Center\u201d), cu sediul \u00een Inonu Bulvar\u0131 No:8\/2 Kat:3 D:6 Ku\u015fadas\u0131 Ayd\u0131n \u0219i consumatorul\/consumatorii ai c\u0103ror informa\u021bii sunt furnizate mai jos, referitor la serviciul turistic v\u00e2ndut de Clinic Center, a c\u0103rui calitate \u0219i pre\u021b de [&hellip;]\" \/>\n<meta property=\"og:url\" content=\"https:\/\/cliniccenter.co.uk\/ro\/acord-de-servicii\/\" \/>\n<meta property=\"article:publisher\" content=\"https:\/\/www.facebook.com\/cliniccenter.co.uk\/\" \/>\n<meta property=\"article:modified_time\" content=\"2025-04-10T11:26:46+00:00\" \/>\n<meta name=\"twitter:card\" content=\"summary_large_image\" \/>\n<meta name=\"twitter:site\" content=\"@cliniccenteruk\" \/>\n<meta name=\"twitter:label1\" content=\"Timp estimat pentru citire\" \/>\n\t<meta name=\"twitter:data1\" content=\"5 minute\" \/>\n<!-- \/ Yoast SEO plugin. -->","yoast_head_json":{"title":"Acord de Servicii -","robots":{"index":"index","follow":"follow","max-snippet":"max-snippet:-1","max-image-preview":"max-image-preview:large","max-video-preview":"max-video-preview:-1"},"canonical":"https:\/\/cliniccenter.co.uk\/ro\/acord-de-servicii\/","og_locale":"ro_RO","og_type":"article","og_title":"Acord de Servicii -","og_description":"ARTICOLUL 1 \u2013 OBIECTUL Prezentul acord a fost \u00eencheiat electronic \u00eentre Ada Sa\u011fl\u0131k Seyahat Sa\u011fl\u0131k Turizmi ve Dan\u0131\u015fmanl\u0131\u011f\u0131 Limited \u015eirketi (\u201eClinic Center\u201d), cu sediul \u00een Inonu Bulvar\u0131 No:8\/2 Kat:3 D:6 Ku\u015fadas\u0131 Ayd\u0131n \u0219i consumatorul\/consumatorii ai c\u0103ror informa\u021bii sunt furnizate mai jos, referitor la serviciul turistic v\u00e2ndut de Clinic Center, a c\u0103rui calitate \u0219i pre\u021b de [&hellip;]","og_url":"https:\/\/cliniccenter.co.uk\/ro\/acord-de-servicii\/","article_publisher":"https:\/\/www.facebook.com\/cliniccenter.co.uk\/","article_modified_time":"2025-04-10T11:26:46+00:00","twitter_card":"summary_large_image","twitter_site":"@cliniccenteruk","twitter_misc":{"Timp estimat pentru citire":"5 minute"},"schema":{"@context":"https:\/\/schema.org","@graph":[{"@type":"WebPage","@id":"https:\/\/cliniccenter.co.uk\/ro\/acord-de-servicii\/","url":"https:\/\/cliniccenter.co.uk\/ro\/acord-de-servicii\/","name":"Acord de Servicii -","isPartOf":{"@id":"https:\/\/cliniccenter.co.uk\/ro\/#website"},"datePublished":"2018-02-26T06:43:34+00:00","dateModified":"2025-04-10T11:26:46+00:00","breadcrumb":{"@id":"https:\/\/cliniccenter.co.uk\/ro\/acord-de-servicii\/#breadcrumb"},"inLanguage":"ro-RO","potentialAction":[{"@type":"ReadAction","target":["https:\/\/cliniccenter.co.uk\/ro\/acord-de-servicii\/"]}]},{"@type":"BreadcrumbList","@id":"https:\/\/cliniccenter.co.uk\/ro\/acord-de-servicii\/#breadcrumb","itemListElement":[{"@type":"ListItem","position":1,"name":"Home","item":"https:\/\/cliniccenter.co.uk\/ro\/"},{"@type":"ListItem","position":2,"name":"Acord de Servicii"}]},{"@type":"WebSite","@id":"https:\/\/cliniccenter.co.uk\/ro\/#website","url":"https:\/\/cliniccenter.co.uk\/ro\/","name":"","description":"","potentialAction":[{"@type":"SearchAction","target":{"@type":"EntryPoint","urlTemplate":"https:\/\/cliniccenter.co.uk\/ro\/?s={search_term_string}"},"query-input":{"@type":"PropertyValueSpecification","valueRequired":true,"valueName":"search_term_string"}}],"inLanguage":"ro-RO"}]}},"uagb_featured_image_src":{"full":false,"thumbnail":false,"medium":false,"medium_large":false,"large":false,"1536x1536":false,"2048x2048":false},"uagb_author_info":{"display_name":"Sertac Ceki","author_link":"https:\/\/cliniccenter.co.uk\/ro\/blog\/author\/sertaccliniccenter-co-uk\/"},"uagb_comment_info":0,"uagb_excerpt":"ARTICOLUL 1 \u2013 OBIECTUL Prezentul acord a fost \u00eencheiat electronic \u00eentre Ada Sa\u011fl\u0131k Seyahat Sa\u011fl\u0131k Turizmi ve Dan\u0131\u015fmanl\u0131\u011f\u0131 Limited \u015eirketi (\u201eClinic Center\u201d), cu sediul \u00een Inonu Bulvar\u0131 No:8\/2 Kat:3 D:6 Ku\u015fadas\u0131 Ayd\u0131n \u0219i consumatorul\/consumatorii ai c\u0103ror informa\u021bii sunt furnizate mai jos, referitor la serviciul turistic v\u00e2ndut de Clinic Center, a c\u0103rui calitate \u0219i pre\u021b de&hellip;","_links":{"self":[{"href":"https:\/\/cliniccenter.co.uk\/ro\/wp-json\/wp\/v2\/pages\/59443"}],"collection":[{"href":"https:\/\/cliniccenter.co.uk\/ro\/wp-json\/wp\/v2\/pages"}],"about":[{"href":"https:\/\/cliniccenter.co.uk\/ro\/wp-json\/wp\/v2\/types\/page"}],"author":[{"embeddable":true,"href":"https:\/\/cliniccenter.co.uk\/ro\/wp-json\/wp\/v2\/users\/2"}],"replies":[{"embeddable":true,"href":"https:\/\/cliniccenter.co.uk\/ro\/wp-json\/wp\/v2\/comments?post=59443"}],"version-history":[{"count":1,"href":"https:\/\/cliniccenter.co.uk\/ro\/wp-json\/wp\/v2\/pages\/59443\/revisions"}],"predecessor-version":[{"id":59445,"href":"https:\/\/cliniccenter.co.uk\/ro\/wp-json\/wp\/v2\/pages\/59443\/revisions\/59445"}],"wp:attachment":[{"href":"https:\/\/cliniccenter.co.uk\/ro\/wp-json\/wp\/v2\/media?parent=59443"}],"curies":[{"name":"wp","href":"https:\/\/api.w.org\/{rel}","templated":true}]}}