{"id":59447,"date":"2018-02-26T06:54:23","date_gmt":"2018-02-26T06:54:23","guid":{"rendered":"https:\/\/cliniccenter.co.uk\/use-policy\/"},"modified":"2025-04-10T12:05:36","modified_gmt":"2025-04-10T12:05:36","slug":"politica-de-utilizare","status":"publish","type":"page","link":"https:\/\/cliniccenter.co.uk\/ro\/politica-de-utilizare\/","title":{"rendered":"Politica de Utilizare"},"content":{"rendered":"<p><span style=\"font-weight: 400;\">Acest site web este pus la dispozi\u021bie cu condi\u021bia ca utilizatorul de internet s\u0103 accepte urm\u0103toarele condi\u021bii. Oricare utilizator care utilizeaz\u0103 site-ul www.cliniccenter.co.uk este considerat a accepta aceste condi\u021bii.<\/span><\/p>\n<h2><span class=\"ez-toc-section\" id=\"Drepturi_de_Autor\"><\/span>Drepturi de Autor<span class=\"ez-toc-section-end\"><\/span><\/h2>\n<p><span style=\"font-weight: 400;\">Drepturile complete ale site-ului www.cliniccenter.co.uk apar\u021bin Clinic Center. Toate produsele software, scrierile, articolele, fotografiile, imaginile, documentele \u0219i alte tipuri de proprietate intelectual\u0103 care sunt \u00een con\u021binutul site-ului www.cliniccenter.co.uk sunt protejate conform legisla\u021biei legale privind drepturile de autor. Niciunul dintre aceste produse nu poate fi utilizat f\u0103r\u0103 permisiunea scris\u0103 a Clinic Center. Copierea, reproducerea, utilizarea f\u0103r\u0103 notificare \u0219i permisiune \u0219i distribuirea acestor produse pentru orice scop este interzis\u0103 prin lege.<\/span><\/p><div id=\"ez-toc-container\" class=\"ez-toc-v2_0_80 counter-hierarchy ez-toc-counter ez-toc-grey ez-toc-container-direction\">\n<div class=\"ez-toc-title-container\">\n<p class=\"ez-toc-title\" style=\"cursor:inherit\">Table of Contents<\/p>\n<span class=\"ez-toc-title-toggle\"><a href=\"#\" class=\"ez-toc-pull-right ez-toc-btn ez-toc-btn-xs ez-toc-btn-default ez-toc-toggle\" aria-label=\"Toggle Table of Content\"><span class=\"ez-toc-js-icon-con\"><span class=\"\"><span class=\"eztoc-hide\" style=\"display:none;\">Toggle<\/span><span class=\"ez-toc-icon-toggle-span\"><svg style=\"fill: #999;color:#999\" xmlns=\"http:\/\/www.w3.org\/2000\/svg\" class=\"list-377408\" width=\"20px\" height=\"20px\" viewBox=\"0 0 24 24\" fill=\"none\"><path d=\"M6 6H4v2h2V6zm14 0H8v2h12V6zM4 11h2v2H4v-2zm16 0H8v2h12v-2zM4 16h2v2H4v-2zm16 0H8v2h12v-2z\" fill=\"currentColor\"><\/path><\/svg><svg style=\"fill: #999;color:#999\" class=\"arrow-unsorted-368013\" xmlns=\"http:\/\/www.w3.org\/2000\/svg\" width=\"10px\" height=\"10px\" viewBox=\"0 0 24 24\" version=\"1.2\" baseProfile=\"tiny\"><path d=\"M18.2 9.3l-6.2-6.3-6.2 6.3c-.2.2-.3.4-.3.7s.1.5.3.7c.2.2.4.3.7.3h11c.3 0 .5-.1.7-.3.2-.2.3-.5.3-.7s-.1-.5-.3-.7zM5.8 14.7l6.2 6.3 6.2-6.3c.2-.2.3-.5.3-.7s-.1-.5-.3-.7c-.2-.2-.4-.3-.7-.3h-11c-.3 0-.5.1-.7.3-.2.2-.3.5-.3.7s.1.5.3.7z\"\/><\/svg><\/span><\/span><\/span><\/a><\/span><\/div>\n<nav><ul class='ez-toc-list ez-toc-list-level-1 ' ><li class='ez-toc-page-1 ez-toc-heading-level-2'><a class=\"ez-toc-link ez-toc-heading-1\" href=\"https:\/\/cliniccenter.co.uk\/ro\/politica-de-utilizare\/#Drepturi_de_Autor\" >Drepturi de Autor<\/a><\/li><li class='ez-toc-page-1 ez-toc-heading-level-2'><a class=\"ez-toc-link ez-toc-heading-2\" href=\"https:\/\/cliniccenter.co.uk\/ro\/politica-de-utilizare\/#Referitor_la_Utilizarea_Non-personala_si_Non-comerciala\" >Referitor la Utilizarea Non-personal\u0103 \u0219i Non-comercial\u0103<\/a><\/li><li class='ez-toc-page-1 ez-toc-heading-level-2'><a class=\"ez-toc-link ez-toc-heading-3\" href=\"https:\/\/cliniccenter.co.uk\/ro\/politica-de-utilizare\/#Obligatiile_Utilizatorului\" >Obliga\u021biile Utilizatorului<\/a><\/li><li class='ez-toc-page-1 ez-toc-heading-level-2'><a class=\"ez-toc-link ez-toc-heading-4\" href=\"https:\/\/cliniccenter.co.uk\/ro\/politica-de-utilizare\/#Referitor_la_Legaturile_Catre_Site-uri_Ale_Tertilor\" >Referitor la Leg\u0103turile C\u0103tre Site-uri Ale Ter\u021bilor<\/a><\/li><li class='ez-toc-page-1 ez-toc-heading-level-2'><a class=\"ez-toc-link ez-toc-heading-5\" href=\"https:\/\/cliniccenter.co.uk\/ro\/politica-de-utilizare\/#Referitor_la_Informatiile_Trimise_de_Utilizatori_Catre_wwwcliniccentercouk\" >Referitor la Informa\u021biile Trimise de Utilizatori C\u0103tre www.cliniccenter.co.uk<\/a><\/li><li class='ez-toc-page-1 ez-toc-heading-level-2'><a class=\"ez-toc-link ez-toc-heading-6\" href=\"https:\/\/cliniccenter.co.uk\/ro\/politica-de-utilizare\/#Securitatea_Achizitiilor\" >Securitatea Achizi\u021biilor<\/a><\/li><li class='ez-toc-page-1 ez-toc-heading-level-2'><a class=\"ez-toc-link ez-toc-heading-7\" href=\"https:\/\/cliniccenter.co.uk\/ro\/politica-de-utilizare\/#Drepturi_si_Obligatii\" >Drepturi \u0219i Obliga\u021bii<\/a><\/li><\/ul><\/nav><\/div>\n\n<h2><span class=\"ez-toc-section\" id=\"Referitor_la_Utilizarea_Non-personala_si_Non-comerciala\"><\/span>Referitor la Utilizarea Non-personal\u0103 \u0219i Non-comercial\u0103<span class=\"ez-toc-section-end\"><\/span><\/h2>\n<p><span style=\"font-weight: 400;\">Este permis\u0103 doar o copie pentru scopuri non-personale \u0219i non-comerciale. \u00cen aceast\u0103 copie, este obligatoriu s\u0103 se men\u021bioneze c\u0103 Clinic Center este marca comercial\u0103 sau proprietarul drepturilor de autor.<\/span><\/p>\n<h2><span class=\"ez-toc-section\" id=\"Obligatiile_Utilizatorului\"><\/span>Obliga\u021biile Utilizatorului<span class=\"ez-toc-section-end\"><\/span><\/h2>\n<p><span style=\"font-weight: 400;\">Utilizatorul garanteaz\u0103 c\u0103 toate informa\u021biile pe care le furnizeaz\u0103 pe site-ul www.cliniccenter.co.uk sunt corecte. Utilizatorul este responsabil pentru toate procedurile sale \u0219i pentru toate posibilele consecin\u021be ale acestor proceduri.<\/span><\/p>\n<p><span style=\"font-weight: 400;\">De\u0219i site-ul www.cliniccenter.co.uk este actualizat frecvent, informa\u021biile despre pachete, pre\u021buri, condi\u021bii de plat\u0103 \u0219i campanii sunt reprezentative. Clinic Center nu poate fi considerat\u0103 responsabil\u0103 pentru deficien\u021bele sau gre\u0219elile rezultate din erori tipografice sau actualiz\u0103ri \u00eent\u00e2rziate. \u00cen caz de rezervare, sunt valabile condi\u021biile fiec\u0103rui produs \u0219i furnizor de produs. \u00cen cazul \u00een care utilizatorul dore\u0219te s\u0103 fac\u0103 o rezervare pentru un anumit produs, acesta este considerat a accepta condi\u021biile furnizorului de produs pentru care face rezervarea.<\/span><\/p>\n<h2><span class=\"ez-toc-section\" id=\"Referitor_la_Legaturile_Catre_Site-uri_Ale_Tertilor\"><\/span>Referitor la Leg\u0103turile C\u0103tre Site-uri Ale Ter\u021bilor<span class=\"ez-toc-section-end\"><\/span><\/h2>\n<p><span style=\"font-weight: 400;\">Pe site-ul www.cliniccenter.co.uk pot exista leg\u0103turi c\u0103tre alte site-uri, direct sau indirect. Scopul acestor leg\u0103turi este de a oferi informa\u021bii sau publicitate. Con\u021binutul site-urilor conectate de la www.cliniccenter.co.uk este sub responsabilitatea acestora. Clinic Center nu poate fi considerat\u0103 responsabil\u0103 pentru con\u021binutul acestor site-uri \u0219i pentru orice problem\u0103 care ar rezulta din utilizarea acestora.<\/span><\/p>\n<h2><span class=\"ez-toc-section\" id=\"Referitor_la_Informatiile_Trimise_de_Utilizatori_Catre_wwwcliniccentercouk\"><\/span>Referitor la Informa\u021biile Trimise de Utilizatori C\u0103tre www.cliniccenter.co.uk<span class=\"ez-toc-section-end\"><\/span><\/h2>\n<p><span style=\"font-weight: 400;\">Pe site-ul www.cliniccenter.co.uk exist\u0103 formulare completate online \u0219i trimise de utilizatori, pagini de chat \u00een care utilizatorii comunic\u0103 cu lucr\u0103torii www.cliniccenter.co.uk \u0219i pagini de sugestii \u0219i reclama\u021bii. Utilizatorii nu au dreptul de a folosi limbaj injurios, amenin\u021b\u0103tor, provocator, perturbator \u0219i niciun alt tip de con\u021binut ilegal, precum \u0219i de a afecta drepturile legale \u0219i personale ale altora. Aceste formulare \u0219i pagini sunt considerate proprietate intelectual\u0103 a Ada Sa\u011fl\u0131k Seyahat Sa\u011fl\u0131k Turizmi ve Dan\u0131\u015fmanl\u0131\u011f\u0131 Limited \u015eirketi, proprietarul site-ului www.cliniccenter.co.uk. Prin urmare, utilizarea acestor formulare \u0219i pagini pe alte site-uri sau utilizarea acestora ca exemple pentru reproducere este interzis\u0103. Utilizatorii de internet nu au dreptul de a vinde un produs sau un serviciu, de a face publicitate \u00een scopuri comerciale, de a desf\u0103\u0219ura orice tip de activitate comercial\u0103 folosind aceste pagini.<\/span><\/p>\n<h2><span class=\"ez-toc-section\" id=\"Securitatea_Achizitiilor\"><\/span>Securitatea Achizi\u021biilor<span class=\"ez-toc-section-end\"><\/span><\/h2>\n<p><span style=\"font-weight: 400;\">Atunci c\u00e2nd efectua\u021bi cump\u0103r\u0103turi pe www.cliniccenter.co.uk, datele dumneavoastr\u0103 personale sunt protejate at\u00e2t online c\u00e2t \u0219i offline. Datele furnizate pentru procesele de membru \u0219i rezervare sunt protejate prin sistemul de securitate SSL. Nu este posibil ca datele dumneavoastr\u0103 personale de client s\u0103 fie vizualizate sau interfe\u021bate de ter\u021bi. Pentru a oferi aceast\u0103 securitate, procedurile de \u00eenregistrare sunt efectuate \u00eentr-o zon\u0103 securizat\u0103 SSL de 128 de bi\u021bi. Este un sistem de codificare imposibil de spart \u0219i, de asemenea, este un standard interna\u021bional. Toate datele \u0219i informa\u021biile pe care le utiliza\u021bi \u00een procedurile de pe www.cliniccenter.co.uk sunt protejate prin codificare. Aceste date pot fi utilizate doar \u00een func\u021bie de procesul de achizi\u021bie \u0219i conform directivelor pe care le furniza\u021bi. Datele nu pot fi divulgate sau transferate ter\u021bilor, ele sunt doar transmise b\u0103ncii corespunz\u0103toare.<\/span><\/p>\n<h2><span class=\"ez-toc-section\" id=\"Drepturi_si_Obligatii\"><\/span>Drepturi \u0219i Obliga\u021bii<span class=\"ez-toc-section-end\"><\/span><\/h2>\n<p><span style=\"font-weight: 400;\">www.cliniccenter.co.uk depune toate eforturile rezonabile pentru a controla acurate\u021bea \u00eentregului con\u021binut de pe site. Totu\u0219i, nici www.cliniccenter.co.uk, nici proprietarul Ada Sa\u011fl\u0131k Seyahat Sa\u011fl\u0131k Turizmi ve Dan\u0131\u015fmanl\u0131\u011f\u0131 Limited \u015eirketi nu pot fi considera\u021bi responsabili pentru gre\u0219elile de informa\u021bii \u0219i pre\u021buri de pe site. www.cliniccenter.co.uk poate face modific\u0103ri \u0219i inova\u021bii pe paginile sale \u00een orice moment. www.cliniccenter.co.uk \u0219i proprietarul Ada Sa\u011fl\u0131k Seyahat Sa\u011fl\u0131k Turizmi ve Dan\u0131\u015fmanl\u0131\u011f\u0131 Limited \u015eirketi nu pot fi considera\u021bi responsabili pentru erori de rezervare, v\u00e2nzare sau informa\u021bii rezultate din aceste schimb\u0103ri.<br \/>\n<\/span><span style=\"font-weight: 400;\">www.cliniccenter.co.uk \u0219i proprietarul Ada Sa\u011fl\u0131k Seyahat Sa\u011fl\u0131k Turizmi ve Dan\u0131\u015fmanl\u0131\u011f\u0131 Limited \u015eirketi nu pot fi considera\u021bi responsabili pentru daune financiare \u0219i emo\u021bionale directe sau indirecte care pot rezulta din utilizarea site-ului.<br \/>\n<\/span><b>Aceste condi\u021bii devin efective imediat ce utilizatorul \u00eencepe s\u0103 utilizeze site-ul www.cliniccenter.co.uk.<br \/>\n<\/b><span style=\"font-weight: 400;\">Clinic Center are dreptul de a schimba aceste condi\u021bii \u00een orice moment.<\/span><span style=\"font-weight: 400;\"><br \/>\n<\/span><span style=\"font-weight: 400;\">Drepturi de Autor\u00a9 Clinic Center<br \/>\n<\/span><span style=\"font-weight: 400;\">Toate drepturile de utilizare \u0219i con\u021binut ale site-ului www.cliniccenter.co.uk sunt rezervate. Toate drepturile site-ului apar\u021bin proprietarului Ada Sa\u011fl\u0131k Seyahat Sa\u011fl\u0131k Turizmi ve Dan\u0131\u015fmanl\u0131\u011f\u0131 Limited \u015eirketi. Utilizarea site-ului f\u0103r\u0103 permisiune este interzis\u0103 prin lege.<\/span><\/p>\n","protected":false},"excerpt":{"rendered":"<p>Acest site web este pus la dispozi\u021bie cu condi\u021bia ca utilizatorul de internet s\u0103 accepte urm\u0103toarele condi\u021bii. Oricare utilizator care utilizeaz\u0103 site-ul www.cliniccenter.co.uk este considerat a accepta aceste condi\u021bii. Drepturi de Autor Drepturile complete ale site-ului www.cliniccenter.co.uk apar\u021bin Clinic Center. Toate produsele software, scrierile, articolele, fotografiile, imaginile, documentele \u0219i alte tipuri de proprietate intelectual\u0103 care [&hellip;]<\/p>\n","protected":false},"author":2,"featured_media":0,"parent":0,"menu_order":0,"comment_status":"closed","ping_status":"closed","template":"","meta":{"_uag_custom_page_level_css":"","_lmt_disableupdate":"no","_lmt_disable":"","site-sidebar-layout":"default","site-content-layout":"default","ast-site-content-layout":"default","site-content-style":"default","site-sidebar-style":"default","ast-global-header-display":"","ast-banner-title-visibility":"","ast-main-header-display":"","ast-hfb-above-header-display":"","ast-hfb-below-header-display":"","ast-hfb-mobile-header-display":"","site-post-title":"","ast-breadcrumbs-content":"","ast-featured-img":"","footer-sml-layout":"","theme-transparent-header-meta":"default","adv-header-id-meta":"","stick-header-meta":"","header-above-stick-meta":"","header-main-stick-meta":"","header-below-stick-meta":"","astra-migrate-meta-layouts":"set","ast-page-background-enabled":"default","ast-page-background-meta":{"desktop":{"background-color":"","background-image":"","background-repeat":"repeat","background-position":"center center","background-size":"auto","background-attachment":"scroll","background-type":"","background-media":"","overlay-type":"","overlay-color":"","overlay-opacity":"","overlay-gradient":""},"tablet":{"background-color":"","background-image":"","background-repeat":"repeat","background-position":"center center","background-size":"auto","background-attachment":"scroll","background-type":"","background-media":"","overlay-type":"","overlay-color":"","overlay-opacity":"","overlay-gradient":""},"mobile":{"background-color":"","background-image":"","background-repeat":"repeat","background-position":"center center","background-size":"auto","background-attachment":"scroll","background-type":"","background-media":"","overlay-type":"","overlay-color":"","overlay-opacity":"","overlay-gradient":""}},"ast-content-background-meta":{"desktop":{"background-color":"var(--ast-global-color-5)","background-image":"","background-repeat":"repeat","background-position":"center center","background-size":"auto","background-attachment":"scroll","background-type":"","background-media":"","overlay-type":"","overlay-color":"","overlay-opacity":"","overlay-gradient":""},"tablet":{"background-color":"var(--ast-global-color-5)","background-image":"","background-repeat":"repeat","background-position":"center center","background-size":"auto","background-attachment":"scroll","background-type":"","background-media":"","overlay-type":"","overlay-color":"","overlay-opacity":"","overlay-gradient":""},"mobile":{"background-color":"var(--ast-global-color-5)","background-image":"","background-repeat":"repeat","background-position":"center center","background-size":"auto","background-attachment":"scroll","background-type":"","background-media":"","overlay-type":"","overlay-color":"","overlay-opacity":"","overlay-gradient":""}},"footnotes":""},"class_list":["post-59447","page","type-page","status-publish","hentry"],"yoast_head":"<!-- This site is optimized with the Yoast SEO plugin v25.3.1 - https:\/\/yoast.com\/wordpress\/plugins\/seo\/ -->\n<title>Politica de Utilizare -<\/title>\n<meta name=\"robots\" content=\"index, follow, max-snippet:-1, max-image-preview:large, max-video-preview:-1\" \/>\n<link rel=\"canonical\" href=\"https:\/\/cliniccenter.co.uk\/ro\/politica-de-utilizare\/\" \/>\n<meta property=\"og:locale\" content=\"ro_RO\" \/>\n<meta property=\"og:type\" content=\"article\" \/>\n<meta property=\"og:title\" content=\"Politica de Utilizare -\" \/>\n<meta property=\"og:description\" content=\"Acest site web este pus la dispozi\u021bie cu condi\u021bia ca utilizatorul de internet s\u0103 accepte urm\u0103toarele condi\u021bii. Oricare utilizator care utilizeaz\u0103 site-ul www.cliniccenter.co.uk este considerat a accepta aceste condi\u021bii. Drepturi de Autor Drepturile complete ale site-ului www.cliniccenter.co.uk apar\u021bin Clinic Center. Toate produsele software, scrierile, articolele, fotografiile, imaginile, documentele \u0219i alte tipuri de proprietate intelectual\u0103 care [&hellip;]\" \/>\n<meta property=\"og:url\" content=\"https:\/\/cliniccenter.co.uk\/ro\/politica-de-utilizare\/\" \/>\n<meta property=\"article:publisher\" content=\"https:\/\/www.facebook.com\/cliniccenter.co.uk\/\" \/>\n<meta property=\"article:modified_time\" content=\"2025-04-10T12:05:36+00:00\" \/>\n<meta name=\"twitter:card\" content=\"summary_large_image\" \/>\n<meta name=\"twitter:site\" content=\"@cliniccenteruk\" \/>\n<meta name=\"twitter:label1\" content=\"Timp estimat pentru citire\" \/>\n\t<meta name=\"twitter:data1\" content=\"4 minute\" \/>\n<!-- \/ Yoast SEO plugin. -->","yoast_head_json":{"title":"Politica de Utilizare -","robots":{"index":"index","follow":"follow","max-snippet":"max-snippet:-1","max-image-preview":"max-image-preview:large","max-video-preview":"max-video-preview:-1"},"canonical":"https:\/\/cliniccenter.co.uk\/ro\/politica-de-utilizare\/","og_locale":"ro_RO","og_type":"article","og_title":"Politica de Utilizare -","og_description":"Acest site web este pus la dispozi\u021bie cu condi\u021bia ca utilizatorul de internet s\u0103 accepte urm\u0103toarele condi\u021bii. Oricare utilizator care utilizeaz\u0103 site-ul www.cliniccenter.co.uk este considerat a accepta aceste condi\u021bii. Drepturi de Autor Drepturile complete ale site-ului www.cliniccenter.co.uk apar\u021bin Clinic Center. Toate produsele software, scrierile, articolele, fotografiile, imaginile, documentele \u0219i alte tipuri de proprietate intelectual\u0103 care [&hellip;]","og_url":"https:\/\/cliniccenter.co.uk\/ro\/politica-de-utilizare\/","article_publisher":"https:\/\/www.facebook.com\/cliniccenter.co.uk\/","article_modified_time":"2025-04-10T12:05:36+00:00","twitter_card":"summary_large_image","twitter_site":"@cliniccenteruk","twitter_misc":{"Timp estimat pentru citire":"4 minute"},"schema":{"@context":"https:\/\/schema.org","@graph":[{"@type":"WebPage","@id":"https:\/\/cliniccenter.co.uk\/ro\/politica-de-utilizare\/","url":"https:\/\/cliniccenter.co.uk\/ro\/politica-de-utilizare\/","name":"Politica de Utilizare -","isPartOf":{"@id":"https:\/\/cliniccenter.co.uk\/ro\/#website"},"datePublished":"2018-02-26T06:54:23+00:00","dateModified":"2025-04-10T12:05:36+00:00","breadcrumb":{"@id":"https:\/\/cliniccenter.co.uk\/ro\/politica-de-utilizare\/#breadcrumb"},"inLanguage":"ro-RO","potentialAction":[{"@type":"ReadAction","target":["https:\/\/cliniccenter.co.uk\/ro\/politica-de-utilizare\/"]}]},{"@type":"BreadcrumbList","@id":"https:\/\/cliniccenter.co.uk\/ro\/politica-de-utilizare\/#breadcrumb","itemListElement":[{"@type":"ListItem","position":1,"name":"Home","item":"https:\/\/cliniccenter.co.uk\/ro\/"},{"@type":"ListItem","position":2,"name":"Politica de Utilizare"}]},{"@type":"WebSite","@id":"https:\/\/cliniccenter.co.uk\/ro\/#website","url":"https:\/\/cliniccenter.co.uk\/ro\/","name":"","description":"","potentialAction":[{"@type":"SearchAction","target":{"@type":"EntryPoint","urlTemplate":"https:\/\/cliniccenter.co.uk\/ro\/?s={search_term_string}"},"query-input":{"@type":"PropertyValueSpecification","valueRequired":true,"valueName":"search_term_string"}}],"inLanguage":"ro-RO"}]}},"uagb_featured_image_src":{"full":false,"thumbnail":false,"medium":false,"medium_large":false,"large":false,"1536x1536":false,"2048x2048":false},"uagb_author_info":{"display_name":"Sertac Ceki","author_link":"https:\/\/cliniccenter.co.uk\/ro\/blog\/author\/sertaccliniccenter-co-uk\/"},"uagb_comment_info":0,"uagb_excerpt":"Acest site web este pus la dispozi\u021bie cu condi\u021bia ca utilizatorul de internet s\u0103 accepte urm\u0103toarele condi\u021bii. Oricare utilizator care utilizeaz\u0103 site-ul www.cliniccenter.co.uk este considerat a accepta aceste condi\u021bii. Drepturi de Autor Drepturile complete ale site-ului www.cliniccenter.co.uk apar\u021bin Clinic Center. Toate produsele software, scrierile, articolele, fotografiile, imaginile, documentele \u0219i alte tipuri de proprietate intelectual\u0103 care&hellip;","_links":{"self":[{"href":"https:\/\/cliniccenter.co.uk\/ro\/wp-json\/wp\/v2\/pages\/59447"}],"collection":[{"href":"https:\/\/cliniccenter.co.uk\/ro\/wp-json\/wp\/v2\/pages"}],"about":[{"href":"https:\/\/cliniccenter.co.uk\/ro\/wp-json\/wp\/v2\/types\/page"}],"author":[{"embeddable":true,"href":"https:\/\/cliniccenter.co.uk\/ro\/wp-json\/wp\/v2\/users\/2"}],"replies":[{"embeddable":true,"href":"https:\/\/cliniccenter.co.uk\/ro\/wp-json\/wp\/v2\/comments?post=59447"}],"version-history":[{"count":1,"href":"https:\/\/cliniccenter.co.uk\/ro\/wp-json\/wp\/v2\/pages\/59447\/revisions"}],"predecessor-version":[{"id":59449,"href":"https:\/\/cliniccenter.co.uk\/ro\/wp-json\/wp\/v2\/pages\/59447\/revisions\/59449"}],"wp:attachment":[{"href":"https:\/\/cliniccenter.co.uk\/ro\/wp-json\/wp\/v2\/media?parent=59447"}],"curies":[{"name":"wp","href":"https:\/\/api.w.org\/{rel}","templated":true}]}}