{"id":59574,"date":"2015-08-14T06:43:08","date_gmt":"2015-08-14T06:43:08","guid":{"rendered":"https:\/\/cliniccenter.co.uk\/merci\/"},"modified":"2025-04-15T07:41:58","modified_gmt":"2025-04-15T07:41:58","slug":"va-multumim","status":"publish","type":"page","link":"https:\/\/cliniccenter.co.uk\/ro\/va-multumim\/","title":{"rendered":"V\u0103 mul\u021bumim c\u0103 ne-a\u021bi contactat"},"content":{"rendered":"\n<p><\/p>\n\n\n\n<p>V\u0103 mul\u021bumim c\u0103 a\u021bi contactat Clinic Center pentru tratamentul dumneavoastr\u0103 \u00een Turcia. Am primit solicitarea dumneavoastr\u0103 \u0219i v\u0103 vom r\u0103spunde \u00een termen de 24 de ore.<\/p>\n\n\n\n<p>Pentru \u00eentreb\u0103ri urgente, v\u0103 rug\u0103m s\u0103 ne suna\u021bi la num\u0103rul de telefon de mai jos:<\/p>\n\n\n\n<p>+44 20 3575 1039<\/p>\n\n\n\n<p>Echipa Clinic Center<\/p>\n\n\n\n<p><\/p>\n\n\n\n<p><\/p>\n","protected":false},"excerpt":{"rendered":"<p>V\u0103 mul\u021bumim c\u0103 a\u021bi contactat Clinic Center pentru tratamentul dumneavoastr\u0103 \u00een Turcia. Am primit solicitarea dumneavoastr\u0103 \u0219i v\u0103 vom r\u0103spunde \u00een termen de 24 de ore. Pentru \u00eentreb\u0103ri urgente, v\u0103 rug\u0103m s\u0103 ne suna\u021bi la num\u0103rul de telefon de mai jos: +44 20 3575 1039 Echipa Clinic Center<\/p>\n","protected":false},"author":1,"featured_media":0,"parent":0,"menu_order":0,"comment_status":"closed","ping_status":"open","template":"","meta":{"_uag_custom_page_level_css":"","_lmt_disableupdate":"no","_lmt_disable":"yes","site-sidebar-layout":"default","site-content-layout":"default","ast-site-content-layout":"default","site-content-style":"default","site-sidebar-style":"default","ast-global-header-display":"","ast-banner-title-visibility":"","ast-main-header-display":"","ast-hfb-above-header-display":"","ast-hfb-below-header-display":"","ast-hfb-mobile-header-display":"","site-post-title":"","ast-breadcrumbs-content":"","ast-featured-img":"","footer-sml-layout":"","theme-transparent-header-meta":"default","adv-header-id-meta":"","stick-header-meta":"","header-above-stick-meta":"","header-main-stick-meta":"","header-below-stick-meta":"","astra-migrate-meta-layouts":"set","ast-page-background-enabled":"default","ast-page-background-meta":{"desktop":{"background-color":"","background-image":"","background-repeat":"repeat","background-position":"center center","background-size":"auto","background-attachment":"scroll","background-type":"","background-media":"","overlay-type":"","overlay-color":"","overlay-opacity":"","overlay-gradient":""},"tablet":{"background-color":"","background-image":"","background-repeat":"repeat","background-position":"center center","background-size":"auto","background-attachment":"scroll","background-type":"","background-media":"","overlay-type":"","overlay-color":"","overlay-opacity":"","overlay-gradient":""},"mobile":{"background-color":"","background-image":"","background-repeat":"repeat","background-position":"center center","background-size":"auto","background-attachment":"scroll","background-type":"","background-media":"","overlay-type":"","overlay-color":"","overlay-opacity":"","overlay-gradient":""}},"ast-content-background-meta":{"desktop":{"background-color":"var(--ast-global-color-5)","background-image":"","background-repeat":"repeat","background-position":"center center","background-size":"auto","background-attachment":"scroll","background-type":"","background-media":"","overlay-type":"","overlay-color":"","overlay-opacity":"","overlay-gradient":""},"tablet":{"background-color":"var(--ast-global-color-5)","background-image":"","background-repeat":"repeat","background-position":"center center","background-size":"auto","background-attachment":"scroll","background-type":"","background-media":"","overlay-type":"","overlay-color":"","overlay-opacity":"","overlay-gradient":""},"mobile":{"background-color":"var(--ast-global-color-5)","background-image":"","background-repeat":"repeat","background-position":"center center","background-size":"auto","background-attachment":"scroll","background-type":"","background-media":"","overlay-type":"","overlay-color":"","overlay-opacity":"","overlay-gradient":""}},"footnotes":""},"class_list":["post-59574","page","type-page","status-publish","hentry"],"yoast_head":"<!-- This site is optimized with the Yoast SEO plugin v25.3.1 - https:\/\/yoast.com\/wordpress\/plugins\/seo\/ -->\n<title>V\u0103 mul\u021bumim c\u0103 ne-a\u021bi contactat -<\/title>\n<meta name=\"robots\" content=\"index, follow, max-snippet:-1, max-image-preview:large, max-video-preview:-1\" \/>\n<link rel=\"canonical\" href=\"https:\/\/cliniccenter.co.uk\/ro\/va-multumim\/\" \/>\n<meta property=\"og:locale\" content=\"ro_RO\" \/>\n<meta property=\"og:type\" content=\"article\" \/>\n<meta property=\"og:title\" content=\"V\u0103 mul\u021bumim c\u0103 ne-a\u021bi contactat -\" \/>\n<meta property=\"og:description\" content=\"V\u0103 mul\u021bumim c\u0103 a\u021bi contactat Clinic Center pentru tratamentul dumneavoastr\u0103 \u00een Turcia. Am primit solicitarea dumneavoastr\u0103 \u0219i v\u0103 vom r\u0103spunde \u00een termen de 24 de ore. Pentru \u00eentreb\u0103ri urgente, v\u0103 rug\u0103m s\u0103 ne suna\u021bi la num\u0103rul de telefon de mai jos: +44 20 3575 1039 Echipa Clinic Center\" \/>\n<meta property=\"og:url\" content=\"https:\/\/cliniccenter.co.uk\/ro\/va-multumim\/\" \/>\n<meta property=\"article:publisher\" content=\"https:\/\/www.facebook.com\/cliniccenter.co.uk\/\" \/>\n<meta property=\"article:modified_time\" content=\"2025-04-15T07:41:58+00:00\" \/>\n<meta name=\"twitter:card\" content=\"summary_large_image\" \/>\n<meta name=\"twitter:site\" content=\"@cliniccenteruk\" \/>\n<meta name=\"twitter:label1\" content=\"Timp estimat pentru citire\" \/>\n\t<meta name=\"twitter:data1\" content=\"1 minut\" \/>\n<!-- \/ Yoast SEO plugin. -->","yoast_head_json":{"title":"V\u0103 mul\u021bumim c\u0103 ne-a\u021bi contactat -","robots":{"index":"index","follow":"follow","max-snippet":"max-snippet:-1","max-image-preview":"max-image-preview:large","max-video-preview":"max-video-preview:-1"},"canonical":"https:\/\/cliniccenter.co.uk\/ro\/va-multumim\/","og_locale":"ro_RO","og_type":"article","og_title":"V\u0103 mul\u021bumim c\u0103 ne-a\u021bi contactat -","og_description":"V\u0103 mul\u021bumim c\u0103 a\u021bi contactat Clinic Center pentru tratamentul dumneavoastr\u0103 \u00een Turcia. Am primit solicitarea dumneavoastr\u0103 \u0219i v\u0103 vom r\u0103spunde \u00een termen de 24 de ore. Pentru \u00eentreb\u0103ri urgente, v\u0103 rug\u0103m s\u0103 ne suna\u021bi la num\u0103rul de telefon de mai jos: +44 20 3575 1039 Echipa Clinic Center","og_url":"https:\/\/cliniccenter.co.uk\/ro\/va-multumim\/","article_publisher":"https:\/\/www.facebook.com\/cliniccenter.co.uk\/","article_modified_time":"2025-04-15T07:41:58+00:00","twitter_card":"summary_large_image","twitter_site":"@cliniccenteruk","twitter_misc":{"Timp estimat pentru citire":"1 minut"},"schema":{"@context":"https:\/\/schema.org","@graph":[{"@type":"WebPage","@id":"https:\/\/cliniccenter.co.uk\/ro\/va-multumim\/","url":"https:\/\/cliniccenter.co.uk\/ro\/va-multumim\/","name":"V\u0103 mul\u021bumim c\u0103 ne-a\u021bi contactat -","isPartOf":{"@id":"https:\/\/cliniccenter.co.uk\/ro\/#website"},"datePublished":"2015-08-14T06:43:08+00:00","dateModified":"2025-04-15T07:41:58+00:00","breadcrumb":{"@id":"https:\/\/cliniccenter.co.uk\/ro\/va-multumim\/#breadcrumb"},"inLanguage":"ro-RO","potentialAction":[{"@type":"ReadAction","target":["https:\/\/cliniccenter.co.uk\/ro\/va-multumim\/"]}]},{"@type":"BreadcrumbList","@id":"https:\/\/cliniccenter.co.uk\/ro\/va-multumim\/#breadcrumb","itemListElement":[{"@type":"ListItem","position":1,"name":"Home","item":"https:\/\/cliniccenter.co.uk\/ro\/"},{"@type":"ListItem","position":2,"name":"V\u0103 mul\u021bumim c\u0103 ne-a\u021bi contactat"}]},{"@type":"WebSite","@id":"https:\/\/cliniccenter.co.uk\/ro\/#website","url":"https:\/\/cliniccenter.co.uk\/ro\/","name":"","description":"","potentialAction":[{"@type":"SearchAction","target":{"@type":"EntryPoint","urlTemplate":"https:\/\/cliniccenter.co.uk\/ro\/?s={search_term_string}"},"query-input":{"@type":"PropertyValueSpecification","valueRequired":true,"valueName":"search_term_string"}}],"inLanguage":"ro-RO"}]}},"uagb_featured_image_src":{"full":false,"thumbnail":false,"medium":false,"medium_large":false,"large":false,"1536x1536":false,"2048x2048":false},"uagb_author_info":{"display_name":"cliniccenter","author_link":"https:\/\/cliniccenter.co.uk\/ro\/blog\/author\/cliniccenter\/"},"uagb_comment_info":0,"uagb_excerpt":"V\u0103 mul\u021bumim c\u0103 a\u021bi contactat Clinic Center pentru tratamentul dumneavoastr\u0103 \u00een Turcia. Am primit solicitarea dumneavoastr\u0103 \u0219i v\u0103 vom r\u0103spunde \u00een termen de 24 de ore. Pentru \u00eentreb\u0103ri urgente, v\u0103 rug\u0103m s\u0103 ne suna\u021bi la num\u0103rul de telefon de mai jos: +44 20 3575 1039 Echipa Clinic Center","_links":{"self":[{"href":"https:\/\/cliniccenter.co.uk\/ro\/wp-json\/wp\/v2\/pages\/59574"}],"collection":[{"href":"https:\/\/cliniccenter.co.uk\/ro\/wp-json\/wp\/v2\/pages"}],"about":[{"href":"https:\/\/cliniccenter.co.uk\/ro\/wp-json\/wp\/v2\/types\/page"}],"author":[{"embeddable":true,"href":"https:\/\/cliniccenter.co.uk\/ro\/wp-json\/wp\/v2\/users\/1"}],"replies":[{"embeddable":true,"href":"https:\/\/cliniccenter.co.uk\/ro\/wp-json\/wp\/v2\/comments?post=59574"}],"version-history":[{"count":1,"href":"https:\/\/cliniccenter.co.uk\/ro\/wp-json\/wp\/v2\/pages\/59574\/revisions"}],"predecessor-version":[{"id":59576,"href":"https:\/\/cliniccenter.co.uk\/ro\/wp-json\/wp\/v2\/pages\/59574\/revisions\/59576"}],"wp:attachment":[{"href":"https:\/\/cliniccenter.co.uk\/ro\/wp-json\/wp\/v2\/media?parent=59574"}],"curies":[{"name":"wp","href":"https:\/\/api.w.org\/{rel}","templated":true}]}}