{"id":59630,"date":"2018-02-26T06:38:55","date_gmt":"2018-02-26T06:38:55","guid":{"rendered":"https:\/\/cliniccenter.co.uk\/privacy-policy\/"},"modified":"2025-04-16T07:25:39","modified_gmt":"2025-04-16T07:25:39","slug":"politica-de-confidentialitate","status":"publish","type":"page","link":"https:\/\/cliniccenter.co.uk\/ro\/politica-de-confidentialitate\/","title":{"rendered":"Politica de Confiden\u021bialitate"},"content":{"rendered":"<h2><span class=\"ez-toc-section\" id=\"Stimate_utilizator_al_Clinic_Center\"><\/span>Stimate utilizator al Clinic Center,<span class=\"ez-toc-section-end\"><\/span><\/h2>\n<p><span style=\"font-weight: 400;\">Protec\u021bia datelor personale \u0219i securitatea dumneavoastr\u0103 \u00een timpul procesului de plat\u0103 sunt extrem de importante pentru noi. Suntem de p\u0103rere c\u0103 datele pe care ni le furniza\u021bi sunt valori pe care trebuie s\u0103 le protej\u0103m. De aceea, utiliz\u0103m diverse instrumente (precum criptarea, parole, securitate fizic\u0103 etc.) pentru a proteja datele dumneavoastr\u0103 personale \u00eempotriva accesului neautorizat.<\/span><\/p>\n<h2><span class=\"ez-toc-section\" id=\"Obtinerea_si_utilizarea_datelor_dumneavoastra\"><\/span>Ob\u021binerea \u0219i utilizarea datelor dumneavoastr\u0103<span class=\"ez-toc-section-end\"><\/span><\/h2>\n<p><span style=\"font-weight: 400;\">F\u0103r\u0103 excep\u021bie, toate datele personale ale clien\u021bilor no\u0219tri sunt ob\u021binute \u00een mod confiden\u021bial. \u00cen plus, stocarea \u0219i utilizarea datelor clien\u021bilor no\u0219tri sunt necesare pentru desf\u0103\u0219urarea procesului nostru de lucru f\u0103r\u0103 probleme. Pentru a oferi cele mai bune servicii, datele necesare finaliz\u0103rii activit\u0103\u021bii sunt stocate \u00een Clinic Center \u0219i, atunci c\u00e2nd este necesar, sunt transmise companiilor pentru \u00eendeplinirea serviciilor. Datele personale nu sunt niciodat\u0103 transmise c\u0103tre ter\u021be p\u0103r\u021bi f\u0103r\u0103 acordul dumneavoastr\u0103. Putem dezv\u0103lui datele dumneavoastr\u0103 personale doar pentru a furniza serviciile, pentru a respecta obliga\u021biile legale, pentru a aplica regulile \u0219i politicile Clinic Center, pentru a r\u0103spunde reclama\u021biilor de \u00eenc\u0103lcare a drepturilor f\u0103cute de ter\u021be p\u0103r\u021bi privind serviciul sau con\u021binutul furnizat sau pentru a proteja dreptul sau siguran\u021ba unei persoane. Datele dumneavoastr\u0103 personale nu sunt utilizate \u00een Contractul de Membru, except\u00e2nd aprob\u0103rile scrise pe care le da\u021bi \u00een acordurile Clinic Center.<\/span><br \/>\n<span style=\"font-weight: 400;\">Clinic Center poate colecta date despre utilizatori \u0219i utilizarea site-ului www.cliniccenter.co.uk prin utilizarea unui fi\u0219ier tehnic (Cookie). Totu\u0219i, utilizatorii pot modifica set\u0103rile browserului lor pentru a nu primi Cookie sau pentru a primi un avertisment atunci c\u00e2nd apare un Cookie.<\/span><br \/>\nClinic Center stores and uses patient data to inform about new campaigns and to enhance the products and services. Besides, when needed, anonymous profiles are used for marketing research.<br \/>\n<span style=\"font-weight: 400;\">Clinic Center stocheaz\u0103 \u0219i utilizeaz\u0103 datele pacien\u021bilor pentru a informa despre campaniile noi \u0219i pentru a \u00eembun\u0103t\u0103\u021bi produsele \u0219i serviciile. De asemenea, atunci c\u00e2nd este necesar, se pot utiliza profiluri anonime pentru cercet\u0103ri de marketing.<\/span><br \/>\n<span style=\"font-weight: 400;\">\u00cen cazul \u00een care datele personale sunt compromise sau ob\u021binute de ter\u021be p\u0103r\u021bi ca urmare a atacurilor asupra site-ului www.cliniccenter.co.uk sau a sistemului, indiferent de m\u0103surile de securitate pe care Clinic Center le ia, Clinic Center nu va fi responsabil.<\/span><span style=\"font-weight: 400;\"><br \/>\n<\/span><span style=\"font-weight: 400;\">Clinic Center poate modifica prevederile acestei Politici de Confiden\u021bialitate unilateral, \u00een orice moment, prin publicarea acestora pe site-ul www.cliniccenter.co.uk. Prevederile modificate ale Politicii de Confiden\u021bialitate vor intra \u00een vigoare de la data public\u0103rii acestora pe site-ul www.cliniccenter.co.uk<\/span><\/p><div id=\"ez-toc-container\" class=\"ez-toc-v2_0_80 counter-hierarchy ez-toc-counter ez-toc-grey ez-toc-container-direction\">\n<div class=\"ez-toc-title-container\">\n<p class=\"ez-toc-title\" style=\"cursor:inherit\">Table of Contents<\/p>\n<span class=\"ez-toc-title-toggle\"><a href=\"#\" class=\"ez-toc-pull-right ez-toc-btn ez-toc-btn-xs ez-toc-btn-default ez-toc-toggle\" aria-label=\"Toggle Table of Content\"><span class=\"ez-toc-js-icon-con\"><span class=\"\"><span class=\"eztoc-hide\" style=\"display:none;\">Toggle<\/span><span class=\"ez-toc-icon-toggle-span\"><svg style=\"fill: #999;color:#999\" xmlns=\"http:\/\/www.w3.org\/2000\/svg\" class=\"list-377408\" width=\"20px\" height=\"20px\" viewBox=\"0 0 24 24\" fill=\"none\"><path d=\"M6 6H4v2h2V6zm14 0H8v2h12V6zM4 11h2v2H4v-2zm16 0H8v2h12v-2zM4 16h2v2H4v-2zm16 0H8v2h12v-2z\" fill=\"currentColor\"><\/path><\/svg><svg style=\"fill: #999;color:#999\" class=\"arrow-unsorted-368013\" xmlns=\"http:\/\/www.w3.org\/2000\/svg\" width=\"10px\" height=\"10px\" viewBox=\"0 0 24 24\" version=\"1.2\" baseProfile=\"tiny\"><path d=\"M18.2 9.3l-6.2-6.3-6.2 6.3c-.2.2-.3.4-.3.7s.1.5.3.7c.2.2.4.3.7.3h11c.3 0 .5-.1.7-.3.2-.2.3-.5.3-.7s-.1-.5-.3-.7zM5.8 14.7l6.2 6.3 6.2-6.3c.2-.2.3-.5.3-.7s-.1-.5-.3-.7c-.2-.2-.4-.3-.7-.3h-11c-.3 0-.5.1-.7.3-.2.2-.3.5-.3.7s.1.5.3.7z\"\/><\/svg><\/span><\/span><\/span><\/a><\/span><\/div>\n<nav><ul class='ez-toc-list ez-toc-list-level-1 ' ><li class='ez-toc-page-1 ez-toc-heading-level-2'><a class=\"ez-toc-link ez-toc-heading-1\" href=\"https:\/\/cliniccenter.co.uk\/ro\/politica-de-confidentialitate\/#Stimate_utilizator_al_Clinic_Center\" >Stimate utilizator al Clinic Center,<\/a><\/li><li class='ez-toc-page-1 ez-toc-heading-level-2'><a class=\"ez-toc-link ez-toc-heading-2\" href=\"https:\/\/cliniccenter.co.uk\/ro\/politica-de-confidentialitate\/#Obtinerea_si_utilizarea_datelor_dumneavoastra\" >Ob\u021binerea \u0219i utilizarea datelor dumneavoastr\u0103<\/a><\/li><li class='ez-toc-page-1 ez-toc-heading-level-2'><a class=\"ez-toc-link ez-toc-heading-3\" href=\"https:\/\/cliniccenter.co.uk\/ro\/politica-de-confidentialitate\/#Confirmarea_datelor_si_renuntarea_la_membru\" >Confirmarea datelor \u0219i renun\u021barea la membru<\/a><\/li><\/ul><\/nav><\/div>\n\n<h2><span class=\"ez-toc-section\" id=\"Confirmarea_datelor_si_renuntarea_la_membru\"><\/span>Confirmarea datelor \u0219i renun\u021barea la membru<span class=\"ez-toc-section-end\"><\/span><\/h2>\n<p><span style=\"font-weight: 400;\">Utilizatorii pot solicita informa\u021bii scrise gratuite pentru a afla ce date ale lor sunt stocate \u00een Clinic Center. Cererile de corectare, blocare sau \u0219tergere a datelor vor fi procesate direct, \u00een m\u0103sura permis\u0103 de lege. Dac\u0103 ave\u021bi alte \u00eentreb\u0103ri referitoare la protec\u021bia datelor \u0219i securitate, ne pute\u021bi contacta oric\u00e2nd prin e-mail la adresa: info@cliniccenter.co.uk.<\/span><br \/>\n<span style=\"font-weight: 400;\">Utilizatorii no\u0219tri care primesc newsletter-ul prin e-mail pot anula abona\u021biunea la newsletter f\u0103c\u00e2nd clic pe linkul &#8222;Renun\u021b\u0103 la Membru&#8221; care se afl\u0103 la sf\u00e2r\u0219itul newsletter-ului.<\/span><\/p>\n","protected":false},"excerpt":{"rendered":"<p>Stimate utilizator al Clinic Center, Protec\u021bia datelor personale \u0219i securitatea dumneavoastr\u0103 \u00een timpul procesului de plat\u0103 sunt extrem de importante pentru noi. Suntem de p\u0103rere c\u0103 datele pe care ni le furniza\u021bi sunt valori pe care trebuie s\u0103 le protej\u0103m. De aceea, utiliz\u0103m diverse instrumente (precum criptarea, parole, securitate fizic\u0103 etc.) pentru a proteja datele [&hellip;]<\/p>\n","protected":false},"author":2,"featured_media":0,"parent":0,"menu_order":0,"comment_status":"closed","ping_status":"closed","template":"","meta":{"_uag_custom_page_level_css":"","_lmt_disableupdate":"no","_lmt_disable":"","site-sidebar-layout":"default","site-content-layout":"default","ast-site-content-layout":"default","site-content-style":"default","site-sidebar-style":"default","ast-global-header-display":"","ast-banner-title-visibility":"","ast-main-header-display":"","ast-hfb-above-header-display":"","ast-hfb-below-header-display":"","ast-hfb-mobile-header-display":"","site-post-title":"","ast-breadcrumbs-content":"","ast-featured-img":"","footer-sml-layout":"","theme-transparent-header-meta":"default","adv-header-id-meta":"","stick-header-meta":"","header-above-stick-meta":"","header-main-stick-meta":"","header-below-stick-meta":"","astra-migrate-meta-layouts":"set","ast-page-background-enabled":"default","ast-page-background-meta":{"desktop":{"background-color":"","background-image":"","background-repeat":"repeat","background-position":"center center","background-size":"auto","background-attachment":"scroll","background-type":"","background-media":"","overlay-type":"","overlay-color":"","overlay-opacity":"","overlay-gradient":""},"tablet":{"background-color":"","background-image":"","background-repeat":"repeat","background-position":"center center","background-size":"auto","background-attachment":"scroll","background-type":"","background-media":"","overlay-type":"","overlay-color":"","overlay-opacity":"","overlay-gradient":""},"mobile":{"background-color":"","background-image":"","background-repeat":"repeat","background-position":"center center","background-size":"auto","background-attachment":"scroll","background-type":"","background-media":"","overlay-type":"","overlay-color":"","overlay-opacity":"","overlay-gradient":""}},"ast-content-background-meta":{"desktop":{"background-color":"var(--ast-global-color-5)","background-image":"","background-repeat":"repeat","background-position":"center center","background-size":"auto","background-attachment":"scroll","background-type":"","background-media":"","overlay-type":"","overlay-color":"","overlay-opacity":"","overlay-gradient":""},"tablet":{"background-color":"var(--ast-global-color-5)","background-image":"","background-repeat":"repeat","background-position":"center center","background-size":"auto","background-attachment":"scroll","background-type":"","background-media":"","overlay-type":"","overlay-color":"","overlay-opacity":"","overlay-gradient":""},"mobile":{"background-color":"var(--ast-global-color-5)","background-image":"","background-repeat":"repeat","background-position":"center center","background-size":"auto","background-attachment":"scroll","background-type":"","background-media":"","overlay-type":"","overlay-color":"","overlay-opacity":"","overlay-gradient":""}},"footnotes":""},"class_list":["post-59630","page","type-page","status-publish","hentry"],"yoast_head":"<!-- This site is optimized with the Yoast SEO plugin v25.3.1 - https:\/\/yoast.com\/wordpress\/plugins\/seo\/ -->\n<title>Politica de Confiden\u021bialitate -<\/title>\n<meta name=\"robots\" content=\"index, follow, max-snippet:-1, max-image-preview:large, max-video-preview:-1\" \/>\n<link rel=\"canonical\" href=\"https:\/\/cliniccenter.co.uk\/ro\/politica-de-confidentialitate\/\" \/>\n<meta property=\"og:locale\" content=\"ro_RO\" \/>\n<meta property=\"og:type\" content=\"article\" \/>\n<meta property=\"og:title\" content=\"Politica de Confiden\u021bialitate -\" \/>\n<meta property=\"og:description\" content=\"Stimate utilizator al Clinic Center, Protec\u021bia datelor personale \u0219i securitatea dumneavoastr\u0103 \u00een timpul procesului de plat\u0103 sunt extrem de importante pentru noi. Suntem de p\u0103rere c\u0103 datele pe care ni le furniza\u021bi sunt valori pe care trebuie s\u0103 le protej\u0103m. De aceea, utiliz\u0103m diverse instrumente (precum criptarea, parole, securitate fizic\u0103 etc.) pentru a proteja datele [&hellip;]\" \/>\n<meta property=\"og:url\" content=\"https:\/\/cliniccenter.co.uk\/ro\/politica-de-confidentialitate\/\" \/>\n<meta property=\"article:publisher\" content=\"https:\/\/www.facebook.com\/cliniccenter.co.uk\/\" \/>\n<meta property=\"article:modified_time\" content=\"2025-04-16T07:25:39+00:00\" \/>\n<meta name=\"twitter:card\" content=\"summary_large_image\" \/>\n<meta name=\"twitter:site\" content=\"@cliniccenteruk\" \/>\n<meta name=\"twitter:label1\" content=\"Timp estimat pentru citire\" \/>\n\t<meta name=\"twitter:data1\" content=\"3 minute\" \/>\n<!-- \/ Yoast SEO plugin. -->","yoast_head_json":{"title":"Politica de Confiden\u021bialitate -","robots":{"index":"index","follow":"follow","max-snippet":"max-snippet:-1","max-image-preview":"max-image-preview:large","max-video-preview":"max-video-preview:-1"},"canonical":"https:\/\/cliniccenter.co.uk\/ro\/politica-de-confidentialitate\/","og_locale":"ro_RO","og_type":"article","og_title":"Politica de Confiden\u021bialitate -","og_description":"Stimate utilizator al Clinic Center, Protec\u021bia datelor personale \u0219i securitatea dumneavoastr\u0103 \u00een timpul procesului de plat\u0103 sunt extrem de importante pentru noi. Suntem de p\u0103rere c\u0103 datele pe care ni le furniza\u021bi sunt valori pe care trebuie s\u0103 le protej\u0103m. De aceea, utiliz\u0103m diverse instrumente (precum criptarea, parole, securitate fizic\u0103 etc.) pentru a proteja datele [&hellip;]","og_url":"https:\/\/cliniccenter.co.uk\/ro\/politica-de-confidentialitate\/","article_publisher":"https:\/\/www.facebook.com\/cliniccenter.co.uk\/","article_modified_time":"2025-04-16T07:25:39+00:00","twitter_card":"summary_large_image","twitter_site":"@cliniccenteruk","twitter_misc":{"Timp estimat pentru citire":"3 minute"},"schema":{"@context":"https:\/\/schema.org","@graph":[{"@type":"WebPage","@id":"https:\/\/cliniccenter.co.uk\/ro\/politica-de-confidentialitate\/","url":"https:\/\/cliniccenter.co.uk\/ro\/politica-de-confidentialitate\/","name":"Politica de Confiden\u021bialitate -","isPartOf":{"@id":"https:\/\/cliniccenter.co.uk\/ro\/#website"},"datePublished":"2018-02-26T06:38:55+00:00","dateModified":"2025-04-16T07:25:39+00:00","breadcrumb":{"@id":"https:\/\/cliniccenter.co.uk\/ro\/politica-de-confidentialitate\/#breadcrumb"},"inLanguage":"ro-RO","potentialAction":[{"@type":"ReadAction","target":["https:\/\/cliniccenter.co.uk\/ro\/politica-de-confidentialitate\/"]}]},{"@type":"BreadcrumbList","@id":"https:\/\/cliniccenter.co.uk\/ro\/politica-de-confidentialitate\/#breadcrumb","itemListElement":[{"@type":"ListItem","position":1,"name":"Home","item":"https:\/\/cliniccenter.co.uk\/ro\/"},{"@type":"ListItem","position":2,"name":"Politica de Confiden\u021bialitate"}]},{"@type":"WebSite","@id":"https:\/\/cliniccenter.co.uk\/ro\/#website","url":"https:\/\/cliniccenter.co.uk\/ro\/","name":"","description":"","potentialAction":[{"@type":"SearchAction","target":{"@type":"EntryPoint","urlTemplate":"https:\/\/cliniccenter.co.uk\/ro\/?s={search_term_string}"},"query-input":{"@type":"PropertyValueSpecification","valueRequired":true,"valueName":"search_term_string"}}],"inLanguage":"ro-RO"}]}},"uagb_featured_image_src":{"full":false,"thumbnail":false,"medium":false,"medium_large":false,"large":false,"1536x1536":false,"2048x2048":false},"uagb_author_info":{"display_name":"Sertac Ceki","author_link":"https:\/\/cliniccenter.co.uk\/ro\/blog\/author\/sertaccliniccenter-co-uk\/"},"uagb_comment_info":0,"uagb_excerpt":"Stimate utilizator al Clinic Center, Protec\u021bia datelor personale \u0219i securitatea dumneavoastr\u0103 \u00een timpul procesului de plat\u0103 sunt extrem de importante pentru noi. Suntem de p\u0103rere c\u0103 datele pe care ni le furniza\u021bi sunt valori pe care trebuie s\u0103 le protej\u0103m. De aceea, utiliz\u0103m diverse instrumente (precum criptarea, parole, securitate fizic\u0103 etc.) pentru a proteja datele&hellip;","_links":{"self":[{"href":"https:\/\/cliniccenter.co.uk\/ro\/wp-json\/wp\/v2\/pages\/59630"}],"collection":[{"href":"https:\/\/cliniccenter.co.uk\/ro\/wp-json\/wp\/v2\/pages"}],"about":[{"href":"https:\/\/cliniccenter.co.uk\/ro\/wp-json\/wp\/v2\/types\/page"}],"author":[{"embeddable":true,"href":"https:\/\/cliniccenter.co.uk\/ro\/wp-json\/wp\/v2\/users\/2"}],"replies":[{"embeddable":true,"href":"https:\/\/cliniccenter.co.uk\/ro\/wp-json\/wp\/v2\/comments?post=59630"}],"version-history":[{"count":1,"href":"https:\/\/cliniccenter.co.uk\/ro\/wp-json\/wp\/v2\/pages\/59630\/revisions"}],"predecessor-version":[{"id":59633,"href":"https:\/\/cliniccenter.co.uk\/ro\/wp-json\/wp\/v2\/pages\/59630\/revisions\/59633"}],"wp:attachment":[{"href":"https:\/\/cliniccenter.co.uk\/ro\/wp-json\/wp\/v2\/media?parent=59630"}],"curies":[{"name":"wp","href":"https:\/\/api.w.org\/{rel}","templated":true}]}}