{"id":59649,"date":"2018-01-12T12:58:03","date_gmt":"2018-01-12T12:58:03","guid":{"rendered":"https:\/\/cliniccenter.co.uk\/gallery\/"},"modified":"2025-04-25T08:05:28","modified_gmt":"2025-04-25T08:05:28","slug":"galerie","status":"publish","type":"page","link":"https:\/\/cliniccenter.co.uk\/ro\/galerie\/","title":{"rendered":"Galerie"},"content":{"rendered":"\n<div class=\"wp-block-columns is-layout-flex wp-container-core-columns-is-layout-1 wp-block-columns-is-layout-flex\">\n<div class=\"wp-block-column is-layout-flow wp-block-column-is-layout-flow\">\n<h3 class=\"wp-block-heading\"><strong><a href=\"#\">Galeria \u00eenainte \u0219i dup\u0103 transplantul de p\u0103r<\/a><\/strong><\/h3>\n\n\n\n<figure class=\"wp-block-image size-large skip-lazy \"><a href=\"#\"><img decoding=\"async\" src=\"https:\/\/cliniccenter.co.uk\/wp-content\/uploads\/2023\/11\/hair-transplant-picture-1.webp\" alt=\"\" class=\"wp-image-10252 skip-lazy \"\/><\/a><\/figure>\n\n\n\n<p><a href=\"https:\/\/cliniccenter.co.uk\/ro\/transplant-de-par-in-turcia\/\">Transplant de P\u0103r \u00een Turcia<\/a><\/p>\n\n\n\n<p><a href=\"#\">Transplant de Barb\u0103 \u00een Turcia<\/a><\/p>\n<\/div>\n\n\n\n<div class=\"wp-block-column is-layout-flow wp-block-column-is-layout-flow\">\n<h3 class=\"wp-block-heading\"><strong><a href=\"https:\/\/cliniccenter.co.uk\/ro\/galerie-cu-augmentare-lifting-reductie-mamara\/\">Galeria \u00eenainte \u0219i dup\u0103 chirurgiile mamare<\/a><\/strong><\/h3>\n\n\n\n<figure class=\"wp-block-image size-large skip-lazy\"><a href=\"https:\/\/cliniccenter.co.uk\/ro\/galerie-cu-augmentare-lifting-reductie-mamara\/\"><img decoding=\"async\" src=\"https:\/\/cliniccenter.co.uk\/wp-content\/uploads\/2023\/11\/breast-implants-1-1024x577-1.webp\" alt=\"\" class=\"wp-image-10249 skip-lazy\"\/><\/a><\/figure>\n\n\n\n<p><a href=\"https:\/\/cliniccenter.co.uk\/ro\/implanturi-mamare-in-turcia\/\">Implanturi Mamare \u00een Turcia<\/a><\/p>\n\n\n\n<p><a href=\"https:\/\/cliniccenter.co.uk\/ro\/reductia-mamara-in-turcia\/\">Reduc\u021bie Mamare \u00een Turcia<\/a><\/p>\n\n\n\n<p><a href=\"https:\/\/cliniccenter.co.uk\/ro\/lifting-mamar-in-turcia\/\">Lifting Mamare \u00een Turcia<\/a><\/p>\n<\/div>\n\n\n\n<div class=\"wp-block-column is-layout-flow wp-block-column-is-layout-flow\">\n<h3 class=\"wp-block-heading\"><strong><a href=\"https:\/\/cliniccenter.co.uk\/ro\/galerie-cu-liposuctie-abdominoplastie-ginecomastie\/\">Galeria \u00eenainte \u0219i dup\u0103 Liposuc\u021bie, Abdominoplastie &amp; Chirurgie pentru Ginecomastie<\/a><\/strong><\/h3>\n\n\n\n<figure class=\"wp-block-image size-large skip-lazy\"><a href=\"https:\/\/cliniccenter.co.uk\/ro\/galerie-cu-liposuctie-abdominoplastie-ginecomastie\/\"><img decoding=\"async\" src=\"https:\/\/cliniccenter.co.uk\/wp-content\/uploads\/2023\/11\/liposuction-1.webp\" alt=\"Body with Liposuction Turkey\" class=\"wp-image-2460 \"\/><\/a><\/figure>\n\n\n\n<p><a href=\"https:\/\/cliniccenter.co.uk\/ro\/liposuctie-in-turcia\/\">Liposuc\u021bie \u00een Turcia<\/a><\/p>\n\n\n\n<p><a href=\"https:\/\/cliniccenter.co.uk\/ro\/abdominoplastie-in-turcia\/\">Abdominoplastie \u00een Turcia<\/a><\/p>\n\n\n\n<p><a href=\"https:\/\/cliniccenter.co.uk\/ro\/ginecomastie-in-turcia\/\">Chirurgie pentru Ginecomastie \u00een Turcia<\/a><\/p>\n<\/div>\n\n\n\n<div class=\"wp-block-column is-layout-flow wp-block-column-is-layout-flow\">\n<h3 class=\"wp-block-heading\"><strong><a href=\"https:\/\/cliniccenter.co.uk\/ro\/galerie-cu-rinoplastie\/\">Galeria \u00eenainte \u0219i dup\u0103 Chirurgie pentru Rinoplastie<\/a><\/strong><\/h3>\n\n\n\n<figure class=\"wp-block-image size-large skip-lazy\"><a href=\"https:\/\/cliniccenter.co.uk\/ro\/galerie-cu-rinoplastie\/\"><img decoding=\"async\" src=\"https:\/\/cliniccenter.co.uk\/wp-content\/uploads\/2023\/11\/nose-surgery.webp\" alt=\"\" class=\"wp-image-10248\"\/><\/a><\/figure>\n\n\n\n<p><a href=\"https:\/\/cliniccenter.co.uk\/ro\/rinoplastie-in-turcia\/\">Rinoplastie \u00een Turcia<\/a><\/p>\n\n\n\n<p><a href=\"#\">Septorinoplastie \u00een Turcia<\/a><\/p>\n<\/div>\n<\/div>\n\n\n\n<div class=\"wp-block-columns is-layout-flex wp-container-core-columns-is-layout-2 wp-block-columns-is-layout-flex\">\n<div class=\"wp-block-column is-layout-flow wp-block-column-is-layout-flow\">\n<h3 class=\"wp-block-heading\"><a href=\"https:\/\/cliniccenter.co.uk\/ro\/galerie-cu-lifting-brazilian-de-fese\/\"><strong>Galeria \u00eenainte \u0219i dup\u0103 BBL<\/strong><\/a><\/h3>\n\n\n\n<figure class=\"wp-block-image size-large skip-lazy\"><a href=\"https:\/\/cliniccenter.co.uk\/ro\/galerie-cu-lifting-brazilian-de-fese\/\"><img decoding=\"async\" src=\"https:\/\/cliniccenter.co.uk\/wp-content\/uploads\/2023\/11\/bbl.webp\" alt=\"BBL Turkey, Buttocks Augmentation\" class=\"wp-image-2457\"\/><\/a><\/figure>\n\n\n\n<p><a href=\"https:\/\/cliniccenter.co.uk\/ro\/lifting-brazilian-de-fese-in-turcia\/\">Brazilian Butt Lift \u00een Turcia<\/a><\/p>\n<\/div>\n\n\n\n<div class=\"wp-block-column is-layout-flow wp-block-column-is-layout-flow\">\n<h3 class=\"wp-block-heading\"><a href=\"https:\/\/cliniccenter.co.uk\/ro\/galerie-cu-lifting-facial-si-chirurgie-a-pleoapelor\/\"><strong>Galeria \u00eenainte \u0219i dup\u0103 Chirurgia Facial\u0103 \u0219i Blefaroplastia<\/strong><\/a><\/h3>\n\n\n\n<figure class=\"wp-block-image size-large skip-lazy\"><a href=\"https:\/\/cliniccenter.co.uk\/ro\/galerie-cu-lifting-facial-si-chirurgie-a-pleoapelor\/\"><img decoding=\"async\" src=\"https:\/\/cliniccenter.co.uk\/wp-content\/uploads\/2023\/11\/facelift.webp\" alt=\"Facelift Surgery Turkey\" class=\"wp-image-2458\"\/><\/a><\/figure>\n\n\n\n<p><a href=\"https:\/\/cliniccenter.co.uk\/ro\/lifting-facial-in-turcia\/\">Liftingul Facial \u00een Turcia (Rhytidectomie)<\/a><\/p>\n\n\n\n<p><a href=\"https:\/\/cliniccenter.co.uk\/ro\/chirurgia-pleoapelor-in-turcia\/\">Chirurgia Pleoapelor \u00een Turcia (Blefaroplastie)<\/a><\/p>\n<\/div>\n\n\n\n<div class=\"wp-block-column is-layout-flow wp-block-column-is-layout-flow\">\n<h3 class=\"wp-block-heading\"><strong><a href=\"https:\/\/cliniccenter.co.uk\/ro\/galerie-cu\u2013proceduri-de-stomatologie\/\">Galeria \u00eenainte \u0219i dup\u0103 tratamente stomatologice<\/a><\/strong><\/h3>\n\n\n\n<figure class=\"wp-block-image size-large skip-lazy\"><a href=\"https:\/\/cliniccenter.co.uk\/ro\/galerie-cu\u2013proceduri-de-stomatologie\/\"><img decoding=\"async\" src=\"https:\/\/cliniccenter.co.uk\/wp-content\/uploads\/2023\/11\/dis_kucuk-1.webp\" alt=\"Dental Treatments Abroad\" class=\"wp-image-2351\"\/><\/a><\/figure>\n\n\n\n<p><a href=\"https:\/\/cliniccenter.co.uk\/ro\/coroane-dentare-in-turcia\/\">Coroane Dentare \u00een Turcia<\/a><\/p>\n\n\n\n<p><a href=\"https:\/\/cliniccenter.co.uk\/ro\/implanturi-dentare-in-turcia\/\">Implanturi Dentare \u00een Turcia<\/a><\/p>\n\n\n\n<p><a href=\"https:\/\/cliniccenter.co.uk\/ro\/fatete-dentare-in-turcia\/\">Fa\u021bete din Por\u021belan \u00een Turcia<\/a><\/p>\n<\/div>\n\n\n\n<div class=\"wp-block-column is-layout-flow wp-block-column-is-layout-flow\">\n<h3 class=\"wp-block-heading\"><strong><a href=\"#\">Videoclipuri de Recenzii ale Pacien\u021bilor Clinicii Center<\/a><\/strong><\/h3>\n\n\n\n<figure class=\"wp-block-image size-large skip-lazy\"><a href=\"#\"><img decoding=\"async\" src=\"https:\/\/cliniccenter.co.uk\/wp-content\/uploads\/2023\/11\/Clinic-Center-Patient-Review-Videos.webp\" alt=\"\" class=\"wp-image-10255\"\/><\/a><\/figure>\n\n\n\n<p><a href=\"#\">&gt;&gt;Click pentru a viziona videoclipurile<\/a><\/p>\n<\/div>\n<\/div>\n\n\n\n<div class=\"wp-block-columns is-layout-flex wp-container-core-columns-is-layout-5 wp-block-columns-is-layout-flex\">\n<div class=\"wp-block-column is-layout-flow wp-block-column-is-layout-flow\">\n<div class=\"wp-block-columns is-layout-flex wp-container-core-columns-is-layout-3 wp-block-columns-is-layout-flex\">\n<div class=\"wp-block-column is-layout-flow wp-block-column-is-layout-flow\">\n<h2 class=\"wp-block-heading\"><strong><a href=\"https:\/\/cliniccenter.co.uk\/ro\/galerie-cu-chirurgii-gastrice\/\">Galeria \u00eenainte \u0219i dup\u0103 Chirurgia Gastric\u0103<\/a><\/strong><\/h2>\n\n\n\n<figure class=\"wp-block-image size-large skip-lazy\"><a href=\"https:\/\/cliniccenter.co.uk\/ro\/galerie-cu-chirurgii-gastrice\/\"><img decoding=\"async\" src=\"https:\/\/cliniccenter.co.uk\/wp-content\/uploads\/2023\/11\/gastric-treatments-galery.webp\" alt=\"gastric surgery before after\" class=\"wp-image-39294\"\/><\/a><\/figure>\n\n\n\n<p><a href=\"https:\/\/cliniccenter.co.uk\/ro\/gastric-sleeve-in-turcia\/\">Chirurgia Sleeve Gastric\u0103<\/a><\/p>\n\n\n\n<p><a href=\"https:\/\/cliniccenter.co.uk\/ro\/bypass-gastric-in-turcia\/\">Chirurgia de Bypass Gastric<\/a><\/p>\n\n\n\n<p><a href=\"https:\/\/cliniccenter.co.uk\/ro\/interventia-cu-balon-intragastric-in-turcia\/\">Chirurgia cu Balon Gastric<\/a><\/p>\n<\/div>\n\n\n\n<div class=\"wp-block-column is-layout-flow wp-block-column-is-layout-flow\"><\/div>\n<\/div>\n<\/div>\n\n\n\n<div class=\"wp-block-column is-layout-flow wp-block-column-is-layout-flow\">\n<div class=\"wp-block-columns is-layout-flex wp-container-core-columns-is-layout-4 wp-block-columns-is-layout-flex\">\n<div class=\"wp-block-column is-layout-flow wp-block-column-is-layout-flow\"><\/div>\n\n\n\n<div class=\"wp-block-column is-layout-flow wp-block-column-is-layout-flow\"><\/div>\n<\/div>\n<\/div>\n<\/div>\n\n\n\n<p><\/p>\n","protected":false},"excerpt":{"rendered":"<p>Galeria \u00eenainte \u0219i dup\u0103 transplantul de p\u0103r Transplant de P\u0103r \u00een Turcia Transplant de Barb\u0103 \u00een Turcia Galeria \u00eenainte \u0219i dup\u0103 chirurgiile mamare Implanturi Mamare \u00een Turcia Reduc\u021bie Mamare \u00een Turcia Lifting Mamare \u00een Turcia Galeria \u00eenainte \u0219i dup\u0103 Liposuc\u021bie, Abdominoplastie &amp; Chirurgie pentru Ginecomastie Liposuc\u021bie \u00een Turcia Abdominoplastie \u00een Turcia Chirurgie pentru Ginecomastie \u00een [&hellip;]<\/p>\n","protected":false},"author":2,"featured_media":0,"parent":0,"menu_order":0,"comment_status":"closed","ping_status":"closed","template":"","meta":{"_uag_custom_page_level_css":"","_lmt_disableupdate":"no","_lmt_disable":"","site-sidebar-layout":"default","site-content-layout":"default","ast-site-content-layout":"default","site-content-style":"default","site-sidebar-style":"default","ast-global-header-display":"","ast-banner-title-visibility":"","ast-main-header-display":"","ast-hfb-above-header-display":"","ast-hfb-below-header-display":"","ast-hfb-mobile-header-display":"","site-post-title":"","ast-breadcrumbs-content":"","ast-featured-img":"","footer-sml-layout":"","theme-transparent-header-meta":"default","adv-header-id-meta":"","stick-header-meta":"","header-above-stick-meta":"","header-main-stick-meta":"","header-below-stick-meta":"","astra-migrate-meta-layouts":"set","ast-page-background-enabled":"default","ast-page-background-meta":{"desktop":{"background-color":"","background-image":"","background-repeat":"repeat","background-position":"center center","background-size":"auto","background-attachment":"scroll","background-type":"","background-media":"","overlay-type":"","overlay-color":"","overlay-opacity":"","overlay-gradient":""},"tablet":{"background-color":"","background-image":"","background-repeat":"repeat","background-position":"center center","background-size":"auto","background-attachment":"scroll","background-type":"","background-media":"","overlay-type":"","overlay-color":"","overlay-opacity":"","overlay-gradient":""},"mobile":{"background-color":"","background-image":"","background-repeat":"repeat","background-position":"center center","background-size":"auto","background-attachment":"scroll","background-type":"","background-media":"","overlay-type":"","overlay-color":"","overlay-opacity":"","overlay-gradient":""}},"ast-content-background-meta":{"desktop":{"background-color":"var(--ast-global-color-5)","background-image":"","background-repeat":"repeat","background-position":"center center","background-size":"auto","background-attachment":"scroll","background-type":"","background-media":"","overlay-type":"","overlay-color":"","overlay-opacity":"","overlay-gradient":""},"tablet":{"background-color":"var(--ast-global-color-5)","background-image":"","background-repeat":"repeat","background-position":"center center","background-size":"auto","background-attachment":"scroll","background-type":"","background-media":"","overlay-type":"","overlay-color":"","overlay-opacity":"","overlay-gradient":""},"mobile":{"background-color":"var(--ast-global-color-5)","background-image":"","background-repeat":"repeat","background-position":"center center","background-size":"auto","background-attachment":"scroll","background-type":"","background-media":"","overlay-type":"","overlay-color":"","overlay-opacity":"","overlay-gradient":""}},"footnotes":""},"class_list":["post-59649","page","type-page","status-publish","hentry"],"yoast_head":"<!-- This site is optimized with the Yoast SEO plugin v25.3.1 - https:\/\/yoast.com\/wordpress\/plugins\/seo\/ -->\n<title>Recenzii ale pacien\u021bilor \u0219i galerie | Clinic Center<\/title>\n<meta name=\"description\" content=\"Verific\u0103 recenziile tratamentelor, fotografiile \u00eenainte \u0219i dup\u0103, \u0219i rezultatele excelente!\" \/>\n<meta name=\"robots\" content=\"index, follow, max-snippet:-1, max-image-preview:large, max-video-preview:-1\" \/>\n<link rel=\"canonical\" href=\"https:\/\/cliniccenter.co.uk\/ro\/galerie\/\" \/>\n<meta property=\"og:locale\" content=\"ro_RO\" \/>\n<meta property=\"og:type\" content=\"article\" \/>\n<meta property=\"og:title\" content=\"Recenzii ale pacien\u021bilor \u0219i galerie | Clinic Center\" \/>\n<meta property=\"og:description\" content=\"Verific\u0103 recenziile tratamentelor, fotografiile \u00eenainte \u0219i dup\u0103, \u0219i rezultatele excelente!\" \/>\n<meta property=\"og:url\" content=\"https:\/\/cliniccenter.co.uk\/ro\/galerie\/\" \/>\n<meta property=\"article:publisher\" content=\"https:\/\/www.facebook.com\/cliniccenter.co.uk\/\" \/>\n<meta property=\"article:modified_time\" content=\"2025-04-25T08:05:28+00:00\" \/>\n<meta property=\"og:image\" content=\"https:\/\/cliniccenter.co.uk\/wp-content\/uploads\/2023\/11\/hair-transplant-picture-1.webp\" \/>\n<meta name=\"twitter:card\" content=\"summary_large_image\" \/>\n<meta name=\"twitter:site\" content=\"@cliniccenteruk\" \/>\n<meta name=\"twitter:label1\" content=\"Timp estimat pentru citire\" \/>\n\t<meta name=\"twitter:data1\" content=\"3 minute\" \/>\n<!-- \/ Yoast SEO plugin. -->","yoast_head_json":{"title":"Recenzii ale pacien\u021bilor \u0219i galerie | Clinic Center","description":"Verific\u0103 recenziile tratamentelor, fotografiile \u00eenainte \u0219i dup\u0103, \u0219i rezultatele excelente!","robots":{"index":"index","follow":"follow","max-snippet":"max-snippet:-1","max-image-preview":"max-image-preview:large","max-video-preview":"max-video-preview:-1"},"canonical":"https:\/\/cliniccenter.co.uk\/ro\/galerie\/","og_locale":"ro_RO","og_type":"article","og_title":"Recenzii ale pacien\u021bilor \u0219i galerie | Clinic Center","og_description":"Verific\u0103 recenziile tratamentelor, fotografiile \u00eenainte \u0219i dup\u0103, \u0219i rezultatele excelente!","og_url":"https:\/\/cliniccenter.co.uk\/ro\/galerie\/","article_publisher":"https:\/\/www.facebook.com\/cliniccenter.co.uk\/","article_modified_time":"2025-04-25T08:05:28+00:00","og_image":[{"url":"https:\/\/cliniccenter.co.uk\/wp-content\/uploads\/2023\/11\/hair-transplant-picture-1.webp","type":"","width":"","height":""}],"twitter_card":"summary_large_image","twitter_site":"@cliniccenteruk","twitter_misc":{"Timp estimat pentru citire":"3 minute"},"schema":{"@context":"https:\/\/schema.org","@graph":[{"@type":"WebPage","@id":"https:\/\/cliniccenter.co.uk\/ro\/galerie\/","url":"https:\/\/cliniccenter.co.uk\/ro\/galerie\/","name":"Recenzii ale pacien\u021bilor \u0219i galerie | Clinic Center","isPartOf":{"@id":"https:\/\/cliniccenter.co.uk\/ro\/#website"},"primaryImageOfPage":{"@id":"https:\/\/cliniccenter.co.uk\/ro\/galerie\/#primaryimage"},"image":{"@id":"https:\/\/cliniccenter.co.uk\/ro\/galerie\/#primaryimage"},"thumbnailUrl":"https:\/\/cliniccenter.co.uk\/wp-content\/uploads\/2023\/11\/hair-transplant-picture-1.webp","datePublished":"2018-01-12T12:58:03+00:00","dateModified":"2025-04-25T08:05:28+00:00","description":"Verific\u0103 recenziile tratamentelor, fotografiile \u00eenainte \u0219i dup\u0103, \u0219i rezultatele excelente!","breadcrumb":{"@id":"https:\/\/cliniccenter.co.uk\/ro\/galerie\/#breadcrumb"},"inLanguage":"ro-RO","potentialAction":[{"@type":"ReadAction","target":["https:\/\/cliniccenter.co.uk\/ro\/galerie\/"]}]},{"@type":"ImageObject","inLanguage":"ro-RO","@id":"https:\/\/cliniccenter.co.uk\/ro\/galerie\/#primaryimage","url":"https:\/\/cliniccenter.co.uk\/wp-content\/uploads\/2023\/11\/hair-transplant-picture-1.webp","contentUrl":"https:\/\/cliniccenter.co.uk\/wp-content\/uploads\/2023\/11\/hair-transplant-picture-1.webp"},{"@type":"BreadcrumbList","@id":"https:\/\/cliniccenter.co.uk\/ro\/galerie\/#breadcrumb","itemListElement":[{"@type":"ListItem","position":1,"name":"Home","item":"https:\/\/cliniccenter.co.uk\/ro\/"},{"@type":"ListItem","position":2,"name":"Galerie"}]},{"@type":"WebSite","@id":"https:\/\/cliniccenter.co.uk\/ro\/#website","url":"https:\/\/cliniccenter.co.uk\/ro\/","name":"","description":"","potentialAction":[{"@type":"SearchAction","target":{"@type":"EntryPoint","urlTemplate":"https:\/\/cliniccenter.co.uk\/ro\/?s={search_term_string}"},"query-input":{"@type":"PropertyValueSpecification","valueRequired":true,"valueName":"search_term_string"}}],"inLanguage":"ro-RO"}]}},"uagb_featured_image_src":{"full":false,"thumbnail":false,"medium":false,"medium_large":false,"large":false,"1536x1536":false,"2048x2048":false},"uagb_author_info":{"display_name":"Sertac Ceki","author_link":"https:\/\/cliniccenter.co.uk\/ro\/blog\/author\/sertaccliniccenter-co-uk\/"},"uagb_comment_info":0,"uagb_excerpt":"Galeria \u00eenainte \u0219i dup\u0103 transplantul de p\u0103r Transplant de P\u0103r \u00een Turcia Transplant de Barb\u0103 \u00een Turcia Galeria \u00eenainte \u0219i dup\u0103 chirurgiile mamare Implanturi Mamare \u00een Turcia Reduc\u021bie Mamare \u00een Turcia Lifting Mamare \u00een Turcia Galeria \u00eenainte \u0219i dup\u0103 Liposuc\u021bie, Abdominoplastie &amp; Chirurgie pentru Ginecomastie Liposuc\u021bie \u00een Turcia Abdominoplastie \u00een Turcia Chirurgie pentru Ginecomastie \u00een&hellip;","_links":{"self":[{"href":"https:\/\/cliniccenter.co.uk\/ro\/wp-json\/wp\/v2\/pages\/59649"}],"collection":[{"href":"https:\/\/cliniccenter.co.uk\/ro\/wp-json\/wp\/v2\/pages"}],"about":[{"href":"https:\/\/cliniccenter.co.uk\/ro\/wp-json\/wp\/v2\/types\/page"}],"author":[{"embeddable":true,"href":"https:\/\/cliniccenter.co.uk\/ro\/wp-json\/wp\/v2\/users\/2"}],"replies":[{"embeddable":true,"href":"https:\/\/cliniccenter.co.uk\/ro\/wp-json\/wp\/v2\/comments?post=59649"}],"version-history":[{"count":7,"href":"https:\/\/cliniccenter.co.uk\/ro\/wp-json\/wp\/v2\/pages\/59649\/revisions"}],"predecessor-version":[{"id":60338,"href":"https:\/\/cliniccenter.co.uk\/ro\/wp-json\/wp\/v2\/pages\/59649\/revisions\/60338"}],"wp:attachment":[{"href":"https:\/\/cliniccenter.co.uk\/ro\/wp-json\/wp\/v2\/media?parent=59649"}],"curies":[{"name":"wp","href":"https:\/\/api.w.org\/{rel}","templated":true}]}}