{"id":59709,"date":"2015-08-17T12:15:21","date_gmt":"2015-08-17T12:15:21","guid":{"rendered":"https:\/\/cliniccenter.co.uk\/terms-conditions\/"},"modified":"2025-04-16T14:35:23","modified_gmt":"2025-04-16T14:35:23","slug":"termeni-si-conditii","status":"publish","type":"page","link":"https:\/\/cliniccenter.co.uk\/ro\/termeni-si-conditii\/","title":{"rendered":"Termeni \u0219i Condi\u021bii"},"content":{"rendered":"\n<p>Aceste Termeni \u0219i Condi\u021bii stabilesc termenii \u0219i condi\u021biile pentru orice pachet medical pe care \u00eel achizi\u021biona\u021bi de la Clinic Center.<\/p>\n\n\n\n<p>V\u0103 rug\u0103m s\u0103 citi\u021bi cu aten\u021bie ace\u0219ti Termeni \u0219i Condi\u021bii \u0219i documentele men\u021bionate mai jos. Prin acceptarea acestor termeni \u0219i condi\u021bii, confirma\u021bi c\u0103 sunte\u021bi de acord s\u0103 respecta\u021bi ace\u0219ti Termeni \u0219i Condi\u021bii \u0219i s\u0103 le respecta\u021bi.Clinic Center \u00ee\u0219i rezerv\u0103 dreptul de a modifica Termenii \u0219i Condi\u021biile f\u0103r\u0103 o notificare prealabil\u0103.<\/p>\n\n\n\n<p><strong>1. Defini\u021bii<\/strong><strong><br><\/strong><strong><br><\/strong>Furnizorul de Tratament: Oricare medic sau institu\u021bie medical\u0103 care va efectua tratamentul.<br>Pachetul Medical: Pachetul de tratament care poate include tratament, cazare, transferuri \u0219i servicii de gazd\u0103, \u00een func\u021bie de alegerea pacientului.<br>Tratament: Tratamentul medical care va fi efectuat de furnizorul de tratament ales.<\/p>\n\n\n\n<p><strong>2. Responsabilit\u0103\u021bile Clinic Center<\/strong><\/p>\n\n\n\n<ol class=\"wp-block-list\">\n<li>Clinic Center este responsabil pentru organizarea tratamentului medical cu furnizorul de tratament ales, inclusiv organizarea caz\u0103rii \u0219i transferurilor de la \u0219i spre aeroport. Furnizorul de tratament este singura parte responsabil\u0103 pentru tratamentul efectuat. Sunte\u021bi de acord s\u0103 nu considera\u021bi Clinic Center responsabil\u0103 pentru orice tratament efectuat de furnizorul de tratament.<br><\/li>\n\n\n\n<li>Pachetul dumneavoastr\u0103 medical este oferit pe baza imaginilor \u0219i rezultatelor testelor. Prin urmare, poate suferi modific\u0103ri \u00een urma examin\u0103rii fizice efectuate de furnizorul de tratament. \u00cen cazul \u00een care sunt necesare teste suplimentare sau tratamente adi\u021bionale, acestea vor fi suportate de c\u0103tre dumneavoastr\u0103. \u00cen cazul \u00een care beneficia\u021bi de un num\u0103r mai mic de tratamente dec\u00e2t cele planificate ini\u021bial, ve\u021bi fi rambursat pentru tratamentele neefectuate.<br><\/li>\n\n\n\n<li>Prin acceptarea acestor termeni \u0219i condi\u021bii, sunte\u021bi de acord s\u0103 nu considera\u021bi Clinic Center responsabil\u0103 pentru orice malpraxis comis de furnizorul dumneavoastr\u0103 de tratament.<br><\/li>\n\n\n\n<li>Clinic Center v\u0103 va trimite informa\u021biile necesare despre pachetul dumneavoastr\u0103 medical \u00eenainte de a \u00eencepe c\u0103l\u0103toria, care vor include urm\u0103toarele:<br>\u2022 Numele \u0219i datele de contact ale furnizorului de tratament<br>\u2022 Numele \u0219i datele de contact ale hotelului (dac\u0103 este inclus \u00een pachetul medical)<br>\u2022 Numele \u0219i datele de contact ale gazdei (dac\u0103 este inclus \u00een pachetul medical)<br>\u2022 Numele \u0219i datele de contact ale \u0219oferului (dac\u0103 este inclus \u00een pachetul medical)<br>\u2022 Data \u0219i ora tratamentului<br><\/li>\n\n\n\n<li>Clinic Center nu este responsabil\u0103 pentru orice serviciu furnizat de ter\u021bi, cum ar fi furnizori de servicii medicale, hoteluri \u0219i companii de transfer.<\/li>\n<\/ol>\n\n\n\n<p><strong>3. Responsabilit\u0103\u021bile Dumneavoastr\u0103<\/strong><\/p>\n\n\n\n<ol class=\"wp-block-list\">\n<li>Prin acceptarea acestor termeni \u0219i condi\u021bii, sunte\u021bi de acord s\u0103 furniza\u021bi orice informa\u021bie referitoare la starea dumneavoastr\u0103 de s\u0103n\u0103tate.<br><\/li>\n\n\n\n<li>Sunte\u021bi responsabil pentru furnizarea informa\u021biilor corecte referitoare la starea dumneavoastr\u0103 de s\u0103n\u0103tate pentru a asigura c\u0103 vi se ofer\u0103 planul de tratament corespunz\u0103tor.<br><\/li>\n\n\n\n<li>Sunte\u021bi responsabil pentru preg\u0103tirea documentelor de c\u0103l\u0103torie, cum ar fi pa\u0219aportul \u0219i viza, necesare pentru tratamentul oferit de furnizorul de tratament. Clinic Center nu este responsabil\u0103 pentru organizarea c\u0103l\u0103toriei dumneavoastr\u0103 \u00een Turcia pentru tratament.<br><\/li>\n\n\n\n<li>Prin acceptarea acestor termeni \u0219i condi\u021bii, da\u021bi permisiunea Clinic Center de a ob\u021bine fi\u0219ele dumneavoastr\u0103 medicale de la furnizorul de tratament \u0219i de a le p\u0103stra \u00een caz de necesitate.<br><\/li>\n\n\n\n<li>Pentru a beneficia de tratament de la furnizorul de tratament al Clinic Center, trebuie s\u0103 efectua\u021bi o plat\u0103 \u00een avans la Clinic Center \u00eenainte de a \u00eencepe c\u0103l\u0103toria \u0219i s\u0103 finaliza\u021bi plata \u00eentregii sume \u00eenainte de tratament. Nu ve\u021bi beneficia de tratament p\u00e2n\u0103 c\u00e2nd nu efectua\u021bi plata complet\u0103.<br><\/li>\n\n\n\n<li>Este responsabilitatea dumneavoastr\u0103 s\u0103 ad\u0103uga\u021bi orice tip de asigurare la pachetul dumneavoastr\u0103 medical.<\/li>\n<\/ol>\n\n\n\n<p><strong>4. Anularea<\/strong><\/p>\n\n\n\n<p>Pute\u021bi anula tratamentul oric\u00e2nd dori\u021bi. \u00cen caz de anulare, vor fi deduse cheltuielile administrative \u0219i ve\u021bi primi rambursarea la \u00eenceputul lunii urm\u0103toare dup\u0103 anulare. Dac\u0103 anula\u021bi cu mai pu\u021bin de o lun\u0103 \u00eenainte de procedura dumneavoastr\u0103, plata \u00een avans nu va fi rambursat\u0103. \u00cen plus, dac\u0103 anula\u021bi procedura dup\u0103 ce a\u021bi trimis biletele de avion, plata \u00een avans nu va fi rambursat\u0103. Dac\u0103 beneficia\u021bi de o ofert\u0103 special\u0103, plata \u00een avans nu va fi rambursat\u0103 \u00een niciun caz.<\/p>\n\n\n\n<p><strong>5. Feedback \u0219i Recenzii<\/strong><\/p>\n\n\n\n<p>Clinic Center are ca scop s\u0103 ofere o satisfac\u021bie de 100% pacien\u021bilor s\u0103i \u00een ceea ce prive\u0219te serviciile sale. Clinic Center solicit\u0103 feedback de la pacien\u021bii s\u0103i pentru a \u00eembun\u0103t\u0103\u021bi serviciile, cu condi\u021bia ca recenziile s\u0103 fie sincere, autentice, utile \u0219i direct legate de serviciile Clinic Center. Clinic Center este un intermediar care ofer\u0103 tratamente de calitate la furnizori medicali la pre\u021buri accesibile. Totu\u0219i, Clinic Center nu poate fi considerat\u0103 responsabil\u0103 pentru serviciile oferite de furnizorii de servicii de s\u0103n\u0103tate \u0219i ac\u021biunile acestora.<\/p>\n\n\n\n<p>Prin acceptarea acestor Termeni \u0219i Condi\u021bii, sunte\u021bi de acord s\u0103 nu def\u0103ima\u021bi Clinic Center sau oricare dintre angaja\u021bii s\u0103i \u00een mod public (site-uri de recenzii, re\u021bele sociale, bloguri, forumuri publice etc.) cu privire la tratamentele \u0219i serviciile furnizorului de servicii medicale (medic, personal medical, spital) \u0219i serviciile hotelului. \u00cen cazul \u00eenc\u0103lc\u0103rii acestei clauze, trebuie s\u0103 elimina\u021bi imediat con\u021binutul respectiv la evaluarea \u0219i cererea noastr\u0103. Dac\u0103 con\u021binutul r\u0103m\u00e2ne, par\u021bial sau integral, sunte\u021bi de acord s\u0103 pl\u0103ti\u021bi 5.000 GBP ca desp\u0103gubire Clinic Center.<\/p>\n\n\n\n<p><strong>6. Confiden\u021bialitate<\/strong><strong><br><\/strong><strong><br><\/strong>1. Clinic Center este responsabil\u0103 pentru p\u0103strarea confiden\u021bialit\u0103\u021bii informa\u021biilor dumneavoastr\u0103 personale.<br><\/p>\n\n\n\n<p>2. Prin acceptarea acestor termeni \u0219i condi\u021bii, permite\u021bi Clinic Center s\u0103 utilizeze fotografiile \u00eenainte \u0219i dup\u0103 ale zonelor tratate.<br><\/p>\n\n\n\n<p>3. Prin acceptarea acestor termeni \u0219i condi\u021bii, consim\u021bi\u021bi s\u0103 fi\u021bi contactat prin SMS, telefon \u0219i e-mail cu privire la produsele, serviciile \u0219i oportunit\u0103\u021bile oferite de afilia\u021bii \u0219i partenerii Clinic Center prin intermediul cererii l\u0103sate pentru scopuri de marketing \u0219i experien\u021b\u0103 a clientului, conform Politicii de Confiden\u021bialitate.<\/p>\n\n\n\n<p><strong>7. Jurisdic\u021bie<\/strong><strong><br><\/strong>\u00cen cazul disputelor ce pot ap\u0103rea din acest contract, p\u0103r\u021bile accept\u0103 autoritatea instan\u021belor \u0219i a Direc\u021biilor de Executare din Istanbul.<\/p>\n\n\n\n<p><\/p>\n\n\n\n<p><\/p>\n\n\n\n<p><\/p>\n","protected":false},"excerpt":{"rendered":"<p>Aceste Termeni \u0219i Condi\u021bii stabilesc termenii \u0219i condi\u021biile pentru orice pachet medical pe care \u00eel achizi\u021biona\u021bi de la Clinic Center. V\u0103 rug\u0103m s\u0103 citi\u021bi cu aten\u021bie ace\u0219ti Termeni \u0219i Condi\u021bii \u0219i documentele men\u021bionate mai jos. Prin acceptarea acestor termeni \u0219i condi\u021bii, confirma\u021bi c\u0103 sunte\u021bi de acord s\u0103 respecta\u021bi ace\u0219ti Termeni \u0219i Condi\u021bii \u0219i s\u0103 le [&hellip;]<\/p>\n","protected":false},"author":1,"featured_media":0,"parent":0,"menu_order":0,"comment_status":"closed","ping_status":"open","template":"","meta":{"_uag_custom_page_level_css":"","_lmt_disableupdate":"no","_lmt_disable":"","site-sidebar-layout":"default","site-content-layout":"default","ast-site-content-layout":"default","site-content-style":"default","site-sidebar-style":"default","ast-global-header-display":"","ast-banner-title-visibility":"","ast-main-header-display":"","ast-hfb-above-header-display":"","ast-hfb-below-header-display":"","ast-hfb-mobile-header-display":"","site-post-title":"","ast-breadcrumbs-content":"","ast-featured-img":"","footer-sml-layout":"","theme-transparent-header-meta":"default","adv-header-id-meta":"","stick-header-meta":"","header-above-stick-meta":"","header-main-stick-meta":"","header-below-stick-meta":"","astra-migrate-meta-layouts":"set","ast-page-background-enabled":"default","ast-page-background-meta":{"desktop":{"background-color":"","background-image":"","background-repeat":"repeat","background-position":"center center","background-size":"auto","background-attachment":"scroll","background-type":"","background-media":"","overlay-type":"","overlay-color":"","overlay-opacity":"","overlay-gradient":""},"tablet":{"background-color":"","background-image":"","background-repeat":"repeat","background-position":"center center","background-size":"auto","background-attachment":"scroll","background-type":"","background-media":"","overlay-type":"","overlay-color":"","overlay-opacity":"","overlay-gradient":""},"mobile":{"background-color":"","background-image":"","background-repeat":"repeat","background-position":"center center","background-size":"auto","background-attachment":"scroll","background-type":"","background-media":"","overlay-type":"","overlay-color":"","overlay-opacity":"","overlay-gradient":""}},"ast-content-background-meta":{"desktop":{"background-color":"var(--ast-global-color-5)","background-image":"","background-repeat":"repeat","background-position":"center center","background-size":"auto","background-attachment":"scroll","background-type":"","background-media":"","overlay-type":"","overlay-color":"","overlay-opacity":"","overlay-gradient":""},"tablet":{"background-color":"var(--ast-global-color-5)","background-image":"","background-repeat":"repeat","background-position":"center center","background-size":"auto","background-attachment":"scroll","background-type":"","background-media":"","overlay-type":"","overlay-color":"","overlay-opacity":"","overlay-gradient":""},"mobile":{"background-color":"var(--ast-global-color-5)","background-image":"","background-repeat":"repeat","background-position":"center center","background-size":"auto","background-attachment":"scroll","background-type":"","background-media":"","overlay-type":"","overlay-color":"","overlay-opacity":"","overlay-gradient":""}},"footnotes":""},"class_list":["post-59709","page","type-page","status-publish","hentry"],"yoast_head":"<!-- This site is optimized with the Yoast SEO plugin v25.3.1 - https:\/\/yoast.com\/wordpress\/plugins\/seo\/ -->\n<title>Termeni \u0219i Condi\u021bii -<\/title>\n<meta name=\"robots\" content=\"index, follow, max-snippet:-1, max-image-preview:large, max-video-preview:-1\" \/>\n<link rel=\"canonical\" href=\"https:\/\/cliniccenter.co.uk\/ro\/termeni-si-conditii\/\" \/>\n<meta property=\"og:locale\" content=\"ro_RO\" \/>\n<meta property=\"og:type\" content=\"article\" \/>\n<meta property=\"og:title\" content=\"Termeni \u0219i Condi\u021bii -\" \/>\n<meta property=\"og:description\" content=\"Aceste Termeni \u0219i Condi\u021bii stabilesc termenii \u0219i condi\u021biile pentru orice pachet medical pe care \u00eel achizi\u021biona\u021bi de la Clinic Center. V\u0103 rug\u0103m s\u0103 citi\u021bi cu aten\u021bie ace\u0219ti Termeni \u0219i Condi\u021bii \u0219i documentele men\u021bionate mai jos. Prin acceptarea acestor termeni \u0219i condi\u021bii, confirma\u021bi c\u0103 sunte\u021bi de acord s\u0103 respecta\u021bi ace\u0219ti Termeni \u0219i Condi\u021bii \u0219i s\u0103 le [&hellip;]\" \/>\n<meta property=\"og:url\" content=\"https:\/\/cliniccenter.co.uk\/ro\/termeni-si-conditii\/\" \/>\n<meta property=\"article:publisher\" content=\"https:\/\/www.facebook.com\/cliniccenter.co.uk\/\" \/>\n<meta property=\"article:modified_time\" content=\"2025-04-16T14:35:23+00:00\" \/>\n<meta name=\"twitter:card\" content=\"summary_large_image\" \/>\n<meta name=\"twitter:site\" content=\"@cliniccenteruk\" \/>\n<meta name=\"twitter:label1\" content=\"Timp estimat pentru citire\" \/>\n\t<meta name=\"twitter:data1\" content=\"4 minute\" \/>\n<!-- \/ Yoast SEO plugin. -->","yoast_head_json":{"title":"Termeni \u0219i Condi\u021bii -","robots":{"index":"index","follow":"follow","max-snippet":"max-snippet:-1","max-image-preview":"max-image-preview:large","max-video-preview":"max-video-preview:-1"},"canonical":"https:\/\/cliniccenter.co.uk\/ro\/termeni-si-conditii\/","og_locale":"ro_RO","og_type":"article","og_title":"Termeni \u0219i Condi\u021bii -","og_description":"Aceste Termeni \u0219i Condi\u021bii stabilesc termenii \u0219i condi\u021biile pentru orice pachet medical pe care \u00eel achizi\u021biona\u021bi de la Clinic Center. V\u0103 rug\u0103m s\u0103 citi\u021bi cu aten\u021bie ace\u0219ti Termeni \u0219i Condi\u021bii \u0219i documentele men\u021bionate mai jos. Prin acceptarea acestor termeni \u0219i condi\u021bii, confirma\u021bi c\u0103 sunte\u021bi de acord s\u0103 respecta\u021bi ace\u0219ti Termeni \u0219i Condi\u021bii \u0219i s\u0103 le [&hellip;]","og_url":"https:\/\/cliniccenter.co.uk\/ro\/termeni-si-conditii\/","article_publisher":"https:\/\/www.facebook.com\/cliniccenter.co.uk\/","article_modified_time":"2025-04-16T14:35:23+00:00","twitter_card":"summary_large_image","twitter_site":"@cliniccenteruk","twitter_misc":{"Timp estimat pentru citire":"4 minute"},"schema":{"@context":"https:\/\/schema.org","@graph":[{"@type":"WebPage","@id":"https:\/\/cliniccenter.co.uk\/ro\/termeni-si-conditii\/","url":"https:\/\/cliniccenter.co.uk\/ro\/termeni-si-conditii\/","name":"Termeni \u0219i Condi\u021bii -","isPartOf":{"@id":"https:\/\/cliniccenter.co.uk\/ro\/#website"},"datePublished":"2015-08-17T12:15:21+00:00","dateModified":"2025-04-16T14:35:23+00:00","breadcrumb":{"@id":"https:\/\/cliniccenter.co.uk\/ro\/termeni-si-conditii\/#breadcrumb"},"inLanguage":"ro-RO","potentialAction":[{"@type":"ReadAction","target":["https:\/\/cliniccenter.co.uk\/ro\/termeni-si-conditii\/"]}]},{"@type":"BreadcrumbList","@id":"https:\/\/cliniccenter.co.uk\/ro\/termeni-si-conditii\/#breadcrumb","itemListElement":[{"@type":"ListItem","position":1,"name":"Home","item":"https:\/\/cliniccenter.co.uk\/ro\/"},{"@type":"ListItem","position":2,"name":"Termeni \u0219i Condi\u021bii"}]},{"@type":"WebSite","@id":"https:\/\/cliniccenter.co.uk\/ro\/#website","url":"https:\/\/cliniccenter.co.uk\/ro\/","name":"","description":"","potentialAction":[{"@type":"SearchAction","target":{"@type":"EntryPoint","urlTemplate":"https:\/\/cliniccenter.co.uk\/ro\/?s={search_term_string}"},"query-input":{"@type":"PropertyValueSpecification","valueRequired":true,"valueName":"search_term_string"}}],"inLanguage":"ro-RO"}]}},"uagb_featured_image_src":{"full":false,"thumbnail":false,"medium":false,"medium_large":false,"large":false,"1536x1536":false,"2048x2048":false},"uagb_author_info":{"display_name":"cliniccenter","author_link":"https:\/\/cliniccenter.co.uk\/ro\/blog\/author\/cliniccenter\/"},"uagb_comment_info":0,"uagb_excerpt":"Aceste Termeni \u0219i Condi\u021bii stabilesc termenii \u0219i condi\u021biile pentru orice pachet medical pe care \u00eel achizi\u021biona\u021bi de la Clinic Center. V\u0103 rug\u0103m s\u0103 citi\u021bi cu aten\u021bie ace\u0219ti Termeni \u0219i Condi\u021bii \u0219i documentele men\u021bionate mai jos. Prin acceptarea acestor termeni \u0219i condi\u021bii, confirma\u021bi c\u0103 sunte\u021bi de acord s\u0103 respecta\u021bi ace\u0219ti Termeni \u0219i Condi\u021bii \u0219i s\u0103 le&hellip;","_links":{"self":[{"href":"https:\/\/cliniccenter.co.uk\/ro\/wp-json\/wp\/v2\/pages\/59709"}],"collection":[{"href":"https:\/\/cliniccenter.co.uk\/ro\/wp-json\/wp\/v2\/pages"}],"about":[{"href":"https:\/\/cliniccenter.co.uk\/ro\/wp-json\/wp\/v2\/types\/page"}],"author":[{"embeddable":true,"href":"https:\/\/cliniccenter.co.uk\/ro\/wp-json\/wp\/v2\/users\/1"}],"replies":[{"embeddable":true,"href":"https:\/\/cliniccenter.co.uk\/ro\/wp-json\/wp\/v2\/comments?post=59709"}],"version-history":[{"count":1,"href":"https:\/\/cliniccenter.co.uk\/ro\/wp-json\/wp\/v2\/pages\/59709\/revisions"}],"predecessor-version":[{"id":59711,"href":"https:\/\/cliniccenter.co.uk\/ro\/wp-json\/wp\/v2\/pages\/59709\/revisions\/59711"}],"wp:attachment":[{"href":"https:\/\/cliniccenter.co.uk\/ro\/wp-json\/wp\/v2\/media?parent=59709"}],"curies":[{"name":"wp","href":"https:\/\/api.w.org\/{rel}","templated":true}]}}