{"id":59727,"date":"2018-12-30T05:53:35","date_gmt":"2018-12-30T05:53:35","guid":{"rendered":"https:\/\/cliniccenter.co.uk\/doctors\/prof-dr-aydin\/"},"modified":"2025-09-10T07:40:43","modified_gmt":"2025-09-10T07:40:43","slug":"prof-dr-aydin","status":"publish","type":"page","link":"https:\/\/cliniccenter.co.uk\/ro\/prof-dr-aydin\/","title":{"rendered":"Prof. Dr. Aydin | Medic \u00een Chirurgie Plastic\u0103 | Clinic Center"},"content":{"rendered":"\n<div class=\"wp-block-columns is-layout-flex wp-container-core-columns-is-layout-4 wp-block-columns-is-layout-flex\">\n<div class=\"wp-block-column is-layout-flow wp-block-column-is-layout-flow\" style=\"flex-basis:33.33%\">\n<figure class=\"wp-block-image size-large skip-lazy\"><img decoding=\"async\" src=\"https:\/\/cliniccenter.co.uk\/wp-content\/uploads\/2023\/11\/aydin-gozu-517x1024-1.webp\" alt=\"\" class=\"wp-image-22558\"\/><\/figure>\n<\/div>\n\n\n\n<div class=\"wp-block-column is-layout-flow wp-block-column-is-layout-flow\" style=\"flex-basis:66.66%\">\n<div class=\"wp-block-columns is-layout-flex wp-container-core-columns-is-layout-1 wp-block-columns-is-layout-flex\">\n<div class=\"wp-block-column leftpadbox is-layout-flow wp-block-column-is-layout-flow\">\n<p>Prof. Dr. Aydin este unul dintre cei mai aprecia\u021bi \u0219i talenta\u021bi medici speciali\u0219ti \u00een chirurgie plastic\u0103 din Turcia. Domnul doctor Aydin \u0219i-a finalizat studiile medicale la Facultatea de Medicin\u0103 a Universit\u0103\u021bii Hacettepe \u00een anul 1990, iar ulterior a \u00eenceput s\u0103 lucreze ca asistent de cercetare \u00een cadrul Departamentului de Chirurgie Plastic\u0103, Reconstructiv\u0103 \u0219i Estetic\u0103, unde a dob\u00e2ndit o experien\u021b\u0103 considerabil\u0103 \u00een domeniul microchirurgiei. A devenit medic specialist \u00een chirurgie plastic\u0103 \u00een anul 1998, conferen\u021biar universitar \u00een 2011 \u0219i profesor universitar \u00een 2016.<\/p>\n\n\n\n<p>\u00cen parcursul s\u0103u profesional de succes, a lucrat \u00een cadrul Facult\u0103\u021bii de Medicin\u0103 a Universit\u0103\u021bii Fran\u00e7ois Rabelais (Tours, Fran\u021ba) \u0219i a urmat cursuri de perfec\u021bionare \u00een chirurgie estetic\u0103 \u0219i plastic\u0103 la Paris. \u0218i-a aprofundat experien\u021ba \u00een chirurgia estetic\u0103 facial\u0103 \u00een cadrul Spitalului din Arlington, Virginia (Washington DC). Domeniile sale principale de activitate includ opera\u021biile mamare, interven\u021biile estetice faciale, diverse proceduri de conturare corporal\u0103, opera\u021biile de rinoplastie \u0219i interven\u021biile chirurgicale la nivelul pleoapelor.<\/p>\n\n\n\n<p>Doctor Aydin este membru al ISAPS (Societatea Interna\u021bional\u0103 de Chirurgie Plastic\u0103 Estetic\u0103) \u0219i particip\u0103 activ la \u00eent\u00e2lnirile regulate ale organiza\u021biei, urm\u0103rind cele mai noi tehnici \u0219i progrese tehnologice din domeniu. Dr. Aydin a avut onoarea de a \u00eenfiin\u021ba Departamentul de Chirurgie Plastic\u0103, Reconstructiv\u0103 \u0219i Estetic\u0103 din cadrul Universit\u0103\u021bii Okan din Istanbul. Cu o vast\u0103 experien\u021b\u0103 acumulat\u0103 at\u00e2t \u00een Turcia, c\u00e2t \u0219i \u00een str\u0103in\u0103tate, pacien\u021bii apreciaz\u0103 \u00een mod deosebit abilit\u0103\u021bile sale excelente de comunicare, precum \u0219i rezultatele remarcabile ale fiec\u0103rei opera\u021bii.<\/p>\n<\/div>\n<\/div>\n\n\n\n<div class=\"wp-block-columns leftpadbox is-layout-flex wp-container-core-columns-is-layout-2 wp-block-columns-is-layout-flex\">\n<div class=\"wp-block-column is-layout-flow wp-block-column-is-layout-flow\">\n<h4 class=\"wp-block-heading\">Certificate<\/h4>\n\n\n\n<figure class=\"wp-block-gallery has-nested-images columns-default is-cropped wp-block-gallery-1 is-layout-flex wp-block-gallery-is-layout-flex\">\n<figure class=\"wp-block-image size-large\"><img decoding=\"async\" width=\"300\" height=\"229\" src=\"https:\/\/cliniccenter.co.uk\/wp-content\/uploads\/2021\/08\/dr_aydin_gozu_isaps_certificate.jpeg\" alt=\"\" class=\"wp-image-15789\"\/><\/figure>\n\n\n\n<figure class=\"wp-block-image size-large\"><img decoding=\"async\" width=\"300\" height=\"229\" src=\"https:\/\/cliniccenter.co.uk\/wp-content\/uploads\/2021\/08\/dr_aydin_gozu_hospital_certificate.jpeg.jpeg\" alt=\"\" class=\"wp-image-15795\"\/><\/figure>\n<\/figure>\n<\/div>\n<\/div>\n\n\n\n<div class=\"wp-block-columns is-layout-flex wp-container-core-columns-is-layout-3 wp-block-columns-is-layout-flex\">\n<div class=\"wp-block-column leftpadbox is-layout-flow wp-block-column-is-layout-flow\">\n<p><strong>Experien\u021b\u0103:<\/strong> 28 de ani<br><span style=\"font-size: 11.5pt; font-family: Arial, sans-serif; color: rgb(0, 0, 0); background-color: transparent; font-weight: 700; font-variant-numeric: normal; font-variant-east-asian: normal; font-variant-alternates: normal; font-variant-position: normal; font-variant-emoji: normal; vertical-align: baseline;\"><\/span><strong>Pacien\u021bi interna\u021bionali trata\u021bi:<\/strong> Regatul Unit, Irlanda, Australia, Statele Unite ale Americii, Emiratele Arabe Unite, Arabia Saudit\u0103, Kuweit, \u021b\u0103rile Uniunii Europene<br><strong>Domenii de specializare:<\/strong> <a href=\"https:\/\/cliniccenter.co.uk\/ro\/implanturi-mamare-in-turcia\/\">Augmentare mamar\u0103 (implanturi mamare, m\u0103rirea s\u00e2nilor)<\/a>, <a href=\"https:\/\/cliniccenter.co.uk\/ro\/lifting-mamar-in-turcia\/\">lifting mamar<\/a>, <a href=\"#\">reduc\u021bie mamar\u0103<\/a>, <a href=\"https:\/\/cliniccenter.co.uk\/ro\/rinoplastie-in-turcia\/\">rinoplastie (opera\u021bie estetic\u0103 a nasului)<\/a>, <a href=\"#\">\u00a0septorinoplastie<\/a>, <a href=\"https:\/\/cliniccenter.co.uk\/ro\/liposuctie-in-turcia\/\">liposuc\u021bie (\u00eendep\u0103rtarea gr\u0103simii)<\/a>, <a href=\"https:\/\/cliniccenter.co.uk\/ro\/liposuctie-in-turcia\/\">liposuc\u021bie Vaser &amp; Hi-Def Vaser<\/a>, <a href=\"#\">abdominoplastie<\/a>, <a href=\"#\">liftingul brazilian de feselor (BBL)<\/a>, <a href=\"#\">lifting facial (ritidectomie)<\/a>, <a href=\"#\">blefaroplastie (chirurgia pleoapelor)<\/a>, <a href=\"https:\/\/cliniccenter.co.uk\/gynecomastia-in-turkey\/\">g<\/a><a href=\"#\">inecomastie (reduc\u021bia s\u00e2nilor la b\u0103rba\u021bi)<\/a>, <a href=\"#\">Mommy Makeover<\/a>, <a href=\"#\">lifting cervical (platismoplastie)<\/a>, <a href=\"#\">lifting brahial (brahioplastie)<\/a>, <a href=\"#\">lifting al spr\u00e2ncenelor<\/a>, <a href=\"#\">otoplastie (chirurgie estetic\u0103 a urechilor)<\/a>, <a href=\"#\">Cosmetic Surgeries<\/a>.<br><strong>Apartenen\u021b\u0103 profesional\u0103:<\/strong> Societatea Interna\u021bional\u0103 de Chirurgie Plastic\u0103 Estetic\u0103, Asocia\u021bia Turc\u0103 de Chirurgie Plastic\u0103, Reconstructiv\u0103 \u0219i Estetic\u0103, Asocia\u021bia Turc\u0103 de Chirurgie a M\u00e2inii, Asocia\u021bia de Microchirurgie Reconstructiv\u0103<br><strong>Ora\u0219:<\/strong> Istanbul, Turcia<br><strong>Zile de lucru:<\/strong> Zilele lucr\u0103toare \u0219i s\u00e2mb\u0103ta<br><strong>Limbi vorbite:<\/strong> Englez\u0103<br><strong>Contact<\/strong>:\u00a0+44 20 3575 1039 &amp; info@cliniccenter.co.uk<br><strong><a href=\"https:\/\/cliniccenter.co.uk\/ro\/chirurgie-estetica\/\">Chirurgi plasticieni<\/a><\/strong><\/p>\n<\/div>\n<\/div>\n<\/div>\n<\/div>\n\n\n\n<script type=\"application\/ld+json\">\n    {\n        \"@context\": \"http:\\\/\\\/schema.org\",\n        \"@type\": \"Physician\",\n        \"@id\": \"https:\/\/cliniccenter.co.uk\/prof-dr-aydin\/\",\n        \"areaServed\": {\n            \"@type\": \"Place\",\n            \"name\": \"Istanbul, Turkey\"\n        },\n        \"alumniOf\": {\n            \"@type\": \"OrganizationRole\",\n            \"alumniOf\": {\n                \"@type\": \"CollegeOrUniversity\",\n                \"name\": \"Istanbul Okan University\"\n            }\n        },\n        \"employee\": {\n            \"@type\": \"Person\",\n            \"@id\": \"https:\/\/cliniccenter.co.uk\/prof-dr-aydin\/\",\n            \"description\": \"Prof. Dr. Aydin is one of the most popular and talented plastic surgeons in Turkey. Doctor Aydin Gozu completed his medical education at Hacettepe University, Faculty of Medicine in 1990 and started working as a research assistant in the Department of Plastic, Reconstructive and Aesthetic Surgery where he gained considerable experience in microsurgery. He became a plastic surgeon in 1998, Assoc. Prof. in 2011 and Prof. in 2016.During his successful career, he worked in University of Fran\u00e7ois Rabelais, Faculty of Medicine (Tours, France) and he had more training in aesthetic and plastic surgery in Paris. He increased his experience in facial aesthetic surgery in the Hospital of Virginia Arlington (Washington DC). He mainly focuses on breast surgeries, aesthetic face surgeries, various body sculpturing procedures, nose surgeries, and eyelid surgeries.Doctor Aydin Gozu is an ISAPS member and he actively attends regular ISAPS meetings following the newest techniques and technological advancements in his field. MD, Aydin Gozu achieved the honour of setting up the Department of Plastic, Reconstructive and Aesthetic Surgery in Istanbul Okan University. With years of experience both in Turkey and abroad, patients are very pleased with his great communication skills and his remarkable surgery results.\",\n            \"hasOccupation\": {\n                \"@type\": \"Occupation\",\n                \"name\": \"Plastic Surgeon\"\n            },\n            \"knowsLanguage\": {\n                \"@type\": \"Language\",\n                \"name\": \"English\",\n                \"alternateName\": \"en\"\n            },\n            \"honorificSuffix\": \"Prof. Dr. \"\n        },\n        \"hospitalAffiliation\": {\n            \"image\": {\n                \"@type\": \"ImageObject\",\n                \"@id\": \"https:\/\/cliniccenter.co.uk\/wp-content\/uploads\/2021\/12\/aydin-gozu.jpg\/\"\n            }\n        },\n        \"isAcceptingNewPatients\": \"https:\\\/\\\/schema.org\\\/True\",\n        \"isAccessibleForFree\": \"https:\\\/\\\/schema.org\\\/False\",\n        \"medicalSpecialty\": {\n            \"@type\": \"MedicalSpecialty\",\n            \"name\": \"Breast Augmentation (Breast Implants, Breast Enlargement), Breast Lift, Breast Reduction, Rhinoplasty (Nose Job), Septorhinoplasty, Liposuction (Fat Removal), Vaser & Hi-Def Vaser Liposuction, Tummy Tuck, Brazilian Butt Lift (BBL), Facelift (Rhytidectomy), Eyelid Surgery (Blepharoplasty), Gynecomastia (Male Breast Reduction), Mommy Makeover, Thigh Lift (Thighplasty), Neck Lift (Platysmaplasty), Arm Lift  (Brachioplasty), Brow Lift, Cosmetic Ear Surgery (Otoplasty), Cosmetic Surgeries.\"\n        },\n        \"memberOf\": {\n            \"@type\": \"Organization\",\n            \"name\": [\n                \"International Society of Aesthetic Plastic Surgery, Turkish Association of Plastic Reconstructive and Aesthetic Surgery, Turkish Association of Hand Surgery, Association of Reconstructive Microsurgery\"\n            ]\n        },\n        \"name\": \"Prof. Dr. Aydin\"\n    }\n<\/script>\n","protected":false},"excerpt":{"rendered":"<p>Prof. Dr. Aydin este unul dintre cei mai aprecia\u021bi \u0219i talenta\u021bi medici speciali\u0219ti \u00een chirurgie plastic\u0103 din Turcia. Domnul doctor Aydin \u0219i-a finalizat studiile medicale la Facultatea de Medicin\u0103 a Universit\u0103\u021bii Hacettepe \u00een anul 1990, iar ulterior a \u00eenceput s\u0103 lucreze ca asistent de cercetare \u00een cadrul Departamentului de Chirurgie Plastic\u0103, Reconstructiv\u0103 \u0219i Estetic\u0103, unde [&hellip;]<\/p>\n","protected":false},"author":1,"featured_media":0,"parent":59660,"menu_order":0,"comment_status":"closed","ping_status":"closed","template":"","meta":{"_uag_custom_page_level_css":"","_lmt_disableupdate":"no","_lmt_disable":"","site-sidebar-layout":"default","site-content-layout":"default","ast-site-content-layout":"default","site-content-style":"default","site-sidebar-style":"default","ast-global-header-display":"","ast-banner-title-visibility":"","ast-main-header-display":"","ast-hfb-above-header-display":"","ast-hfb-below-header-display":"","ast-hfb-mobile-header-display":"","site-post-title":"","ast-breadcrumbs-content":"","ast-featured-img":"","footer-sml-layout":"","theme-transparent-header-meta":"default","adv-header-id-meta":"","stick-header-meta":"","header-above-stick-meta":"","header-main-stick-meta":"","header-below-stick-meta":"","astra-migrate-meta-layouts":"set","ast-page-background-enabled":"default","ast-page-background-meta":{"desktop":{"background-color":"","background-image":"","background-repeat":"repeat","background-position":"center center","background-size":"auto","background-attachment":"scroll","background-type":"","background-media":"","overlay-type":"","overlay-color":"","overlay-opacity":"","overlay-gradient":""},"tablet":{"background-color":"","background-image":"","background-repeat":"repeat","background-position":"center center","background-size":"auto","background-attachment":"scroll","background-type":"","background-media":"","overlay-type":"","overlay-color":"","overlay-opacity":"","overlay-gradient":""},"mobile":{"background-color":"","background-image":"","background-repeat":"repeat","background-position":"center center","background-size":"auto","background-attachment":"scroll","background-type":"","background-media":"","overlay-type":"","overlay-color":"","overlay-opacity":"","overlay-gradient":""}},"ast-content-background-meta":{"desktop":{"background-color":"var(--ast-global-color-5)","background-image":"","background-repeat":"repeat","background-position":"center center","background-size":"auto","background-attachment":"scroll","background-type":"","background-media":"","overlay-type":"","overlay-color":"","overlay-opacity":"","overlay-gradient":""},"tablet":{"background-color":"var(--ast-global-color-5)","background-image":"","background-repeat":"repeat","background-position":"center center","background-size":"auto","background-attachment":"scroll","background-type":"","background-media":"","overlay-type":"","overlay-color":"","overlay-opacity":"","overlay-gradient":""},"mobile":{"background-color":"var(--ast-global-color-5)","background-image":"","background-repeat":"repeat","background-position":"center center","background-size":"auto","background-attachment":"scroll","background-type":"","background-media":"","overlay-type":"","overlay-color":"","overlay-opacity":"","overlay-gradient":""}},"footnotes":""},"class_list":["post-59727","page","type-page","status-publish","hentry"],"yoast_head":"<!-- This site is optimized with the Yoast SEO plugin v25.3.1 - https:\/\/yoast.com\/wordpress\/plugins\/seo\/ -->\n<title>Prof. Dr. Aydin | Medic \u00een Chirurgie Plastic\u0103 | Clinic Center<\/title>\n<meta name=\"description\" content=\"Cite\u0219te mai multe despre partenerul expert Prof. Dr. Aydin de la Clinic Center, care are 28 de ani de experien\u021b\u0103 \u00een chirurgia plastic\u0103.\" \/>\n<meta name=\"robots\" content=\"index, follow, max-snippet:-1, max-image-preview:large, max-video-preview:-1\" \/>\n<link rel=\"canonical\" href=\"https:\/\/cliniccenter.co.uk\/ro\/prof-dr-aydin\/\" \/>\n<meta property=\"og:locale\" content=\"ro_RO\" \/>\n<meta property=\"og:type\" content=\"article\" \/>\n<meta property=\"og:title\" content=\"Prof. Dr. Aydin | Medic \u00een Chirurgie Plastic\u0103 | Clinic Center\" \/>\n<meta property=\"og:description\" content=\"Cite\u0219te mai multe despre partenerul expert Prof. Dr. Aydin de la Clinic Center, care are 28 de ani de experien\u021b\u0103 \u00een chirurgia plastic\u0103.\" \/>\n<meta property=\"og:url\" content=\"https:\/\/cliniccenter.co.uk\/ro\/prof-dr-aydin\/\" \/>\n<meta property=\"article:publisher\" content=\"https:\/\/www.facebook.com\/cliniccenter.co.uk\/\" \/>\n<meta property=\"article:modified_time\" content=\"2025-09-10T07:40:43+00:00\" \/>\n<meta property=\"og:image\" content=\"https:\/\/cliniccenter.co.uk\/wp-content\/uploads\/2023\/11\/aydin-gozu-517x1024-1.webp\" \/>\n<meta name=\"twitter:card\" content=\"summary_large_image\" \/>\n<meta name=\"twitter:site\" content=\"@cliniccenteruk\" \/>\n<meta name=\"twitter:label1\" content=\"Timp estimat pentru citire\" \/>\n\t<meta name=\"twitter:data1\" content=\"3 minute\" \/>\n<!-- \/ Yoast SEO plugin. -->","yoast_head_json":{"title":"Prof. Dr. Aydin | Medic \u00een Chirurgie Plastic\u0103 | Clinic Center","description":"Cite\u0219te mai multe despre partenerul expert Prof. Dr. Aydin de la Clinic Center, care are 28 de ani de experien\u021b\u0103 \u00een chirurgia plastic\u0103.","robots":{"index":"index","follow":"follow","max-snippet":"max-snippet:-1","max-image-preview":"max-image-preview:large","max-video-preview":"max-video-preview:-1"},"canonical":"https:\/\/cliniccenter.co.uk\/ro\/prof-dr-aydin\/","og_locale":"ro_RO","og_type":"article","og_title":"Prof. Dr. Aydin | Medic \u00een Chirurgie Plastic\u0103 | Clinic Center","og_description":"Cite\u0219te mai multe despre partenerul expert Prof. Dr. Aydin de la Clinic Center, care are 28 de ani de experien\u021b\u0103 \u00een chirurgia plastic\u0103.","og_url":"https:\/\/cliniccenter.co.uk\/ro\/prof-dr-aydin\/","article_publisher":"https:\/\/www.facebook.com\/cliniccenter.co.uk\/","article_modified_time":"2025-09-10T07:40:43+00:00","og_image":[{"url":"https:\/\/cliniccenter.co.uk\/wp-content\/uploads\/2023\/11\/aydin-gozu-517x1024-1.webp","type":"","width":"","height":""}],"twitter_card":"summary_large_image","twitter_site":"@cliniccenteruk","twitter_misc":{"Timp estimat pentru citire":"3 minute"},"schema":{"@context":"https:\/\/schema.org","@graph":[{"@type":"WebPage","@id":"https:\/\/cliniccenter.co.uk\/ro\/prof-dr-aydin\/","url":"https:\/\/cliniccenter.co.uk\/ro\/prof-dr-aydin\/","name":"Prof. Dr. Aydin | Medic \u00een Chirurgie Plastic\u0103 | Clinic Center","isPartOf":{"@id":"https:\/\/cliniccenter.co.uk\/ro\/#website"},"primaryImageOfPage":{"@id":"https:\/\/cliniccenter.co.uk\/ro\/prof-dr-aydin\/#primaryimage"},"image":{"@id":"https:\/\/cliniccenter.co.uk\/ro\/prof-dr-aydin\/#primaryimage"},"thumbnailUrl":"https:\/\/cliniccenter.co.uk\/wp-content\/uploads\/2023\/11\/aydin-gozu-517x1024-1.webp","datePublished":"2018-12-30T05:53:35+00:00","dateModified":"2025-09-10T07:40:43+00:00","description":"Cite\u0219te mai multe despre partenerul expert Prof. Dr. Aydin de la Clinic Center, care are 28 de ani de experien\u021b\u0103 \u00een chirurgia plastic\u0103.","breadcrumb":{"@id":"https:\/\/cliniccenter.co.uk\/ro\/prof-dr-aydin\/#breadcrumb"},"inLanguage":"ro-RO","potentialAction":[{"@type":"ReadAction","target":["https:\/\/cliniccenter.co.uk\/ro\/prof-dr-aydin\/"]}]},{"@type":"ImageObject","inLanguage":"ro-RO","@id":"https:\/\/cliniccenter.co.uk\/ro\/prof-dr-aydin\/#primaryimage","url":"https:\/\/cliniccenter.co.uk\/wp-content\/uploads\/2023\/11\/aydin-gozu-517x1024-1.webp","contentUrl":"https:\/\/cliniccenter.co.uk\/wp-content\/uploads\/2023\/11\/aydin-gozu-517x1024-1.webp"},{"@type":"BreadcrumbList","@id":"https:\/\/cliniccenter.co.uk\/ro\/prof-dr-aydin\/#breadcrumb","itemListElement":[{"@type":"ListItem","position":1,"name":"Home","item":"https:\/\/cliniccenter.co.uk\/ro\/"},{"@type":"ListItem","position":2,"name":"Cei Mai Buni Chirurgi din Turcia | Cele Mai Bune Chirurgii din Turcia","item":"https:\/\/cliniccenter.co.uk\/ro\/doctors\/"},{"@type":"ListItem","position":3,"name":"Prof. Dr. Aydin | Medic \u00een Chirurgie Plastic\u0103 | Clinic Center"}]},{"@type":"WebSite","@id":"https:\/\/cliniccenter.co.uk\/ro\/#website","url":"https:\/\/cliniccenter.co.uk\/ro\/","name":"","description":"","potentialAction":[{"@type":"SearchAction","target":{"@type":"EntryPoint","urlTemplate":"https:\/\/cliniccenter.co.uk\/ro\/?s={search_term_string}"},"query-input":{"@type":"PropertyValueSpecification","valueRequired":true,"valueName":"search_term_string"}}],"inLanguage":"ro-RO"}]}},"uagb_featured_image_src":{"full":false,"thumbnail":false,"medium":false,"medium_large":false,"large":false,"1536x1536":false,"2048x2048":false},"uagb_author_info":{"display_name":"cliniccenter","author_link":"https:\/\/cliniccenter.co.uk\/ro\/blog\/author\/cliniccenter\/"},"uagb_comment_info":0,"uagb_excerpt":"Prof. Dr. Aydin este unul dintre cei mai aprecia\u021bi \u0219i talenta\u021bi medici speciali\u0219ti \u00een chirurgie plastic\u0103 din Turcia. Domnul doctor Aydin \u0219i-a finalizat studiile medicale la Facultatea de Medicin\u0103 a Universit\u0103\u021bii Hacettepe \u00een anul 1990, iar ulterior a \u00eenceput s\u0103 lucreze ca asistent de cercetare \u00een cadrul Departamentului de Chirurgie Plastic\u0103, Reconstructiv\u0103 \u0219i Estetic\u0103, unde&hellip;","_links":{"self":[{"href":"https:\/\/cliniccenter.co.uk\/ro\/wp-json\/wp\/v2\/pages\/59727"}],"collection":[{"href":"https:\/\/cliniccenter.co.uk\/ro\/wp-json\/wp\/v2\/pages"}],"about":[{"href":"https:\/\/cliniccenter.co.uk\/ro\/wp-json\/wp\/v2\/types\/page"}],"author":[{"embeddable":true,"href":"https:\/\/cliniccenter.co.uk\/ro\/wp-json\/wp\/v2\/users\/1"}],"replies":[{"embeddable":true,"href":"https:\/\/cliniccenter.co.uk\/ro\/wp-json\/wp\/v2\/comments?post=59727"}],"version-history":[{"count":4,"href":"https:\/\/cliniccenter.co.uk\/ro\/wp-json\/wp\/v2\/pages\/59727\/revisions"}],"predecessor-version":[{"id":61119,"href":"https:\/\/cliniccenter.co.uk\/ro\/wp-json\/wp\/v2\/pages\/59727\/revisions\/61119"}],"up":[{"embeddable":true,"href":"https:\/\/cliniccenter.co.uk\/ro\/wp-json\/wp\/v2\/pages\/59660"}],"wp:attachment":[{"href":"https:\/\/cliniccenter.co.uk\/ro\/wp-json\/wp\/v2\/media?parent=59727"}],"curies":[{"name":"wp","href":"https:\/\/api.w.org\/{rel}","templated":true}]}}