{"id":59733,"date":"2021-03-19T08:00:01","date_gmt":"2021-03-19T08:00:01","guid":{"rendered":"https:\/\/cliniccenter.co.uk\/doctors\/assoc-prof-dr-daghan\/"},"modified":"2025-09-10T06:37:04","modified_gmt":"2025-09-10T06:37:04","slug":"conf-prof-dr-daghan","status":"publish","type":"page","link":"https:\/\/cliniccenter.co.uk\/ro\/conf-prof-dr-daghan\/","title":{"rendered":"Conf. Prof. Dr. Daghan | Medic \u00een Chirurgie Plastic\u0103 | Clinic Center"},"content":{"rendered":"\n<div class=\"wp-block-columns is-layout-flex wp-container-core-columns-is-layout-3 wp-block-columns-is-layout-flex\">\n<div class=\"wp-block-column is-layout-flow wp-block-column-is-layout-flow\" style=\"flex-basis:33.33%\">\n<figure class=\"wp-block-image size-large\"><img decoding=\"async\" src=\"https:\/\/cliniccenter.co.uk\/wp-content\/uploads\/2023\/11\/daghan-isik-517x1024-1.webp\" alt=\"\" class=\"wp-image-22572\"\/><\/figure>\n<\/div>\n\n\n\n<div class=\"wp-block-column is-layout-flow wp-block-column-is-layout-flow\" style=\"flex-basis:66.66%\">\n<div class=\"wp-block-columns is-layout-flex wp-container-core-columns-is-layout-1 wp-block-columns-is-layout-flex\">\n<div class=\"wp-block-column leftpadbox is-layout-flow wp-block-column-is-layout-flow\">\n<p>Dup\u0103 absolvirea Facult\u0103\u021bii de Medicin\u0103 a Universit\u0103\u021bii Dokuz Eylul \u00een anul 1999, domnul doctor Daghan \u0219i-a finalizat preg\u0103tirea de specialitate \u00een Chirurgie Plastic\u0103, Reconstructiv\u0103 \u0219i Estetic\u0103 \u00een anul 2005 la Universitatea Gaziantep. Dr. Daghan \u0219i-a efectuat serviciul medical obligatoriu \u00een Gaziantep \u00eentre anii 2005-2007.<\/p>\n\n\n\n<p>Pentru a dob\u00e2ndi o experien\u021b\u0103 considerabil\u0103, doctor Daghan a lucrat \u00een anul 2008 \u00een cadrul Clinicii de Chirurgie Plastic\u0103 a Universit\u0103\u021bii de Stat din Ohio, SUA. \u00cen perioada 2008\u20132013, a activat ca lector \u00een cadrul Departamentului de Chirurgie Plastic\u0103, Reconstructiv\u0103 \u0219i Estetic\u0103 al Facult\u0103\u021bii de Medicin\u0103 a Universit\u0103\u021bii Van Yuzuncu Yil, iar \u00een anul 2011 a devenit \u0219eful departamentului. Doctor Daghan a ob\u021binut titlul de Conferen\u021biar Universitar \u00een anul 2012, av\u00e2nd o supraspecializare \u00een Chirurgie Maxilo-Facial\u0103. Dup\u0103 ce a realizat mii de opera\u021bii de succes, doctor Daghan a continuat s\u0103 lucreze \u00een cadrul Facult\u0103\u021bii de Medicin\u0103 a Universit\u0103\u021bii Izmir Katip Celebi \u00eentre anii 2013\u20132016.<\/p>\n\n\n\n<p>Dr. Daghan este membru al Asocia\u021biei Turce de Chirurgie Plastic\u0103, Reconstructiv\u0103 \u0219i Estetic\u0103, precum \u0219i al Asocia\u021biei Medicale Turce. Are publicate aproximativ 60 de articole interna\u021bionale \u0219i 20 na\u021bionale, precum \u0219i numeroase lucr\u0103ri \u0219tiin\u021bifice prezentate la congrese na\u021bionale \u0219i interna\u021bionale. Datorit\u0103 anilor de experien\u021b\u0103 \u0219i numeroaselor succese academice, at\u00e2t \u00een Turcia c\u00e2t \u0219i \u00een Statele Unite ale Americii, pacien\u021bii sunt extrem de mul\u021bumi\u021bi de rezultatele remarcabile ale fiec\u0103rei opera\u021bii, precum \u0219i de abilit\u0103\u021bile excelente de comunicare ale domnului doctor.<\/p>\n<\/div>\n<\/div>\n\n\n\n<div class=\"wp-block-columns is-layout-flex wp-container-core-columns-is-layout-2 wp-block-columns-is-layout-flex\">\n<div class=\"wp-block-column leftpadbox is-layout-flow wp-block-column-is-layout-flow\">\n<p><strong>Experien\u021b\u0103:<\/strong> 16 ani<br><span id=\"docs-internal-guid-a10687cf-7fff-8960-f921-af86324b529e\"><span style=\"font-size: 11.5pt; font-family: Roboto, sans-serif; background-color: transparent; font-weight: 700; font-variant-numeric: normal; font-variant-east-asian: normal; font-variant-alternates: normal; font-variant-position: normal; font-variant-emoji: normal; vertical-align: baseline;\">P<\/span><\/span><strong>acien\u021bi interna\u021bionali trata\u021bi:<\/strong> Regatul Unit, Irlanda, Australia, Statele Unite ale Americii, Canada, Germania, Fran\u021ba, Emiratele Arabe Unite, Arabia Saudit\u0103<br><strong>Domenii de specializare:<\/strong> <a href=\"https:\/\/cliniccenter.co.uk\/ro\/implanturi-mamare-in-turcia\/\">Augmentare mamar\u0103 (implanturi mamare, m\u0103rirea s\u00e2nilor)<\/a>, <a href=\"https:\/\/cliniccenter.co.uk\/ro\/lifting-mamar-in-turcia\/\">lifting mamar<\/a>, <a href=\"#\">reduc\u021bie mamar\u0103<\/a>, <a href=\"https:\/\/cliniccenter.co.uk\/ro\/rinoplastie-in-turcia\/\">rinoplastie (opera\u021bie estetic\u0103 a nasului)<\/a>, <a href=\"#\">\u00a0septorinoplastie<\/a>, <a href=\"https:\/\/cliniccenter.co.uk\/ro\/liposuctie-in-turcia\/\">liposuc\u021bie (\u00eendep\u0103rtarea gr\u0103simii)<\/a>, <a href=\"https:\/\/cliniccenter.co.uk\/ro\/liposuctie-in-turcia\/\">liposuc\u021bie Vaser &amp; Hi-Def Vaser<\/a>, <a href=\"#\">abdominoplastie<\/a>, <a href=\"#\">liftingul brazilian de feselor (BBL)<\/a>, <a href=\"#\">lifting facial (ritidectomie)<\/a>, <a href=\"#\">blefaroplastie (chirurgia pleoapelor)<\/a>, <a href=\"https:\/\/cliniccenter.co.uk\/gynecomastia-in-turkey\/\">g<\/a><a href=\"#\">inecomastie (reduc\u021bia s\u00e2nilor la b\u0103rba\u021bi)<\/a>, <a href=\"#\">Mommy Makeover<\/a>, <a href=\"#\">lifting cervical (platismoplastie)<\/a>, <a href=\"#\">lifting brahial (brahioplastie)<\/a>, <a href=\"#\">lifting al spr\u00e2ncenelor<\/a>, <a href=\"#\">otoplastie (chirurgie estetic\u0103 a urechilor)<\/a>, <a href=\"#\">Cosmetic Surgeries<\/a>.<br><strong>Apartenen\u021b\u0103 profesional\u0103:<\/strong> Asocia\u021bia Turc\u0103 de Chirurgie Plastic\u0103, Reconstructiv\u0103 \u0219i Estetic\u0103; Asocia\u021bia Medical\u0103 Turc\u0103<br><strong>Ora\u0219:<\/strong> Istanbul, Turcia<br><strong>Zile de lucru:<\/strong> Zilele lucr\u0103toare \u0219i s\u00e2mb\u0103ta<br><strong>Limbi vorbite:<\/strong> Englez\u0103<br><strong>Contact<\/strong>:\u00a0+44 20 3575 1039 &amp; info@cliniccenter.co.uk<br><strong><a href=\"https:\/\/cliniccenter.co.uk\/ro\/chirurgie-estetica\/\">Chirurgi plasticieni<\/a><\/strong><\/p>\n<\/div>\n<\/div>\n<\/div>\n<\/div>\n\n\n\n<script type=\"application\/ld+json\">\n    {\n        \"@context\": \"http:\\\/\\\/schema.org\",\n        \"@type\": \"Physician\",\n        \"@id\": \"https:\/\/cliniccenter.co.uk\/assoc-prof-dr-daghan\/\",\n        \"areaServed\": {\n            \"@type\": \"Place\",\n            \"name\": \"Istanbul, Turkey\"\n        },\n        \"alumniOf\": {\n            \"@type\": \"OrganizationRole\",\n            \"alumniOf\": {\n                \"@type\": \"CollegeOrUniversity\",\n                \"name\": \"Dokuz Eylul University\"\n            }\n        },\n        \"employee\": {\n            \"@type\": \"Person\",\n            \"@id\": \"https:\/\/cliniccenter.co.uk\/assoc-prof-dr-daghan\/\",\n            \"description\": \"Upon graduating from Dokuz Eylul University Faculty of Medicine in 1999, Doctor Daghan completed his specialty training in Plastic, Reconstructive and Aesthetic Surgery in 2005 at Gaziantep University. Dr. Isik completed his compulsory service in Gaziantep between 2005-2007.To gain considerable experience, MD, Daghan worked in Ohio State University Plastic Surgery Clinic in the USA in 2008. Between the years of 2008-2013, he started as a lecturer in the Department of Plastic, Reconstructive and Aesthetic Surgery at Van Yuzuncu Yil University Faculty of Medicine and in 2011 he became the head of the department. Doctor Daghan received the title of Associate Professor in 2012 with the specialty degree in Maxillofacial Surgery Having performed thousands of successful surgeries, MD, Daghan also worked at Izmir Katip Celebi University Faculty of Medicine between the years of 2013-2016.Doctor Daghan is a member of the Turkish Plastic, Reconstructive and Aesthetic Surgery Association and the Turkish Medical Association. He has about 60 international and 20 national articles published and many national and international papers. With years of experience and many academical successes both in Turkey and in the USA, patients are very pleased with his remarkable surgery results and great communication skills.\",\n            \"hasOccupation\": {\n                \"@type\": \"Occupation\",\n                \"name\": \"Plastic Surgeon\"\n            },\n            \"knowsLanguage\": {\n                \"@type\": \"Language\",\n                \"name\": \"English\",\n                \"alternateName\": \"en\"\n            },\n            \"honorificSuffix\": \"Assoc. Prof. Dr. \"\n        },\n        \"hospitalAffiliation\": {\n            \"image\": {\n                \"@type\": \"ImageObject\",\n                \"@id\": \"https:\/\/cliniccenter.co.uk\/wp-content\/uploads\/2021\/12\/daghan-isik.jpg\/\"\n            }\n        },\n        \"isAcceptingNewPatients\": \"https:\\\/\\\/schema.org\\\/True\",\n        \"isAccessibleForFree\": \"https:\\\/\\\/schema.org\\\/False\",\n        \"medicalSpecialty\": {\n            \"@type\": \"MedicalSpecialty\",\n            \"name\": \"Breast Augmentation (Breast Implants, Breast Enlargement), Breast Lift, Breast Reduction, Rhinoplasty (Nose Job), Septorhinoplasty, Liposuction (Fat Removal), Vaser & Hi-Def Vaser Liposuction, Tummy Tuck, Brazilian Butt Lift (BBL), Facelift (Rhytidectomy), Eyelid Surgery (Blepharoplasty), Gynecomastia (Male Breast Reduction), Mommy Makeover, Thigh Lift (Thighplasty), Neck Lift (Platysmaplasty), Arm Lift  (Brachioplasty), Brow Lift, Cosmetic Ear Surgery (Otoplasty), Cosmetic Surgeries.\"\n        },\n        \"memberOf\": {\n            \"@type\": \"Organization\",\n            \"name\": [\n                \"Turkish Plastic, Reconstructive and Aesthetic Surgery Association, Turkish Medical Associationa\"\n            ]\n        },\n        \"name\": \"Assoc. Prof. Dr. Daghan\"\n    }\n<\/script>\n","protected":false},"excerpt":{"rendered":"<p>Dup\u0103 absolvirea Facult\u0103\u021bii de Medicin\u0103 a Universit\u0103\u021bii Dokuz Eylul \u00een anul 1999, domnul doctor Daghan \u0219i-a finalizat preg\u0103tirea de specialitate \u00een Chirurgie Plastic\u0103, Reconstructiv\u0103 \u0219i Estetic\u0103 \u00een anul 2005 la Universitatea Gaziantep. Dr. Daghan \u0219i-a efectuat serviciul medical obligatoriu \u00een Gaziantep \u00eentre anii 2005-2007. Pentru a dob\u00e2ndi o experien\u021b\u0103 considerabil\u0103, doctor Daghan a lucrat \u00een [&hellip;]<\/p>\n","protected":false},"author":2,"featured_media":0,"parent":59660,"menu_order":0,"comment_status":"closed","ping_status":"closed","template":"","meta":{"_uag_custom_page_level_css":"","_lmt_disableupdate":"no","_lmt_disable":"","site-sidebar-layout":"default","site-content-layout":"default","ast-site-content-layout":"default","site-content-style":"default","site-sidebar-style":"default","ast-global-header-display":"","ast-banner-title-visibility":"","ast-main-header-display":"","ast-hfb-above-header-display":"","ast-hfb-below-header-display":"","ast-hfb-mobile-header-display":"","site-post-title":"","ast-breadcrumbs-content":"","ast-featured-img":"","footer-sml-layout":"","theme-transparent-header-meta":"default","adv-header-id-meta":"","stick-header-meta":"","header-above-stick-meta":"","header-main-stick-meta":"","header-below-stick-meta":"","astra-migrate-meta-layouts":"set","ast-page-background-enabled":"default","ast-page-background-meta":{"desktop":{"background-color":"","background-image":"","background-repeat":"repeat","background-position":"center center","background-size":"auto","background-attachment":"scroll","background-type":"","background-media":"","overlay-type":"","overlay-color":"","overlay-opacity":"","overlay-gradient":""},"tablet":{"background-color":"","background-image":"","background-repeat":"repeat","background-position":"center center","background-size":"auto","background-attachment":"scroll","background-type":"","background-media":"","overlay-type":"","overlay-color":"","overlay-opacity":"","overlay-gradient":""},"mobile":{"background-color":"","background-image":"","background-repeat":"repeat","background-position":"center center","background-size":"auto","background-attachment":"scroll","background-type":"","background-media":"","overlay-type":"","overlay-color":"","overlay-opacity":"","overlay-gradient":""}},"ast-content-background-meta":{"desktop":{"background-color":"var(--ast-global-color-5)","background-image":"","background-repeat":"repeat","background-position":"center center","background-size":"auto","background-attachment":"scroll","background-type":"","background-media":"","overlay-type":"","overlay-color":"","overlay-opacity":"","overlay-gradient":""},"tablet":{"background-color":"var(--ast-global-color-5)","background-image":"","background-repeat":"repeat","background-position":"center center","background-size":"auto","background-attachment":"scroll","background-type":"","background-media":"","overlay-type":"","overlay-color":"","overlay-opacity":"","overlay-gradient":""},"mobile":{"background-color":"var(--ast-global-color-5)","background-image":"","background-repeat":"repeat","background-position":"center center","background-size":"auto","background-attachment":"scroll","background-type":"","background-media":"","overlay-type":"","overlay-color":"","overlay-opacity":"","overlay-gradient":""}},"footnotes":""},"class_list":["post-59733","page","type-page","status-publish","hentry"],"yoast_head":"<!-- This site is optimized with the Yoast SEO plugin v25.3.1 - https:\/\/yoast.com\/wordpress\/plugins\/seo\/ -->\n<title>Conf. Prof. Dr. Daghan | Medic \u00een Chirurgie Plastic\u0103 | Clinic Center<\/title>\n<meta name=\"description\" content=\"Cite\u0219te mai multe despre expertul partener Conf. Univ. Dr. Da\u011fhan de la Clinic Center, cu o experien\u021b\u0103 de peste 15 ani \u00een chirurgia estetic\u0103.\" \/>\n<meta name=\"robots\" content=\"index, follow, max-snippet:-1, max-image-preview:large, max-video-preview:-1\" \/>\n<link rel=\"canonical\" href=\"https:\/\/cliniccenter.co.uk\/ro\/conf-prof-dr-daghan\/\" \/>\n<meta property=\"og:locale\" content=\"ro_RO\" \/>\n<meta property=\"og:type\" content=\"article\" \/>\n<meta property=\"og:title\" content=\"Conf. Prof. Dr. Daghan | Medic \u00een Chirurgie Plastic\u0103 | Clinic Center\" \/>\n<meta property=\"og:description\" content=\"Cite\u0219te mai multe despre expertul partener Conf. Univ. Dr. Da\u011fhan de la Clinic Center, cu o experien\u021b\u0103 de peste 15 ani \u00een chirurgia estetic\u0103.\" \/>\n<meta property=\"og:url\" content=\"https:\/\/cliniccenter.co.uk\/ro\/conf-prof-dr-daghan\/\" \/>\n<meta property=\"article:publisher\" content=\"https:\/\/www.facebook.com\/cliniccenter.co.uk\/\" \/>\n<meta property=\"article:modified_time\" content=\"2025-09-10T06:37:04+00:00\" \/>\n<meta property=\"og:image\" content=\"https:\/\/cliniccenter.co.uk\/wp-content\/uploads\/2023\/11\/daghan-isik-517x1024-1.webp\" \/>\n<meta name=\"twitter:card\" content=\"summary_large_image\" \/>\n<meta name=\"twitter:site\" content=\"@cliniccenteruk\" \/>\n<meta name=\"twitter:label1\" content=\"Timp estimat pentru citire\" \/>\n\t<meta name=\"twitter:data1\" content=\"2 minute\" \/>\n<!-- \/ Yoast SEO plugin. -->","yoast_head_json":{"title":"Conf. Prof. Dr. Daghan | Medic \u00een Chirurgie Plastic\u0103 | Clinic Center","description":"Cite\u0219te mai multe despre expertul partener Conf. Univ. Dr. Da\u011fhan de la Clinic Center, cu o experien\u021b\u0103 de peste 15 ani \u00een chirurgia estetic\u0103.","robots":{"index":"index","follow":"follow","max-snippet":"max-snippet:-1","max-image-preview":"max-image-preview:large","max-video-preview":"max-video-preview:-1"},"canonical":"https:\/\/cliniccenter.co.uk\/ro\/conf-prof-dr-daghan\/","og_locale":"ro_RO","og_type":"article","og_title":"Conf. Prof. Dr. Daghan | Medic \u00een Chirurgie Plastic\u0103 | Clinic Center","og_description":"Cite\u0219te mai multe despre expertul partener Conf. Univ. Dr. Da\u011fhan de la Clinic Center, cu o experien\u021b\u0103 de peste 15 ani \u00een chirurgia estetic\u0103.","og_url":"https:\/\/cliniccenter.co.uk\/ro\/conf-prof-dr-daghan\/","article_publisher":"https:\/\/www.facebook.com\/cliniccenter.co.uk\/","article_modified_time":"2025-09-10T06:37:04+00:00","og_image":[{"url":"https:\/\/cliniccenter.co.uk\/wp-content\/uploads\/2023\/11\/daghan-isik-517x1024-1.webp","type":"","width":"","height":""}],"twitter_card":"summary_large_image","twitter_site":"@cliniccenteruk","twitter_misc":{"Timp estimat pentru citire":"2 minute"},"schema":{"@context":"https:\/\/schema.org","@graph":[{"@type":"WebPage","@id":"https:\/\/cliniccenter.co.uk\/ro\/conf-prof-dr-daghan\/","url":"https:\/\/cliniccenter.co.uk\/ro\/conf-prof-dr-daghan\/","name":"Conf. Prof. Dr. Daghan | Medic \u00een Chirurgie Plastic\u0103 | Clinic Center","isPartOf":{"@id":"https:\/\/cliniccenter.co.uk\/ro\/#website"},"primaryImageOfPage":{"@id":"https:\/\/cliniccenter.co.uk\/ro\/conf-prof-dr-daghan\/#primaryimage"},"image":{"@id":"https:\/\/cliniccenter.co.uk\/ro\/conf-prof-dr-daghan\/#primaryimage"},"thumbnailUrl":"https:\/\/cliniccenter.co.uk\/wp-content\/uploads\/2023\/11\/daghan-isik-517x1024-1.webp","datePublished":"2021-03-19T08:00:01+00:00","dateModified":"2025-09-10T06:37:04+00:00","description":"Cite\u0219te mai multe despre expertul partener Conf. Univ. Dr. Da\u011fhan de la Clinic Center, cu o experien\u021b\u0103 de peste 15 ani \u00een chirurgia estetic\u0103.","breadcrumb":{"@id":"https:\/\/cliniccenter.co.uk\/ro\/conf-prof-dr-daghan\/#breadcrumb"},"inLanguage":"ro-RO","potentialAction":[{"@type":"ReadAction","target":["https:\/\/cliniccenter.co.uk\/ro\/conf-prof-dr-daghan\/"]}]},{"@type":"ImageObject","inLanguage":"ro-RO","@id":"https:\/\/cliniccenter.co.uk\/ro\/conf-prof-dr-daghan\/#primaryimage","url":"https:\/\/cliniccenter.co.uk\/wp-content\/uploads\/2023\/11\/daghan-isik-517x1024-1.webp","contentUrl":"https:\/\/cliniccenter.co.uk\/wp-content\/uploads\/2023\/11\/daghan-isik-517x1024-1.webp"},{"@type":"BreadcrumbList","@id":"https:\/\/cliniccenter.co.uk\/ro\/conf-prof-dr-daghan\/#breadcrumb","itemListElement":[{"@type":"ListItem","position":1,"name":"Home","item":"https:\/\/cliniccenter.co.uk\/ro\/"},{"@type":"ListItem","position":2,"name":"Cei Mai Buni Chirurgi din Turcia | Cele Mai Bune Chirurgii din Turcia","item":"https:\/\/cliniccenter.co.uk\/ro\/doctors\/"},{"@type":"ListItem","position":3,"name":"Conf. Prof. Dr. Daghan | Medic \u00een Chirurgie Plastic\u0103 | Clinic Center"}]},{"@type":"WebSite","@id":"https:\/\/cliniccenter.co.uk\/ro\/#website","url":"https:\/\/cliniccenter.co.uk\/ro\/","name":"","description":"","potentialAction":[{"@type":"SearchAction","target":{"@type":"EntryPoint","urlTemplate":"https:\/\/cliniccenter.co.uk\/ro\/?s={search_term_string}"},"query-input":{"@type":"PropertyValueSpecification","valueRequired":true,"valueName":"search_term_string"}}],"inLanguage":"ro-RO"}]}},"uagb_featured_image_src":{"full":false,"thumbnail":false,"medium":false,"medium_large":false,"large":false,"1536x1536":false,"2048x2048":false},"uagb_author_info":{"display_name":"Sertac Ceki","author_link":"https:\/\/cliniccenter.co.uk\/ro\/blog\/author\/sertaccliniccenter-co-uk\/"},"uagb_comment_info":0,"uagb_excerpt":"Dup\u0103 absolvirea Facult\u0103\u021bii de Medicin\u0103 a Universit\u0103\u021bii Dokuz Eylul \u00een anul 1999, domnul doctor Daghan \u0219i-a finalizat preg\u0103tirea de specialitate \u00een Chirurgie Plastic\u0103, Reconstructiv\u0103 \u0219i Estetic\u0103 \u00een anul 2005 la Universitatea Gaziantep. Dr. Daghan \u0219i-a efectuat serviciul medical obligatoriu \u00een Gaziantep \u00eentre anii 2005-2007. Pentru a dob\u00e2ndi o experien\u021b\u0103 considerabil\u0103, doctor Daghan a lucrat \u00een&hellip;","_links":{"self":[{"href":"https:\/\/cliniccenter.co.uk\/ro\/wp-json\/wp\/v2\/pages\/59733"}],"collection":[{"href":"https:\/\/cliniccenter.co.uk\/ro\/wp-json\/wp\/v2\/pages"}],"about":[{"href":"https:\/\/cliniccenter.co.uk\/ro\/wp-json\/wp\/v2\/types\/page"}],"author":[{"embeddable":true,"href":"https:\/\/cliniccenter.co.uk\/ro\/wp-json\/wp\/v2\/users\/2"}],"replies":[{"embeddable":true,"href":"https:\/\/cliniccenter.co.uk\/ro\/wp-json\/wp\/v2\/comments?post=59733"}],"version-history":[{"count":2,"href":"https:\/\/cliniccenter.co.uk\/ro\/wp-json\/wp\/v2\/pages\/59733\/revisions"}],"predecessor-version":[{"id":61097,"href":"https:\/\/cliniccenter.co.uk\/ro\/wp-json\/wp\/v2\/pages\/59733\/revisions\/61097"}],"up":[{"embeddable":true,"href":"https:\/\/cliniccenter.co.uk\/ro\/wp-json\/wp\/v2\/pages\/59660"}],"wp:attachment":[{"href":"https:\/\/cliniccenter.co.uk\/ro\/wp-json\/wp\/v2\/media?parent=59733"}],"curies":[{"name":"wp","href":"https:\/\/api.w.org\/{rel}","templated":true}]}}