{"id":59738,"date":"2021-04-20T13:29:22","date_gmt":"2021-04-20T13:29:22","guid":{"rendered":"https:\/\/cliniccenter.co.uk\/doctors\/assoc-prof-dr-celalettin\/"},"modified":"2025-09-10T07:43:51","modified_gmt":"2025-09-10T07:43:51","slug":"conf-prof-dr-celalettin","status":"publish","type":"page","link":"https:\/\/cliniccenter.co.uk\/ro\/conf-prof-dr-celalettin\/","title":{"rendered":"Conf. Prof. Dr. Celalettin | Medic \u00een Chirurgie Plastic\u0103 | Clinic Center"},"content":{"rendered":"\n<div class=\"wp-block-columns is-layout-flex wp-container-core-columns-is-layout-3 wp-block-columns-is-layout-flex\">\n<div class=\"wp-block-column is-layout-flow wp-block-column-is-layout-flow\" style=\"flex-basis:33.33%\">\n<figure class=\"wp-block-image size-large \"><img decoding=\"async\" src=\"https:\/\/cliniccenter.co.uk\/wp-content\/uploads\/2023\/11\/celalettin-sever-517x1024-1.webp\" alt=\"\" class=\"wp-image-22579 skip-lazy\"\/><\/figure>\n<\/div>\n\n\n\n<div class=\"wp-block-column is-layout-flow wp-block-column-is-layout-flow\" style=\"flex-basis:66.66%\">\n<div class=\"wp-block-columns is-layout-flex wp-container-core-columns-is-layout-1 wp-block-columns-is-layout-flex\">\n<div class=\"wp-block-column leftpadbox is-layout-flow wp-block-column-is-layout-flow\">\n<p>Doctor Celalettin este unul dintre cei mai experimenta\u021bi \u0219i talenta\u021bi medici speciali\u0219ti \u00een chirurgie plastic\u0103 din Turcia. \u0218i-a finalizat studiile medicale la Academia Medical\u0103 Militar\u0103 G\u00fclhane, Facultatea de Medicin\u0103, \u00een anul 1998, iar \u00eentre anii 2002\u20132017 a lucrat \u00een cadrul Spitalului de Training Haydarpa\u0219a, \u00een Departamentul de Chirurgie Plastic\u0103, Estetic\u0103, Reconstructiv\u0103 \u0219i \u00cengrijirea Arsurilor, unde a acumulat o experien\u021b\u0103 considerabil\u0103. Domnul doctor Celalettin a ob\u021binut titlul de Conferen\u021biar Universitar \u00een anul 2014. \u00cen parcursul s\u0103u profesional de succes, doctor Celalettin s-a concentrat \u00een principal asupra opera\u021biilor mamare, procedurilor de conturare corporal\u0103, interven\u021biilor estetice faciale, opera\u021biilor pentru tratamentul arsurilor, procedurilor de estetic\u0103 medical\u0103 \u0219i opera\u021biilor la nivelul nasului.<\/p>\n\n\n\n<p>Doctor Celalettin are peste 70 de publica\u021bii interna\u021bionale, pentru care a fost recompensat cu 3 premii, precum \u0219i peste 150 de prezent\u0103ri la congrese interna\u021bionale \u0219i na\u021bionale. Particip\u0103 activ la \u00eent\u00e2lniri regulate pentru a urm\u0103ri evolu\u021biile tehnologice \u0219i cele mai noi tehnici din domeniul s\u0103u. Datorit\u0103 educa\u021biei sale vaste \u0219i anilor de experien\u021b\u0103, pacien\u021bii sunt foarte mul\u021bumi\u021bi at\u00e2t de rezultatele reu\u0219ite ale fiec\u0103rei opera\u021bii, c\u00e2t \u0219i de abilit\u0103\u021bile sale de comunicare.<\/p>\n<\/div>\n<\/div>\n\n\n\n<h3 class=\"wp-block-heading\">Certificate<\/h3>\n\n\n\n<figure class=\"wp-block-gallery has-nested-images columns-default is-cropped wp-block-gallery-1 is-layout-flex wp-block-gallery-is-layout-flex\">\n<figure class=\"wp-block-image size-large\"><img decoding=\"async\" width=\"250\" height=\"175\" src=\"https:\/\/cliniccenter.co.uk\/wp-content\/uploads\/2021\/09\/celalettin-sever-4-3.jpeg\" alt=\"\" class=\"wp-image-16612\"\/><\/figure>\n\n\n\n<figure class=\"wp-block-image size-large\"><img decoding=\"async\" width=\"250\" height=\"177\" src=\"https:\/\/cliniccenter.co.uk\/wp-content\/uploads\/2021\/09\/celalettin-sever-certificate-1-2.jpeg\" alt=\"\" class=\"wp-image-16618\"\/><\/figure>\n<\/figure>\n\n\n\n<figure class=\"wp-block-gallery has-nested-images columns-default is-cropped wp-block-gallery-2 is-layout-flex wp-block-gallery-is-layout-flex\">\n<figure class=\"wp-block-image size-large\"><img decoding=\"async\" width=\"250\" height=\"346\" src=\"https:\/\/cliniccenter.co.uk\/wp-content\/uploads\/2021\/09\/celalettin-sever-3-1.jpeg\" alt=\"\" class=\"wp-image-16598\" srcset=\"https:\/\/cliniccenter.co.uk\/wp-content\/uploads\/2021\/09\/celalettin-sever-3-1.jpeg 250w, https:\/\/cliniccenter.co.uk\/wp-content\/uploads\/2021\/09\/celalettin-sever-3-1-217x300.jpeg 217w\" sizes=\"(max-width: 250px) 100vw, 250px\" \/><\/figure>\n\n\n\n<figure class=\"wp-block-image size-large\"><img decoding=\"async\" width=\"250\" height=\"369\" src=\"https:\/\/cliniccenter.co.uk\/wp-content\/uploads\/2021\/09\/celalettin-sever-certificate-2-1.jpeg\" alt=\"\" class=\"wp-image-16604\" srcset=\"https:\/\/cliniccenter.co.uk\/wp-content\/uploads\/2021\/09\/celalettin-sever-certificate-2-1.jpeg 250w, https:\/\/cliniccenter.co.uk\/wp-content\/uploads\/2021\/09\/celalettin-sever-certificate-2-1-203x300.jpeg 203w\" sizes=\"(max-width: 250px) 100vw, 250px\" \/><\/figure>\n<\/figure>\n\n\n\n<div class=\"wp-block-columns is-layout-flex wp-container-core-columns-is-layout-2 wp-block-columns-is-layout-flex\">\n<div class=\"wp-block-column leftpadbox is-layout-flow wp-block-column-is-layout-flow\">\n<p><strong>Experien\u021b\u0103:<\/strong> 22 de ani<br><span id=\"docs-internal-guid-a10687cf-7fff-8960-f921-af86324b529e\"><span style=\"font-size: 11.5pt; font-family: Roboto, sans-serif; background-color: transparent; font-weight: 700; font-variant-numeric: normal; font-variant-east-asian: normal; font-variant-alternates: normal; font-variant-position: normal; font-variant-emoji: normal; vertical-align: baseline;\">P<\/span><\/span><strong>acien\u021bi interna\u021bionali trata\u021bi:<\/strong> Regatul Unit, Irlanda, Australia, Statele Unite ale Americii, Emiratele Arabe Unite, Arabia Saudit\u0103, Kuweit<br><strong>Domenii de specializare:<\/strong> <a href=\"https:\/\/cliniccenter.co.uk\/ro\/implanturi-mamare-in-turcia\/\">Augmentare mamar\u0103 (implanturi mamare, m\u0103rirea s\u00e2nilor)<\/a>, <a href=\"https:\/\/cliniccenter.co.uk\/ro\/lifting-mamar-in-turcia\/\">lifting mamar<\/a>, <a href=\"#\">reduc\u021bie mamar\u0103<\/a>, <a href=\"https:\/\/cliniccenter.co.uk\/ro\/rinoplastie-in-turcia\/\">rinoplastie (opera\u021bie estetic\u0103 a nasului)<\/a>, <a href=\"#\">\u00a0septorinoplastie<\/a>, <a href=\"https:\/\/cliniccenter.co.uk\/ro\/liposuctie-in-turcia\/\">liposuc\u021bie (\u00eendep\u0103rtarea gr\u0103simii)<\/a>, <a href=\"https:\/\/cliniccenter.co.uk\/ro\/liposuctie-in-turcia\/\">liposuc\u021bie Vaser &amp; Hi-Def Vaser<\/a>, <a href=\"#\">abdominoplastie<\/a>, <a href=\"#\">liftingul brazilian de feselor (BBL)<\/a>, <a href=\"#\">lifting facial (ritidectomie)<\/a>, <a href=\"#\">blefaroplastie (chirurgia pleoapelor)<\/a>, <a href=\"https:\/\/cliniccenter.co.uk\/gynecomastia-in-turkey\/\">g<\/a><a href=\"#\">inecomastie (reduc\u021bia s\u00e2nilor la b\u0103rba\u021bi)<\/a>, <a href=\"#\">Mommy Makeover<\/a>, <a href=\"#\">lifting cervical (platismoplastie)<\/a>, <a href=\"#\">lifting brahial (brahioplastie)<\/a>, <a href=\"#\">lifting al spr\u00e2ncenelor<\/a>, <a href=\"#\">otoplastie (chirurgie estetic\u0103 a urechilor)<\/a>, <a href=\"#\">Cosmetic Surgeries<\/a>.<br><strong>Apartenen\u021b\u0103 profesional\u0103: <\/strong>Asocia\u021bia Turc\u0103 de Chirurgie Plastic\u0103, Reconstructiv\u0103 \u0219i Estetic\u0103; Asocia\u021bia Turc\u0103 de Chirurgie Plastic\u0103 Estetic\u0103; Societatea Turc\u0103 de Microchirurgie Reconstructiv\u0103<br><strong>Ora\u0219:<\/strong> Istanbul, Turcia<br><strong>Zile de lucru:<\/strong> Zilele lucr\u0103toare \u0219i s\u00e2mb\u0103ta<br><strong>Limbi vorbite:<\/strong> Englez\u0103<br><strong>Contact<\/strong>:\u00a0+44 20 3575 1039 &amp; info@cliniccenter.co.uk<br><strong><a href=\"https:\/\/cliniccenter.co.uk\/ro\/chirurgie-estetica\/\">Chirurgi plasticieni<\/a><\/strong><\/p>\n<\/div>\n<\/div>\n<\/div>\n<\/div>\n\n\n\n<script type=\"application\/ld+json\">\n    {\n        \"@context\": \"http:\\\/\\\/schema.org\",\n        \"@type\": \"Physician\",\n        \"@id\": \"https:\/\/cliniccenter.co.uk\/assoc-prof-dr-celalettin\/\",\n        \"areaServed\": {\n            \"@type\": \"Place\",\n            \"name\": \"Istanbul, Turkey\"\n        },\n        \"alumniOf\": {\n            \"@type\": \"OrganizationRole\",\n            \"alumniOf\": {\n                \"@type\": \"CollegeOrUniversity\",\n                \"name\": \"Gulhane Military Medical Academy\"\n            }\n        },\n        \"employee\": {\n            \"@type\": \"Person\",\n            \"@id\": \"https:\/\/cliniccenter.co.uk\/assoc-prof-dr-celalettin\/\",\n            \"description\": \"MD, Celalettin is one of the most experienced and talented plastic surgeons in Turkey. He completed his medical education at Gulhane Military Medical Academy, Faculty of Medicine in 1998, and worked at Haydarpasa Training Hospital from 2002 to 2017 in the Plastic, Aesthetic, Reconstructive Surgery and Burn Care Department where he gained considerable experience. Dr. Celalettin became Associate Professor in 2014. During his successful career, Doctor Celalettin mainly focused on breast surgeries, body sculpturing procedures, aesthetic face surgeries, burn care surgeries, medical aesthetic procedures and nose surgeries.Doctor Celalettin has over 70 international publications for which he holds 3 awards and over 150 international and national congree presentations. He actively attends regular meetings to follow the technological advancements and the newest techniques in his field. Thanks to his comprehensive education and years of experience both, his patients are happy with his successful surgery results and good communication skills.\",\n            \"hasOccupation\": {\n                \"@type\": \"Occupation\",\n                \"name\": \"Plastic Surgeon\"\n            },\n            \"knowsLanguage\": {\n                \"@type\": \"Language\",\n                \"name\": \"English\",\n                \"alternateName\": \"en\"\n            },\n            \"honorificSuffix\": \"Assoc. Prof. Dr. \"\n        },\n        \"hospitalAffiliation\": {\n            \"image\": {\n                \"@type\": \"ImageObject\",\n                \"@id\": \"https:\/\/cliniccenter.co.uk\/wp-content\/uploads\/2021\/12\/celalettin-sever.jpg\"\n            }\n        },\n        \"isAcceptingNewPatients\": \"https:\\\/\\\/schema.org\\\/True\",\n        \"isAccessibleForFree\": \"https:\\\/\\\/schema.org\\\/False\",\n        \"medicalSpecialty\": {\n            \"@type\": \"MedicalSpecialty\",\n            \"name\": \"Breast Augmentation (Breast Implants, Breast Enlargement), Breast Lift, Breast Reduction, Rhinoplasty (Nose Job), Septorhinoplasty, Liposuction (Fat Removal), Vaser & Hi-Def Vaser Liposuction, Tummy Tuck, Brazilian Butt Lift (BBL), Facelift (Rhytidectomy), Eyelid Surgery (Blepharoplasty), Gynecomastia (Male Breast Reduction), Mommy Makeover, Thigh Lift (Thighplasty), Neck Lift (Platysmaplasty), Arm Lift  (Brachioplasty), Brow Lift, Cosmetic Ear Surgery (Otoplasty), Cosmetic Surgeries.\"\n        },\n        \"memberOf\": {\n            \"@type\": \"Organization\",\n            \"name\": [\n                \"Turkish Plastic, Reconstructive and Aesthetic Surgery Association, Turkish Aesthetic Plastic Surgery Association, Turkish Society of Reconstructive Microsurgery\"\n            ]\n        },\n        \"name\": \"Assoc. Prof. Dr. Celalettin\"\n    }\n<\/script>\n","protected":false},"excerpt":{"rendered":"<p>Doctor Celalettin este unul dintre cei mai experimenta\u021bi \u0219i talenta\u021bi medici speciali\u0219ti \u00een chirurgie plastic\u0103 din Turcia. \u0218i-a finalizat studiile medicale la Academia Medical\u0103 Militar\u0103 G\u00fclhane, Facultatea de Medicin\u0103, \u00een anul 1998, iar \u00eentre anii 2002\u20132017 a lucrat \u00een cadrul Spitalului de Training Haydarpa\u0219a, \u00een Departamentul de Chirurgie Plastic\u0103, Estetic\u0103, Reconstructiv\u0103 \u0219i \u00cengrijirea Arsurilor, unde [&hellip;]<\/p>\n","protected":false},"author":2,"featured_media":0,"parent":59660,"menu_order":0,"comment_status":"closed","ping_status":"closed","template":"","meta":{"_uag_custom_page_level_css":"","_lmt_disableupdate":"no","_lmt_disable":"","site-sidebar-layout":"default","site-content-layout":"default","ast-site-content-layout":"default","site-content-style":"default","site-sidebar-style":"default","ast-global-header-display":"","ast-banner-title-visibility":"","ast-main-header-display":"","ast-hfb-above-header-display":"","ast-hfb-below-header-display":"","ast-hfb-mobile-header-display":"","site-post-title":"","ast-breadcrumbs-content":"","ast-featured-img":"","footer-sml-layout":"","theme-transparent-header-meta":"default","adv-header-id-meta":"","stick-header-meta":"","header-above-stick-meta":"","header-main-stick-meta":"","header-below-stick-meta":"","astra-migrate-meta-layouts":"set","ast-page-background-enabled":"default","ast-page-background-meta":{"desktop":{"background-color":"","background-image":"","background-repeat":"repeat","background-position":"center center","background-size":"auto","background-attachment":"scroll","background-type":"","background-media":"","overlay-type":"","overlay-color":"","overlay-opacity":"","overlay-gradient":""},"tablet":{"background-color":"","background-image":"","background-repeat":"repeat","background-position":"center center","background-size":"auto","background-attachment":"scroll","background-type":"","background-media":"","overlay-type":"","overlay-color":"","overlay-opacity":"","overlay-gradient":""},"mobile":{"background-color":"","background-image":"","background-repeat":"repeat","background-position":"center center","background-size":"auto","background-attachment":"scroll","background-type":"","background-media":"","overlay-type":"","overlay-color":"","overlay-opacity":"","overlay-gradient":""}},"ast-content-background-meta":{"desktop":{"background-color":"var(--ast-global-color-5)","background-image":"","background-repeat":"repeat","background-position":"center center","background-size":"auto","background-attachment":"scroll","background-type":"","background-media":"","overlay-type":"","overlay-color":"","overlay-opacity":"","overlay-gradient":""},"tablet":{"background-color":"var(--ast-global-color-5)","background-image":"","background-repeat":"repeat","background-position":"center center","background-size":"auto","background-attachment":"scroll","background-type":"","background-media":"","overlay-type":"","overlay-color":"","overlay-opacity":"","overlay-gradient":""},"mobile":{"background-color":"var(--ast-global-color-5)","background-image":"","background-repeat":"repeat","background-position":"center center","background-size":"auto","background-attachment":"scroll","background-type":"","background-media":"","overlay-type":"","overlay-color":"","overlay-opacity":"","overlay-gradient":""}},"footnotes":""},"class_list":["post-59738","page","type-page","status-publish","hentry"],"yoast_head":"<!-- This site is optimized with the Yoast SEO plugin v25.3.1 - https:\/\/yoast.com\/wordpress\/plugins\/seo\/ -->\n<title>Conf. Prof. Dr. Celalettin | Medic \u00een Chirurgie Plastic\u0103 | Clinic Center<\/title>\n<meta name=\"description\" content=\"Cite\u0219te mai multe despre expertul partener Conf. Univ. Dr. Celalettin de la Clinic Center, cu o experien\u021b\u0103 de peste 22 de ani \u00een chirurgia estetic\u0103.\" \/>\n<meta name=\"robots\" content=\"index, follow, max-snippet:-1, max-image-preview:large, max-video-preview:-1\" \/>\n<link rel=\"canonical\" href=\"https:\/\/cliniccenter.co.uk\/ro\/conf-prof-dr-celalettin\/\" \/>\n<meta property=\"og:locale\" content=\"ro_RO\" \/>\n<meta property=\"og:type\" content=\"article\" \/>\n<meta property=\"og:title\" content=\"Conf. Prof. Dr. Celalettin | Medic \u00een Chirurgie Plastic\u0103 | Clinic Center\" \/>\n<meta property=\"og:description\" content=\"Cite\u0219te mai multe despre expertul partener Conf. Univ. Dr. Celalettin de la Clinic Center, cu o experien\u021b\u0103 de peste 22 de ani \u00een chirurgia estetic\u0103.\" \/>\n<meta property=\"og:url\" content=\"https:\/\/cliniccenter.co.uk\/ro\/conf-prof-dr-celalettin\/\" \/>\n<meta property=\"article:publisher\" content=\"https:\/\/www.facebook.com\/cliniccenter.co.uk\/\" \/>\n<meta property=\"article:modified_time\" content=\"2025-09-10T07:43:51+00:00\" \/>\n<meta property=\"og:image\" content=\"https:\/\/cliniccenter.co.uk\/wp-content\/uploads\/2023\/11\/celalettin-sever-517x1024-1.webp\" \/>\n<meta name=\"twitter:card\" content=\"summary_large_image\" \/>\n<meta name=\"twitter:site\" content=\"@cliniccenteruk\" \/>\n<meta name=\"twitter:label1\" content=\"Timp estimat pentru citire\" \/>\n\t<meta name=\"twitter:data1\" content=\"3 minute\" \/>\n<!-- \/ Yoast SEO plugin. -->","yoast_head_json":{"title":"Conf. Prof. Dr. Celalettin | Medic \u00een Chirurgie Plastic\u0103 | Clinic Center","description":"Cite\u0219te mai multe despre expertul partener Conf. Univ. Dr. Celalettin de la Clinic Center, cu o experien\u021b\u0103 de peste 22 de ani \u00een chirurgia estetic\u0103.","robots":{"index":"index","follow":"follow","max-snippet":"max-snippet:-1","max-image-preview":"max-image-preview:large","max-video-preview":"max-video-preview:-1"},"canonical":"https:\/\/cliniccenter.co.uk\/ro\/conf-prof-dr-celalettin\/","og_locale":"ro_RO","og_type":"article","og_title":"Conf. Prof. Dr. Celalettin | Medic \u00een Chirurgie Plastic\u0103 | Clinic Center","og_description":"Cite\u0219te mai multe despre expertul partener Conf. Univ. Dr. Celalettin de la Clinic Center, cu o experien\u021b\u0103 de peste 22 de ani \u00een chirurgia estetic\u0103.","og_url":"https:\/\/cliniccenter.co.uk\/ro\/conf-prof-dr-celalettin\/","article_publisher":"https:\/\/www.facebook.com\/cliniccenter.co.uk\/","article_modified_time":"2025-09-10T07:43:51+00:00","og_image":[{"url":"https:\/\/cliniccenter.co.uk\/wp-content\/uploads\/2023\/11\/celalettin-sever-517x1024-1.webp","type":"","width":"","height":""}],"twitter_card":"summary_large_image","twitter_site":"@cliniccenteruk","twitter_misc":{"Timp estimat pentru citire":"3 minute"},"schema":{"@context":"https:\/\/schema.org","@graph":[{"@type":"WebPage","@id":"https:\/\/cliniccenter.co.uk\/ro\/conf-prof-dr-celalettin\/","url":"https:\/\/cliniccenter.co.uk\/ro\/conf-prof-dr-celalettin\/","name":"Conf. Prof. Dr. Celalettin | Medic \u00een Chirurgie Plastic\u0103 | Clinic Center","isPartOf":{"@id":"https:\/\/cliniccenter.co.uk\/ro\/#website"},"primaryImageOfPage":{"@id":"https:\/\/cliniccenter.co.uk\/ro\/conf-prof-dr-celalettin\/#primaryimage"},"image":{"@id":"https:\/\/cliniccenter.co.uk\/ro\/conf-prof-dr-celalettin\/#primaryimage"},"thumbnailUrl":"https:\/\/cliniccenter.co.uk\/wp-content\/uploads\/2023\/11\/celalettin-sever-517x1024-1.webp","datePublished":"2021-04-20T13:29:22+00:00","dateModified":"2025-09-10T07:43:51+00:00","description":"Cite\u0219te mai multe despre expertul partener Conf. Univ. Dr. Celalettin de la Clinic Center, cu o experien\u021b\u0103 de peste 22 de ani \u00een chirurgia estetic\u0103.","breadcrumb":{"@id":"https:\/\/cliniccenter.co.uk\/ro\/conf-prof-dr-celalettin\/#breadcrumb"},"inLanguage":"ro-RO","potentialAction":[{"@type":"ReadAction","target":["https:\/\/cliniccenter.co.uk\/ro\/conf-prof-dr-celalettin\/"]}]},{"@type":"ImageObject","inLanguage":"ro-RO","@id":"https:\/\/cliniccenter.co.uk\/ro\/conf-prof-dr-celalettin\/#primaryimage","url":"https:\/\/cliniccenter.co.uk\/wp-content\/uploads\/2023\/11\/celalettin-sever-517x1024-1.webp","contentUrl":"https:\/\/cliniccenter.co.uk\/wp-content\/uploads\/2023\/11\/celalettin-sever-517x1024-1.webp"},{"@type":"BreadcrumbList","@id":"https:\/\/cliniccenter.co.uk\/ro\/conf-prof-dr-celalettin\/#breadcrumb","itemListElement":[{"@type":"ListItem","position":1,"name":"Home","item":"https:\/\/cliniccenter.co.uk\/ro\/"},{"@type":"ListItem","position":2,"name":"Cei Mai Buni Chirurgi din Turcia | Cele Mai Bune Chirurgii din Turcia","item":"https:\/\/cliniccenter.co.uk\/ro\/doctors\/"},{"@type":"ListItem","position":3,"name":"Conf. Prof. Dr. Celalettin | Medic \u00een Chirurgie Plastic\u0103 | Clinic Center"}]},{"@type":"WebSite","@id":"https:\/\/cliniccenter.co.uk\/ro\/#website","url":"https:\/\/cliniccenter.co.uk\/ro\/","name":"","description":"","potentialAction":[{"@type":"SearchAction","target":{"@type":"EntryPoint","urlTemplate":"https:\/\/cliniccenter.co.uk\/ro\/?s={search_term_string}"},"query-input":{"@type":"PropertyValueSpecification","valueRequired":true,"valueName":"search_term_string"}}],"inLanguage":"ro-RO"}]}},"uagb_featured_image_src":{"full":false,"thumbnail":false,"medium":false,"medium_large":false,"large":false,"1536x1536":false,"2048x2048":false},"uagb_author_info":{"display_name":"Sertac Ceki","author_link":"https:\/\/cliniccenter.co.uk\/ro\/blog\/author\/sertaccliniccenter-co-uk\/"},"uagb_comment_info":0,"uagb_excerpt":"Doctor Celalettin este unul dintre cei mai experimenta\u021bi \u0219i talenta\u021bi medici speciali\u0219ti \u00een chirurgie plastic\u0103 din Turcia. \u0218i-a finalizat studiile medicale la Academia Medical\u0103 Militar\u0103 G\u00fclhane, Facultatea de Medicin\u0103, \u00een anul 1998, iar \u00eentre anii 2002\u20132017 a lucrat \u00een cadrul Spitalului de Training Haydarpa\u0219a, \u00een Departamentul de Chirurgie Plastic\u0103, Estetic\u0103, Reconstructiv\u0103 \u0219i \u00cengrijirea Arsurilor, unde&hellip;","_links":{"self":[{"href":"https:\/\/cliniccenter.co.uk\/ro\/wp-json\/wp\/v2\/pages\/59738"}],"collection":[{"href":"https:\/\/cliniccenter.co.uk\/ro\/wp-json\/wp\/v2\/pages"}],"about":[{"href":"https:\/\/cliniccenter.co.uk\/ro\/wp-json\/wp\/v2\/types\/page"}],"author":[{"embeddable":true,"href":"https:\/\/cliniccenter.co.uk\/ro\/wp-json\/wp\/v2\/users\/2"}],"replies":[{"embeddable":true,"href":"https:\/\/cliniccenter.co.uk\/ro\/wp-json\/wp\/v2\/comments?post=59738"}],"version-history":[{"count":2,"href":"https:\/\/cliniccenter.co.uk\/ro\/wp-json\/wp\/v2\/pages\/59738\/revisions"}],"predecessor-version":[{"id":61120,"href":"https:\/\/cliniccenter.co.uk\/ro\/wp-json\/wp\/v2\/pages\/59738\/revisions\/61120"}],"up":[{"embeddable":true,"href":"https:\/\/cliniccenter.co.uk\/ro\/wp-json\/wp\/v2\/pages\/59660"}],"wp:attachment":[{"href":"https:\/\/cliniccenter.co.uk\/ro\/wp-json\/wp\/v2\/media?parent=59738"}],"curies":[{"name":"wp","href":"https:\/\/api.w.org\/{rel}","templated":true}]}}