{"id":59742,"date":"2019-09-12T15:32:49","date_gmt":"2019-09-12T15:32:49","guid":{"rendered":"https:\/\/cliniccenter.co.uk\/doctors\/dr-hakan\/"},"modified":"2025-09-10T07:47:04","modified_gmt":"2025-09-10T07:47:04","slug":"dr-hakan","status":"publish","type":"page","link":"https:\/\/cliniccenter.co.uk\/ro\/dr-hakan\/","title":{"rendered":"Dr. Hakan | Medic \u00een Chirurgie Plastic\u0103 | Clinic Center"},"content":{"rendered":"\n<div class=\"wp-block-columns is-layout-flex wp-container-core-columns-is-layout-3 wp-block-columns-is-layout-flex\">\n<div class=\"wp-block-column is-layout-flow wp-block-column-is-layout-flow\" style=\"flex-basis:33.33%\">\n<figure class=\"wp-block-image alignleft size-large \"><img decoding=\"async\" src=\"https:\/\/cliniccenter.co.uk\/wp-content\/uploads\/2023\/11\/hakan-gundogan-517x1024-1.webp\" alt=\"\" class=\"wp-image-22594 skip-lazy\"\/><\/figure>\n<\/div>\n\n\n\n<div class=\"wp-block-column is-layout-flow wp-block-column-is-layout-flow\" style=\"flex-basis:66.66%\">\n<div class=\"wp-block-columns is-layout-flex wp-container-core-columns-is-layout-1 wp-block-columns-is-layout-flex\">\n<div class=\"wp-block-column leftpadbox is-layout-flow wp-block-column-is-layout-flow\">\n<p>Doctor Hakan a absolvit Facultatea de Medicin\u0103 a Universit\u0103\u021bii Ege \u00een anul 1994. La Examenul Na\u021bional de Reziden\u021biat (TUS), Doctor Hakan a reu\u0219it s\u0103 se claseze printre primii 10 medici \u0219i a \u00eenceput ca asistent de cercetare \u00een cadrul Clinicii de Chirurgie Plastic\u0103 Estetic\u0103 \u0219i Reconstructiv\u0103 a Facult\u0103\u021bii de Medicin\u0103 a Universit\u0103\u021bii Ege, una dintre cele mai prestigioase clinici din Turcia.<\/p>\n\n\n\n<p>\u00cen anul 2000, Doctor Hakan a fost acceptat \u00eentr-un program de burs\u0103 postdoctoral\u0103, unde sunt admi\u0219i doar medici speciali\u0219ti. A fost acceptat la Baylor College of Medicine (Houston, Texas, SUA), una dintre cele mai prestigioase facult\u0103\u021bi de medicin\u0103 din lume, \u0219i \u0219i-a finalizat ultimul an ca asistent \u00een Departamentul de Chirurgie Plastic\u0103 Estetic\u0103 \u0219i Reconstructiv\u0103.<\/p>\n\n\n\n<p>\u00cen timp ce \u00ee\u0219i cre\u0219tea experien\u021ba \u00een Chirurgia Estetic\u0103 \u00een Statele Unite ale Americii, a continuat studiile \u0219tiin\u021bifice \u00een domeniul Microchirurgiei Experimentale. Studiul experimental al doctorului Hakan \u201eTerapia Genic\u0103 \u00een Grefele Venoase Microvasculare\u201d, dezvoltat \u00een cadrul Proiectului Genomului Uman (Baylor College of Medicine, Houston, TX, SUA), a fost acceptat ca tez\u0103 de asisten\u021b\u0103 \u00een anul 2001 \u0219i este considerat primul studiu publicat \u00een acest domeniu \u00een \u021bara noastr\u0103.<\/p>\n\n\n\n<p>\u00cen anul 2002, Dr. Hakan a fost invitat s\u0103 participe la un program de burs\u0103 \u00een Chirurgie Cranio-Maxilo-Facial\u0103 la Universitatea Chang Gung din Taiwan, care g\u0103zduie\u0219te cea mai mare clinic\u0103 de chirurgie plastic\u0103 din lume, unde doar un chirurg plastician str\u0103in este acceptat \u00een fiecare an. Aici, a realizat opera\u021bii tehnice avansate timp de un an \u00een domeniul chirurgiei fe\u021bei \u0219i maxilarului, \u00een special \u00een augmentarea mamar\u0103 endoscopic\u0103 \u0219i rejuvenarea facial\u0103.<\/p>\n\n\n\n<p>Dup\u0103 ce a finalizat cu succes formarea \u00een Chirurgie Cranio-Maxilo-Facial\u0103 la Spitalul Universit\u0103\u021bii Chang Gung din Taiwan la sf\u00e2r\u0219itul anului 2003, Dr. Hakan s-a \u00eentors \u00een Turcia \u0219i a \u00eenceput un program de burs\u0103 \u00een Chirurgie Estetic\u0103 sub \u00eendrumarea profesorului Onur Erol.<\/p>\n\n\n\n<p>Domnul Dr. Hakan a devenit primul chirurg plastician care a reu\u0219it s\u0103 finalizeze cu succes examenele scrise \u0219i orale ale Societ\u0103\u021bii Turce de Chirurgie Plastic\u0103 Estetic\u0103 \u0219i Reconstructiv\u0103.<\/p>\n\n\n\n<p>Pe parcursul carierei sale, a participat la aproape 100 de congrese \u0219tiin\u021bifice na\u021bionale \u0219i interna\u021bionale \u0219i a fost invitat s\u0103-\u0219i \u00eemp\u0103rt\u0103\u0219easc\u0103 experien\u021bele \u00een multe dintre aceste \u00eent\u00e2lniri, iar \u00een prezent este invitat constant ca lector \u0219i speaker la diverse \u00eent\u00e2lniri \u0219tiin\u021bifice interne \u0219i interna\u021bionale.<\/p>\n\n\n\n<p>Cu ani de experien\u021b\u0103 \u0219i numeroase succese academice at\u00e2t \u00een Turcia, c\u00e2t \u0219i \u00een str\u0103in\u0103tate, pacien\u021bii sunt extrem de mul\u021bumi\u021bi de abilit\u0103\u021bile sale excelente de comunicare \u0219i de rezultatele remarcabile ale opera\u021biilor sale.<\/p>\n<\/div>\n<\/div>\n\n\n\n<h3 class=\"wp-block-heading\">Certificate<\/h3>\n\n\n\n<figure class=\"wp-block-gallery has-nested-images columns-default is-cropped wp-block-gallery-1 is-layout-flex wp-block-gallery-is-layout-flex\">\n<figure class=\"wp-block-image size-large\"><img decoding=\"async\" width=\"300\" height=\"216\" src=\"https:\/\/cliniccenter.co.uk\/wp-content\/uploads\/2021\/09\/hakan-gundogan-certificate-1-2.jpeg\" alt=\"\" class=\"wp-image-16572\"\/><\/figure>\n\n\n\n<figure class=\"wp-block-image size-large\"><img decoding=\"async\" width=\"300\" height=\"216\" src=\"https:\/\/cliniccenter.co.uk\/wp-content\/uploads\/2021\/09\/hakan-gundogan-certificate-2-1.jpeg\" alt=\"\" class=\"wp-image-16578\"\/><\/figure>\n<\/figure>\n\n\n\n<div class=\"wp-block-columns is-layout-flex wp-container-core-columns-is-layout-2 wp-block-columns-is-layout-flex\">\n<div class=\"wp-block-column leftpadbox is-layout-flow wp-block-column-is-layout-flow\">\n<p><strong>Experien\u021b\u0103:<\/strong> 25 de ani<br><span id=\"docs-internal-guid-a10687cf-7fff-8960-f921-af86324b529e\"><span style=\"font-size: 11.5pt; font-family: Roboto, sans-serif; background-color: transparent; font-weight: 700; font-variant-numeric: normal; font-variant-east-asian: normal; font-variant-alternates: normal; font-variant-position: normal; font-variant-emoji: normal; vertical-align: baseline;\">P<\/span><\/span><strong>acien\u021bi interna\u021bionali trata\u021bi:<\/strong> Regatul Unit, Irlanda, Australia, Statele Unite ale Americii, Emiratele Arabe Unite, Arabia Saudit\u0103, Kuweit, \u021a\u0103rile Uniunii Europene<br><strong>Domenii de specializare:<\/strong> <a href=\"https:\/\/cliniccenter.co.uk\/ro\/implanturi-mamare-in-turcia\/\">Augmentare mamar\u0103 (implanturi mamare, m\u0103rirea s\u00e2nilor)<\/a>, <a href=\"https:\/\/cliniccenter.co.uk\/ro\/lifting-mamar-in-turcia\/\">lifting mamar<\/a>, <a href=\"#\">reduc\u021bie mamar\u0103<\/a>, <a href=\"https:\/\/cliniccenter.co.uk\/ro\/rinoplastie-in-turcia\/\">rinoplastie (opera\u021bie estetic\u0103 a nasului)<\/a>, <a href=\"#\">\u00a0septorinoplastie<\/a>, <a href=\"https:\/\/cliniccenter.co.uk\/ro\/liposuctie-in-turcia\/\">liposuc\u021bie (\u00eendep\u0103rtarea gr\u0103simii)<\/a>, <a href=\"https:\/\/cliniccenter.co.uk\/ro\/liposuctie-in-turcia\/\">liposuc\u021bie Vaser &amp; Hi-Def Vaser<\/a>, <a href=\"#\">abdominoplastie<\/a>, <a href=\"#\">liftingul brazilian de feselor (BBL)<\/a>, <a href=\"#\">lifting facial (ritidectomie)<\/a>, <a href=\"#\">blefaroplastie (chirurgia pleoapelor)<\/a>, <a href=\"https:\/\/cliniccenter.co.uk\/gynecomastia-in-turkey\/\">g<\/a><a href=\"#\">inecomastie (reduc\u021bia s\u00e2nilor la b\u0103rba\u021bi)<\/a>, <a href=\"#\">Mommy Makeover<\/a>, <a href=\"#\">lifting cervical (platismoplastie)<\/a>, <a href=\"#\">lifting brahial (brahioplastie)<\/a>, <a href=\"#\">lifting al spr\u00e2ncenelor<\/a>, <a href=\"#\">otoplastie (chirurgie estetic\u0103 a urechilor)<\/a>, <a href=\"#\">Cosmetic Surgeries<\/a>.<br><strong>Apartenen\u021b\u0103 profesional\u0103:<\/strong> Asocia\u021bia Medical\u0103 Turc\u0103, Asocia\u021bia Turc\u0103 de Chirurgie Plastic\u0103 Reconstructiv\u0103 \u0219i Estetic\u0103, Chang Gung Craniofacial Surgery Club, Asocia\u021bia de Chirurgie Plastic\u0103 Estetic\u0103<br><strong>Ora\u0219:<\/strong> Istanbul, Turcia<br><strong>Zile de lucru:<\/strong> Zilele lucr\u0103toare \u0219i s\u00e2mb\u0103ta<br><strong>Limbi vorbite:<\/strong> Englez\u0103<br><strong>Contact<\/strong>:\u00a0+44 20 3575 1039 &amp; info@cliniccenter.co.uk<br><strong><a href=\"https:\/\/cliniccenter.co.uk\/ro\/chirurgie-estetica\/\">Chirurgi plasticieni<\/a><\/strong><\/p>\n<\/div>\n<\/div>\n<\/div>\n<\/div>\n\n\n\n<script type=\"application\/ld+json\">\n    {\n        \"@context\": \"http:\\\/\\\/schema.org\",\n        \"@type\": \"Physician\",\n        \"@id\": \"https:\/\/cliniccenter.co.uk\/dr-hakan\/\",\n        \"areaServed\": {\n            \"@type\": \"Place\",\n            \"name\": \"Istanbul, Turkey\"\n        },\n        \"alumniOf\": {\n            \"@type\": \"OrganizationRole\",\n            \"alumniOf\": {\n                \"@type\": \"CollegeOrUniversity\",\n                \"name\": \"Ege University\"\n            }\n        },\n        \"employee\": {\n            \"@type\": \"Person\",\n            \"@id\": \"https:\/\/cliniccenter.co.uk\/dr-hakan\",\n            \"description\": \"Doctor Hakan graduated from the Ege University Faculty of Medicine with a degree in 1994. In Medical Specialist Exam (TUS), Dr. Hakan succeeded in becoming one of the top 10 doctors and started as a research assistant in the Aesthetic Plastic and Reconstructive Surgery Clinic of Ege University Faculty of Medicine, which is one of the most prestigious clinics in Turkey.In 2000, Doctor Hakan was admitted to the Post-Doctoral Fellowship position on a scholarship where only specialist doctors were accepted. He was admitted to the Baylor College of Medicine (Houston, Texas, USA), one of the most prestigious medical faculties in the world and completed his last year as an assistant in Aesthetic Plastic & Reconstructive Surgery Department.While increasing his Aesthetic Surgery experience in the United States, he continued his scientific studies in the field of Experimental Microsurgery. MD, Hakan experimental study \u201cGene Therapy in Microvascular Vein Grafts\u201d, developed within the scope of Human Genome Project (Baylor College of Medicine, Houston, TX, USA), was accepted as an assistant thesis in 2001 and is considered as the first study published in this field in our country.In 2002, Dr. Hakan Gundogan has been invited to the Craniomaxillofacial Surgery Fellowship position in Taiwan Chang Gung University, which hosts the world\u2019s largest Plastic Surgery Clinic, where only one foreign plastic surgeon is admitted each year and has performed advanced technical operations in the field of face and jaw surgery for a year especially in endoscopic breast augmentation and facial rejuvenation.After successfully completing the Craniomaxillofacial Surgery training at Taiwan Chang Gung University Hospital at the end of 2003, Dr. Hakan returned to Turkey and started Aesthetic Surgery Fellowship with Onur Erol.Doctor Hakan became the first plastic surgeon to successfully complete the written and oral examinations of the Turkish Society of Aesthetic Plastic and Reconstructive Surgery.Throughout his career, he has participated in nearly 100 national and international scientific congresses and has been invited to share his experiences in many of these meetings and he is still invited as a lecturer and speaker to various domestic and international meetings.With years of experience and many academical successes both in Turkey and abroad, patients are very pleased with his great communication skills and his remarkable surgery results.\",\n            \"hasOccupation\": {\n                \"@type\": \"Occupation\",\n                \"name\": \"Plastic Surgeon\"\n            },\n            \"knowsLanguage\": {\n                \"@type\": \"Language\",\n                \"name\": \"English\",\n                \"alternateName\": \"en\"\n            },\n            \"honorificSuffix\": \"Dr.\"\n        },\n        \"hospitalAffiliation\": {\n            \"image\": {\n                \"@type\": \"ImageObject\",\n                \"@id\": \"https:\/\/cliniccenter.co.uk\/wp-content\/uploads\/2021\/12\/hakan-gundogan.jpg\"\n            }\n        },\n        \"isAcceptingNewPatients\": \"https:\\\/\\\/schema.org\\\/True\",\n        \"isAccessibleForFree\": \"https:\\\/\\\/schema.org\\\/False\",\n        \"medicalSpecialty\": {\n            \"@type\": \"MedicalSpecialty\",\n            \"name\": \"Breast Augmentation (Breast Implants, Breast Enlargement), Breast Lift, Breast Reduction, Rhinoplasty (Nose Job), Septorhinoplasty, Liposuction (Fat Removal), Vaser & Hi-Def Vaser Liposuction, Tummy Tuck, Brazilian Butt Lift (BBL), Facelift (Rhytidectomy), Eyelid Surgery (Blepharoplasty), Gynecomastia (Male Breast Reduction), Mommy Makeover, Thigh Lift (Thighplasty), Neck Lift (Platysmaplasty), Arm Lift  (Brachioplasty), Brow Lift, Cosmetic Ear Surgery (Otoplasty), Cosmetic Surgeries.\"\n        },\n\n        \"memberOf\":\n        {\n            \"@type\":\"Organization\",\n            \"name\":\n            [\n                \"Turkish Medical Association, Turkish Association of Plastic Reconstructive and Aesthetic Surgery, Chang Gung Craniofacial Surgery Club, Aesthetic Plastic Surgery Association\"\n            ]\n        },\n        \"name\": \"Dr. Hakan\"\n    }\n<\/script>\n","protected":false},"excerpt":{"rendered":"<p>Doctor Hakan a absolvit Facultatea de Medicin\u0103 a Universit\u0103\u021bii Ege \u00een anul 1994. La Examenul Na\u021bional de Reziden\u021biat (TUS), Doctor Hakan a reu\u0219it s\u0103 se claseze printre primii 10 medici \u0219i a \u00eenceput ca asistent de cercetare \u00een cadrul Clinicii de Chirurgie Plastic\u0103 Estetic\u0103 \u0219i Reconstructiv\u0103 a Facult\u0103\u021bii de Medicin\u0103 a Universit\u0103\u021bii Ege, una dintre [&hellip;]<\/p>\n","protected":false},"author":2,"featured_media":0,"parent":59660,"menu_order":0,"comment_status":"closed","ping_status":"closed","template":"","meta":{"_uag_custom_page_level_css":"","_lmt_disableupdate":"no","_lmt_disable":"","site-sidebar-layout":"default","site-content-layout":"default","ast-site-content-layout":"default","site-content-style":"default","site-sidebar-style":"default","ast-global-header-display":"","ast-banner-title-visibility":"","ast-main-header-display":"","ast-hfb-above-header-display":"","ast-hfb-below-header-display":"","ast-hfb-mobile-header-display":"","site-post-title":"","ast-breadcrumbs-content":"","ast-featured-img":"","footer-sml-layout":"","theme-transparent-header-meta":"default","adv-header-id-meta":"","stick-header-meta":"","header-above-stick-meta":"","header-main-stick-meta":"","header-below-stick-meta":"","astra-migrate-meta-layouts":"set","ast-page-background-enabled":"default","ast-page-background-meta":{"desktop":{"background-color":"","background-image":"","background-repeat":"repeat","background-position":"center center","background-size":"auto","background-attachment":"scroll","background-type":"","background-media":"","overlay-type":"","overlay-color":"","overlay-opacity":"","overlay-gradient":""},"tablet":{"background-color":"","background-image":"","background-repeat":"repeat","background-position":"center center","background-size":"auto","background-attachment":"scroll","background-type":"","background-media":"","overlay-type":"","overlay-color":"","overlay-opacity":"","overlay-gradient":""},"mobile":{"background-color":"","background-image":"","background-repeat":"repeat","background-position":"center center","background-size":"auto","background-attachment":"scroll","background-type":"","background-media":"","overlay-type":"","overlay-color":"","overlay-opacity":"","overlay-gradient":""}},"ast-content-background-meta":{"desktop":{"background-color":"var(--ast-global-color-5)","background-image":"","background-repeat":"repeat","background-position":"center center","background-size":"auto","background-attachment":"scroll","background-type":"","background-media":"","overlay-type":"","overlay-color":"","overlay-opacity":"","overlay-gradient":""},"tablet":{"background-color":"var(--ast-global-color-5)","background-image":"","background-repeat":"repeat","background-position":"center center","background-size":"auto","background-attachment":"scroll","background-type":"","background-media":"","overlay-type":"","overlay-color":"","overlay-opacity":"","overlay-gradient":""},"mobile":{"background-color":"var(--ast-global-color-5)","background-image":"","background-repeat":"repeat","background-position":"center center","background-size":"auto","background-attachment":"scroll","background-type":"","background-media":"","overlay-type":"","overlay-color":"","overlay-opacity":"","overlay-gradient":""}},"footnotes":""},"class_list":["post-59742","page","type-page","status-publish","hentry"],"yoast_head":"<!-- This site is optimized with the Yoast SEO plugin v25.3.1 - https:\/\/yoast.com\/wordpress\/plugins\/seo\/ -->\n<title>Dr. Hakan | Medic \u00een Chirurgie Plastic\u0103 | Clinic Center<\/title>\n<meta name=\"description\" content=\"Cite\u0219te mai multe despre Dr. Hakan de la Clinic Center, cu o experien\u021b\u0103 de 25 de ani \u00een chirurgia estetic\u0103 \u0219i plastic\u0103.\" \/>\n<meta name=\"robots\" content=\"index, follow, max-snippet:-1, max-image-preview:large, max-video-preview:-1\" \/>\n<link rel=\"canonical\" href=\"https:\/\/cliniccenter.co.uk\/ro\/dr-hakan\/\" \/>\n<meta property=\"og:locale\" content=\"ro_RO\" \/>\n<meta property=\"og:type\" content=\"article\" \/>\n<meta property=\"og:title\" content=\"Dr. Hakan | Medic \u00een Chirurgie Plastic\u0103 | Clinic Center\" \/>\n<meta property=\"og:description\" content=\"Cite\u0219te mai multe despre Dr. Hakan de la Clinic Center, cu o experien\u021b\u0103 de 25 de ani \u00een chirurgia estetic\u0103 \u0219i plastic\u0103.\" \/>\n<meta property=\"og:url\" content=\"https:\/\/cliniccenter.co.uk\/ro\/dr-hakan\/\" \/>\n<meta property=\"article:publisher\" content=\"https:\/\/www.facebook.com\/cliniccenter.co.uk\/\" \/>\n<meta property=\"article:modified_time\" content=\"2025-09-10T07:47:04+00:00\" \/>\n<meta property=\"og:image\" content=\"https:\/\/cliniccenter.co.uk\/wp-content\/uploads\/2023\/11\/hakan-gundogan-517x1024-1.webp\" \/>\n<meta name=\"twitter:card\" content=\"summary_large_image\" \/>\n<meta name=\"twitter:site\" content=\"@cliniccenteruk\" \/>\n<meta name=\"twitter:label1\" content=\"Timp estimat pentru citire\" \/>\n\t<meta name=\"twitter:data1\" content=\"3 minute\" \/>\n<!-- \/ Yoast SEO plugin. -->","yoast_head_json":{"title":"Dr. Hakan | Medic \u00een Chirurgie Plastic\u0103 | Clinic Center","description":"Cite\u0219te mai multe despre Dr. Hakan de la Clinic Center, cu o experien\u021b\u0103 de 25 de ani \u00een chirurgia estetic\u0103 \u0219i plastic\u0103.","robots":{"index":"index","follow":"follow","max-snippet":"max-snippet:-1","max-image-preview":"max-image-preview:large","max-video-preview":"max-video-preview:-1"},"canonical":"https:\/\/cliniccenter.co.uk\/ro\/dr-hakan\/","og_locale":"ro_RO","og_type":"article","og_title":"Dr. Hakan | Medic \u00een Chirurgie Plastic\u0103 | Clinic Center","og_description":"Cite\u0219te mai multe despre Dr. Hakan de la Clinic Center, cu o experien\u021b\u0103 de 25 de ani \u00een chirurgia estetic\u0103 \u0219i plastic\u0103.","og_url":"https:\/\/cliniccenter.co.uk\/ro\/dr-hakan\/","article_publisher":"https:\/\/www.facebook.com\/cliniccenter.co.uk\/","article_modified_time":"2025-09-10T07:47:04+00:00","og_image":[{"url":"https:\/\/cliniccenter.co.uk\/wp-content\/uploads\/2023\/11\/hakan-gundogan-517x1024-1.webp","type":"","width":"","height":""}],"twitter_card":"summary_large_image","twitter_site":"@cliniccenteruk","twitter_misc":{"Timp estimat pentru citire":"3 minute"},"schema":{"@context":"https:\/\/schema.org","@graph":[{"@type":"WebPage","@id":"https:\/\/cliniccenter.co.uk\/ro\/dr-hakan\/","url":"https:\/\/cliniccenter.co.uk\/ro\/dr-hakan\/","name":"Dr. Hakan | Medic \u00een Chirurgie Plastic\u0103 | Clinic Center","isPartOf":{"@id":"https:\/\/cliniccenter.co.uk\/ro\/#website"},"primaryImageOfPage":{"@id":"https:\/\/cliniccenter.co.uk\/ro\/dr-hakan\/#primaryimage"},"image":{"@id":"https:\/\/cliniccenter.co.uk\/ro\/dr-hakan\/#primaryimage"},"thumbnailUrl":"https:\/\/cliniccenter.co.uk\/wp-content\/uploads\/2023\/11\/hakan-gundogan-517x1024-1.webp","datePublished":"2019-09-12T15:32:49+00:00","dateModified":"2025-09-10T07:47:04+00:00","description":"Cite\u0219te mai multe despre Dr. Hakan de la Clinic Center, cu o experien\u021b\u0103 de 25 de ani \u00een chirurgia estetic\u0103 \u0219i plastic\u0103.","breadcrumb":{"@id":"https:\/\/cliniccenter.co.uk\/ro\/dr-hakan\/#breadcrumb"},"inLanguage":"ro-RO","potentialAction":[{"@type":"ReadAction","target":["https:\/\/cliniccenter.co.uk\/ro\/dr-hakan\/"]}]},{"@type":"ImageObject","inLanguage":"ro-RO","@id":"https:\/\/cliniccenter.co.uk\/ro\/dr-hakan\/#primaryimage","url":"https:\/\/cliniccenter.co.uk\/wp-content\/uploads\/2023\/11\/hakan-gundogan-517x1024-1.webp","contentUrl":"https:\/\/cliniccenter.co.uk\/wp-content\/uploads\/2023\/11\/hakan-gundogan-517x1024-1.webp"},{"@type":"BreadcrumbList","@id":"https:\/\/cliniccenter.co.uk\/ro\/dr-hakan\/#breadcrumb","itemListElement":[{"@type":"ListItem","position":1,"name":"Home","item":"https:\/\/cliniccenter.co.uk\/ro\/"},{"@type":"ListItem","position":2,"name":"Cei Mai Buni Chirurgi din Turcia | Cele Mai Bune Chirurgii din Turcia","item":"https:\/\/cliniccenter.co.uk\/ro\/doctors\/"},{"@type":"ListItem","position":3,"name":"Dr. Hakan | Medic \u00een Chirurgie Plastic\u0103 | Clinic Center"}]},{"@type":"WebSite","@id":"https:\/\/cliniccenter.co.uk\/ro\/#website","url":"https:\/\/cliniccenter.co.uk\/ro\/","name":"","description":"","potentialAction":[{"@type":"SearchAction","target":{"@type":"EntryPoint","urlTemplate":"https:\/\/cliniccenter.co.uk\/ro\/?s={search_term_string}"},"query-input":{"@type":"PropertyValueSpecification","valueRequired":true,"valueName":"search_term_string"}}],"inLanguage":"ro-RO"}]}},"uagb_featured_image_src":{"full":false,"thumbnail":false,"medium":false,"medium_large":false,"large":false,"1536x1536":false,"2048x2048":false},"uagb_author_info":{"display_name":"Sertac Ceki","author_link":"https:\/\/cliniccenter.co.uk\/ro\/blog\/author\/sertaccliniccenter-co-uk\/"},"uagb_comment_info":0,"uagb_excerpt":"Doctor Hakan a absolvit Facultatea de Medicin\u0103 a Universit\u0103\u021bii Ege \u00een anul 1994. La Examenul Na\u021bional de Reziden\u021biat (TUS), Doctor Hakan a reu\u0219it s\u0103 se claseze printre primii 10 medici \u0219i a \u00eenceput ca asistent de cercetare \u00een cadrul Clinicii de Chirurgie Plastic\u0103 Estetic\u0103 \u0219i Reconstructiv\u0103 a Facult\u0103\u021bii de Medicin\u0103 a Universit\u0103\u021bii Ege, una dintre&hellip;","_links":{"self":[{"href":"https:\/\/cliniccenter.co.uk\/ro\/wp-json\/wp\/v2\/pages\/59742"}],"collection":[{"href":"https:\/\/cliniccenter.co.uk\/ro\/wp-json\/wp\/v2\/pages"}],"about":[{"href":"https:\/\/cliniccenter.co.uk\/ro\/wp-json\/wp\/v2\/types\/page"}],"author":[{"embeddable":true,"href":"https:\/\/cliniccenter.co.uk\/ro\/wp-json\/wp\/v2\/users\/2"}],"replies":[{"embeddable":true,"href":"https:\/\/cliniccenter.co.uk\/ro\/wp-json\/wp\/v2\/comments?post=59742"}],"version-history":[{"count":2,"href":"https:\/\/cliniccenter.co.uk\/ro\/wp-json\/wp\/v2\/pages\/59742\/revisions"}],"predecessor-version":[{"id":61121,"href":"https:\/\/cliniccenter.co.uk\/ro\/wp-json\/wp\/v2\/pages\/59742\/revisions\/61121"}],"up":[{"embeddable":true,"href":"https:\/\/cliniccenter.co.uk\/ro\/wp-json\/wp\/v2\/pages\/59660"}],"wp:attachment":[{"href":"https:\/\/cliniccenter.co.uk\/ro\/wp-json\/wp\/v2\/media?parent=59742"}],"curies":[{"name":"wp","href":"https:\/\/api.w.org\/{rel}","templated":true}]}}